{"id":30911,"date":"2025-10-25T00:03:47","date_gmt":"2025-10-25T00:03:47","guid":{"rendered":"https:\/\/technofluid.it\/prodotto\/pulsante-ottone-cromato-15x25-mm-codice-14-918-03-osculati\/"},"modified":"2026-04-15T12:21:51","modified_gmt":"2026-04-15T11:21:51","slug":"pulsante-ottone-cromato-15x25-mm-codice-14-918-03-osculati","status":"publish","type":"product","link":"https:\/\/technofluid.it\/nl\/product\/knop-van-verchroomd-messing-15x25-mm-code-14-918-03-osculati\/","title":{"rendered":"Verchroomde messing knop 15\u00d725 mm \u2013 code: 14.918.03 \u2013 Osculati"},"content":{"rendered":"<p>Verchroomde messing knop 15\u00d725 mm \u2013 code: 14.918.03 \u2013 Osculati<\/p>","protected":false},"excerpt":{"rendered":"<p class=\"MsoNormal\"><b>ME:<\/b>\u00a0ST<\/p>\n<p class=\"MsoNormal\"><b>Hoogte:<\/b>\u00a03 cm<\/p>\n<p class=\"MsoNormal\"><b>Gewicht:<\/b>\u00a00,08 kg<\/p>\n<p class=\"MsoNormal\"><b>Breedte:<\/b>\u00a08 cm<\/p>\n<p class=\"MsoNormal\"><b>Volume:<\/b>\u00a072 cm\u00b3<\/p>\n<p class=\"MsoNormal\"><b>Lengte:<\/b>\u00a03 cm<\/p>","protected":false},"featured_media":41135,"comment_status":"open","ping_status":"closed","template":"","meta":{"_acf_changed":false,"_monsterinsights_skip_tracking":false,"_monsterinsights_sitenote_active":false,"_monsterinsights_sitenote_note":"","_monsterinsights_sitenote_category":0,"site-sidebar-layout":"default","site-content-layout":"","ast-site-content-layout":"default","site-content-style":"default","site-sidebar-style":"default","ast-global-header-display":"","ast-banner-title-visibility":"","ast-main-header-display":"","ast-hfb-above-header-display":"","ast-hfb-below-header-display":"","ast-hfb-mobile-header-display":"","site-post-title":"","ast-breadcrumbs-content":"","ast-featured-img":"","footer-sml-layout":"","ast-disable-related-posts":"","theme-transparent-header-meta":"","adv-header-id-meta":"","stick-header-meta":"","header-above-stick-meta":"","header-main-stick-meta":"","header-below-stick-meta":"","astra-migrate-meta-layouts":"default","ast-page-background-enabled":"default","ast-page-background-meta":{"desktop":{"background-color":"var(--ast-global-color-5)","background-image":"","background-repeat":"repeat","background-position":"center center","background-size":"auto","background-attachment":"scroll","background-type":"","background-media":"","overlay-type":"","overlay-color":"","overlay-opacity":"","overlay-gradient":""},"tablet":{"background-color":"","background-image":"","background-repeat":"repeat","background-position":"center center","background-size":"auto","background-attachment":"scroll","background-type":"","background-media":"","overlay-type":"","overlay-color":"","overlay-opacity":"","overlay-gradient":""},"mobile":{"background-color":"","background-image":"","background-repeat":"repeat","background-position":"center center","background-size":"auto","background-attachment":"scroll","background-type":"","background-media":"","overlay-type":"","overlay-color":"","overlay-opacity":"","overlay-gradient":""}},"ast-content-background-meta":{"desktop":{"background-color":"var(--ast-global-color-4)","background-image":"","background-repeat":"repeat","background-position":"center center","background-size":"auto","background-attachment":"scroll","background-type":"","background-media":"","overlay-type":"","overlay-color":"","overlay-opacity":"","overlay-gradient":""},"tablet":{"background-color":"var(--ast-global-color-4)","background-image":"","background-repeat":"repeat","background-position":"center center","background-size":"auto","background-attachment":"scroll","background-type":"","background-media":"","overlay-type":"","overlay-color":"","overlay-opacity":"","overlay-gradient":""},"mobile":{"background-color":"var(--ast-global-color-4)","background-image":"","background-repeat":"repeat","background-position":"center center","background-size":"auto","background-attachment":"scroll","background-type":"","background-media":"","overlay-type":"","overlay-color":"","overlay-opacity":"","overlay-gradient":""}}},"product_brand":[],"product_cat":[74,106],"product_tag":[7181,7182,3553,3053,3463,7179,7183],"class_list":{"0":"post-30911","1":"product","2":"type-product","3":"status-publish","4":"has-post-thumbnail","6":"product_cat-elettricita-strumentazione","7":"product_cat-spine-e-prese","8":"product_tag-14-918-03","9":"product_tag-15x25mm","10":"product_tag-cromato","11":"product_tag-osculati","12":"product_tag-ottone","13":"product_tag-pulsante","14":"product_tag-pulsante-ottone-cromato-15x25-mm","15":"pa_supplier-osculati-s-r-l","16":"desktop-align-left","17":"tablet-align-left","18":"mobile-align-left","20":"first","21":"instock","22":"taxable","23":"shipping-taxable","24":"purchasable","25":"product-type-simple"},"acf":[],"yoast_head":"<!-- This site is optimized with the Yoast SEO Premium plugin v26.7 (Yoast SEO v26.9) - https:\/\/yoast.com\/product\/yoast-seo-premium-wordpress\/ -->\n<title>Pulsante Ottone Cromato 15x25 mm | Qualit\u00e0 Osculati<\/title>\n<meta name=\"description\" content=\"Scopri il pulsante ottone cromato 15x25 mm con contatti argentati. Affidabilit\u00e0 e qualit\u00e0 garantite. Acquista ora da Osculati!\" \/>\n<meta name=\"robots\" content=\"index, follow, max-snippet:-1, max-image-preview:large, max-video-preview:-1\" \/>\n<link rel=\"canonical\" href=\"https:\/\/technofluid.it\/nl\/product\/knop-van-verchroomd-messing-15x25-mm-code-14-918-03-osculati\/\" \/>\n<meta property=\"og:locale\" content=\"nl_NL\" \/>\n<meta property=\"og:type\" content=\"article\" \/>\n<meta property=\"og:title\" content=\"Pulsante ottone cromato 15x25 mm - codice: 14.918.03 - Osculati\" \/>\n<meta property=\"og:description\" content=\"Scopri il pulsante ottone cromato 15x25 mm con contatti argentati. Affidabilit\u00e0 e qualit\u00e0 garantite. Acquista ora da Osculati!\" \/>\n<meta property=\"og:url\" content=\"https:\/\/technofluid.it\/nl\/product\/knop-van-verchroomd-messing-15x25-mm-code-14-918-03-osculati\/\" \/>\n<meta property=\"og:site_name\" content=\"Technofluid\" \/>\n<meta property=\"article:modified_time\" content=\"2026-04-15T11:21:51+00:00\" \/>\n<meta property=\"og:image\" content=\"https:\/\/technofluid.it\/wp-content\/uploads\/2026\/01\/2157-Pulsante-ottone-cromato-15x25-mm-codice-14.918.03-Osculati.jpg\" \/>\n\t<meta property=\"og:image:width\" content=\"300\" \/>\n\t<meta property=\"og:image:height\" content=\"300\" \/>\n\t<meta property=\"og:image:type\" content=\"image\/jpeg\" \/>\n<meta name=\"twitter:card\" content=\"summary_large_image\" \/>\n<meta name=\"twitter:label1\" content=\"Prijs\" \/>\n\t<meta name=\"twitter:data1\" content=\"9,34&nbsp;&euro; Iva esclusa\" \/>\n\t<meta name=\"twitter:label2\" content=\"Beschikbaarheid\" \/>\n\t<meta name=\"twitter:data2\" content=\"Op voorraad\" \/>\n<script type=\"application\/ld+json\" class=\"yoast-schema-graph\">{\"@context\":\"https:\/\/schema.org\",\"@graph\":[{\"@type\":\"WebPage\",\"@id\":\"https:\/\/technofluid.it\/prodotto\/pulsante-ottone-cromato-15x25-mm-codice-14-918-03-osculati\/\",\"url\":\"https:\/\/technofluid.it\/prodotto\/pulsante-ottone-cromato-15x25-mm-codice-14-918-03-osculati\/\",\"name\":\"Pulsante Ottone Cromato 15x25 mm | Qualit\u00e0 Osculati\",\"isPartOf\":{\"@id\":\"https:\/\/technofluid.it\/#website\"},\"primaryImageOfPage\":{\"@id\":\"https:\/\/technofluid.it\/prodotto\/pulsante-ottone-cromato-15x25-mm-codice-14-918-03-osculati\/#primaryimage\"},\"image\":{\"@id\":\"https:\/\/technofluid.it\/prodotto\/pulsante-ottone-cromato-15x25-mm-codice-14-918-03-osculati\/#primaryimage\"},\"thumbnailUrl\":\"https:\/\/technofluid.it\/wp-content\/uploads\/2026\/01\/2157-Pulsante-ottone-cromato-15x25-mm-codice-14.918.03-Osculati.jpg\",\"datePublished\":\"2025-10-25T00:03:47+00:00\",\"dateModified\":\"2026-04-15T11:21:51+00:00\",\"description\":\"Scopri il pulsante ottone cromato 15x25 mm con contatti argentati. Affidabilit\u00e0 e qualit\u00e0 garantite. Acquista ora da Osculati!\",\"breadcrumb\":{\"@id\":\"https:\/\/technofluid.it\/prodotto\/pulsante-ottone-cromato-15x25-mm-codice-14-918-03-osculati\/#breadcrumb\"},\"inLanguage\":\"nl-NL\",\"potentialAction\":[{\"@type\":\"ReadAction\",\"target\":[\"https:\/\/technofluid.it\/prodotto\/pulsante-ottone-cromato-15x25-mm-codice-14-918-03-osculati\/\"]}]},{\"@type\":\"ImageObject\",\"inLanguage\":\"nl-NL\",\"@id\":\"https:\/\/technofluid.it\/prodotto\/pulsante-ottone-cromato-15x25-mm-codice-14-918-03-osculati\/#primaryimage\",\"url\":\"https:\/\/technofluid.it\/wp-content\/uploads\/2026\/01\/2157-Pulsante-ottone-cromato-15x25-mm-codice-14.918.03-Osculati.jpg\",\"contentUrl\":\"https:\/\/technofluid.it\/wp-content\/uploads\/2026\/01\/2157-Pulsante-ottone-cromato-15x25-mm-codice-14.918.03-Osculati.jpg\",\"width\":300,\"height\":300,\"caption\":\"Dettaglio di un pulsante in ottone cromato da 15x25 mm, ideale per applicazioni marine e nautiche.\"},{\"@type\":\"BreadcrumbList\",\"@id\":\"https:\/\/technofluid.it\/prodotto\/pulsante-ottone-cromato-15x25-mm-codice-14-918-03-osculati\/#breadcrumb\",\"itemListElement\":[{\"@type\":\"ListItem\",\"position\":1,\"name\":\"Home\",\"item\":\"https:\/\/technofluid.it\/\"},{\"@type\":\"ListItem\",\"position\":2,\"name\":\"Shop\",\"item\":\"https:\/\/technofluid.it\/shop\/\"},{\"@type\":\"ListItem\",\"position\":3,\"name\":\"Pulsante ottone cromato 15&#215;25 mm &#8211; codice: 14.918.03 &#8211; Osculati\"}]},{\"@type\":\"WebSite\",\"@id\":\"https:\/\/technofluid.it\/#website\",\"url\":\"https:\/\/technofluid.it\/\",\"name\":\"Technofluid S.R.L.\",\"description\":\"Dal 1999 siamo specializzati nell&#039;impiantistica navale, idraulica, civile e industriale\",\"publisher\":{\"@id\":\"https:\/\/technofluid.it\/#organization\"},\"potentialAction\":[{\"@type\":\"SearchAction\",\"target\":{\"@type\":\"EntryPoint\",\"urlTemplate\":\"https:\/\/technofluid.it\/?s={search_term_string}\"},\"query-input\":{\"@type\":\"PropertyValueSpecification\",\"valueRequired\":true,\"valueName\":\"search_term_string\"}}],\"inLanguage\":\"nl-NL\"},{\"@type\":\"Organization\",\"@id\":\"https:\/\/technofluid.it\/#organization\",\"name\":\"Technofluid\",\"url\":\"https:\/\/technofluid.it\/\",\"logo\":{\"@type\":\"ImageObject\",\"inLanguage\":\"nl-NL\",\"@id\":\"https:\/\/technofluid.it\/#\/schema\/logo\/image\/\",\"url\":\"https:\/\/technofluid.it\/wp-content\/uploads\/2025\/12\/technofluid_bianco-logo.webp\",\"contentUrl\":\"https:\/\/technofluid.it\/wp-content\/uploads\/2025\/12\/technofluid_bianco-logo.webp\",\"width\":350,\"height\":116,\"caption\":\"Technofluid\"},\"image\":{\"@id\":\"https:\/\/technofluid.it\/#\/schema\/logo\/image\/\"},\"description\":\"La Technofluid S.r.l. nasce nel 1999 a Barcellona Pozzo di Gotto, in provincia di Messina, con l\u2019obiettivo di diventare un punto di riferimento nel settore dell\u2019impiantistica navale, idraulica, civile e industriale.\",\"email\":\"info@technofluid.it\",\"telephone\":\"0907386877\",\"legalName\":\"Technofluid S.R.L\",\"vatID\":\"IT03148240835\",\"taxID\":\"03148240835\",\"ownershipFundingInfo\":\"https:\/\/technofluid.it\/azienda\/\"}]}<\/script>\n<meta property=\"product:price:amount\" content=\"9.34\" \/>\n<meta property=\"product:price:currency\" content=\"EUR\" \/>\n<meta property=\"og:availability\" content=\"instock\" \/>\n<meta property=\"product:availability\" content=\"instock\" \/>\n<meta property=\"product:retailer_item_id\" content=\"OSCU00000296\" \/>\n<meta property=\"product:condition\" content=\"new\" \/>\n<!-- \/ Yoast SEO Premium plugin. -->","yoast_head_json":{"title":"Pulsante Ottone Cromato 15x25 mm | Qualit\u00e0 Osculati","description":"Scopri il pulsante ottone cromato 15x25 mm con contatti argentati. Affidabilit\u00e0 e qualit\u00e0 garantite. Acquista ora da Osculati!","robots":{"index":"index","follow":"follow","max-snippet":"max-snippet:-1","max-image-preview":"max-image-preview:large","max-video-preview":"max-video-preview:-1"},"canonical":"https:\/\/technofluid.it\/nl\/product\/knop-van-verchroomd-messing-15x25-mm-code-14-918-03-osculati\/","og_locale":"nl_NL","og_type":"article","og_title":"Pulsante ottone cromato 15x25 mm - codice: 14.918.03 - Osculati","og_description":"Scopri il pulsante ottone cromato 15x25 mm con contatti argentati. Affidabilit\u00e0 e qualit\u00e0 garantite. Acquista ora da Osculati!","og_url":"https:\/\/technofluid.it\/nl\/product\/knop-van-verchroomd-messing-15x25-mm-code-14-918-03-osculati\/","og_site_name":"Technofluid","article_modified_time":"2026-04-15T11:21:51+00:00","og_image":[{"width":300,"height":300,"url":"https:\/\/technofluid.it\/wp-content\/uploads\/2026\/01\/2157-Pulsante-ottone-cromato-15x25-mm-codice-14.918.03-Osculati.jpg","type":"image\/jpeg"}],"twitter_card":"summary_large_image","twitter_misc":{"Prijs":"9,34&nbsp;&euro; Iva esclusa","Beschikbaarheid":"Op voorraad"},"schema":{"@context":"https:\/\/schema.org","@graph":[{"@type":"WebPage","@id":"https:\/\/technofluid.it\/prodotto\/pulsante-ottone-cromato-15x25-mm-codice-14-918-03-osculati\/","url":"https:\/\/technofluid.it\/prodotto\/pulsante-ottone-cromato-15x25-mm-codice-14-918-03-osculati\/","name":"Pulsante Ottone Cromato 15x25 mm | Qualit\u00e0 Osculati","isPartOf":{"@id":"https:\/\/technofluid.it\/#website"},"primaryImageOfPage":{"@id":"https:\/\/technofluid.it\/prodotto\/pulsante-ottone-cromato-15x25-mm-codice-14-918-03-osculati\/#primaryimage"},"image":{"@id":"https:\/\/technofluid.it\/prodotto\/pulsante-ottone-cromato-15x25-mm-codice-14-918-03-osculati\/#primaryimage"},"thumbnailUrl":"https:\/\/technofluid.it\/wp-content\/uploads\/2026\/01\/2157-Pulsante-ottone-cromato-15x25-mm-codice-14.918.03-Osculati.jpg","datePublished":"2025-10-25T00:03:47+00:00","dateModified":"2026-04-15T11:21:51+00:00","description":"Scopri il pulsante ottone cromato 15x25 mm con contatti argentati. Affidabilit\u00e0 e qualit\u00e0 garantite. Acquista ora da Osculati!","breadcrumb":{"@id":"https:\/\/technofluid.it\/prodotto\/pulsante-ottone-cromato-15x25-mm-codice-14-918-03-osculati\/#breadcrumb"},"inLanguage":"nl-NL","potentialAction":[{"@type":"ReadAction","target":["https:\/\/technofluid.it\/prodotto\/pulsante-ottone-cromato-15x25-mm-codice-14-918-03-osculati\/"]}]},{"@type":"ImageObject","inLanguage":"nl-NL","@id":"https:\/\/technofluid.it\/prodotto\/pulsante-ottone-cromato-15x25-mm-codice-14-918-03-osculati\/#primaryimage","url":"https:\/\/technofluid.it\/wp-content\/uploads\/2026\/01\/2157-Pulsante-ottone-cromato-15x25-mm-codice-14.918.03-Osculati.jpg","contentUrl":"https:\/\/technofluid.it\/wp-content\/uploads\/2026\/01\/2157-Pulsante-ottone-cromato-15x25-mm-codice-14.918.03-Osculati.jpg","width":300,"height":300,"caption":"Dettaglio di un pulsante in ottone cromato da 15x25 mm, ideale per applicazioni marine e nautiche."},{"@type":"BreadcrumbList","@id":"https:\/\/technofluid.it\/prodotto\/pulsante-ottone-cromato-15x25-mm-codice-14-918-03-osculati\/#breadcrumb","itemListElement":[{"@type":"ListItem","position":1,"name":"Home","item":"https:\/\/technofluid.it\/"},{"@type":"ListItem","position":2,"name":"Shop","item":"https:\/\/technofluid.it\/shop\/"},{"@type":"ListItem","position":3,"name":"Pulsante ottone cromato 15&#215;25 mm &#8211; codice: 14.918.03 &#8211; Osculati"}]},{"@type":"WebSite","@id":"https:\/\/technofluid.it\/#website","url":"https:\/\/technofluid.it\/","name":"Technofluid S.R.L.","description":"Sinds 1999 zijn wij gespecialiseerd in scheepsinstallaties, hydrauliek, civiele en industri\u00eble installaties","publisher":{"@id":"https:\/\/technofluid.it\/#organization"},"potentialAction":[{"@type":"SearchAction","target":{"@type":"EntryPoint","urlTemplate":"https:\/\/technofluid.it\/?s={search_term_string}"},"query-input":{"@type":"PropertyValueSpecification","valueRequired":true,"valueName":"search_term_string"}}],"inLanguage":"nl-NL"},{"@type":"Organization","@id":"https:\/\/technofluid.it\/#organization","name":"Technofluid","url":"https:\/\/technofluid.it\/","logo":{"@type":"ImageObject","inLanguage":"nl-NL","@id":"https:\/\/technofluid.it\/#\/schema\/logo\/image\/","url":"https:\/\/technofluid.it\/wp-content\/uploads\/2025\/12\/technofluid_bianco-logo.webp","contentUrl":"https:\/\/technofluid.it\/wp-content\/uploads\/2025\/12\/technofluid_bianco-logo.webp","width":350,"height":116,"caption":"Technofluid"},"image":{"@id":"https:\/\/technofluid.it\/#\/schema\/logo\/image\/"},"description":"Technofluid S.r.l. is opgericht in 1999 in Barcellona Pozzo di Gotto, in de provincie Messina, met als doel een referentiepunt te worden in de sector van scheepsinstallaties, hydrauliek, civiele en industri\u00eble installaties.","email":"info@technofluid.it","telephone":"0907386877","legalName":"Technofluid S.R.L","vatID":"IT03148240835","taxID":"03148240835","ownershipFundingInfo":"https:\/\/technofluid.it\/azienda\/"}]},"product_price_amount":"9.34","product_price_currency":"EUR","og_availability":"instock","product_availability":"instock","product_retailer_item_id":"OSCU00000296","product_condition":"new"},"_links":{"self":[{"href":"https:\/\/technofluid.it\/nl\/wp-json\/wp\/v2\/product\/30911","targetHints":{"allow":["GET"]}}],"collection":[{"href":"https:\/\/technofluid.it\/nl\/wp-json\/wp\/v2\/product"}],"about":[{"href":"https:\/\/technofluid.it\/nl\/wp-json\/wp\/v2\/types\/product"}],"replies":[{"embeddable":true,"href":"https:\/\/technofluid.it\/nl\/wp-json\/wp\/v2\/comments?post=30911"}],"version-history":[{"count":0,"href":"https:\/\/technofluid.it\/nl\/wp-json\/wp\/v2\/product\/30911\/revisions"}],"wp:featuredmedia":[{"embeddable":true,"href":"https:\/\/technofluid.it\/nl\/wp-json\/wp\/v2\/media\/41135"}],"wp:attachment":[{"href":"https:\/\/technofluid.it\/nl\/wp-json\/wp\/v2\/media?parent=30911"}],"wp:term":[{"taxonomy":"product_brand","embeddable":true,"href":"https:\/\/technofluid.it\/nl\/wp-json\/wp\/v2\/product_brand?post=30911"},{"taxonomy":"product_cat","embeddable":true,"href":"https:\/\/technofluid.it\/nl\/wp-json\/wp\/v2\/product_cat?post=30911"},{"taxonomy":"product_tag","embeddable":true,"href":"https:\/\/technofluid.it\/nl\/wp-json\/wp\/v2\/product_tag?post=30911"}],"curies":[{"name":"wp","href":"https:\/\/api.w.org\/{rel}","templated":true}]}}