{"id":29997,"date":"2025-10-25T00:01:51","date_gmt":"2025-10-25T00:01:51","guid":{"rendered":"https:\/\/technofluid.it\/prodotto\/fusibile-alta-capacita-325a-codice-14-100-53-osculati\/"},"modified":"2026-04-15T12:24:08","modified_gmt":"2026-04-15T11:24:08","slug":"fusibile-alta-capacit-325a-codice-14-100-53-osculati","status":"publish","type":"product","link":"https:\/\/technofluid.it\/nl\/product\/zekering-hoge-capaciteit-325a-code-14-100-53-osculati\/","title":{"rendered":"Hoogcapaciteitszekering 325A \u2013 code: 14.100.53 \u2013 Osculati"},"content":{"rendered":"<p>Fusibile alta capacit\u00e0 325A &#8211; codice: 14.100.53 &#8211; Osculati<\/p>","protected":false},"excerpt":{"rendered":"<p>Fusibili ANL Gold Plated<\/p>","protected":false},"featured_media":38829,"comment_status":"open","ping_status":"closed","template":"","meta":{"_acf_changed":false,"_monsterinsights_skip_tracking":false,"_monsterinsights_sitenote_active":false,"_monsterinsights_sitenote_note":"","_monsterinsights_sitenote_category":0,"site-sidebar-layout":"default","site-content-layout":"","ast-site-content-layout":"default","site-content-style":"default","site-sidebar-style":"default","ast-global-header-display":"","ast-banner-title-visibility":"","ast-main-header-display":"","ast-hfb-above-header-display":"","ast-hfb-below-header-display":"","ast-hfb-mobile-header-display":"","site-post-title":"","ast-breadcrumbs-content":"","ast-featured-img":"","footer-sml-layout":"","ast-disable-related-posts":"","theme-transparent-header-meta":"","adv-header-id-meta":"","stick-header-meta":"","header-above-stick-meta":"","header-main-stick-meta":"","header-below-stick-meta":"","astra-migrate-meta-layouts":"default","ast-page-background-enabled":"default","ast-page-background-meta":{"desktop":{"background-color":"var(--ast-global-color-5)","background-image":"","background-repeat":"repeat","background-position":"center center","background-size":"auto","background-attachment":"scroll","background-type":"","background-media":"","overlay-type":"","overlay-color":"","overlay-opacity":"","overlay-gradient":""},"tablet":{"background-color":"","background-image":"","background-repeat":"repeat","background-position":"center center","background-size":"auto","background-attachment":"scroll","background-type":"","background-media":"","overlay-type":"","overlay-color":"","overlay-opacity":"","overlay-gradient":""},"mobile":{"background-color":"","background-image":"","background-repeat":"repeat","background-position":"center center","background-size":"auto","background-attachment":"scroll","background-type":"","background-media":"","overlay-type":"","overlay-color":"","overlay-opacity":"","overlay-gradient":""}},"ast-content-background-meta":{"desktop":{"background-color":"var(--ast-global-color-4)","background-image":"","background-repeat":"repeat","background-position":"center center","background-size":"auto","background-attachment":"scroll","background-type":"","background-media":"","overlay-type":"","overlay-color":"","overlay-opacity":"","overlay-gradient":""},"tablet":{"background-color":"var(--ast-global-color-4)","background-image":"","background-repeat":"repeat","background-position":"center center","background-size":"auto","background-attachment":"scroll","background-type":"","background-media":"","overlay-type":"","overlay-color":"","overlay-opacity":"","overlay-gradient":""},"mobile":{"background-color":"var(--ast-global-color-4)","background-image":"","background-repeat":"repeat","background-position":"center center","background-size":"auto","background-attachment":"scroll","background-type":"","background-media":"","overlay-type":"","overlay-color":"","overlay-opacity":"","overlay-gradient":""}}},"product_brand":[],"product_cat":[319,74],"product_tag":[],"class_list":{"0":"post-29997","1":"product","2":"type-product","3":"status-publish","4":"has-post-thumbnail","6":"product_cat-cavi-elettrici-e-accessori","7":"product_cat-elettricita-strumentazione","8":"pa_supplier-osculati-s-r-l","9":"desktop-align-left","10":"tablet-align-left","11":"mobile-align-left","13":"first","14":"instock","15":"taxable","16":"shipping-taxable","17":"purchasable","18":"product-type-simple"},"acf":[],"yoast_head":"<!-- This site is optimized with the Yoast SEO Premium plugin v26.7 (Yoast SEO v26.9) - https:\/\/yoast.com\/product\/yoast-seo-premium-wordpress\/ -->\n<title>Fusibile alta capacit\u00e0 325A Osculati - Acquista Ora<\/title>\n<meta name=\"description\" content=\"Scopri il fusibile alta capacit\u00e0 325A Osculati, codice 14.100.53. Affidabilit\u00e0 e sicurezza per il tuo impianto. Acquista subito!\" \/>\n<meta name=\"robots\" content=\"index, follow, max-snippet:-1, max-image-preview:large, max-video-preview:-1\" \/>\n<link rel=\"canonical\" href=\"https:\/\/technofluid.it\/nl\/product\/fusibile-alta-capacit-325a-codice-14-100-53-osculati\/\" \/>\n<meta property=\"og:locale\" content=\"nl_NL\" \/>\n<meta property=\"og:type\" content=\"article\" \/>\n<meta property=\"og:title\" content=\"Fusibile alta capacit&agrave; 325A - codice: 14.100.53 - Osculati\" \/>\n<meta property=\"og:description\" content=\"Scopri il fusibile alta capacit\u00e0 325A Osculati, codice 14.100.53. Affidabilit\u00e0 e sicurezza per il tuo impianto. Acquista subito!\" \/>\n<meta property=\"og:url\" content=\"https:\/\/technofluid.it\/nl\/product\/fusibile-alta-capacit-325a-codice-14-100-53-osculati\/\" \/>\n<meta property=\"og:site_name\" content=\"Technofluid\" \/>\n<meta property=\"article:modified_time\" content=\"2026-04-15T11:24:08+00:00\" \/>\n<meta property=\"og:image\" content=\"https:\/\/technofluid.it\/wp-content\/uploads\/2026\/01\/915-Fusibile-alta-capacita-325A-codice-14.100.53-Osculati.jpg\" \/>\n\t<meta property=\"og:image:width\" content=\"800\" \/>\n\t<meta property=\"og:image:height\" content=\"390\" \/>\n\t<meta property=\"og:image:type\" content=\"image\/jpeg\" \/>\n<meta name=\"twitter:card\" content=\"summary_large_image\" \/>\n<meta name=\"twitter:label1\" content=\"Prijs\" \/>\n\t<meta name=\"twitter:data1\" content=\"3,03&nbsp;&euro; Iva esclusa\" \/>\n\t<meta name=\"twitter:label2\" content=\"Beschikbaarheid\" \/>\n\t<meta name=\"twitter:data2\" content=\"Op voorraad\" \/>\n<script type=\"application\/ld+json\" class=\"yoast-schema-graph\">{\"@context\":\"https:\/\/schema.org\",\"@graph\":[{\"@type\":\"WebPage\",\"@id\":\"https:\/\/technofluid.it\/en\/product\/fusibile-alta-capacit-325a-codice-14-100-53-osculati\/\",\"url\":\"https:\/\/technofluid.it\/en\/product\/fusibile-alta-capacit-325a-codice-14-100-53-osculati\/\",\"name\":\"Fusibile alta capacit\u00e0 325A Osculati - Acquista Ora\",\"isPartOf\":{\"@id\":\"https:\/\/technofluid.it\/#website\"},\"primaryImageOfPage\":{\"@id\":\"https:\/\/technofluid.it\/en\/product\/fusibile-alta-capacit-325a-codice-14-100-53-osculati\/#primaryimage\"},\"image\":{\"@id\":\"https:\/\/technofluid.it\/en\/product\/fusibile-alta-capacit-325a-codice-14-100-53-osculati\/#primaryimage\"},\"thumbnailUrl\":\"https:\/\/technofluid.it\/wp-content\/uploads\/2026\/01\/915-Fusibile-alta-capacita-325A-codice-14.100.53-Osculati.jpg\",\"datePublished\":\"2025-10-25T00:01:51+00:00\",\"dateModified\":\"2026-04-15T11:24:08+00:00\",\"description\":\"Scopri il fusibile alta capacit\u00e0 325A Osculati, codice 14.100.53. Affidabilit\u00e0 e sicurezza per il tuo impianto. Acquista subito!\",\"breadcrumb\":{\"@id\":\"https:\/\/technofluid.it\/en\/product\/fusibile-alta-capacit-325a-codice-14-100-53-osculati\/#breadcrumb\"},\"inLanguage\":\"nl-NL\",\"potentialAction\":[{\"@type\":\"ReadAction\",\"target\":[\"https:\/\/technofluid.it\/en\/product\/fusibile-alta-capacit-325a-codice-14-100-53-osculati\/\"]}]},{\"@type\":\"ImageObject\",\"inLanguage\":\"nl-NL\",\"@id\":\"https:\/\/technofluid.it\/en\/product\/fusibile-alta-capacit-325a-codice-14-100-53-osculati\/#primaryimage\",\"url\":\"https:\/\/technofluid.it\/wp-content\/uploads\/2026\/01\/915-Fusibile-alta-capacita-325A-codice-14.100.53-Osculati.jpg\",\"contentUrl\":\"https:\/\/technofluid.it\/wp-content\/uploads\/2026\/01\/915-Fusibile-alta-capacita-325A-codice-14.100.53-Osculati.jpg\",\"width\":800,\"height\":390,\"caption\":\"Fusibile alta capacit\u00e0 da 325A, codice 14.100.53, Osculati, ideale per applicazioni di protezione elettrica.\"},{\"@type\":\"BreadcrumbList\",\"@id\":\"https:\/\/technofluid.it\/en\/product\/fusibile-alta-capacit-325a-codice-14-100-53-osculati\/#breadcrumb\",\"itemListElement\":[{\"@type\":\"ListItem\",\"position\":1,\"name\":\"Home\",\"item\":\"https:\/\/technofluid.it\/\"},{\"@type\":\"ListItem\",\"position\":2,\"name\":\"Shop\",\"item\":\"https:\/\/technofluid.it\/shop\/\"},{\"@type\":\"ListItem\",\"position\":3,\"name\":\"Fusibile alta capacit&agrave; 325A &#8211; codice: 14.100.53 &#8211; Osculati\"}]},{\"@type\":\"WebSite\",\"@id\":\"https:\/\/technofluid.it\/#website\",\"url\":\"https:\/\/technofluid.it\/\",\"name\":\"Technofluid S.R.L.\",\"description\":\"Dal 1999 siamo specializzati nell&#039;impiantistica navale, idraulica, civile e industriale\",\"publisher\":{\"@id\":\"https:\/\/technofluid.it\/#organization\"},\"potentialAction\":[{\"@type\":\"SearchAction\",\"target\":{\"@type\":\"EntryPoint\",\"urlTemplate\":\"https:\/\/technofluid.it\/?s={search_term_string}\"},\"query-input\":{\"@type\":\"PropertyValueSpecification\",\"valueRequired\":true,\"valueName\":\"search_term_string\"}}],\"inLanguage\":\"nl-NL\"},{\"@type\":\"Organization\",\"@id\":\"https:\/\/technofluid.it\/#organization\",\"name\":\"Technofluid\",\"url\":\"https:\/\/technofluid.it\/\",\"logo\":{\"@type\":\"ImageObject\",\"inLanguage\":\"nl-NL\",\"@id\":\"https:\/\/technofluid.it\/#\/schema\/logo\/image\/\",\"url\":\"https:\/\/technofluid.it\/wp-content\/uploads\/2025\/12\/technofluid_bianco-logo.webp\",\"contentUrl\":\"https:\/\/technofluid.it\/wp-content\/uploads\/2025\/12\/technofluid_bianco-logo.webp\",\"width\":350,\"height\":116,\"caption\":\"Technofluid\"},\"image\":{\"@id\":\"https:\/\/technofluid.it\/#\/schema\/logo\/image\/\"},\"description\":\"La Technofluid S.r.l. nasce nel 1999 a Barcellona Pozzo di Gotto, in provincia di Messina, con l\u2019obiettivo di diventare un punto di riferimento nel settore dell\u2019impiantistica navale, idraulica, civile e industriale.\",\"email\":\"info@technofluid.it\",\"telephone\":\"0907386877\",\"legalName\":\"Technofluid S.R.L\",\"vatID\":\"IT03148240835\",\"taxID\":\"03148240835\",\"ownershipFundingInfo\":\"https:\/\/technofluid.it\/azienda\/\"}]}<\/script>\n<meta property=\"product:price:amount\" content=\"3.03\" \/>\n<meta property=\"product:price:currency\" content=\"EUR\" \/>\n<meta property=\"og:availability\" content=\"instock\" \/>\n<meta property=\"product:availability\" content=\"instock\" \/>\n<meta property=\"product:retailer_item_id\" content=\"OSCU00000087\" \/>\n<meta property=\"product:condition\" content=\"new\" \/>\n<!-- \/ Yoast SEO Premium plugin. -->","yoast_head_json":{"title":"Fusibile alta capacit\u00e0 325A Osculati - Acquista Ora","description":"Scopri il fusibile alta capacit\u00e0 325A Osculati, codice 14.100.53. Affidabilit\u00e0 e sicurezza per il tuo impianto. Acquista subito!","robots":{"index":"index","follow":"follow","max-snippet":"max-snippet:-1","max-image-preview":"max-image-preview:large","max-video-preview":"max-video-preview:-1"},"canonical":"https:\/\/technofluid.it\/nl\/product\/fusibile-alta-capacit-325a-codice-14-100-53-osculati\/","og_locale":"nl_NL","og_type":"article","og_title":"Fusibile alta capacit&agrave; 325A - codice: 14.100.53 - Osculati","og_description":"Scopri il fusibile alta capacit\u00e0 325A Osculati, codice 14.100.53. Affidabilit\u00e0 e sicurezza per il tuo impianto. Acquista subito!","og_url":"https:\/\/technofluid.it\/nl\/product\/fusibile-alta-capacit-325a-codice-14-100-53-osculati\/","og_site_name":"Technofluid","article_modified_time":"2026-04-15T11:24:08+00:00","og_image":[{"width":800,"height":390,"url":"https:\/\/technofluid.it\/wp-content\/uploads\/2026\/01\/915-Fusibile-alta-capacita-325A-codice-14.100.53-Osculati.jpg","type":"image\/jpeg"}],"twitter_card":"summary_large_image","twitter_misc":{"Prijs":"3,03&nbsp;&euro; Iva esclusa","Beschikbaarheid":"Op voorraad"},"schema":{"@context":"https:\/\/schema.org","@graph":[{"@type":"WebPage","@id":"https:\/\/technofluid.it\/en\/product\/fusibile-alta-capacit-325a-codice-14-100-53-osculati\/","url":"https:\/\/technofluid.it\/en\/product\/fusibile-alta-capacit-325a-codice-14-100-53-osculati\/","name":"Fusibile alta capacit\u00e0 325A Osculati - Acquista Ora","isPartOf":{"@id":"https:\/\/technofluid.it\/#website"},"primaryImageOfPage":{"@id":"https:\/\/technofluid.it\/en\/product\/fusibile-alta-capacit-325a-codice-14-100-53-osculati\/#primaryimage"},"image":{"@id":"https:\/\/technofluid.it\/en\/product\/fusibile-alta-capacit-325a-codice-14-100-53-osculati\/#primaryimage"},"thumbnailUrl":"https:\/\/technofluid.it\/wp-content\/uploads\/2026\/01\/915-Fusibile-alta-capacita-325A-codice-14.100.53-Osculati.jpg","datePublished":"2025-10-25T00:01:51+00:00","dateModified":"2026-04-15T11:24:08+00:00","description":"Scopri il fusibile alta capacit\u00e0 325A Osculati, codice 14.100.53. Affidabilit\u00e0 e sicurezza per il tuo impianto. Acquista subito!","breadcrumb":{"@id":"https:\/\/technofluid.it\/en\/product\/fusibile-alta-capacit-325a-codice-14-100-53-osculati\/#breadcrumb"},"inLanguage":"nl-NL","potentialAction":[{"@type":"ReadAction","target":["https:\/\/technofluid.it\/en\/product\/fusibile-alta-capacit-325a-codice-14-100-53-osculati\/"]}]},{"@type":"ImageObject","inLanguage":"nl-NL","@id":"https:\/\/technofluid.it\/en\/product\/fusibile-alta-capacit-325a-codice-14-100-53-osculati\/#primaryimage","url":"https:\/\/technofluid.it\/wp-content\/uploads\/2026\/01\/915-Fusibile-alta-capacita-325A-codice-14.100.53-Osculati.jpg","contentUrl":"https:\/\/technofluid.it\/wp-content\/uploads\/2026\/01\/915-Fusibile-alta-capacita-325A-codice-14.100.53-Osculati.jpg","width":800,"height":390,"caption":"Fusibile alta capacit\u00e0 da 325A, codice 14.100.53, Osculati, ideale per applicazioni di protezione elettrica."},{"@type":"BreadcrumbList","@id":"https:\/\/technofluid.it\/en\/product\/fusibile-alta-capacit-325a-codice-14-100-53-osculati\/#breadcrumb","itemListElement":[{"@type":"ListItem","position":1,"name":"Home","item":"https:\/\/technofluid.it\/"},{"@type":"ListItem","position":2,"name":"Shop","item":"https:\/\/technofluid.it\/shop\/"},{"@type":"ListItem","position":3,"name":"Fusibile alta capacit&agrave; 325A &#8211; codice: 14.100.53 &#8211; Osculati"}]},{"@type":"WebSite","@id":"https:\/\/technofluid.it\/#website","url":"https:\/\/technofluid.it\/","name":"Technofluid S.R.L.","description":"Sinds 1999 zijn wij gespecialiseerd in scheepsinstallaties, hydrauliek, civiele en industri\u00eble installaties","publisher":{"@id":"https:\/\/technofluid.it\/#organization"},"potentialAction":[{"@type":"SearchAction","target":{"@type":"EntryPoint","urlTemplate":"https:\/\/technofluid.it\/?s={search_term_string}"},"query-input":{"@type":"PropertyValueSpecification","valueRequired":true,"valueName":"search_term_string"}}],"inLanguage":"nl-NL"},{"@type":"Organization","@id":"https:\/\/technofluid.it\/#organization","name":"Technofluid","url":"https:\/\/technofluid.it\/","logo":{"@type":"ImageObject","inLanguage":"nl-NL","@id":"https:\/\/technofluid.it\/#\/schema\/logo\/image\/","url":"https:\/\/technofluid.it\/wp-content\/uploads\/2025\/12\/technofluid_bianco-logo.webp","contentUrl":"https:\/\/technofluid.it\/wp-content\/uploads\/2025\/12\/technofluid_bianco-logo.webp","width":350,"height":116,"caption":"Technofluid"},"image":{"@id":"https:\/\/technofluid.it\/#\/schema\/logo\/image\/"},"description":"Technofluid S.r.l. is opgericht in 1999 in Barcellona Pozzo di Gotto, in de provincie Messina, met als doel een referentiepunt te worden in de sector van scheepsinstallaties, hydrauliek, civiele en industri\u00eble installaties.","email":"info@technofluid.it","telephone":"0907386877","legalName":"Technofluid S.R.L","vatID":"IT03148240835","taxID":"03148240835","ownershipFundingInfo":"https:\/\/technofluid.it\/azienda\/"}]},"product_price_amount":"3.03","product_price_currency":"EUR","og_availability":"instock","product_availability":"instock","product_retailer_item_id":"OSCU00000087","product_condition":"new"},"_links":{"self":[{"href":"https:\/\/technofluid.it\/nl\/wp-json\/wp\/v2\/product\/29997","targetHints":{"allow":["GET"]}}],"collection":[{"href":"https:\/\/technofluid.it\/nl\/wp-json\/wp\/v2\/product"}],"about":[{"href":"https:\/\/technofluid.it\/nl\/wp-json\/wp\/v2\/types\/product"}],"replies":[{"embeddable":true,"href":"https:\/\/technofluid.it\/nl\/wp-json\/wp\/v2\/comments?post=29997"}],"version-history":[{"count":0,"href":"https:\/\/technofluid.it\/nl\/wp-json\/wp\/v2\/product\/29997\/revisions"}],"wp:featuredmedia":[{"embeddable":true,"href":"https:\/\/technofluid.it\/nl\/wp-json\/wp\/v2\/media\/38829"}],"wp:attachment":[{"href":"https:\/\/technofluid.it\/nl\/wp-json\/wp\/v2\/media?parent=29997"}],"wp:term":[{"taxonomy":"product_brand","embeddable":true,"href":"https:\/\/technofluid.it\/nl\/wp-json\/wp\/v2\/product_brand?post=29997"},{"taxonomy":"product_cat","embeddable":true,"href":"https:\/\/technofluid.it\/nl\/wp-json\/wp\/v2\/product_cat?post=29997"},{"taxonomy":"product_tag","embeddable":true,"href":"https:\/\/technofluid.it\/nl\/wp-json\/wp\/v2\/product_tag?post=29997"}],"curies":[{"name":"wp","href":"https:\/\/api.w.org\/{rel}","templated":true}]}}