{"id":50514,"date":"2026-02-10T10:37:28","date_gmt":"2026-02-10T10:37:28","guid":{"rendered":"https:\/\/technofluid.it\/prodotto\/eyelid-led-nat-1030v-cro-d00-1p-codice-fasp0871vc1cd00-quick\/"},"modified":"2026-04-15T11:40:25","modified_gmt":"2026-04-15T10:40:25","slug":"eyelid-led-nat-1030v-cro-d00-1p-codice-fasp0871vc1cd00-quick","status":"publish","type":"product","link":"https:\/\/technofluid.it\/ja\/product\/%e3%81%be%e3%81%b6%e3%81%9f-led-nat-1030v-cro-d00-1p-%e3%82%b3%e3%83%bc%e3%83%89-fasp0871vc1cd00-%e3%82%af%e3%82%a4%e3%83%83%e3%82%af\/","title":{"rendered":"\u30a2\u30a4\u30ea\u30c3\u30c9LED nat 1030V cro d00 1p \u2013 \u30b3\u30fc\u30c9: FASP0871VC1CD00 \u2013 Quick"},"content":{"rendered":"<h2>Eyelid LED NAT 1030V CRO D00 1P Quick \u2013 FASP0871VC1CD00<\/h2>\n<p>L\u2019<strong>Eyelid LED NAT 1030V CRO D00 1P<\/strong> \u8457\u8005 <strong>Quick S.p.A.<\/strong> (\u30b5\u30d7\u30e9\u30a4\u30e4\u30fc\u30b3\u30fc\u30c9 <strong>FASP0871VC1CD00<\/strong>\uff09\u306f <strong>illuminazione di bordo<\/strong> pensato per integrazioni e sostituzioni in ambito nautico, dove ordine dell\u2019impianto, affidabilit\u00e0 dei collegamenti e coerenza estetica dell\u2019installazione sono aspetti fondamentali.<\/p>\n<h3>\u4e3b\u306a\u7279\u5fb4\u3068\u8a73\u7d30<\/h3>\n<ul>\n<li><strong>\u88fd\u9020\u8005\/\u4f9b\u7d66\u8005\uff1a<\/strong> Quick S.p.A.<\/li>\n<li><strong>\u30bf\u30a4\u30d7:<\/strong> FASP0871VC1CD00<\/li>\n<li><strong>\u5185\u90e8SKU\uff1a<\/strong> quic000000061<\/li>\n<li><strong>Famiglia\/categoria:<\/strong> ELETTRICITA\u2019\/STRUMENTAZIONE &gt; Luci e fanali<\/li>\n<li><strong>\u5546\u6a19\u540d:<\/strong> Eyelid LED NAT 1030V CRO D00 1P<\/li>\n<\/ul>\n<h3>Barigo Tempo S \u3064\u3084\u3042\u308a\u6c17\u5727\u8a08\u306f\u3001\u822a\u6d77\u7fd2\u6163\u3084\u30b9\u30da\u30fc\u30b9\u306e\u914d\u7f6e\u306b\u5fdc\u3058\u3066\u8239\u306e\u3055\u307e\u3056\u307e\u306a\u30a8\u30ea\u30a2\u306b\u8a2d\u7f6e\u3055\u308c\u308b\u30a2\u30af\u30bb\u30b5\u30ea\u30fc\u306e\u4e00\u3064\u3067\u3059\u3002\u4e00\u822c\u7684\u306b\u306f\u4ee5\u4e0b\u306b\u9069\u3057\u3066\u3044\u307e\u3059\uff1a<\/h3>\n<p>All\u2019interno di un impianto di bordo, i componenti di illuminazione vengono spesso scelti non solo per la funzione, ma anche per la coerenza con l\u2019allestimento e per la facilit\u00e0 di integrazione in spazi tecnici. Un eyelid LED pu\u00f2 essere impiegato in diverse aree dell\u2019imbarcazione, in funzione del progetto e delle esigenze di illuminazione.<\/p>\n<ul>\n<li><strong>\u6539\u88c5\u304a\u3088\u3073\u4ea4\u63db:<\/strong> come ricambio quando \u00e8 necessario mantenere la stessa serie\/modello o un codice specifico in distinta.<\/li>\n<li><strong>\u88c5\u5099\u304a\u3088\u3073\u8a2d\u5099:<\/strong> integrazione in pannellature, zone tecniche o aree dove \u00e8 richiesta una soluzione ordinata e discreta.<\/li>\n<li><strong>\u30de\u30b0\u30cd\u30b7\u30a6\u30e0\u967d\u6975\u3001\u5b89\u5168\u5f01\u3001\u30d0\u30a4\u30b5\u30fc\u30e2\u30b9\u30bf\u30c3\u30c8\u3092\u5b9a\u671f\u7684\u306b\u70b9\u691c\u3057\u3001\u6469\u8017\u3057\u305f\u30ac\u30b9\u30b1\u30c3\u30c8\u3084\u30d0\u30f3\u30c9\u3092\u4ea4\u63db\u3057\u3066\u304f\u3060\u3055\u3044\u3002<\/strong> ripristino di punti luce o componenti soggetti a usura\/sollecitazioni tipiche dell\u2019ambiente marino.<\/li>\n<li><strong>\u65b0\u898f\u8a2d\u7f6e\uff1a<\/strong> in progetti dove si adottano componenti Quick per uniformit\u00e0 di fornitura e gestione ricambi.<\/li>\n<\/ul>\n<h4>\u8b58\u5225\u6982\u8981<\/h4>\n<ul>\n<li><strong>\u88fd\u54c1:<\/strong> Eyelid led nat 1030V cro d00 1p<\/li>\n<li><strong>\u30b3\u30fc\u30c9\uff1a<\/strong> FASP0871VC1CD00<\/li>\n<li><strong>\u30d6\u30e9\u30f3\u30c9\uff1a<\/strong> \u30af\u30a4\u30c3\u30af<\/li>\n<\/ul>\n<h3>FAQ \u2013 \u3088\u304f\u3042\u308b\u8cea\u554f<\/h3>\n<h4>Qual \u00e8 il codice prodotto corretto per ordinare questo articolo Quick?<\/h4>\n<p>Il codice prodotto fornitore indicato per questo articolo \u00e8 FASP0871VC1CD00. \u00c8 il riferimento consigliato per ordini e verifiche di compatibilit\u00e0.<\/p>\n<h4>In quale categoria rientra l\u2019Eyelid LED Quick?<\/h4>\n<p>Il prodotto \u00e8 inserito nella categoria ELETTRICITA\u2019\/STRUMENTAZIONE, sezione Luci e fanali, quindi destinato ad applicazioni di illuminazione in ambito nautico.<\/p>\n<h4>Questo articolo \u00e8 adatto come ricambio in fase di refitting?<\/h4>\n<p>S\u00ec, \u00e8 indicato per sostituzioni e refitting quando serve mantenere la corrispondenza con un codice specifico o con una distinta materiali esistente. Verifica sempre il codice del componente installato.<\/p>\n<h4>Sono disponibili in scheda le specifiche tecniche dettagliate (dimensioni, assorbimento, grado di protezione)?<\/h4>\n<p>No, in questa scheda non sono riportati dettagli tecnici come dimensioni, assorbimenti o grado di protezione. Per questi dati \u00e8 necessario consultare la documentazione ufficiale Quick.<\/p>\n<h4>Quali informazioni devo controllare prima dell\u2019installazione?<\/h4>\n<p>Prima dell\u2019installazione \u00e8 consigliato verificare la corrispondenza del codice FASP0871VC1CD00 con il componente da sostituire o con il progetto, e seguire le istruzioni del produttore per montaggio e collegamenti.<\/p>\n<p><script type=\"application\/ld+json\">{\n    \"@context\": \"https:\\\/\\\/schema.org\",\n    \"@type\": \"FAQPage\",\n    \"mainEntity\": [\n        {\n            \"@type\": \"Question\",\n            \"name\": \"Qual \\u00e8 il codice prodotto corretto per ordinare questo articolo Quick?\",\n            \"acceptedAnswer\": {\n                \"@type\": \"Answer\",\n                \"text\": \"Il codice prodotto fornitore indicato per questo articolo \\u00e8 FASP0871VC1CD00. \\u00c8 il riferimento consigliato per ordini e verifiche di compatibilit\\u00e0.\"\n            }\n        },\n        {\n            \"@type\": \"Question\",\n            \"name\": \"In quale categoria rientra l\\u2019Eyelid LED Quick?\",\n            \"acceptedAnswer\": {\n                \"@type\": \"Answer\",\n                \"text\": \"Il prodotto \\u00e8 inserito nella categoria ELETTRICITA\\u2019\\\/STRUMENTAZIONE, sezione Luci e fanali, quindi destinato ad applicazioni di illuminazione in ambito nautico.\"\n            }\n        },\n        {\n            \"@type\": \"Question\",\n            \"name\": \"Questo articolo \\u00e8 adatto come ricambio in fase di refitting?\",\n            \"acceptedAnswer\": {\n                \"@type\": \"Answer\",\n                \"text\": \"S\\u00ec, \\u00e8 indicato per sostituzioni e refitting quando serve mantenere la corrispondenza con un codice specifico o con una distinta materiali esistente. Verifica sempre il codice del componente installato.\"\n            }\n        },\n        {\n            \"@type\": \"Question\",\n            \"name\": \"Sono disponibili in scheda le specifiche tecniche dettagliate (dimensioni, assorbimento, grado di protezione)?\",\n            \"acceptedAnswer\": {\n                \"@type\": \"Answer\",\n                \"text\": \"No, in questa scheda non sono riportati dettagli tecnici come dimensioni, assorbimenti o grado di protezione. Per questi dati \\u00e8 necessario consultare la documentazione ufficiale Quick.\"\n            }\n        },\n        {\n            \"@type\": \"Question\",\n            \"name\": \"Quali informazioni devo controllare prima dell\\u2019installazione?\",\n            \"acceptedAnswer\": {\n                \"@type\": \"Answer\",\n                \"text\": \"Prima dell\\u2019installazione \\u00e8 consigliato verificare la corrispondenza del codice FASP0871VC1CD00 con il componente da sostituire o con il progetto, e seguire le istruzioni del produttore per montaggio e collegamenti.\"\n            }\n        }\n    ]\n}<\/script><\/p>","protected":false},"excerpt":{"rendered":"<p>Eyelid LED Quick per applicazioni di illuminazione di bordo, identificato dal codice fornitore FASP0871VC1CD00. Soluzione indicata per refitting, manutenzione e integrazione in impianti nautici dove \u00e8 importante mantenere coerenza di gamma e corretta tracciabilit\u00e0 del ricambio. La scheda privilegia l\u2019identificazione certa del prodotto (marca, categoria e codici) per supportare cantieri, installatori e manutentori nella gestione della distinta materiali e negli ordini. Per la scelta finale e per i dettagli di installazione, fare riferimento alla documentazione tecnica Quick e verificare la corrispondenza del codice con il componente da sostituire o con il progetto.<\/p>","protected":false},"featured_media":50635,"comment_status":"open","ping_status":"closed","template":"","meta":{"_acf_changed":false,"_monsterinsights_skip_tracking":false,"_monsterinsights_sitenote_active":false,"_monsterinsights_sitenote_note":"","_monsterinsights_sitenote_category":0,"site-sidebar-layout":"default","site-content-layout":"","ast-site-content-layout":"default","site-content-style":"default","site-sidebar-style":"default","ast-global-header-display":"","ast-banner-title-visibility":"","ast-main-header-display":"","ast-hfb-above-header-display":"","ast-hfb-below-header-display":"","ast-hfb-mobile-header-display":"","site-post-title":"","ast-breadcrumbs-content":"","ast-featured-img":"","footer-sml-layout":"","ast-disable-related-posts":"","theme-transparent-header-meta":"default","adv-header-id-meta":"","stick-header-meta":"","header-above-stick-meta":"","header-main-stick-meta":"","header-below-stick-meta":"","astra-migrate-meta-layouts":"set","ast-page-background-enabled":"default","ast-page-background-meta":{"desktop":{"background-color":"var(--ast-global-color-5)","background-image":"","background-repeat":"repeat","background-position":"center center","background-size":"auto","background-attachment":"scroll","background-type":"","background-media":"","overlay-type":"","overlay-color":"","overlay-opacity":"","overlay-gradient":""},"tablet":{"background-color":"","background-image":"","background-repeat":"repeat","background-position":"center center","background-size":"auto","background-attachment":"scroll","background-type":"","background-media":"","overlay-type":"","overlay-color":"","overlay-opacity":"","overlay-gradient":""},"mobile":{"background-color":"","background-image":"","background-repeat":"repeat","background-position":"center center","background-size":"auto","background-attachment":"scroll","background-type":"","background-media":"","overlay-type":"","overlay-color":"","overlay-opacity":"","overlay-gradient":""}},"ast-content-background-meta":{"desktop":{"background-color":"var(--ast-global-color-4)","background-image":"","background-repeat":"repeat","background-position":"center center","background-size":"auto","background-attachment":"scroll","background-type":"","background-media":"","overlay-type":"","overlay-color":"","overlay-opacity":"","overlay-gradient":""},"tablet":{"background-color":"var(--ast-global-color-4)","background-image":"","background-repeat":"repeat","background-position":"center center","background-size":"auto","background-attachment":"scroll","background-type":"","background-media":"","overlay-type":"","overlay-color":"","overlay-opacity":"","overlay-gradient":""},"mobile":{"background-color":"var(--ast-global-color-4)","background-image":"","background-repeat":"repeat","background-position":"center center","background-size":"auto","background-attachment":"scroll","background-type":"","background-media":"","overlay-type":"","overlay-color":"","overlay-opacity":"","overlay-gradient":""}}},"product_brand":[],"product_cat":[74,75],"product_tag":[],"class_list":{"0":"post-50514","1":"product","2":"type-product","3":"status-publish","4":"has-post-thumbnail","6":"product_cat-elettricita-strumentazione","7":"product_cat-luci-e-fanali","8":"pa_supplier-quick-s-p-a","9":"desktop-align-left","10":"tablet-align-left","11":"mobile-align-left","13":"first","14":"instock","15":"taxable","16":"shipping-taxable","17":"purchasable","18":"product-type-simple"},"acf":[],"yoast_head":"<!-- This site is optimized with the Yoast SEO Premium plugin v26.7 (Yoast SEO v26.9) - https:\/\/yoast.com\/product\/yoast-seo-premium-wordpress\/ -->\n<title>Eyelid LED Quick FASP0871VC1CD00 | Luci e fanali<\/title>\n<meta name=\"description\" content=\"Eyelid LED Quick per illuminazione di bordo. Codice fornitore FASP0871VC1CD00. Ideale per ricambi e integrazioni in impianti nautici.\" \/>\n<meta name=\"robots\" content=\"index, follow, max-snippet:-1, max-image-preview:large, max-video-preview:-1\" \/>\n<link rel=\"canonical\" href=\"https:\/\/technofluid.it\/ja\/product\/\u307e\u3076\u305f-led-nat-1030v-cro-d00-1p-\u30b3\u30fc\u30c9-fasp0871vc1cd00-\u30af\u30a4\u30c3\u30af\/\" \/>\n<meta property=\"og:locale\" content=\"ja_JP\" \/>\n<meta property=\"og:type\" content=\"article\" \/>\n<meta property=\"og:title\" content=\"Eyelid led nat 1030V cro d00 1p - codice: FASP0871VC1CD00 - Quick\" \/>\n<meta property=\"og:description\" content=\"Eyelid LED Quick per illuminazione di bordo. Codice fornitore FASP0871VC1CD00. Ideale per ricambi e integrazioni in impianti nautici.\" \/>\n<meta property=\"og:url\" content=\"https:\/\/technofluid.it\/ja\/product\/\u307e\u3076\u305f-led-nat-1030v-cro-d00-1p-\u30b3\u30fc\u30c9-fasp0871vc1cd00-\u30af\u30a4\u30c3\u30af\/\" \/>\n<meta property=\"og:site_name\" content=\"Technofluid\" \/>\n<meta property=\"article:modified_time\" content=\"2026-04-15T10:40:25+00:00\" \/>\n<meta property=\"og:image\" content=\"https:\/\/technofluid.it\/wp-content\/uploads\/2026\/02\/c17975ef-c249-4f60-8e30-6bfa95d50aa5.png\" \/>\n\t<meta property=\"og:image:width\" content=\"1563\" \/>\n\t<meta property=\"og:image:height\" content=\"1813\" \/>\n\t<meta property=\"og:image:type\" content=\"image\/png\" \/>\n<meta name=\"twitter:card\" content=\"summary_large_image\" \/>\n<meta name=\"twitter:label1\" content=\"\u4fa1\u683c\" \/>\n\t<meta name=\"twitter:data1\" content=\"16,44&nbsp;&euro; Iva esclusa\" \/>\n\t<meta name=\"twitter:label2\" content=\"\u5728\u5eab\" \/>\n\t<meta name=\"twitter:data2\" content=\"\u5728\u5eab\u3042\u308a\" \/>\n<script type=\"application\/ld+json\" class=\"yoast-schema-graph\">{\"@context\":\"https:\/\/schema.org\",\"@graph\":[{\"@type\":\"WebPage\",\"@id\":\"https:\/\/technofluid.it\/prodotto\/eyelid-led-nat-1030v-cro-d00-1p-codice-fasp0871vc1cd00-quick\/\",\"url\":\"https:\/\/technofluid.it\/prodotto\/eyelid-led-nat-1030v-cro-d00-1p-codice-fasp0871vc1cd00-quick\/\",\"name\":\"Eyelid LED Quick FASP0871VC1CD00 | Luci e fanali\",\"isPartOf\":{\"@id\":\"https:\/\/technofluid.it\/#website\"},\"primaryImageOfPage\":{\"@id\":\"https:\/\/technofluid.it\/prodotto\/eyelid-led-nat-1030v-cro-d00-1p-codice-fasp0871vc1cd00-quick\/#primaryimage\"},\"image\":{\"@id\":\"https:\/\/technofluid.it\/prodotto\/eyelid-led-nat-1030v-cro-d00-1p-codice-fasp0871vc1cd00-quick\/#primaryimage\"},\"thumbnailUrl\":\"https:\/\/technofluid.it\/wp-content\/uploads\/2026\/02\/c17975ef-c249-4f60-8e30-6bfa95d50aa5.png\",\"datePublished\":\"2026-02-10T10:37:28+00:00\",\"dateModified\":\"2026-04-15T10:40:25+00:00\",\"description\":\"Eyelid LED Quick per illuminazione di bordo. Codice fornitore FASP0871VC1CD00. Ideale per ricambi e integrazioni in impianti nautici.\",\"breadcrumb\":{\"@id\":\"https:\/\/technofluid.it\/prodotto\/eyelid-led-nat-1030v-cro-d00-1p-codice-fasp0871vc1cd00-quick\/#breadcrumb\"},\"inLanguage\":\"ja\",\"potentialAction\":[{\"@type\":\"ReadAction\",\"target\":[\"https:\/\/technofluid.it\/prodotto\/eyelid-led-nat-1030v-cro-d00-1p-codice-fasp0871vc1cd00-quick\/\"]}]},{\"@type\":\"ImageObject\",\"inLanguage\":\"ja\",\"@id\":\"https:\/\/technofluid.it\/prodotto\/eyelid-led-nat-1030v-cro-d00-1p-codice-fasp0871vc1cd00-quick\/#primaryimage\",\"url\":\"https:\/\/technofluid.it\/wp-content\/uploads\/2026\/02\/c17975ef-c249-4f60-8e30-6bfa95d50aa5.png\",\"contentUrl\":\"https:\/\/technofluid.it\/wp-content\/uploads\/2026\/02\/c17975ef-c249-4f60-8e30-6bfa95d50aa5.png\",\"width\":1563,\"height\":1813,\"caption\":\"Luce LED per palpebra cro d00 1p, codice FASP0871VC1CD00, in confezione singola.\"},{\"@type\":\"BreadcrumbList\",\"@id\":\"https:\/\/technofluid.it\/prodotto\/eyelid-led-nat-1030v-cro-d00-1p-codice-fasp0871vc1cd00-quick\/#breadcrumb\",\"itemListElement\":[{\"@type\":\"ListItem\",\"position\":1,\"name\":\"Home\",\"item\":\"https:\/\/technofluid.it\/\"},{\"@type\":\"ListItem\",\"position\":2,\"name\":\"Shop\",\"item\":\"https:\/\/technofluid.it\/shop\/\"},{\"@type\":\"ListItem\",\"position\":3,\"name\":\"Eyelid led nat 1030V cro d00 1p &#8211; codice: FASP0871VC1CD00 &#8211; Quick\"}]},{\"@type\":\"WebSite\",\"@id\":\"https:\/\/technofluid.it\/#website\",\"url\":\"https:\/\/technofluid.it\/\",\"name\":\"Technofluid S.R.L.\",\"description\":\"Dal 1999 siamo specializzati nell&#039;impiantistica navale, idraulica, civile e industriale\",\"publisher\":{\"@id\":\"https:\/\/technofluid.it\/#organization\"},\"potentialAction\":[{\"@type\":\"SearchAction\",\"target\":{\"@type\":\"EntryPoint\",\"urlTemplate\":\"https:\/\/technofluid.it\/?s={search_term_string}\"},\"query-input\":{\"@type\":\"PropertyValueSpecification\",\"valueRequired\":true,\"valueName\":\"search_term_string\"}}],\"inLanguage\":\"ja\"},{\"@type\":\"Organization\",\"@id\":\"https:\/\/technofluid.it\/#organization\",\"name\":\"Technofluid\",\"url\":\"https:\/\/technofluid.it\/\",\"logo\":{\"@type\":\"ImageObject\",\"inLanguage\":\"ja\",\"@id\":\"https:\/\/technofluid.it\/#\/schema\/logo\/image\/\",\"url\":\"https:\/\/technofluid.it\/wp-content\/uploads\/2025\/12\/technofluid_bianco-logo.webp\",\"contentUrl\":\"https:\/\/technofluid.it\/wp-content\/uploads\/2025\/12\/technofluid_bianco-logo.webp\",\"width\":350,\"height\":116,\"caption\":\"Technofluid\"},\"image\":{\"@id\":\"https:\/\/technofluid.it\/#\/schema\/logo\/image\/\"},\"description\":\"La Technofluid S.r.l. nasce nel 1999 a Barcellona Pozzo di Gotto, in provincia di Messina, con l\u2019obiettivo di diventare un punto di riferimento nel settore dell\u2019impiantistica navale, idraulica, civile e industriale.\",\"email\":\"info@technofluid.it\",\"telephone\":\"0907386877\",\"legalName\":\"Technofluid S.R.L\",\"vatID\":\"IT03148240835\",\"taxID\":\"03148240835\",\"ownershipFundingInfo\":\"https:\/\/technofluid.it\/azienda\/\"}]}<\/script>\n<meta property=\"product:price:amount\" content=\"16.44\" \/>\n<meta property=\"product:price:currency\" content=\"EUR\" \/>\n<meta property=\"og:availability\" content=\"instock\" \/>\n<meta property=\"product:availability\" content=\"instock\" \/>\n<meta property=\"product:retailer_item_id\" content=\"quic000000061\" \/>\n<meta property=\"product:condition\" content=\"new\" \/>\n<!-- \/ Yoast SEO Premium plugin. -->","yoast_head_json":{"title":"Eyelid LED Quick FASP0871VC1CD00 | Luci e fanali","description":"Eyelid LED Quick per illuminazione di bordo. Codice fornitore FASP0871VC1CD00. Ideale per ricambi e integrazioni in impianti nautici.","robots":{"index":"index","follow":"follow","max-snippet":"max-snippet:-1","max-image-preview":"max-image-preview:large","max-video-preview":"max-video-preview:-1"},"canonical":"https:\/\/technofluid.it\/ja\/product\/\u307e\u3076\u305f-led-nat-1030v-cro-d00-1p-\u30b3\u30fc\u30c9-fasp0871vc1cd00-\u30af\u30a4\u30c3\u30af\/","og_locale":"ja_JP","og_type":"article","og_title":"Eyelid led nat 1030V cro d00 1p - codice: FASP0871VC1CD00 - Quick","og_description":"Eyelid LED Quick per illuminazione di bordo. Codice fornitore FASP0871VC1CD00. Ideale per ricambi e integrazioni in impianti nautici.","og_url":"https:\/\/technofluid.it\/ja\/product\/\u307e\u3076\u305f-led-nat-1030v-cro-d00-1p-\u30b3\u30fc\u30c9-fasp0871vc1cd00-\u30af\u30a4\u30c3\u30af\/","og_site_name":"Technofluid","article_modified_time":"2026-04-15T10:40:25+00:00","og_image":[{"width":1563,"height":1813,"url":"https:\/\/technofluid.it\/wp-content\/uploads\/2026\/02\/c17975ef-c249-4f60-8e30-6bfa95d50aa5.png","type":"image\/png"}],"twitter_card":"summary_large_image","twitter_misc":{"\u4fa1\u683c":"16,44&nbsp;&euro; Iva esclusa","\u5728\u5eab":"\u5728\u5eab\u3042\u308a"},"schema":{"@context":"https:\/\/schema.org","@graph":[{"@type":"WebPage","@id":"https:\/\/technofluid.it\/prodotto\/eyelid-led-nat-1030v-cro-d00-1p-codice-fasp0871vc1cd00-quick\/","url":"https:\/\/technofluid.it\/prodotto\/eyelid-led-nat-1030v-cro-d00-1p-codice-fasp0871vc1cd00-quick\/","name":"Eyelid LED Quick FASP0871VC1CD00 | Luci e fanali","isPartOf":{"@id":"https:\/\/technofluid.it\/#website"},"primaryImageOfPage":{"@id":"https:\/\/technofluid.it\/prodotto\/eyelid-led-nat-1030v-cro-d00-1p-codice-fasp0871vc1cd00-quick\/#primaryimage"},"image":{"@id":"https:\/\/technofluid.it\/prodotto\/eyelid-led-nat-1030v-cro-d00-1p-codice-fasp0871vc1cd00-quick\/#primaryimage"},"thumbnailUrl":"https:\/\/technofluid.it\/wp-content\/uploads\/2026\/02\/c17975ef-c249-4f60-8e30-6bfa95d50aa5.png","datePublished":"2026-02-10T10:37:28+00:00","dateModified":"2026-04-15T10:40:25+00:00","description":"Eyelid LED Quick per illuminazione di bordo. Codice fornitore FASP0871VC1CD00. Ideale per ricambi e integrazioni in impianti nautici.","breadcrumb":{"@id":"https:\/\/technofluid.it\/prodotto\/eyelid-led-nat-1030v-cro-d00-1p-codice-fasp0871vc1cd00-quick\/#breadcrumb"},"inLanguage":"ja","potentialAction":[{"@type":"ReadAction","target":["https:\/\/technofluid.it\/prodotto\/eyelid-led-nat-1030v-cro-d00-1p-codice-fasp0871vc1cd00-quick\/"]}]},{"@type":"ImageObject","inLanguage":"ja","@id":"https:\/\/technofluid.it\/prodotto\/eyelid-led-nat-1030v-cro-d00-1p-codice-fasp0871vc1cd00-quick\/#primaryimage","url":"https:\/\/technofluid.it\/wp-content\/uploads\/2026\/02\/c17975ef-c249-4f60-8e30-6bfa95d50aa5.png","contentUrl":"https:\/\/technofluid.it\/wp-content\/uploads\/2026\/02\/c17975ef-c249-4f60-8e30-6bfa95d50aa5.png","width":1563,"height":1813,"caption":"Luce LED per palpebra cro d00 1p, codice FASP0871VC1CD00, in confezione singola."},{"@type":"BreadcrumbList","@id":"https:\/\/technofluid.it\/prodotto\/eyelid-led-nat-1030v-cro-d00-1p-codice-fasp0871vc1cd00-quick\/#breadcrumb","itemListElement":[{"@type":"ListItem","position":1,"name":"Home","item":"https:\/\/technofluid.it\/"},{"@type":"ListItem","position":2,"name":"Shop","item":"https:\/\/technofluid.it\/shop\/"},{"@type":"ListItem","position":3,"name":"Eyelid led nat 1030V cro d00 1p &#8211; codice: FASP0871VC1CD00 &#8211; Quick"}]},{"@type":"WebSite","@id":"https:\/\/technofluid.it\/#website","url":"https:\/\/technofluid.it\/","name":"\u30c6\u30af\u30ce\u30d5\u30eb\u30a4\u30c9 S.R.L.","description":"1999\u5e74\u304b\u3089\u79c1\u305f\u3061\u306f\u8239\u8236\u8a2d\u5099\u3001\u914d\u7ba1\u3001\u571f\u6728\u304a\u3088\u3073\u7523\u696d\u8a2d\u5099\u3092\u5c02\u9580\u3068\u3057\u3066\u3044\u307e\u3059","publisher":{"@id":"https:\/\/technofluid.it\/#organization"},"potentialAction":[{"@type":"SearchAction","target":{"@type":"EntryPoint","urlTemplate":"https:\/\/technofluid.it\/?s={search_term_string}"},"query-input":{"@type":"PropertyValueSpecification","valueRequired":true,"valueName":"search_term_string"}}],"inLanguage":"ja"},{"@type":"Organization","@id":"https:\/\/technofluid.it\/#organization","name":"\u30c6\u30af\u30ce\u30d5\u30eb\u30a4\u30c9","url":"https:\/\/technofluid.it\/","logo":{"@type":"ImageObject","inLanguage":"ja","@id":"https:\/\/technofluid.it\/#\/schema\/logo\/image\/","url":"https:\/\/technofluid.it\/wp-content\/uploads\/2025\/12\/technofluid_bianco-logo.webp","contentUrl":"https:\/\/technofluid.it\/wp-content\/uploads\/2025\/12\/technofluid_bianco-logo.webp","width":350,"height":116,"caption":"Technofluid"},"image":{"@id":"https:\/\/technofluid.it\/#\/schema\/logo\/image\/"},"description":"Technofluid S.r.l.\u306f1999\u5e74\u306b\u30e1\u30c3\u30b7\u30fc\u30ca\u770c\u30d0\u30eb\u30c1\u30a7\u30c3\u30ed\u30ca\u30fb\u30dd\u30c3\u30c4\u30a9\u30fb\u30c7\u30a3\u30fb\u30b4\u30c3\u30c8\u3067\u8a2d\u7acb\u3055\u308c\u3001\u8239\u8236\u8a2d\u5099\u3001\u914d\u7ba1\u3001\u6c11\u9593\u304a\u3088\u3073\u7523\u696d\u5206\u91ce\u306e\u30ea\u30d5\u30a1\u30ec\u30f3\u30b9\u30dd\u30a4\u30f3\u30c8\u3068\u306a\u308b\u3053\u3068\u3092\u76ee\u6307\u3057\u3066\u3044\u307e\u3059\u3002.","email":"info@technofluid.it","telephone":"0907386877","legalName":"Technofluid S.R.L","vatID":"IT03148240835","taxID":"03148240835","ownershipFundingInfo":"https:\/\/technofluid.it\/azienda\/"}]},"product_price_amount":"16.44","product_price_currency":"EUR","og_availability":"instock","product_availability":"instock","product_retailer_item_id":"quic000000061","product_condition":"new"},"_links":{"self":[{"href":"https:\/\/technofluid.it\/ja\/wp-json\/wp\/v2\/product\/50514","targetHints":{"allow":["GET"]}}],"collection":[{"href":"https:\/\/technofluid.it\/ja\/wp-json\/wp\/v2\/product"}],"about":[{"href":"https:\/\/technofluid.it\/ja\/wp-json\/wp\/v2\/types\/product"}],"replies":[{"embeddable":true,"href":"https:\/\/technofluid.it\/ja\/wp-json\/wp\/v2\/comments?post=50514"}],"version-history":[{"count":3,"href":"https:\/\/technofluid.it\/ja\/wp-json\/wp\/v2\/product\/50514\/revisions"}],"predecessor-version":[{"id":52601,"href":"https:\/\/technofluid.it\/ja\/wp-json\/wp\/v2\/product\/50514\/revisions\/52601"}],"wp:featuredmedia":[{"embeddable":true,"href":"https:\/\/technofluid.it\/ja\/wp-json\/wp\/v2\/media\/50635"}],"wp:attachment":[{"href":"https:\/\/technofluid.it\/ja\/wp-json\/wp\/v2\/media?parent=50514"}],"wp:term":[{"taxonomy":"product_brand","embeddable":true,"href":"https:\/\/technofluid.it\/ja\/wp-json\/wp\/v2\/product_brand?post=50514"},{"taxonomy":"product_cat","embeddable":true,"href":"https:\/\/technofluid.it\/ja\/wp-json\/wp\/v2\/product_cat?post=50514"},{"taxonomy":"product_tag","embeddable":true,"href":"https:\/\/technofluid.it\/ja\/wp-json\/wp\/v2\/product_tag?post=50514"}],"curies":[{"name":"wp","href":"https:\/\/api.w.org\/{rel}","templated":true}]}}