{"id":31626,"date":"2025-10-25T00:05:23","date_gmt":"2025-10-25T00:05:23","guid":{"rendered":"https:\/\/technofluid.it\/prodotto\/ventilatore-ins-w-cap-16-18-fdhvz-dt2-codice-291617001-dometic\/"},"modified":"2026-04-14T23:38:54","modified_gmt":"2026-04-14T22:38:54","slug":"ventilatore-ins-wcap-1618fdhvzdt2-codice-291617001-dometic","status":"publish","type":"product","link":"https:\/\/technofluid.it\/fr\/produit\/ventilateur-ins-wcap-1618fdhvzdt2-code-291617001-dometic\/","title":{"rendered":"Ventilateur INS avec capuchon 16\/18\/FDHVZ\/DT2 \u2013 code : 291617001 \u2013 Dometic"},"content":{"rendered":"<p>VENTILATEUR INS AVEC CAPUCHON 16\/18\/FDHVZ\/DT2 \u2013 CODE : 291617001&nbsp;<\/p>","protected":false},"excerpt":{"rendered":"<p>VENTILATORE INS W\/CAP 16\/18\/FDHVZ\/DT2 &#8211; CODICE : 291617001 &#8211; Dometic<\/p>","protected":false},"featured_media":42766,"comment_status":"open","ping_status":"closed","template":"","meta":{"_acf_changed":false,"_monsterinsights_skip_tracking":false,"_monsterinsights_sitenote_active":false,"_monsterinsights_sitenote_note":"","_monsterinsights_sitenote_category":0,"site-sidebar-layout":"default","site-content-layout":"","ast-site-content-layout":"default","site-content-style":"default","site-sidebar-style":"default","ast-global-header-display":"","ast-banner-title-visibility":"","ast-main-header-display":"","ast-hfb-above-header-display":"","ast-hfb-below-header-display":"","ast-hfb-mobile-header-display":"","site-post-title":"","ast-breadcrumbs-content":"","ast-featured-img":"","footer-sml-layout":"","ast-disable-related-posts":"","theme-transparent-header-meta":"","adv-header-id-meta":"","stick-header-meta":"","header-above-stick-meta":"","header-main-stick-meta":"","header-below-stick-meta":"","astra-migrate-meta-layouts":"default","ast-page-background-enabled":"default","ast-page-background-meta":{"desktop":{"background-color":"var(--ast-global-color-5)","background-image":"","background-repeat":"repeat","background-position":"center center","background-size":"auto","background-attachment":"scroll","background-type":"","background-media":"","overlay-type":"","overlay-color":"","overlay-opacity":"","overlay-gradient":""},"tablet":{"background-color":"","background-image":"","background-repeat":"repeat","background-position":"center center","background-size":"auto","background-attachment":"scroll","background-type":"","background-media":"","overlay-type":"","overlay-color":"","overlay-opacity":"","overlay-gradient":""},"mobile":{"background-color":"","background-image":"","background-repeat":"repeat","background-position":"center center","background-size":"auto","background-attachment":"scroll","background-type":"","background-media":"","overlay-type":"","overlay-color":"","overlay-opacity":"","overlay-gradient":""}},"ast-content-background-meta":{"desktop":{"background-color":"var(--ast-global-color-4)","background-image":"","background-repeat":"repeat","background-position":"center center","background-size":"auto","background-attachment":"scroll","background-type":"","background-media":"","overlay-type":"","overlay-color":"","overlay-opacity":"","overlay-gradient":""},"tablet":{"background-color":"var(--ast-global-color-4)","background-image":"","background-repeat":"repeat","background-position":"center center","background-size":"auto","background-attachment":"scroll","background-type":"","background-media":"","overlay-type":"","overlay-color":"","overlay-opacity":"","overlay-gradient":""},"mobile":{"background-color":"var(--ast-global-color-4)","background-image":"","background-repeat":"repeat","background-position":"center center","background-size":"auto","background-attachment":"scroll","background-type":"","background-media":"","overlay-type":"","overlay-color":"","overlay-opacity":"","overlay-gradient":""}}},"product_brand":[],"product_cat":[133,2258],"product_tag":[],"class_list":{"0":"post-31626","1":"product","2":"type-product","3":"status-publish","4":"has-post-thumbnail","6":"product_cat-ricambistica","7":"product_cat-dometicventilatore","8":"pa_supplier-dometic-italy-marine-srl","9":"desktop-align-left","10":"tablet-align-left","11":"mobile-align-left","13":"first","14":"instock","15":"taxable","16":"shipping-taxable","17":"purchasable","18":"product-type-simple"},"acf":[],"yoast_head":"<!-- This site is optimized with the Yoast SEO Premium plugin v26.7 (Yoast SEO v26.9) - https:\/\/yoast.com\/product\/yoast-seo-premium-wordpress\/ -->\n<title>VENTILATORE INS W\/CAP 16\/18\/FDHVZ\/DT2 - Technofluid<\/title>\n<meta name=\"description\" content=\"Il\u00a0Ventilatore INS W\/CAP 16\/18\/FDHVZ\/DT2\u00a0(codice: 291617001) \u00e8 un componente essenziale per i sistemi di climatizzazione Dometic.\" \/>\n<meta name=\"robots\" content=\"index, follow, max-snippet:-1, max-image-preview:large, max-video-preview:-1\" \/>\n<link rel=\"canonical\" href=\"https:\/\/technofluid.it\/fr\/produit\/ventilateur-ins-wcap-1618fdhvzdt2-code-291617001-dometic\/\" \/>\n<meta property=\"og:locale\" content=\"fr_FR\" \/>\n<meta property=\"og:type\" content=\"article\" \/>\n<meta property=\"og:title\" content=\"Ventilatore INS w\/cap 16\/18\/FDHVZ\/DT2 - codice: 291617001 - Dometic\" \/>\n<meta property=\"og:description\" content=\"Il\u00a0Ventilatore INS W\/CAP 16\/18\/FDHVZ\/DT2\u00a0(codice: 291617001) \u00e8 un componente essenziale per i sistemi di climatizzazione Dometic.\" \/>\n<meta property=\"og:url\" content=\"https:\/\/technofluid.it\/fr\/produit\/ventilateur-ins-wcap-1618fdhvzdt2-code-291617001-dometic\/\" \/>\n<meta property=\"og:site_name\" content=\"Technofluid\" \/>\n<meta property=\"article:modified_time\" content=\"2026-04-14T22:38:54+00:00\" \/>\n<meta property=\"og:image\" content=\"https:\/\/technofluid.it\/wp-content\/uploads\/2026\/01\/2796-Ventilatore-INS-wcap-1618FDHVZDT2-codice-291617001-Dometic.jpg\" \/>\n\t<meta property=\"og:image:width\" content=\"1080\" \/>\n\t<meta property=\"og:image:height\" content=\"1080\" \/>\n\t<meta property=\"og:image:type\" content=\"image\/png\" \/>\n<meta name=\"twitter:card\" content=\"summary_large_image\" \/>\n<meta name=\"twitter:label1\" content=\"Prix\" \/>\n\t<meta name=\"twitter:data1\" content=\"192,62&nbsp;&euro; Iva esclusa\" \/>\n\t<meta name=\"twitter:label2\" content=\"Disponibilit\u00e9\" \/>\n\t<meta name=\"twitter:data2\" content=\"En stock\" \/>\n<script type=\"application\/ld+json\" class=\"yoast-schema-graph\">{\"@context\":\"https:\/\/schema.org\",\"@graph\":[{\"@type\":\"WebPage\",\"@id\":\"https:\/\/technofluid.it\/fr\/produit\/ventilatore-ins-wcap-1618fdhvzdt2-codice-291617001-dometic\/\",\"url\":\"https:\/\/technofluid.it\/fr\/produit\/ventilatore-ins-wcap-1618fdhvzdt2-codice-291617001-dometic\/\",\"name\":\"VENTILATORE INS W\/CAP 16\/18\/FDHVZ\/DT2 - Technofluid\",\"isPartOf\":{\"@id\":\"https:\/\/technofluid.it\/#website\"},\"primaryImageOfPage\":{\"@id\":\"https:\/\/technofluid.it\/fr\/produit\/ventilatore-ins-wcap-1618fdhvzdt2-codice-291617001-dometic\/#primaryimage\"},\"image\":{\"@id\":\"https:\/\/technofluid.it\/fr\/produit\/ventilatore-ins-wcap-1618fdhvzdt2-codice-291617001-dometic\/#primaryimage\"},\"thumbnailUrl\":\"https:\/\/technofluid.it\/wp-content\/uploads\/2026\/01\/2796-Ventilatore-INS-wcap-1618FDHVZDT2-codice-291617001-Dometic.jpg\",\"datePublished\":\"2025-10-25T00:05:23+00:00\",\"dateModified\":\"2026-04-14T22:38:54+00:00\",\"description\":\"Il\u00a0Ventilatore INS W\/CAP 16\/18\/FDHVZ\/DT2\u00a0(codice: 291617001) \u00e8 un componente essenziale per i sistemi di climatizzazione Dometic.\",\"breadcrumb\":{\"@id\":\"https:\/\/technofluid.it\/fr\/produit\/ventilatore-ins-wcap-1618fdhvzdt2-codice-291617001-dometic\/#breadcrumb\"},\"inLanguage\":\"fr-FR\",\"potentialAction\":[{\"@type\":\"ReadAction\",\"target\":[\"https:\/\/technofluid.it\/fr\/produit\/ventilatore-ins-wcap-1618fdhvzdt2-codice-291617001-dometic\/\"]}]},{\"@type\":\"ImageObject\",\"inLanguage\":\"fr-FR\",\"@id\":\"https:\/\/technofluid.it\/fr\/produit\/ventilatore-ins-wcap-1618fdhvzdt2-codice-291617001-dometic\/#primaryimage\",\"url\":\"https:\/\/technofluid.it\/wp-content\/uploads\/2026\/01\/2796-Ventilatore-INS-wcap-1618FDHVZDT2-codice-291617001-Dometic.jpg\",\"contentUrl\":\"https:\/\/technofluid.it\/wp-content\/uploads\/2026\/01\/2796-Ventilatore-INS-wcap-1618FDHVZDT2-codice-291617001-Dometic.jpg\",\"width\":1080,\"height\":1080,\"caption\":\"Ventilatore INS con cappuccio, modello 16\/18\/FDHVZ\/DT2, codice 291617001, ideale per sistemi di ventilazione in ambienti vari.\"},{\"@type\":\"BreadcrumbList\",\"@id\":\"https:\/\/technofluid.it\/fr\/produit\/ventilatore-ins-wcap-1618fdhvzdt2-codice-291617001-dometic\/#breadcrumb\",\"itemListElement\":[{\"@type\":\"ListItem\",\"position\":1,\"name\":\"Home\",\"item\":\"https:\/\/technofluid.it\/\"},{\"@type\":\"ListItem\",\"position\":2,\"name\":\"Shop\",\"item\":\"https:\/\/technofluid.it\/shop\/\"},{\"@type\":\"ListItem\",\"position\":3,\"name\":\"Ventilatore INS w\/cap 16\/18\/FDHVZ\/DT2 &#8211; codice: 291617001 &#8211; Dometic\"}]},{\"@type\":\"WebSite\",\"@id\":\"https:\/\/technofluid.it\/#website\",\"url\":\"https:\/\/technofluid.it\/\",\"name\":\"Technofluid S.R.L.\",\"description\":\"Dal 1999 siamo specializzati nell&#039;impiantistica navale, idraulica, civile e industriale\",\"publisher\":{\"@id\":\"https:\/\/technofluid.it\/#organization\"},\"potentialAction\":[{\"@type\":\"SearchAction\",\"target\":{\"@type\":\"EntryPoint\",\"urlTemplate\":\"https:\/\/technofluid.it\/?s={search_term_string}\"},\"query-input\":{\"@type\":\"PropertyValueSpecification\",\"valueRequired\":true,\"valueName\":\"search_term_string\"}}],\"inLanguage\":\"fr-FR\"},{\"@type\":\"Organization\",\"@id\":\"https:\/\/technofluid.it\/#organization\",\"name\":\"Technofluid\",\"url\":\"https:\/\/technofluid.it\/\",\"logo\":{\"@type\":\"ImageObject\",\"inLanguage\":\"fr-FR\",\"@id\":\"https:\/\/technofluid.it\/#\/schema\/logo\/image\/\",\"url\":\"https:\/\/technofluid.it\/wp-content\/uploads\/2025\/12\/technofluid_bianco-logo.webp\",\"contentUrl\":\"https:\/\/technofluid.it\/wp-content\/uploads\/2025\/12\/technofluid_bianco-logo.webp\",\"width\":350,\"height\":116,\"caption\":\"Technofluid\"},\"image\":{\"@id\":\"https:\/\/technofluid.it\/#\/schema\/logo\/image\/\"},\"description\":\"La Technofluid S.r.l. nasce nel 1999 a Barcellona Pozzo di Gotto, in provincia di Messina, con l\u2019obiettivo di diventare un punto di riferimento nel settore dell\u2019impiantistica navale, idraulica, civile e industriale.\",\"email\":\"info@technofluid.it\",\"telephone\":\"0907386877\",\"legalName\":\"Technofluid S.R.L\",\"vatID\":\"IT03148240835\",\"taxID\":\"03148240835\",\"ownershipFundingInfo\":\"https:\/\/technofluid.it\/azienda\/\"}]}<\/script>\n<meta property=\"product:price:amount\" content=\"192.62\" \/>\n<meta property=\"product:price:currency\" content=\"EUR\" \/>\n<meta property=\"og:availability\" content=\"instock\" \/>\n<meta property=\"product:availability\" content=\"instock\" \/>\n<meta property=\"product:retailer_item_id\" content=\"DOM000000000107\" \/>\n<meta property=\"product:condition\" content=\"new\" \/>\n<!-- \/ Yoast SEO Premium plugin. -->","yoast_head_json":{"title":"VENTILATEUR INS W\/CAP 16\/18\/FDHVZ\/DT2 - Technofluid","description":"Le Ventilateur INS W\/CAP 16\/18\/FDHVZ\/DT2 (code : 291617001) est un composant essentiel pour les syst\u00e8mes de climatisation Dometic.","robots":{"index":"index","follow":"follow","max-snippet":"max-snippet:-1","max-image-preview":"max-image-preview:large","max-video-preview":"max-video-preview:-1"},"canonical":"https:\/\/technofluid.it\/fr\/produit\/ventilateur-ins-wcap-1618fdhvzdt2-code-291617001-dometic\/","og_locale":"fr_FR","og_type":"article","og_title":"Ventilatore INS w\/cap 16\/18\/FDHVZ\/DT2 - codice: 291617001 - Dometic","og_description":"Il\u00a0Ventilatore INS W\/CAP 16\/18\/FDHVZ\/DT2\u00a0(codice: 291617001) \u00e8 un componente essenziale per i sistemi di climatizzazione Dometic.","og_url":"https:\/\/technofluid.it\/fr\/produit\/ventilateur-ins-wcap-1618fdhvzdt2-code-291617001-dometic\/","og_site_name":"Technofluid","article_modified_time":"2026-04-14T22:38:54+00:00","og_image":[{"width":1080,"height":1080,"url":"https:\/\/technofluid.it\/wp-content\/uploads\/2026\/01\/2796-Ventilatore-INS-wcap-1618FDHVZDT2-codice-291617001-Dometic.jpg","type":"image\/png"}],"twitter_card":"summary_large_image","twitter_misc":{"Prix":"192,62&nbsp;&euro; Iva esclusa","Disponibilit\u00e9":"En stock"},"schema":{"@context":"https:\/\/schema.org","@graph":[{"@type":"WebPage","@id":"https:\/\/technofluid.it\/fr\/produit\/ventilatore-ins-wcap-1618fdhvzdt2-codice-291617001-dometic\/","url":"https:\/\/technofluid.it\/fr\/produit\/ventilatore-ins-wcap-1618fdhvzdt2-codice-291617001-dometic\/","name":"VENTILATEUR INS W\/CAP 16\/18\/FDHVZ\/DT2 - Technofluid","isPartOf":{"@id":"https:\/\/technofluid.it\/#website"},"primaryImageOfPage":{"@id":"https:\/\/technofluid.it\/fr\/produit\/ventilatore-ins-wcap-1618fdhvzdt2-codice-291617001-dometic\/#primaryimage"},"image":{"@id":"https:\/\/technofluid.it\/fr\/produit\/ventilatore-ins-wcap-1618fdhvzdt2-codice-291617001-dometic\/#primaryimage"},"thumbnailUrl":"https:\/\/technofluid.it\/wp-content\/uploads\/2026\/01\/2796-Ventilatore-INS-wcap-1618FDHVZDT2-codice-291617001-Dometic.jpg","datePublished":"2025-10-25T00:05:23+00:00","dateModified":"2026-04-14T22:38:54+00:00","description":"Le Ventilateur INS W\/CAP 16\/18\/FDHVZ\/DT2 (code : 291617001) est un composant essentiel pour les syst\u00e8mes de climatisation Dometic.","breadcrumb":{"@id":"https:\/\/technofluid.it\/fr\/produit\/ventilatore-ins-wcap-1618fdhvzdt2-codice-291617001-dometic\/#breadcrumb"},"inLanguage":"fr-FR","potentialAction":[{"@type":"ReadAction","target":["https:\/\/technofluid.it\/fr\/produit\/ventilatore-ins-wcap-1618fdhvzdt2-codice-291617001-dometic\/"]}]},{"@type":"ImageObject","inLanguage":"fr-FR","@id":"https:\/\/technofluid.it\/fr\/produit\/ventilatore-ins-wcap-1618fdhvzdt2-codice-291617001-dometic\/#primaryimage","url":"https:\/\/technofluid.it\/wp-content\/uploads\/2026\/01\/2796-Ventilatore-INS-wcap-1618FDHVZDT2-codice-291617001-Dometic.jpg","contentUrl":"https:\/\/technofluid.it\/wp-content\/uploads\/2026\/01\/2796-Ventilatore-INS-wcap-1618FDHVZDT2-codice-291617001-Dometic.jpg","width":1080,"height":1080,"caption":"Ventilatore INS con cappuccio, modello 16\/18\/FDHVZ\/DT2, codice 291617001, ideale per sistemi di ventilazione in ambienti vari."},{"@type":"BreadcrumbList","@id":"https:\/\/technofluid.it\/fr\/produit\/ventilatore-ins-wcap-1618fdhvzdt2-codice-291617001-dometic\/#breadcrumb","itemListElement":[{"@type":"ListItem","position":1,"name":"Home","item":"https:\/\/technofluid.it\/"},{"@type":"ListItem","position":2,"name":"Shop","item":"https:\/\/technofluid.it\/shop\/"},{"@type":"ListItem","position":3,"name":"Ventilatore INS w\/cap 16\/18\/FDHVZ\/DT2 &#8211; codice: 291617001 &#8211; Dometic"}]},{"@type":"WebSite","@id":"https:\/\/technofluid.it\/#website","url":"https:\/\/technofluid.it\/","name":"Technofluid S.R.L.","description":"Depuis 1999, nous sommes sp\u00e9cialis\u00e9s dans les installations marines, de plomberie, civiles et industrielles.","publisher":{"@id":"https:\/\/technofluid.it\/#organization"},"potentialAction":[{"@type":"SearchAction","target":{"@type":"EntryPoint","urlTemplate":"https:\/\/technofluid.it\/?s={search_term_string}"},"query-input":{"@type":"PropertyValueSpecification","valueRequired":true,"valueName":"search_term_string"}}],"inLanguage":"fr-FR"},{"@type":"Organization","@id":"https:\/\/technofluid.it\/#organization","name":"Technofluid","url":"https:\/\/technofluid.it\/","logo":{"@type":"ImageObject","inLanguage":"fr-FR","@id":"https:\/\/technofluid.it\/#\/schema\/logo\/image\/","url":"https:\/\/technofluid.it\/wp-content\/uploads\/2025\/12\/technofluid_bianco-logo.webp","contentUrl":"https:\/\/technofluid.it\/wp-content\/uploads\/2025\/12\/technofluid_bianco-logo.webp","width":350,"height":116,"caption":"Technofluid"},"image":{"@id":"https:\/\/technofluid.it\/#\/schema\/logo\/image\/"},"description":"La Technofluid S.r.l. est n\u00e9e en 1999 \u00e0 Barcellona Pozzo di Gotto, dans la province de Messine, avec l'objectif de devenir un point de r\u00e9f\u00e9rence dans le secteur de l'installation navale, hydraulique, civile et industrielle.","email":"info@technofluid.it","telephone":"0907386877","legalName":"Technofluid S.R.L","vatID":"IT03148240835","taxID":"03148240835","ownershipFundingInfo":"https:\/\/technofluid.it\/azienda\/"}]},"product_price_amount":"192.62","product_price_currency":"EUR","og_availability":"instock","product_availability":"instock","product_retailer_item_id":"DOM000000000107","product_condition":"new"},"_links":{"self":[{"href":"https:\/\/technofluid.it\/fr\/wp-json\/wp\/v2\/product\/31626","targetHints":{"allow":["GET"]}}],"collection":[{"href":"https:\/\/technofluid.it\/fr\/wp-json\/wp\/v2\/product"}],"about":[{"href":"https:\/\/technofluid.it\/fr\/wp-json\/wp\/v2\/types\/product"}],"replies":[{"embeddable":true,"href":"https:\/\/technofluid.it\/fr\/wp-json\/wp\/v2\/comments?post=31626"}],"version-history":[{"count":0,"href":"https:\/\/technofluid.it\/fr\/wp-json\/wp\/v2\/product\/31626\/revisions"}],"wp:featuredmedia":[{"embeddable":true,"href":"https:\/\/technofluid.it\/fr\/wp-json\/wp\/v2\/media\/42766"}],"wp:attachment":[{"href":"https:\/\/technofluid.it\/fr\/wp-json\/wp\/v2\/media?parent=31626"}],"wp:term":[{"taxonomy":"product_brand","embeddable":true,"href":"https:\/\/technofluid.it\/fr\/wp-json\/wp\/v2\/product_brand?post=31626"},{"taxonomy":"product_cat","embeddable":true,"href":"https:\/\/technofluid.it\/fr\/wp-json\/wp\/v2\/product_cat?post=31626"},{"taxonomy":"product_tag","embeddable":true,"href":"https:\/\/technofluid.it\/fr\/wp-json\/wp\/v2\/product_tag?post=31626"}],"curies":[{"name":"wp","href":"https:\/\/api.w.org\/{rel}","templated":true}]}}