{"id":31498,"date":"2025-10-25T00:05:08","date_gmt":"2025-10-25T00:05:08","guid":{"rendered":"https:\/\/technofluid.it\/prodotto\/tubo-retinato-dn-12x18-al-metro-lineare-codice-arta000012-toscogomma\/"},"modified":"2026-01-16T13:57:57","modified_gmt":"2026-01-16T13:57:57","slug":"tubo-retinato-dn-1218-al-metro-lineare-codice-arta000012-toscogomma","status":"publish","type":"product","link":"https:\/\/technofluid.it\/fr\/produit\/tuyau-maille-dn-1218-au-metre-lineaire-code-arta000012-toscogomma\/","title":{"rendered":"Tuyau en treillis DN 12\u00d718 au m\u00e8tre lin\u00e9aire \u2013 code : ARTA000012 \u2013 Toscogomma"},"content":{"rendered":"<p>Tuyau alimentaire adapt\u00e9 \u00e0 l\u2019acheminement de liquides alimentaires selon le R\u00e8glement Europ\u00e9en N\u00b0 10\/2011 pour simulants<br \/>\nA-B-C.<\/p>\n<p>\nParticuli\u00e8rement indiqu\u00e9 dans l\u2019industrie alimentaire, \u0153nologique, de chantier et navale.\n<\/p>\n<p>&nbsp;<\/p>\n<p>\n<b>STRUCTURE<\/b>\n<\/p>\n<p>Couleur : PVC transparent.<\/p>\n<p>Structure : PVC avec inserts textiles incorpor\u00e9s.<\/p>\n<p>Inserts : Textiles.<\/p>\n<p>Surface : lisse.<\/p><\/p>","protected":false},"excerpt":{"rendered":"<p>Tuyau alimentaire adapt\u00e9 \u00e0 l\u2019acheminement de liquides alimentaires selon le R\u00e8glement Europ\u00e9en N\u00b0 10\/2011 pour simulants<br \/>\nA-B-C.<\/p>\n<p>Particuli\u00e8rement indiqu\u00e9 dans l\u2019industrie alimentaire, \u0153nologique, de chantier et navale.<\/p>\n<p>&nbsp;<\/p>\n<p>STRUCTURE<\/p>\n<p>Couleur : PVC transparent.<br \/>\nStruttura: PVC\u00a0 con inserti tessili incorporati.<br \/>\nInserts : Textiles.<br \/>\nSuperficie:&#8230;<\/p>","protected":false},"featured_media":42471,"comment_status":"open","ping_status":"closed","template":"","meta":{"_acf_changed":false,"_monsterinsights_skip_tracking":false,"_monsterinsights_sitenote_active":false,"_monsterinsights_sitenote_note":"","_monsterinsights_sitenote_category":0,"site-sidebar-layout":"default","site-content-layout":"","ast-site-content-layout":"default","site-content-style":"default","site-sidebar-style":"default","ast-global-header-display":"","ast-banner-title-visibility":"","ast-main-header-display":"","ast-hfb-above-header-display":"","ast-hfb-below-header-display":"","ast-hfb-mobile-header-display":"","site-post-title":"","ast-breadcrumbs-content":"","ast-featured-img":"","footer-sml-layout":"","ast-disable-related-posts":"","theme-transparent-header-meta":"","adv-header-id-meta":"","stick-header-meta":"","header-above-stick-meta":"","header-main-stick-meta":"","header-below-stick-meta":"","astra-migrate-meta-layouts":"default","ast-page-background-enabled":"default","ast-page-background-meta":{"desktop":{"background-color":"var(--ast-global-color-5)","background-image":"","background-repeat":"repeat","background-position":"center center","background-size":"auto","background-attachment":"scroll","background-type":"","background-media":"","overlay-type":"","overlay-color":"","overlay-opacity":"","overlay-gradient":""},"tablet":{"background-color":"","background-image":"","background-repeat":"repeat","background-position":"center center","background-size":"auto","background-attachment":"scroll","background-type":"","background-media":"","overlay-type":"","overlay-color":"","overlay-opacity":"","overlay-gradient":""},"mobile":{"background-color":"","background-image":"","background-repeat":"repeat","background-position":"center center","background-size":"auto","background-attachment":"scroll","background-type":"","background-media":"","overlay-type":"","overlay-color":"","overlay-opacity":"","overlay-gradient":""}},"ast-content-background-meta":{"desktop":{"background-color":"var(--ast-global-color-4)","background-image":"","background-repeat":"repeat","background-position":"center center","background-size":"auto","background-attachment":"scroll","background-type":"","background-media":"","overlay-type":"","overlay-color":"","overlay-opacity":"","overlay-gradient":""},"tablet":{"background-color":"var(--ast-global-color-4)","background-image":"","background-repeat":"repeat","background-position":"center center","background-size":"auto","background-attachment":"scroll","background-type":"","background-media":"","overlay-type":"","overlay-color":"","overlay-opacity":"","overlay-gradient":""},"mobile":{"background-color":"var(--ast-global-color-4)","background-image":"","background-repeat":"repeat","background-position":"center center","background-size":"auto","background-attachment":"scroll","background-type":"","background-media":"","overlay-type":"","overlay-color":"","overlay-opacity":"","overlay-gradient":""}}},"product_brand":[],"product_cat":[84,2746],"product_tag":[],"class_list":{"0":"post-31498","1":"product","2":"type-product","3":"status-publish","4":"has-post-thumbnail","6":"product_cat-idraulica-e-ferramenta","7":"product_cat-tubi-idraulici","8":"pa_supplier-toscogomma-2-0-dei-f-lli-fiorini-snc","9":"desktop-align-left","10":"tablet-align-left","11":"mobile-align-left","13":"first","14":"instock","15":"taxable","16":"shipping-taxable","17":"purchasable","18":"product-type-simple"},"acf":[],"yoast_head":"<!-- This site is optimized with the Yoast SEO Premium plugin v26.7 (Yoast SEO v26.9) - https:\/\/yoast.com\/product\/yoast-seo-premium-wordpress\/ -->\n<title>TUBO RETINATO DN 12x18, AL METRO LINEARE - Technofluid<\/title>\n<meta name=\"description\" content=\"Tubo alimentare idoneo alla mandata di liquidi alimentari particolarmente indicato nell\u2019industria alimentare, enologica, cantieristica e navale.\" \/>\n<meta name=\"robots\" content=\"index, follow, max-snippet:-1, max-image-preview:large, max-video-preview:-1\" \/>\n<link rel=\"canonical\" href=\"https:\/\/technofluid.it\/fr\/produit\/tuyau-maille-dn-1218-au-metre-lineaire-code-arta000012-toscogomma\/\" \/>\n<meta property=\"og:locale\" content=\"fr_FR\" \/>\n<meta property=\"og:type\" content=\"article\" \/>\n<meta property=\"og:title\" content=\"Tubo retinato DN 12&times;18 al metro lineare &ndash; codice: ARTA000012 &ndash; Toscogomma\" \/>\n<meta property=\"og:description\" content=\"Tubo alimentare idoneo alla mandata di liquidi alimentari particolarmente indicato nell\u2019industria alimentare, enologica, cantieristica e navale.\" \/>\n<meta property=\"og:url\" content=\"https:\/\/technofluid.it\/fr\/produit\/tuyau-maille-dn-1218-au-metre-lineaire-code-arta000012-toscogomma\/\" \/>\n<meta property=\"og:site_name\" content=\"Technofluid\" \/>\n<meta property=\"article:modified_time\" content=\"2026-01-16T13:57:57+00:00\" \/>\n<meta property=\"og:image\" content=\"https:\/\/technofluid.it\/wp-content\/uploads\/2026\/01\/244-TUBO-RETINATO-DN-12x18-AL-METRO-LINEARE-CODICE-ARTA000012-TOSCOGOMMA.jpg\" \/>\n\t<meta property=\"og:image:width\" content=\"800\" \/>\n\t<meta property=\"og:image:height\" content=\"800\" \/>\n\t<meta property=\"og:image:type\" content=\"image\/jpeg\" \/>\n<meta name=\"twitter:card\" content=\"summary_large_image\" \/>\n<meta name=\"twitter:label1\" content=\"Prix\" \/>\n\t<meta name=\"twitter:data1\" content=\"0,94&nbsp;&euro; Iva esclusa\" \/>\n\t<meta name=\"twitter:label2\" content=\"Disponibilit\u00e9\" \/>\n\t<meta name=\"twitter:data2\" content=\"En stock\" \/>\n<script type=\"application\/ld+json\" class=\"yoast-schema-graph\">{\"@context\":\"https:\/\/schema.org\",\"@graph\":[{\"@type\":\"WebPage\",\"@id\":\"https:\/\/technofluid.it\/prodotto\/tubo-retinato-dn-1218-al-metro-lineare-codice-arta000012-toscogomma\/\",\"url\":\"https:\/\/technofluid.it\/prodotto\/tubo-retinato-dn-1218-al-metro-lineare-codice-arta000012-toscogomma\/\",\"name\":\"TUBO RETINATO DN 12x18, AL METRO LINEARE - Technofluid\",\"isPartOf\":{\"@id\":\"https:\/\/technofluid.it\/#website\"},\"primaryImageOfPage\":{\"@id\":\"https:\/\/technofluid.it\/prodotto\/tubo-retinato-dn-1218-al-metro-lineare-codice-arta000012-toscogomma\/#primaryimage\"},\"image\":{\"@id\":\"https:\/\/technofluid.it\/prodotto\/tubo-retinato-dn-1218-al-metro-lineare-codice-arta000012-toscogomma\/#primaryimage\"},\"thumbnailUrl\":\"https:\/\/technofluid.it\/wp-content\/uploads\/2026\/01\/244-TUBO-RETINATO-DN-12x18-AL-METRO-LINEARE-CODICE-ARTA000012-TOSCOGOMMA.jpg\",\"datePublished\":\"2025-10-25T00:05:08+00:00\",\"dateModified\":\"2026-01-16T13:57:57+00:00\",\"description\":\"Tubo alimentare idoneo alla mandata di liquidi alimentari particolarmente indicato nell\u2019industria alimentare, enologica, cantieristica e navale.\",\"breadcrumb\":{\"@id\":\"https:\/\/technofluid.it\/prodotto\/tubo-retinato-dn-1218-al-metro-lineare-codice-arta000012-toscogomma\/#breadcrumb\"},\"inLanguage\":\"fr-FR\",\"potentialAction\":[{\"@type\":\"ReadAction\",\"target\":[\"https:\/\/technofluid.it\/prodotto\/tubo-retinato-dn-1218-al-metro-lineare-codice-arta000012-toscogomma\/\"]}]},{\"@type\":\"ImageObject\",\"inLanguage\":\"fr-FR\",\"@id\":\"https:\/\/technofluid.it\/prodotto\/tubo-retinato-dn-1218-al-metro-lineare-codice-arta000012-toscogomma\/#primaryimage\",\"url\":\"https:\/\/technofluid.it\/wp-content\/uploads\/2026\/01\/244-TUBO-RETINATO-DN-12x18-AL-METRO-LINEARE-CODICE-ARTA000012-TOSCOGOMMA.jpg\",\"contentUrl\":\"https:\/\/technofluid.it\/wp-content\/uploads\/2026\/01\/244-TUBO-RETINATO-DN-12x18-AL-METRO-LINEARE-CODICE-ARTA000012-TOSCOGOMMA.jpg\",\"width\":800,\"height\":800,\"caption\":\"Tubo retinato DN 12x18 per applicazioni industriali, disponibile al metro lineare, codice ARTA000012.\"},{\"@type\":\"BreadcrumbList\",\"@id\":\"https:\/\/technofluid.it\/prodotto\/tubo-retinato-dn-1218-al-metro-lineare-codice-arta000012-toscogomma\/#breadcrumb\",\"itemListElement\":[{\"@type\":\"ListItem\",\"position\":1,\"name\":\"Home\",\"item\":\"https:\/\/technofluid.it\/\"},{\"@type\":\"ListItem\",\"position\":2,\"name\":\"Shop\",\"item\":\"https:\/\/technofluid.it\/shop\/\"},{\"@type\":\"ListItem\",\"position\":3,\"name\":\"Tubo retinato DN 12&times;18 al metro lineare &ndash; codice: ARTA000012 &ndash; Toscogomma\"}]},{\"@type\":\"WebSite\",\"@id\":\"https:\/\/technofluid.it\/#website\",\"url\":\"https:\/\/technofluid.it\/\",\"name\":\"Technofluid S.R.L.\",\"description\":\"Dal 1999 siamo specializzati nell&#039;impiantistica navale, idraulica, civile e industriale\",\"publisher\":{\"@id\":\"https:\/\/technofluid.it\/#organization\"},\"potentialAction\":[{\"@type\":\"SearchAction\",\"target\":{\"@type\":\"EntryPoint\",\"urlTemplate\":\"https:\/\/technofluid.it\/?s={search_term_string}\"},\"query-input\":{\"@type\":\"PropertyValueSpecification\",\"valueRequired\":true,\"valueName\":\"search_term_string\"}}],\"inLanguage\":\"fr-FR\"},{\"@type\":\"Organization\",\"@id\":\"https:\/\/technofluid.it\/#organization\",\"name\":\"Technofluid\",\"url\":\"https:\/\/technofluid.it\/\",\"logo\":{\"@type\":\"ImageObject\",\"inLanguage\":\"fr-FR\",\"@id\":\"https:\/\/technofluid.it\/#\/schema\/logo\/image\/\",\"url\":\"https:\/\/technofluid.it\/wp-content\/uploads\/2025\/12\/technofluid_bianco-logo.webp\",\"contentUrl\":\"https:\/\/technofluid.it\/wp-content\/uploads\/2025\/12\/technofluid_bianco-logo.webp\",\"width\":350,\"height\":116,\"caption\":\"Technofluid\"},\"image\":{\"@id\":\"https:\/\/technofluid.it\/#\/schema\/logo\/image\/\"},\"description\":\"La Technofluid S.r.l. nasce nel 1999 a Barcellona Pozzo di Gotto, in provincia di Messina, con l\u2019obiettivo di diventare un punto di riferimento nel settore dell\u2019impiantistica navale, idraulica, civile e industriale.\",\"email\":\"info@technofluid.it\",\"telephone\":\"0907386877\",\"legalName\":\"Technofluid S.R.L\",\"vatID\":\"IT03148240835\",\"taxID\":\"03148240835\",\"ownershipFundingInfo\":\"https:\/\/technofluid.it\/azienda\/\"}]}<\/script>\n<meta property=\"product:price:amount\" content=\"0.94\" \/>\n<meta property=\"product:price:currency\" content=\"EUR\" \/>\n<meta property=\"og:availability\" content=\"instock\" \/>\n<meta property=\"product:availability\" content=\"instock\" \/>\n<meta property=\"product:retailer_item_id\" content=\"TOSCO00000050\" \/>\n<meta property=\"product:condition\" content=\"new\" \/>\n<!-- \/ Yoast SEO Premium plugin. -->","yoast_head_json":{"title":"TUYAU MAILL\u00c9 DN 12x18, AU M\u00c8TRE LIN\u00c9AIRE - Technofluid","description":"Tuyau de qualit\u00e9 alimentaire convenant \u00e0 l'acheminement de liquides alimentaires, particuli\u00e8rement adapt\u00e9 aux industries alimentaire, vinicole, navale et de construction navale.","robots":{"index":"index","follow":"follow","max-snippet":"max-snippet:-1","max-image-preview":"max-image-preview:large","max-video-preview":"max-video-preview:-1"},"canonical":"https:\/\/technofluid.it\/fr\/produit\/tuyau-maille-dn-1218-au-metre-lineaire-code-arta000012-toscogomma\/","og_locale":"fr_FR","og_type":"article","og_title":"Tubo retinato DN 12&times;18 al metro lineare &ndash; codice: ARTA000012 &ndash; Toscogomma","og_description":"Tubo alimentare idoneo alla mandata di liquidi alimentari particolarmente indicato nell\u2019industria alimentare, enologica, cantieristica e navale.","og_url":"https:\/\/technofluid.it\/fr\/produit\/tuyau-maille-dn-1218-au-metre-lineaire-code-arta000012-toscogomma\/","og_site_name":"Technofluid","article_modified_time":"2026-01-16T13:57:57+00:00","og_image":[{"width":800,"height":800,"url":"https:\/\/technofluid.it\/wp-content\/uploads\/2026\/01\/244-TUBO-RETINATO-DN-12x18-AL-METRO-LINEARE-CODICE-ARTA000012-TOSCOGOMMA.jpg","type":"image\/jpeg"}],"twitter_card":"summary_large_image","twitter_misc":{"Prix":"0,94&nbsp;&euro; Iva esclusa","Disponibilit\u00e9":"En stock"},"schema":{"@context":"https:\/\/schema.org","@graph":[{"@type":"WebPage","@id":"https:\/\/technofluid.it\/prodotto\/tubo-retinato-dn-1218-al-metro-lineare-codice-arta000012-toscogomma\/","url":"https:\/\/technofluid.it\/prodotto\/tubo-retinato-dn-1218-al-metro-lineare-codice-arta000012-toscogomma\/","name":"TUYAU MAILL\u00c9 DN 12x18, AU M\u00c8TRE LIN\u00c9AIRE - Technofluid","isPartOf":{"@id":"https:\/\/technofluid.it\/#website"},"primaryImageOfPage":{"@id":"https:\/\/technofluid.it\/prodotto\/tubo-retinato-dn-1218-al-metro-lineare-codice-arta000012-toscogomma\/#primaryimage"},"image":{"@id":"https:\/\/technofluid.it\/prodotto\/tubo-retinato-dn-1218-al-metro-lineare-codice-arta000012-toscogomma\/#primaryimage"},"thumbnailUrl":"https:\/\/technofluid.it\/wp-content\/uploads\/2026\/01\/244-TUBO-RETINATO-DN-12x18-AL-METRO-LINEARE-CODICE-ARTA000012-TOSCOGOMMA.jpg","datePublished":"2025-10-25T00:05:08+00:00","dateModified":"2026-01-16T13:57:57+00:00","description":"Tuyau de qualit\u00e9 alimentaire convenant \u00e0 l'acheminement de liquides alimentaires, particuli\u00e8rement adapt\u00e9 aux industries alimentaire, vinicole, navale et de construction navale.","breadcrumb":{"@id":"https:\/\/technofluid.it\/prodotto\/tubo-retinato-dn-1218-al-metro-lineare-codice-arta000012-toscogomma\/#breadcrumb"},"inLanguage":"fr-FR","potentialAction":[{"@type":"ReadAction","target":["https:\/\/technofluid.it\/prodotto\/tubo-retinato-dn-1218-al-metro-lineare-codice-arta000012-toscogomma\/"]}]},{"@type":"ImageObject","inLanguage":"fr-FR","@id":"https:\/\/technofluid.it\/prodotto\/tubo-retinato-dn-1218-al-metro-lineare-codice-arta000012-toscogomma\/#primaryimage","url":"https:\/\/technofluid.it\/wp-content\/uploads\/2026\/01\/244-TUBO-RETINATO-DN-12x18-AL-METRO-LINEARE-CODICE-ARTA000012-TOSCOGOMMA.jpg","contentUrl":"https:\/\/technofluid.it\/wp-content\/uploads\/2026\/01\/244-TUBO-RETINATO-DN-12x18-AL-METRO-LINEARE-CODICE-ARTA000012-TOSCOGOMMA.jpg","width":800,"height":800,"caption":"Tubo retinato DN 12x18 per applicazioni industriali, disponibile al metro lineare, codice ARTA000012."},{"@type":"BreadcrumbList","@id":"https:\/\/technofluid.it\/prodotto\/tubo-retinato-dn-1218-al-metro-lineare-codice-arta000012-toscogomma\/#breadcrumb","itemListElement":[{"@type":"ListItem","position":1,"name":"Home","item":"https:\/\/technofluid.it\/"},{"@type":"ListItem","position":2,"name":"Shop","item":"https:\/\/technofluid.it\/shop\/"},{"@type":"ListItem","position":3,"name":"Tubo retinato DN 12&times;18 al metro lineare &ndash; codice: ARTA000012 &ndash; Toscogomma"}]},{"@type":"WebSite","@id":"https:\/\/technofluid.it\/#website","url":"https:\/\/technofluid.it\/","name":"Technofluid S.R.L.","description":"Depuis 1999, nous sommes sp\u00e9cialis\u00e9s dans les installations marines, de plomberie, civiles et industrielles.","publisher":{"@id":"https:\/\/technofluid.it\/#organization"},"potentialAction":[{"@type":"SearchAction","target":{"@type":"EntryPoint","urlTemplate":"https:\/\/technofluid.it\/?s={search_term_string}"},"query-input":{"@type":"PropertyValueSpecification","valueRequired":true,"valueName":"search_term_string"}}],"inLanguage":"fr-FR"},{"@type":"Organization","@id":"https:\/\/technofluid.it\/#organization","name":"Technofluid","url":"https:\/\/technofluid.it\/","logo":{"@type":"ImageObject","inLanguage":"fr-FR","@id":"https:\/\/technofluid.it\/#\/schema\/logo\/image\/","url":"https:\/\/technofluid.it\/wp-content\/uploads\/2025\/12\/technofluid_bianco-logo.webp","contentUrl":"https:\/\/technofluid.it\/wp-content\/uploads\/2025\/12\/technofluid_bianco-logo.webp","width":350,"height":116,"caption":"Technofluid"},"image":{"@id":"https:\/\/technofluid.it\/#\/schema\/logo\/image\/"},"description":"La Technofluid S.r.l. est n\u00e9e en 1999 \u00e0 Barcellona Pozzo di Gotto, dans la province de Messine, avec l'objectif de devenir un point de r\u00e9f\u00e9rence dans le secteur de l'installation navale, hydraulique, civile et industrielle.","email":"info@technofluid.it","telephone":"0907386877","legalName":"Technofluid S.R.L","vatID":"IT03148240835","taxID":"03148240835","ownershipFundingInfo":"https:\/\/technofluid.it\/azienda\/"}]},"product_price_amount":"0.94","product_price_currency":"EUR","og_availability":"instock","product_availability":"instock","product_retailer_item_id":"TOSCO00000050","product_condition":"new"},"_links":{"self":[{"href":"https:\/\/technofluid.it\/fr\/wp-json\/wp\/v2\/product\/31498","targetHints":{"allow":["GET"]}}],"collection":[{"href":"https:\/\/technofluid.it\/fr\/wp-json\/wp\/v2\/product"}],"about":[{"href":"https:\/\/technofluid.it\/fr\/wp-json\/wp\/v2\/types\/product"}],"replies":[{"embeddable":true,"href":"https:\/\/technofluid.it\/fr\/wp-json\/wp\/v2\/comments?post=31498"}],"version-history":[{"count":0,"href":"https:\/\/technofluid.it\/fr\/wp-json\/wp\/v2\/product\/31498\/revisions"}],"wp:featuredmedia":[{"embeddable":true,"href":"https:\/\/technofluid.it\/fr\/wp-json\/wp\/v2\/media\/42471"}],"wp:attachment":[{"href":"https:\/\/technofluid.it\/fr\/wp-json\/wp\/v2\/media?parent=31498"}],"wp:term":[{"taxonomy":"product_brand","embeddable":true,"href":"https:\/\/technofluid.it\/fr\/wp-json\/wp\/v2\/product_brand?post=31498"},{"taxonomy":"product_cat","embeddable":true,"href":"https:\/\/technofluid.it\/fr\/wp-json\/wp\/v2\/product_cat?post=31498"},{"taxonomy":"product_tag","embeddable":true,"href":"https:\/\/technofluid.it\/fr\/wp-json\/wp\/v2\/product_tag?post=31498"}],"curies":[{"name":"wp","href":"https:\/\/api.w.org\/{rel}","templated":true}]}}