{"id":31496,"date":"2025-10-25T00:05:08","date_gmt":"2025-10-25T00:05:08","guid":{"rendered":"https:\/\/technofluid.it\/prodotto\/tubo-plutone-dn-50x60-armoville-al-metro-lineare-codice-steel50000-toscogomma\/"},"modified":"2026-04-15T12:25:47","modified_gmt":"2026-04-15T11:25:47","slug":"tubo-plutone-dn-5060-armoville-al-metro-lineare-codice-steel50000-toscogomma","status":"publish","type":"product","link":"https:\/\/technofluid.it\/fr\/produit\/tuyau-pluton-dn-5060-armoville-au-metre-lineaire-code-steel50000-toscogomma\/","title":{"rendered":"Tube Pluton DN 50\u00d760 Armoville au m\u00e8tre lin\u00e9aire \u2013 code : STEEL50000 \u2013 Toscogomma"},"content":{"rendered":"<p><b>EMPLOI<\/p>\n<p>&nbsp;&nbsp;<br \/>\n<\/b><\/p>\n<p>\nSolution id\u00e9ale pour le transport en aspiration et refoulement de liquides alimentaires, boissons, jus de fruits, vinaigre, vin et liqueurs avec une concentration alcoolique jusqu\u2019\u00e0 20%. Il est \u00e9galement utilis\u00e9 sur des machines de remplissage et de dosage. Tuyau flexible fabriqu\u00e9 en PVC-P, avec spirale de renfort en acier. Surface int\u00e9rieure lisse pour favoriser l\u2019optimisation du flux. Transparent pour une identification facile du m\u00e9dia transport\u00e9.<br \/>\nR\u00e9sistant aux agents atmosph\u00e9riques et \u00e0 la plupart des produits chimiques.\n<\/p>\n<p>\n<b>Adapt\u00e9 au transport des aliments selon le R\u00e8glement UE 10\/2011 (classes A, B, C).&nbsp;<\/b>\n<\/p>\n<p>\nLe tuyau peut \u00eatre rendu conducteur (R&lt;102 Ohm\/m) en mettant \u00e0 la terre la spirale.\n<\/p>\n<p>-10\u00b0 C\/+60\u00b0 C<\/p>\n<p>\n<b>&nbsp;<\/b>\n<\/p>\n<p>\n<b>STRUCTURE <\/b>&nbsp;\n<\/p>\n<p>Couleur : PVC-P transparent<\/p>\n<p>Structure : PVC-P avec renfort en spirale d\u2019acier.<\/p>\n<p>Insertions : Renfort en spirale d\u2019acier.<\/p>\n<p>\nSurface : lisse. &nbsp;<\/p>","protected":false},"excerpt":{"rendered":"<p>EMPLOI<\/p>\n<p>&nbsp;<\/p>\n<p>Soluzione ideale per il trasporto in aspirazione e mandata di liquidi alimentari, bevande, succhi di frutta, aceto, vino e liquori con concentrazione alcolica fino a 20%. Viene inoltre impiegato su macchine riempitrici e dosatrici. Tubo flessibile prodotto in PVC-P, con spirale di rinforzo in acciaio. Superficie in&#8230;<\/p>","protected":false},"featured_media":42467,"comment_status":"open","ping_status":"closed","template":"","meta":{"_acf_changed":false,"_monsterinsights_skip_tracking":false,"_monsterinsights_sitenote_active":false,"_monsterinsights_sitenote_note":"","_monsterinsights_sitenote_category":0,"site-sidebar-layout":"default","site-content-layout":"","ast-site-content-layout":"default","site-content-style":"default","site-sidebar-style":"default","ast-global-header-display":"","ast-banner-title-visibility":"","ast-main-header-display":"","ast-hfb-above-header-display":"","ast-hfb-below-header-display":"","ast-hfb-mobile-header-display":"","site-post-title":"","ast-breadcrumbs-content":"","ast-featured-img":"","footer-sml-layout":"","ast-disable-related-posts":"","theme-transparent-header-meta":"","adv-header-id-meta":"","stick-header-meta":"","header-above-stick-meta":"","header-main-stick-meta":"","header-below-stick-meta":"","astra-migrate-meta-layouts":"default","ast-page-background-enabled":"default","ast-page-background-meta":{"desktop":{"background-color":"var(--ast-global-color-5)","background-image":"","background-repeat":"repeat","background-position":"center center","background-size":"auto","background-attachment":"scroll","background-type":"","background-media":"","overlay-type":"","overlay-color":"","overlay-opacity":"","overlay-gradient":""},"tablet":{"background-color":"","background-image":"","background-repeat":"repeat","background-position":"center center","background-size":"auto","background-attachment":"scroll","background-type":"","background-media":"","overlay-type":"","overlay-color":"","overlay-opacity":"","overlay-gradient":""},"mobile":{"background-color":"","background-image":"","background-repeat":"repeat","background-position":"center center","background-size":"auto","background-attachment":"scroll","background-type":"","background-media":"","overlay-type":"","overlay-color":"","overlay-opacity":"","overlay-gradient":""}},"ast-content-background-meta":{"desktop":{"background-color":"var(--ast-global-color-4)","background-image":"","background-repeat":"repeat","background-position":"center center","background-size":"auto","background-attachment":"scroll","background-type":"","background-media":"","overlay-type":"","overlay-color":"","overlay-opacity":"","overlay-gradient":""},"tablet":{"background-color":"var(--ast-global-color-4)","background-image":"","background-repeat":"repeat","background-position":"center center","background-size":"auto","background-attachment":"scroll","background-type":"","background-media":"","overlay-type":"","overlay-color":"","overlay-opacity":"","overlay-gradient":""},"mobile":{"background-color":"var(--ast-global-color-4)","background-image":"","background-repeat":"repeat","background-position":"center center","background-size":"auto","background-attachment":"scroll","background-type":"","background-media":"","overlay-type":"","overlay-color":"","overlay-opacity":"","overlay-gradient":""}}},"product_brand":[],"product_cat":[84,2746],"product_tag":[],"class_list":{"0":"post-31496","1":"product","2":"type-product","3":"status-publish","4":"has-post-thumbnail","6":"product_cat-idraulica-e-ferramenta","7":"product_cat-tubi-idraulici","8":"pa_supplier-toscogomma-2-0-dei-f-lli-fiorini-snc","9":"desktop-align-left","10":"tablet-align-left","11":"mobile-align-left","13":"first","14":"instock","15":"taxable","16":"shipping-taxable","17":"purchasable","18":"product-type-simple"},"acf":[],"yoast_head":"<!-- This site is optimized with the Yoast SEO Premium plugin v26.7 (Yoast SEO v26.9) - https:\/\/yoast.com\/product\/yoast-seo-premium-wordpress\/ -->\n<title>TUBO PLUTONE DN 50X60 ARMOVILLE - Technofluid<\/title>\n<meta name=\"description\" content=\"Soluzione ideale per il trasporto in aspirazione di liquidi alimentari, bevande, succhi di frutta, aceto, vino e liquori con concentrazione alcolica\" \/>\n<meta name=\"robots\" content=\"index, follow, max-snippet:-1, max-image-preview:large, max-video-preview:-1\" \/>\n<link rel=\"canonical\" href=\"https:\/\/technofluid.it\/fr\/produit\/tuyau-pluton-dn-5060-armoville-au-metre-lineaire-code-steel50000-toscogomma\/\" \/>\n<meta property=\"og:locale\" content=\"fr_FR\" \/>\n<meta property=\"og:type\" content=\"article\" \/>\n<meta property=\"og:title\" content=\"Tubo Plutone DN 50&times;60 Armoville al metro lineare &ndash; codice: STEEL50000 &ndash; Toscogomma\" \/>\n<meta property=\"og:description\" content=\"Soluzione ideale per il trasporto in aspirazione di liquidi alimentari, bevande, succhi di frutta, aceto, vino e liquori con concentrazione alcolica\" \/>\n<meta property=\"og:url\" content=\"https:\/\/technofluid.it\/fr\/produit\/tuyau-pluton-dn-5060-armoville-au-metre-lineaire-code-steel50000-toscogomma\/\" \/>\n<meta property=\"og:site_name\" content=\"Technofluid\" \/>\n<meta property=\"article:modified_time\" content=\"2026-04-15T11:25:47+00:00\" \/>\n<meta property=\"og:image\" content=\"https:\/\/technofluid.it\/wp-content\/uploads\/2026\/01\/238-TUBO-PLUTONE-DN-50X60-ARMOVILLE-AL-METRO-LINEARE-CODICE-STEEL50000-TOSCOGOMMA.jpg\" \/>\n\t<meta property=\"og:image:width\" content=\"800\" \/>\n\t<meta property=\"og:image:height\" content=\"800\" \/>\n\t<meta property=\"og:image:type\" content=\"image\/jpeg\" \/>\n<meta name=\"twitter:card\" content=\"summary_large_image\" \/>\n<meta name=\"twitter:label1\" content=\"Prix\" \/>\n\t<meta name=\"twitter:data1\" content=\"9,26&nbsp;&euro; Iva esclusa\" \/>\n\t<meta name=\"twitter:label2\" content=\"Disponibilit\u00e9\" \/>\n\t<meta name=\"twitter:data2\" content=\"En stock\" \/>\n<script type=\"application\/ld+json\" class=\"yoast-schema-graph\">{\"@context\":\"https:\/\/schema.org\",\"@graph\":[{\"@type\":\"WebPage\",\"@id\":\"https:\/\/technofluid.it\/prodotto\/tubo-plutone-dn-5060-armoville-al-metro-lineare-codice-steel50000-toscogomma\/\",\"url\":\"https:\/\/technofluid.it\/prodotto\/tubo-plutone-dn-5060-armoville-al-metro-lineare-codice-steel50000-toscogomma\/\",\"name\":\"TUBO PLUTONE DN 50X60 ARMOVILLE - Technofluid\",\"isPartOf\":{\"@id\":\"https:\/\/technofluid.it\/#website\"},\"primaryImageOfPage\":{\"@id\":\"https:\/\/technofluid.it\/prodotto\/tubo-plutone-dn-5060-armoville-al-metro-lineare-codice-steel50000-toscogomma\/#primaryimage\"},\"image\":{\"@id\":\"https:\/\/technofluid.it\/prodotto\/tubo-plutone-dn-5060-armoville-al-metro-lineare-codice-steel50000-toscogomma\/#primaryimage\"},\"thumbnailUrl\":\"https:\/\/technofluid.it\/wp-content\/uploads\/2026\/01\/238-TUBO-PLUTONE-DN-50X60-ARMOVILLE-AL-METRO-LINEARE-CODICE-STEEL50000-TOSCOGOMMA.jpg\",\"datePublished\":\"2025-10-25T00:05:08+00:00\",\"dateModified\":\"2026-04-15T11:25:47+00:00\",\"description\":\"Soluzione ideale per il trasporto in aspirazione di liquidi alimentari, bevande, succhi di frutta, aceto, vino e liquori con concentrazione alcolica\",\"breadcrumb\":{\"@id\":\"https:\/\/technofluid.it\/prodotto\/tubo-plutone-dn-5060-armoville-al-metro-lineare-codice-steel50000-toscogomma\/#breadcrumb\"},\"inLanguage\":\"fr-FR\",\"potentialAction\":[{\"@type\":\"ReadAction\",\"target\":[\"https:\/\/technofluid.it\/prodotto\/tubo-plutone-dn-5060-armoville-al-metro-lineare-codice-steel50000-toscogomma\/\"]}]},{\"@type\":\"ImageObject\",\"inLanguage\":\"fr-FR\",\"@id\":\"https:\/\/technofluid.it\/prodotto\/tubo-plutone-dn-5060-armoville-al-metro-lineare-codice-steel50000-toscogomma\/#primaryimage\",\"url\":\"https:\/\/technofluid.it\/wp-content\/uploads\/2026\/01\/238-TUBO-PLUTONE-DN-50X60-ARMOVILLE-AL-METRO-LINEARE-CODICE-STEEL50000-TOSCOGOMMA.jpg\",\"contentUrl\":\"https:\/\/technofluid.it\/wp-content\/uploads\/2026\/01\/238-TUBO-PLUTONE-DN-50X60-ARMOVILLE-AL-METRO-LINEARE-CODICE-STEEL50000-TOSCOGOMMA.jpg\",\"width\":800,\"height\":800,\"caption\":\"Tubo Plutone DN 50\u00d760 Armoville, lungo un metro, in plastica trasparente, perfetto per impianti idraulici e sistemi di distribuzione.\"},{\"@type\":\"BreadcrumbList\",\"@id\":\"https:\/\/technofluid.it\/prodotto\/tubo-plutone-dn-5060-armoville-al-metro-lineare-codice-steel50000-toscogomma\/#breadcrumb\",\"itemListElement\":[{\"@type\":\"ListItem\",\"position\":1,\"name\":\"Home\",\"item\":\"https:\/\/technofluid.it\/\"},{\"@type\":\"ListItem\",\"position\":2,\"name\":\"Shop\",\"item\":\"https:\/\/technofluid.it\/shop\/\"},{\"@type\":\"ListItem\",\"position\":3,\"name\":\"Tubo Plutone DN 50&times;60 Armoville al metro lineare &ndash; codice: STEEL50000 &ndash; Toscogomma\"}]},{\"@type\":\"WebSite\",\"@id\":\"https:\/\/technofluid.it\/#website\",\"url\":\"https:\/\/technofluid.it\/\",\"name\":\"Technofluid S.R.L.\",\"description\":\"Dal 1999 siamo specializzati nell&#039;impiantistica navale, idraulica, civile e industriale\",\"publisher\":{\"@id\":\"https:\/\/technofluid.it\/#organization\"},\"potentialAction\":[{\"@type\":\"SearchAction\",\"target\":{\"@type\":\"EntryPoint\",\"urlTemplate\":\"https:\/\/technofluid.it\/?s={search_term_string}\"},\"query-input\":{\"@type\":\"PropertyValueSpecification\",\"valueRequired\":true,\"valueName\":\"search_term_string\"}}],\"inLanguage\":\"fr-FR\"},{\"@type\":\"Organization\",\"@id\":\"https:\/\/technofluid.it\/#organization\",\"name\":\"Technofluid\",\"url\":\"https:\/\/technofluid.it\/\",\"logo\":{\"@type\":\"ImageObject\",\"inLanguage\":\"fr-FR\",\"@id\":\"https:\/\/technofluid.it\/#\/schema\/logo\/image\/\",\"url\":\"https:\/\/technofluid.it\/wp-content\/uploads\/2025\/12\/technofluid_bianco-logo.webp\",\"contentUrl\":\"https:\/\/technofluid.it\/wp-content\/uploads\/2025\/12\/technofluid_bianco-logo.webp\",\"width\":350,\"height\":116,\"caption\":\"Technofluid\"},\"image\":{\"@id\":\"https:\/\/technofluid.it\/#\/schema\/logo\/image\/\"},\"description\":\"La Technofluid S.r.l. nasce nel 1999 a Barcellona Pozzo di Gotto, in provincia di Messina, con l\u2019obiettivo di diventare un punto di riferimento nel settore dell\u2019impiantistica navale, idraulica, civile e industriale.\",\"email\":\"info@technofluid.it\",\"telephone\":\"0907386877\",\"legalName\":\"Technofluid S.R.L\",\"vatID\":\"IT03148240835\",\"taxID\":\"03148240835\",\"ownershipFundingInfo\":\"https:\/\/technofluid.it\/azienda\/\"}]}<\/script>\n<meta property=\"product:price:amount\" content=\"9.26\" \/>\n<meta property=\"product:price:currency\" content=\"EUR\" \/>\n<meta property=\"og:availability\" content=\"instock\" \/>\n<meta property=\"product:availability\" content=\"instock\" \/>\n<meta property=\"product:retailer_item_id\" content=\"TOSCO00000025\" \/>\n<meta property=\"product:condition\" content=\"new\" \/>\n<!-- \/ Yoast SEO Premium plugin. -->","yoast_head_json":{"title":"TUYAU PLUTON DN 50X60 ARMOVILLE - Technofluid","description":"Solution id\u00e9ale pour le transport par aspiration de liquides alimentaires, boissons, jus de fruits, vinaigre, vin et liqueurs avec concentration alcoolique","robots":{"index":"index","follow":"follow","max-snippet":"max-snippet:-1","max-image-preview":"max-image-preview:large","max-video-preview":"max-video-preview:-1"},"canonical":"https:\/\/technofluid.it\/fr\/produit\/tuyau-pluton-dn-5060-armoville-au-metre-lineaire-code-steel50000-toscogomma\/","og_locale":"fr_FR","og_type":"article","og_title":"Tubo Plutone DN 50&times;60 Armoville al metro lineare &ndash; codice: STEEL50000 &ndash; Toscogomma","og_description":"Soluzione ideale per il trasporto in aspirazione di liquidi alimentari, bevande, succhi di frutta, aceto, vino e liquori con concentrazione alcolica","og_url":"https:\/\/technofluid.it\/fr\/produit\/tuyau-pluton-dn-5060-armoville-au-metre-lineaire-code-steel50000-toscogomma\/","og_site_name":"Technofluid","article_modified_time":"2026-04-15T11:25:47+00:00","og_image":[{"width":800,"height":800,"url":"https:\/\/technofluid.it\/wp-content\/uploads\/2026\/01\/238-TUBO-PLUTONE-DN-50X60-ARMOVILLE-AL-METRO-LINEARE-CODICE-STEEL50000-TOSCOGOMMA.jpg","type":"image\/jpeg"}],"twitter_card":"summary_large_image","twitter_misc":{"Prix":"9,26&nbsp;&euro; Iva esclusa","Disponibilit\u00e9":"En stock"},"schema":{"@context":"https:\/\/schema.org","@graph":[{"@type":"WebPage","@id":"https:\/\/technofluid.it\/prodotto\/tubo-plutone-dn-5060-armoville-al-metro-lineare-codice-steel50000-toscogomma\/","url":"https:\/\/technofluid.it\/prodotto\/tubo-plutone-dn-5060-armoville-al-metro-lineare-codice-steel50000-toscogomma\/","name":"TUYAU PLUTON DN 50X60 ARMOVILLE - Technofluid","isPartOf":{"@id":"https:\/\/technofluid.it\/#website"},"primaryImageOfPage":{"@id":"https:\/\/technofluid.it\/prodotto\/tubo-plutone-dn-5060-armoville-al-metro-lineare-codice-steel50000-toscogomma\/#primaryimage"},"image":{"@id":"https:\/\/technofluid.it\/prodotto\/tubo-plutone-dn-5060-armoville-al-metro-lineare-codice-steel50000-toscogomma\/#primaryimage"},"thumbnailUrl":"https:\/\/technofluid.it\/wp-content\/uploads\/2026\/01\/238-TUBO-PLUTONE-DN-50X60-ARMOVILLE-AL-METRO-LINEARE-CODICE-STEEL50000-TOSCOGOMMA.jpg","datePublished":"2025-10-25T00:05:08+00:00","dateModified":"2026-04-15T11:25:47+00:00","description":"Solution id\u00e9ale pour le transport par aspiration de liquides alimentaires, boissons, jus de fruits, vinaigre, vin et liqueurs avec concentration alcoolique","breadcrumb":{"@id":"https:\/\/technofluid.it\/prodotto\/tubo-plutone-dn-5060-armoville-al-metro-lineare-codice-steel50000-toscogomma\/#breadcrumb"},"inLanguage":"fr-FR","potentialAction":[{"@type":"ReadAction","target":["https:\/\/technofluid.it\/prodotto\/tubo-plutone-dn-5060-armoville-al-metro-lineare-codice-steel50000-toscogomma\/"]}]},{"@type":"ImageObject","inLanguage":"fr-FR","@id":"https:\/\/technofluid.it\/prodotto\/tubo-plutone-dn-5060-armoville-al-metro-lineare-codice-steel50000-toscogomma\/#primaryimage","url":"https:\/\/technofluid.it\/wp-content\/uploads\/2026\/01\/238-TUBO-PLUTONE-DN-50X60-ARMOVILLE-AL-METRO-LINEARE-CODICE-STEEL50000-TOSCOGOMMA.jpg","contentUrl":"https:\/\/technofluid.it\/wp-content\/uploads\/2026\/01\/238-TUBO-PLUTONE-DN-50X60-ARMOVILLE-AL-METRO-LINEARE-CODICE-STEEL50000-TOSCOGOMMA.jpg","width":800,"height":800,"caption":"Tubo Plutone DN 50\u00d760 Armoville, lungo un metro, in plastica trasparente, perfetto per impianti idraulici e sistemi di distribuzione."},{"@type":"BreadcrumbList","@id":"https:\/\/technofluid.it\/prodotto\/tubo-plutone-dn-5060-armoville-al-metro-lineare-codice-steel50000-toscogomma\/#breadcrumb","itemListElement":[{"@type":"ListItem","position":1,"name":"Home","item":"https:\/\/technofluid.it\/"},{"@type":"ListItem","position":2,"name":"Shop","item":"https:\/\/technofluid.it\/shop\/"},{"@type":"ListItem","position":3,"name":"Tubo Plutone DN 50&times;60 Armoville al metro lineare &ndash; codice: STEEL50000 &ndash; Toscogomma"}]},{"@type":"WebSite","@id":"https:\/\/technofluid.it\/#website","url":"https:\/\/technofluid.it\/","name":"Technofluid S.R.L.","description":"Depuis 1999, nous sommes sp\u00e9cialis\u00e9s dans les installations marines, de plomberie, civiles et industrielles.","publisher":{"@id":"https:\/\/technofluid.it\/#organization"},"potentialAction":[{"@type":"SearchAction","target":{"@type":"EntryPoint","urlTemplate":"https:\/\/technofluid.it\/?s={search_term_string}"},"query-input":{"@type":"PropertyValueSpecification","valueRequired":true,"valueName":"search_term_string"}}],"inLanguage":"fr-FR"},{"@type":"Organization","@id":"https:\/\/technofluid.it\/#organization","name":"Technofluid","url":"https:\/\/technofluid.it\/","logo":{"@type":"ImageObject","inLanguage":"fr-FR","@id":"https:\/\/technofluid.it\/#\/schema\/logo\/image\/","url":"https:\/\/technofluid.it\/wp-content\/uploads\/2025\/12\/technofluid_bianco-logo.webp","contentUrl":"https:\/\/technofluid.it\/wp-content\/uploads\/2025\/12\/technofluid_bianco-logo.webp","width":350,"height":116,"caption":"Technofluid"},"image":{"@id":"https:\/\/technofluid.it\/#\/schema\/logo\/image\/"},"description":"La Technofluid S.r.l. est n\u00e9e en 1999 \u00e0 Barcellona Pozzo di Gotto, dans la province de Messine, avec l'objectif de devenir un point de r\u00e9f\u00e9rence dans le secteur de l'installation navale, hydraulique, civile et industrielle.","email":"info@technofluid.it","telephone":"0907386877","legalName":"Technofluid S.R.L","vatID":"IT03148240835","taxID":"03148240835","ownershipFundingInfo":"https:\/\/technofluid.it\/azienda\/"}]},"product_price_amount":"9.26","product_price_currency":"EUR","og_availability":"instock","product_availability":"instock","product_retailer_item_id":"TOSCO00000025","product_condition":"new"},"_links":{"self":[{"href":"https:\/\/technofluid.it\/fr\/wp-json\/wp\/v2\/product\/31496","targetHints":{"allow":["GET"]}}],"collection":[{"href":"https:\/\/technofluid.it\/fr\/wp-json\/wp\/v2\/product"}],"about":[{"href":"https:\/\/technofluid.it\/fr\/wp-json\/wp\/v2\/types\/product"}],"replies":[{"embeddable":true,"href":"https:\/\/technofluid.it\/fr\/wp-json\/wp\/v2\/comments?post=31496"}],"version-history":[{"count":0,"href":"https:\/\/technofluid.it\/fr\/wp-json\/wp\/v2\/product\/31496\/revisions"}],"wp:featuredmedia":[{"embeddable":true,"href":"https:\/\/technofluid.it\/fr\/wp-json\/wp\/v2\/media\/42467"}],"wp:attachment":[{"href":"https:\/\/technofluid.it\/fr\/wp-json\/wp\/v2\/media?parent=31496"}],"wp:term":[{"taxonomy":"product_brand","embeddable":true,"href":"https:\/\/technofluid.it\/fr\/wp-json\/wp\/v2\/product_brand?post=31496"},{"taxonomy":"product_cat","embeddable":true,"href":"https:\/\/technofluid.it\/fr\/wp-json\/wp\/v2\/product_cat?post=31496"},{"taxonomy":"product_tag","embeddable":true,"href":"https:\/\/technofluid.it\/fr\/wp-json\/wp\/v2\/product_tag?post=31496"}],"curies":[{"name":"wp","href":"https:\/\/api.w.org\/{rel}","templated":true}]}}