{"id":31495,"date":"2025-10-25T00:05:07","date_gmt":"2025-10-25T00:05:07","guid":{"rendered":"https:\/\/technofluid.it\/prodotto\/tubo-plutone-dn-40x50-armoville-al-metro-lineare-codice-steel40000-toscogomma\/"},"modified":"2026-04-07T17:14:39","modified_gmt":"2026-04-07T16:14:39","slug":"tubo-plutone-dn-4050-armoville-al-metro-lineare-codice-steel40000-toscogomma","status":"publish","type":"product","link":"https:\/\/technofluid.it\/fr\/produit\/tuyau-pluton-dn-4050-armoville-au-metre-lineaire-code-steel40000-toscogomma-2\/","title":{"rendered":"Tube Pluton DN 40\u00d750 Armoville au m\u00e8tre lin\u00e9aire \u2013 code : STEEL40000 \u2013 Toscogomma"},"content":{"rendered":"<p><b>EMPLOI<\/b><\/p>\n<\/p>\n<p>\nSolution id\u00e9ale pour le transport en aspiration et refoulement de liquides alimentaires, boissons, jus de fruits, vinaigre, vin et liqueurs avec une concentration alcoolique jusqu\u2019\u00e0 20%.\n<\/p>\n<p>\nIl est \u00e9galement utilis\u00e9 sur des machines de remplissage et de dosage.\n<\/p>\n<p>\n<b>Tuyau flexible fabriqu\u00e9 en PVC-P, avec spirale de renfort en acier<\/b>. Surface int\u00e9rieure lisse pour favoriser l\u2019optimisation du flux.\n<\/p>\n<p>\nTransparent pour une identification facile du fluide transport\u00e9. R\u00e9sistant aux agents atmosph\u00e9riques et \u00e0 la plupart des produits chimiques. Adapt\u00e9 au transport des aliments selon le R\u00e8glement UE 10\/2011 (classes A, B, C).&nbsp;\n<\/p>\n<p>\nLe tuyau peut \u00eatre rendu conducteur (R&lt;102 Ohm\/m) en mettant \u00e0 la terre la spirale.&nbsp;\n<\/p>\n<p>&nbsp;-10\u00b0 C\/+60\u00b0 C<\/p>\n<p>&nbsp;<\/p>\n<p>\n<b>STRUCTURE&nbsp; &nbsp;<\/b>&nbsp;\n<\/p>\n<p>&nbsp;<\/p>\n<p>Couleur : PVC-P transparent &nbsp;<\/p>\n<p>Structure : PVC-P avec renfort en spirale d\u2019acier.&nbsp;<\/p>\n<p>Insertions : Renfort en spirale d\u2019acier.<\/p>\n<p>\nSurface : lisse.&nbsp; &nbsp;&nbsp;<\/p>\n<p>&nbsp;<\/p>\n<p>\n<b>EMBALLAGE<\/b>&nbsp;&nbsp;\n<\/p>\n<p>&nbsp;<\/p>\n<p>Emballage : poly\u00e9thyl\u00e8ne gris<\/p>\n<p>&nbsp;<\/p>","protected":false},"excerpt":{"rendered":"<p>EMPLOI<\/p>\n<p>Solution id\u00e9ale pour le transport en aspiration et refoulement de liquides alimentaires, boissons, jus de fruits, vinaigre, vin et liqueurs avec une concentration alcoolique jusqu\u2019\u00e0 20%.<\/p>\n<p>Il est \u00e9galement utilis\u00e9 sur des machines de remplissage et de dosage.<\/p>\n<p>Tubo flessibile prodotto in PVC-P, con spirale di rinforzo in acciaio. Superficie interna &#8230;<\/p>","protected":false},"featured_media":42465,"comment_status":"open","ping_status":"closed","template":"","meta":{"_acf_changed":false,"_monsterinsights_skip_tracking":false,"_monsterinsights_sitenote_active":false,"_monsterinsights_sitenote_note":"","_monsterinsights_sitenote_category":0,"site-sidebar-layout":"default","site-content-layout":"","ast-site-content-layout":"default","site-content-style":"default","site-sidebar-style":"default","ast-global-header-display":"","ast-banner-title-visibility":"","ast-main-header-display":"","ast-hfb-above-header-display":"","ast-hfb-below-header-display":"","ast-hfb-mobile-header-display":"","site-post-title":"","ast-breadcrumbs-content":"","ast-featured-img":"","footer-sml-layout":"","ast-disable-related-posts":"","theme-transparent-header-meta":"","adv-header-id-meta":"","stick-header-meta":"","header-above-stick-meta":"","header-main-stick-meta":"","header-below-stick-meta":"","astra-migrate-meta-layouts":"default","ast-page-background-enabled":"default","ast-page-background-meta":{"desktop":{"background-color":"var(--ast-global-color-5)","background-image":"","background-repeat":"repeat","background-position":"center center","background-size":"auto","background-attachment":"scroll","background-type":"","background-media":"","overlay-type":"","overlay-color":"","overlay-opacity":"","overlay-gradient":""},"tablet":{"background-color":"","background-image":"","background-repeat":"repeat","background-position":"center center","background-size":"auto","background-attachment":"scroll","background-type":"","background-media":"","overlay-type":"","overlay-color":"","overlay-opacity":"","overlay-gradient":""},"mobile":{"background-color":"","background-image":"","background-repeat":"repeat","background-position":"center center","background-size":"auto","background-attachment":"scroll","background-type":"","background-media":"","overlay-type":"","overlay-color":"","overlay-opacity":"","overlay-gradient":""}},"ast-content-background-meta":{"desktop":{"background-color":"var(--ast-global-color-4)","background-image":"","background-repeat":"repeat","background-position":"center center","background-size":"auto","background-attachment":"scroll","background-type":"","background-media":"","overlay-type":"","overlay-color":"","overlay-opacity":"","overlay-gradient":""},"tablet":{"background-color":"var(--ast-global-color-4)","background-image":"","background-repeat":"repeat","background-position":"center center","background-size":"auto","background-attachment":"scroll","background-type":"","background-media":"","overlay-type":"","overlay-color":"","overlay-opacity":"","overlay-gradient":""},"mobile":{"background-color":"var(--ast-global-color-4)","background-image":"","background-repeat":"repeat","background-position":"center center","background-size":"auto","background-attachment":"scroll","background-type":"","background-media":"","overlay-type":"","overlay-color":"","overlay-opacity":"","overlay-gradient":""}}},"product_brand":[],"product_cat":[84,2746],"product_tag":[],"class_list":{"0":"post-31495","1":"product","2":"type-product","3":"status-publish","4":"has-post-thumbnail","6":"product_cat-idraulica-e-ferramenta","7":"product_cat-tubi-idraulici","8":"pa_supplier-toscogomma-2-0-dei-f-lli-fiorini-snc","9":"desktop-align-left","10":"tablet-align-left","11":"mobile-align-left","13":"first","14":"instock","15":"taxable","16":"shipping-taxable","17":"purchasable","18":"product-type-simple"},"acf":[],"yoast_head":"<!-- This site is optimized with the Yoast SEO Premium plugin v26.7 (Yoast SEO v26.9) - https:\/\/yoast.com\/product\/yoast-seo-premium-wordpress\/ -->\n<title>Tubo flessibile PVC Plutone DN 40x50 al metro | ToscoGomma<\/title>\n<meta name=\"description\" content=\"Scopri il tubo flessibile PVC Plutone DN 40x50, resistente e trasparente. Acquista al metro lineare su ToscoGomma. Qualit\u00e0 e durata garantite!\" \/>\n<meta name=\"robots\" content=\"index, follow, max-snippet:-1, max-image-preview:large, max-video-preview:-1\" \/>\n<link rel=\"canonical\" href=\"https:\/\/technofluid.it\/fr\/produit\/tuyau-pluton-dn-4050-armoville-au-metre-lineaire-code-steel40000-toscogomma-2\/\" \/>\n<meta property=\"og:locale\" content=\"fr_FR\" \/>\n<meta property=\"og:type\" content=\"article\" \/>\n<meta property=\"og:title\" content=\"Tubo Plutone DN 40&times;50 Armoville al metro lineare &ndash; codice: STEEL40000 &ndash; Toscogomma\" \/>\n<meta property=\"og:description\" content=\"Scopri il tubo flessibile PVC Plutone DN 40x50, resistente e trasparente. Acquista al metro lineare su ToscoGomma. Qualit\u00e0 e durata garantite!\" \/>\n<meta property=\"og:url\" content=\"https:\/\/technofluid.it\/fr\/produit\/tuyau-pluton-dn-4050-armoville-au-metre-lineaire-code-steel40000-toscogomma-2\/\" \/>\n<meta property=\"og:site_name\" content=\"Technofluid\" \/>\n<meta property=\"article:modified_time\" content=\"2026-04-07T16:14:39+00:00\" \/>\n<meta property=\"og:image\" content=\"https:\/\/technofluid.it\/wp-content\/uploads\/2026\/01\/240-TUBO-PLUTONE-DN-40X50-ARMOVILLE-AL-METRO-LINEARE-CODICE-STEEL40000-TOSCOGOMMA.jpg\" \/>\n\t<meta property=\"og:image:width\" content=\"800\" \/>\n\t<meta property=\"og:image:height\" content=\"800\" \/>\n\t<meta property=\"og:image:type\" content=\"image\/jpeg\" \/>\n<meta name=\"twitter:card\" content=\"summary_large_image\" \/>\n<meta name=\"twitter:label1\" content=\"Prix\" \/>\n\t<meta name=\"twitter:data1\" content=\"6,46&nbsp;&euro; Iva esclusa\" \/>\n\t<meta name=\"twitter:label2\" content=\"Disponibilit\u00e9\" \/>\n\t<meta name=\"twitter:data2\" content=\"En stock\" \/>\n<script type=\"application\/ld+json\" class=\"yoast-schema-graph\">{\"@context\":\"https:\/\/schema.org\",\"@graph\":[{\"@type\":\"WebPage\",\"@id\":\"https:\/\/technofluid.it\/prodotto\/tubo-plutone-dn-4050-armoville-al-metro-lineare-codice-steel40000-toscogomma\/\",\"url\":\"https:\/\/technofluid.it\/prodotto\/tubo-plutone-dn-4050-armoville-al-metro-lineare-codice-steel40000-toscogomma\/\",\"name\":\"Tubo flessibile PVC Plutone DN 40x50 al metro | ToscoGomma\",\"isPartOf\":{\"@id\":\"https:\/\/technofluid.it\/#website\"},\"primaryImageOfPage\":{\"@id\":\"https:\/\/technofluid.it\/prodotto\/tubo-plutone-dn-4050-armoville-al-metro-lineare-codice-steel40000-toscogomma\/#primaryimage\"},\"image\":{\"@id\":\"https:\/\/technofluid.it\/prodotto\/tubo-plutone-dn-4050-armoville-al-metro-lineare-codice-steel40000-toscogomma\/#primaryimage\"},\"thumbnailUrl\":\"https:\/\/technofluid.it\/wp-content\/uploads\/2026\/01\/240-TUBO-PLUTONE-DN-40X50-ARMOVILLE-AL-METRO-LINEARE-CODICE-STEEL40000-TOSCOGOMMA.jpg\",\"datePublished\":\"2025-10-25T00:05:07+00:00\",\"dateModified\":\"2026-04-07T16:14:39+00:00\",\"description\":\"Scopri il tubo flessibile PVC Plutone DN 40x50, resistente e trasparente. Acquista al metro lineare su ToscoGomma. Qualit\u00e0 e durata garantite!\",\"breadcrumb\":{\"@id\":\"https:\/\/technofluid.it\/prodotto\/tubo-plutone-dn-4050-armoville-al-metro-lineare-codice-steel40000-toscogomma\/#breadcrumb\"},\"inLanguage\":\"fr-FR\",\"potentialAction\":[{\"@type\":\"ReadAction\",\"target\":[\"https:\/\/technofluid.it\/prodotto\/tubo-plutone-dn-4050-armoville-al-metro-lineare-codice-steel40000-toscogomma\/\"]}]},{\"@type\":\"ImageObject\",\"inLanguage\":\"fr-FR\",\"@id\":\"https:\/\/technofluid.it\/prodotto\/tubo-plutone-dn-4050-armoville-al-metro-lineare-codice-steel40000-toscogomma\/#primaryimage\",\"url\":\"https:\/\/technofluid.it\/wp-content\/uploads\/2026\/01\/240-TUBO-PLUTONE-DN-40X50-ARMOVILLE-AL-METRO-LINEARE-CODICE-STEEL40000-TOSCOGOMMA.jpg\",\"contentUrl\":\"https:\/\/technofluid.it\/wp-content\/uploads\/2026\/01\/240-TUBO-PLUTONE-DN-40X50-ARMOVILLE-AL-METRO-LINEARE-CODICE-STEEL40000-TOSCOGOMMA.jpg\",\"width\":800,\"height\":800,\"caption\":\"Tubo Plutone DN 40x50 Armoville, perfetto per applicazioni idrauliche, in plastica trasparente, codice STEEL40000.\"},{\"@type\":\"BreadcrumbList\",\"@id\":\"https:\/\/technofluid.it\/prodotto\/tubo-plutone-dn-4050-armoville-al-metro-lineare-codice-steel40000-toscogomma\/#breadcrumb\",\"itemListElement\":[{\"@type\":\"ListItem\",\"position\":1,\"name\":\"Home\",\"item\":\"https:\/\/technofluid.it\/\"},{\"@type\":\"ListItem\",\"position\":2,\"name\":\"Shop\",\"item\":\"https:\/\/technofluid.it\/shop\/\"},{\"@type\":\"ListItem\",\"position\":3,\"name\":\"Tubo Plutone DN 40&times;50 Armoville al metro lineare &ndash; codice: STEEL40000 &ndash; Toscogomma\"}]},{\"@type\":\"WebSite\",\"@id\":\"https:\/\/technofluid.it\/#website\",\"url\":\"https:\/\/technofluid.it\/\",\"name\":\"Technofluid S.R.L.\",\"description\":\"Dal 1999 siamo specializzati nell&#039;impiantistica navale, idraulica, civile e industriale\",\"publisher\":{\"@id\":\"https:\/\/technofluid.it\/#organization\"},\"potentialAction\":[{\"@type\":\"SearchAction\",\"target\":{\"@type\":\"EntryPoint\",\"urlTemplate\":\"https:\/\/technofluid.it\/?s={search_term_string}\"},\"query-input\":{\"@type\":\"PropertyValueSpecification\",\"valueRequired\":true,\"valueName\":\"search_term_string\"}}],\"inLanguage\":\"fr-FR\"},{\"@type\":\"Organization\",\"@id\":\"https:\/\/technofluid.it\/#organization\",\"name\":\"Technofluid\",\"url\":\"https:\/\/technofluid.it\/\",\"logo\":{\"@type\":\"ImageObject\",\"inLanguage\":\"fr-FR\",\"@id\":\"https:\/\/technofluid.it\/#\/schema\/logo\/image\/\",\"url\":\"https:\/\/technofluid.it\/wp-content\/uploads\/2025\/12\/technofluid_bianco-logo.webp\",\"contentUrl\":\"https:\/\/technofluid.it\/wp-content\/uploads\/2025\/12\/technofluid_bianco-logo.webp\",\"width\":350,\"height\":116,\"caption\":\"Technofluid\"},\"image\":{\"@id\":\"https:\/\/technofluid.it\/#\/schema\/logo\/image\/\"},\"description\":\"La Technofluid S.r.l. nasce nel 1999 a Barcellona Pozzo di Gotto, in provincia di Messina, con l\u2019obiettivo di diventare un punto di riferimento nel settore dell\u2019impiantistica navale, idraulica, civile e industriale.\",\"email\":\"info@technofluid.it\",\"telephone\":\"0907386877\",\"legalName\":\"Technofluid S.R.L\",\"vatID\":\"IT03148240835\",\"taxID\":\"03148240835\",\"ownershipFundingInfo\":\"https:\/\/technofluid.it\/azienda\/\"}]}<\/script>\n<meta property=\"product:price:amount\" content=\"6.46\" \/>\n<meta property=\"product:price:currency\" content=\"EUR\" \/>\n<meta property=\"og:availability\" content=\"instock\" \/>\n<meta property=\"product:availability\" content=\"instock\" \/>\n<meta property=\"product:retailer_item_id\" content=\"TOSCO00000024\" \/>\n<meta property=\"product:condition\" content=\"new\" \/>\n<!-- \/ Yoast SEO Premium plugin. -->","yoast_head_json":{"title":"Tuyau flexible PVC Pluton DN 40x50 au m\u00e8tre | ToscoGomma","description":"D\u00e9couvrez le tuyau flexible en PVC Pluton DN 40x50, r\u00e9sistant et transparent. Achetez au m\u00e8tre lin\u00e9aire sur ToscoGomma. Qualit\u00e9 et durabilit\u00e9 garanties !","robots":{"index":"index","follow":"follow","max-snippet":"max-snippet:-1","max-image-preview":"max-image-preview:large","max-video-preview":"max-video-preview:-1"},"canonical":"https:\/\/technofluid.it\/fr\/produit\/tuyau-pluton-dn-4050-armoville-au-metre-lineaire-code-steel40000-toscogomma-2\/","og_locale":"fr_FR","og_type":"article","og_title":"Tubo Plutone DN 40&times;50 Armoville al metro lineare &ndash; codice: STEEL40000 &ndash; Toscogomma","og_description":"Scopri il tubo flessibile PVC Plutone DN 40x50, resistente e trasparente. Acquista al metro lineare su ToscoGomma. Qualit\u00e0 e durata garantite!","og_url":"https:\/\/technofluid.it\/fr\/produit\/tuyau-pluton-dn-4050-armoville-au-metre-lineaire-code-steel40000-toscogomma-2\/","og_site_name":"Technofluid","article_modified_time":"2026-04-07T16:14:39+00:00","og_image":[{"width":800,"height":800,"url":"https:\/\/technofluid.it\/wp-content\/uploads\/2026\/01\/240-TUBO-PLUTONE-DN-40X50-ARMOVILLE-AL-METRO-LINEARE-CODICE-STEEL40000-TOSCOGOMMA.jpg","type":"image\/jpeg"}],"twitter_card":"summary_large_image","twitter_misc":{"Prix":"6,46&nbsp;&euro; Iva esclusa","Disponibilit\u00e9":"En stock"},"schema":{"@context":"https:\/\/schema.org","@graph":[{"@type":"WebPage","@id":"https:\/\/technofluid.it\/prodotto\/tubo-plutone-dn-4050-armoville-al-metro-lineare-codice-steel40000-toscogomma\/","url":"https:\/\/technofluid.it\/prodotto\/tubo-plutone-dn-4050-armoville-al-metro-lineare-codice-steel40000-toscogomma\/","name":"Tuyau flexible PVC Pluton DN 40x50 au m\u00e8tre | ToscoGomma","isPartOf":{"@id":"https:\/\/technofluid.it\/#website"},"primaryImageOfPage":{"@id":"https:\/\/technofluid.it\/prodotto\/tubo-plutone-dn-4050-armoville-al-metro-lineare-codice-steel40000-toscogomma\/#primaryimage"},"image":{"@id":"https:\/\/technofluid.it\/prodotto\/tubo-plutone-dn-4050-armoville-al-metro-lineare-codice-steel40000-toscogomma\/#primaryimage"},"thumbnailUrl":"https:\/\/technofluid.it\/wp-content\/uploads\/2026\/01\/240-TUBO-PLUTONE-DN-40X50-ARMOVILLE-AL-METRO-LINEARE-CODICE-STEEL40000-TOSCOGOMMA.jpg","datePublished":"2025-10-25T00:05:07+00:00","dateModified":"2026-04-07T16:14:39+00:00","description":"D\u00e9couvrez le tuyau flexible en PVC Pluton DN 40x50, r\u00e9sistant et transparent. Achetez au m\u00e8tre lin\u00e9aire sur ToscoGomma. Qualit\u00e9 et durabilit\u00e9 garanties !","breadcrumb":{"@id":"https:\/\/technofluid.it\/prodotto\/tubo-plutone-dn-4050-armoville-al-metro-lineare-codice-steel40000-toscogomma\/#breadcrumb"},"inLanguage":"fr-FR","potentialAction":[{"@type":"ReadAction","target":["https:\/\/technofluid.it\/prodotto\/tubo-plutone-dn-4050-armoville-al-metro-lineare-codice-steel40000-toscogomma\/"]}]},{"@type":"ImageObject","inLanguage":"fr-FR","@id":"https:\/\/technofluid.it\/prodotto\/tubo-plutone-dn-4050-armoville-al-metro-lineare-codice-steel40000-toscogomma\/#primaryimage","url":"https:\/\/technofluid.it\/wp-content\/uploads\/2026\/01\/240-TUBO-PLUTONE-DN-40X50-ARMOVILLE-AL-METRO-LINEARE-CODICE-STEEL40000-TOSCOGOMMA.jpg","contentUrl":"https:\/\/technofluid.it\/wp-content\/uploads\/2026\/01\/240-TUBO-PLUTONE-DN-40X50-ARMOVILLE-AL-METRO-LINEARE-CODICE-STEEL40000-TOSCOGOMMA.jpg","width":800,"height":800,"caption":"Tubo Plutone DN 40x50 Armoville, perfetto per applicazioni idrauliche, in plastica trasparente, codice STEEL40000."},{"@type":"BreadcrumbList","@id":"https:\/\/technofluid.it\/prodotto\/tubo-plutone-dn-4050-armoville-al-metro-lineare-codice-steel40000-toscogomma\/#breadcrumb","itemListElement":[{"@type":"ListItem","position":1,"name":"Home","item":"https:\/\/technofluid.it\/"},{"@type":"ListItem","position":2,"name":"Shop","item":"https:\/\/technofluid.it\/shop\/"},{"@type":"ListItem","position":3,"name":"Tubo Plutone DN 40&times;50 Armoville al metro lineare &ndash; codice: STEEL40000 &ndash; Toscogomma"}]},{"@type":"WebSite","@id":"https:\/\/technofluid.it\/#website","url":"https:\/\/technofluid.it\/","name":"Technofluid S.R.L.","description":"Depuis 1999, nous sommes sp\u00e9cialis\u00e9s dans les installations marines, de plomberie, civiles et industrielles.","publisher":{"@id":"https:\/\/technofluid.it\/#organization"},"potentialAction":[{"@type":"SearchAction","target":{"@type":"EntryPoint","urlTemplate":"https:\/\/technofluid.it\/?s={search_term_string}"},"query-input":{"@type":"PropertyValueSpecification","valueRequired":true,"valueName":"search_term_string"}}],"inLanguage":"fr-FR"},{"@type":"Organization","@id":"https:\/\/technofluid.it\/#organization","name":"Technofluid","url":"https:\/\/technofluid.it\/","logo":{"@type":"ImageObject","inLanguage":"fr-FR","@id":"https:\/\/technofluid.it\/#\/schema\/logo\/image\/","url":"https:\/\/technofluid.it\/wp-content\/uploads\/2025\/12\/technofluid_bianco-logo.webp","contentUrl":"https:\/\/technofluid.it\/wp-content\/uploads\/2025\/12\/technofluid_bianco-logo.webp","width":350,"height":116,"caption":"Technofluid"},"image":{"@id":"https:\/\/technofluid.it\/#\/schema\/logo\/image\/"},"description":"La Technofluid S.r.l. est n\u00e9e en 1999 \u00e0 Barcellona Pozzo di Gotto, dans la province de Messine, avec l'objectif de devenir un point de r\u00e9f\u00e9rence dans le secteur de l'installation navale, hydraulique, civile et industrielle.","email":"info@technofluid.it","telephone":"0907386877","legalName":"Technofluid S.R.L","vatID":"IT03148240835","taxID":"03148240835","ownershipFundingInfo":"https:\/\/technofluid.it\/azienda\/"}]},"product_price_amount":"6.46","product_price_currency":"EUR","og_availability":"instock","product_availability":"instock","product_retailer_item_id":"TOSCO00000024","product_condition":"new"},"_links":{"self":[{"href":"https:\/\/technofluid.it\/fr\/wp-json\/wp\/v2\/product\/31495","targetHints":{"allow":["GET"]}}],"collection":[{"href":"https:\/\/technofluid.it\/fr\/wp-json\/wp\/v2\/product"}],"about":[{"href":"https:\/\/technofluid.it\/fr\/wp-json\/wp\/v2\/types\/product"}],"replies":[{"embeddable":true,"href":"https:\/\/technofluid.it\/fr\/wp-json\/wp\/v2\/comments?post=31495"}],"version-history":[{"count":0,"href":"https:\/\/technofluid.it\/fr\/wp-json\/wp\/v2\/product\/31495\/revisions"}],"wp:featuredmedia":[{"embeddable":true,"href":"https:\/\/technofluid.it\/fr\/wp-json\/wp\/v2\/media\/42465"}],"wp:attachment":[{"href":"https:\/\/technofluid.it\/fr\/wp-json\/wp\/v2\/media?parent=31495"}],"wp:term":[{"taxonomy":"product_brand","embeddable":true,"href":"https:\/\/technofluid.it\/fr\/wp-json\/wp\/v2\/product_brand?post=31495"},{"taxonomy":"product_cat","embeddable":true,"href":"https:\/\/technofluid.it\/fr\/wp-json\/wp\/v2\/product_cat?post=31495"},{"taxonomy":"product_tag","embeddable":true,"href":"https:\/\/technofluid.it\/fr\/wp-json\/wp\/v2\/product_tag?post=31495"}],"curies":[{"name":"wp","href":"https:\/\/api.w.org\/{rel}","templated":true}]}}