{"id":31469,"date":"2025-10-25T00:05:05","date_gmt":"2025-10-25T00:05:05","guid":{"rendered":"https:\/\/technofluid.it\/prodotto\/tubo-canalizzato-ultra-flessibile-termico-fonico-in-polietilene-doppia-parete-127-mm-l-10-m-codice-11154127-tecnosystemi\/"},"modified":"2026-04-15T09:26:10","modified_gmt":"2026-04-15T08:26:10","slug":"tubo-canalizzato-ultra-flessibile-termo-fonico-in-polietilene-a-doppia-parete-127mm-l10m-codice-11154127-tecnosystemi","status":"publish","type":"product","link":"https:\/\/technofluid.it\/fr\/produit\/conduit-ultra-flexible-thermo-acoustique-en-polyethylene-a-double-paroi-127mm-l10m-code-11154127-tecnosystemi-2\/","title":{"rendered":"Tuyau canalis\u00e9 ultra flexible thermo-acoustique en poly\u00e9thyl\u00e8ne \u00e0 double paroi, 127 mm, L 10 m \u2013 code : 11154127 \u2013 Tecnosystemi"},"content":{"rendered":"<p>Tuyau canalis\u00e9 ultra flexible thermo-acoustique en poly\u00e9thyl\u00e8ne \u00e0 double paroi, 127 mm, L 10 m \u2013 code : 11154127 \u2013 Tecnosystemi<\/p>","protected":false},"excerpt":{"rendered":"<div class=\"uk-width-1-3@l uk-first-column\">\n<div class=\"title-label\">Caract\u00e9ristiques<\/div>\n<ul class=\"uk-list uk-list-disc uk-margin-remove-top\">\n<li>Temp\u00e9rature de service : de -20\u00b0C \u00e0 +70\u00b0C<\/li>\n<li>Rayon de courbure minimum recommand\u00e9 : 1D<\/li>\n<li>Conduit int\u00e9rieur\/ext\u00e9rieur : poly\u00e9thyl\u00e8ne noir<\/li>\n<li>Mat\u00e9riau isolant : fibre de verre \u00e9paisseur 25 mm densit\u00e9 16 kg\/m\u00b3<\/li>\n<li>Conforme \u00e0 la norme EN 13180<\/li>\n<\/ul>\n<\/div>","protected":false},"featured_media":42415,"comment_status":"open","ping_status":"closed","template":"","meta":{"_acf_changed":false,"_monsterinsights_skip_tracking":false,"_monsterinsights_sitenote_active":false,"_monsterinsights_sitenote_note":"","_monsterinsights_sitenote_category":0,"site-sidebar-layout":"default","site-content-layout":"","ast-site-content-layout":"default","site-content-style":"default","site-sidebar-style":"default","ast-global-header-display":"","ast-banner-title-visibility":"","ast-main-header-display":"","ast-hfb-above-header-display":"","ast-hfb-below-header-display":"","ast-hfb-mobile-header-display":"","site-post-title":"","ast-breadcrumbs-content":"","ast-featured-img":"","footer-sml-layout":"","ast-disable-related-posts":"","theme-transparent-header-meta":"","adv-header-id-meta":"","stick-header-meta":"","header-above-stick-meta":"","header-main-stick-meta":"","header-below-stick-meta":"","astra-migrate-meta-layouts":"default","ast-page-background-enabled":"default","ast-page-background-meta":{"desktop":{"background-color":"var(--ast-global-color-5)","background-image":"","background-repeat":"repeat","background-position":"center center","background-size":"auto","background-attachment":"scroll","background-type":"","background-media":"","overlay-type":"","overlay-color":"","overlay-opacity":"","overlay-gradient":""},"tablet":{"background-color":"","background-image":"","background-repeat":"repeat","background-position":"center center","background-size":"auto","background-attachment":"scroll","background-type":"","background-media":"","overlay-type":"","overlay-color":"","overlay-opacity":"","overlay-gradient":""},"mobile":{"background-color":"","background-image":"","background-repeat":"repeat","background-position":"center center","background-size":"auto","background-attachment":"scroll","background-type":"","background-media":"","overlay-type":"","overlay-color":"","overlay-opacity":"","overlay-gradient":""}},"ast-content-background-meta":{"desktop":{"background-color":"var(--ast-global-color-4)","background-image":"","background-repeat":"repeat","background-position":"center center","background-size":"auto","background-attachment":"scroll","background-type":"","background-media":"","overlay-type":"","overlay-color":"","overlay-opacity":"","overlay-gradient":""},"tablet":{"background-color":"var(--ast-global-color-4)","background-image":"","background-repeat":"repeat","background-position":"center center","background-size":"auto","background-attachment":"scroll","background-type":"","background-media":"","overlay-type":"","overlay-color":"","overlay-opacity":"","overlay-gradient":""},"mobile":{"background-color":"var(--ast-global-color-4)","background-image":"","background-repeat":"repeat","background-position":"center center","background-size":"auto","background-attachment":"scroll","background-type":"","background-media":"","overlay-type":"","overlay-color":"","overlay-opacity":"","overlay-gradient":""}}},"product_brand":[],"product_cat":[101,2742],"product_tag":[7854,3737],"class_list":{"0":"post-31469","1":"product","2":"type-product","3":"status-publish","4":"has-post-thumbnail","6":"product_cat-arredo-e-comfort","7":"product_cat-accessori-per-climatizzazione","8":"product_tag-canalizzato","9":"product_tag-tubo","10":"pa_supplier-tecnosystemi-s-p-a-societ-benefit","11":"desktop-align-left","12":"tablet-align-left","13":"mobile-align-left","15":"first","16":"instock","17":"taxable","18":"shipping-taxable","19":"purchasable","20":"product-type-simple"},"acf":[],"yoast_head":"<!-- This site is optimized with the Yoast SEO Premium plugin v26.7 (Yoast SEO v26.9) - https:\/\/yoast.com\/product\/yoast-seo-premium-wordpress\/ -->\n<title>Tubo canalizzato flessibile termico-fonico 127 mm - TECNOSYSTEMI<\/title>\n<meta name=\"description\" content=\"Scopri il tubo canalizzato flessibile termico-fonico in polietilene doppia parete, facile da installare e isolato. Acquista ora su TECNOSYSTEMI!\" \/>\n<meta name=\"robots\" content=\"index, follow, max-snippet:-1, max-image-preview:large, max-video-preview:-1\" \/>\n<link rel=\"canonical\" href=\"https:\/\/technofluid.it\/fr\/produit\/conduit-ultra-flexible-thermo-acoustique-en-polyethylene-a-double-paroi-127mm-l10m-code-11154127-tecnosystemi-2\/\" \/>\n<meta property=\"og:locale\" content=\"fr_FR\" \/>\n<meta property=\"og:type\" content=\"article\" \/>\n<meta property=\"og:title\" content=\"Tubo canalizzato ultra flessibile termo-fonico in polietilene a doppia parete, 127&nbsp;mm, L&nbsp;10&nbsp;m &ndash; codice: 11154127 &ndash; Tecnosystemi\" \/>\n<meta property=\"og:description\" content=\"Scopri il tubo canalizzato flessibile termico-fonico in polietilene doppia parete, facile da installare e isolato. Acquista ora su TECNOSYSTEMI!\" \/>\n<meta property=\"og:url\" content=\"https:\/\/technofluid.it\/fr\/produit\/conduit-ultra-flexible-thermo-acoustique-en-polyethylene-a-double-paroi-127mm-l10m-code-11154127-tecnosystemi-2\/\" \/>\n<meta property=\"og:site_name\" content=\"Technofluid\" \/>\n<meta property=\"article:modified_time\" content=\"2026-04-15T08:26:10+00:00\" \/>\n<meta property=\"og:image\" content=\"https:\/\/technofluid.it\/wp-content\/uploads\/2026\/01\/894-TUBO-CANALIZZATO-ULTRA-FLESSIBILE-TERMICO-FONICO-IN-POLIETILENE-DOPPIA-PARETE-127-mm-L.10-m-CODICE-11154127-TECNOSYSTE.jpg\" \/>\n\t<meta property=\"og:image:width\" content=\"1200\" \/>\n\t<meta property=\"og:image:height\" content=\"808\" \/>\n\t<meta property=\"og:image:type\" content=\"image\/jpeg\" \/>\n<meta name=\"twitter:card\" content=\"summary_large_image\" \/>\n<meta name=\"twitter:label1\" content=\"Prix\" \/>\n\t<meta name=\"twitter:data1\" content=\"68,49&nbsp;&euro; Iva esclusa\" \/>\n\t<meta name=\"twitter:label2\" content=\"Disponibilit\u00e9\" \/>\n\t<meta name=\"twitter:data2\" content=\"En stock\" \/>\n<script type=\"application\/ld+json\" class=\"yoast-schema-graph\">{\"@context\":\"https:\/\/schema.org\",\"@graph\":[{\"@type\":\"WebPage\",\"@id\":\"https:\/\/technofluid.it\/prodotto\/tubo-canalizzato-ultra-flessibile-termo-fonico-in-polietilene-a-doppia-parete-127mm-l10m-codice-11154127-tecnosystemi\/\",\"url\":\"https:\/\/technofluid.it\/prodotto\/tubo-canalizzato-ultra-flessibile-termo-fonico-in-polietilene-a-doppia-parete-127mm-l10m-codice-11154127-tecnosystemi\/\",\"name\":\"Tubo canalizzato flessibile termico-fonico 127 mm - TECNOSYSTEMI\",\"isPartOf\":{\"@id\":\"https:\/\/technofluid.it\/#website\"},\"primaryImageOfPage\":{\"@id\":\"https:\/\/technofluid.it\/prodotto\/tubo-canalizzato-ultra-flessibile-termo-fonico-in-polietilene-a-doppia-parete-127mm-l10m-codice-11154127-tecnosystemi\/#primaryimage\"},\"image\":{\"@id\":\"https:\/\/technofluid.it\/prodotto\/tubo-canalizzato-ultra-flessibile-termo-fonico-in-polietilene-a-doppia-parete-127mm-l10m-codice-11154127-tecnosystemi\/#primaryimage\"},\"thumbnailUrl\":\"https:\/\/technofluid.it\/wp-content\/uploads\/2026\/01\/894-TUBO-CANALIZZATO-ULTRA-FLESSIBILE-TERMICO-FONICO-IN-POLIETILENE-DOPPIA-PARETE-127-mm-L.10-m-CODICE-11154127-TECNOSYSTE.jpg\",\"datePublished\":\"2025-10-25T00:05:05+00:00\",\"dateModified\":\"2026-04-15T08:26:10+00:00\",\"description\":\"Scopri il tubo canalizzato flessibile termico-fonico in polietilene doppia parete, facile da installare e isolato. Acquista ora su TECNOSYSTEMI!\",\"breadcrumb\":{\"@id\":\"https:\/\/technofluid.it\/prodotto\/tubo-canalizzato-ultra-flessibile-termo-fonico-in-polietilene-a-doppia-parete-127mm-l10m-codice-11154127-tecnosystemi\/#breadcrumb\"},\"inLanguage\":\"fr-FR\",\"potentialAction\":[{\"@type\":\"ReadAction\",\"target\":[\"https:\/\/technofluid.it\/prodotto\/tubo-canalizzato-ultra-flessibile-termo-fonico-in-polietilene-a-doppia-parete-127mm-l10m-codice-11154127-tecnosystemi\/\"]}]},{\"@type\":\"ImageObject\",\"inLanguage\":\"fr-FR\",\"@id\":\"https:\/\/technofluid.it\/prodotto\/tubo-canalizzato-ultra-flessibile-termo-fonico-in-polietilene-a-doppia-parete-127mm-l10m-codice-11154127-tecnosystemi\/#primaryimage\",\"url\":\"https:\/\/technofluid.it\/wp-content\/uploads\/2026\/01\/894-TUBO-CANALIZZATO-ULTRA-FLESSIBILE-TERMICO-FONICO-IN-POLIETILENE-DOPPIA-PARETE-127-mm-L.10-m-CODICE-11154127-TECNOSYSTE.jpg\",\"contentUrl\":\"https:\/\/technofluid.it\/wp-content\/uploads\/2026\/01\/894-TUBO-CANALIZZATO-ULTRA-FLESSIBILE-TERMICO-FONICO-IN-POLIETILENE-DOPPIA-PARETE-127-mm-L.10-m-CODICE-11154127-TECNOSYSTE.jpg\",\"width\":1200,\"height\":808,\"caption\":\"Tubo canalizzato termo-fonico in polietilene, lunghezza 10 metri, ideale per isolamento acustico e flessibilit\u00e0.\"},{\"@type\":\"BreadcrumbList\",\"@id\":\"https:\/\/technofluid.it\/prodotto\/tubo-canalizzato-ultra-flessibile-termo-fonico-in-polietilene-a-doppia-parete-127mm-l10m-codice-11154127-tecnosystemi\/#breadcrumb\",\"itemListElement\":[{\"@type\":\"ListItem\",\"position\":1,\"name\":\"Home\",\"item\":\"https:\/\/technofluid.it\/\"},{\"@type\":\"ListItem\",\"position\":2,\"name\":\"Shop\",\"item\":\"https:\/\/technofluid.it\/shop\/\"},{\"@type\":\"ListItem\",\"position\":3,\"name\":\"Tubo canalizzato ultra flessibile termo-fonico in polietilene a doppia parete, 127&nbsp;mm, L&nbsp;10&nbsp;m &ndash; codice: 11154127 &ndash; Tecnosystemi\"}]},{\"@type\":\"WebSite\",\"@id\":\"https:\/\/technofluid.it\/#website\",\"url\":\"https:\/\/technofluid.it\/\",\"name\":\"Technofluid S.R.L.\",\"description\":\"Dal 1999 siamo specializzati nell&#039;impiantistica navale, idraulica, civile e industriale\",\"publisher\":{\"@id\":\"https:\/\/technofluid.it\/#organization\"},\"potentialAction\":[{\"@type\":\"SearchAction\",\"target\":{\"@type\":\"EntryPoint\",\"urlTemplate\":\"https:\/\/technofluid.it\/?s={search_term_string}\"},\"query-input\":{\"@type\":\"PropertyValueSpecification\",\"valueRequired\":true,\"valueName\":\"search_term_string\"}}],\"inLanguage\":\"fr-FR\"},{\"@type\":\"Organization\",\"@id\":\"https:\/\/technofluid.it\/#organization\",\"name\":\"Technofluid\",\"url\":\"https:\/\/technofluid.it\/\",\"logo\":{\"@type\":\"ImageObject\",\"inLanguage\":\"fr-FR\",\"@id\":\"https:\/\/technofluid.it\/#\/schema\/logo\/image\/\",\"url\":\"https:\/\/technofluid.it\/wp-content\/uploads\/2025\/12\/technofluid_bianco-logo.webp\",\"contentUrl\":\"https:\/\/technofluid.it\/wp-content\/uploads\/2025\/12\/technofluid_bianco-logo.webp\",\"width\":350,\"height\":116,\"caption\":\"Technofluid\"},\"image\":{\"@id\":\"https:\/\/technofluid.it\/#\/schema\/logo\/image\/\"},\"description\":\"La Technofluid S.r.l. nasce nel 1999 a Barcellona Pozzo di Gotto, in provincia di Messina, con l\u2019obiettivo di diventare un punto di riferimento nel settore dell\u2019impiantistica navale, idraulica, civile e industriale.\",\"email\":\"info@technofluid.it\",\"telephone\":\"0907386877\",\"legalName\":\"Technofluid S.R.L\",\"vatID\":\"IT03148240835\",\"taxID\":\"03148240835\",\"ownershipFundingInfo\":\"https:\/\/technofluid.it\/azienda\/\"}]}<\/script>\n<meta property=\"product:price:amount\" content=\"68.49\" \/>\n<meta property=\"product:price:currency\" content=\"EUR\" \/>\n<meta property=\"og:availability\" content=\"instock\" \/>\n<meta property=\"product:availability\" content=\"instock\" \/>\n<meta property=\"product:retailer_item_id\" content=\"TECNOS00007\" \/>\n<meta property=\"product:condition\" content=\"new\" \/>\n<!-- \/ Yoast SEO Premium plugin. -->","yoast_head_json":{"title":"Conduit flexible thermique-acoustique 127 mm - TECNOSYSTEMI","description":"D\u00e9couvrez le tube canalis\u00e9 flexible thermo-acoustique en poly\u00e9thyl\u00e8ne \u00e0 double paroi, facile \u00e0 installer et isol\u00e9. Achetez maintenant sur TECNOSYSTEMI !","robots":{"index":"index","follow":"follow","max-snippet":"max-snippet:-1","max-image-preview":"max-image-preview:large","max-video-preview":"max-video-preview:-1"},"canonical":"https:\/\/technofluid.it\/fr\/produit\/conduit-ultra-flexible-thermo-acoustique-en-polyethylene-a-double-paroi-127mm-l10m-code-11154127-tecnosystemi-2\/","og_locale":"fr_FR","og_type":"article","og_title":"Tubo canalizzato ultra flessibile termo-fonico in polietilene a doppia parete, 127&nbsp;mm, L&nbsp;10&nbsp;m &ndash; codice: 11154127 &ndash; Tecnosystemi","og_description":"Scopri il tubo canalizzato flessibile termico-fonico in polietilene doppia parete, facile da installare e isolato. Acquista ora su TECNOSYSTEMI!","og_url":"https:\/\/technofluid.it\/fr\/produit\/conduit-ultra-flexible-thermo-acoustique-en-polyethylene-a-double-paroi-127mm-l10m-code-11154127-tecnosystemi-2\/","og_site_name":"Technofluid","article_modified_time":"2026-04-15T08:26:10+00:00","og_image":[{"width":1200,"height":808,"url":"https:\/\/technofluid.it\/wp-content\/uploads\/2026\/01\/894-TUBO-CANALIZZATO-ULTRA-FLESSIBILE-TERMICO-FONICO-IN-POLIETILENE-DOPPIA-PARETE-127-mm-L.10-m-CODICE-11154127-TECNOSYSTE.jpg","type":"image\/jpeg"}],"twitter_card":"summary_large_image","twitter_misc":{"Prix":"68,49&nbsp;&euro; Iva esclusa","Disponibilit\u00e9":"En stock"},"schema":{"@context":"https:\/\/schema.org","@graph":[{"@type":"WebPage","@id":"https:\/\/technofluid.it\/prodotto\/tubo-canalizzato-ultra-flessibile-termo-fonico-in-polietilene-a-doppia-parete-127mm-l10m-codice-11154127-tecnosystemi\/","url":"https:\/\/technofluid.it\/prodotto\/tubo-canalizzato-ultra-flessibile-termo-fonico-in-polietilene-a-doppia-parete-127mm-l10m-codice-11154127-tecnosystemi\/","name":"Conduit flexible thermique-acoustique 127 mm - TECNOSYSTEMI","isPartOf":{"@id":"https:\/\/technofluid.it\/#website"},"primaryImageOfPage":{"@id":"https:\/\/technofluid.it\/prodotto\/tubo-canalizzato-ultra-flessibile-termo-fonico-in-polietilene-a-doppia-parete-127mm-l10m-codice-11154127-tecnosystemi\/#primaryimage"},"image":{"@id":"https:\/\/technofluid.it\/prodotto\/tubo-canalizzato-ultra-flessibile-termo-fonico-in-polietilene-a-doppia-parete-127mm-l10m-codice-11154127-tecnosystemi\/#primaryimage"},"thumbnailUrl":"https:\/\/technofluid.it\/wp-content\/uploads\/2026\/01\/894-TUBO-CANALIZZATO-ULTRA-FLESSIBILE-TERMICO-FONICO-IN-POLIETILENE-DOPPIA-PARETE-127-mm-L.10-m-CODICE-11154127-TECNOSYSTE.jpg","datePublished":"2025-10-25T00:05:05+00:00","dateModified":"2026-04-15T08:26:10+00:00","description":"D\u00e9couvrez le tube canalis\u00e9 flexible thermo-acoustique en poly\u00e9thyl\u00e8ne \u00e0 double paroi, facile \u00e0 installer et isol\u00e9. Achetez maintenant sur TECNOSYSTEMI !","breadcrumb":{"@id":"https:\/\/technofluid.it\/prodotto\/tubo-canalizzato-ultra-flessibile-termo-fonico-in-polietilene-a-doppia-parete-127mm-l10m-codice-11154127-tecnosystemi\/#breadcrumb"},"inLanguage":"fr-FR","potentialAction":[{"@type":"ReadAction","target":["https:\/\/technofluid.it\/prodotto\/tubo-canalizzato-ultra-flessibile-termo-fonico-in-polietilene-a-doppia-parete-127mm-l10m-codice-11154127-tecnosystemi\/"]}]},{"@type":"ImageObject","inLanguage":"fr-FR","@id":"https:\/\/technofluid.it\/prodotto\/tubo-canalizzato-ultra-flessibile-termo-fonico-in-polietilene-a-doppia-parete-127mm-l10m-codice-11154127-tecnosystemi\/#primaryimage","url":"https:\/\/technofluid.it\/wp-content\/uploads\/2026\/01\/894-TUBO-CANALIZZATO-ULTRA-FLESSIBILE-TERMICO-FONICO-IN-POLIETILENE-DOPPIA-PARETE-127-mm-L.10-m-CODICE-11154127-TECNOSYSTE.jpg","contentUrl":"https:\/\/technofluid.it\/wp-content\/uploads\/2026\/01\/894-TUBO-CANALIZZATO-ULTRA-FLESSIBILE-TERMICO-FONICO-IN-POLIETILENE-DOPPIA-PARETE-127-mm-L.10-m-CODICE-11154127-TECNOSYSTE.jpg","width":1200,"height":808,"caption":"Tubo canalizzato termo-fonico in polietilene, lunghezza 10 metri, ideale per isolamento acustico e flessibilit\u00e0."},{"@type":"BreadcrumbList","@id":"https:\/\/technofluid.it\/prodotto\/tubo-canalizzato-ultra-flessibile-termo-fonico-in-polietilene-a-doppia-parete-127mm-l10m-codice-11154127-tecnosystemi\/#breadcrumb","itemListElement":[{"@type":"ListItem","position":1,"name":"Home","item":"https:\/\/technofluid.it\/"},{"@type":"ListItem","position":2,"name":"Shop","item":"https:\/\/technofluid.it\/shop\/"},{"@type":"ListItem","position":3,"name":"Tubo canalizzato ultra flessibile termo-fonico in polietilene a doppia parete, 127&nbsp;mm, L&nbsp;10&nbsp;m &ndash; codice: 11154127 &ndash; Tecnosystemi"}]},{"@type":"WebSite","@id":"https:\/\/technofluid.it\/#website","url":"https:\/\/technofluid.it\/","name":"Technofluid S.R.L.","description":"Depuis 1999, nous sommes sp\u00e9cialis\u00e9s dans les installations marines, de plomberie, civiles et industrielles.","publisher":{"@id":"https:\/\/technofluid.it\/#organization"},"potentialAction":[{"@type":"SearchAction","target":{"@type":"EntryPoint","urlTemplate":"https:\/\/technofluid.it\/?s={search_term_string}"},"query-input":{"@type":"PropertyValueSpecification","valueRequired":true,"valueName":"search_term_string"}}],"inLanguage":"fr-FR"},{"@type":"Organization","@id":"https:\/\/technofluid.it\/#organization","name":"Technofluid","url":"https:\/\/technofluid.it\/","logo":{"@type":"ImageObject","inLanguage":"fr-FR","@id":"https:\/\/technofluid.it\/#\/schema\/logo\/image\/","url":"https:\/\/technofluid.it\/wp-content\/uploads\/2025\/12\/technofluid_bianco-logo.webp","contentUrl":"https:\/\/technofluid.it\/wp-content\/uploads\/2025\/12\/technofluid_bianco-logo.webp","width":350,"height":116,"caption":"Technofluid"},"image":{"@id":"https:\/\/technofluid.it\/#\/schema\/logo\/image\/"},"description":"La Technofluid S.r.l. est n\u00e9e en 1999 \u00e0 Barcellona Pozzo di Gotto, dans la province de Messine, avec l'objectif de devenir un point de r\u00e9f\u00e9rence dans le secteur de l'installation navale, hydraulique, civile et industrielle.","email":"info@technofluid.it","telephone":"0907386877","legalName":"Technofluid S.R.L","vatID":"IT03148240835","taxID":"03148240835","ownershipFundingInfo":"https:\/\/technofluid.it\/azienda\/"}]},"product_price_amount":"68.49","product_price_currency":"EUR","og_availability":"instock","product_availability":"instock","product_retailer_item_id":"TECNOS00007","product_condition":"new"},"_links":{"self":[{"href":"https:\/\/technofluid.it\/fr\/wp-json\/wp\/v2\/product\/31469","targetHints":{"allow":["GET"]}}],"collection":[{"href":"https:\/\/technofluid.it\/fr\/wp-json\/wp\/v2\/product"}],"about":[{"href":"https:\/\/technofluid.it\/fr\/wp-json\/wp\/v2\/types\/product"}],"replies":[{"embeddable":true,"href":"https:\/\/technofluid.it\/fr\/wp-json\/wp\/v2\/comments?post=31469"}],"version-history":[{"count":0,"href":"https:\/\/technofluid.it\/fr\/wp-json\/wp\/v2\/product\/31469\/revisions"}],"wp:featuredmedia":[{"embeddable":true,"href":"https:\/\/technofluid.it\/fr\/wp-json\/wp\/v2\/media\/42415"}],"wp:attachment":[{"href":"https:\/\/technofluid.it\/fr\/wp-json\/wp\/v2\/media?parent=31469"}],"wp:term":[{"taxonomy":"product_brand","embeddable":true,"href":"https:\/\/technofluid.it\/fr\/wp-json\/wp\/v2\/product_brand?post=31469"},{"taxonomy":"product_cat","embeddable":true,"href":"https:\/\/technofluid.it\/fr\/wp-json\/wp\/v2\/product_cat?post=31469"},{"taxonomy":"product_tag","embeddable":true,"href":"https:\/\/technofluid.it\/fr\/wp-json\/wp\/v2\/product_tag?post=31469"}],"curies":[{"name":"wp","href":"https:\/\/api.w.org\/{rel}","templated":true}]}}