{"id":31458,"date":"2025-10-25T00:05:04","date_gmt":"2025-10-25T00:05:04","guid":{"rendered":"https:\/\/technofluid.it\/prodotto\/tovaglia-impermeabile-mb-northwind-155x130-cm-codice-5801227-motomarine\/"},"modified":"2026-04-15T09:25:01","modified_gmt":"2026-04-15T08:25:01","slug":"tovaglia-impermeabile-mb-northwind-155130-cm-codice-5801227-motomarine","status":"publish","type":"product","link":"https:\/\/technofluid.it\/fr\/produit\/nappe-impermeable-mb-northwind-155130-cm-code-5801227-motomarine-2\/","title":{"rendered":"Nappe imperm\u00e9able MB Northwind 155\u00d7130 cm \u2013 code : 5801227 \u2013 Motomarine"},"content":{"rendered":"<p>Nappe imperm\u00e9able MB Northwind 155\u00d7130 cm \u2013 code : 5801227 \u2013 Motomarine<\/p>","protected":false},"excerpt":{"rendered":"<p>NAPPE IMPERM\u00c9ABLE MB NORTHWIND <strong>155X130<\/strong> CM<\/p>","protected":false},"featured_media":42389,"comment_status":"open","ping_status":"closed","template":"","meta":{"_acf_changed":false,"_monsterinsights_skip_tracking":false,"_monsterinsights_sitenote_active":false,"_monsterinsights_sitenote_note":"","_monsterinsights_sitenote_category":0,"site-sidebar-layout":"default","site-content-layout":"","ast-site-content-layout":"default","site-content-style":"default","site-sidebar-style":"default","ast-global-header-display":"","ast-banner-title-visibility":"","ast-main-header-display":"","ast-hfb-above-header-display":"","ast-hfb-below-header-display":"","ast-hfb-mobile-header-display":"","site-post-title":"","ast-breadcrumbs-content":"","ast-featured-img":"","footer-sml-layout":"","ast-disable-related-posts":"","theme-transparent-header-meta":"","adv-header-id-meta":"","stick-header-meta":"","header-above-stick-meta":"","header-main-stick-meta":"","header-below-stick-meta":"","astra-migrate-meta-layouts":"default","ast-page-background-enabled":"default","ast-page-background-meta":{"desktop":{"background-color":"var(--ast-global-color-5)","background-image":"","background-repeat":"repeat","background-position":"center center","background-size":"auto","background-attachment":"scroll","background-type":"","background-media":"","overlay-type":"","overlay-color":"","overlay-opacity":"","overlay-gradient":""},"tablet":{"background-color":"","background-image":"","background-repeat":"repeat","background-position":"center center","background-size":"auto","background-attachment":"scroll","background-type":"","background-media":"","overlay-type":"","overlay-color":"","overlay-opacity":"","overlay-gradient":""},"mobile":{"background-color":"","background-image":"","background-repeat":"repeat","background-position":"center center","background-size":"auto","background-attachment":"scroll","background-type":"","background-media":"","overlay-type":"","overlay-color":"","overlay-opacity":"","overlay-gradient":""}},"ast-content-background-meta":{"desktop":{"background-color":"var(--ast-global-color-4)","background-image":"","background-repeat":"repeat","background-position":"center center","background-size":"auto","background-attachment":"scroll","background-type":"","background-media":"","overlay-type":"","overlay-color":"","overlay-opacity":"","overlay-gradient":""},"tablet":{"background-color":"var(--ast-global-color-4)","background-image":"","background-repeat":"repeat","background-position":"center center","background-size":"auto","background-attachment":"scroll","background-type":"","background-media":"","overlay-type":"","overlay-color":"","overlay-opacity":"","overlay-gradient":""},"mobile":{"background-color":"var(--ast-global-color-4)","background-image":"","background-repeat":"repeat","background-position":"center center","background-size":"auto","background-attachment":"scroll","background-type":"","background-media":"","overlay-type":"","overlay-color":"","overlay-opacity":"","overlay-gradient":""}}},"product_brand":[],"product_cat":[101,357],"product_tag":[7835,7836,7396,7837,3100,7838,7839,7840],"class_list":{"0":"post-31458","1":"product","2":"type-product","3":"status-publish","4":"has-post-thumbnail","6":"product_cat-arredo-e-comfort","7":"product_cat-complementi-darredo","8":"product_tag-155x130cm","9":"product_tag-7836","10":"product_tag-impermeabile","11":"product_tag-mb","12":"product_tag-motomarine","13":"product_tag-notrhwind","14":"product_tag-tovaglia","15":"product_tag-tovaglia-impermeabile-mb-northw","16":"pa_supplier-motomarine-s-r-l","17":"desktop-align-left","18":"tablet-align-left","19":"mobile-align-left","21":"first","22":"instock","23":"taxable","24":"shipping-taxable","25":"purchasable","26":"product-type-simple"},"acf":[],"yoast_head":"<!-- This site is optimized with the Yoast SEO Premium plugin v26.7 (Yoast SEO v26.9) - https:\/\/yoast.com\/product\/yoast-seo-premium-wordpress\/ -->\n<title>Tovaglia impermeabile Northwind 155x130 cm - Motomarine<\/title>\n<meta name=\"description\" content=\"Scopri la tovaglia impermeabile Northwind 155x130 cm, resistente e decorativa. Acquista ora su Motomarine e proteggi la tua tavola con stile!\" \/>\n<meta name=\"robots\" content=\"index, follow, max-snippet:-1, max-image-preview:large, max-video-preview:-1\" \/>\n<link rel=\"canonical\" href=\"https:\/\/technofluid.it\/fr\/produit\/nappe-impermeable-mb-northwind-155130-cm-code-5801227-motomarine-2\/\" \/>\n<meta property=\"og:locale\" content=\"fr_FR\" \/>\n<meta property=\"og:type\" content=\"article\" \/>\n<meta property=\"og:title\" content=\"Tovaglia impermeabile MB Northwind 155&times;130 cm &ndash; codice: 5801227 &ndash; Motomarine\" \/>\n<meta property=\"og:description\" content=\"Scopri la tovaglia impermeabile Northwind 155x130 cm, resistente e decorativa. Acquista ora su Motomarine e proteggi la tua tavola con stile!\" \/>\n<meta property=\"og:url\" content=\"https:\/\/technofluid.it\/fr\/produit\/nappe-impermeable-mb-northwind-155130-cm-code-5801227-motomarine-2\/\" \/>\n<meta property=\"og:site_name\" content=\"Technofluid\" \/>\n<meta property=\"article:modified_time\" content=\"2026-04-15T08:25:01+00:00\" \/>\n<meta property=\"og:image\" content=\"https:\/\/technofluid.it\/wp-content\/uploads\/2026\/01\/1704-Tovaglia-impermeabile-MB-Northwind-155130-cm-codice-5801227-Motomarine.jpg\" \/>\n\t<meta property=\"og:image:width\" content=\"200\" \/>\n\t<meta property=\"og:image:height\" content=\"144\" \/>\n\t<meta property=\"og:image:type\" content=\"image\/jpeg\" \/>\n<meta name=\"twitter:card\" content=\"summary_large_image\" \/>\n<meta name=\"twitter:label1\" content=\"Prix\" \/>\n\t<meta name=\"twitter:data1\" content=\"36,07&nbsp;&euro; Iva esclusa\" \/>\n\t<meta name=\"twitter:label2\" content=\"Disponibilit\u00e9\" \/>\n\t<meta name=\"twitter:data2\" content=\"En stock\" \/>\n<script type=\"application\/ld+json\" class=\"yoast-schema-graph\">{\"@context\":\"https:\/\/schema.org\",\"@graph\":[{\"@type\":\"WebPage\",\"@id\":\"https:\/\/technofluid.it\/prodotto\/tovaglia-impermeabile-mb-northwind-155130-cm-codice-5801227-motomarine\/\",\"url\":\"https:\/\/technofluid.it\/prodotto\/tovaglia-impermeabile-mb-northwind-155130-cm-codice-5801227-motomarine\/\",\"name\":\"Tovaglia impermeabile Northwind 155x130 cm - Motomarine\",\"isPartOf\":{\"@id\":\"https:\/\/technofluid.it\/#website\"},\"primaryImageOfPage\":{\"@id\":\"https:\/\/technofluid.it\/prodotto\/tovaglia-impermeabile-mb-northwind-155130-cm-codice-5801227-motomarine\/#primaryimage\"},\"image\":{\"@id\":\"https:\/\/technofluid.it\/prodotto\/tovaglia-impermeabile-mb-northwind-155130-cm-codice-5801227-motomarine\/#primaryimage\"},\"thumbnailUrl\":\"https:\/\/technofluid.it\/wp-content\/uploads\/2026\/01\/1704-Tovaglia-impermeabile-MB-Northwind-155130-cm-codice-5801227-Motomarine.jpg\",\"datePublished\":\"2025-10-25T00:05:04+00:00\",\"dateModified\":\"2026-04-15T08:25:01+00:00\",\"description\":\"Scopri la tovaglia impermeabile Northwind 155x130 cm, resistente e decorativa. Acquista ora su Motomarine e proteggi la tua tavola con stile!\",\"breadcrumb\":{\"@id\":\"https:\/\/technofluid.it\/prodotto\/tovaglia-impermeabile-mb-northwind-155130-cm-codice-5801227-motomarine\/#breadcrumb\"},\"inLanguage\":\"fr-FR\",\"potentialAction\":[{\"@type\":\"ReadAction\",\"target\":[\"https:\/\/technofluid.it\/prodotto\/tovaglia-impermeabile-mb-northwind-155130-cm-codice-5801227-motomarine\/\"]}]},{\"@type\":\"ImageObject\",\"inLanguage\":\"fr-FR\",\"@id\":\"https:\/\/technofluid.it\/prodotto\/tovaglia-impermeabile-mb-northwind-155130-cm-codice-5801227-motomarine\/#primaryimage\",\"url\":\"https:\/\/technofluid.it\/wp-content\/uploads\/2026\/01\/1704-Tovaglia-impermeabile-MB-Northwind-155130-cm-codice-5801227-Motomarine.jpg\",\"contentUrl\":\"https:\/\/technofluid.it\/wp-content\/uploads\/2026\/01\/1704-Tovaglia-impermeabile-MB-Northwind-155130-cm-codice-5801227-Motomarine.jpg\",\"width\":200,\"height\":144,\"caption\":\"Tovaglia impermeabile MB Northwind, ideale per proteggere le superfici da acqua e sporco, con design elegante e resistente.\"},{\"@type\":\"BreadcrumbList\",\"@id\":\"https:\/\/technofluid.it\/prodotto\/tovaglia-impermeabile-mb-northwind-155130-cm-codice-5801227-motomarine\/#breadcrumb\",\"itemListElement\":[{\"@type\":\"ListItem\",\"position\":1,\"name\":\"Home\",\"item\":\"https:\/\/technofluid.it\/\"},{\"@type\":\"ListItem\",\"position\":2,\"name\":\"Shop\",\"item\":\"https:\/\/technofluid.it\/shop\/\"},{\"@type\":\"ListItem\",\"position\":3,\"name\":\"Tovaglia impermeabile MB Northwind 155&times;130 cm &ndash; codice: 5801227 &ndash; Motomarine\"}]},{\"@type\":\"WebSite\",\"@id\":\"https:\/\/technofluid.it\/#website\",\"url\":\"https:\/\/technofluid.it\/\",\"name\":\"Technofluid S.R.L.\",\"description\":\"Dal 1999 siamo specializzati nell&#039;impiantistica navale, idraulica, civile e industriale\",\"publisher\":{\"@id\":\"https:\/\/technofluid.it\/#organization\"},\"potentialAction\":[{\"@type\":\"SearchAction\",\"target\":{\"@type\":\"EntryPoint\",\"urlTemplate\":\"https:\/\/technofluid.it\/?s={search_term_string}\"},\"query-input\":{\"@type\":\"PropertyValueSpecification\",\"valueRequired\":true,\"valueName\":\"search_term_string\"}}],\"inLanguage\":\"fr-FR\"},{\"@type\":\"Organization\",\"@id\":\"https:\/\/technofluid.it\/#organization\",\"name\":\"Technofluid\",\"url\":\"https:\/\/technofluid.it\/\",\"logo\":{\"@type\":\"ImageObject\",\"inLanguage\":\"fr-FR\",\"@id\":\"https:\/\/technofluid.it\/#\/schema\/logo\/image\/\",\"url\":\"https:\/\/technofluid.it\/wp-content\/uploads\/2025\/12\/technofluid_bianco-logo.webp\",\"contentUrl\":\"https:\/\/technofluid.it\/wp-content\/uploads\/2025\/12\/technofluid_bianco-logo.webp\",\"width\":350,\"height\":116,\"caption\":\"Technofluid\"},\"image\":{\"@id\":\"https:\/\/technofluid.it\/#\/schema\/logo\/image\/\"},\"description\":\"La Technofluid S.r.l. nasce nel 1999 a Barcellona Pozzo di Gotto, in provincia di Messina, con l\u2019obiettivo di diventare un punto di riferimento nel settore dell\u2019impiantistica navale, idraulica, civile e industriale.\",\"email\":\"info@technofluid.it\",\"telephone\":\"0907386877\",\"legalName\":\"Technofluid S.R.L\",\"vatID\":\"IT03148240835\",\"taxID\":\"03148240835\",\"ownershipFundingInfo\":\"https:\/\/technofluid.it\/azienda\/\"}]}<\/script>\n<meta property=\"product:price:amount\" content=\"36.07\" \/>\n<meta property=\"product:price:currency\" content=\"EUR\" \/>\n<meta property=\"og:availability\" content=\"instock\" \/>\n<meta property=\"product:availability\" content=\"instock\" \/>\n<meta property=\"product:retailer_item_id\" content=\"MOTO00000176\" \/>\n<meta property=\"product:condition\" content=\"new\" \/>\n<!-- \/ Yoast SEO Premium plugin. -->","yoast_head_json":{"title":"Nappe imperm\u00e9able Northwind 155x130 cm - Motomarine","description":"D\u00e9couvrez la nappe imperm\u00e9able Northwind 155x130 cm, r\u00e9sistante et d\u00e9corative. Achetez maintenant sur Motomarine et prot\u00e9gez votre table avec style !","robots":{"index":"index","follow":"follow","max-snippet":"max-snippet:-1","max-image-preview":"max-image-preview:large","max-video-preview":"max-video-preview:-1"},"canonical":"https:\/\/technofluid.it\/fr\/produit\/nappe-impermeable-mb-northwind-155130-cm-code-5801227-motomarine-2\/","og_locale":"fr_FR","og_type":"article","og_title":"Tovaglia impermeabile MB Northwind 155&times;130 cm &ndash; codice: 5801227 &ndash; Motomarine","og_description":"Scopri la tovaglia impermeabile Northwind 155x130 cm, resistente e decorativa. Acquista ora su Motomarine e proteggi la tua tavola con stile!","og_url":"https:\/\/technofluid.it\/fr\/produit\/nappe-impermeable-mb-northwind-155130-cm-code-5801227-motomarine-2\/","og_site_name":"Technofluid","article_modified_time":"2026-04-15T08:25:01+00:00","og_image":[{"width":200,"height":144,"url":"https:\/\/technofluid.it\/wp-content\/uploads\/2026\/01\/1704-Tovaglia-impermeabile-MB-Northwind-155130-cm-codice-5801227-Motomarine.jpg","type":"image\/jpeg"}],"twitter_card":"summary_large_image","twitter_misc":{"Prix":"36,07&nbsp;&euro; Iva esclusa","Disponibilit\u00e9":"En stock"},"schema":{"@context":"https:\/\/schema.org","@graph":[{"@type":"WebPage","@id":"https:\/\/technofluid.it\/prodotto\/tovaglia-impermeabile-mb-northwind-155130-cm-codice-5801227-motomarine\/","url":"https:\/\/technofluid.it\/prodotto\/tovaglia-impermeabile-mb-northwind-155130-cm-codice-5801227-motomarine\/","name":"Nappe imperm\u00e9able Northwind 155x130 cm - Motomarine","isPartOf":{"@id":"https:\/\/technofluid.it\/#website"},"primaryImageOfPage":{"@id":"https:\/\/technofluid.it\/prodotto\/tovaglia-impermeabile-mb-northwind-155130-cm-codice-5801227-motomarine\/#primaryimage"},"image":{"@id":"https:\/\/technofluid.it\/prodotto\/tovaglia-impermeabile-mb-northwind-155130-cm-codice-5801227-motomarine\/#primaryimage"},"thumbnailUrl":"https:\/\/technofluid.it\/wp-content\/uploads\/2026\/01\/1704-Tovaglia-impermeabile-MB-Northwind-155130-cm-codice-5801227-Motomarine.jpg","datePublished":"2025-10-25T00:05:04+00:00","dateModified":"2026-04-15T08:25:01+00:00","description":"D\u00e9couvrez la nappe imperm\u00e9able Northwind 155x130 cm, r\u00e9sistante et d\u00e9corative. Achetez maintenant sur Motomarine et prot\u00e9gez votre table avec style !","breadcrumb":{"@id":"https:\/\/technofluid.it\/prodotto\/tovaglia-impermeabile-mb-northwind-155130-cm-codice-5801227-motomarine\/#breadcrumb"},"inLanguage":"fr-FR","potentialAction":[{"@type":"ReadAction","target":["https:\/\/technofluid.it\/prodotto\/tovaglia-impermeabile-mb-northwind-155130-cm-codice-5801227-motomarine\/"]}]},{"@type":"ImageObject","inLanguage":"fr-FR","@id":"https:\/\/technofluid.it\/prodotto\/tovaglia-impermeabile-mb-northwind-155130-cm-codice-5801227-motomarine\/#primaryimage","url":"https:\/\/technofluid.it\/wp-content\/uploads\/2026\/01\/1704-Tovaglia-impermeabile-MB-Northwind-155130-cm-codice-5801227-Motomarine.jpg","contentUrl":"https:\/\/technofluid.it\/wp-content\/uploads\/2026\/01\/1704-Tovaglia-impermeabile-MB-Northwind-155130-cm-codice-5801227-Motomarine.jpg","width":200,"height":144,"caption":"Tovaglia impermeabile MB Northwind, ideale per proteggere le superfici da acqua e sporco, con design elegante e resistente."},{"@type":"BreadcrumbList","@id":"https:\/\/technofluid.it\/prodotto\/tovaglia-impermeabile-mb-northwind-155130-cm-codice-5801227-motomarine\/#breadcrumb","itemListElement":[{"@type":"ListItem","position":1,"name":"Home","item":"https:\/\/technofluid.it\/"},{"@type":"ListItem","position":2,"name":"Shop","item":"https:\/\/technofluid.it\/shop\/"},{"@type":"ListItem","position":3,"name":"Tovaglia impermeabile MB Northwind 155&times;130 cm &ndash; codice: 5801227 &ndash; Motomarine"}]},{"@type":"WebSite","@id":"https:\/\/technofluid.it\/#website","url":"https:\/\/technofluid.it\/","name":"Technofluid S.R.L.","description":"Depuis 1999, nous sommes sp\u00e9cialis\u00e9s dans les installations marines, de plomberie, civiles et industrielles.","publisher":{"@id":"https:\/\/technofluid.it\/#organization"},"potentialAction":[{"@type":"SearchAction","target":{"@type":"EntryPoint","urlTemplate":"https:\/\/technofluid.it\/?s={search_term_string}"},"query-input":{"@type":"PropertyValueSpecification","valueRequired":true,"valueName":"search_term_string"}}],"inLanguage":"fr-FR"},{"@type":"Organization","@id":"https:\/\/technofluid.it\/#organization","name":"Technofluid","url":"https:\/\/technofluid.it\/","logo":{"@type":"ImageObject","inLanguage":"fr-FR","@id":"https:\/\/technofluid.it\/#\/schema\/logo\/image\/","url":"https:\/\/technofluid.it\/wp-content\/uploads\/2025\/12\/technofluid_bianco-logo.webp","contentUrl":"https:\/\/technofluid.it\/wp-content\/uploads\/2025\/12\/technofluid_bianco-logo.webp","width":350,"height":116,"caption":"Technofluid"},"image":{"@id":"https:\/\/technofluid.it\/#\/schema\/logo\/image\/"},"description":"La Technofluid S.r.l. est n\u00e9e en 1999 \u00e0 Barcellona Pozzo di Gotto, dans la province de Messine, avec l'objectif de devenir un point de r\u00e9f\u00e9rence dans le secteur de l'installation navale, hydraulique, civile et industrielle.","email":"info@technofluid.it","telephone":"0907386877","legalName":"Technofluid S.R.L","vatID":"IT03148240835","taxID":"03148240835","ownershipFundingInfo":"https:\/\/technofluid.it\/azienda\/"}]},"product_price_amount":"36.07","product_price_currency":"EUR","og_availability":"instock","product_availability":"instock","product_retailer_item_id":"MOTO00000176","product_condition":"new"},"_links":{"self":[{"href":"https:\/\/technofluid.it\/fr\/wp-json\/wp\/v2\/product\/31458","targetHints":{"allow":["GET"]}}],"collection":[{"href":"https:\/\/technofluid.it\/fr\/wp-json\/wp\/v2\/product"}],"about":[{"href":"https:\/\/technofluid.it\/fr\/wp-json\/wp\/v2\/types\/product"}],"replies":[{"embeddable":true,"href":"https:\/\/technofluid.it\/fr\/wp-json\/wp\/v2\/comments?post=31458"}],"version-history":[{"count":0,"href":"https:\/\/technofluid.it\/fr\/wp-json\/wp\/v2\/product\/31458\/revisions"}],"wp:featuredmedia":[{"embeddable":true,"href":"https:\/\/technofluid.it\/fr\/wp-json\/wp\/v2\/media\/42389"}],"wp:attachment":[{"href":"https:\/\/technofluid.it\/fr\/wp-json\/wp\/v2\/media?parent=31458"}],"wp:term":[{"taxonomy":"product_brand","embeddable":true,"href":"https:\/\/technofluid.it\/fr\/wp-json\/wp\/v2\/product_brand?post=31458"},{"taxonomy":"product_cat","embeddable":true,"href":"https:\/\/technofluid.it\/fr\/wp-json\/wp\/v2\/product_cat?post=31458"},{"taxonomy":"product_tag","embeddable":true,"href":"https:\/\/technofluid.it\/fr\/wp-json\/wp\/v2\/product_tag?post=31458"}],"curies":[{"name":"wp","href":"https:\/\/api.w.org\/{rel}","templated":true}]}}