{"id":31440,"date":"2025-10-25T00:04:56","date_gmt":"2025-10-25T00:04:56","guid":{"rendered":"https:\/\/technofluid.it\/prodotto\/termostato-digitale-12-24-vdc-con-sonda-mod-evco-codice-1109-frigomar\/"},"modified":"2026-04-15T09:54:00","modified_gmt":"2026-04-15T08:54:00","slug":"termostato-digitale-1224-vdc-con-sonda-modello-evco-codice-1109-frigomar","status":"publish","type":"product","link":"https:\/\/technofluid.it\/fr\/produit\/thermostat-numerique-1224-vdc-avec-sonde-modele-evco-code-1109-frigomar-2\/","title":{"rendered":"Thermostat num\u00e9rique 12\/24 VDC avec sonde (mod\u00e8le Evco) \u2013 code : 1109 \u2013 Frigomar"},"content":{"rendered":"<p>THERMOSTAT NUM\u00c9RIQUE 12\/24 VDC AVEC SONDE (MOD. EVCO),<br \/>\nART. 1109<\/p>","protected":false},"excerpt":{"rendered":"<p>THERMOSTAT NUM\u00c9RIQUE <strong>12\/24 VDC<\/strong> AVEC SONDE (MOD. EVCO)<\/p>","protected":false},"featured_media":42351,"comment_status":"open","ping_status":"closed","template":"","meta":{"_acf_changed":false,"_monsterinsights_skip_tracking":false,"_monsterinsights_sitenote_active":false,"_monsterinsights_sitenote_note":"","_monsterinsights_sitenote_category":0,"site-sidebar-layout":"default","site-content-layout":"","ast-site-content-layout":"default","site-content-style":"default","site-sidebar-style":"default","ast-global-header-display":"","ast-banner-title-visibility":"","ast-main-header-display":"","ast-hfb-above-header-display":"","ast-hfb-below-header-display":"","ast-hfb-mobile-header-display":"","site-post-title":"","ast-breadcrumbs-content":"","ast-featured-img":"","footer-sml-layout":"","ast-disable-related-posts":"","theme-transparent-header-meta":"","adv-header-id-meta":"","stick-header-meta":"","header-above-stick-meta":"","header-main-stick-meta":"","header-below-stick-meta":"","astra-migrate-meta-layouts":"default","ast-page-background-enabled":"default","ast-page-background-meta":{"desktop":{"background-color":"var(--ast-global-color-5)","background-image":"","background-repeat":"repeat","background-position":"center center","background-size":"auto","background-attachment":"scroll","background-type":"","background-media":"","overlay-type":"","overlay-color":"","overlay-opacity":"","overlay-gradient":""},"tablet":{"background-color":"","background-image":"","background-repeat":"repeat","background-position":"center center","background-size":"auto","background-attachment":"scroll","background-type":"","background-media":"","overlay-type":"","overlay-color":"","overlay-opacity":"","overlay-gradient":""},"mobile":{"background-color":"","background-image":"","background-repeat":"repeat","background-position":"center center","background-size":"auto","background-attachment":"scroll","background-type":"","background-media":"","overlay-type":"","overlay-color":"","overlay-opacity":"","overlay-gradient":""}},"ast-content-background-meta":{"desktop":{"background-color":"var(--ast-global-color-4)","background-image":"","background-repeat":"repeat","background-position":"center center","background-size":"auto","background-attachment":"scroll","background-type":"","background-media":"","overlay-type":"","overlay-color":"","overlay-opacity":"","overlay-gradient":""},"tablet":{"background-color":"var(--ast-global-color-4)","background-image":"","background-repeat":"repeat","background-position":"center center","background-size":"auto","background-attachment":"scroll","background-type":"","background-media":"","overlay-type":"","overlay-color":"","overlay-opacity":"","overlay-gradient":""},"mobile":{"background-color":"var(--ast-global-color-4)","background-image":"","background-repeat":"repeat","background-position":"center center","background-size":"auto","background-attachment":"scroll","background-type":"","background-media":"","overlay-type":"","overlay-color":"","overlay-opacity":"","overlay-gradient":""}}},"product_brand":[],"product_cat":[458,133],"product_tag":[5182],"class_list":{"0":"post-31440","1":"product","2":"type-product","3":"status-publish","4":"has-post-thumbnail","6":"product_cat-frigomar","7":"product_cat-ricambistica","8":"product_tag-termostato","9":"pa_supplier-frigomar-srl","10":"desktop-align-left","11":"tablet-align-left","12":"mobile-align-left","14":"first","15":"instock","16":"taxable","17":"shipping-taxable","18":"purchasable","19":"product-type-simple"},"acf":[],"yoast_head":"<!-- This site is optimized with the Yoast SEO Premium plugin v26.7 (Yoast SEO v26.9) - https:\/\/yoast.com\/product\/yoast-seo-premium-wordpress\/ -->\n<title>Termostato Digitale 12\/24 VDC con Sonda EVCO - FRIGOMAR<\/title>\n<meta name=\"description\" content=\"Scopri il termostato digitale 12\/24 VDC con sonda EVCO, codice 1109. Affidabilit\u00e0 e precisione per il tuo controllo temperatura. Acquista ora!\" \/>\n<meta name=\"robots\" content=\"index, follow, max-snippet:-1, max-image-preview:large, max-video-preview:-1\" \/>\n<link rel=\"canonical\" href=\"https:\/\/technofluid.it\/fr\/produit\/thermostat-numerique-1224-vdc-avec-sonde-modele-evco-code-1109-frigomar-2\/\" \/>\n<meta property=\"og:locale\" content=\"fr_FR\" \/>\n<meta property=\"og:type\" content=\"article\" \/>\n<meta property=\"og:title\" content=\"Termostato digitale 12\/24 VDC con sonda (modello Evco) &ndash; codice: 1109 &ndash; Frigomar\" \/>\n<meta property=\"og:description\" content=\"Scopri il termostato digitale 12\/24 VDC con sonda EVCO, codice 1109. Affidabilit\u00e0 e precisione per il tuo controllo temperatura. Acquista ora!\" \/>\n<meta property=\"og:url\" content=\"https:\/\/technofluid.it\/fr\/produit\/thermostat-numerique-1224-vdc-avec-sonde-modele-evco-code-1109-frigomar-2\/\" \/>\n<meta property=\"og:site_name\" content=\"Technofluid\" \/>\n<meta property=\"article:modified_time\" content=\"2026-04-15T08:54:00+00:00\" \/>\n<meta property=\"og:image\" content=\"https:\/\/technofluid.it\/wp-content\/uploads\/2026\/01\/70-Termostato-digitale-1224-VDC-con-sonda-modello-Evco-codice-1109-Frigomar.jpg\" \/>\n\t<meta property=\"og:image:width\" content=\"800\" \/>\n\t<meta property=\"og:image:height\" content=\"800\" \/>\n\t<meta property=\"og:image:type\" content=\"image\/jpeg\" \/>\n<meta name=\"twitter:card\" content=\"summary_large_image\" \/>\n<meta name=\"twitter:label1\" content=\"Prix\" \/>\n\t<meta name=\"twitter:data1\" content=\"142,01&nbsp;&euro; Iva esclusa\" \/>\n\t<meta name=\"twitter:label2\" content=\"Disponibilit\u00e9\" \/>\n\t<meta name=\"twitter:data2\" content=\"En stock\" \/>\n<script type=\"application\/ld+json\" class=\"yoast-schema-graph\">{\"@context\":\"https:\/\/schema.org\",\"@graph\":[{\"@type\":\"WebPage\",\"@id\":\"https:\/\/technofluid.it\/prodotto\/termostato-digitale-1224-vdc-con-sonda-modello-evco-codice-1109-frigomar\/\",\"url\":\"https:\/\/technofluid.it\/prodotto\/termostato-digitale-1224-vdc-con-sonda-modello-evco-codice-1109-frigomar\/\",\"name\":\"Termostato Digitale 12\/24 VDC con Sonda EVCO - FRIGOMAR\",\"isPartOf\":{\"@id\":\"https:\/\/technofluid.it\/#website\"},\"primaryImageOfPage\":{\"@id\":\"https:\/\/technofluid.it\/prodotto\/termostato-digitale-1224-vdc-con-sonda-modello-evco-codice-1109-frigomar\/#primaryimage\"},\"image\":{\"@id\":\"https:\/\/technofluid.it\/prodotto\/termostato-digitale-1224-vdc-con-sonda-modello-evco-codice-1109-frigomar\/#primaryimage\"},\"thumbnailUrl\":\"https:\/\/technofluid.it\/wp-content\/uploads\/2026\/01\/70-Termostato-digitale-1224-VDC-con-sonda-modello-Evco-codice-1109-Frigomar.jpg\",\"datePublished\":\"2025-10-25T00:04:56+00:00\",\"dateModified\":\"2026-04-15T08:54:00+00:00\",\"description\":\"Scopri il termostato digitale 12\/24 VDC con sonda EVCO, codice 1109. Affidabilit\u00e0 e precisione per il tuo controllo temperatura. Acquista ora!\",\"breadcrumb\":{\"@id\":\"https:\/\/technofluid.it\/prodotto\/termostato-digitale-1224-vdc-con-sonda-modello-evco-codice-1109-frigomar\/#breadcrumb\"},\"inLanguage\":\"fr-FR\",\"potentialAction\":[{\"@type\":\"ReadAction\",\"target\":[\"https:\/\/technofluid.it\/prodotto\/termostato-digitale-1224-vdc-con-sonda-modello-evco-codice-1109-frigomar\/\"]}]},{\"@type\":\"ImageObject\",\"inLanguage\":\"fr-FR\",\"@id\":\"https:\/\/technofluid.it\/prodotto\/termostato-digitale-1224-vdc-con-sonda-modello-evco-codice-1109-frigomar\/#primaryimage\",\"url\":\"https:\/\/technofluid.it\/wp-content\/uploads\/2026\/01\/70-Termostato-digitale-1224-VDC-con-sonda-modello-Evco-codice-1109-Frigomar.jpg\",\"contentUrl\":\"https:\/\/technofluid.it\/wp-content\/uploads\/2026\/01\/70-Termostato-digitale-1224-VDC-con-sonda-modello-Evco-codice-1109-Frigomar.jpg\",\"width\":800,\"height\":800,\"caption\":\"Dispositivo di controllo temperatura digitale con sonda, ideale per applicazioni frigorifere.\"},{\"@type\":\"BreadcrumbList\",\"@id\":\"https:\/\/technofluid.it\/prodotto\/termostato-digitale-1224-vdc-con-sonda-modello-evco-codice-1109-frigomar\/#breadcrumb\",\"itemListElement\":[{\"@type\":\"ListItem\",\"position\":1,\"name\":\"Home\",\"item\":\"https:\/\/technofluid.it\/\"},{\"@type\":\"ListItem\",\"position\":2,\"name\":\"Shop\",\"item\":\"https:\/\/technofluid.it\/shop\/\"},{\"@type\":\"ListItem\",\"position\":3,\"name\":\"Termostato digitale 12\/24 VDC con sonda (modello Evco) &ndash; codice: 1109 &ndash; Frigomar\"}]},{\"@type\":\"WebSite\",\"@id\":\"https:\/\/technofluid.it\/#website\",\"url\":\"https:\/\/technofluid.it\/\",\"name\":\"Technofluid S.R.L.\",\"description\":\"Dal 1999 siamo specializzati nell&#039;impiantistica navale, idraulica, civile e industriale\",\"publisher\":{\"@id\":\"https:\/\/technofluid.it\/#organization\"},\"potentialAction\":[{\"@type\":\"SearchAction\",\"target\":{\"@type\":\"EntryPoint\",\"urlTemplate\":\"https:\/\/technofluid.it\/?s={search_term_string}\"},\"query-input\":{\"@type\":\"PropertyValueSpecification\",\"valueRequired\":true,\"valueName\":\"search_term_string\"}}],\"inLanguage\":\"fr-FR\"},{\"@type\":\"Organization\",\"@id\":\"https:\/\/technofluid.it\/#organization\",\"name\":\"Technofluid\",\"url\":\"https:\/\/technofluid.it\/\",\"logo\":{\"@type\":\"ImageObject\",\"inLanguage\":\"fr-FR\",\"@id\":\"https:\/\/technofluid.it\/#\/schema\/logo\/image\/\",\"url\":\"https:\/\/technofluid.it\/wp-content\/uploads\/2025\/12\/technofluid_bianco-logo.webp\",\"contentUrl\":\"https:\/\/technofluid.it\/wp-content\/uploads\/2025\/12\/technofluid_bianco-logo.webp\",\"width\":350,\"height\":116,\"caption\":\"Technofluid\"},\"image\":{\"@id\":\"https:\/\/technofluid.it\/#\/schema\/logo\/image\/\"},\"description\":\"La Technofluid S.r.l. nasce nel 1999 a Barcellona Pozzo di Gotto, in provincia di Messina, con l\u2019obiettivo di diventare un punto di riferimento nel settore dell\u2019impiantistica navale, idraulica, civile e industriale.\",\"email\":\"info@technofluid.it\",\"telephone\":\"0907386877\",\"legalName\":\"Technofluid S.R.L\",\"vatID\":\"IT03148240835\",\"taxID\":\"03148240835\",\"ownershipFundingInfo\":\"https:\/\/technofluid.it\/azienda\/\"}]}<\/script>\n<meta property=\"product:price:amount\" content=\"142.01\" \/>\n<meta property=\"product:price:currency\" content=\"EUR\" \/>\n<meta property=\"og:availability\" content=\"instock\" \/>\n<meta property=\"product:availability\" content=\"instock\" \/>\n<meta property=\"product:retailer_item_id\" content=\"FRI000000017\" \/>\n<meta property=\"product:condition\" content=\"new\" \/>\n<!-- \/ Yoast SEO Premium plugin. -->","yoast_head_json":{"title":"Thermostat num\u00e9rique 12\/24 VDC avec sonde EVCO - FRIGOMAR","description":"D\u00e9couvrez le thermostat num\u00e9rique 12\/24 VDC avec sonde EVCO, code 1109. Fiabilit\u00e9 et pr\u00e9cision pour votre contr\u00f4le de temp\u00e9rature. Achetez maintenant !","robots":{"index":"index","follow":"follow","max-snippet":"max-snippet:-1","max-image-preview":"max-image-preview:large","max-video-preview":"max-video-preview:-1"},"canonical":"https:\/\/technofluid.it\/fr\/produit\/thermostat-numerique-1224-vdc-avec-sonde-modele-evco-code-1109-frigomar-2\/","og_locale":"fr_FR","og_type":"article","og_title":"Termostato digitale 12\/24 VDC con sonda (modello Evco) &ndash; codice: 1109 &ndash; Frigomar","og_description":"Scopri il termostato digitale 12\/24 VDC con sonda EVCO, codice 1109. Affidabilit\u00e0 e precisione per il tuo controllo temperatura. Acquista ora!","og_url":"https:\/\/technofluid.it\/fr\/produit\/thermostat-numerique-1224-vdc-avec-sonde-modele-evco-code-1109-frigomar-2\/","og_site_name":"Technofluid","article_modified_time":"2026-04-15T08:54:00+00:00","og_image":[{"width":800,"height":800,"url":"https:\/\/technofluid.it\/wp-content\/uploads\/2026\/01\/70-Termostato-digitale-1224-VDC-con-sonda-modello-Evco-codice-1109-Frigomar.jpg","type":"image\/jpeg"}],"twitter_card":"summary_large_image","twitter_misc":{"Prix":"142,01&nbsp;&euro; Iva esclusa","Disponibilit\u00e9":"En stock"},"schema":{"@context":"https:\/\/schema.org","@graph":[{"@type":"WebPage","@id":"https:\/\/technofluid.it\/prodotto\/termostato-digitale-1224-vdc-con-sonda-modello-evco-codice-1109-frigomar\/","url":"https:\/\/technofluid.it\/prodotto\/termostato-digitale-1224-vdc-con-sonda-modello-evco-codice-1109-frigomar\/","name":"Thermostat num\u00e9rique 12\/24 VDC avec sonde EVCO - FRIGOMAR","isPartOf":{"@id":"https:\/\/technofluid.it\/#website"},"primaryImageOfPage":{"@id":"https:\/\/technofluid.it\/prodotto\/termostato-digitale-1224-vdc-con-sonda-modello-evco-codice-1109-frigomar\/#primaryimage"},"image":{"@id":"https:\/\/technofluid.it\/prodotto\/termostato-digitale-1224-vdc-con-sonda-modello-evco-codice-1109-frigomar\/#primaryimage"},"thumbnailUrl":"https:\/\/technofluid.it\/wp-content\/uploads\/2026\/01\/70-Termostato-digitale-1224-VDC-con-sonda-modello-Evco-codice-1109-Frigomar.jpg","datePublished":"2025-10-25T00:04:56+00:00","dateModified":"2026-04-15T08:54:00+00:00","description":"D\u00e9couvrez le thermostat num\u00e9rique 12\/24 VDC avec sonde EVCO, code 1109. Fiabilit\u00e9 et pr\u00e9cision pour votre contr\u00f4le de temp\u00e9rature. Achetez maintenant !","breadcrumb":{"@id":"https:\/\/technofluid.it\/prodotto\/termostato-digitale-1224-vdc-con-sonda-modello-evco-codice-1109-frigomar\/#breadcrumb"},"inLanguage":"fr-FR","potentialAction":[{"@type":"ReadAction","target":["https:\/\/technofluid.it\/prodotto\/termostato-digitale-1224-vdc-con-sonda-modello-evco-codice-1109-frigomar\/"]}]},{"@type":"ImageObject","inLanguage":"fr-FR","@id":"https:\/\/technofluid.it\/prodotto\/termostato-digitale-1224-vdc-con-sonda-modello-evco-codice-1109-frigomar\/#primaryimage","url":"https:\/\/technofluid.it\/wp-content\/uploads\/2026\/01\/70-Termostato-digitale-1224-VDC-con-sonda-modello-Evco-codice-1109-Frigomar.jpg","contentUrl":"https:\/\/technofluid.it\/wp-content\/uploads\/2026\/01\/70-Termostato-digitale-1224-VDC-con-sonda-modello-Evco-codice-1109-Frigomar.jpg","width":800,"height":800,"caption":"Dispositivo di controllo temperatura digitale con sonda, ideale per applicazioni frigorifere."},{"@type":"BreadcrumbList","@id":"https:\/\/technofluid.it\/prodotto\/termostato-digitale-1224-vdc-con-sonda-modello-evco-codice-1109-frigomar\/#breadcrumb","itemListElement":[{"@type":"ListItem","position":1,"name":"Home","item":"https:\/\/technofluid.it\/"},{"@type":"ListItem","position":2,"name":"Shop","item":"https:\/\/technofluid.it\/shop\/"},{"@type":"ListItem","position":3,"name":"Termostato digitale 12\/24 VDC con sonda (modello Evco) &ndash; codice: 1109 &ndash; Frigomar"}]},{"@type":"WebSite","@id":"https:\/\/technofluid.it\/#website","url":"https:\/\/technofluid.it\/","name":"Technofluid S.R.L.","description":"Depuis 1999, nous sommes sp\u00e9cialis\u00e9s dans les installations marines, de plomberie, civiles et industrielles.","publisher":{"@id":"https:\/\/technofluid.it\/#organization"},"potentialAction":[{"@type":"SearchAction","target":{"@type":"EntryPoint","urlTemplate":"https:\/\/technofluid.it\/?s={search_term_string}"},"query-input":{"@type":"PropertyValueSpecification","valueRequired":true,"valueName":"search_term_string"}}],"inLanguage":"fr-FR"},{"@type":"Organization","@id":"https:\/\/technofluid.it\/#organization","name":"Technofluid","url":"https:\/\/technofluid.it\/","logo":{"@type":"ImageObject","inLanguage":"fr-FR","@id":"https:\/\/technofluid.it\/#\/schema\/logo\/image\/","url":"https:\/\/technofluid.it\/wp-content\/uploads\/2025\/12\/technofluid_bianco-logo.webp","contentUrl":"https:\/\/technofluid.it\/wp-content\/uploads\/2025\/12\/technofluid_bianco-logo.webp","width":350,"height":116,"caption":"Technofluid"},"image":{"@id":"https:\/\/technofluid.it\/#\/schema\/logo\/image\/"},"description":"La Technofluid S.r.l. est n\u00e9e en 1999 \u00e0 Barcellona Pozzo di Gotto, dans la province de Messine, avec l'objectif de devenir un point de r\u00e9f\u00e9rence dans le secteur de l'installation navale, hydraulique, civile et industrielle.","email":"info@technofluid.it","telephone":"0907386877","legalName":"Technofluid S.R.L","vatID":"IT03148240835","taxID":"03148240835","ownershipFundingInfo":"https:\/\/technofluid.it\/azienda\/"}]},"product_price_amount":"142.01","product_price_currency":"EUR","og_availability":"instock","product_availability":"instock","product_retailer_item_id":"FRI000000017","product_condition":"new"},"_links":{"self":[{"href":"https:\/\/technofluid.it\/fr\/wp-json\/wp\/v2\/product\/31440","targetHints":{"allow":["GET"]}}],"collection":[{"href":"https:\/\/technofluid.it\/fr\/wp-json\/wp\/v2\/product"}],"about":[{"href":"https:\/\/technofluid.it\/fr\/wp-json\/wp\/v2\/types\/product"}],"replies":[{"embeddable":true,"href":"https:\/\/technofluid.it\/fr\/wp-json\/wp\/v2\/comments?post=31440"}],"version-history":[{"count":0,"href":"https:\/\/technofluid.it\/fr\/wp-json\/wp\/v2\/product\/31440\/revisions"}],"wp:featuredmedia":[{"embeddable":true,"href":"https:\/\/technofluid.it\/fr\/wp-json\/wp\/v2\/media\/42351"}],"wp:attachment":[{"href":"https:\/\/technofluid.it\/fr\/wp-json\/wp\/v2\/media?parent=31440"}],"wp:term":[{"taxonomy":"product_brand","embeddable":true,"href":"https:\/\/technofluid.it\/fr\/wp-json\/wp\/v2\/product_brand?post=31440"},{"taxonomy":"product_cat","embeddable":true,"href":"https:\/\/technofluid.it\/fr\/wp-json\/wp\/v2\/product_cat?post=31440"},{"taxonomy":"product_tag","embeddable":true,"href":"https:\/\/technofluid.it\/fr\/wp-json\/wp\/v2\/product_tag?post=31440"}],"curies":[{"name":"wp","href":"https:\/\/api.w.org\/{rel}","templated":true}]}}