{"id":31372,"date":"2025-10-25T00:04:49","date_gmt":"2025-10-25T00:04:49","guid":{"rendered":"https:\/\/technofluid.it\/prodotto\/tappo-m-a-testa-quadra-da-11-2-in-ottone-anticorrosione-cr-codice-7290h-maestrini\/"},"modified":"2026-01-16T13:57:49","modified_gmt":"2026-01-16T13:57:49","slug":"tappo-m-a-testa-quadra-da-112-in-ottone-anticorrosione-cr-codice-7290h-maestrini","status":"publish","type":"product","link":"https:\/\/technofluid.it\/fr\/produit\/bouchon-m-a-tete-carree-de-112-en-laiton-anticorrosion-cr-code-7290h-maestrini-2\/","title":{"rendered":"Bouchon M \u00e0 t\u00eate carr\u00e9e de 1\"1\/2 en laiton anticorrosion CR \u2013 code : 7290H \u2013 Maestrini"},"content":{"rendered":"<p>Bouchon M \u00e0 t\u00eate carr\u00e9e de 1\"1\/2 en laiton anticorrosion CR \u2013 code : 7290H \u2013 Maestrini<\/p>","protected":false},"excerpt":{"rendered":"<p>TAPPO M. A TESTA QUADRA DA 1&#8243;1\/2 IN OTTONE ANTICORROSIONE CR &#8211; CODICE: 7290H &#8211; MAESTRINI<\/p>","protected":false},"featured_media":42186,"comment_status":"open","ping_status":"closed","template":"","meta":{"_acf_changed":false,"_monsterinsights_skip_tracking":false,"_monsterinsights_sitenote_active":false,"_monsterinsights_sitenote_note":"","_monsterinsights_sitenote_category":0,"site-sidebar-layout":"default","site-content-layout":"","ast-site-content-layout":"default","site-content-style":"default","site-sidebar-style":"default","ast-global-header-display":"","ast-banner-title-visibility":"","ast-main-header-display":"","ast-hfb-above-header-display":"","ast-hfb-below-header-display":"","ast-hfb-mobile-header-display":"","site-post-title":"","ast-breadcrumbs-content":"","ast-featured-img":"","footer-sml-layout":"","ast-disable-related-posts":"","theme-transparent-header-meta":"","adv-header-id-meta":"","stick-header-meta":"","header-above-stick-meta":"","header-main-stick-meta":"","header-below-stick-meta":"","astra-migrate-meta-layouts":"default","ast-page-background-enabled":"default","ast-page-background-meta":{"desktop":{"background-color":"var(--ast-global-color-5)","background-image":"","background-repeat":"repeat","background-position":"center center","background-size":"auto","background-attachment":"scroll","background-type":"","background-media":"","overlay-type":"","overlay-color":"","overlay-opacity":"","overlay-gradient":""},"tablet":{"background-color":"","background-image":"","background-repeat":"repeat","background-position":"center center","background-size":"auto","background-attachment":"scroll","background-type":"","background-media":"","overlay-type":"","overlay-color":"","overlay-opacity":"","overlay-gradient":""},"mobile":{"background-color":"","background-image":"","background-repeat":"repeat","background-position":"center center","background-size":"auto","background-attachment":"scroll","background-type":"","background-media":"","overlay-type":"","overlay-color":"","overlay-opacity":"","overlay-gradient":""}},"ast-content-background-meta":{"desktop":{"background-color":"var(--ast-global-color-4)","background-image":"","background-repeat":"repeat","background-position":"center center","background-size":"auto","background-attachment":"scroll","background-type":"","background-media":"","overlay-type":"","overlay-color":"","overlay-opacity":"","overlay-gradient":""},"tablet":{"background-color":"var(--ast-global-color-4)","background-image":"","background-repeat":"repeat","background-position":"center center","background-size":"auto","background-attachment":"scroll","background-type":"","background-media":"","overlay-type":"","overlay-color":"","overlay-opacity":"","overlay-gradient":""},"mobile":{"background-color":"var(--ast-global-color-4)","background-image":"","background-repeat":"repeat","background-position":"center center","background-size":"auto","background-attachment":"scroll","background-type":"","background-media":"","overlay-type":"","overlay-color":"","overlay-opacity":"","overlay-gradient":""}}},"product_brand":[],"product_cat":[84,93],"product_tag":[7233,7745,7740,7033,4672,3655,4102,4091,7727],"class_list":{"0":"post-31372","1":"product","2":"type-product","3":"status-publish","4":"has-post-thumbnail","6":"product_cat-idraulica-e-ferramenta","7":"product_cat-idraulica-e-raccordi","8":"product_tag-1-1-2","9":"product_tag-7290h","10":"product_tag-a-testa","11":"product_tag-chr","12":"product_tag-m","13":"product_tag-maestrini","14":"product_tag-quadra","15":"product_tag-tappo","16":"product_tag-tappo-m-a-testa-quadra-da-11-2","17":"pa_supplier-maestrini-s-r-l-societa-unipersonale","18":"desktop-align-left","19":"tablet-align-left","20":"mobile-align-left","22":"first","23":"instock","24":"taxable","25":"shipping-taxable","26":"purchasable","27":"product-type-simple"},"acf":[],"yoast_head":"<!-- This site is optimized with the Yoast SEO Premium plugin v26.7 (Yoast SEO v26.9) - https:\/\/yoast.com\/product\/yoast-seo-premium-wordpress\/ -->\n<title>Tappo Ottone Anticorrosione 1&quot;1\/2 Testa Quadra - Maestrini<\/title>\n<meta name=\"description\" content=\"Scopri il tappo in ottone anticorrosione da 1&quot;1\/2 con testa quadra Maestrini. Qualit\u00e0 e durata garantite. Acquista ora!\" \/>\n<meta name=\"robots\" content=\"index, follow, max-snippet:-1, max-image-preview:large, max-video-preview:-1\" \/>\n<link rel=\"canonical\" href=\"https:\/\/technofluid.it\/fr\/produit\/bouchon-m-a-tete-carree-de-112-en-laiton-anticorrosion-cr-code-7290h-maestrini-2\/\" \/>\n<meta property=\"og:locale\" content=\"fr_FR\" \/>\n<meta property=\"og:type\" content=\"article\" \/>\n<meta property=\"og:title\" content=\"Tappo M a testa quadra da 1&quot;1\/2 in ottone anticorrosione CR &ndash; codice: 7290H &ndash; Maestrini\" \/>\n<meta property=\"og:description\" content=\"Scopri il tappo in ottone anticorrosione da 1&quot;1\/2 con testa quadra Maestrini. Qualit\u00e0 e durata garantite. Acquista ora!\" \/>\n<meta property=\"og:url\" content=\"https:\/\/technofluid.it\/fr\/produit\/bouchon-m-a-tete-carree-de-112-en-laiton-anticorrosion-cr-code-7290h-maestrini-2\/\" \/>\n<meta property=\"og:site_name\" content=\"Technofluid\" \/>\n<meta property=\"article:modified_time\" content=\"2026-01-16T13:57:49+00:00\" \/>\n<meta property=\"og:image\" content=\"https:\/\/technofluid.it\/wp-content\/uploads\/2026\/01\/1917-Tappo-M-a-testa-quadra-da-112-in-ottone-anticorrosione-CR-codice-7290H-Maestrini.jpg\" \/>\n\t<meta property=\"og:image:width\" content=\"300\" \/>\n\t<meta property=\"og:image:height\" content=\"300\" \/>\n\t<meta property=\"og:image:type\" content=\"image\/jpeg\" \/>\n<meta name=\"twitter:card\" content=\"summary_large_image\" \/>\n<meta name=\"twitter:label1\" content=\"Prix\" \/>\n\t<meta name=\"twitter:data1\" content=\"10,57&nbsp;&euro; Iva esclusa\" \/>\n\t<meta name=\"twitter:label2\" content=\"Disponibilit\u00e9\" \/>\n\t<meta name=\"twitter:data2\" content=\"En stock\" \/>\n<script type=\"application\/ld+json\" class=\"yoast-schema-graph\">{\"@context\":\"https:\/\/schema.org\",\"@graph\":[{\"@type\":\"WebPage\",\"@id\":\"https:\/\/technofluid.it\/prodotto\/tappo-m-a-testa-quadra-da-112-in-ottone-anticorrosione-cr-codice-7290h-maestrini\/\",\"url\":\"https:\/\/technofluid.it\/prodotto\/tappo-m-a-testa-quadra-da-112-in-ottone-anticorrosione-cr-codice-7290h-maestrini\/\",\"name\":\"Tappo Ottone Anticorrosione 1\\\"1\/2 Testa Quadra - Maestrini\",\"isPartOf\":{\"@id\":\"https:\/\/technofluid.it\/#website\"},\"primaryImageOfPage\":{\"@id\":\"https:\/\/technofluid.it\/prodotto\/tappo-m-a-testa-quadra-da-112-in-ottone-anticorrosione-cr-codice-7290h-maestrini\/#primaryimage\"},\"image\":{\"@id\":\"https:\/\/technofluid.it\/prodotto\/tappo-m-a-testa-quadra-da-112-in-ottone-anticorrosione-cr-codice-7290h-maestrini\/#primaryimage\"},\"thumbnailUrl\":\"https:\/\/technofluid.it\/wp-content\/uploads\/2026\/01\/1917-Tappo-M-a-testa-quadra-da-112-in-ottone-anticorrosione-CR-codice-7290H-Maestrini.jpg\",\"datePublished\":\"2025-10-25T00:04:49+00:00\",\"dateModified\":\"2026-01-16T13:57:49+00:00\",\"description\":\"Scopri il tappo in ottone anticorrosione da 1\\\"1\/2 con testa quadra Maestrini. Qualit\u00e0 e durata garantite. Acquista ora!\",\"breadcrumb\":{\"@id\":\"https:\/\/technofluid.it\/prodotto\/tappo-m-a-testa-quadra-da-112-in-ottone-anticorrosione-cr-codice-7290h-maestrini\/#breadcrumb\"},\"inLanguage\":\"fr-FR\",\"potentialAction\":[{\"@type\":\"ReadAction\",\"target\":[\"https:\/\/technofluid.it\/prodotto\/tappo-m-a-testa-quadra-da-112-in-ottone-anticorrosione-cr-codice-7290h-maestrini\/\"]}]},{\"@type\":\"ImageObject\",\"inLanguage\":\"fr-FR\",\"@id\":\"https:\/\/technofluid.it\/prodotto\/tappo-m-a-testa-quadra-da-112-in-ottone-anticorrosione-cr-codice-7290h-maestrini\/#primaryimage\",\"url\":\"https:\/\/technofluid.it\/wp-content\/uploads\/2026\/01\/1917-Tappo-M-a-testa-quadra-da-112-in-ottone-anticorrosione-CR-codice-7290H-Maestrini.jpg\",\"contentUrl\":\"https:\/\/technofluid.it\/wp-content\/uploads\/2026\/01\/1917-Tappo-M-a-testa-quadra-da-112-in-ottone-anticorrosione-CR-codice-7290H-Maestrini.jpg\",\"width\":300,\"height\":300,\"caption\":\"Tappo M a testa quadra da 1\\\"1\/2 in ottone anticorrosione CR, codice 7290H, per applicazioni industriali e idrauliche.\"},{\"@type\":\"BreadcrumbList\",\"@id\":\"https:\/\/technofluid.it\/prodotto\/tappo-m-a-testa-quadra-da-112-in-ottone-anticorrosione-cr-codice-7290h-maestrini\/#breadcrumb\",\"itemListElement\":[{\"@type\":\"ListItem\",\"position\":1,\"name\":\"Home\",\"item\":\"https:\/\/technofluid.it\/\"},{\"@type\":\"ListItem\",\"position\":2,\"name\":\"Shop\",\"item\":\"https:\/\/technofluid.it\/shop\/\"},{\"@type\":\"ListItem\",\"position\":3,\"name\":\"Tappo M a testa quadra da 1&quot;1\/2 in ottone anticorrosione CR &ndash; codice: 7290H &ndash; Maestrini\"}]},{\"@type\":\"WebSite\",\"@id\":\"https:\/\/technofluid.it\/#website\",\"url\":\"https:\/\/technofluid.it\/\",\"name\":\"Technofluid S.R.L.\",\"description\":\"Dal 1999 siamo specializzati nell&#039;impiantistica navale, idraulica, civile e industriale\",\"publisher\":{\"@id\":\"https:\/\/technofluid.it\/#organization\"},\"potentialAction\":[{\"@type\":\"SearchAction\",\"target\":{\"@type\":\"EntryPoint\",\"urlTemplate\":\"https:\/\/technofluid.it\/?s={search_term_string}\"},\"query-input\":{\"@type\":\"PropertyValueSpecification\",\"valueRequired\":true,\"valueName\":\"search_term_string\"}}],\"inLanguage\":\"fr-FR\"},{\"@type\":\"Organization\",\"@id\":\"https:\/\/technofluid.it\/#organization\",\"name\":\"Technofluid\",\"url\":\"https:\/\/technofluid.it\/\",\"logo\":{\"@type\":\"ImageObject\",\"inLanguage\":\"fr-FR\",\"@id\":\"https:\/\/technofluid.it\/#\/schema\/logo\/image\/\",\"url\":\"https:\/\/technofluid.it\/wp-content\/uploads\/2025\/12\/technofluid_bianco-logo.webp\",\"contentUrl\":\"https:\/\/technofluid.it\/wp-content\/uploads\/2025\/12\/technofluid_bianco-logo.webp\",\"width\":350,\"height\":116,\"caption\":\"Technofluid\"},\"image\":{\"@id\":\"https:\/\/technofluid.it\/#\/schema\/logo\/image\/\"},\"description\":\"La Technofluid S.r.l. nasce nel 1999 a Barcellona Pozzo di Gotto, in provincia di Messina, con l\u2019obiettivo di diventare un punto di riferimento nel settore dell\u2019impiantistica navale, idraulica, civile e industriale.\",\"email\":\"info@technofluid.it\",\"telephone\":\"0907386877\",\"legalName\":\"Technofluid S.R.L\",\"vatID\":\"IT03148240835\",\"taxID\":\"03148240835\",\"ownershipFundingInfo\":\"https:\/\/technofluid.it\/azienda\/\"}]}<\/script>\n<meta property=\"product:price:amount\" content=\"10.57\" \/>\n<meta property=\"product:price:currency\" content=\"EUR\" \/>\n<meta property=\"og:availability\" content=\"instock\" \/>\n<meta property=\"product:availability\" content=\"instock\" \/>\n<meta property=\"product:retailer_item_id\" content=\"MAES00000193\" \/>\n<meta property=\"product:condition\" content=\"new\" \/>\n<!-- \/ Yoast SEO Premium plugin. -->","yoast_head_json":{"title":"Bouchon en laiton anticorrosion 1\"1\/2 t\u00eate carr\u00e9e - Maestrini","description":"D\u00e9couvrez le bouchon en laiton anticorrosion de 1\"1\/2 avec t\u00eate carr\u00e9e Maestrini. Qualit\u00e9 et durabilit\u00e9 garanties. Achetez maintenant !","robots":{"index":"index","follow":"follow","max-snippet":"max-snippet:-1","max-image-preview":"max-image-preview:large","max-video-preview":"max-video-preview:-1"},"canonical":"https:\/\/technofluid.it\/fr\/produit\/bouchon-m-a-tete-carree-de-112-en-laiton-anticorrosion-cr-code-7290h-maestrini-2\/","og_locale":"fr_FR","og_type":"article","og_title":"Tappo M a testa quadra da 1&quot;1\/2 in ottone anticorrosione CR &ndash; codice: 7290H &ndash; Maestrini","og_description":"Scopri il tappo in ottone anticorrosione da 1\"1\/2 con testa quadra Maestrini. Qualit\u00e0 e durata garantite. Acquista ora!","og_url":"https:\/\/technofluid.it\/fr\/produit\/bouchon-m-a-tete-carree-de-112-en-laiton-anticorrosion-cr-code-7290h-maestrini-2\/","og_site_name":"Technofluid","article_modified_time":"2026-01-16T13:57:49+00:00","og_image":[{"width":300,"height":300,"url":"https:\/\/technofluid.it\/wp-content\/uploads\/2026\/01\/1917-Tappo-M-a-testa-quadra-da-112-in-ottone-anticorrosione-CR-codice-7290H-Maestrini.jpg","type":"image\/jpeg"}],"twitter_card":"summary_large_image","twitter_misc":{"Prix":"10,57&nbsp;&euro; Iva esclusa","Disponibilit\u00e9":"En stock"},"schema":{"@context":"https:\/\/schema.org","@graph":[{"@type":"WebPage","@id":"https:\/\/technofluid.it\/prodotto\/tappo-m-a-testa-quadra-da-112-in-ottone-anticorrosione-cr-codice-7290h-maestrini\/","url":"https:\/\/technofluid.it\/prodotto\/tappo-m-a-testa-quadra-da-112-in-ottone-anticorrosione-cr-codice-7290h-maestrini\/","name":"Bouchon en laiton anticorrosion 1\"1\/2 t\u00eate carr\u00e9e - Maestrini","isPartOf":{"@id":"https:\/\/technofluid.it\/#website"},"primaryImageOfPage":{"@id":"https:\/\/technofluid.it\/prodotto\/tappo-m-a-testa-quadra-da-112-in-ottone-anticorrosione-cr-codice-7290h-maestrini\/#primaryimage"},"image":{"@id":"https:\/\/technofluid.it\/prodotto\/tappo-m-a-testa-quadra-da-112-in-ottone-anticorrosione-cr-codice-7290h-maestrini\/#primaryimage"},"thumbnailUrl":"https:\/\/technofluid.it\/wp-content\/uploads\/2026\/01\/1917-Tappo-M-a-testa-quadra-da-112-in-ottone-anticorrosione-CR-codice-7290H-Maestrini.jpg","datePublished":"2025-10-25T00:04:49+00:00","dateModified":"2026-01-16T13:57:49+00:00","description":"D\u00e9couvrez le bouchon en laiton anticorrosion de 1\"1\/2 avec t\u00eate carr\u00e9e Maestrini. Qualit\u00e9 et durabilit\u00e9 garanties. Achetez maintenant !","breadcrumb":{"@id":"https:\/\/technofluid.it\/prodotto\/tappo-m-a-testa-quadra-da-112-in-ottone-anticorrosione-cr-codice-7290h-maestrini\/#breadcrumb"},"inLanguage":"fr-FR","potentialAction":[{"@type":"ReadAction","target":["https:\/\/technofluid.it\/prodotto\/tappo-m-a-testa-quadra-da-112-in-ottone-anticorrosione-cr-codice-7290h-maestrini\/"]}]},{"@type":"ImageObject","inLanguage":"fr-FR","@id":"https:\/\/technofluid.it\/prodotto\/tappo-m-a-testa-quadra-da-112-in-ottone-anticorrosione-cr-codice-7290h-maestrini\/#primaryimage","url":"https:\/\/technofluid.it\/wp-content\/uploads\/2026\/01\/1917-Tappo-M-a-testa-quadra-da-112-in-ottone-anticorrosione-CR-codice-7290H-Maestrini.jpg","contentUrl":"https:\/\/technofluid.it\/wp-content\/uploads\/2026\/01\/1917-Tappo-M-a-testa-quadra-da-112-in-ottone-anticorrosione-CR-codice-7290H-Maestrini.jpg","width":300,"height":300,"caption":"Tappo M a testa quadra da 1\"1\/2 in ottone anticorrosione CR, codice 7290H, per applicazioni industriali e idrauliche."},{"@type":"BreadcrumbList","@id":"https:\/\/technofluid.it\/prodotto\/tappo-m-a-testa-quadra-da-112-in-ottone-anticorrosione-cr-codice-7290h-maestrini\/#breadcrumb","itemListElement":[{"@type":"ListItem","position":1,"name":"Home","item":"https:\/\/technofluid.it\/"},{"@type":"ListItem","position":2,"name":"Shop","item":"https:\/\/technofluid.it\/shop\/"},{"@type":"ListItem","position":3,"name":"Tappo M a testa quadra da 1&quot;1\/2 in ottone anticorrosione CR &ndash; codice: 7290H &ndash; Maestrini"}]},{"@type":"WebSite","@id":"https:\/\/technofluid.it\/#website","url":"https:\/\/technofluid.it\/","name":"Technofluid S.R.L.","description":"Depuis 1999, nous sommes sp\u00e9cialis\u00e9s dans les installations marines, de plomberie, civiles et industrielles.","publisher":{"@id":"https:\/\/technofluid.it\/#organization"},"potentialAction":[{"@type":"SearchAction","target":{"@type":"EntryPoint","urlTemplate":"https:\/\/technofluid.it\/?s={search_term_string}"},"query-input":{"@type":"PropertyValueSpecification","valueRequired":true,"valueName":"search_term_string"}}],"inLanguage":"fr-FR"},{"@type":"Organization","@id":"https:\/\/technofluid.it\/#organization","name":"Technofluid","url":"https:\/\/technofluid.it\/","logo":{"@type":"ImageObject","inLanguage":"fr-FR","@id":"https:\/\/technofluid.it\/#\/schema\/logo\/image\/","url":"https:\/\/technofluid.it\/wp-content\/uploads\/2025\/12\/technofluid_bianco-logo.webp","contentUrl":"https:\/\/technofluid.it\/wp-content\/uploads\/2025\/12\/technofluid_bianco-logo.webp","width":350,"height":116,"caption":"Technofluid"},"image":{"@id":"https:\/\/technofluid.it\/#\/schema\/logo\/image\/"},"description":"La Technofluid S.r.l. est n\u00e9e en 1999 \u00e0 Barcellona Pozzo di Gotto, dans la province de Messine, avec l'objectif de devenir un point de r\u00e9f\u00e9rence dans le secteur de l'installation navale, hydraulique, civile et industrielle.","email":"info@technofluid.it","telephone":"0907386877","legalName":"Technofluid S.R.L","vatID":"IT03148240835","taxID":"03148240835","ownershipFundingInfo":"https:\/\/technofluid.it\/azienda\/"}]},"product_price_amount":"10.57","product_price_currency":"EUR","og_availability":"instock","product_availability":"instock","product_retailer_item_id":"MAES00000193","product_condition":"new"},"_links":{"self":[{"href":"https:\/\/technofluid.it\/fr\/wp-json\/wp\/v2\/product\/31372","targetHints":{"allow":["GET"]}}],"collection":[{"href":"https:\/\/technofluid.it\/fr\/wp-json\/wp\/v2\/product"}],"about":[{"href":"https:\/\/technofluid.it\/fr\/wp-json\/wp\/v2\/types\/product"}],"replies":[{"embeddable":true,"href":"https:\/\/technofluid.it\/fr\/wp-json\/wp\/v2\/comments?post=31372"}],"version-history":[{"count":0,"href":"https:\/\/technofluid.it\/fr\/wp-json\/wp\/v2\/product\/31372\/revisions"}],"wp:featuredmedia":[{"embeddable":true,"href":"https:\/\/technofluid.it\/fr\/wp-json\/wp\/v2\/media\/42186"}],"wp:attachment":[{"href":"https:\/\/technofluid.it\/fr\/wp-json\/wp\/v2\/media?parent=31372"}],"wp:term":[{"taxonomy":"product_brand","embeddable":true,"href":"https:\/\/technofluid.it\/fr\/wp-json\/wp\/v2\/product_brand?post=31372"},{"taxonomy":"product_cat","embeddable":true,"href":"https:\/\/technofluid.it\/fr\/wp-json\/wp\/v2\/product_cat?post=31372"},{"taxonomy":"product_tag","embeddable":true,"href":"https:\/\/technofluid.it\/fr\/wp-json\/wp\/v2\/product_tag?post=31372"}],"curies":[{"name":"wp","href":"https:\/\/api.w.org\/{rel}","templated":true}]}}