{"id":31346,"date":"2025-10-25T00:04:46","date_gmt":"2025-10-25T00:04:46","guid":{"rendered":"https:\/\/technofluid.it\/prodotto\/tappo-1-4-ch-17anodo-zn-d-11-l-72-12492-codice-913778-mase\/"},"modified":"2026-04-28T15:23:21","modified_gmt":"2026-04-28T14:23:21","slug":"tappo-14-ch-17-anodo-zn-d-11-l-72-12492-codice-913778-mase","status":"publish","type":"product","link":"https:\/\/technofluid.it\/fr\/produit\/bouchon-14-ch-17-anode-zn-d-11-l-72-12492-code-913778-mase-2\/","title":{"rendered":"Bouchon 1\/4 ch. 17 + anode ZN D. 11 L 72 \u2013 12492 \u2013 code : 913778 \u2013 Mase"},"content":{"rendered":"<p>Bouchon 1\/4 ch. 17 + anode ZN D. 11 L 72 \u2013 12492 \u2013 code : 913778 \u2013 Mase<\/p>","protected":false},"excerpt":{"rendered":"<p>TAPPO 1\/4 CH .17+ANODO ZN D. 11 L 72 -12492 &#8211; CODICE : 913778<\/p>","protected":false},"featured_media":42119,"comment_status":"open","ping_status":"closed","template":"","meta":{"_acf_changed":false,"_monsterinsights_skip_tracking":false,"_monsterinsights_sitenote_active":false,"_monsterinsights_sitenote_note":"","_monsterinsights_sitenote_category":0,"site-sidebar-layout":"default","site-content-layout":"","ast-site-content-layout":"default","site-content-style":"default","site-sidebar-style":"default","ast-global-header-display":"","ast-banner-title-visibility":"","ast-main-header-display":"","ast-hfb-above-header-display":"","ast-hfb-below-header-display":"","ast-hfb-mobile-header-display":"","site-post-title":"","ast-breadcrumbs-content":"","ast-featured-img":"","footer-sml-layout":"","ast-disable-related-posts":"","theme-transparent-header-meta":"","adv-header-id-meta":"","stick-header-meta":"","header-above-stick-meta":"","header-main-stick-meta":"","header-below-stick-meta":"","astra-migrate-meta-layouts":"default","ast-page-background-enabled":"default","ast-page-background-meta":{"desktop":{"background-color":"var(--ast-global-color-5)","background-image":"","background-repeat":"repeat","background-position":"center center","background-size":"auto","background-attachment":"scroll","background-type":"","background-media":"","overlay-type":"","overlay-color":"","overlay-opacity":"","overlay-gradient":""},"tablet":{"background-color":"","background-image":"","background-repeat":"repeat","background-position":"center center","background-size":"auto","background-attachment":"scroll","background-type":"","background-media":"","overlay-type":"","overlay-color":"","overlay-opacity":"","overlay-gradient":""},"mobile":{"background-color":"","background-image":"","background-repeat":"repeat","background-position":"center center","background-size":"auto","background-attachment":"scroll","background-type":"","background-media":"","overlay-type":"","overlay-color":"","overlay-opacity":"","overlay-gradient":""}},"ast-content-background-meta":{"desktop":{"background-color":"var(--ast-global-color-4)","background-image":"","background-repeat":"repeat","background-position":"center center","background-size":"auto","background-attachment":"scroll","background-type":"","background-media":"","overlay-type":"","overlay-color":"","overlay-opacity":"","overlay-gradient":""},"tablet":{"background-color":"var(--ast-global-color-4)","background-image":"","background-repeat":"repeat","background-position":"center center","background-size":"auto","background-attachment":"scroll","background-type":"","background-media":"","overlay-type":"","overlay-color":"","overlay-opacity":"","overlay-gradient":""},"mobile":{"background-color":"var(--ast-global-color-4)","background-image":"","background-repeat":"repeat","background-position":"center center","background-size":"auto","background-attachment":"scroll","background-type":"","background-media":"","overlay-type":"","overlay-color":"","overlay-opacity":"","overlay-gradient":""}}},"product_brand":[],"product_cat":[225,133],"product_tag":[3199,4091],"class_list":{"0":"post-31346","1":"product","2":"type-product","3":"status-publish","4":"has-post-thumbnail","6":"product_cat-mase","7":"product_cat-ricambistica","8":"product_tag-anodo","9":"product_tag-tappo","10":"pa_supplier-mase-generators-s-p-a","11":"desktop-align-left","12":"tablet-align-left","13":"mobile-align-left","15":"first","16":"instock","17":"taxable","18":"shipping-taxable","19":"purchasable","20":"product-type-simple"},"acf":[],"yoast_head":"<!-- This site is optimized with the Yoast SEO Premium plugin v26.7 (Yoast SEO v26.9) - https:\/\/yoast.com\/product\/yoast-seo-premium-wordpress\/ -->\n<title>Tappo 1\/4 Anodo ZN D.11 L72 - Codice 913778 MASE<\/title>\n<meta name=\"description\" content=\"Scopri il tappo 1\/4 con anodo ZN D.11 L72, codice 913778. Qualit\u00e0 garantita per le tue esigenze. Acquista ora!\" \/>\n<meta name=\"robots\" content=\"index, follow, max-snippet:-1, max-image-preview:large, max-video-preview:-1\" \/>\n<link rel=\"canonical\" href=\"https:\/\/technofluid.it\/fr\/produit\/bouchon-14-ch-17-anode-zn-d-11-l-72-12492-code-913778-mase-2\/\" \/>\n<meta property=\"og:locale\" content=\"fr_FR\" \/>\n<meta property=\"og:type\" content=\"article\" \/>\n<meta property=\"og:title\" content=\"Tappo 1\/4 ch. 17 + anodo ZN D. 11 L 72 - 12492 - codice: 913778 - Mase\" \/>\n<meta property=\"og:description\" content=\"Scopri il tappo 1\/4 con anodo ZN D.11 L72, codice 913778. Qualit\u00e0 garantita per le tue esigenze. Acquista ora!\" \/>\n<meta property=\"og:url\" content=\"https:\/\/technofluid.it\/fr\/produit\/bouchon-14-ch-17-anode-zn-d-11-l-72-12492-code-913778-mase-2\/\" \/>\n<meta property=\"og:site_name\" content=\"Technofluid\" \/>\n<meta property=\"article:modified_time\" content=\"2026-04-28T14:23:21+00:00\" \/>\n<meta property=\"og:image\" content=\"https:\/\/technofluid.it\/wp-content\/uploads\/2026\/01\/2810-Tappo-14-ch.-17-anodo-ZN-D.-11-L-72-12492-codice-913778-Mase.jpg\" \/>\n\t<meta property=\"og:image:width\" content=\"1080\" \/>\n\t<meta property=\"og:image:height\" content=\"1080\" \/>\n\t<meta property=\"og:image:type\" content=\"image\/png\" \/>\n<meta name=\"twitter:card\" content=\"summary_large_image\" \/>\n<meta name=\"twitter:label1\" content=\"Prix\" \/>\n\t<meta name=\"twitter:data1\" content=\"54,00&nbsp;&euro; Iva esclusa\" \/>\n\t<meta name=\"twitter:label2\" content=\"Disponibilit\u00e9\" \/>\n\t<meta name=\"twitter:data2\" content=\"En stock\" \/>\n<script type=\"application\/ld+json\" class=\"yoast-schema-graph\">{\"@context\":\"https:\/\/schema.org\",\"@graph\":[{\"@type\":\"WebPage\",\"@id\":\"https:\/\/technofluid.it\/prodotto\/tappo-14-ch-17-anodo-zn-d-11-l-72-12492-codice-913778-mase\/\",\"url\":\"https:\/\/technofluid.it\/prodotto\/tappo-14-ch-17-anodo-zn-d-11-l-72-12492-codice-913778-mase\/\",\"name\":\"Tappo 1\/4 Anodo ZN D.11 L72 - Codice 913778 MASE\",\"isPartOf\":{\"@id\":\"https:\/\/technofluid.it\/#website\"},\"primaryImageOfPage\":{\"@id\":\"https:\/\/technofluid.it\/prodotto\/tappo-14-ch-17-anodo-zn-d-11-l-72-12492-codice-913778-mase\/#primaryimage\"},\"image\":{\"@id\":\"https:\/\/technofluid.it\/prodotto\/tappo-14-ch-17-anodo-zn-d-11-l-72-12492-codice-913778-mase\/#primaryimage\"},\"thumbnailUrl\":\"https:\/\/technofluid.it\/wp-content\/uploads\/2026\/01\/2810-Tappo-14-ch.-17-anodo-ZN-D.-11-L-72-12492-codice-913778-Mase.jpg\",\"datePublished\":\"2025-10-25T00:04:46+00:00\",\"dateModified\":\"2026-04-28T14:23:21+00:00\",\"description\":\"Scopri il tappo 1\/4 con anodo ZN D.11 L72, codice 913778. Qualit\u00e0 garantita per le tue esigenze. Acquista ora!\",\"breadcrumb\":{\"@id\":\"https:\/\/technofluid.it\/prodotto\/tappo-14-ch-17-anodo-zn-d-11-l-72-12492-codice-913778-mase\/#breadcrumb\"},\"inLanguage\":\"fr-FR\",\"potentialAction\":[{\"@type\":\"ReadAction\",\"target\":[\"https:\/\/technofluid.it\/prodotto\/tappo-14-ch-17-anodo-zn-d-11-l-72-12492-codice-913778-mase\/\"]}]},{\"@type\":\"ImageObject\",\"inLanguage\":\"fr-FR\",\"@id\":\"https:\/\/technofluid.it\/prodotto\/tappo-14-ch-17-anodo-zn-d-11-l-72-12492-codice-913778-mase\/#primaryimage\",\"url\":\"https:\/\/technofluid.it\/wp-content\/uploads\/2026\/01\/2810-Tappo-14-ch.-17-anodo-ZN-D.-11-L-72-12492-codice-913778-Mase.jpg\",\"contentUrl\":\"https:\/\/technofluid.it\/wp-content\/uploads\/2026\/01\/2810-Tappo-14-ch.-17-anodo-ZN-D.-11-L-72-12492-codice-913778-Mase.jpg\",\"width\":1080,\"height\":1080,\"caption\":\"Immagine del tappo con anodo zincato, parte di ricambio per macchinari.\"},{\"@type\":\"BreadcrumbList\",\"@id\":\"https:\/\/technofluid.it\/prodotto\/tappo-14-ch-17-anodo-zn-d-11-l-72-12492-codice-913778-mase\/#breadcrumb\",\"itemListElement\":[{\"@type\":\"ListItem\",\"position\":1,\"name\":\"Home\",\"item\":\"https:\/\/technofluid.it\/\"},{\"@type\":\"ListItem\",\"position\":2,\"name\":\"Shop\",\"item\":\"https:\/\/technofluid.it\/shop\/\"},{\"@type\":\"ListItem\",\"position\":3,\"name\":\"Tappo 1\/4 ch. 17 + anodo ZN D. 11 L 72 &#8211; 12492 &#8211; codice: 913778 &#8211; Mase\"}]},{\"@type\":\"WebSite\",\"@id\":\"https:\/\/technofluid.it\/#website\",\"url\":\"https:\/\/technofluid.it\/\",\"name\":\"Technofluid S.R.L.\",\"description\":\"Dal 1999 siamo specializzati nell&#039;impiantistica navale, idraulica, civile e industriale\",\"publisher\":{\"@id\":\"https:\/\/technofluid.it\/#organization\"},\"potentialAction\":[{\"@type\":\"SearchAction\",\"target\":{\"@type\":\"EntryPoint\",\"urlTemplate\":\"https:\/\/technofluid.it\/?s={search_term_string}\"},\"query-input\":{\"@type\":\"PropertyValueSpecification\",\"valueRequired\":true,\"valueName\":\"search_term_string\"}}],\"inLanguage\":\"fr-FR\"},{\"@type\":\"Organization\",\"@id\":\"https:\/\/technofluid.it\/#organization\",\"name\":\"Technofluid\",\"url\":\"https:\/\/technofluid.it\/\",\"logo\":{\"@type\":\"ImageObject\",\"inLanguage\":\"fr-FR\",\"@id\":\"https:\/\/technofluid.it\/#\/schema\/logo\/image\/\",\"url\":\"https:\/\/technofluid.it\/wp-content\/uploads\/2025\/12\/technofluid_bianco-logo.webp\",\"contentUrl\":\"https:\/\/technofluid.it\/wp-content\/uploads\/2025\/12\/technofluid_bianco-logo.webp\",\"width\":350,\"height\":116,\"caption\":\"Technofluid\"},\"image\":{\"@id\":\"https:\/\/technofluid.it\/#\/schema\/logo\/image\/\"},\"description\":\"La Technofluid S.r.l. nasce nel 1999 a Barcellona Pozzo di Gotto, in provincia di Messina, con l\u2019obiettivo di diventare un punto di riferimento nel settore dell\u2019impiantistica navale, idraulica, civile e industriale.\",\"email\":\"info@technofluid.it\",\"telephone\":\"0907386877\",\"legalName\":\"Technofluid S.R.L\",\"vatID\":\"IT03148240835\",\"taxID\":\"03148240835\",\"ownershipFundingInfo\":\"https:\/\/technofluid.it\/azienda\/\"}]}<\/script>\n<meta property=\"product:price:amount\" content=\"54.00\" \/>\n<meta property=\"product:price:currency\" content=\"EUR\" \/>\n<meta property=\"og:availability\" content=\"instock\" \/>\n<meta property=\"product:availability\" content=\"instock\" \/>\n<meta property=\"product:retailer_item_id\" content=\"MAS000000016\" \/>\n<meta property=\"product:condition\" content=\"new\" \/>\n<!-- \/ Yoast SEO Premium plugin. -->","yoast_head_json":{"title":"Bouchon 1\/4 Anode ZN D.11 L72 - Code 913778 MASE","description":"D\u00e9couvrez le bouchon 1\/4 avec anode ZN D.11 L72, code 913778. Qualit\u00e9 garantie pour vos besoins. Achetez maintenant !","robots":{"index":"index","follow":"follow","max-snippet":"max-snippet:-1","max-image-preview":"max-image-preview:large","max-video-preview":"max-video-preview:-1"},"canonical":"https:\/\/technofluid.it\/fr\/produit\/bouchon-14-ch-17-anode-zn-d-11-l-72-12492-code-913778-mase-2\/","og_locale":"fr_FR","og_type":"article","og_title":"Tappo 1\/4 ch. 17 + anodo ZN D. 11 L 72 - 12492 - codice: 913778 - Mase","og_description":"Scopri il tappo 1\/4 con anodo ZN D.11 L72, codice 913778. Qualit\u00e0 garantita per le tue esigenze. Acquista ora!","og_url":"https:\/\/technofluid.it\/fr\/produit\/bouchon-14-ch-17-anode-zn-d-11-l-72-12492-code-913778-mase-2\/","og_site_name":"Technofluid","article_modified_time":"2026-04-28T14:23:21+00:00","og_image":[{"width":1080,"height":1080,"url":"https:\/\/technofluid.it\/wp-content\/uploads\/2026\/01\/2810-Tappo-14-ch.-17-anodo-ZN-D.-11-L-72-12492-codice-913778-Mase.jpg","type":"image\/png"}],"twitter_card":"summary_large_image","twitter_misc":{"Prix":"54,00&nbsp;&euro; Iva esclusa","Disponibilit\u00e9":"En stock"},"schema":{"@context":"https:\/\/schema.org","@graph":[{"@type":"WebPage","@id":"https:\/\/technofluid.it\/prodotto\/tappo-14-ch-17-anodo-zn-d-11-l-72-12492-codice-913778-mase\/","url":"https:\/\/technofluid.it\/prodotto\/tappo-14-ch-17-anodo-zn-d-11-l-72-12492-codice-913778-mase\/","name":"Bouchon 1\/4 Anode ZN D.11 L72 - Code 913778 MASE","isPartOf":{"@id":"https:\/\/technofluid.it\/#website"},"primaryImageOfPage":{"@id":"https:\/\/technofluid.it\/prodotto\/tappo-14-ch-17-anodo-zn-d-11-l-72-12492-codice-913778-mase\/#primaryimage"},"image":{"@id":"https:\/\/technofluid.it\/prodotto\/tappo-14-ch-17-anodo-zn-d-11-l-72-12492-codice-913778-mase\/#primaryimage"},"thumbnailUrl":"https:\/\/technofluid.it\/wp-content\/uploads\/2026\/01\/2810-Tappo-14-ch.-17-anodo-ZN-D.-11-L-72-12492-codice-913778-Mase.jpg","datePublished":"2025-10-25T00:04:46+00:00","dateModified":"2026-04-28T14:23:21+00:00","description":"D\u00e9couvrez le bouchon 1\/4 avec anode ZN D.11 L72, code 913778. Qualit\u00e9 garantie pour vos besoins. Achetez maintenant !","breadcrumb":{"@id":"https:\/\/technofluid.it\/prodotto\/tappo-14-ch-17-anodo-zn-d-11-l-72-12492-codice-913778-mase\/#breadcrumb"},"inLanguage":"fr-FR","potentialAction":[{"@type":"ReadAction","target":["https:\/\/technofluid.it\/prodotto\/tappo-14-ch-17-anodo-zn-d-11-l-72-12492-codice-913778-mase\/"]}]},{"@type":"ImageObject","inLanguage":"fr-FR","@id":"https:\/\/technofluid.it\/prodotto\/tappo-14-ch-17-anodo-zn-d-11-l-72-12492-codice-913778-mase\/#primaryimage","url":"https:\/\/technofluid.it\/wp-content\/uploads\/2026\/01\/2810-Tappo-14-ch.-17-anodo-ZN-D.-11-L-72-12492-codice-913778-Mase.jpg","contentUrl":"https:\/\/technofluid.it\/wp-content\/uploads\/2026\/01\/2810-Tappo-14-ch.-17-anodo-ZN-D.-11-L-72-12492-codice-913778-Mase.jpg","width":1080,"height":1080,"caption":"Immagine del tappo con anodo zincato, parte di ricambio per macchinari."},{"@type":"BreadcrumbList","@id":"https:\/\/technofluid.it\/prodotto\/tappo-14-ch-17-anodo-zn-d-11-l-72-12492-codice-913778-mase\/#breadcrumb","itemListElement":[{"@type":"ListItem","position":1,"name":"Home","item":"https:\/\/technofluid.it\/"},{"@type":"ListItem","position":2,"name":"Shop","item":"https:\/\/technofluid.it\/shop\/"},{"@type":"ListItem","position":3,"name":"Tappo 1\/4 ch. 17 + anodo ZN D. 11 L 72 &#8211; 12492 &#8211; codice: 913778 &#8211; Mase"}]},{"@type":"WebSite","@id":"https:\/\/technofluid.it\/#website","url":"https:\/\/technofluid.it\/","name":"Technofluid S.R.L.","description":"Depuis 1999, nous sommes sp\u00e9cialis\u00e9s dans les installations marines, de plomberie, civiles et industrielles.","publisher":{"@id":"https:\/\/technofluid.it\/#organization"},"potentialAction":[{"@type":"SearchAction","target":{"@type":"EntryPoint","urlTemplate":"https:\/\/technofluid.it\/?s={search_term_string}"},"query-input":{"@type":"PropertyValueSpecification","valueRequired":true,"valueName":"search_term_string"}}],"inLanguage":"fr-FR"},{"@type":"Organization","@id":"https:\/\/technofluid.it\/#organization","name":"Technofluid","url":"https:\/\/technofluid.it\/","logo":{"@type":"ImageObject","inLanguage":"fr-FR","@id":"https:\/\/technofluid.it\/#\/schema\/logo\/image\/","url":"https:\/\/technofluid.it\/wp-content\/uploads\/2025\/12\/technofluid_bianco-logo.webp","contentUrl":"https:\/\/technofluid.it\/wp-content\/uploads\/2025\/12\/technofluid_bianco-logo.webp","width":350,"height":116,"caption":"Technofluid"},"image":{"@id":"https:\/\/technofluid.it\/#\/schema\/logo\/image\/"},"description":"La Technofluid S.r.l. est n\u00e9e en 1999 \u00e0 Barcellona Pozzo di Gotto, dans la province de Messine, avec l'objectif de devenir un point de r\u00e9f\u00e9rence dans le secteur de l'installation navale, hydraulique, civile et industrielle.","email":"info@technofluid.it","telephone":"0907386877","legalName":"Technofluid S.R.L","vatID":"IT03148240835","taxID":"03148240835","ownershipFundingInfo":"https:\/\/technofluid.it\/azienda\/"}]},"product_price_amount":"54.00","product_price_currency":"EUR","og_availability":"instock","product_availability":"instock","product_retailer_item_id":"MAS000000016","product_condition":"new"},"_links":{"self":[{"href":"https:\/\/technofluid.it\/fr\/wp-json\/wp\/v2\/product\/31346","targetHints":{"allow":["GET"]}}],"collection":[{"href":"https:\/\/technofluid.it\/fr\/wp-json\/wp\/v2\/product"}],"about":[{"href":"https:\/\/technofluid.it\/fr\/wp-json\/wp\/v2\/types\/product"}],"replies":[{"embeddable":true,"href":"https:\/\/technofluid.it\/fr\/wp-json\/wp\/v2\/comments?post=31346"}],"version-history":[{"count":1,"href":"https:\/\/technofluid.it\/fr\/wp-json\/wp\/v2\/product\/31346\/revisions"}],"predecessor-version":[{"id":52815,"href":"https:\/\/technofluid.it\/fr\/wp-json\/wp\/v2\/product\/31346\/revisions\/52815"}],"wp:featuredmedia":[{"embeddable":true,"href":"https:\/\/technofluid.it\/fr\/wp-json\/wp\/v2\/media\/42119"}],"wp:attachment":[{"href":"https:\/\/technofluid.it\/fr\/wp-json\/wp\/v2\/media?parent=31346"}],"wp:term":[{"taxonomy":"product_brand","embeddable":true,"href":"https:\/\/technofluid.it\/fr\/wp-json\/wp\/v2\/product_brand?post=31346"},{"taxonomy":"product_cat","embeddable":true,"href":"https:\/\/technofluid.it\/fr\/wp-json\/wp\/v2\/product_cat?post=31346"},{"taxonomy":"product_tag","embeddable":true,"href":"https:\/\/technofluid.it\/fr\/wp-json\/wp\/v2\/product_tag?post=31346"}],"curies":[{"name":"wp","href":"https:\/\/api.w.org\/{rel}","templated":true}]}}