{"id":31339,"date":"2025-10-25T00:04:46","date_gmt":"2025-10-25T00:04:46","guid":{"rendered":"https:\/\/technofluid.it\/prodotto\/surge-premium-holster-box-codice-ltg830165-leatherman\/"},"modified":"2026-01-16T13:57:47","modified_gmt":"2026-01-16T13:57:47","slug":"surge-premium-holster-box-codice-ltg830165-leatherman","status":"publish","type":"product","link":"https:\/\/technofluid.it\/fr\/produit\/surge-premium-holster-box-code-ltg830165-leatherman-2\/","title":{"rendered":"Bo\u00eete d'\u00e9tui Premium Surge \u2013 code : LTG830165 \u2013 Leatherman"},"content":{"rendered":"<p><b>CARACT\u00c9RISTIQUES<\/b><\/p>\n<p>&nbsp;<\/p>\n<p>\u2013 Verrouillage complet<\/p>\n<p>\nChaque caract\u00e9ristique (sauf la t\u00eate de la pince) se verrouille en position vous permettant d'utiliser les outils en toute s\u00e9curit\u00e9 et efficacit\u00e9.\n<\/p>\n<p>\u2013 Anneau pour cordon<\/p>\n<p>Cette boucle de s\u00e9curit\u00e9 fixe l'outil \u00e0 un cordon.<\/p>\n<p>\u2013 Caract\u00e9ristiques accessibles de l'ext\u00e9rieur<\/p>\n<p>\nCet outil multifonction est \u00e9quip\u00e9 d'outils accessibles lorsque l'outil est pli\u00e9 ou ferm\u00e9.\n<\/p>\n<p>\n\u2013 Fonctionnalit\u00e9s utilisables d'une seule main<br \/>\nTravaillez toujours avec une main libre.&nbsp;\n<\/p>\n<p>\nAvec cet outil, vous pouvez ouvrir et utiliser les outils facilement.\n<\/p>\n<p>\n<b>&nbsp;<\/b>\n<\/p>\n<p><b><br \/>\nOUTILS INCLUS<br \/>\n<\/b><\/p>\n<p>\n<p>&nbsp;<\/p>\n<p>\u2013 Pince \u00e0 bec plat<\/p>\n<p>\u2013 Pince r\u00e9guli\u00e8re<\/p>\n<p>\u2013 Coupe-fils rempla\u00e7ables premium<\/p>\n<p>\u2013 Pinces coupantes rempla\u00e7ables premium<\/p>\n<p>\u2013 Pince coupe-fils pour c\u00e2bles torsad\u00e9s<\/p>\n<p>\u2013 Sertisseuse pour fils \u00e9lectriques<\/p>\n<p>\u2013 D\u00e9nudeur de fils<\/p>\n<p>\u2013 Couteau en acier 420HC<\/p>\n<p>\u2013 Couteau dentel\u00e9 en acier 420HC<\/p>\n<p>\u2013 Scie<\/p>\n<p>\u2013 Ciseaux \u00e0 ressort<\/p>\n<p>\u2013 Pointe \u00e0 al\u00e9ser avec \u0153illet<\/p>\n<p>\u2013 R\u00e8gle (19 cm)<\/p>\n<p>\u2013 Ouvre-bo\u00eetes<\/p>\n<p>\u2013 Ouvre-bouteilles<\/p><\/p>","protected":false},"excerpt":{"rendered":"<p>LEATHERMAN SURGE PREMIUM HOLSTER BOX &#8211; CODICE: LTG830165<\/p>","protected":false},"featured_media":42102,"comment_status":"open","ping_status":"closed","template":"","meta":{"_acf_changed":false,"_monsterinsights_skip_tracking":false,"_monsterinsights_sitenote_active":false,"_monsterinsights_sitenote_note":"","_monsterinsights_sitenote_category":0,"site-sidebar-layout":"default","site-content-layout":"","ast-site-content-layout":"default","site-content-style":"default","site-sidebar-style":"default","ast-global-header-display":"","ast-banner-title-visibility":"","ast-main-header-display":"","ast-hfb-above-header-display":"","ast-hfb-below-header-display":"","ast-hfb-mobile-header-display":"","site-post-title":"","ast-breadcrumbs-content":"","ast-featured-img":"","footer-sml-layout":"","ast-disable-related-posts":"","theme-transparent-header-meta":"","adv-header-id-meta":"","stick-header-meta":"","header-above-stick-meta":"","header-main-stick-meta":"","header-below-stick-meta":"","astra-migrate-meta-layouts":"default","ast-page-background-enabled":"default","ast-page-background-meta":{"desktop":{"background-color":"var(--ast-global-color-5)","background-image":"","background-repeat":"repeat","background-position":"center center","background-size":"auto","background-attachment":"scroll","background-type":"","background-media":"","overlay-type":"","overlay-color":"","overlay-opacity":"","overlay-gradient":""},"tablet":{"background-color":"","background-image":"","background-repeat":"repeat","background-position":"center center","background-size":"auto","background-attachment":"scroll","background-type":"","background-media":"","overlay-type":"","overlay-color":"","overlay-opacity":"","overlay-gradient":""},"mobile":{"background-color":"","background-image":"","background-repeat":"repeat","background-position":"center center","background-size":"auto","background-attachment":"scroll","background-type":"","background-media":"","overlay-type":"","overlay-color":"","overlay-opacity":"","overlay-gradient":""}},"ast-content-background-meta":{"desktop":{"background-color":"var(--ast-global-color-4)","background-image":"","background-repeat":"repeat","background-position":"center center","background-size":"auto","background-attachment":"scroll","background-type":"","background-media":"","overlay-type":"","overlay-color":"","overlay-opacity":"","overlay-gradient":""},"tablet":{"background-color":"var(--ast-global-color-4)","background-image":"","background-repeat":"repeat","background-position":"center center","background-size":"auto","background-attachment":"scroll","background-type":"","background-media":"","overlay-type":"","overlay-color":"","overlay-opacity":"","overlay-gradient":""},"mobile":{"background-color":"var(--ast-global-color-4)","background-image":"","background-repeat":"repeat","background-position":"center center","background-size":"auto","background-attachment":"scroll","background-type":"","background-media":"","overlay-type":"","overlay-color":"","overlay-opacity":"","overlay-gradient":""}}},"product_brand":[],"product_cat":[366,121],"product_tag":[5154,7704],"class_list":{"0":"post-31339","1":"product","2":"type-product","3":"status-publish","4":"has-post-thumbnail","6":"product_cat-coltelli-multifunzionali","7":"product_cat-vela-e-sport","8":"product_tag-leatherman","9":"product_tag-surge","10":"pa_supplier-ledlenser-italia-srl","11":"desktop-align-left","12":"tablet-align-left","13":"mobile-align-left","15":"first","16":"outofstock","17":"taxable","18":"shipping-taxable","19":"purchasable","20":"product-type-simple"},"acf":[],"yoast_head":"<!-- This site is optimized with the Yoast SEO Premium plugin v26.7 (Yoast SEO v26.9) - https:\/\/yoast.com\/product\/yoast-seo-premium-wordpress\/ -->\n<title>SURGE Premium Holster Box: Utensile multifunzione Leatherman<\/title>\n<meta name=\"description\" content=\"Scopri l&#039;utensile multifunzione SURGE Premium Holster Box Leatherman. Sicuro, versatile e facile da usare. Acquista ora!\" \/>\n<meta name=\"robots\" content=\"index, follow, max-snippet:-1, max-image-preview:large, max-video-preview:-1\" \/>\n<link rel=\"canonical\" href=\"https:\/\/technofluid.it\/fr\/produit\/surge-premium-holster-box-code-ltg830165-leatherman-2\/\" \/>\n<meta property=\"og:locale\" content=\"fr_FR\" \/>\n<meta property=\"og:type\" content=\"article\" \/>\n<meta property=\"og:title\" content=\"Surge Premium holster box &ndash; codice: LTG830165 &ndash; Leatherman\" \/>\n<meta property=\"og:description\" content=\"Scopri l&#039;utensile multifunzione SURGE Premium Holster Box Leatherman. Sicuro, versatile e facile da usare. Acquista ora!\" \/>\n<meta property=\"og:url\" content=\"https:\/\/technofluid.it\/fr\/produit\/surge-premium-holster-box-code-ltg830165-leatherman-2\/\" \/>\n<meta property=\"og:site_name\" content=\"Technofluid\" \/>\n<meta property=\"article:modified_time\" content=\"2026-01-16T13:57:47+00:00\" \/>\n<meta property=\"og:image\" content=\"https:\/\/technofluid.it\/wp-content\/uploads\/2026\/01\/207-Surge-Premium-holster-box-codice-LTG830165-Leatherman.jpg\" \/>\n\t<meta property=\"og:image:width\" content=\"2000\" \/>\n\t<meta property=\"og:image:height\" content=\"2000\" \/>\n\t<meta property=\"og:image:type\" content=\"image\/jpeg\" \/>\n<meta name=\"twitter:card\" content=\"summary_large_image\" \/>\n<meta name=\"twitter:label1\" content=\"Prix\" \/>\n\t<meta name=\"twitter:data1\" content=\"115,57&nbsp;&euro; Iva esclusa\" \/>\n\t<meta name=\"twitter:label2\" content=\"Disponibilit\u00e9\" \/>\n\t<meta name=\"twitter:data2\" content=\"Rupture de stock\" \/>\n<script type=\"application\/ld+json\" class=\"yoast-schema-graph\">{\"@context\":\"https:\/\/schema.org\",\"@graph\":[{\"@type\":\"WebPage\",\"@id\":\"https:\/\/technofluid.it\/prodotto\/surge-premium-holster-box-codice-ltg830165-leatherman\/\",\"url\":\"https:\/\/technofluid.it\/prodotto\/surge-premium-holster-box-codice-ltg830165-leatherman\/\",\"name\":\"SURGE Premium Holster Box: Utensile multifunzione Leatherman\",\"isPartOf\":{\"@id\":\"https:\/\/technofluid.it\/#website\"},\"primaryImageOfPage\":{\"@id\":\"https:\/\/technofluid.it\/prodotto\/surge-premium-holster-box-codice-ltg830165-leatherman\/#primaryimage\"},\"image\":{\"@id\":\"https:\/\/technofluid.it\/prodotto\/surge-premium-holster-box-codice-ltg830165-leatherman\/#primaryimage\"},\"thumbnailUrl\":\"https:\/\/technofluid.it\/wp-content\/uploads\/2026\/01\/207-Surge-Premium-holster-box-codice-LTG830165-Leatherman.jpg\",\"datePublished\":\"2025-10-25T00:04:46+00:00\",\"dateModified\":\"2026-01-16T13:57:47+00:00\",\"description\":\"Scopri l'utensile multifunzione SURGE Premium Holster Box Leatherman. Sicuro, versatile e facile da usare. Acquista ora!\",\"breadcrumb\":{\"@id\":\"https:\/\/technofluid.it\/prodotto\/surge-premium-holster-box-codice-ltg830165-leatherman\/#breadcrumb\"},\"inLanguage\":\"fr-FR\",\"potentialAction\":[{\"@type\":\"ReadAction\",\"target\":[\"https:\/\/technofluid.it\/prodotto\/surge-premium-holster-box-codice-ltg830165-leatherman\/\"]}]},{\"@type\":\"ImageObject\",\"inLanguage\":\"fr-FR\",\"@id\":\"https:\/\/technofluid.it\/prodotto\/surge-premium-holster-box-codice-ltg830165-leatherman\/#primaryimage\",\"url\":\"https:\/\/technofluid.it\/wp-content\/uploads\/2026\/01\/207-Surge-Premium-holster-box-codice-LTG830165-Leatherman.jpg\",\"contentUrl\":\"https:\/\/technofluid.it\/wp-content\/uploads\/2026\/01\/207-Surge-Premium-holster-box-codice-LTG830165-Leatherman.jpg\",\"width\":2000,\"height\":2000,\"caption\":\"Strumento multifunzione Leatherman Surge Premium, ideale per professionisti e appassionati di fai-da-te.\"},{\"@type\":\"BreadcrumbList\",\"@id\":\"https:\/\/technofluid.it\/prodotto\/surge-premium-holster-box-codice-ltg830165-leatherman\/#breadcrumb\",\"itemListElement\":[{\"@type\":\"ListItem\",\"position\":1,\"name\":\"Home\",\"item\":\"https:\/\/technofluid.it\/\"},{\"@type\":\"ListItem\",\"position\":2,\"name\":\"Shop\",\"item\":\"https:\/\/technofluid.it\/shop\/\"},{\"@type\":\"ListItem\",\"position\":3,\"name\":\"Surge Premium holster box &ndash; codice: LTG830165 &ndash; Leatherman\"}]},{\"@type\":\"WebSite\",\"@id\":\"https:\/\/technofluid.it\/#website\",\"url\":\"https:\/\/technofluid.it\/\",\"name\":\"Technofluid S.R.L.\",\"description\":\"Dal 1999 siamo specializzati nell&#039;impiantistica navale, idraulica, civile e industriale\",\"publisher\":{\"@id\":\"https:\/\/technofluid.it\/#organization\"},\"potentialAction\":[{\"@type\":\"SearchAction\",\"target\":{\"@type\":\"EntryPoint\",\"urlTemplate\":\"https:\/\/technofluid.it\/?s={search_term_string}\"},\"query-input\":{\"@type\":\"PropertyValueSpecification\",\"valueRequired\":true,\"valueName\":\"search_term_string\"}}],\"inLanguage\":\"fr-FR\"},{\"@type\":\"Organization\",\"@id\":\"https:\/\/technofluid.it\/#organization\",\"name\":\"Technofluid\",\"url\":\"https:\/\/technofluid.it\/\",\"logo\":{\"@type\":\"ImageObject\",\"inLanguage\":\"fr-FR\",\"@id\":\"https:\/\/technofluid.it\/#\/schema\/logo\/image\/\",\"url\":\"https:\/\/technofluid.it\/wp-content\/uploads\/2025\/12\/technofluid_bianco-logo.webp\",\"contentUrl\":\"https:\/\/technofluid.it\/wp-content\/uploads\/2025\/12\/technofluid_bianco-logo.webp\",\"width\":350,\"height\":116,\"caption\":\"Technofluid\"},\"image\":{\"@id\":\"https:\/\/technofluid.it\/#\/schema\/logo\/image\/\"},\"description\":\"La Technofluid S.r.l. nasce nel 1999 a Barcellona Pozzo di Gotto, in provincia di Messina, con l\u2019obiettivo di diventare un punto di riferimento nel settore dell\u2019impiantistica navale, idraulica, civile e industriale.\",\"email\":\"info@technofluid.it\",\"telephone\":\"0907386877\",\"legalName\":\"Technofluid S.R.L\",\"vatID\":\"IT03148240835\",\"taxID\":\"03148240835\",\"ownershipFundingInfo\":\"https:\/\/technofluid.it\/azienda\/\"}]}<\/script>\n<meta property=\"product:price:amount\" content=\"115.57\" \/>\n<meta property=\"product:price:currency\" content=\"EUR\" \/>\n<meta property=\"og:availability\" content=\"out of stock\" \/>\n<meta property=\"product:availability\" content=\"out of stock\" \/>\n<meta property=\"product:retailer_item_id\" content=\"LEATH000005\" \/>\n<meta property=\"product:condition\" content=\"new\" \/>\n<!-- \/ Yoast SEO Premium plugin. -->","yoast_head_json":{"title":"SURGE Premium Holster Box : Outil multifonction Leatherman","description":"D\u00e9couvrez l'outil multifonction SURGE Premium Holster Box Leatherman. S\u00fbr, polyvalent et facile \u00e0 utiliser. Achetez maintenant !","robots":{"index":"index","follow":"follow","max-snippet":"max-snippet:-1","max-image-preview":"max-image-preview:large","max-video-preview":"max-video-preview:-1"},"canonical":"https:\/\/technofluid.it\/fr\/produit\/surge-premium-holster-box-code-ltg830165-leatherman-2\/","og_locale":"fr_FR","og_type":"article","og_title":"Surge Premium holster box &ndash; codice: LTG830165 &ndash; Leatherman","og_description":"Scopri l'utensile multifunzione SURGE Premium Holster Box Leatherman. Sicuro, versatile e facile da usare. Acquista ora!","og_url":"https:\/\/technofluid.it\/fr\/produit\/surge-premium-holster-box-code-ltg830165-leatherman-2\/","og_site_name":"Technofluid","article_modified_time":"2026-01-16T13:57:47+00:00","og_image":[{"width":2000,"height":2000,"url":"https:\/\/technofluid.it\/wp-content\/uploads\/2026\/01\/207-Surge-Premium-holster-box-codice-LTG830165-Leatherman.jpg","type":"image\/jpeg"}],"twitter_card":"summary_large_image","twitter_misc":{"Prix":"115,57&nbsp;&euro; Iva esclusa","Disponibilit\u00e9":"Rupture de stock"},"schema":{"@context":"https:\/\/schema.org","@graph":[{"@type":"WebPage","@id":"https:\/\/technofluid.it\/prodotto\/surge-premium-holster-box-codice-ltg830165-leatherman\/","url":"https:\/\/technofluid.it\/prodotto\/surge-premium-holster-box-codice-ltg830165-leatherman\/","name":"SURGE Premium Holster Box : Outil multifonction Leatherman","isPartOf":{"@id":"https:\/\/technofluid.it\/#website"},"primaryImageOfPage":{"@id":"https:\/\/technofluid.it\/prodotto\/surge-premium-holster-box-codice-ltg830165-leatherman\/#primaryimage"},"image":{"@id":"https:\/\/technofluid.it\/prodotto\/surge-premium-holster-box-codice-ltg830165-leatherman\/#primaryimage"},"thumbnailUrl":"https:\/\/technofluid.it\/wp-content\/uploads\/2026\/01\/207-Surge-Premium-holster-box-codice-LTG830165-Leatherman.jpg","datePublished":"2025-10-25T00:04:46+00:00","dateModified":"2026-01-16T13:57:47+00:00","description":"D\u00e9couvrez l'outil multifonction SURGE Premium Holster Box Leatherman. S\u00fbr, polyvalent et facile \u00e0 utiliser. Achetez maintenant !","breadcrumb":{"@id":"https:\/\/technofluid.it\/prodotto\/surge-premium-holster-box-codice-ltg830165-leatherman\/#breadcrumb"},"inLanguage":"fr-FR","potentialAction":[{"@type":"ReadAction","target":["https:\/\/technofluid.it\/prodotto\/surge-premium-holster-box-codice-ltg830165-leatherman\/"]}]},{"@type":"ImageObject","inLanguage":"fr-FR","@id":"https:\/\/technofluid.it\/prodotto\/surge-premium-holster-box-codice-ltg830165-leatherman\/#primaryimage","url":"https:\/\/technofluid.it\/wp-content\/uploads\/2026\/01\/207-Surge-Premium-holster-box-codice-LTG830165-Leatherman.jpg","contentUrl":"https:\/\/technofluid.it\/wp-content\/uploads\/2026\/01\/207-Surge-Premium-holster-box-codice-LTG830165-Leatherman.jpg","width":2000,"height":2000,"caption":"Strumento multifunzione Leatherman Surge Premium, ideale per professionisti e appassionati di fai-da-te."},{"@type":"BreadcrumbList","@id":"https:\/\/technofluid.it\/prodotto\/surge-premium-holster-box-codice-ltg830165-leatherman\/#breadcrumb","itemListElement":[{"@type":"ListItem","position":1,"name":"Home","item":"https:\/\/technofluid.it\/"},{"@type":"ListItem","position":2,"name":"Shop","item":"https:\/\/technofluid.it\/shop\/"},{"@type":"ListItem","position":3,"name":"Surge Premium holster box &ndash; codice: LTG830165 &ndash; Leatherman"}]},{"@type":"WebSite","@id":"https:\/\/technofluid.it\/#website","url":"https:\/\/technofluid.it\/","name":"Technofluid S.R.L.","description":"Depuis 1999, nous sommes sp\u00e9cialis\u00e9s dans les installations marines, de plomberie, civiles et industrielles.","publisher":{"@id":"https:\/\/technofluid.it\/#organization"},"potentialAction":[{"@type":"SearchAction","target":{"@type":"EntryPoint","urlTemplate":"https:\/\/technofluid.it\/?s={search_term_string}"},"query-input":{"@type":"PropertyValueSpecification","valueRequired":true,"valueName":"search_term_string"}}],"inLanguage":"fr-FR"},{"@type":"Organization","@id":"https:\/\/technofluid.it\/#organization","name":"Technofluid","url":"https:\/\/technofluid.it\/","logo":{"@type":"ImageObject","inLanguage":"fr-FR","@id":"https:\/\/technofluid.it\/#\/schema\/logo\/image\/","url":"https:\/\/technofluid.it\/wp-content\/uploads\/2025\/12\/technofluid_bianco-logo.webp","contentUrl":"https:\/\/technofluid.it\/wp-content\/uploads\/2025\/12\/technofluid_bianco-logo.webp","width":350,"height":116,"caption":"Technofluid"},"image":{"@id":"https:\/\/technofluid.it\/#\/schema\/logo\/image\/"},"description":"La Technofluid S.r.l. est n\u00e9e en 1999 \u00e0 Barcellona Pozzo di Gotto, dans la province de Messine, avec l'objectif de devenir un point de r\u00e9f\u00e9rence dans le secteur de l'installation navale, hydraulique, civile et industrielle.","email":"info@technofluid.it","telephone":"0907386877","legalName":"Technofluid S.R.L","vatID":"IT03148240835","taxID":"03148240835","ownershipFundingInfo":"https:\/\/technofluid.it\/azienda\/"}]},"product_price_amount":"115.57","product_price_currency":"EUR","og_availability":"out of stock","product_availability":"out of stock","product_retailer_item_id":"LEATH000005","product_condition":"new"},"_links":{"self":[{"href":"https:\/\/technofluid.it\/fr\/wp-json\/wp\/v2\/product\/31339","targetHints":{"allow":["GET"]}}],"collection":[{"href":"https:\/\/technofluid.it\/fr\/wp-json\/wp\/v2\/product"}],"about":[{"href":"https:\/\/technofluid.it\/fr\/wp-json\/wp\/v2\/types\/product"}],"replies":[{"embeddable":true,"href":"https:\/\/technofluid.it\/fr\/wp-json\/wp\/v2\/comments?post=31339"}],"version-history":[{"count":0,"href":"https:\/\/technofluid.it\/fr\/wp-json\/wp\/v2\/product\/31339\/revisions"}],"wp:featuredmedia":[{"embeddable":true,"href":"https:\/\/technofluid.it\/fr\/wp-json\/wp\/v2\/media\/42102"}],"wp:attachment":[{"href":"https:\/\/technofluid.it\/fr\/wp-json\/wp\/v2\/media?parent=31339"}],"wp:term":[{"taxonomy":"product_brand","embeddable":true,"href":"https:\/\/technofluid.it\/fr\/wp-json\/wp\/v2\/product_brand?post=31339"},{"taxonomy":"product_cat","embeddable":true,"href":"https:\/\/technofluid.it\/fr\/wp-json\/wp\/v2\/product_cat?post=31339"},{"taxonomy":"product_tag","embeddable":true,"href":"https:\/\/technofluid.it\/fr\/wp-json\/wp\/v2\/product_tag?post=31339"}],"curies":[{"name":"wp","href":"https:\/\/api.w.org\/{rel}","templated":true}]}}