{"id":31331,"date":"2025-10-25T00:04:45","date_gmt":"2025-10-25T00:04:45","guid":{"rendered":"https:\/\/technofluid.it\/prodotto\/super-tool-300-nylon-codice-ltg831148-leatherman\/"},"modified":"2026-01-16T13:57:47","modified_gmt":"2026-01-16T13:57:47","slug":"super-tool-300-in-nylon-codice-ltg831148-leatherman","status":"publish","type":"product","link":"https:\/\/technofluid.it\/fr\/produit\/super-outil-300-en-nylon-code-ltg831148-leatherman\/","title":{"rendered":"Super Tool 300 en nylon \u2013 code : LTG831148 \u2013 Leatherman"},"content":{"rendered":"<p><b>CARACT\u00c9RISTIQUES<\/b><\/p>\n<p>&nbsp;<\/p>\n<p>\u2013 Manche porte-embouts<\/p>\n<p>\nRangez confortablement les embouts Leatherman dans le manche de votre outil multifonction pour un acc\u00e8s facile pendant le travail ou pour un rangement s\u00e9curis\u00e9.\n<\/p>\n<p>&nbsp;<\/p>\n<p>\n- Lame de verrouillage<\/p>\n<p>\nVerrouillez la lame du couteau en place et refermez-la lorsque vous avez termin\u00e9 pour travailler en toute s\u00e9curit\u00e9.\n<\/p>\n<p>&nbsp;<\/p>\n<p>- Clip de poche rempla\u00e7able<\/p>\n<p>\nUtilisez ce clip pour attacher votre outil polyvalent \u00e0 une poche ou \u00e0 une boucle de pantalon. Retirez le clip si vous pr\u00e9f\u00e9rez.\n<\/p>\n<p>&nbsp;<\/p>\n<p>\n\u2013 Caract\u00e9ristiques accessibles de l'ext\u00e9rieur<br \/>\nCet outil multifonction est \u00e9quip\u00e9 d'outils accessibles lorsque l'outil est pli\u00e9 ou ferm\u00e9.\n<\/p>\n<p>&nbsp;<\/p>\n<p>\u2013 Fonctionnalit\u00e9s utilisables d'une seule main<\/p>\n<p>\nTravaillez avec une main toujours libre. Avec cet outil, vous pouvez ouvrir et utiliser les outils facilement.\n<\/p>\n<p>&nbsp;<\/p>\n<p>&nbsp;<\/p>\n<h2 class=\"product-detail__attributes-tools-list-title\" id=\"tools-included-list-title\" style=\"margin-top: 0px;margin-bottom: 15px;font-size: 25px;font-family: TradeGothicW01-BoldCn20_675334, sans-serif;font-weight: 400;line-height: 1;text-transform: uppercase;width: 310px;margin-left: 15px;font-style: normal;letter-spacing: normal;text-align: left;text-indent: 0px;white-space: normal\"><\/h2>\n<p><b><\/p>\n<p>OUTILS INCLUS<br \/>\n<\/b><\/p>\n<p>&nbsp;<\/p>\n<p>\u2013 Pince \u00e0 bec plat<\/p>\n<p>\u2013 Pince r\u00e9guli\u00e8re<\/p>\n<p>\u2013 Pince coupante pour c\u00e2bles<\/p>\n<p>\u2013 Pince coupante pour fils<\/p>\n<p>\u2013 Couteau combo en acier 420HC<\/p>\n<p>\u2013 Mousqueton\/ouvre-bouteilles<\/p>\n<p>\u2013 Porte-embouts grand<\/p>","protected":false},"excerpt":{"rendered":"<p>LEATHERMAN SUPER TOOL 300 NYLON &#8211; CODICE:\u00a0 LTG831148<\/p>","protected":false},"featured_media":42084,"comment_status":"open","ping_status":"closed","template":"","meta":{"_acf_changed":false,"_monsterinsights_skip_tracking":false,"_monsterinsights_sitenote_active":false,"_monsterinsights_sitenote_note":"","_monsterinsights_sitenote_category":0,"site-sidebar-layout":"default","site-content-layout":"","ast-site-content-layout":"default","site-content-style":"default","site-sidebar-style":"default","ast-global-header-display":"","ast-banner-title-visibility":"","ast-main-header-display":"","ast-hfb-above-header-display":"","ast-hfb-below-header-display":"","ast-hfb-mobile-header-display":"","site-post-title":"","ast-breadcrumbs-content":"","ast-featured-img":"","footer-sml-layout":"","ast-disable-related-posts":"","theme-transparent-header-meta":"","adv-header-id-meta":"","stick-header-meta":"","header-above-stick-meta":"","header-main-stick-meta":"","header-below-stick-meta":"","astra-migrate-meta-layouts":"default","ast-page-background-enabled":"default","ast-page-background-meta":{"desktop":{"background-color":"var(--ast-global-color-5)","background-image":"","background-repeat":"repeat","background-position":"center center","background-size":"auto","background-attachment":"scroll","background-type":"","background-media":"","overlay-type":"","overlay-color":"","overlay-opacity":"","overlay-gradient":""},"tablet":{"background-color":"","background-image":"","background-repeat":"repeat","background-position":"center center","background-size":"auto","background-attachment":"scroll","background-type":"","background-media":"","overlay-type":"","overlay-color":"","overlay-opacity":"","overlay-gradient":""},"mobile":{"background-color":"","background-image":"","background-repeat":"repeat","background-position":"center center","background-size":"auto","background-attachment":"scroll","background-type":"","background-media":"","overlay-type":"","overlay-color":"","overlay-opacity":"","overlay-gradient":""}},"ast-content-background-meta":{"desktop":{"background-color":"var(--ast-global-color-4)","background-image":"","background-repeat":"repeat","background-position":"center center","background-size":"auto","background-attachment":"scroll","background-type":"","background-media":"","overlay-type":"","overlay-color":"","overlay-opacity":"","overlay-gradient":""},"tablet":{"background-color":"var(--ast-global-color-4)","background-image":"","background-repeat":"repeat","background-position":"center center","background-size":"auto","background-attachment":"scroll","background-type":"","background-media":"","overlay-type":"","overlay-color":"","overlay-opacity":"","overlay-gradient":""},"mobile":{"background-color":"var(--ast-global-color-4)","background-image":"","background-repeat":"repeat","background-position":"center center","background-size":"auto","background-attachment":"scroll","background-type":"","background-media":"","overlay-type":"","overlay-color":"","overlay-opacity":"","overlay-gradient":""}}},"product_brand":[],"product_cat":[366,121],"product_tag":[4562,7702,5154],"class_list":{"0":"post-31331","1":"product","2":"type-product","3":"status-publish","4":"has-post-thumbnail","6":"product_cat-coltelli-multifunzionali","7":"product_cat-vela-e-sport","8":"product_tag-super","9":"product_tag-7702","10":"product_tag-leatherman","11":"pa_supplier-ledlenser-italia-srl","12":"desktop-align-left","13":"tablet-align-left","14":"mobile-align-left","16":"first","17":"outofstock","18":"taxable","19":"shipping-taxable","20":"purchasable","21":"product-type-simple"},"acf":[],"yoast_head":"<!-- This site is optimized with the Yoast SEO Premium plugin v26.7 (Yoast SEO v26.9) - https:\/\/yoast.com\/product\/yoast-seo-premium-wordpress\/ -->\n<title>Super Tool Leatherman: Multiuso Nylon LTG831148<\/title>\n<meta name=\"description\" content=\"Scopri il Super Tool Leatherman Nylon LTG831148, multiuso con lama bloccabile e portapunte. Acquista ora per praticit\u00e0 e sicurezza.\" \/>\n<meta name=\"robots\" content=\"index, follow, max-snippet:-1, max-image-preview:large, max-video-preview:-1\" \/>\n<link rel=\"canonical\" href=\"https:\/\/technofluid.it\/fr\/produit\/super-outil-300-en-nylon-code-ltg831148-leatherman\/\" \/>\n<meta property=\"og:locale\" content=\"fr_FR\" \/>\n<meta property=\"og:type\" content=\"article\" \/>\n<meta property=\"og:title\" content=\"Super Tool 300 in nylon &ndash; codice: LTG831148 &ndash; Leatherman\" \/>\n<meta property=\"og:description\" content=\"Scopri il Super Tool Leatherman Nylon LTG831148, multiuso con lama bloccabile e portapunte. Acquista ora per praticit\u00e0 e sicurezza.\" \/>\n<meta property=\"og:url\" content=\"https:\/\/technofluid.it\/fr\/produit\/super-outil-300-en-nylon-code-ltg831148-leatherman\/\" \/>\n<meta property=\"og:site_name\" content=\"Technofluid\" \/>\n<meta property=\"article:modified_time\" content=\"2026-01-16T13:57:47+00:00\" \/>\n<meta property=\"og:image\" content=\"https:\/\/technofluid.it\/wp-content\/uploads\/2026\/01\/206-Super-Tool-300-in-nylon-codice-LTG831148-Leatherman.jpg\" \/>\n\t<meta property=\"og:image:width\" content=\"1095\" \/>\n\t<meta property=\"og:image:height\" content=\"1500\" \/>\n\t<meta property=\"og:image:type\" content=\"image\/jpeg\" \/>\n<meta name=\"twitter:card\" content=\"summary_large_image\" \/>\n<meta name=\"twitter:label1\" content=\"Prix\" \/>\n\t<meta name=\"twitter:data1\" content=\"86,89&nbsp;&euro; Iva esclusa\" \/>\n\t<meta name=\"twitter:label2\" content=\"Disponibilit\u00e9\" \/>\n\t<meta name=\"twitter:data2\" content=\"Rupture de stock\" \/>\n<script type=\"application\/ld+json\" class=\"yoast-schema-graph\">{\"@context\":\"https:\/\/schema.org\",\"@graph\":[{\"@type\":\"WebPage\",\"@id\":\"https:\/\/technofluid.it\/prodotto\/super-tool-300-in-nylon-codice-ltg831148-leatherman\/\",\"url\":\"https:\/\/technofluid.it\/prodotto\/super-tool-300-in-nylon-codice-ltg831148-leatherman\/\",\"name\":\"Super Tool Leatherman: Multiuso Nylon LTG831148\",\"isPartOf\":{\"@id\":\"https:\/\/technofluid.it\/#website\"},\"primaryImageOfPage\":{\"@id\":\"https:\/\/technofluid.it\/prodotto\/super-tool-300-in-nylon-codice-ltg831148-leatherman\/#primaryimage\"},\"image\":{\"@id\":\"https:\/\/technofluid.it\/prodotto\/super-tool-300-in-nylon-codice-ltg831148-leatherman\/#primaryimage\"},\"thumbnailUrl\":\"https:\/\/technofluid.it\/wp-content\/uploads\/2026\/01\/206-Super-Tool-300-in-nylon-codice-LTG831148-Leatherman.jpg\",\"datePublished\":\"2025-10-25T00:04:45+00:00\",\"dateModified\":\"2026-01-16T13:57:47+00:00\",\"description\":\"Scopri il Super Tool Leatherman Nylon LTG831148, multiuso con lama bloccabile e portapunte. Acquista ora per praticit\u00e0 e sicurezza.\",\"breadcrumb\":{\"@id\":\"https:\/\/technofluid.it\/prodotto\/super-tool-300-in-nylon-codice-ltg831148-leatherman\/#breadcrumb\"},\"inLanguage\":\"fr-FR\",\"potentialAction\":[{\"@type\":\"ReadAction\",\"target\":[\"https:\/\/technofluid.it\/prodotto\/super-tool-300-in-nylon-codice-ltg831148-leatherman\/\"]}]},{\"@type\":\"ImageObject\",\"inLanguage\":\"fr-FR\",\"@id\":\"https:\/\/technofluid.it\/prodotto\/super-tool-300-in-nylon-codice-ltg831148-leatherman\/#primaryimage\",\"url\":\"https:\/\/technofluid.it\/wp-content\/uploads\/2026\/01\/206-Super-Tool-300-in-nylon-codice-LTG831148-Leatherman.jpg\",\"contentUrl\":\"https:\/\/technofluid.it\/wp-content\/uploads\/2026\/01\/206-Super-Tool-300-in-nylon-codice-LTG831148-Leatherman.jpg\",\"width\":1095,\"height\":1500,\"caption\":\"Pinze multifunzione Leatherman Super Tool 300 in nylon con strumenti integrati, perfetta per ogni attivit\u00e0.\"},{\"@type\":\"BreadcrumbList\",\"@id\":\"https:\/\/technofluid.it\/prodotto\/super-tool-300-in-nylon-codice-ltg831148-leatherman\/#breadcrumb\",\"itemListElement\":[{\"@type\":\"ListItem\",\"position\":1,\"name\":\"Home\",\"item\":\"https:\/\/technofluid.it\/\"},{\"@type\":\"ListItem\",\"position\":2,\"name\":\"Shop\",\"item\":\"https:\/\/technofluid.it\/shop\/\"},{\"@type\":\"ListItem\",\"position\":3,\"name\":\"Super Tool 300 in nylon &ndash; codice: LTG831148 &ndash; Leatherman\"}]},{\"@type\":\"WebSite\",\"@id\":\"https:\/\/technofluid.it\/#website\",\"url\":\"https:\/\/technofluid.it\/\",\"name\":\"Technofluid S.R.L.\",\"description\":\"Dal 1999 siamo specializzati nell&#039;impiantistica navale, idraulica, civile e industriale\",\"publisher\":{\"@id\":\"https:\/\/technofluid.it\/#organization\"},\"potentialAction\":[{\"@type\":\"SearchAction\",\"target\":{\"@type\":\"EntryPoint\",\"urlTemplate\":\"https:\/\/technofluid.it\/?s={search_term_string}\"},\"query-input\":{\"@type\":\"PropertyValueSpecification\",\"valueRequired\":true,\"valueName\":\"search_term_string\"}}],\"inLanguage\":\"fr-FR\"},{\"@type\":\"Organization\",\"@id\":\"https:\/\/technofluid.it\/#organization\",\"name\":\"Technofluid\",\"url\":\"https:\/\/technofluid.it\/\",\"logo\":{\"@type\":\"ImageObject\",\"inLanguage\":\"fr-FR\",\"@id\":\"https:\/\/technofluid.it\/#\/schema\/logo\/image\/\",\"url\":\"https:\/\/technofluid.it\/wp-content\/uploads\/2025\/12\/technofluid_bianco-logo.webp\",\"contentUrl\":\"https:\/\/technofluid.it\/wp-content\/uploads\/2025\/12\/technofluid_bianco-logo.webp\",\"width\":350,\"height\":116,\"caption\":\"Technofluid\"},\"image\":{\"@id\":\"https:\/\/technofluid.it\/#\/schema\/logo\/image\/\"},\"description\":\"La Technofluid S.r.l. nasce nel 1999 a Barcellona Pozzo di Gotto, in provincia di Messina, con l\u2019obiettivo di diventare un punto di riferimento nel settore dell\u2019impiantistica navale, idraulica, civile e industriale.\",\"email\":\"info@technofluid.it\",\"telephone\":\"0907386877\",\"legalName\":\"Technofluid S.R.L\",\"vatID\":\"IT03148240835\",\"taxID\":\"03148240835\",\"ownershipFundingInfo\":\"https:\/\/technofluid.it\/azienda\/\"}]}<\/script>\n<meta property=\"product:price:amount\" content=\"86.89\" \/>\n<meta property=\"product:price:currency\" content=\"EUR\" \/>\n<meta property=\"og:availability\" content=\"out of stock\" \/>\n<meta property=\"product:availability\" content=\"out of stock\" \/>\n<meta property=\"product:retailer_item_id\" content=\"LEATH000004\" \/>\n<meta property=\"product:condition\" content=\"new\" \/>\n<!-- \/ Yoast SEO Premium plugin. -->","yoast_head_json":{"title":"Super Outil Leatherman : Multi-usage Nylon LTG831148","description":"D\u00e9couvrez le Super Outil Leatherman Nylon LTG831148, multifonction avec lame verrouillable et porte-embouts. Achetez-le maintenant pour plus de praticit\u00e9 et de s\u00e9curit\u00e9.","robots":{"index":"index","follow":"follow","max-snippet":"max-snippet:-1","max-image-preview":"max-image-preview:large","max-video-preview":"max-video-preview:-1"},"canonical":"https:\/\/technofluid.it\/fr\/produit\/super-outil-300-en-nylon-code-ltg831148-leatherman\/","og_locale":"fr_FR","og_type":"article","og_title":"Super Tool 300 in nylon &ndash; codice: LTG831148 &ndash; Leatherman","og_description":"Scopri il Super Tool Leatherman Nylon LTG831148, multiuso con lama bloccabile e portapunte. Acquista ora per praticit\u00e0 e sicurezza.","og_url":"https:\/\/technofluid.it\/fr\/produit\/super-outil-300-en-nylon-code-ltg831148-leatherman\/","og_site_name":"Technofluid","article_modified_time":"2026-01-16T13:57:47+00:00","og_image":[{"width":1095,"height":1500,"url":"https:\/\/technofluid.it\/wp-content\/uploads\/2026\/01\/206-Super-Tool-300-in-nylon-codice-LTG831148-Leatherman.jpg","type":"image\/jpeg"}],"twitter_card":"summary_large_image","twitter_misc":{"Prix":"86,89&nbsp;&euro; Iva esclusa","Disponibilit\u00e9":"Rupture de stock"},"schema":{"@context":"https:\/\/schema.org","@graph":[{"@type":"WebPage","@id":"https:\/\/technofluid.it\/prodotto\/super-tool-300-in-nylon-codice-ltg831148-leatherman\/","url":"https:\/\/technofluid.it\/prodotto\/super-tool-300-in-nylon-codice-ltg831148-leatherman\/","name":"Super Outil Leatherman : Multi-usage Nylon LTG831148","isPartOf":{"@id":"https:\/\/technofluid.it\/#website"},"primaryImageOfPage":{"@id":"https:\/\/technofluid.it\/prodotto\/super-tool-300-in-nylon-codice-ltg831148-leatherman\/#primaryimage"},"image":{"@id":"https:\/\/technofluid.it\/prodotto\/super-tool-300-in-nylon-codice-ltg831148-leatherman\/#primaryimage"},"thumbnailUrl":"https:\/\/technofluid.it\/wp-content\/uploads\/2026\/01\/206-Super-Tool-300-in-nylon-codice-LTG831148-Leatherman.jpg","datePublished":"2025-10-25T00:04:45+00:00","dateModified":"2026-01-16T13:57:47+00:00","description":"D\u00e9couvrez le Super Outil Leatherman Nylon LTG831148, multifonction avec lame verrouillable et porte-embouts. Achetez-le maintenant pour plus de praticit\u00e9 et de s\u00e9curit\u00e9.","breadcrumb":{"@id":"https:\/\/technofluid.it\/prodotto\/super-tool-300-in-nylon-codice-ltg831148-leatherman\/#breadcrumb"},"inLanguage":"fr-FR","potentialAction":[{"@type":"ReadAction","target":["https:\/\/technofluid.it\/prodotto\/super-tool-300-in-nylon-codice-ltg831148-leatherman\/"]}]},{"@type":"ImageObject","inLanguage":"fr-FR","@id":"https:\/\/technofluid.it\/prodotto\/super-tool-300-in-nylon-codice-ltg831148-leatherman\/#primaryimage","url":"https:\/\/technofluid.it\/wp-content\/uploads\/2026\/01\/206-Super-Tool-300-in-nylon-codice-LTG831148-Leatherman.jpg","contentUrl":"https:\/\/technofluid.it\/wp-content\/uploads\/2026\/01\/206-Super-Tool-300-in-nylon-codice-LTG831148-Leatherman.jpg","width":1095,"height":1500,"caption":"Pinze multifunzione Leatherman Super Tool 300 in nylon con strumenti integrati, perfetta per ogni attivit\u00e0."},{"@type":"BreadcrumbList","@id":"https:\/\/technofluid.it\/prodotto\/super-tool-300-in-nylon-codice-ltg831148-leatherman\/#breadcrumb","itemListElement":[{"@type":"ListItem","position":1,"name":"Home","item":"https:\/\/technofluid.it\/"},{"@type":"ListItem","position":2,"name":"Shop","item":"https:\/\/technofluid.it\/shop\/"},{"@type":"ListItem","position":3,"name":"Super Tool 300 in nylon &ndash; codice: LTG831148 &ndash; Leatherman"}]},{"@type":"WebSite","@id":"https:\/\/technofluid.it\/#website","url":"https:\/\/technofluid.it\/","name":"Technofluid S.R.L.","description":"Depuis 1999, nous sommes sp\u00e9cialis\u00e9s dans les installations marines, de plomberie, civiles et industrielles.","publisher":{"@id":"https:\/\/technofluid.it\/#organization"},"potentialAction":[{"@type":"SearchAction","target":{"@type":"EntryPoint","urlTemplate":"https:\/\/technofluid.it\/?s={search_term_string}"},"query-input":{"@type":"PropertyValueSpecification","valueRequired":true,"valueName":"search_term_string"}}],"inLanguage":"fr-FR"},{"@type":"Organization","@id":"https:\/\/technofluid.it\/#organization","name":"Technofluid","url":"https:\/\/technofluid.it\/","logo":{"@type":"ImageObject","inLanguage":"fr-FR","@id":"https:\/\/technofluid.it\/#\/schema\/logo\/image\/","url":"https:\/\/technofluid.it\/wp-content\/uploads\/2025\/12\/technofluid_bianco-logo.webp","contentUrl":"https:\/\/technofluid.it\/wp-content\/uploads\/2025\/12\/technofluid_bianco-logo.webp","width":350,"height":116,"caption":"Technofluid"},"image":{"@id":"https:\/\/technofluid.it\/#\/schema\/logo\/image\/"},"description":"La Technofluid S.r.l. est n\u00e9e en 1999 \u00e0 Barcellona Pozzo di Gotto, dans la province de Messine, avec l'objectif de devenir un point de r\u00e9f\u00e9rence dans le secteur de l'installation navale, hydraulique, civile et industrielle.","email":"info@technofluid.it","telephone":"0907386877","legalName":"Technofluid S.R.L","vatID":"IT03148240835","taxID":"03148240835","ownershipFundingInfo":"https:\/\/technofluid.it\/azienda\/"}]},"product_price_amount":"86.89","product_price_currency":"EUR","og_availability":"out of stock","product_availability":"out of stock","product_retailer_item_id":"LEATH000004","product_condition":"new"},"_links":{"self":[{"href":"https:\/\/technofluid.it\/fr\/wp-json\/wp\/v2\/product\/31331","targetHints":{"allow":["GET"]}}],"collection":[{"href":"https:\/\/technofluid.it\/fr\/wp-json\/wp\/v2\/product"}],"about":[{"href":"https:\/\/technofluid.it\/fr\/wp-json\/wp\/v2\/types\/product"}],"replies":[{"embeddable":true,"href":"https:\/\/technofluid.it\/fr\/wp-json\/wp\/v2\/comments?post=31331"}],"version-history":[{"count":0,"href":"https:\/\/technofluid.it\/fr\/wp-json\/wp\/v2\/product\/31331\/revisions"}],"wp:featuredmedia":[{"embeddable":true,"href":"https:\/\/technofluid.it\/fr\/wp-json\/wp\/v2\/media\/42084"}],"wp:attachment":[{"href":"https:\/\/technofluid.it\/fr\/wp-json\/wp\/v2\/media?parent=31331"}],"wp:term":[{"taxonomy":"product_brand","embeddable":true,"href":"https:\/\/technofluid.it\/fr\/wp-json\/wp\/v2\/product_brand?post=31331"},{"taxonomy":"product_cat","embeddable":true,"href":"https:\/\/technofluid.it\/fr\/wp-json\/wp\/v2\/product_cat?post=31331"},{"taxonomy":"product_tag","embeddable":true,"href":"https:\/\/technofluid.it\/fr\/wp-json\/wp\/v2\/product_tag?post=31331"}],"curies":[{"name":"wp","href":"https:\/\/api.w.org\/{rel}","templated":true}]}}