{"id":31214,"date":"2025-10-25T00:04:32","date_gmt":"2025-10-25T00:04:32","guid":{"rendered":"https:\/\/technofluid.it\/prodotto\/signal-crimson-codice-ltg832745-leatherman\/"},"modified":"2026-01-16T13:57:41","modified_gmt":"2026-01-16T13:57:41","slug":"signal-crimson-codice-ltg832745-leatherman","status":"publish","type":"product","link":"https:\/\/technofluid.it\/fr\/produit\/signal-crimson-code-ltg832745-leatherman\/","title":{"rendered":"Signal Crimson \u2013 code : LTG832745 \u2013 Leatherman"},"content":{"rendered":"<p><b>CARACT\u00c9RISTIQUES<br \/>\n<\/b><\/p>\n<p>&nbsp;<\/p>\n<p>\u2013 Verrouillage complet<\/p>\n<p>\nChaque caract\u00e9ristique (sauf la t\u00eate de la pince) se verrouille en position vous permettant d'utiliser les outils en toute s\u00e9curit\u00e9 et efficacit\u00e9.\n<\/p>\n<p>&nbsp;<\/p>\n<p>\u2013 Clip de poche amovible<\/p>\n<p>\nRetirez cette clip de poche quand vous le souhaitez.<\/p>\n<p>&nbsp;<\/p>\n<p>\u2013 Caract\u00e9ristiques accessibles de l'ext\u00e9rieur<\/p>\n<p>\nCet outil multifonction est \u00e9quip\u00e9 d'outils accessibles lorsque l'outil est pli\u00e9 ou ferm\u00e9.\n<\/p>\n<p>&nbsp;<\/p>\n<p>\u2013 Fonctionnalit\u00e9s utilisables d'une seule main<\/p>\n<p>\nTravaillez avec une main toujours libre. Avec cet outil, vous pouvez ouvrir et utiliser les outils facilement.\n<\/p>\n<p>&nbsp;<\/p>\n<p>\n<b>&nbsp;<\/b>\n<\/p>\n<p><b><\/p>\n<p>OUTILS INCLUS<\/b><\/p>\n<p>&nbsp;<\/p>\n<p>\u2013 Pince \u00e0 bec plat<\/p>\n<p>\u2013 Pince r\u00e9guli\u00e8re<\/p>\n<p>\u2013 Coupe-fils rempla\u00e7ables premium<\/p>\n<p>\u2013 Pinces coupantes rempla\u00e7ables premium<\/p>\n<p>\u2013 D\u00e9nudeur de fils<\/p>\n<p>\u2013 Couteau combo en acier 420HC<\/p>\n<p>\u2013 Scie<\/p>\n<p>\u2013 Marteau<\/p>\n<p>\u2013 Pointe \u00e0 al\u00e9ser avec \u0153illet<\/p>\n<p>\u2013 Ouvre-bo\u00eetes<\/p>\n<p>\u2013 Ouvre-bouteilles<\/p>\n<p>\u2013 Porte-embout hexagonal 1\/4\u2033<\/p>\n<p>\u2013 Porte-embouts<\/p>\n<p>\u2013 Cl\u00e9 \u00e0 anneau 1\/4\u2033<\/p>\n<p>\u2013 Mousqueton<\/p>","protected":false},"excerpt":{"rendered":"<p>LEATHERMAN SIGNAL CRIMSON &#8211; CODICE: LTG832745<\/p>","protected":false},"featured_media":41833,"comment_status":"open","ping_status":"closed","template":"","meta":{"_acf_changed":false,"_monsterinsights_skip_tracking":false,"_monsterinsights_sitenote_active":false,"_monsterinsights_sitenote_note":"","_monsterinsights_sitenote_category":0,"site-sidebar-layout":"default","site-content-layout":"","ast-site-content-layout":"default","site-content-style":"default","site-sidebar-style":"default","ast-global-header-display":"","ast-banner-title-visibility":"","ast-main-header-display":"","ast-hfb-above-header-display":"","ast-hfb-below-header-display":"","ast-hfb-mobile-header-display":"","site-post-title":"","ast-breadcrumbs-content":"","ast-featured-img":"","footer-sml-layout":"","ast-disable-related-posts":"","theme-transparent-header-meta":"","adv-header-id-meta":"","stick-header-meta":"","header-above-stick-meta":"","header-main-stick-meta":"","header-below-stick-meta":"","astra-migrate-meta-layouts":"default","ast-page-background-enabled":"default","ast-page-background-meta":{"desktop":{"background-color":"var(--ast-global-color-5)","background-image":"","background-repeat":"repeat","background-position":"center center","background-size":"auto","background-attachment":"scroll","background-type":"","background-media":"","overlay-type":"","overlay-color":"","overlay-opacity":"","overlay-gradient":""},"tablet":{"background-color":"","background-image":"","background-repeat":"repeat","background-position":"center center","background-size":"auto","background-attachment":"scroll","background-type":"","background-media":"","overlay-type":"","overlay-color":"","overlay-opacity":"","overlay-gradient":""},"mobile":{"background-color":"","background-image":"","background-repeat":"repeat","background-position":"center center","background-size":"auto","background-attachment":"scroll","background-type":"","background-media":"","overlay-type":"","overlay-color":"","overlay-opacity":"","overlay-gradient":""}},"ast-content-background-meta":{"desktop":{"background-color":"var(--ast-global-color-4)","background-image":"","background-repeat":"repeat","background-position":"center center","background-size":"auto","background-attachment":"scroll","background-type":"","background-media":"","overlay-type":"","overlay-color":"","overlay-opacity":"","overlay-gradient":""},"tablet":{"background-color":"var(--ast-global-color-4)","background-image":"","background-repeat":"repeat","background-position":"center center","background-size":"auto","background-attachment":"scroll","background-type":"","background-media":"","overlay-type":"","overlay-color":"","overlay-opacity":"","overlay-gradient":""},"mobile":{"background-color":"var(--ast-global-color-4)","background-image":"","background-repeat":"repeat","background-position":"center center","background-size":"auto","background-attachment":"scroll","background-type":"","background-media":"","overlay-type":"","overlay-color":"","overlay-opacity":"","overlay-gradient":""}}},"product_brand":[],"product_cat":[366,121],"product_tag":[5154,7580],"class_list":{"0":"post-31214","1":"product","2":"type-product","3":"status-publish","4":"has-post-thumbnail","6":"product_cat-coltelli-multifunzionali","7":"product_cat-vela-e-sport","8":"product_tag-leatherman","9":"product_tag-signal","10":"pa_supplier-ledlenser-italia-srl","11":"desktop-align-left","12":"tablet-align-left","13":"mobile-align-left","15":"first","16":"instock","17":"taxable","18":"shipping-taxable","19":"purchasable","20":"product-type-simple"},"acf":[],"yoast_head":"<!-- This site is optimized with the Yoast SEO Premium plugin v26.7 (Yoast SEO v26.9) - https:\/\/yoast.com\/product\/yoast-seo-premium-wordpress\/ -->\n<title>Utensile multifunzione Leatherman Signal Crimson: sicurezza e praticit\u00e0<\/title>\n<meta name=\"description\" content=\"Scopri l&#039;utensile multifunzione Leatherman Signal Crimson con bloccaggio completo e accesso esterno. Acquista ora per lavorare in sicurezza!\" \/>\n<meta name=\"robots\" content=\"index, follow, max-snippet:-1, max-image-preview:large, max-video-preview:-1\" \/>\n<link rel=\"canonical\" href=\"https:\/\/technofluid.it\/fr\/produit\/signal-crimson-code-ltg832745-leatherman\/\" \/>\n<meta property=\"og:locale\" content=\"fr_FR\" \/>\n<meta property=\"og:type\" content=\"article\" \/>\n<meta property=\"og:title\" content=\"Signal Crimson &ndash; codice: LTG832745 &ndash; Leatherman\" \/>\n<meta property=\"og:description\" content=\"Scopri l&#039;utensile multifunzione Leatherman Signal Crimson con bloccaggio completo e accesso esterno. Acquista ora per lavorare in sicurezza!\" \/>\n<meta property=\"og:url\" content=\"https:\/\/technofluid.it\/fr\/produit\/signal-crimson-code-ltg832745-leatherman\/\" \/>\n<meta property=\"og:site_name\" content=\"Technofluid\" \/>\n<meta property=\"article:modified_time\" content=\"2026-01-16T13:57:41+00:00\" \/>\n<meta property=\"og:image\" content=\"https:\/\/technofluid.it\/wp-content\/uploads\/2026\/01\/198-Signal-Crimson-codice-LTG832745-Leatherman.jpg\" \/>\n\t<meta property=\"og:image:width\" content=\"2000\" \/>\n\t<meta property=\"og:image:height\" content=\"2000\" \/>\n\t<meta property=\"og:image:type\" content=\"image\/jpeg\" \/>\n<meta name=\"twitter:card\" content=\"summary_large_image\" \/>\n<meta name=\"twitter:label1\" content=\"Prix\" \/>\n\t<meta name=\"twitter:data1\" content=\"107,38&nbsp;&euro; Iva esclusa\" \/>\n\t<meta name=\"twitter:label2\" content=\"Disponibilit\u00e9\" \/>\n\t<meta name=\"twitter:data2\" content=\"En stock\" \/>\n<script type=\"application\/ld+json\" class=\"yoast-schema-graph\">{\"@context\":\"https:\/\/schema.org\",\"@graph\":[{\"@type\":\"WebPage\",\"@id\":\"https:\/\/technofluid.it\/prodotto\/signal-crimson-codice-ltg832745-leatherman\/\",\"url\":\"https:\/\/technofluid.it\/prodotto\/signal-crimson-codice-ltg832745-leatherman\/\",\"name\":\"Utensile multifunzione Leatherman Signal Crimson: sicurezza e praticit\u00e0\",\"isPartOf\":{\"@id\":\"https:\/\/technofluid.it\/#website\"},\"primaryImageOfPage\":{\"@id\":\"https:\/\/technofluid.it\/prodotto\/signal-crimson-codice-ltg832745-leatherman\/#primaryimage\"},\"image\":{\"@id\":\"https:\/\/technofluid.it\/prodotto\/signal-crimson-codice-ltg832745-leatherman\/#primaryimage\"},\"thumbnailUrl\":\"https:\/\/technofluid.it\/wp-content\/uploads\/2026\/01\/198-Signal-Crimson-codice-LTG832745-Leatherman.jpg\",\"datePublished\":\"2025-10-25T00:04:32+00:00\",\"dateModified\":\"2026-01-16T13:57:41+00:00\",\"description\":\"Scopri l'utensile multifunzione Leatherman Signal Crimson con bloccaggio completo e accesso esterno. Acquista ora per lavorare in sicurezza!\",\"breadcrumb\":{\"@id\":\"https:\/\/technofluid.it\/prodotto\/signal-crimson-codice-ltg832745-leatherman\/#breadcrumb\"},\"inLanguage\":\"fr-FR\",\"potentialAction\":[{\"@type\":\"ReadAction\",\"target\":[\"https:\/\/technofluid.it\/prodotto\/signal-crimson-codice-ltg832745-leatherman\/\"]}]},{\"@type\":\"ImageObject\",\"inLanguage\":\"fr-FR\",\"@id\":\"https:\/\/technofluid.it\/prodotto\/signal-crimson-codice-ltg832745-leatherman\/#primaryimage\",\"url\":\"https:\/\/technofluid.it\/wp-content\/uploads\/2026\/01\/198-Signal-Crimson-codice-LTG832745-Leatherman.jpg\",\"contentUrl\":\"https:\/\/technofluid.it\/wp-content\/uploads\/2026\/01\/198-Signal-Crimson-codice-LTG832745-Leatherman.jpg\",\"width\":2000,\"height\":2000,\"caption\":\"Multitool Leatherman Signal con pinze, coltello e strumenti utili, ideale per avventure e attivit\u00e0 outdoor.\"},{\"@type\":\"BreadcrumbList\",\"@id\":\"https:\/\/technofluid.it\/prodotto\/signal-crimson-codice-ltg832745-leatherman\/#breadcrumb\",\"itemListElement\":[{\"@type\":\"ListItem\",\"position\":1,\"name\":\"Home\",\"item\":\"https:\/\/technofluid.it\/\"},{\"@type\":\"ListItem\",\"position\":2,\"name\":\"Shop\",\"item\":\"https:\/\/technofluid.it\/shop\/\"},{\"@type\":\"ListItem\",\"position\":3,\"name\":\"Signal Crimson &ndash; codice: LTG832745 &ndash; Leatherman\"}]},{\"@type\":\"WebSite\",\"@id\":\"https:\/\/technofluid.it\/#website\",\"url\":\"https:\/\/technofluid.it\/\",\"name\":\"Technofluid S.R.L.\",\"description\":\"Dal 1999 siamo specializzati nell&#039;impiantistica navale, idraulica, civile e industriale\",\"publisher\":{\"@id\":\"https:\/\/technofluid.it\/#organization\"},\"potentialAction\":[{\"@type\":\"SearchAction\",\"target\":{\"@type\":\"EntryPoint\",\"urlTemplate\":\"https:\/\/technofluid.it\/?s={search_term_string}\"},\"query-input\":{\"@type\":\"PropertyValueSpecification\",\"valueRequired\":true,\"valueName\":\"search_term_string\"}}],\"inLanguage\":\"fr-FR\"},{\"@type\":\"Organization\",\"@id\":\"https:\/\/technofluid.it\/#organization\",\"name\":\"Technofluid\",\"url\":\"https:\/\/technofluid.it\/\",\"logo\":{\"@type\":\"ImageObject\",\"inLanguage\":\"fr-FR\",\"@id\":\"https:\/\/technofluid.it\/#\/schema\/logo\/image\/\",\"url\":\"https:\/\/technofluid.it\/wp-content\/uploads\/2025\/12\/technofluid_bianco-logo.webp\",\"contentUrl\":\"https:\/\/technofluid.it\/wp-content\/uploads\/2025\/12\/technofluid_bianco-logo.webp\",\"width\":350,\"height\":116,\"caption\":\"Technofluid\"},\"image\":{\"@id\":\"https:\/\/technofluid.it\/#\/schema\/logo\/image\/\"},\"description\":\"La Technofluid S.r.l. nasce nel 1999 a Barcellona Pozzo di Gotto, in provincia di Messina, con l\u2019obiettivo di diventare un punto di riferimento nel settore dell\u2019impiantistica navale, idraulica, civile e industriale.\",\"email\":\"info@technofluid.it\",\"telephone\":\"0907386877\",\"legalName\":\"Technofluid S.R.L\",\"vatID\":\"IT03148240835\",\"taxID\":\"03148240835\",\"ownershipFundingInfo\":\"https:\/\/technofluid.it\/azienda\/\"}]}<\/script>\n<meta property=\"product:price:amount\" content=\"107.38\" \/>\n<meta property=\"product:price:currency\" content=\"EUR\" \/>\n<meta property=\"og:availability\" content=\"instock\" \/>\n<meta property=\"product:availability\" content=\"instock\" \/>\n<meta property=\"product:retailer_item_id\" content=\"LEATH000003\" \/>\n<meta property=\"product:condition\" content=\"new\" \/>\n<!-- \/ Yoast SEO Premium plugin. -->","yoast_head_json":{"title":"Outil multifonction Leatherman Signal Crimson : s\u00e9curit\u00e9 et praticit\u00e9","description":"D\u00e9couvrez l'outil multifonction Leatherman Signal Crimson avec verrouillage complet et acc\u00e8s externe. Achetez maintenant pour travailler en toute s\u00e9curit\u00e9 !","robots":{"index":"index","follow":"follow","max-snippet":"max-snippet:-1","max-image-preview":"max-image-preview:large","max-video-preview":"max-video-preview:-1"},"canonical":"https:\/\/technofluid.it\/fr\/produit\/signal-crimson-code-ltg832745-leatherman\/","og_locale":"fr_FR","og_type":"article","og_title":"Signal Crimson &ndash; codice: LTG832745 &ndash; Leatherman","og_description":"Scopri l'utensile multifunzione Leatherman Signal Crimson con bloccaggio completo e accesso esterno. Acquista ora per lavorare in sicurezza!","og_url":"https:\/\/technofluid.it\/fr\/produit\/signal-crimson-code-ltg832745-leatherman\/","og_site_name":"Technofluid","article_modified_time":"2026-01-16T13:57:41+00:00","og_image":[{"width":2000,"height":2000,"url":"https:\/\/technofluid.it\/wp-content\/uploads\/2026\/01\/198-Signal-Crimson-codice-LTG832745-Leatherman.jpg","type":"image\/jpeg"}],"twitter_card":"summary_large_image","twitter_misc":{"Prix":"107,38&nbsp;&euro; Iva esclusa","Disponibilit\u00e9":"En stock"},"schema":{"@context":"https:\/\/schema.org","@graph":[{"@type":"WebPage","@id":"https:\/\/technofluid.it\/prodotto\/signal-crimson-codice-ltg832745-leatherman\/","url":"https:\/\/technofluid.it\/prodotto\/signal-crimson-codice-ltg832745-leatherman\/","name":"Outil multifonction Leatherman Signal Crimson : s\u00e9curit\u00e9 et praticit\u00e9","isPartOf":{"@id":"https:\/\/technofluid.it\/#website"},"primaryImageOfPage":{"@id":"https:\/\/technofluid.it\/prodotto\/signal-crimson-codice-ltg832745-leatherman\/#primaryimage"},"image":{"@id":"https:\/\/technofluid.it\/prodotto\/signal-crimson-codice-ltg832745-leatherman\/#primaryimage"},"thumbnailUrl":"https:\/\/technofluid.it\/wp-content\/uploads\/2026\/01\/198-Signal-Crimson-codice-LTG832745-Leatherman.jpg","datePublished":"2025-10-25T00:04:32+00:00","dateModified":"2026-01-16T13:57:41+00:00","description":"D\u00e9couvrez l'outil multifonction Leatherman Signal Crimson avec verrouillage complet et acc\u00e8s externe. Achetez maintenant pour travailler en toute s\u00e9curit\u00e9 !","breadcrumb":{"@id":"https:\/\/technofluid.it\/prodotto\/signal-crimson-codice-ltg832745-leatherman\/#breadcrumb"},"inLanguage":"fr-FR","potentialAction":[{"@type":"ReadAction","target":["https:\/\/technofluid.it\/prodotto\/signal-crimson-codice-ltg832745-leatherman\/"]}]},{"@type":"ImageObject","inLanguage":"fr-FR","@id":"https:\/\/technofluid.it\/prodotto\/signal-crimson-codice-ltg832745-leatherman\/#primaryimage","url":"https:\/\/technofluid.it\/wp-content\/uploads\/2026\/01\/198-Signal-Crimson-codice-LTG832745-Leatherman.jpg","contentUrl":"https:\/\/technofluid.it\/wp-content\/uploads\/2026\/01\/198-Signal-Crimson-codice-LTG832745-Leatherman.jpg","width":2000,"height":2000,"caption":"Multitool Leatherman Signal con pinze, coltello e strumenti utili, ideale per avventure e attivit\u00e0 outdoor."},{"@type":"BreadcrumbList","@id":"https:\/\/technofluid.it\/prodotto\/signal-crimson-codice-ltg832745-leatherman\/#breadcrumb","itemListElement":[{"@type":"ListItem","position":1,"name":"Home","item":"https:\/\/technofluid.it\/"},{"@type":"ListItem","position":2,"name":"Shop","item":"https:\/\/technofluid.it\/shop\/"},{"@type":"ListItem","position":3,"name":"Signal Crimson &ndash; codice: LTG832745 &ndash; Leatherman"}]},{"@type":"WebSite","@id":"https:\/\/technofluid.it\/#website","url":"https:\/\/technofluid.it\/","name":"Technofluid S.R.L.","description":"Depuis 1999, nous sommes sp\u00e9cialis\u00e9s dans les installations marines, de plomberie, civiles et industrielles.","publisher":{"@id":"https:\/\/technofluid.it\/#organization"},"potentialAction":[{"@type":"SearchAction","target":{"@type":"EntryPoint","urlTemplate":"https:\/\/technofluid.it\/?s={search_term_string}"},"query-input":{"@type":"PropertyValueSpecification","valueRequired":true,"valueName":"search_term_string"}}],"inLanguage":"fr-FR"},{"@type":"Organization","@id":"https:\/\/technofluid.it\/#organization","name":"Technofluid","url":"https:\/\/technofluid.it\/","logo":{"@type":"ImageObject","inLanguage":"fr-FR","@id":"https:\/\/technofluid.it\/#\/schema\/logo\/image\/","url":"https:\/\/technofluid.it\/wp-content\/uploads\/2025\/12\/technofluid_bianco-logo.webp","contentUrl":"https:\/\/technofluid.it\/wp-content\/uploads\/2025\/12\/technofluid_bianco-logo.webp","width":350,"height":116,"caption":"Technofluid"},"image":{"@id":"https:\/\/technofluid.it\/#\/schema\/logo\/image\/"},"description":"La Technofluid S.r.l. est n\u00e9e en 1999 \u00e0 Barcellona Pozzo di Gotto, dans la province de Messine, avec l'objectif de devenir un point de r\u00e9f\u00e9rence dans le secteur de l'installation navale, hydraulique, civile et industrielle.","email":"info@technofluid.it","telephone":"0907386877","legalName":"Technofluid S.R.L","vatID":"IT03148240835","taxID":"03148240835","ownershipFundingInfo":"https:\/\/technofluid.it\/azienda\/"}]},"product_price_amount":"107.38","product_price_currency":"EUR","og_availability":"instock","product_availability":"instock","product_retailer_item_id":"LEATH000003","product_condition":"new"},"_links":{"self":[{"href":"https:\/\/technofluid.it\/fr\/wp-json\/wp\/v2\/product\/31214","targetHints":{"allow":["GET"]}}],"collection":[{"href":"https:\/\/technofluid.it\/fr\/wp-json\/wp\/v2\/product"}],"about":[{"href":"https:\/\/technofluid.it\/fr\/wp-json\/wp\/v2\/types\/product"}],"replies":[{"embeddable":true,"href":"https:\/\/technofluid.it\/fr\/wp-json\/wp\/v2\/comments?post=31214"}],"version-history":[{"count":0,"href":"https:\/\/technofluid.it\/fr\/wp-json\/wp\/v2\/product\/31214\/revisions"}],"wp:featuredmedia":[{"embeddable":true,"href":"https:\/\/technofluid.it\/fr\/wp-json\/wp\/v2\/media\/41833"}],"wp:attachment":[{"href":"https:\/\/technofluid.it\/fr\/wp-json\/wp\/v2\/media?parent=31214"}],"wp:term":[{"taxonomy":"product_brand","embeddable":true,"href":"https:\/\/technofluid.it\/fr\/wp-json\/wp\/v2\/product_brand?post=31214"},{"taxonomy":"product_cat","embeddable":true,"href":"https:\/\/technofluid.it\/fr\/wp-json\/wp\/v2\/product_cat?post=31214"},{"taxonomy":"product_tag","embeddable":true,"href":"https:\/\/technofluid.it\/fr\/wp-json\/wp\/v2\/product_tag?post=31214"}],"curies":[{"name":"wp","href":"https:\/\/api.w.org\/{rel}","templated":true}]}}