{"id":31205,"date":"2025-10-25T00:04:31","date_gmt":"2025-10-25T00:04:31","guid":{"rendered":"https:\/\/technofluid.it\/prodotto\/set-guarnizioni-kit-tenuta-sp-at3500-5000-codice-1322643a-webasto\/"},"modified":"2026-04-15T12:16:17","modified_gmt":"2026-04-15T11:16:17","slug":"set-guarnizionikit-tenuta-sp-at3500-5000-codice-1322643a-webasto","status":"publish","type":"product","link":"https:\/\/technofluid.it\/fr\/produit\/jeu-de-joints-kit-etancheite-sp-at3500-5000-code-1322643a-webasto-2\/","title":{"rendered":"Set joints\/kit \u00e9tanch\u00e9it\u00e9 sp AT3500 \/ 5000 \u2013 code : 1322643A \u2013 Webasto"},"content":{"rendered":"<p>SET DE JOINTS \/ KIT D'\u00c9TANCH\u00c9IT\u00c9 <b>SP <\/b><b>AT3500 \/ 5000 <\/b>SP SEALING, KIT AT3500\/5000 SAC \u2013 1322643A<\/p>","protected":false},"excerpt":{"rendered":"<p>SET GUARNIZIONI \/ KIT TENUTA SP AT3500 \/ 5000 SP SEALING, KIT AT3500\/5000 BAG &#8211; 1322643A<\/p>","protected":false},"featured_media":41815,"comment_status":"open","ping_status":"closed","template":"","meta":{"_acf_changed":false,"_monsterinsights_skip_tracking":false,"_monsterinsights_sitenote_active":false,"_monsterinsights_sitenote_note":"","_monsterinsights_sitenote_category":0,"site-sidebar-layout":"default","site-content-layout":"","ast-site-content-layout":"default","site-content-style":"default","site-sidebar-style":"default","ast-global-header-display":"","ast-banner-title-visibility":"","ast-main-header-display":"","ast-hfb-above-header-display":"","ast-hfb-below-header-display":"","ast-hfb-mobile-header-display":"","site-post-title":"","ast-breadcrumbs-content":"","ast-featured-img":"","footer-sml-layout":"","ast-disable-related-posts":"","theme-transparent-header-meta":"","adv-header-id-meta":"","stick-header-meta":"","header-above-stick-meta":"","header-main-stick-meta":"","header-below-stick-meta":"","astra-migrate-meta-layouts":"default","ast-page-background-enabled":"default","ast-page-background-meta":{"desktop":{"background-color":"var(--ast-global-color-5)","background-image":"","background-repeat":"repeat","background-position":"center center","background-size":"auto","background-attachment":"scroll","background-type":"","background-media":"","overlay-type":"","overlay-color":"","overlay-opacity":"","overlay-gradient":""},"tablet":{"background-color":"","background-image":"","background-repeat":"repeat","background-position":"center center","background-size":"auto","background-attachment":"scroll","background-type":"","background-media":"","overlay-type":"","overlay-color":"","overlay-opacity":"","overlay-gradient":""},"mobile":{"background-color":"","background-image":"","background-repeat":"repeat","background-position":"center center","background-size":"auto","background-attachment":"scroll","background-type":"","background-media":"","overlay-type":"","overlay-color":"","overlay-opacity":"","overlay-gradient":""}},"ast-content-background-meta":{"desktop":{"background-color":"var(--ast-global-color-4)","background-image":"","background-repeat":"repeat","background-position":"center center","background-size":"auto","background-attachment":"scroll","background-type":"","background-media":"","overlay-type":"","overlay-color":"","overlay-opacity":"","overlay-gradient":""},"tablet":{"background-color":"var(--ast-global-color-4)","background-image":"","background-repeat":"repeat","background-position":"center center","background-size":"auto","background-attachment":"scroll","background-type":"","background-media":"","overlay-type":"","overlay-color":"","overlay-opacity":"","overlay-gradient":""},"mobile":{"background-color":"var(--ast-global-color-4)","background-image":"","background-repeat":"repeat","background-position":"center center","background-size":"auto","background-attachment":"scroll","background-type":"","background-media":"","overlay-type":"","overlay-color":"","overlay-opacity":"","overlay-gradient":""}}},"product_brand":[],"product_cat":[133,134],"product_tag":[4071,7562],"class_list":{"0":"post-31205","1":"product","2":"type-product","3":"status-publish","4":"has-post-thumbnail","6":"product_cat-ricambistica","7":"product_cat-webasto-ricambistica","8":"product_tag-guarnizioni","9":"product_tag-at3500-5000","10":"pa_supplier-bcool-engineering-srl","11":"desktop-align-left","12":"tablet-align-left","13":"mobile-align-left","15":"first","16":"instock","17":"taxable","18":"shipping-taxable","19":"purchasable","20":"product-type-simple"},"acf":[],"yoast_head":"<!-- This site is optimized with the Yoast SEO Premium plugin v26.7 (Yoast SEO v26.9) - https:\/\/yoast.com\/product\/yoast-seo-premium-wordpress\/ -->\n<title>Kit Tenuta SP AT3500\/5000 - Set Guarnizioni Webasto<\/title>\n<meta name=\"description\" content=\"Acquista il kit tenuta SP AT3500\/5000 con set guarnizioni originale Webasto. Qualit\u00e0 garantita per la tua tenuta. Scopri di pi\u00f9 ora!\" \/>\n<meta name=\"robots\" content=\"index, follow, max-snippet:-1, max-image-preview:large, max-video-preview:-1\" \/>\n<link rel=\"canonical\" href=\"https:\/\/technofluid.it\/fr\/produit\/jeu-de-joints-kit-etancheite-sp-at3500-5000-code-1322643a-webasto-2\/\" \/>\n<meta property=\"og:locale\" content=\"fr_FR\" \/>\n<meta property=\"og:type\" content=\"article\" \/>\n<meta property=\"og:title\" content=\"Set guarnizioni\/kit tenuta sp AT3500 \/ 5000 - codice: 1322643A - Webasto\" \/>\n<meta property=\"og:description\" content=\"Acquista il kit tenuta SP AT3500\/5000 con set guarnizioni originale Webasto. Qualit\u00e0 garantita per la tua tenuta. Scopri di pi\u00f9 ora!\" \/>\n<meta property=\"og:url\" content=\"https:\/\/technofluid.it\/fr\/produit\/jeu-de-joints-kit-etancheite-sp-at3500-5000-code-1322643a-webasto-2\/\" \/>\n<meta property=\"og:site_name\" content=\"Technofluid\" \/>\n<meta property=\"article:modified_time\" content=\"2026-04-15T11:16:17+00:00\" \/>\n<meta property=\"og:image\" content=\"https:\/\/technofluid.it\/wp-content\/uploads\/2026\/01\/477-Set-guarnizionikit-tenuta-sp-AT3500-5000-codice-1322643A-Webasto.jpg\" \/>\n\t<meta property=\"og:image:width\" content=\"800\" \/>\n\t<meta property=\"og:image:height\" content=\"800\" \/>\n\t<meta property=\"og:image:type\" content=\"image\/jpeg\" \/>\n<meta name=\"twitter:card\" content=\"summary_large_image\" \/>\n<meta name=\"twitter:label1\" content=\"Prix\" \/>\n\t<meta name=\"twitter:data1\" content=\"40,16&nbsp;&euro; Iva esclusa\" \/>\n\t<meta name=\"twitter:label2\" content=\"Disponibilit\u00e9\" \/>\n\t<meta name=\"twitter:data2\" content=\"En stock\" \/>\n<script type=\"application\/ld+json\" class=\"yoast-schema-graph\">{\"@context\":\"https:\/\/schema.org\",\"@graph\":[{\"@type\":\"WebPage\",\"@id\":\"https:\/\/technofluid.it\/prodotto\/set-guarnizionikit-tenuta-sp-at3500-5000-codice-1322643a-webasto\/\",\"url\":\"https:\/\/technofluid.it\/prodotto\/set-guarnizionikit-tenuta-sp-at3500-5000-codice-1322643a-webasto\/\",\"name\":\"Kit Tenuta SP AT3500\/5000 - Set Guarnizioni Webasto\",\"isPartOf\":{\"@id\":\"https:\/\/technofluid.it\/#website\"},\"primaryImageOfPage\":{\"@id\":\"https:\/\/technofluid.it\/prodotto\/set-guarnizionikit-tenuta-sp-at3500-5000-codice-1322643a-webasto\/#primaryimage\"},\"image\":{\"@id\":\"https:\/\/technofluid.it\/prodotto\/set-guarnizionikit-tenuta-sp-at3500-5000-codice-1322643a-webasto\/#primaryimage\"},\"thumbnailUrl\":\"https:\/\/technofluid.it\/wp-content\/uploads\/2026\/01\/477-Set-guarnizionikit-tenuta-sp-AT3500-5000-codice-1322643A-Webasto.jpg\",\"datePublished\":\"2025-10-25T00:04:31+00:00\",\"dateModified\":\"2026-04-15T11:16:17+00:00\",\"description\":\"Acquista il kit tenuta SP AT3500\/5000 con set guarnizioni originale Webasto. Qualit\u00e0 garantita per la tua tenuta. Scopri di pi\u00f9 ora!\",\"breadcrumb\":{\"@id\":\"https:\/\/technofluid.it\/prodotto\/set-guarnizionikit-tenuta-sp-at3500-5000-codice-1322643a-webasto\/#breadcrumb\"},\"inLanguage\":\"fr-FR\",\"potentialAction\":[{\"@type\":\"ReadAction\",\"target\":[\"https:\/\/technofluid.it\/prodotto\/set-guarnizionikit-tenuta-sp-at3500-5000-codice-1322643a-webasto\/\"]}]},{\"@type\":\"ImageObject\",\"inLanguage\":\"fr-FR\",\"@id\":\"https:\/\/technofluid.it\/prodotto\/set-guarnizionikit-tenuta-sp-at3500-5000-codice-1322643a-webasto\/#primaryimage\",\"url\":\"https:\/\/technofluid.it\/wp-content\/uploads\/2026\/01\/477-Set-guarnizionikit-tenuta-sp-AT3500-5000-codice-1322643A-Webasto.jpg\",\"contentUrl\":\"https:\/\/technofluid.it\/wp-content\/uploads\/2026\/01\/477-Set-guarnizionikit-tenuta-sp-AT3500-5000-codice-1322643A-Webasto.jpg\",\"width\":800,\"height\":800,\"caption\":\"Kit guarnizioni per pompe Webasto AT3500\/5000, componenti essenziali per la tenuta e il funzionamento ottimale del sistema di riscaldamento.\"},{\"@type\":\"BreadcrumbList\",\"@id\":\"https:\/\/technofluid.it\/prodotto\/set-guarnizionikit-tenuta-sp-at3500-5000-codice-1322643a-webasto\/#breadcrumb\",\"itemListElement\":[{\"@type\":\"ListItem\",\"position\":1,\"name\":\"Home\",\"item\":\"https:\/\/technofluid.it\/\"},{\"@type\":\"ListItem\",\"position\":2,\"name\":\"Shop\",\"item\":\"https:\/\/technofluid.it\/shop\/\"},{\"@type\":\"ListItem\",\"position\":3,\"name\":\"Set guarnizioni\/kit tenuta sp AT3500 \/ 5000 &#8211; codice: 1322643A &#8211; Webasto\"}]},{\"@type\":\"WebSite\",\"@id\":\"https:\/\/technofluid.it\/#website\",\"url\":\"https:\/\/technofluid.it\/\",\"name\":\"Technofluid S.R.L.\",\"description\":\"Dal 1999 siamo specializzati nell&#039;impiantistica navale, idraulica, civile e industriale\",\"publisher\":{\"@id\":\"https:\/\/technofluid.it\/#organization\"},\"potentialAction\":[{\"@type\":\"SearchAction\",\"target\":{\"@type\":\"EntryPoint\",\"urlTemplate\":\"https:\/\/technofluid.it\/?s={search_term_string}\"},\"query-input\":{\"@type\":\"PropertyValueSpecification\",\"valueRequired\":true,\"valueName\":\"search_term_string\"}}],\"inLanguage\":\"fr-FR\"},{\"@type\":\"Organization\",\"@id\":\"https:\/\/technofluid.it\/#organization\",\"name\":\"Technofluid\",\"url\":\"https:\/\/technofluid.it\/\",\"logo\":{\"@type\":\"ImageObject\",\"inLanguage\":\"fr-FR\",\"@id\":\"https:\/\/technofluid.it\/#\/schema\/logo\/image\/\",\"url\":\"https:\/\/technofluid.it\/wp-content\/uploads\/2025\/12\/technofluid_bianco-logo.webp\",\"contentUrl\":\"https:\/\/technofluid.it\/wp-content\/uploads\/2025\/12\/technofluid_bianco-logo.webp\",\"width\":350,\"height\":116,\"caption\":\"Technofluid\"},\"image\":{\"@id\":\"https:\/\/technofluid.it\/#\/schema\/logo\/image\/\"},\"description\":\"La Technofluid S.r.l. nasce nel 1999 a Barcellona Pozzo di Gotto, in provincia di Messina, con l\u2019obiettivo di diventare un punto di riferimento nel settore dell\u2019impiantistica navale, idraulica, civile e industriale.\",\"email\":\"info@technofluid.it\",\"telephone\":\"0907386877\",\"legalName\":\"Technofluid S.R.L\",\"vatID\":\"IT03148240835\",\"taxID\":\"03148240835\",\"ownershipFundingInfo\":\"https:\/\/technofluid.it\/azienda\/\"}]}<\/script>\n<meta property=\"product:price:amount\" content=\"40.16\" \/>\n<meta property=\"product:price:currency\" content=\"EUR\" \/>\n<meta property=\"og:availability\" content=\"instock\" \/>\n<meta property=\"product:availability\" content=\"instock\" \/>\n<meta property=\"product:retailer_item_id\" content=\"WEB000000002\" \/>\n<meta property=\"product:condition\" content=\"new\" \/>\n<!-- \/ Yoast SEO Premium plugin. -->","yoast_head_json":{"title":"Kit \u00c9tanch\u00e9it\u00e9 SP AT3500\/5000 - Jeu de Joints Webasto","description":"Achetez le kit d'\u00e9tanch\u00e9it\u00e9 SP AT3500\/5000 avec jeu de joints d'origine Webasto. Qualit\u00e9 garantie pour votre \u00e9tanch\u00e9it\u00e9. D\u00e9couvrez-en plus maintenant !","robots":{"index":"index","follow":"follow","max-snippet":"max-snippet:-1","max-image-preview":"max-image-preview:large","max-video-preview":"max-video-preview:-1"},"canonical":"https:\/\/technofluid.it\/fr\/produit\/jeu-de-joints-kit-etancheite-sp-at3500-5000-code-1322643a-webasto-2\/","og_locale":"fr_FR","og_type":"article","og_title":"Set guarnizioni\/kit tenuta sp AT3500 \/ 5000 - codice: 1322643A - Webasto","og_description":"Acquista il kit tenuta SP AT3500\/5000 con set guarnizioni originale Webasto. Qualit\u00e0 garantita per la tua tenuta. Scopri di pi\u00f9 ora!","og_url":"https:\/\/technofluid.it\/fr\/produit\/jeu-de-joints-kit-etancheite-sp-at3500-5000-code-1322643a-webasto-2\/","og_site_name":"Technofluid","article_modified_time":"2026-04-15T11:16:17+00:00","og_image":[{"width":800,"height":800,"url":"https:\/\/technofluid.it\/wp-content\/uploads\/2026\/01\/477-Set-guarnizionikit-tenuta-sp-AT3500-5000-codice-1322643A-Webasto.jpg","type":"image\/jpeg"}],"twitter_card":"summary_large_image","twitter_misc":{"Prix":"40,16&nbsp;&euro; Iva esclusa","Disponibilit\u00e9":"En stock"},"schema":{"@context":"https:\/\/schema.org","@graph":[{"@type":"WebPage","@id":"https:\/\/technofluid.it\/prodotto\/set-guarnizionikit-tenuta-sp-at3500-5000-codice-1322643a-webasto\/","url":"https:\/\/technofluid.it\/prodotto\/set-guarnizionikit-tenuta-sp-at3500-5000-codice-1322643a-webasto\/","name":"Kit \u00c9tanch\u00e9it\u00e9 SP AT3500\/5000 - Jeu de Joints Webasto","isPartOf":{"@id":"https:\/\/technofluid.it\/#website"},"primaryImageOfPage":{"@id":"https:\/\/technofluid.it\/prodotto\/set-guarnizionikit-tenuta-sp-at3500-5000-codice-1322643a-webasto\/#primaryimage"},"image":{"@id":"https:\/\/technofluid.it\/prodotto\/set-guarnizionikit-tenuta-sp-at3500-5000-codice-1322643a-webasto\/#primaryimage"},"thumbnailUrl":"https:\/\/technofluid.it\/wp-content\/uploads\/2026\/01\/477-Set-guarnizionikit-tenuta-sp-AT3500-5000-codice-1322643A-Webasto.jpg","datePublished":"2025-10-25T00:04:31+00:00","dateModified":"2026-04-15T11:16:17+00:00","description":"Achetez le kit d'\u00e9tanch\u00e9it\u00e9 SP AT3500\/5000 avec jeu de joints d'origine Webasto. Qualit\u00e9 garantie pour votre \u00e9tanch\u00e9it\u00e9. D\u00e9couvrez-en plus maintenant !","breadcrumb":{"@id":"https:\/\/technofluid.it\/prodotto\/set-guarnizionikit-tenuta-sp-at3500-5000-codice-1322643a-webasto\/#breadcrumb"},"inLanguage":"fr-FR","potentialAction":[{"@type":"ReadAction","target":["https:\/\/technofluid.it\/prodotto\/set-guarnizionikit-tenuta-sp-at3500-5000-codice-1322643a-webasto\/"]}]},{"@type":"ImageObject","inLanguage":"fr-FR","@id":"https:\/\/technofluid.it\/prodotto\/set-guarnizionikit-tenuta-sp-at3500-5000-codice-1322643a-webasto\/#primaryimage","url":"https:\/\/technofluid.it\/wp-content\/uploads\/2026\/01\/477-Set-guarnizionikit-tenuta-sp-AT3500-5000-codice-1322643A-Webasto.jpg","contentUrl":"https:\/\/technofluid.it\/wp-content\/uploads\/2026\/01\/477-Set-guarnizionikit-tenuta-sp-AT3500-5000-codice-1322643A-Webasto.jpg","width":800,"height":800,"caption":"Kit guarnizioni per pompe Webasto AT3500\/5000, componenti essenziali per la tenuta e il funzionamento ottimale del sistema di riscaldamento."},{"@type":"BreadcrumbList","@id":"https:\/\/technofluid.it\/prodotto\/set-guarnizionikit-tenuta-sp-at3500-5000-codice-1322643a-webasto\/#breadcrumb","itemListElement":[{"@type":"ListItem","position":1,"name":"Home","item":"https:\/\/technofluid.it\/"},{"@type":"ListItem","position":2,"name":"Shop","item":"https:\/\/technofluid.it\/shop\/"},{"@type":"ListItem","position":3,"name":"Set guarnizioni\/kit tenuta sp AT3500 \/ 5000 &#8211; codice: 1322643A &#8211; Webasto"}]},{"@type":"WebSite","@id":"https:\/\/technofluid.it\/#website","url":"https:\/\/technofluid.it\/","name":"Technofluid S.R.L.","description":"Depuis 1999, nous sommes sp\u00e9cialis\u00e9s dans les installations marines, de plomberie, civiles et industrielles.","publisher":{"@id":"https:\/\/technofluid.it\/#organization"},"potentialAction":[{"@type":"SearchAction","target":{"@type":"EntryPoint","urlTemplate":"https:\/\/technofluid.it\/?s={search_term_string}"},"query-input":{"@type":"PropertyValueSpecification","valueRequired":true,"valueName":"search_term_string"}}],"inLanguage":"fr-FR"},{"@type":"Organization","@id":"https:\/\/technofluid.it\/#organization","name":"Technofluid","url":"https:\/\/technofluid.it\/","logo":{"@type":"ImageObject","inLanguage":"fr-FR","@id":"https:\/\/technofluid.it\/#\/schema\/logo\/image\/","url":"https:\/\/technofluid.it\/wp-content\/uploads\/2025\/12\/technofluid_bianco-logo.webp","contentUrl":"https:\/\/technofluid.it\/wp-content\/uploads\/2025\/12\/technofluid_bianco-logo.webp","width":350,"height":116,"caption":"Technofluid"},"image":{"@id":"https:\/\/technofluid.it\/#\/schema\/logo\/image\/"},"description":"La Technofluid S.r.l. est n\u00e9e en 1999 \u00e0 Barcellona Pozzo di Gotto, dans la province de Messine, avec l'objectif de devenir un point de r\u00e9f\u00e9rence dans le secteur de l'installation navale, hydraulique, civile et industrielle.","email":"info@technofluid.it","telephone":"0907386877","legalName":"Technofluid S.R.L","vatID":"IT03148240835","taxID":"03148240835","ownershipFundingInfo":"https:\/\/technofluid.it\/azienda\/"}]},"product_price_amount":"40.16","product_price_currency":"EUR","og_availability":"instock","product_availability":"instock","product_retailer_item_id":"WEB000000002","product_condition":"new"},"_links":{"self":[{"href":"https:\/\/technofluid.it\/fr\/wp-json\/wp\/v2\/product\/31205","targetHints":{"allow":["GET"]}}],"collection":[{"href":"https:\/\/technofluid.it\/fr\/wp-json\/wp\/v2\/product"}],"about":[{"href":"https:\/\/technofluid.it\/fr\/wp-json\/wp\/v2\/types\/product"}],"replies":[{"embeddable":true,"href":"https:\/\/technofluid.it\/fr\/wp-json\/wp\/v2\/comments?post=31205"}],"version-history":[{"count":0,"href":"https:\/\/technofluid.it\/fr\/wp-json\/wp\/v2\/product\/31205\/revisions"}],"wp:featuredmedia":[{"embeddable":true,"href":"https:\/\/technofluid.it\/fr\/wp-json\/wp\/v2\/media\/41815"}],"wp:attachment":[{"href":"https:\/\/technofluid.it\/fr\/wp-json\/wp\/v2\/media?parent=31205"}],"wp:term":[{"taxonomy":"product_brand","embeddable":true,"href":"https:\/\/technofluid.it\/fr\/wp-json\/wp\/v2\/product_brand?post=31205"},{"taxonomy":"product_cat","embeddable":true,"href":"https:\/\/technofluid.it\/fr\/wp-json\/wp\/v2\/product_cat?post=31205"},{"taxonomy":"product_tag","embeddable":true,"href":"https:\/\/technofluid.it\/fr\/wp-json\/wp\/v2\/product_tag?post=31205"}],"curies":[{"name":"wp","href":"https:\/\/api.w.org\/{rel}","templated":true}]}}