{"id":31196,"date":"2025-10-25T01:04:30","date_gmt":"2025-10-25T00:04:30","guid":{"rendered":"https:\/\/technofluid.it\/prodotto\/service-kit-5-codice-0000691-fischer-panda\/"},"modified":"2026-04-28T07:56:57","modified_gmt":"2026-04-28T06:56:57","slug":"service-kit-5-codice-0000691-fischer-panda","status":"publish","type":"product","link":"https:\/\/technofluid.it\/fr\/produit\/kit-de-service-5-code-0000691-fischer-panda-2\/","title":{"rendered":"Kit de service 5 \u2013 code : 0000691 \u2013 Fischer Panda"},"content":{"rendered":"<h2>Service Kit 5 Fischer Panda \u2013 codice 0000691<\/h2>\n<p>Il <strong>Service Kit 5<\/strong> Fischer Panda (codice <strong>0000691<\/strong>) \u00e8 un kit ricambi pensato per le attivit\u00e0 di manutenzione ordinaria su specifici generatori della gamma Panda. In ambito nautico e impiantistico di bordo, avere a disposizione un set completo di componenti soggetti a usura aiuta a pianificare gli interventi e a ridurre i tempi di fermo durante le operazioni di service.<\/p>\n<p>Questa confezione raggruppa in un unico kit i principali elementi filtranti e alcuni componenti di trasmissione\/raffreddamento comunemente sostituiti durante i controlli periodici. \u00c8 una soluzione pratica per chi desidera gestire la manutenzione con ricambi coerenti e gi\u00e0 selezionati per le applicazioni indicate.<\/p>\n<h2>Caratteristiche e dettagli del kit<\/h2>\n<p>Il kit \u00e8 identificato dal <strong>codice prodotto fornitore FP0000691<\/strong> ed \u00e8 fornito da <strong>Fischer Panda<\/strong>. La composizione include componenti dedicati alla filtrazione, alla trasmissione e alla pompa.<\/p>\n<h3>Componenti inclusi<\/h3>\n<ul>\n<li><strong>Filtro olio<\/strong> (oil filter)<\/li>\n<li><strong>Filtro carburante<\/strong> in metallo (fuel filter in metal case)<\/li>\n<li><strong>Cartuccia filtrante per filtro aria<\/strong> (filter element for air filter)<\/li>\n<li><strong>Cinghia<\/strong> (indicata come cinghia dentata e\/o cinghia trapezoidale resistente al calore \/ v-belt heat-proof)<\/li>\n<li><strong>Set girante pompa<\/strong> con guarnizione (impeller kit with gasket)<\/li>\n<\/ul>\n<h2>Applicazioni (modelli indicati)<\/h2>\n<p>Il Service Kit 5 PMS \u00e8 riportato come adatto per i seguenti generatori Fischer Panda:<\/p>\n<ul>\n<li><strong>25i PMS<\/strong><\/li>\n<li><strong>15 PMS<\/strong><\/li>\n<li><strong>24 PMS<\/strong><\/li>\n<li><strong>30 PMS<\/strong><\/li>\n<li><strong>30IC PMS<\/strong><\/li>\n<\/ul>\n<p>\u00c8 inoltre indicato come kit per:<\/p>\n<ul>\n<li><strong>Panda 18 \/ 24 \/ 30<\/strong><\/li>\n<li><strong>7,5-4 \/ 9-4 \/ 12-4<\/strong><\/li>\n<\/ul>\n<h3>Verifica prima dell\u2019acquisto<\/h3>\n<p>Per una selezione corretta, confronta sempre:<\/p>\n<ul>\n<li>il <strong>modello<\/strong> del generatore (sigla PMS\/IC e denominazione completa);<\/li>\n<li>il <strong>codice kit<\/strong> <strong>0000691<\/strong> \/ <strong>FP0000691<\/strong> riportato nella documentazione o nella distinta ricambi;<\/li>\n<li>eventuali indicazioni presenti sulla targhetta o sul manuale del gruppo.<\/li>\n<\/ul>\n<h2>Vantaggi operativi<\/h2>\n<p>Un kit manutenzione dedicato \u00e8 utile quando si desidera gestire il service in modo ordinato e coerente con le indicazioni del costruttore. Questo Service Kit 5 Fischer Panda offre una dotazione mirata ai componenti tipicamente coinvolti nei controlli periodici.<\/p>\n<h3>Perch\u00e9 scegliere un kit completo<\/h3>\n<ul>\n<li><strong>Praticit\u00e0<\/strong>: un\u2019unica confezione con pi\u00f9 ricambi necessari per il tagliando.<\/li>\n<li><strong>Gestione semplificata<\/strong>: aiuta a ridurre dimenticanze nella preparazione dell\u2019intervento.<\/li>\n<li><strong>Ricambi coordinati<\/strong>: componenti selezionati per le applicazioni indicate dal produttore.<\/li>\n<li><strong>Supporto alla manutenzione programmata<\/strong>: utile per armatori, tecnici e manutentori che pianificano interventi a bordo.<\/li>\n<\/ul>\n<h2>Utilizzo e note di manutenzione<\/h2>\n<p>Il kit \u00e8 destinato a interventi di manutenzione su generatori Fischer Panda compatibili. L\u2019installazione e la sostituzione dei componenti devono essere eseguite seguendo le procedure previste dal costruttore e le buone pratiche di officina, in particolare in ambiente nautico dove accessibilit\u00e0 e sicurezza sono aspetti centrali.<\/p>\n<h3>Indicazioni generali<\/h3>\n<ul>\n<li><strong>Filtri<\/strong>: sostituire i filtri secondo le indicazioni del manuale e verificare la corretta tenuta dopo il montaggio.<\/li>\n<li><strong>Cinghia<\/strong>: controllare lo stato della cinghia rimossa e verificare tensionamento\/allineamento secondo specifica del generatore.<\/li>\n<li><strong>Girante<\/strong>: durante la sostituzione, prestare attenzione alla guarnizione inclusa nel set e verificare l\u2019assenza di residui o danneggiamenti nella sede.<\/li>\n<\/ul>\n<h3>Consiglio per l\u2019identificazione rapida<\/h3>\n<p>Per richieste tecniche o riordini, indica sempre <strong>Service Kit 5<\/strong> e il <strong>codice 0000691 (FP0000691)<\/strong>, oltre al modello del generatore. Questo aiuta a ridurre errori di selezione e velocizza la gestione del ricambio.<\/p>\n<h3>FAQ \u2013 Domande frequenti<\/h3>\n<h4>Qual \u00e8 il codice del Service Kit 5 Fischer Panda?<\/h4>\n<p>Il kit \u00e8 identificato come Service Kit 5 con codice 0000691; il codice prodotto fornitore riportato \u00e8 FP0000691.<\/p>\n<h4>Cosa include il Service Kit 5 (0000691)?<\/h4>\n<p>La composizione indicata comprende: 1 filtro olio, 1 filtro carburante in metallo, 1 cartuccia filtrante per filtro aria, 1 cinghia (descritta come dentata e\/o trapezoidale resistente al calore) e 1 set girante pompa con guarnizione.<\/p>\n<h4>Per quali generatori \u00e8 indicato questo kit?<\/h4>\n<p>\u00c8 riportato come adatto per 25i PMS, 15 PMS, 24 PMS, 30 PMS e 30IC PMS. \u00c8 inoltre indicato come kit per Panda 18\/24\/30 e per 7,5-4 \/ 9-4 \/ 12-4.<\/p>\n<h4>La cinghia \u00e8 dentata o trapezoidale?<\/h4>\n<p>Nelle informazioni disponibili la cinghia \u00e8 descritta in modo non univoco (cinghia dentata e anche cinghia trapezoidale resistente al calore). Per evitare errori, \u00e8 consigliabile verificare il codice FP0000691 e il modello esatto del generatore.<\/p>\n<h4>Come verifico se il kit \u00e8 compatibile con il mio generatore?<\/h4>\n<p>Confronta il modello completo del generatore (sigla PMS\/IC) e verifica che nella documentazione ricambi sia indicato il kit con codice 0000691\/FP0000691. In caso di dubbi, comunica modello e codice kit al rivenditore o al tecnico.<\/p>\n<p><script type=\"application\/ld+json\">\n{\"@context\":\"https:\/\/schema.org\",\"@type\":\"FAQPage\",\"mainEntity\":[{\"@type\":\"Question\",\"name\":\"Qual \u00e8 il codice del Service Kit 5 Fischer Panda?\",\"acceptedAnswer\":{\"@type\":\"Answer\",\"text\":\"Il kit \u00e8 identificato come Service Kit 5 con codice 0000691; il codice prodotto fornitore riportato \u00e8 FP0000691.\"}},{\"@type\":\"Question\",\"name\":\"Cosa include il Service Kit 5 (0000691)?\",\"acceptedAnswer\":{\"@type\":\"Answer\",\"text\":\"La composizione indicata comprende: 1 filtro olio, 1 filtro carburante in metallo, 1 cartuccia filtrante per filtro aria, 1 cinghia (descritta come dentata e\/o trapezoidale resistente al calore) e 1 set girante pompa con guarnizione.\"}},{\"@type\":\"Question\",\"name\":\"Per quali generatori \u00e8 indicato questo kit?\",\"acceptedAnswer\":{\"@type\":\"Answer\",\"text\":\"\u00c8 riportato come adatto per 25i PMS, 15 PMS, 24 PMS, 30 PMS e 30IC PMS. \u00c8 inoltre indicato come kit per Panda 18\/24\/30 e per 7,5-4 \/ 9-4 \/ 12-4.\"}},{\"@type\":\"Question\",\"name\":\"La cinghia \u00e8 dentata o trapezoidale?\",\"acceptedAnswer\":{\"@type\":\"Answer\",\"text\":\"Nelle informazioni disponibili la cinghia \u00e8 descritta in modo non univoco (cinghia dentata e anche cinghia trapezoidale resistente al calore). Per evitare errori, \u00e8 consigliabile verificare il codice FP0000691 e il modello esatto del generatore.\"}},{\"@type\":\"Question\",\"name\":\"Come verifico se il kit \u00e8 compatibile con il mio generatore?\",\"acceptedAnswer\":{\"@type\":\"Answer\",\"text\":\"Confronta il modello completo del generatore (sigla PMS\/IC) e verifica che nella documentazione ricambi sia indicato il kit con codice 0000691\/FP0000691. In caso di dubbi, comunica modello e codice kit al rivenditore o al tecnico.\"}}]}\n<\/script><\/p>\n","protected":false},"excerpt":{"rendered":"<p>Il Service Kit 5 Fischer Panda (codice 0000691 \/ FP0000691) \u00e8 un kit ricambi per manutenzione ordinaria dedicato a specifici generatori Panda. La confezione include componenti chiave per il service: filtro olio, filtro carburante in metallo, cartuccia filtrante per filtro aria, cinghia (indicata come dentata\/trapezoidale resistente al calore) e set girante pompa con guarnizione. \u00c8 riportato come adatto per generatori 25i PMS, 15 PMS, 24 PMS, 30 PMS e 30IC PMS, oltre a Panda 18\/24\/30 e 7,5-4 \/ 9-4 \/ 12-4. Ideale per tecnici e manutentori che desiderano un set completo e coerente per la preparazione del tagliando.<\/p>","protected":false},"featured_media":41796,"comment_status":"open","ping_status":"closed","template":"","meta":{"_acf_changed":false,"_monsterinsights_skip_tracking":false,"_monsterinsights_sitenote_active":false,"_monsterinsights_sitenote_note":"","_monsterinsights_sitenote_category":0,"site-sidebar-layout":"default","site-content-layout":"","ast-site-content-layout":"default","site-content-style":"default","site-sidebar-style":"default","ast-global-header-display":"","ast-banner-title-visibility":"","ast-main-header-display":"","ast-hfb-above-header-display":"","ast-hfb-below-header-display":"","ast-hfb-mobile-header-display":"","site-post-title":"","ast-breadcrumbs-content":"","ast-featured-img":"","footer-sml-layout":"","ast-disable-related-posts":"","theme-transparent-header-meta":"default","adv-header-id-meta":"","stick-header-meta":"","header-above-stick-meta":"","header-main-stick-meta":"","header-below-stick-meta":"","astra-migrate-meta-layouts":"set","ast-page-background-enabled":"default","ast-page-background-meta":{"desktop":{"background-color":"var(--ast-global-color-5)","background-image":"","background-repeat":"repeat","background-position":"center center","background-size":"auto","background-attachment":"scroll","background-type":"","background-media":"","overlay-type":"","overlay-color":"","overlay-opacity":"","overlay-gradient":""},"tablet":{"background-color":"","background-image":"","background-repeat":"repeat","background-position":"center center","background-size":"auto","background-attachment":"scroll","background-type":"","background-media":"","overlay-type":"","overlay-color":"","overlay-opacity":"","overlay-gradient":""},"mobile":{"background-color":"","background-image":"","background-repeat":"repeat","background-position":"center center","background-size":"auto","background-attachment":"scroll","background-type":"","background-media":"","overlay-type":"","overlay-color":"","overlay-opacity":"","overlay-gradient":""}},"ast-content-background-meta":{"desktop":{"background-color":"var(--ast-global-color-4)","background-image":"","background-repeat":"repeat","background-position":"center center","background-size":"auto","background-attachment":"scroll","background-type":"","background-media":"","overlay-type":"","overlay-color":"","overlay-opacity":"","overlay-gradient":""},"tablet":{"background-color":"var(--ast-global-color-4)","background-image":"","background-repeat":"repeat","background-position":"center center","background-size":"auto","background-attachment":"scroll","background-type":"","background-media":"","overlay-type":"","overlay-color":"","overlay-opacity":"","overlay-gradient":""},"mobile":{"background-color":"var(--ast-global-color-4)","background-image":"","background-repeat":"repeat","background-position":"center center","background-size":"auto","background-attachment":"scroll","background-type":"","background-media":"","overlay-type":"","overlay-color":"","overlay-opacity":"","overlay-gradient":""}}},"product_brand":[],"product_cat":[258,133],"product_tag":[7541,7542],"class_list":{"0":"post-31196","1":"product","2":"type-product","3":"status-publish","4":"has-post-thumbnail","6":"product_cat-fischer-panda","7":"product_cat-ricambistica","8":"product_tag-7541","9":"product_tag-fischer-panda-service-kit-5","10":"pa_supplier-fischer-panda","11":"desktop-align-left","12":"tablet-align-left","13":"mobile-align-left","15":"first","16":"instock","17":"taxable","18":"shipping-taxable","19":"purchasable","20":"product-type-simple"},"acf":[],"yoast_head":"<!-- This site is optimized with the Yoast SEO Premium plugin v26.7 (Yoast SEO v26.9) - https:\/\/yoast.com\/product\/yoast-seo-premium-wordpress\/ -->\n<title>Service Kit 5 0000691 Fischer Panda | Ricambi<\/title>\n<meta name=\"description\" content=\"Service Kit 5 Fischer Panda 0000691\/FP0000691: filtri, cinghia e girante pompa. Per generatori Panda indicati (PMS\/IC).\" \/>\n<meta name=\"robots\" content=\"index, follow, max-snippet:-1, max-image-preview:large, max-video-preview:-1\" \/>\n<link rel=\"canonical\" href=\"https:\/\/technofluid.it\/fr\/produit\/kit-de-service-5-code-0000691-fischer-panda-2\/\" \/>\n<meta property=\"og:locale\" content=\"fr_FR\" \/>\n<meta property=\"og:type\" content=\"article\" \/>\n<meta property=\"og:title\" content=\"Service kit 5 &ndash; codice: 0000691 &ndash; Fischer Panda\" \/>\n<meta property=\"og:description\" content=\"Service Kit 5 Fischer Panda 0000691\/FP0000691: filtri, cinghia e girante pompa. Per generatori Panda indicati (PMS\/IC).\" \/>\n<meta property=\"og:url\" content=\"https:\/\/technofluid.it\/fr\/produit\/kit-de-service-5-code-0000691-fischer-panda-2\/\" \/>\n<meta property=\"og:site_name\" content=\"Technofluid\" \/>\n<meta property=\"article:modified_time\" content=\"2026-04-28T06:56:57+00:00\" \/>\n<meta property=\"og:image\" content=\"https:\/\/technofluid.it\/wp-content\/uploads\/2026\/01\/154-Service-kit-5-codice-0000691-Fischer-Panda.jpg\" \/>\n\t<meta property=\"og:image:width\" content=\"800\" \/>\n\t<meta property=\"og:image:height\" content=\"800\" \/>\n\t<meta property=\"og:image:type\" content=\"image\/jpeg\" \/>\n<meta name=\"twitter:card\" content=\"summary_large_image\" \/>\n<meta name=\"twitter:label1\" content=\"Prix\" \/>\n\t<meta name=\"twitter:data1\" content=\"92,50&nbsp;&euro; Iva esclusa\" \/>\n\t<meta name=\"twitter:label2\" content=\"Disponibilit\u00e9\" \/>\n\t<meta name=\"twitter:data2\" content=\"En stock\" \/>\n<script type=\"application\/ld+json\" class=\"yoast-schema-graph\">{\"@context\":\"https:\/\/schema.org\",\"@graph\":[{\"@type\":\"WebPage\",\"@id\":\"https:\/\/technofluid.it\/prodotto\/service-kit-5-codice-0000691-fischer-panda\/\",\"url\":\"https:\/\/technofluid.it\/prodotto\/service-kit-5-codice-0000691-fischer-panda\/\",\"name\":\"Service Kit 5 0000691 Fischer Panda | Ricambi\",\"isPartOf\":{\"@id\":\"https:\/\/technofluid.it\/#website\"},\"primaryImageOfPage\":{\"@id\":\"https:\/\/technofluid.it\/prodotto\/service-kit-5-codice-0000691-fischer-panda\/#primaryimage\"},\"image\":{\"@id\":\"https:\/\/technofluid.it\/prodotto\/service-kit-5-codice-0000691-fischer-panda\/#primaryimage\"},\"thumbnailUrl\":\"https:\/\/technofluid.it\/wp-content\/uploads\/2026\/01\/154-Service-kit-5-codice-0000691-Fischer-Panda.jpg\",\"datePublished\":\"2025-10-25T00:04:30+00:00\",\"dateModified\":\"2026-04-28T06:56:57+00:00\",\"description\":\"Service Kit 5 Fischer Panda 0000691\/FP0000691: filtri, cinghia e girante pompa. Per generatori Panda indicati (PMS\/IC).\",\"breadcrumb\":{\"@id\":\"https:\/\/technofluid.it\/prodotto\/service-kit-5-codice-0000691-fischer-panda\/#breadcrumb\"},\"inLanguage\":\"fr-FR\",\"potentialAction\":[{\"@type\":\"ReadAction\",\"target\":[\"https:\/\/technofluid.it\/prodotto\/service-kit-5-codice-0000691-fischer-panda\/\"]}]},{\"@type\":\"ImageObject\",\"inLanguage\":\"fr-FR\",\"@id\":\"https:\/\/technofluid.it\/prodotto\/service-kit-5-codice-0000691-fischer-panda\/#primaryimage\",\"url\":\"https:\/\/technofluid.it\/wp-content\/uploads\/2026\/01\/154-Service-kit-5-codice-0000691-Fischer-Panda.jpg\",\"contentUrl\":\"https:\/\/technofluid.it\/wp-content\/uploads\/2026\/01\/154-Service-kit-5-codice-0000691-Fischer-Panda.jpg\",\"width\":800,\"height\":800,\"caption\":\"Immagine del kit di cinghie di ricambio Fischer Panda, parte del Service kit 5.\"},{\"@type\":\"BreadcrumbList\",\"@id\":\"https:\/\/technofluid.it\/prodotto\/service-kit-5-codice-0000691-fischer-panda\/#breadcrumb\",\"itemListElement\":[{\"@type\":\"ListItem\",\"position\":1,\"name\":\"Home\",\"item\":\"https:\/\/technofluid.it\/\"},{\"@type\":\"ListItem\",\"position\":2,\"name\":\"Shop\",\"item\":\"https:\/\/technofluid.it\/shop\/\"},{\"@type\":\"ListItem\",\"position\":3,\"name\":\"Service kit 5 &ndash; codice: 0000691 &ndash; Fischer Panda\"}]},{\"@type\":\"WebSite\",\"@id\":\"https:\/\/technofluid.it\/#website\",\"url\":\"https:\/\/technofluid.it\/\",\"name\":\"Technofluid S.R.L.\",\"description\":\"Dal 1999 siamo specializzati nell&#039;impiantistica navale, idraulica, civile e industriale\",\"publisher\":{\"@id\":\"https:\/\/technofluid.it\/#organization\"},\"potentialAction\":[{\"@type\":\"SearchAction\",\"target\":{\"@type\":\"EntryPoint\",\"urlTemplate\":\"https:\/\/technofluid.it\/?s={search_term_string}\"},\"query-input\":{\"@type\":\"PropertyValueSpecification\",\"valueRequired\":true,\"valueName\":\"search_term_string\"}}],\"inLanguage\":\"fr-FR\"},{\"@type\":\"Organization\",\"@id\":\"https:\/\/technofluid.it\/#organization\",\"name\":\"Technofluid\",\"url\":\"https:\/\/technofluid.it\/\",\"logo\":{\"@type\":\"ImageObject\",\"inLanguage\":\"fr-FR\",\"@id\":\"https:\/\/technofluid.it\/#\/schema\/logo\/image\/\",\"url\":\"https:\/\/technofluid.it\/wp-content\/uploads\/2025\/12\/technofluid_bianco-logo.webp\",\"contentUrl\":\"https:\/\/technofluid.it\/wp-content\/uploads\/2025\/12\/technofluid_bianco-logo.webp\",\"width\":350,\"height\":116,\"caption\":\"Technofluid\"},\"image\":{\"@id\":\"https:\/\/technofluid.it\/#\/schema\/logo\/image\/\"},\"description\":\"La Technofluid S.r.l. nasce nel 1999 a Barcellona Pozzo di Gotto, in provincia di Messina, con l\u2019obiettivo di diventare un punto di riferimento nel settore dell\u2019impiantistica navale, idraulica, civile e industriale.\",\"email\":\"info@technofluid.it\",\"telephone\":\"0907386877\",\"legalName\":\"Technofluid S.R.L\",\"vatID\":\"IT03148240835\",\"taxID\":\"03148240835\",\"ownershipFundingInfo\":\"https:\/\/technofluid.it\/azienda\/\"}]}<\/script>\n<meta property=\"product:price:amount\" content=\"92.50\" \/>\n<meta property=\"product:price:currency\" content=\"EUR\" \/>\n<meta property=\"og:availability\" content=\"instock\" \/>\n<meta property=\"product:availability\" content=\"instock\" \/>\n<meta property=\"product:retailer_item_id\" content=\"FIS000000002\" \/>\n<meta property=\"product:condition\" content=\"new\" \/>\n<!-- \/ Yoast SEO Premium plugin. -->","yoast_head_json":{"title":"Service Kit 5 0000691 Fischer Panda | Ricambi","description":"Service Kit 5 Fischer Panda 0000691\/FP0000691: filtri, cinghia e girante pompa. Per generatori Panda indicati (PMS\/IC).","robots":{"index":"index","follow":"follow","max-snippet":"max-snippet:-1","max-image-preview":"max-image-preview:large","max-video-preview":"max-video-preview:-1"},"canonical":"https:\/\/technofluid.it\/fr\/produit\/kit-de-service-5-code-0000691-fischer-panda-2\/","og_locale":"fr_FR","og_type":"article","og_title":"Service kit 5 &ndash; codice: 0000691 &ndash; Fischer Panda","og_description":"Service Kit 5 Fischer Panda 0000691\/FP0000691: filtri, cinghia e girante pompa. Per generatori Panda indicati (PMS\/IC).","og_url":"https:\/\/technofluid.it\/fr\/produit\/kit-de-service-5-code-0000691-fischer-panda-2\/","og_site_name":"Technofluid","article_modified_time":"2026-04-28T06:56:57+00:00","og_image":[{"width":800,"height":800,"url":"https:\/\/technofluid.it\/wp-content\/uploads\/2026\/01\/154-Service-kit-5-codice-0000691-Fischer-Panda.jpg","type":"image\/jpeg"}],"twitter_card":"summary_large_image","twitter_misc":{"Prix":"92,50&nbsp;&euro; Iva esclusa","Disponibilit\u00e9":"En stock"},"schema":{"@context":"https:\/\/schema.org","@graph":[{"@type":"WebPage","@id":"https:\/\/technofluid.it\/prodotto\/service-kit-5-codice-0000691-fischer-panda\/","url":"https:\/\/technofluid.it\/prodotto\/service-kit-5-codice-0000691-fischer-panda\/","name":"Service Kit 5 0000691 Fischer Panda | Ricambi","isPartOf":{"@id":"https:\/\/technofluid.it\/#website"},"primaryImageOfPage":{"@id":"https:\/\/technofluid.it\/prodotto\/service-kit-5-codice-0000691-fischer-panda\/#primaryimage"},"image":{"@id":"https:\/\/technofluid.it\/prodotto\/service-kit-5-codice-0000691-fischer-panda\/#primaryimage"},"thumbnailUrl":"https:\/\/technofluid.it\/wp-content\/uploads\/2026\/01\/154-Service-kit-5-codice-0000691-Fischer-Panda.jpg","datePublished":"2025-10-25T00:04:30+00:00","dateModified":"2026-04-28T06:56:57+00:00","description":"Service Kit 5 Fischer Panda 0000691\/FP0000691: filtri, cinghia e girante pompa. Per generatori Panda indicati (PMS\/IC).","breadcrumb":{"@id":"https:\/\/technofluid.it\/prodotto\/service-kit-5-codice-0000691-fischer-panda\/#breadcrumb"},"inLanguage":"fr-FR","potentialAction":[{"@type":"ReadAction","target":["https:\/\/technofluid.it\/prodotto\/service-kit-5-codice-0000691-fischer-panda\/"]}]},{"@type":"ImageObject","inLanguage":"fr-FR","@id":"https:\/\/technofluid.it\/prodotto\/service-kit-5-codice-0000691-fischer-panda\/#primaryimage","url":"https:\/\/technofluid.it\/wp-content\/uploads\/2026\/01\/154-Service-kit-5-codice-0000691-Fischer-Panda.jpg","contentUrl":"https:\/\/technofluid.it\/wp-content\/uploads\/2026\/01\/154-Service-kit-5-codice-0000691-Fischer-Panda.jpg","width":800,"height":800,"caption":"Immagine del kit di cinghie di ricambio Fischer Panda, parte del Service kit 5."},{"@type":"BreadcrumbList","@id":"https:\/\/technofluid.it\/prodotto\/service-kit-5-codice-0000691-fischer-panda\/#breadcrumb","itemListElement":[{"@type":"ListItem","position":1,"name":"Home","item":"https:\/\/technofluid.it\/"},{"@type":"ListItem","position":2,"name":"Shop","item":"https:\/\/technofluid.it\/shop\/"},{"@type":"ListItem","position":3,"name":"Service kit 5 &ndash; codice: 0000691 &ndash; Fischer Panda"}]},{"@type":"WebSite","@id":"https:\/\/technofluid.it\/#website","url":"https:\/\/technofluid.it\/","name":"Technofluid S.R.L.","description":"Depuis 1999, nous sommes sp\u00e9cialis\u00e9s dans les installations marines, de plomberie, civiles et industrielles.","publisher":{"@id":"https:\/\/technofluid.it\/#organization"},"potentialAction":[{"@type":"SearchAction","target":{"@type":"EntryPoint","urlTemplate":"https:\/\/technofluid.it\/?s={search_term_string}"},"query-input":{"@type":"PropertyValueSpecification","valueRequired":true,"valueName":"search_term_string"}}],"inLanguage":"fr-FR"},{"@type":"Organization","@id":"https:\/\/technofluid.it\/#organization","name":"Technofluid","url":"https:\/\/technofluid.it\/","logo":{"@type":"ImageObject","inLanguage":"fr-FR","@id":"https:\/\/technofluid.it\/#\/schema\/logo\/image\/","url":"https:\/\/technofluid.it\/wp-content\/uploads\/2025\/12\/technofluid_bianco-logo.webp","contentUrl":"https:\/\/technofluid.it\/wp-content\/uploads\/2025\/12\/technofluid_bianco-logo.webp","width":350,"height":116,"caption":"Technofluid"},"image":{"@id":"https:\/\/technofluid.it\/#\/schema\/logo\/image\/"},"description":"La Technofluid S.r.l. est n\u00e9e en 1999 \u00e0 Barcellona Pozzo di Gotto, dans la province de Messine, avec l'objectif de devenir un point de r\u00e9f\u00e9rence dans le secteur de l'installation navale, hydraulique, civile et industrielle.","email":"info@technofluid.it","telephone":"0907386877","legalName":"Technofluid S.R.L","vatID":"IT03148240835","taxID":"03148240835","ownershipFundingInfo":"https:\/\/technofluid.it\/azienda\/"}]},"product_price_amount":"92.50","product_price_currency":"EUR","og_availability":"instock","product_availability":"instock","product_retailer_item_id":"FIS000000002","product_condition":"new"},"_links":{"self":[{"href":"https:\/\/technofluid.it\/fr\/wp-json\/wp\/v2\/product\/31196","targetHints":{"allow":["GET"]}}],"collection":[{"href":"https:\/\/technofluid.it\/fr\/wp-json\/wp\/v2\/product"}],"about":[{"href":"https:\/\/technofluid.it\/fr\/wp-json\/wp\/v2\/types\/product"}],"replies":[{"embeddable":true,"href":"https:\/\/technofluid.it\/fr\/wp-json\/wp\/v2\/comments?post=31196"}],"version-history":[{"count":5,"href":"https:\/\/technofluid.it\/fr\/wp-json\/wp\/v2\/product\/31196\/revisions"}],"predecessor-version":[{"id":59521,"href":"https:\/\/technofluid.it\/fr\/wp-json\/wp\/v2\/product\/31196\/revisions\/59521"}],"wp:featuredmedia":[{"embeddable":true,"href":"https:\/\/technofluid.it\/fr\/wp-json\/wp\/v2\/media\/41796"}],"wp:attachment":[{"href":"https:\/\/technofluid.it\/fr\/wp-json\/wp\/v2\/media?parent=31196"}],"wp:term":[{"taxonomy":"product_brand","embeddable":true,"href":"https:\/\/technofluid.it\/fr\/wp-json\/wp\/v2\/product_brand?post=31196"},{"taxonomy":"product_cat","embeddable":true,"href":"https:\/\/technofluid.it\/fr\/wp-json\/wp\/v2\/product_cat?post=31196"},{"taxonomy":"product_tag","embeddable":true,"href":"https:\/\/technofluid.it\/fr\/wp-json\/wp\/v2\/product_tag?post=31196"}],"curies":[{"name":"wp","href":"https:\/\/api.w.org\/{rel}","templated":true}]}}