{"id":31106,"date":"2025-10-25T00:04:13","date_gmt":"2025-10-25T00:04:13","guid":{"rendered":"https:\/\/technofluid.it\/prodotto\/scheda-3v-r3-v2-4-6-10-ap5-codice-530079020-sku-9107510477-dometic\/"},"modified":"2026-04-15T07:16:23","modified_gmt":"2026-04-15T06:16:23","slug":"scheda-3v-r3-v2-4-6-10-ap5-codice-530079020-sku-9107510477-dometic","status":"publish","type":"product","link":"https:\/\/technofluid.it\/fr\/produit\/carte-3v-r3-v2-4-6-10-ap5-code-530079020-sku-9107510477-dometic\/","title":{"rendered":"Carte 3V R3 V2 (4-6-10) AP5 \u2013 code : 530079020 \u2013 SKU : 9107510477 \u2013 Dometic"},"content":{"rendered":"<p>FICHE 3V R3 V2(4-6-10) AP5 \u2013 COD. 530079020- SKU 9107510477<\/p>","protected":false},"excerpt":{"rendered":"<p>FICHE 3V R3 V2(4-6-10) <strong>AP5<\/strong><\/p>","protected":false},"featured_media":41580,"comment_status":"open","ping_status":"closed","template":"","meta":{"_acf_changed":false,"_monsterinsights_skip_tracking":false,"_monsterinsights_sitenote_active":false,"_monsterinsights_sitenote_note":"","_monsterinsights_sitenote_category":0,"site-sidebar-layout":"default","site-content-layout":"","ast-site-content-layout":"default","site-content-style":"default","site-sidebar-style":"default","ast-global-header-display":"","ast-banner-title-visibility":"","ast-main-header-display":"","ast-hfb-above-header-display":"","ast-hfb-below-header-display":"","ast-hfb-mobile-header-display":"","site-post-title":"","ast-breadcrumbs-content":"","ast-featured-img":"","footer-sml-layout":"","ast-disable-related-posts":"","theme-transparent-header-meta":"","adv-header-id-meta":"","stick-header-meta":"","header-above-stick-meta":"","header-main-stick-meta":"","header-below-stick-meta":"","astra-migrate-meta-layouts":"default","ast-page-background-enabled":"default","ast-page-background-meta":{"desktop":{"background-color":"var(--ast-global-color-5)","background-image":"","background-repeat":"repeat","background-position":"center center","background-size":"auto","background-attachment":"scroll","background-type":"","background-media":"","overlay-type":"","overlay-color":"","overlay-opacity":"","overlay-gradient":""},"tablet":{"background-color":"","background-image":"","background-repeat":"repeat","background-position":"center center","background-size":"auto","background-attachment":"scroll","background-type":"","background-media":"","overlay-type":"","overlay-color":"","overlay-opacity":"","overlay-gradient":""},"mobile":{"background-color":"","background-image":"","background-repeat":"repeat","background-position":"center center","background-size":"auto","background-attachment":"scroll","background-type":"","background-media":"","overlay-type":"","overlay-color":"","overlay-opacity":"","overlay-gradient":""}},"ast-content-background-meta":{"desktop":{"background-color":"var(--ast-global-color-4)","background-image":"","background-repeat":"repeat","background-position":"center center","background-size":"auto","background-attachment":"scroll","background-type":"","background-media":"","overlay-type":"","overlay-color":"","overlay-opacity":"","overlay-gradient":""},"tablet":{"background-color":"var(--ast-global-color-4)","background-image":"","background-repeat":"repeat","background-position":"center center","background-size":"auto","background-attachment":"scroll","background-type":"","background-media":"","overlay-type":"","overlay-color":"","overlay-opacity":"","overlay-gradient":""},"mobile":{"background-color":"var(--ast-global-color-4)","background-image":"","background-repeat":"repeat","background-position":"center center","background-size":"auto","background-attachment":"scroll","background-type":"","background-media":"","overlay-type":"","overlay-color":"","overlay-opacity":"","overlay-gradient":""}}},"product_brand":[],"product_cat":[133,2369],"product_tag":[7450,7449],"class_list":{"0":"post-31106","1":"product","2":"type-product","3":"status-publish","4":"has-post-thumbnail","6":"product_cat-ricambistica","7":"product_cat-dometic-schede-condensatori","8":"product_tag-3v","9":"product_tag-scheda","10":"pa_supplier-dometic-italy-marine-srl","11":"desktop-align-left","12":"tablet-align-left","13":"mobile-align-left","15":"first","16":"outofstock","17":"taxable","18":"shipping-taxable","19":"purchasable","20":"product-type-simple"},"acf":[],"yoast_head":"<!-- This site is optimized with the Yoast SEO Premium plugin v26.7 (Yoast SEO v26.9) - https:\/\/yoast.com\/product\/yoast-seo-premium-wordpress\/ -->\n<title>Scheda 3V R3 V2 AP5: Codice 530079020 Dometic<\/title>\n<meta name=\"description\" content=\"Scopri la scheda 3V R3 V2 AP5 con codice 530079020 di Dometic. Acquista ora per prestazioni affidabili e qualit\u00e0 garantita.\" \/>\n<meta name=\"robots\" content=\"index, follow, max-snippet:-1, max-image-preview:large, max-video-preview:-1\" \/>\n<link rel=\"canonical\" href=\"https:\/\/technofluid.it\/fr\/produit\/carte-3v-r3-v2-4-6-10-ap5-code-530079020-sku-9107510477-dometic\/\" \/>\n<meta property=\"og:locale\" content=\"fr_FR\" \/>\n<meta property=\"og:type\" content=\"article\" \/>\n<meta property=\"og:title\" content=\"Scheda 3V R3 V2 (4-6-10) AP5 &ndash; codice: 530079020 &ndash; SKU: 9107510477 &ndash; Dometic\" \/>\n<meta property=\"og:description\" content=\"Scopri la scheda 3V R3 V2 AP5 con codice 530079020 di Dometic. Acquista ora per prestazioni affidabili e qualit\u00e0 garantita.\" \/>\n<meta property=\"og:url\" content=\"https:\/\/technofluid.it\/fr\/produit\/carte-3v-r3-v2-4-6-10-ap5-code-530079020-sku-9107510477-dometic\/\" \/>\n<meta property=\"og:site_name\" content=\"Technofluid\" \/>\n<meta property=\"article:modified_time\" content=\"2026-04-15T06:16:23+00:00\" \/>\n<meta property=\"og:image\" content=\"https:\/\/technofluid.it\/wp-content\/uploads\/2026\/01\/1089-Scheda-3V-R3-V2-4-6-10-AP5-codice-530079020-SKU-9107510477-Dometic.jpg\" \/>\n\t<meta property=\"og:image:width\" content=\"700\" \/>\n\t<meta property=\"og:image:height\" content=\"892\" \/>\n\t<meta property=\"og:image:type\" content=\"image\/png\" \/>\n<meta name=\"twitter:card\" content=\"summary_large_image\" \/>\n<meta name=\"twitter:label1\" content=\"Prix\" \/>\n\t<meta name=\"twitter:data1\" content=\"222,00&nbsp;&euro; Iva esclusa\" \/>\n\t<meta name=\"twitter:label2\" content=\"Disponibilit\u00e9\" \/>\n\t<meta name=\"twitter:data2\" content=\"Rupture de stock\" \/>\n<script type=\"application\/ld+json\" class=\"yoast-schema-graph\">{\"@context\":\"https:\/\/schema.org\",\"@graph\":[{\"@type\":\"WebPage\",\"@id\":\"https:\/\/technofluid.it\/fr\/produit\/scheda-3v-r3-v2-4-6-10-ap5-codice-530079020-sku-9107510477-dometic\/\",\"url\":\"https:\/\/technofluid.it\/fr\/produit\/scheda-3v-r3-v2-4-6-10-ap5-codice-530079020-sku-9107510477-dometic\/\",\"name\":\"Scheda 3V R3 V2 AP5: Codice 530079020 Dometic\",\"isPartOf\":{\"@id\":\"https:\/\/technofluid.it\/#website\"},\"primaryImageOfPage\":{\"@id\":\"https:\/\/technofluid.it\/fr\/produit\/scheda-3v-r3-v2-4-6-10-ap5-codice-530079020-sku-9107510477-dometic\/#primaryimage\"},\"image\":{\"@id\":\"https:\/\/technofluid.it\/fr\/produit\/scheda-3v-r3-v2-4-6-10-ap5-codice-530079020-sku-9107510477-dometic\/#primaryimage\"},\"thumbnailUrl\":\"https:\/\/technofluid.it\/wp-content\/uploads\/2026\/01\/1089-Scheda-3V-R3-V2-4-6-10-AP5-codice-530079020-SKU-9107510477-Dometic.jpg\",\"datePublished\":\"2025-10-25T00:04:13+00:00\",\"dateModified\":\"2026-04-15T06:16:23+00:00\",\"description\":\"Scopri la scheda 3V R3 V2 AP5 con codice 530079020 di Dometic. Acquista ora per prestazioni affidabili e qualit\u00e0 garantita.\",\"breadcrumb\":{\"@id\":\"https:\/\/technofluid.it\/fr\/produit\/scheda-3v-r3-v2-4-6-10-ap5-codice-530079020-sku-9107510477-dometic\/#breadcrumb\"},\"inLanguage\":\"fr-FR\",\"potentialAction\":[{\"@type\":\"ReadAction\",\"target\":[\"https:\/\/technofluid.it\/fr\/produit\/scheda-3v-r3-v2-4-6-10-ap5-codice-530079020-sku-9107510477-dometic\/\"]}]},{\"@type\":\"ImageObject\",\"inLanguage\":\"fr-FR\",\"@id\":\"https:\/\/technofluid.it\/fr\/produit\/scheda-3v-r3-v2-4-6-10-ap5-codice-530079020-sku-9107510477-dometic\/#primaryimage\",\"url\":\"https:\/\/technofluid.it\/wp-content\/uploads\/2026\/01\/1089-Scheda-3V-R3-V2-4-6-10-AP5-codice-530079020-SKU-9107510477-Dometic.jpg\",\"contentUrl\":\"https:\/\/technofluid.it\/wp-content\/uploads\/2026\/01\/1089-Scheda-3V-R3-V2-4-6-10-AP5-codice-530079020-SKU-9107510477-Dometic.jpg\",\"width\":700,\"height\":892,\"caption\":\"Componenti di ricambio Dometic per impianti di climatizzazione e refrigerazione.\"},{\"@type\":\"BreadcrumbList\",\"@id\":\"https:\/\/technofluid.it\/fr\/produit\/scheda-3v-r3-v2-4-6-10-ap5-codice-530079020-sku-9107510477-dometic\/#breadcrumb\",\"itemListElement\":[{\"@type\":\"ListItem\",\"position\":1,\"name\":\"Home\",\"item\":\"https:\/\/technofluid.it\/\"},{\"@type\":\"ListItem\",\"position\":2,\"name\":\"Shop\",\"item\":\"https:\/\/technofluid.it\/shop\/\"},{\"@type\":\"ListItem\",\"position\":3,\"name\":\"Scheda 3V R3 V2 (4-6-10) AP5 &ndash; codice: 530079020 &ndash; SKU: 9107510477 &ndash; Dometic\"}]},{\"@type\":\"WebSite\",\"@id\":\"https:\/\/technofluid.it\/#website\",\"url\":\"https:\/\/technofluid.it\/\",\"name\":\"Technofluid S.R.L.\",\"description\":\"Dal 1999 siamo specializzati nell&#039;impiantistica navale, idraulica, civile e industriale\",\"publisher\":{\"@id\":\"https:\/\/technofluid.it\/#organization\"},\"potentialAction\":[{\"@type\":\"SearchAction\",\"target\":{\"@type\":\"EntryPoint\",\"urlTemplate\":\"https:\/\/technofluid.it\/?s={search_term_string}\"},\"query-input\":{\"@type\":\"PropertyValueSpecification\",\"valueRequired\":true,\"valueName\":\"search_term_string\"}}],\"inLanguage\":\"fr-FR\"},{\"@type\":\"Organization\",\"@id\":\"https:\/\/technofluid.it\/#organization\",\"name\":\"Technofluid\",\"url\":\"https:\/\/technofluid.it\/\",\"logo\":{\"@type\":\"ImageObject\",\"inLanguage\":\"fr-FR\",\"@id\":\"https:\/\/technofluid.it\/#\/schema\/logo\/image\/\",\"url\":\"https:\/\/technofluid.it\/wp-content\/uploads\/2025\/12\/technofluid_bianco-logo.webp\",\"contentUrl\":\"https:\/\/technofluid.it\/wp-content\/uploads\/2025\/12\/technofluid_bianco-logo.webp\",\"width\":350,\"height\":116,\"caption\":\"Technofluid\"},\"image\":{\"@id\":\"https:\/\/technofluid.it\/#\/schema\/logo\/image\/\"},\"description\":\"La Technofluid S.r.l. nasce nel 1999 a Barcellona Pozzo di Gotto, in provincia di Messina, con l\u2019obiettivo di diventare un punto di riferimento nel settore dell\u2019impiantistica navale, idraulica, civile e industriale.\",\"email\":\"info@technofluid.it\",\"telephone\":\"0907386877\",\"legalName\":\"Technofluid S.R.L\",\"vatID\":\"IT03148240835\",\"taxID\":\"03148240835\",\"ownershipFundingInfo\":\"https:\/\/technofluid.it\/azienda\/\"}]}<\/script>\n<meta property=\"product:price:amount\" content=\"222.00\" \/>\n<meta property=\"product:price:currency\" content=\"EUR\" \/>\n<meta property=\"og:availability\" content=\"out of stock\" \/>\n<meta property=\"product:availability\" content=\"out of stock\" \/>\n<meta property=\"product:retailer_item_id\" content=\"DOM000000067\" \/>\n<meta property=\"product:condition\" content=\"new\" \/>\n<!-- \/ Yoast SEO Premium plugin. -->","yoast_head_json":{"title":"Carte 3V R3 V2 AP5 : Code 530079020 Dometic","description":"D\u00e9couvrez la carte 3V R3 V2 AP5 avec le code 530079020 de Dometic. Achetez maintenant pour des performances fiables et une qualit\u00e9 garantie.","robots":{"index":"index","follow":"follow","max-snippet":"max-snippet:-1","max-image-preview":"max-image-preview:large","max-video-preview":"max-video-preview:-1"},"canonical":"https:\/\/technofluid.it\/fr\/produit\/carte-3v-r3-v2-4-6-10-ap5-code-530079020-sku-9107510477-dometic\/","og_locale":"fr_FR","og_type":"article","og_title":"Scheda 3V R3 V2 (4-6-10) AP5 &ndash; codice: 530079020 &ndash; SKU: 9107510477 &ndash; Dometic","og_description":"Scopri la scheda 3V R3 V2 AP5 con codice 530079020 di Dometic. Acquista ora per prestazioni affidabili e qualit\u00e0 garantita.","og_url":"https:\/\/technofluid.it\/fr\/produit\/carte-3v-r3-v2-4-6-10-ap5-code-530079020-sku-9107510477-dometic\/","og_site_name":"Technofluid","article_modified_time":"2026-04-15T06:16:23+00:00","og_image":[{"width":700,"height":892,"url":"https:\/\/technofluid.it\/wp-content\/uploads\/2026\/01\/1089-Scheda-3V-R3-V2-4-6-10-AP5-codice-530079020-SKU-9107510477-Dometic.jpg","type":"image\/png"}],"twitter_card":"summary_large_image","twitter_misc":{"Prix":"222,00&nbsp;&euro; Iva esclusa","Disponibilit\u00e9":"Rupture de stock"},"schema":{"@context":"https:\/\/schema.org","@graph":[{"@type":"WebPage","@id":"https:\/\/technofluid.it\/fr\/produit\/scheda-3v-r3-v2-4-6-10-ap5-codice-530079020-sku-9107510477-dometic\/","url":"https:\/\/technofluid.it\/fr\/produit\/scheda-3v-r3-v2-4-6-10-ap5-codice-530079020-sku-9107510477-dometic\/","name":"Carte 3V R3 V2 AP5 : Code 530079020 Dometic","isPartOf":{"@id":"https:\/\/technofluid.it\/#website"},"primaryImageOfPage":{"@id":"https:\/\/technofluid.it\/fr\/produit\/scheda-3v-r3-v2-4-6-10-ap5-codice-530079020-sku-9107510477-dometic\/#primaryimage"},"image":{"@id":"https:\/\/technofluid.it\/fr\/produit\/scheda-3v-r3-v2-4-6-10-ap5-codice-530079020-sku-9107510477-dometic\/#primaryimage"},"thumbnailUrl":"https:\/\/technofluid.it\/wp-content\/uploads\/2026\/01\/1089-Scheda-3V-R3-V2-4-6-10-AP5-codice-530079020-SKU-9107510477-Dometic.jpg","datePublished":"2025-10-25T00:04:13+00:00","dateModified":"2026-04-15T06:16:23+00:00","description":"D\u00e9couvrez la carte 3V R3 V2 AP5 avec le code 530079020 de Dometic. Achetez maintenant pour des performances fiables et une qualit\u00e9 garantie.","breadcrumb":{"@id":"https:\/\/technofluid.it\/fr\/produit\/scheda-3v-r3-v2-4-6-10-ap5-codice-530079020-sku-9107510477-dometic\/#breadcrumb"},"inLanguage":"fr-FR","potentialAction":[{"@type":"ReadAction","target":["https:\/\/technofluid.it\/fr\/produit\/scheda-3v-r3-v2-4-6-10-ap5-codice-530079020-sku-9107510477-dometic\/"]}]},{"@type":"ImageObject","inLanguage":"fr-FR","@id":"https:\/\/technofluid.it\/fr\/produit\/scheda-3v-r3-v2-4-6-10-ap5-codice-530079020-sku-9107510477-dometic\/#primaryimage","url":"https:\/\/technofluid.it\/wp-content\/uploads\/2026\/01\/1089-Scheda-3V-R3-V2-4-6-10-AP5-codice-530079020-SKU-9107510477-Dometic.jpg","contentUrl":"https:\/\/technofluid.it\/wp-content\/uploads\/2026\/01\/1089-Scheda-3V-R3-V2-4-6-10-AP5-codice-530079020-SKU-9107510477-Dometic.jpg","width":700,"height":892,"caption":"Componenti di ricambio Dometic per impianti di climatizzazione e refrigerazione."},{"@type":"BreadcrumbList","@id":"https:\/\/technofluid.it\/fr\/produit\/scheda-3v-r3-v2-4-6-10-ap5-codice-530079020-sku-9107510477-dometic\/#breadcrumb","itemListElement":[{"@type":"ListItem","position":1,"name":"Home","item":"https:\/\/technofluid.it\/"},{"@type":"ListItem","position":2,"name":"Shop","item":"https:\/\/technofluid.it\/shop\/"},{"@type":"ListItem","position":3,"name":"Scheda 3V R3 V2 (4-6-10) AP5 &ndash; codice: 530079020 &ndash; SKU: 9107510477 &ndash; Dometic"}]},{"@type":"WebSite","@id":"https:\/\/technofluid.it\/#website","url":"https:\/\/technofluid.it\/","name":"Technofluid S.R.L.","description":"Depuis 1999, nous sommes sp\u00e9cialis\u00e9s dans les installations marines, de plomberie, civiles et industrielles.","publisher":{"@id":"https:\/\/technofluid.it\/#organization"},"potentialAction":[{"@type":"SearchAction","target":{"@type":"EntryPoint","urlTemplate":"https:\/\/technofluid.it\/?s={search_term_string}"},"query-input":{"@type":"PropertyValueSpecification","valueRequired":true,"valueName":"search_term_string"}}],"inLanguage":"fr-FR"},{"@type":"Organization","@id":"https:\/\/technofluid.it\/#organization","name":"Technofluid","url":"https:\/\/technofluid.it\/","logo":{"@type":"ImageObject","inLanguage":"fr-FR","@id":"https:\/\/technofluid.it\/#\/schema\/logo\/image\/","url":"https:\/\/technofluid.it\/wp-content\/uploads\/2025\/12\/technofluid_bianco-logo.webp","contentUrl":"https:\/\/technofluid.it\/wp-content\/uploads\/2025\/12\/technofluid_bianco-logo.webp","width":350,"height":116,"caption":"Technofluid"},"image":{"@id":"https:\/\/technofluid.it\/#\/schema\/logo\/image\/"},"description":"La Technofluid S.r.l. est n\u00e9e en 1999 \u00e0 Barcellona Pozzo di Gotto, dans la province de Messine, avec l'objectif de devenir un point de r\u00e9f\u00e9rence dans le secteur de l'installation navale, hydraulique, civile et industrielle.","email":"info@technofluid.it","telephone":"0907386877","legalName":"Technofluid S.R.L","vatID":"IT03148240835","taxID":"03148240835","ownershipFundingInfo":"https:\/\/technofluid.it\/azienda\/"}]},"product_price_amount":"222.00","product_price_currency":"EUR","og_availability":"out of stock","product_availability":"out of stock","product_retailer_item_id":"DOM000000067","product_condition":"new"},"_links":{"self":[{"href":"https:\/\/technofluid.it\/fr\/wp-json\/wp\/v2\/product\/31106","targetHints":{"allow":["GET"]}}],"collection":[{"href":"https:\/\/technofluid.it\/fr\/wp-json\/wp\/v2\/product"}],"about":[{"href":"https:\/\/technofluid.it\/fr\/wp-json\/wp\/v2\/types\/product"}],"replies":[{"embeddable":true,"href":"https:\/\/technofluid.it\/fr\/wp-json\/wp\/v2\/comments?post=31106"}],"version-history":[{"count":0,"href":"https:\/\/technofluid.it\/fr\/wp-json\/wp\/v2\/product\/31106\/revisions"}],"wp:featuredmedia":[{"embeddable":true,"href":"https:\/\/technofluid.it\/fr\/wp-json\/wp\/v2\/media\/41580"}],"wp:attachment":[{"href":"https:\/\/technofluid.it\/fr\/wp-json\/wp\/v2\/media?parent=31106"}],"wp:term":[{"taxonomy":"product_brand","embeddable":true,"href":"https:\/\/technofluid.it\/fr\/wp-json\/wp\/v2\/product_brand?post=31106"},{"taxonomy":"product_cat","embeddable":true,"href":"https:\/\/technofluid.it\/fr\/wp-json\/wp\/v2\/product_cat?post=31106"},{"taxonomy":"product_tag","embeddable":true,"href":"https:\/\/technofluid.it\/fr\/wp-json\/wp\/v2\/product_tag?post=31106"}],"curies":[{"name":"wp","href":"https:\/\/api.w.org\/{rel}","templated":true}]}}