{"id":31075,"date":"2025-10-25T00:04:10","date_gmt":"2025-10-25T00:04:10","guid":{"rendered":"https:\/\/technofluid.it\/prodotto\/scaletta-eco-per-plancetta-4-gradini-codice-49-529-24-osculati\/"},"modified":"2026-01-16T13:57:28","modified_gmt":"2026-01-16T13:57:28","slug":"scaletta-eco-per-plancetta-4gradini-codice-49-529-24-osculati","status":"publish","type":"product","link":"https:\/\/technofluid.it\/fr\/produit\/echelle-eco-pour-planchette-4-marches-code-49-529-24-osculati-2\/","title":{"rendered":"\u00c9chelle Eco pour plateforme 4\u00a0marches \u2013 code : 49.529.24 \u2013 Osculati"},"content":{"rendered":"<p>\u00c9chelle Eco pour plateforme 4\u00a0marches \u2013 code : 49.529.24 \u2013 Osculati<\/p>","protected":false},"excerpt":{"rendered":"<p class=\"MsoNormal\"><b>UM :<\/b>\u00a0PZ<\/p>\n<p class=\"MsoNormal\"><b>Hauteur :<\/b>\u00a09 cm<\/p>\n<p class=\"MsoNormal\"><b>Poids :<\/b>\u00a02,77 kg<\/p>\n<p class=\"MsoNormal\"><b>Largeur :<\/b>\u00a042 cm<\/p>\n<p class=\"MsoNormal\"><b>Volume :<\/b>\u00a045.360 cm\u00b3<\/p>\n<p class=\"MsoNormal\"><b>Longueur :<\/b> 120 cm<\/p>","protected":false},"featured_media":41502,"comment_status":"open","ping_status":"closed","template":"","meta":{"_acf_changed":false,"_monsterinsights_skip_tracking":false,"_monsterinsights_sitenote_active":false,"_monsterinsights_sitenote_note":"","_monsterinsights_sitenote_category":0,"site-sidebar-layout":"default","site-content-layout":"","ast-site-content-layout":"default","site-content-style":"default","site-sidebar-style":"default","ast-global-header-display":"","ast-banner-title-visibility":"","ast-main-header-display":"","ast-hfb-above-header-display":"","ast-hfb-below-header-display":"","ast-hfb-mobile-header-display":"","site-post-title":"","ast-breadcrumbs-content":"","ast-featured-img":"","footer-sml-layout":"","ast-disable-related-posts":"","theme-transparent-header-meta":"","adv-header-id-meta":"","stick-header-meta":"","header-above-stick-meta":"","header-main-stick-meta":"","header-below-stick-meta":"","astra-migrate-meta-layouts":"default","ast-page-background-enabled":"default","ast-page-background-meta":{"desktop":{"background-color":"var(--ast-global-color-5)","background-image":"","background-repeat":"repeat","background-position":"center center","background-size":"auto","background-attachment":"scroll","background-type":"","background-media":"","overlay-type":"","overlay-color":"","overlay-opacity":"","overlay-gradient":""},"tablet":{"background-color":"","background-image":"","background-repeat":"repeat","background-position":"center center","background-size":"auto","background-attachment":"scroll","background-type":"","background-media":"","overlay-type":"","overlay-color":"","overlay-opacity":"","overlay-gradient":""},"mobile":{"background-color":"","background-image":"","background-repeat":"repeat","background-position":"center center","background-size":"auto","background-attachment":"scroll","background-type":"","background-media":"","overlay-type":"","overlay-color":"","overlay-opacity":"","overlay-gradient":""}},"ast-content-background-meta":{"desktop":{"background-color":"var(--ast-global-color-4)","background-image":"","background-repeat":"repeat","background-position":"center center","background-size":"auto","background-attachment":"scroll","background-type":"","background-media":"","overlay-type":"","overlay-color":"","overlay-opacity":"","overlay-gradient":""},"tablet":{"background-color":"var(--ast-global-color-4)","background-image":"","background-repeat":"repeat","background-position":"center center","background-size":"auto","background-attachment":"scroll","background-type":"","background-media":"","overlay-type":"","overlay-color":"","overlay-opacity":"","overlay-gradient":""},"mobile":{"background-color":"var(--ast-global-color-4)","background-image":"","background-repeat":"repeat","background-position":"center center","background-size":"auto","background-attachment":"scroll","background-type":"","background-media":"","overlay-type":"","overlay-color":"","overlay-opacity":"","overlay-gradient":""}}},"product_brand":[],"product_cat":[143,2338],"product_tag":[],"class_list":{"0":"post-31075","1":"product","2":"type-product","3":"status-publish","4":"has-post-thumbnail","6":"product_cat-ormeggio-e-ancoraggio","7":"product_cat-scalette-e-passerelle","8":"pa_supplier-osculati-s-r-l","9":"desktop-align-left","10":"tablet-align-left","11":"mobile-align-left","13":"first","14":"instock","15":"taxable","16":"shipping-taxable","17":"purchasable","18":"product-type-simple"},"acf":[],"yoast_head":"<!-- This site is optimized with the Yoast SEO Premium plugin v26.7 (Yoast SEO v26.9) - https:\/\/yoast.com\/product\/yoast-seo-premium-wordpress\/ -->\n<title>Scaletta Eco Planchetta 4 Gradini in Alluminio Anodizzato<\/title>\n<meta name=\"description\" content=\"Scopri la scaletta eco per planchetta 4 gradini in alluminio anodizzato con bracci pieghevoli. Acquista ora qualit\u00e0 e praticit\u00e0!\" \/>\n<meta name=\"robots\" content=\"index, follow, max-snippet:-1, max-image-preview:large, max-video-preview:-1\" \/>\n<link rel=\"canonical\" href=\"https:\/\/technofluid.it\/fr\/produit\/echelle-eco-pour-planchette-4-marches-code-49-529-24-osculati-2\/\" \/>\n<meta property=\"og:locale\" content=\"fr_FR\" \/>\n<meta property=\"og:type\" content=\"article\" \/>\n<meta property=\"og:title\" content=\"Scaletta Eco per plancetta 4&nbsp;gradini &ndash; codice: 49.529.24 &ndash; Osculati\" \/>\n<meta property=\"og:description\" content=\"Scopri la scaletta eco per planchetta 4 gradini in alluminio anodizzato con bracci pieghevoli. Acquista ora qualit\u00e0 e praticit\u00e0!\" \/>\n<meta property=\"og:url\" content=\"https:\/\/technofluid.it\/fr\/produit\/echelle-eco-pour-planchette-4-marches-code-49-529-24-osculati-2\/\" \/>\n<meta property=\"og:site_name\" content=\"Technofluid\" \/>\n<meta property=\"article:modified_time\" content=\"2026-01-16T13:57:28+00:00\" \/>\n<meta property=\"og:image\" content=\"https:\/\/technofluid.it\/wp-content\/uploads\/2026\/01\/2104-SCALETTA-ECO-PER-PLANCETTA-4-GRADINI-CODICE-49.529.24-OSCULATI.jpg\" \/>\n\t<meta property=\"og:image:width\" content=\"300\" \/>\n\t<meta property=\"og:image:height\" content=\"300\" \/>\n\t<meta property=\"og:image:type\" content=\"image\/jpeg\" \/>\n<meta name=\"twitter:card\" content=\"summary_large_image\" \/>\n<meta name=\"twitter:label1\" content=\"Prix\" \/>\n\t<meta name=\"twitter:data1\" content=\"33,36&nbsp;&euro; Iva esclusa\" \/>\n\t<meta name=\"twitter:label2\" content=\"Disponibilit\u00e9\" \/>\n\t<meta name=\"twitter:data2\" content=\"En stock\" \/>\n<script type=\"application\/ld+json\" class=\"yoast-schema-graph\">{\"@context\":\"https:\/\/schema.org\",\"@graph\":[{\"@type\":\"WebPage\",\"@id\":\"https:\/\/technofluid.it\/prodotto\/scaletta-eco-per-plancetta-4gradini-codice-49-529-24-osculati\/\",\"url\":\"https:\/\/technofluid.it\/prodotto\/scaletta-eco-per-plancetta-4gradini-codice-49-529-24-osculati\/\",\"name\":\"Scaletta Eco Planchetta 4 Gradini in Alluminio Anodizzato\",\"isPartOf\":{\"@id\":\"https:\/\/technofluid.it\/#website\"},\"primaryImageOfPage\":{\"@id\":\"https:\/\/technofluid.it\/prodotto\/scaletta-eco-per-plancetta-4gradini-codice-49-529-24-osculati\/#primaryimage\"},\"image\":{\"@id\":\"https:\/\/technofluid.it\/prodotto\/scaletta-eco-per-plancetta-4gradini-codice-49-529-24-osculati\/#primaryimage\"},\"thumbnailUrl\":\"https:\/\/technofluid.it\/wp-content\/uploads\/2026\/01\/2104-SCALETTA-ECO-PER-PLANCETTA-4-GRADINI-CODICE-49.529.24-OSCULATI.jpg\",\"datePublished\":\"2025-10-25T00:04:10+00:00\",\"dateModified\":\"2026-01-16T13:57:28+00:00\",\"description\":\"Scopri la scaletta eco per planchetta 4 gradini in alluminio anodizzato con bracci pieghevoli. Acquista ora qualit\u00e0 e praticit\u00e0!\",\"breadcrumb\":{\"@id\":\"https:\/\/technofluid.it\/prodotto\/scaletta-eco-per-plancetta-4gradini-codice-49-529-24-osculati\/#breadcrumb\"},\"inLanguage\":\"fr-FR\",\"potentialAction\":[{\"@type\":\"ReadAction\",\"target\":[\"https:\/\/technofluid.it\/prodotto\/scaletta-eco-per-plancetta-4gradini-codice-49-529-24-osculati\/\"]}]},{\"@type\":\"ImageObject\",\"inLanguage\":\"fr-FR\",\"@id\":\"https:\/\/technofluid.it\/prodotto\/scaletta-eco-per-plancetta-4gradini-codice-49-529-24-osculati\/#primaryimage\",\"url\":\"https:\/\/technofluid.it\/wp-content\/uploads\/2026\/01\/2104-SCALETTA-ECO-PER-PLANCETTA-4-GRADINI-CODICE-49.529.24-OSCULATI.jpg\",\"contentUrl\":\"https:\/\/technofluid.it\/wp-content\/uploads\/2026\/01\/2104-SCALETTA-ECO-PER-PLANCETTA-4-GRADINI-CODICE-49.529.24-OSCULATI.jpg\",\"width\":300,\"height\":300,\"caption\":\"Scala Eco con 4 gradini per accesso sicuro a plancetta, compatibile con imbarcazioni Osculati.\"},{\"@type\":\"BreadcrumbList\",\"@id\":\"https:\/\/technofluid.it\/prodotto\/scaletta-eco-per-plancetta-4gradini-codice-49-529-24-osculati\/#breadcrumb\",\"itemListElement\":[{\"@type\":\"ListItem\",\"position\":1,\"name\":\"Home\",\"item\":\"https:\/\/technofluid.it\/\"},{\"@type\":\"ListItem\",\"position\":2,\"name\":\"Shop\",\"item\":\"https:\/\/technofluid.it\/shop\/\"},{\"@type\":\"ListItem\",\"position\":3,\"name\":\"Scaletta Eco per plancetta 4&nbsp;gradini &ndash; codice: 49.529.24 &ndash; Osculati\"}]},{\"@type\":\"WebSite\",\"@id\":\"https:\/\/technofluid.it\/#website\",\"url\":\"https:\/\/technofluid.it\/\",\"name\":\"Technofluid S.R.L.\",\"description\":\"Dal 1999 siamo specializzati nell&#039;impiantistica navale, idraulica, civile e industriale\",\"publisher\":{\"@id\":\"https:\/\/technofluid.it\/#organization\"},\"potentialAction\":[{\"@type\":\"SearchAction\",\"target\":{\"@type\":\"EntryPoint\",\"urlTemplate\":\"https:\/\/technofluid.it\/?s={search_term_string}\"},\"query-input\":{\"@type\":\"PropertyValueSpecification\",\"valueRequired\":true,\"valueName\":\"search_term_string\"}}],\"inLanguage\":\"fr-FR\"},{\"@type\":\"Organization\",\"@id\":\"https:\/\/technofluid.it\/#organization\",\"name\":\"Technofluid\",\"url\":\"https:\/\/technofluid.it\/\",\"logo\":{\"@type\":\"ImageObject\",\"inLanguage\":\"fr-FR\",\"@id\":\"https:\/\/technofluid.it\/#\/schema\/logo\/image\/\",\"url\":\"https:\/\/technofluid.it\/wp-content\/uploads\/2025\/12\/technofluid_bianco-logo.webp\",\"contentUrl\":\"https:\/\/technofluid.it\/wp-content\/uploads\/2025\/12\/technofluid_bianco-logo.webp\",\"width\":350,\"height\":116,\"caption\":\"Technofluid\"},\"image\":{\"@id\":\"https:\/\/technofluid.it\/#\/schema\/logo\/image\/\"},\"description\":\"La Technofluid S.r.l. nasce nel 1999 a Barcellona Pozzo di Gotto, in provincia di Messina, con l\u2019obiettivo di diventare un punto di riferimento nel settore dell\u2019impiantistica navale, idraulica, civile e industriale.\",\"email\":\"info@technofluid.it\",\"telephone\":\"0907386877\",\"legalName\":\"Technofluid S.R.L\",\"vatID\":\"IT03148240835\",\"taxID\":\"03148240835\",\"ownershipFundingInfo\":\"https:\/\/technofluid.it\/azienda\/\"}]}<\/script>\n<meta property=\"product:price:amount\" content=\"33.36\" \/>\n<meta property=\"product:price:currency\" content=\"EUR\" \/>\n<meta property=\"og:availability\" content=\"instock\" \/>\n<meta property=\"product:availability\" content=\"instock\" \/>\n<meta property=\"product:retailer_item_id\" content=\"OSCU00000844\" \/>\n<meta property=\"product:condition\" content=\"new\" \/>\n<!-- \/ Yoast SEO Premium plugin. -->","yoast_head_json":{"title":"\u00c9chelle Eco Planchetta 4 Marches en Aluminium Anodis\u00e9","description":"D\u00e9couvrez l'\u00e9chelle \u00e9cologique pour planchette 4 marches en aluminium anodis\u00e9 avec bras pliables. Achetez maintenant qualit\u00e9 et praticit\u00e9 !","robots":{"index":"index","follow":"follow","max-snippet":"max-snippet:-1","max-image-preview":"max-image-preview:large","max-video-preview":"max-video-preview:-1"},"canonical":"https:\/\/technofluid.it\/fr\/produit\/echelle-eco-pour-planchette-4-marches-code-49-529-24-osculati-2\/","og_locale":"fr_FR","og_type":"article","og_title":"Scaletta Eco per plancetta 4&nbsp;gradini &ndash; codice: 49.529.24 &ndash; Osculati","og_description":"Scopri la scaletta eco per planchetta 4 gradini in alluminio anodizzato con bracci pieghevoli. Acquista ora qualit\u00e0 e praticit\u00e0!","og_url":"https:\/\/technofluid.it\/fr\/produit\/echelle-eco-pour-planchette-4-marches-code-49-529-24-osculati-2\/","og_site_name":"Technofluid","article_modified_time":"2026-01-16T13:57:28+00:00","og_image":[{"width":300,"height":300,"url":"https:\/\/technofluid.it\/wp-content\/uploads\/2026\/01\/2104-SCALETTA-ECO-PER-PLANCETTA-4-GRADINI-CODICE-49.529.24-OSCULATI.jpg","type":"image\/jpeg"}],"twitter_card":"summary_large_image","twitter_misc":{"Prix":"33,36&nbsp;&euro; Iva esclusa","Disponibilit\u00e9":"En stock"},"schema":{"@context":"https:\/\/schema.org","@graph":[{"@type":"WebPage","@id":"https:\/\/technofluid.it\/prodotto\/scaletta-eco-per-plancetta-4gradini-codice-49-529-24-osculati\/","url":"https:\/\/technofluid.it\/prodotto\/scaletta-eco-per-plancetta-4gradini-codice-49-529-24-osculati\/","name":"\u00c9chelle Eco Planchetta 4 Marches en Aluminium Anodis\u00e9","isPartOf":{"@id":"https:\/\/technofluid.it\/#website"},"primaryImageOfPage":{"@id":"https:\/\/technofluid.it\/prodotto\/scaletta-eco-per-plancetta-4gradini-codice-49-529-24-osculati\/#primaryimage"},"image":{"@id":"https:\/\/technofluid.it\/prodotto\/scaletta-eco-per-plancetta-4gradini-codice-49-529-24-osculati\/#primaryimage"},"thumbnailUrl":"https:\/\/technofluid.it\/wp-content\/uploads\/2026\/01\/2104-SCALETTA-ECO-PER-PLANCETTA-4-GRADINI-CODICE-49.529.24-OSCULATI.jpg","datePublished":"2025-10-25T00:04:10+00:00","dateModified":"2026-01-16T13:57:28+00:00","description":"D\u00e9couvrez l'\u00e9chelle \u00e9cologique pour planchette 4 marches en aluminium anodis\u00e9 avec bras pliables. Achetez maintenant qualit\u00e9 et praticit\u00e9 !","breadcrumb":{"@id":"https:\/\/technofluid.it\/prodotto\/scaletta-eco-per-plancetta-4gradini-codice-49-529-24-osculati\/#breadcrumb"},"inLanguage":"fr-FR","potentialAction":[{"@type":"ReadAction","target":["https:\/\/technofluid.it\/prodotto\/scaletta-eco-per-plancetta-4gradini-codice-49-529-24-osculati\/"]}]},{"@type":"ImageObject","inLanguage":"fr-FR","@id":"https:\/\/technofluid.it\/prodotto\/scaletta-eco-per-plancetta-4gradini-codice-49-529-24-osculati\/#primaryimage","url":"https:\/\/technofluid.it\/wp-content\/uploads\/2026\/01\/2104-SCALETTA-ECO-PER-PLANCETTA-4-GRADINI-CODICE-49.529.24-OSCULATI.jpg","contentUrl":"https:\/\/technofluid.it\/wp-content\/uploads\/2026\/01\/2104-SCALETTA-ECO-PER-PLANCETTA-4-GRADINI-CODICE-49.529.24-OSCULATI.jpg","width":300,"height":300,"caption":"Scala Eco con 4 gradini per accesso sicuro a plancetta, compatibile con imbarcazioni Osculati."},{"@type":"BreadcrumbList","@id":"https:\/\/technofluid.it\/prodotto\/scaletta-eco-per-plancetta-4gradini-codice-49-529-24-osculati\/#breadcrumb","itemListElement":[{"@type":"ListItem","position":1,"name":"Home","item":"https:\/\/technofluid.it\/"},{"@type":"ListItem","position":2,"name":"Shop","item":"https:\/\/technofluid.it\/shop\/"},{"@type":"ListItem","position":3,"name":"Scaletta Eco per plancetta 4&nbsp;gradini &ndash; codice: 49.529.24 &ndash; Osculati"}]},{"@type":"WebSite","@id":"https:\/\/technofluid.it\/#website","url":"https:\/\/technofluid.it\/","name":"Technofluid S.R.L.","description":"Depuis 1999, nous sommes sp\u00e9cialis\u00e9s dans les installations marines, de plomberie, civiles et industrielles.","publisher":{"@id":"https:\/\/technofluid.it\/#organization"},"potentialAction":[{"@type":"SearchAction","target":{"@type":"EntryPoint","urlTemplate":"https:\/\/technofluid.it\/?s={search_term_string}"},"query-input":{"@type":"PropertyValueSpecification","valueRequired":true,"valueName":"search_term_string"}}],"inLanguage":"fr-FR"},{"@type":"Organization","@id":"https:\/\/technofluid.it\/#organization","name":"Technofluid","url":"https:\/\/technofluid.it\/","logo":{"@type":"ImageObject","inLanguage":"fr-FR","@id":"https:\/\/technofluid.it\/#\/schema\/logo\/image\/","url":"https:\/\/technofluid.it\/wp-content\/uploads\/2025\/12\/technofluid_bianco-logo.webp","contentUrl":"https:\/\/technofluid.it\/wp-content\/uploads\/2025\/12\/technofluid_bianco-logo.webp","width":350,"height":116,"caption":"Technofluid"},"image":{"@id":"https:\/\/technofluid.it\/#\/schema\/logo\/image\/"},"description":"La Technofluid S.r.l. est n\u00e9e en 1999 \u00e0 Barcellona Pozzo di Gotto, dans la province de Messine, avec l'objectif de devenir un point de r\u00e9f\u00e9rence dans le secteur de l'installation navale, hydraulique, civile et industrielle.","email":"info@technofluid.it","telephone":"0907386877","legalName":"Technofluid S.R.L","vatID":"IT03148240835","taxID":"03148240835","ownershipFundingInfo":"https:\/\/technofluid.it\/azienda\/"}]},"product_price_amount":"33.36","product_price_currency":"EUR","og_availability":"instock","product_availability":"instock","product_retailer_item_id":"OSCU00000844","product_condition":"new"},"_links":{"self":[{"href":"https:\/\/technofluid.it\/fr\/wp-json\/wp\/v2\/product\/31075","targetHints":{"allow":["GET"]}}],"collection":[{"href":"https:\/\/technofluid.it\/fr\/wp-json\/wp\/v2\/product"}],"about":[{"href":"https:\/\/technofluid.it\/fr\/wp-json\/wp\/v2\/types\/product"}],"replies":[{"embeddable":true,"href":"https:\/\/technofluid.it\/fr\/wp-json\/wp\/v2\/comments?post=31075"}],"version-history":[{"count":0,"href":"https:\/\/technofluid.it\/fr\/wp-json\/wp\/v2\/product\/31075\/revisions"}],"wp:featuredmedia":[{"embeddable":true,"href":"https:\/\/technofluid.it\/fr\/wp-json\/wp\/v2\/media\/41502"}],"wp:attachment":[{"href":"https:\/\/technofluid.it\/fr\/wp-json\/wp\/v2\/media?parent=31075"}],"wp:term":[{"taxonomy":"product_brand","embeddable":true,"href":"https:\/\/technofluid.it\/fr\/wp-json\/wp\/v2\/product_brand?post=31075"},{"taxonomy":"product_cat","embeddable":true,"href":"https:\/\/technofluid.it\/fr\/wp-json\/wp\/v2\/product_cat?post=31075"},{"taxonomy":"product_tag","embeddable":true,"href":"https:\/\/technofluid.it\/fr\/wp-json\/wp\/v2\/product_tag?post=31075"}],"curies":[{"name":"wp","href":"https:\/\/api.w.org\/{rel}","templated":true}]}}