{"id":31073,"date":"2025-10-25T00:04:10","date_gmt":"2025-10-25T00:04:10","guid":{"rendered":"https:\/\/technofluid.it\/prodotto\/scalda-acqua-30-litri-basic-230-750w-con-valvola-miscelatrice-codice-603031b000003-isotemp\/"},"modified":"2026-04-15T07:29:41","modified_gmt":"2026-04-15T06:29:41","slug":"scalda-acqua-30-litri-basic-230750w-con-valvola-miscelatrice-codice-603031b000003-isotemp","status":"publish","type":"product","link":"https:\/\/technofluid.it\/fr\/produit\/chauffe-eau-30-litres-basic-230750w-avec-valve-melangeuse-code-603031b000003-isotemp-2\/","title":{"rendered":"Chauffe-eau : 30 litres basic 230\/750W, avec valve m\u00e9langeuse \u2013 code : 603031B000003 \u2013 Isotemp"},"content":{"rendered":"<p>Les chauffe-eau Isotemp Slim et Basic sont des appareils haut de gamme dot\u00e9s d'un bo\u00eetier en acier inoxydable bross\u00e9 et d'un design int\u00e9rieur innovant.<\/p>\n<p>Ils atteignent les capacit\u00e9s les plus \u00e9lev\u00e9es gr\u00e2ce \u00e0 une installation optimis\u00e9e de l'\u00e9changeur de chaleur \u00e9lectrique et des thermoplongeurs.<\/p>\n<p>Ils sont plac\u00e9s dans la partie la plus basse du r\u00e9servoir, l\u00e0 o\u00f9 l'eau est la plus froide, afin d'assurer un chauffage uniforme de toute l'eau du r\u00e9servoir.<\/p>\n<p>Les entr\u00e9es et sorties d'eau sont sp\u00e9cialement con\u00e7ues pour minimiser le m\u00e9lange d'eau froide et d'eau chaude.<\/p>\n<p><p>&nbsp;<\/p>\n<p>\n<b>CARACT\u00c9RISTIQUES TECHNIQUES :<\/b>\n<\/p>\n<p>&nbsp;<\/p>\n<\/p>\n<p>\u2013 Capacit\u00e9 : 30 lt<\/p>\n<p>\u2013 Diam\u00e8tre : 39,5 cm<\/p>\n<p>\u2013 Largeur : 53,5 cm<\/p>\n<p>\u2013 Poids : 13,5 Kg.<\/p>\n<p>- Pression maximale : 7 bar<\/p>\n<p>\n- Serpentin extra-long pour une efficacit\u00e9 \u00e9lev\u00e9e de l'\u00e9change thermique\n<\/p>\n<p>\n- Soupape de s\u00e9curit\u00e9 sp\u00e9ciale de 7,0 bar\/100 psi : drainage hivernal simple\n<\/p>\n<p>\n- Isolation suppl\u00e9mentaire pour une perte de chaleur minimale\n<\/p>\n<p>\n- Raccordement \u00e9lectrique pour une mise en service imm\u00e9diate Thermoplongeur sp\u00e9cialement con\u00e7u pour chauffer m\u00eame le point le plus bas du r\u00e9servoir d'eau\n<\/p>\n<p>\n- Vanne de m\u00e9lange avec thermostat (en option sur les chauffe-eau carr\u00e9s et \u00e0 double serpentin)\n<\/p>\n<p>\n\u2013 \u00c9l\u00e9ment chauffant \u00e0 immersion de 750 W en standard ; 1200 W disponible en option uniquement pour Slim 20 et 25, Basic 40, 50 et 75\n<\/p>\n<p>\n- El\u00e9ment chauffant de 2000 W disponible en option uniquement pour Slim\n<\/p>\n<p>\n\u2013 25, Basic 50 et 75. Il est compatible uniquement avec les versions 230 V\n<\/p>\n<p>&nbsp;<\/p>\n<p>\n<b>AVANTAGES<\/b>\n<\/p>\n<p>&nbsp;<\/p>\n<p>- Conception durable<\/p>\n<p>\n- R\u00e9servoir en acier inoxydable<\/p>\n<p>- Garantie limit\u00e9e de 5 ans sur le r\u00e9servoir<\/p>\n<p>- Cylindre ext\u00e9rieur en acier inoxydable<\/p>\n<p>- Pieds de fixation en acier inoxydable<\/p>\n<p>\n- Fixation r\u00e9glable sur 360\u00b0 pour une installation facile, m\u00eame sur les murs<\/p>","protected":false},"excerpt":{"rendered":"<p><b>CARACT\u00c9RISTIQUES TECHNIQUES :<\/b><\/p>\n<p>\u2013 Capacit\u00e9 : 30 lt<br \/>\n\u2013 Diam\u00e8tre : 39,5 cm<br \/>\n\u2013 Largeur : 53,5 cm<br \/>\n\u2013 Poids : 13,5 Kg.<br \/>\n- Pression maximale : 7 bar<br \/>\n- Serpentin extra-long pour une efficacit\u00e9 \u00e9lev\u00e9e de l'\u00e9change thermique<br \/>\n- Soupape de s\u00e9curit\u00e9 sp\u00e9ciale de 7,0 bar\/100 psi : drainage hivernal simple<br \/>\n- Isolation suppl\u00e9mentaire pour une perte de chaleur minimale<br \/>\n- Raccordement \u00e9lectrique pour une mise en service imm\u00e9diate Thermoplongeur sp\u00e9cialement con\u00e7u pour chauffer m\u00eame le point le plus bas du r\u00e9servoir d'eau<br \/>\n- Vanne de m\u00e9lange avec thermostat (en option sur les chauffe-eau carr\u00e9s et \u00e0 double serpentin)<\/p>","protected":false},"featured_media":41497,"comment_status":"open","ping_status":"closed","template":"","meta":{"_acf_changed":false,"_monsterinsights_skip_tracking":false,"_monsterinsights_sitenote_active":false,"_monsterinsights_sitenote_note":"","_monsterinsights_sitenote_category":0,"site-sidebar-layout":"default","site-content-layout":"","ast-site-content-layout":"default","site-content-style":"default","site-sidebar-style":"default","ast-global-header-display":"","ast-banner-title-visibility":"","ast-main-header-display":"","ast-hfb-above-header-display":"","ast-hfb-below-header-display":"","ast-hfb-mobile-header-display":"","site-post-title":"","ast-breadcrumbs-content":"","ast-featured-img":"","footer-sml-layout":"","ast-disable-related-posts":"","theme-transparent-header-meta":"","adv-header-id-meta":"","stick-header-meta":"","header-above-stick-meta":"","header-main-stick-meta":"","header-below-stick-meta":"","astra-migrate-meta-layouts":"default","ast-page-background-enabled":"default","ast-page-background-meta":{"desktop":{"background-color":"var(--ast-global-color-5)","background-image":"","background-repeat":"repeat","background-position":"center center","background-size":"auto","background-attachment":"scroll","background-type":"","background-media":"","overlay-type":"","overlay-color":"","overlay-opacity":"","overlay-gradient":""},"tablet":{"background-color":"","background-image":"","background-repeat":"repeat","background-position":"center center","background-size":"auto","background-attachment":"scroll","background-type":"","background-media":"","overlay-type":"","overlay-color":"","overlay-opacity":"","overlay-gradient":""},"mobile":{"background-color":"","background-image":"","background-repeat":"repeat","background-position":"center center","background-size":"auto","background-attachment":"scroll","background-type":"","background-media":"","overlay-type":"","overlay-color":"","overlay-opacity":"","overlay-gradient":""}},"ast-content-background-meta":{"desktop":{"background-color":"var(--ast-global-color-4)","background-image":"","background-repeat":"repeat","background-position":"center center","background-size":"auto","background-attachment":"scroll","background-type":"","background-media":"","overlay-type":"","overlay-color":"","overlay-opacity":"","overlay-gradient":""},"tablet":{"background-color":"var(--ast-global-color-4)","background-image":"","background-repeat":"repeat","background-position":"center center","background-size":"auto","background-attachment":"scroll","background-type":"","background-media":"","overlay-type":"","overlay-color":"","overlay-opacity":"","overlay-gradient":""},"mobile":{"background-color":"var(--ast-global-color-4)","background-image":"","background-repeat":"repeat","background-position":"center center","background-size":"auto","background-attachment":"scroll","background-type":"","background-media":"","overlay-type":"","overlay-color":"","overlay-opacity":"","overlay-gradient":""}}},"product_brand":[],"product_cat":[101,419,418],"product_tag":[3074,5167,7405],"class_list":{"0":"post-31073","1":"product","2":"type-product","3":"status-publish","4":"has-post-thumbnail","6":"product_cat-arredo-e-comfort","7":"product_cat-boilers","8":"product_cat-riscaldamento","9":"product_tag-acqua","10":"product_tag-isotherm","11":"product_tag-scalda","12":"pa_supplier-bcool-engineering-srl","13":"desktop-align-left","14":"tablet-align-left","15":"mobile-align-left","17":"first","18":"outofstock","19":"taxable","20":"shipping-taxable","21":"purchasable","22":"product-type-simple"},"acf":[],"yoast_head":"<!-- This site is optimized with the Yoast SEO Premium plugin v26.7 (Yoast SEO v26.9) - https:\/\/yoast.com\/product\/yoast-seo-premium-wordpress\/ -->\n<title>Scalda Acqua Isotemp 30 Litri Basic con Valvola Miscelatrice<\/title>\n<meta name=\"description\" content=\"Scopri lo scalda acqua Isotemp 30 litri Basic, resistente e facile da installare. Garanzia 5 anni. Acquista ora per un riscaldamento efficiente!\" \/>\n<meta name=\"robots\" content=\"index, follow, max-snippet:-1, max-image-preview:large, max-video-preview:-1\" \/>\n<link rel=\"canonical\" href=\"https:\/\/technofluid.it\/fr\/produit\/chauffe-eau-30-litres-basic-230750w-avec-valve-melangeuse-code-603031b000003-isotemp-2\/\" \/>\n<meta property=\"og:locale\" content=\"fr_FR\" \/>\n<meta property=\"og:type\" content=\"article\" \/>\n<meta property=\"og:title\" content=\"Scalda acqua: 30 litri basic 230\/750W, con valvola miscelatrice - codice: 603031B000003 - Isotemp\" \/>\n<meta property=\"og:description\" content=\"Scopri lo scalda acqua Isotemp 30 litri Basic, resistente e facile da installare. Garanzia 5 anni. Acquista ora per un riscaldamento efficiente!\" \/>\n<meta property=\"og:url\" content=\"https:\/\/technofluid.it\/fr\/produit\/chauffe-eau-30-litres-basic-230750w-avec-valve-melangeuse-code-603031b000003-isotemp-2\/\" \/>\n<meta property=\"og:site_name\" content=\"Technofluid\" \/>\n<meta property=\"article:modified_time\" content=\"2026-04-15T06:29:41+00:00\" \/>\n<meta property=\"og:image\" content=\"https:\/\/technofluid.it\/wp-content\/uploads\/2026\/01\/462-Scalda-acqua-30-litri-basic-230750W-con-valvola-miscelatrice-codice-603031B000003-Isotemp.jpg\" \/>\n\t<meta property=\"og:image:width\" content=\"800\" \/>\n\t<meta property=\"og:image:height\" content=\"800\" \/>\n\t<meta property=\"og:image:type\" content=\"image\/jpeg\" \/>\n<meta name=\"twitter:card\" content=\"summary_large_image\" \/>\n<meta name=\"twitter:label1\" content=\"Prix\" \/>\n\t<meta name=\"twitter:data1\" content=\"619,26&nbsp;&euro; Iva esclusa\" \/>\n\t<meta name=\"twitter:label2\" content=\"Disponibilit\u00e9\" \/>\n\t<meta name=\"twitter:data2\" content=\"Rupture de stock\" \/>\n<script type=\"application\/ld+json\" class=\"yoast-schema-graph\">{\"@context\":\"https:\/\/schema.org\",\"@graph\":[{\"@type\":\"WebPage\",\"@id\":\"https:\/\/technofluid.it\/prodotto\/scalda-acqua-30-litri-basic-230750w-con-valvola-miscelatrice-codice-603031b000003-isotemp\/\",\"url\":\"https:\/\/technofluid.it\/prodotto\/scalda-acqua-30-litri-basic-230750w-con-valvola-miscelatrice-codice-603031b000003-isotemp\/\",\"name\":\"Scalda Acqua Isotemp 30 Litri Basic con Valvola Miscelatrice\",\"isPartOf\":{\"@id\":\"https:\/\/technofluid.it\/#website\"},\"primaryImageOfPage\":{\"@id\":\"https:\/\/technofluid.it\/prodotto\/scalda-acqua-30-litri-basic-230750w-con-valvola-miscelatrice-codice-603031b000003-isotemp\/#primaryimage\"},\"image\":{\"@id\":\"https:\/\/technofluid.it\/prodotto\/scalda-acqua-30-litri-basic-230750w-con-valvola-miscelatrice-codice-603031b000003-isotemp\/#primaryimage\"},\"thumbnailUrl\":\"https:\/\/technofluid.it\/wp-content\/uploads\/2026\/01\/462-Scalda-acqua-30-litri-basic-230750W-con-valvola-miscelatrice-codice-603031B000003-Isotemp.jpg\",\"datePublished\":\"2025-10-25T00:04:10+00:00\",\"dateModified\":\"2026-04-15T06:29:41+00:00\",\"description\":\"Scopri lo scalda acqua Isotemp 30 litri Basic, resistente e facile da installare. Garanzia 5 anni. Acquista ora per un riscaldamento efficiente!\",\"breadcrumb\":{\"@id\":\"https:\/\/technofluid.it\/prodotto\/scalda-acqua-30-litri-basic-230750w-con-valvola-miscelatrice-codice-603031b000003-isotemp\/#breadcrumb\"},\"inLanguage\":\"fr-FR\",\"potentialAction\":[{\"@type\":\"ReadAction\",\"target\":[\"https:\/\/technofluid.it\/prodotto\/scalda-acqua-30-litri-basic-230750w-con-valvola-miscelatrice-codice-603031b000003-isotemp\/\"]}]},{\"@type\":\"ImageObject\",\"inLanguage\":\"fr-FR\",\"@id\":\"https:\/\/technofluid.it\/prodotto\/scalda-acqua-30-litri-basic-230750w-con-valvola-miscelatrice-codice-603031b000003-isotemp\/#primaryimage\",\"url\":\"https:\/\/technofluid.it\/wp-content\/uploads\/2026\/01\/462-Scalda-acqua-30-litri-basic-230750W-con-valvola-miscelatrice-codice-603031B000003-Isotemp.jpg\",\"contentUrl\":\"https:\/\/technofluid.it\/wp-content\/uploads\/2026\/01\/462-Scalda-acqua-30-litri-basic-230750W-con-valvola-miscelatrice-codice-603031B000003-Isotemp.jpg\",\"width\":800,\"height\":800,\"caption\":\"Scalda acqua Isotemp da 30 litri, modello Basic, con valvola miscelatrice, perfetto per riscaldare acqua in modo efficiente e sicuro.\"},{\"@type\":\"BreadcrumbList\",\"@id\":\"https:\/\/technofluid.it\/prodotto\/scalda-acqua-30-litri-basic-230750w-con-valvola-miscelatrice-codice-603031b000003-isotemp\/#breadcrumb\",\"itemListElement\":[{\"@type\":\"ListItem\",\"position\":1,\"name\":\"Home\",\"item\":\"https:\/\/technofluid.it\/\"},{\"@type\":\"ListItem\",\"position\":2,\"name\":\"Shop\",\"item\":\"https:\/\/technofluid.it\/shop\/\"},{\"@type\":\"ListItem\",\"position\":3,\"name\":\"Scalda acqua: 30 litri basic 230\/750W, con valvola miscelatrice &#8211; codice: 603031B000003 &#8211; Isotemp\"}]},{\"@type\":\"WebSite\",\"@id\":\"https:\/\/technofluid.it\/#website\",\"url\":\"https:\/\/technofluid.it\/\",\"name\":\"Technofluid S.R.L.\",\"description\":\"Dal 1999 siamo specializzati nell&#039;impiantistica navale, idraulica, civile e industriale\",\"publisher\":{\"@id\":\"https:\/\/technofluid.it\/#organization\"},\"potentialAction\":[{\"@type\":\"SearchAction\",\"target\":{\"@type\":\"EntryPoint\",\"urlTemplate\":\"https:\/\/technofluid.it\/?s={search_term_string}\"},\"query-input\":{\"@type\":\"PropertyValueSpecification\",\"valueRequired\":true,\"valueName\":\"search_term_string\"}}],\"inLanguage\":\"fr-FR\"},{\"@type\":\"Organization\",\"@id\":\"https:\/\/technofluid.it\/#organization\",\"name\":\"Technofluid\",\"url\":\"https:\/\/technofluid.it\/\",\"logo\":{\"@type\":\"ImageObject\",\"inLanguage\":\"fr-FR\",\"@id\":\"https:\/\/technofluid.it\/#\/schema\/logo\/image\/\",\"url\":\"https:\/\/technofluid.it\/wp-content\/uploads\/2025\/12\/technofluid_bianco-logo.webp\",\"contentUrl\":\"https:\/\/technofluid.it\/wp-content\/uploads\/2025\/12\/technofluid_bianco-logo.webp\",\"width\":350,\"height\":116,\"caption\":\"Technofluid\"},\"image\":{\"@id\":\"https:\/\/technofluid.it\/#\/schema\/logo\/image\/\"},\"description\":\"La Technofluid S.r.l. nasce nel 1999 a Barcellona Pozzo di Gotto, in provincia di Messina, con l\u2019obiettivo di diventare un punto di riferimento nel settore dell\u2019impiantistica navale, idraulica, civile e industriale.\",\"email\":\"info@technofluid.it\",\"telephone\":\"0907386877\",\"legalName\":\"Technofluid S.R.L\",\"vatID\":\"IT03148240835\",\"taxID\":\"03148240835\",\"ownershipFundingInfo\":\"https:\/\/technofluid.it\/azienda\/\"}]}<\/script>\n<meta property=\"product:price:amount\" content=\"619.26\" \/>\n<meta property=\"product:price:currency\" content=\"EUR\" \/>\n<meta property=\"og:availability\" content=\"out of stock\" \/>\n<meta property=\"product:availability\" content=\"out of stock\" \/>\n<meta property=\"product:retailer_item_id\" content=\"IND0000000031\" \/>\n<meta property=\"product:condition\" content=\"new\" \/>\n<!-- \/ Yoast SEO Premium plugin. -->","yoast_head_json":{"title":"Chauffe-eau Isotemp 30 Litres Basic avec Valve M\u00e9langeuse","description":"D\u00e9couvrez le chauffe-eau Isotemp 30 litres Basic, r\u00e9sistant et facile \u00e0 installer. Garantie 5 ans. Achetez maintenant pour un chauffage efficace !","robots":{"index":"index","follow":"follow","max-snippet":"max-snippet:-1","max-image-preview":"max-image-preview:large","max-video-preview":"max-video-preview:-1"},"canonical":"https:\/\/technofluid.it\/fr\/produit\/chauffe-eau-30-litres-basic-230750w-avec-valve-melangeuse-code-603031b000003-isotemp-2\/","og_locale":"fr_FR","og_type":"article","og_title":"Scalda acqua: 30 litri basic 230\/750W, con valvola miscelatrice - codice: 603031B000003 - Isotemp","og_description":"Scopri lo scalda acqua Isotemp 30 litri Basic, resistente e facile da installare. Garanzia 5 anni. Acquista ora per un riscaldamento efficiente!","og_url":"https:\/\/technofluid.it\/fr\/produit\/chauffe-eau-30-litres-basic-230750w-avec-valve-melangeuse-code-603031b000003-isotemp-2\/","og_site_name":"Technofluid","article_modified_time":"2026-04-15T06:29:41+00:00","og_image":[{"width":800,"height":800,"url":"https:\/\/technofluid.it\/wp-content\/uploads\/2026\/01\/462-Scalda-acqua-30-litri-basic-230750W-con-valvola-miscelatrice-codice-603031B000003-Isotemp.jpg","type":"image\/jpeg"}],"twitter_card":"summary_large_image","twitter_misc":{"Prix":"619,26&nbsp;&euro; Iva esclusa","Disponibilit\u00e9":"Rupture de stock"},"schema":{"@context":"https:\/\/schema.org","@graph":[{"@type":"WebPage","@id":"https:\/\/technofluid.it\/prodotto\/scalda-acqua-30-litri-basic-230750w-con-valvola-miscelatrice-codice-603031b000003-isotemp\/","url":"https:\/\/technofluid.it\/prodotto\/scalda-acqua-30-litri-basic-230750w-con-valvola-miscelatrice-codice-603031b000003-isotemp\/","name":"Chauffe-eau Isotemp 30 Litres Basic avec Valve M\u00e9langeuse","isPartOf":{"@id":"https:\/\/technofluid.it\/#website"},"primaryImageOfPage":{"@id":"https:\/\/technofluid.it\/prodotto\/scalda-acqua-30-litri-basic-230750w-con-valvola-miscelatrice-codice-603031b000003-isotemp\/#primaryimage"},"image":{"@id":"https:\/\/technofluid.it\/prodotto\/scalda-acqua-30-litri-basic-230750w-con-valvola-miscelatrice-codice-603031b000003-isotemp\/#primaryimage"},"thumbnailUrl":"https:\/\/technofluid.it\/wp-content\/uploads\/2026\/01\/462-Scalda-acqua-30-litri-basic-230750W-con-valvola-miscelatrice-codice-603031B000003-Isotemp.jpg","datePublished":"2025-10-25T00:04:10+00:00","dateModified":"2026-04-15T06:29:41+00:00","description":"D\u00e9couvrez le chauffe-eau Isotemp 30 litres Basic, r\u00e9sistant et facile \u00e0 installer. Garantie 5 ans. Achetez maintenant pour un chauffage efficace !","breadcrumb":{"@id":"https:\/\/technofluid.it\/prodotto\/scalda-acqua-30-litri-basic-230750w-con-valvola-miscelatrice-codice-603031b000003-isotemp\/#breadcrumb"},"inLanguage":"fr-FR","potentialAction":[{"@type":"ReadAction","target":["https:\/\/technofluid.it\/prodotto\/scalda-acqua-30-litri-basic-230750w-con-valvola-miscelatrice-codice-603031b000003-isotemp\/"]}]},{"@type":"ImageObject","inLanguage":"fr-FR","@id":"https:\/\/technofluid.it\/prodotto\/scalda-acqua-30-litri-basic-230750w-con-valvola-miscelatrice-codice-603031b000003-isotemp\/#primaryimage","url":"https:\/\/technofluid.it\/wp-content\/uploads\/2026\/01\/462-Scalda-acqua-30-litri-basic-230750W-con-valvola-miscelatrice-codice-603031B000003-Isotemp.jpg","contentUrl":"https:\/\/technofluid.it\/wp-content\/uploads\/2026\/01\/462-Scalda-acqua-30-litri-basic-230750W-con-valvola-miscelatrice-codice-603031B000003-Isotemp.jpg","width":800,"height":800,"caption":"Scalda acqua Isotemp da 30 litri, modello Basic, con valvola miscelatrice, perfetto per riscaldare acqua in modo efficiente e sicuro."},{"@type":"BreadcrumbList","@id":"https:\/\/technofluid.it\/prodotto\/scalda-acqua-30-litri-basic-230750w-con-valvola-miscelatrice-codice-603031b000003-isotemp\/#breadcrumb","itemListElement":[{"@type":"ListItem","position":1,"name":"Home","item":"https:\/\/technofluid.it\/"},{"@type":"ListItem","position":2,"name":"Shop","item":"https:\/\/technofluid.it\/shop\/"},{"@type":"ListItem","position":3,"name":"Scalda acqua: 30 litri basic 230\/750W, con valvola miscelatrice &#8211; codice: 603031B000003 &#8211; Isotemp"}]},{"@type":"WebSite","@id":"https:\/\/technofluid.it\/#website","url":"https:\/\/technofluid.it\/","name":"Technofluid S.R.L.","description":"Depuis 1999, nous sommes sp\u00e9cialis\u00e9s dans les installations marines, de plomberie, civiles et industrielles.","publisher":{"@id":"https:\/\/technofluid.it\/#organization"},"potentialAction":[{"@type":"SearchAction","target":{"@type":"EntryPoint","urlTemplate":"https:\/\/technofluid.it\/?s={search_term_string}"},"query-input":{"@type":"PropertyValueSpecification","valueRequired":true,"valueName":"search_term_string"}}],"inLanguage":"fr-FR"},{"@type":"Organization","@id":"https:\/\/technofluid.it\/#organization","name":"Technofluid","url":"https:\/\/technofluid.it\/","logo":{"@type":"ImageObject","inLanguage":"fr-FR","@id":"https:\/\/technofluid.it\/#\/schema\/logo\/image\/","url":"https:\/\/technofluid.it\/wp-content\/uploads\/2025\/12\/technofluid_bianco-logo.webp","contentUrl":"https:\/\/technofluid.it\/wp-content\/uploads\/2025\/12\/technofluid_bianco-logo.webp","width":350,"height":116,"caption":"Technofluid"},"image":{"@id":"https:\/\/technofluid.it\/#\/schema\/logo\/image\/"},"description":"La Technofluid S.r.l. est n\u00e9e en 1999 \u00e0 Barcellona Pozzo di Gotto, dans la province de Messine, avec l'objectif de devenir un point de r\u00e9f\u00e9rence dans le secteur de l'installation navale, hydraulique, civile et industrielle.","email":"info@technofluid.it","telephone":"0907386877","legalName":"Technofluid S.R.L","vatID":"IT03148240835","taxID":"03148240835","ownershipFundingInfo":"https:\/\/technofluid.it\/azienda\/"}]},"product_price_amount":"619.26","product_price_currency":"EUR","og_availability":"out of stock","product_availability":"out of stock","product_retailer_item_id":"IND0000000031","product_condition":"new"},"_links":{"self":[{"href":"https:\/\/technofluid.it\/fr\/wp-json\/wp\/v2\/product\/31073","targetHints":{"allow":["GET"]}}],"collection":[{"href":"https:\/\/technofluid.it\/fr\/wp-json\/wp\/v2\/product"}],"about":[{"href":"https:\/\/technofluid.it\/fr\/wp-json\/wp\/v2\/types\/product"}],"replies":[{"embeddable":true,"href":"https:\/\/technofluid.it\/fr\/wp-json\/wp\/v2\/comments?post=31073"}],"version-history":[{"count":0,"href":"https:\/\/technofluid.it\/fr\/wp-json\/wp\/v2\/product\/31073\/revisions"}],"wp:featuredmedia":[{"embeddable":true,"href":"https:\/\/technofluid.it\/fr\/wp-json\/wp\/v2\/media\/41497"}],"wp:attachment":[{"href":"https:\/\/technofluid.it\/fr\/wp-json\/wp\/v2\/media?parent=31073"}],"wp:term":[{"taxonomy":"product_brand","embeddable":true,"href":"https:\/\/technofluid.it\/fr\/wp-json\/wp\/v2\/product_brand?post=31073"},{"taxonomy":"product_cat","embeddable":true,"href":"https:\/\/technofluid.it\/fr\/wp-json\/wp\/v2\/product_cat?post=31073"},{"taxonomy":"product_tag","embeddable":true,"href":"https:\/\/technofluid.it\/fr\/wp-json\/wp\/v2\/product_tag?post=31073"}],"curies":[{"name":"wp","href":"https:\/\/api.w.org\/{rel}","templated":true}]}}