{"id":31061,"date":"2025-10-25T00:04:09","date_gmt":"2025-10-25T00:04:09","guid":{"rendered":"https:\/\/technofluid.it\/prodotto\/salvagente-a-stola-florida-7-150-n-adulti-codice-22-451-15-osculati\/"},"modified":"2026-04-15T12:17:41","modified_gmt":"2026-04-15T11:17:41","slug":"salvagente-a-stola-florida-7-150-n-adulti-codice-22-451-15-osculati","status":"publish","type":"product","link":"https:\/\/technofluid.it\/fr\/produit\/gilet-de-sauvetage-a-echarpe-florida-7-150-n-adultes-code-22-451-15-osculati-2\/","title":{"rendered":"Gilet de sauvetage \u00e0 col fleuri 7 \u2013 150 N adultes \u2013 code : 22.451.15 \u2013 Osculati"},"content":{"rendered":"<p>Gilet de sauvetage \u00e0 col fleuri 7 \u2013 150 N adultes \u2013 code : 22.451.15 \u2013 Osculati<\/p>","protected":false},"excerpt":{"rendered":"<p>SALVAGENTE A STOLA FLORIDA 7 -150 N ADULTI &#8211; CODICE: 22.451.15 &#8211; OSCULATI<\/p>","protected":false},"featured_media":41466,"comment_status":"open","ping_status":"closed","template":"","meta":{"_acf_changed":false,"_monsterinsights_skip_tracking":false,"_monsterinsights_sitenote_active":false,"_monsterinsights_sitenote_note":"","_monsterinsights_sitenote_category":0,"site-sidebar-layout":"default","site-content-layout":"","ast-site-content-layout":"default","site-content-style":"default","site-sidebar-style":"default","ast-global-header-display":"","ast-banner-title-visibility":"","ast-main-header-display":"","ast-hfb-above-header-display":"","ast-hfb-below-header-display":"","ast-hfb-mobile-header-display":"","site-post-title":"","ast-breadcrumbs-content":"","ast-featured-img":"","footer-sml-layout":"","ast-disable-related-posts":"","theme-transparent-header-meta":"","adv-header-id-meta":"","stick-header-meta":"","header-above-stick-meta":"","header-main-stick-meta":"","header-below-stick-meta":"","astra-migrate-meta-layouts":"default","ast-page-background-enabled":"default","ast-page-background-meta":{"desktop":{"background-color":"var(--ast-global-color-5)","background-image":"","background-repeat":"repeat","background-position":"center center","background-size":"auto","background-attachment":"scroll","background-type":"","background-media":"","overlay-type":"","overlay-color":"","overlay-opacity":"","overlay-gradient":""},"tablet":{"background-color":"","background-image":"","background-repeat":"repeat","background-position":"center center","background-size":"auto","background-attachment":"scroll","background-type":"","background-media":"","overlay-type":"","overlay-color":"","overlay-opacity":"","overlay-gradient":""},"mobile":{"background-color":"","background-image":"","background-repeat":"repeat","background-position":"center center","background-size":"auto","background-attachment":"scroll","background-type":"","background-media":"","overlay-type":"","overlay-color":"","overlay-opacity":"","overlay-gradient":""}},"ast-content-background-meta":{"desktop":{"background-color":"var(--ast-global-color-4)","background-image":"","background-repeat":"repeat","background-position":"center center","background-size":"auto","background-attachment":"scroll","background-type":"","background-media":"","overlay-type":"","overlay-color":"","overlay-opacity":"","overlay-gradient":""},"tablet":{"background-color":"var(--ast-global-color-4)","background-image":"","background-repeat":"repeat","background-position":"center center","background-size":"auto","background-attachment":"scroll","background-type":"","background-media":"","overlay-type":"","overlay-color":"","overlay-opacity":"","overlay-gradient":""},"mobile":{"background-color":"var(--ast-global-color-4)","background-image":"","background-repeat":"repeat","background-position":"center center","background-size":"auto","background-attachment":"scroll","background-type":"","background-media":"","overlay-type":"","overlay-color":"","overlay-opacity":"","overlay-gradient":""}}},"product_brand":[],"product_cat":[159,78],"product_tag":[],"class_list":{"0":"post-31061","1":"product","2":"type-product","3":"status-publish","4":"has-post-thumbnail","6":"product_cat-kit-sicurezza","7":"product_cat-manutenzione-barca","8":"pa_supplier-osculati-s-r-l","9":"desktop-align-left","10":"tablet-align-left","11":"mobile-align-left","13":"first","14":"instock","15":"taxable","16":"shipping-taxable","17":"purchasable","18":"product-type-simple"},"acf":[],"yoast_head":"<!-- This site is optimized with the Yoast SEO Premium plugin v26.7 (Yoast SEO v26.9) - https:\/\/yoast.com\/product\/yoast-seo-premium-wordpress\/ -->\n<title>Salvagente a stola Florida 7 150N per Adulti - Sicurezza Garantita<\/title>\n<meta name=\"description\" content=\"Scopri il salvagente a stola Florida 7 150N per adulti: sicurezza, comfort e stivaggio ottimale. Acquista ora il tuo salvagente a stola!\" \/>\n<meta name=\"robots\" content=\"index, follow, max-snippet:-1, max-image-preview:large, max-video-preview:-1\" \/>\n<link rel=\"canonical\" href=\"https:\/\/technofluid.it\/fr\/produit\/gilet-de-sauvetage-a-echarpe-florida-7-150-n-adultes-code-22-451-15-osculati-2\/\" \/>\n<meta property=\"og:locale\" content=\"fr_FR\" \/>\n<meta property=\"og:type\" content=\"article\" \/>\n<meta property=\"og:title\" content=\"Salvagente a stola florida 7 - 150 N adulti - codice: 22.451.15 - Osculati\" \/>\n<meta property=\"og:description\" content=\"Scopri il salvagente a stola Florida 7 150N per adulti: sicurezza, comfort e stivaggio ottimale. Acquista ora il tuo salvagente a stola!\" \/>\n<meta property=\"og:url\" content=\"https:\/\/technofluid.it\/fr\/produit\/gilet-de-sauvetage-a-echarpe-florida-7-150-n-adultes-code-22-451-15-osculati-2\/\" \/>\n<meta property=\"og:site_name\" content=\"Technofluid\" \/>\n<meta property=\"article:modified_time\" content=\"2026-04-15T11:17:41+00:00\" \/>\n<meta property=\"og:image\" content=\"https:\/\/technofluid.it\/wp-content\/uploads\/2026\/01\/2112-Salvagente-a-stola-florida-7-150-N-adulti-codice-22.451.15-Osculati.jpg\" \/>\n\t<meta property=\"og:image:width\" content=\"300\" \/>\n\t<meta property=\"og:image:height\" content=\"300\" \/>\n\t<meta property=\"og:image:type\" content=\"image\/jpeg\" \/>\n<meta name=\"twitter:card\" content=\"summary_large_image\" \/>\n<meta name=\"twitter:label1\" content=\"Prix\" \/>\n\t<meta name=\"twitter:data1\" content=\"14,75&nbsp;&euro; Iva esclusa\" \/>\n\t<meta name=\"twitter:label2\" content=\"Disponibilit\u00e9\" \/>\n\t<meta name=\"twitter:data2\" content=\"En stock\" \/>\n<script type=\"application\/ld+json\" class=\"yoast-schema-graph\">{\"@context\":\"https:\/\/schema.org\",\"@graph\":[{\"@type\":\"WebPage\",\"@id\":\"https:\/\/technofluid.it\/fr\/produit\/salvagente-a-stola-florida-7-150-n-adulti-codice-22-451-15-osculati\/\",\"url\":\"https:\/\/technofluid.it\/fr\/produit\/salvagente-a-stola-florida-7-150-n-adulti-codice-22-451-15-osculati\/\",\"name\":\"Salvagente a stola Florida 7 150N per Adulti - Sicurezza Garantita\",\"isPartOf\":{\"@id\":\"https:\/\/technofluid.it\/#website\"},\"primaryImageOfPage\":{\"@id\":\"https:\/\/technofluid.it\/fr\/produit\/salvagente-a-stola-florida-7-150-n-adulti-codice-22-451-15-osculati\/#primaryimage\"},\"image\":{\"@id\":\"https:\/\/technofluid.it\/fr\/produit\/salvagente-a-stola-florida-7-150-n-adulti-codice-22-451-15-osculati\/#primaryimage\"},\"thumbnailUrl\":\"https:\/\/technofluid.it\/wp-content\/uploads\/2026\/01\/2112-Salvagente-a-stola-florida-7-150-N-adulti-codice-22.451.15-Osculati.jpg\",\"datePublished\":\"2025-10-25T00:04:09+00:00\",\"dateModified\":\"2026-04-15T11:17:41+00:00\",\"description\":\"Scopri il salvagente a stola Florida 7 150N per adulti: sicurezza, comfort e stivaggio ottimale. Acquista ora il tuo salvagente a stola!\",\"breadcrumb\":{\"@id\":\"https:\/\/technofluid.it\/fr\/produit\/salvagente-a-stola-florida-7-150-n-adulti-codice-22-451-15-osculati\/#breadcrumb\"},\"inLanguage\":\"fr-FR\",\"potentialAction\":[{\"@type\":\"ReadAction\",\"target\":[\"https:\/\/technofluid.it\/fr\/produit\/salvagente-a-stola-florida-7-150-n-adulti-codice-22-451-15-osculati\/\"]}]},{\"@type\":\"ImageObject\",\"inLanguage\":\"fr-FR\",\"@id\":\"https:\/\/technofluid.it\/fr\/produit\/salvagente-a-stola-florida-7-150-n-adulti-codice-22-451-15-osculati\/#primaryimage\",\"url\":\"https:\/\/technofluid.it\/wp-content\/uploads\/2026\/01\/2112-Salvagente-a-stola-florida-7-150-N-adulti-codice-22.451.15-Osculati.jpg\",\"contentUrl\":\"https:\/\/technofluid.it\/wp-content\/uploads\/2026\/01\/2112-Salvagente-a-stola-florida-7-150-N-adulti-codice-22.451.15-Osculati.jpg\",\"width\":300,\"height\":300,\"caption\":\"Salvagente a stola florida 7 - 150 N, progettato per adulti, con design colorato e alta visibilit\u00e0, perfetto per emergenze nautiche.\"},{\"@type\":\"BreadcrumbList\",\"@id\":\"https:\/\/technofluid.it\/fr\/produit\/salvagente-a-stola-florida-7-150-n-adulti-codice-22-451-15-osculati\/#breadcrumb\",\"itemListElement\":[{\"@type\":\"ListItem\",\"position\":1,\"name\":\"Home\",\"item\":\"https:\/\/technofluid.it\/\"},{\"@type\":\"ListItem\",\"position\":2,\"name\":\"Shop\",\"item\":\"https:\/\/technofluid.it\/shop\/\"},{\"@type\":\"ListItem\",\"position\":3,\"name\":\"Salvagente a stola florida 7 &#8211; 150 N adulti &#8211; codice: 22.451.15 &#8211; Osculati\"}]},{\"@type\":\"WebSite\",\"@id\":\"https:\/\/technofluid.it\/#website\",\"url\":\"https:\/\/technofluid.it\/\",\"name\":\"Technofluid S.R.L.\",\"description\":\"Dal 1999 siamo specializzati nell&#039;impiantistica navale, idraulica, civile e industriale\",\"publisher\":{\"@id\":\"https:\/\/technofluid.it\/#organization\"},\"potentialAction\":[{\"@type\":\"SearchAction\",\"target\":{\"@type\":\"EntryPoint\",\"urlTemplate\":\"https:\/\/technofluid.it\/?s={search_term_string}\"},\"query-input\":{\"@type\":\"PropertyValueSpecification\",\"valueRequired\":true,\"valueName\":\"search_term_string\"}}],\"inLanguage\":\"fr-FR\"},{\"@type\":\"Organization\",\"@id\":\"https:\/\/technofluid.it\/#organization\",\"name\":\"Technofluid\",\"url\":\"https:\/\/technofluid.it\/\",\"logo\":{\"@type\":\"ImageObject\",\"inLanguage\":\"fr-FR\",\"@id\":\"https:\/\/technofluid.it\/#\/schema\/logo\/image\/\",\"url\":\"https:\/\/technofluid.it\/wp-content\/uploads\/2025\/12\/technofluid_bianco-logo.webp\",\"contentUrl\":\"https:\/\/technofluid.it\/wp-content\/uploads\/2025\/12\/technofluid_bianco-logo.webp\",\"width\":350,\"height\":116,\"caption\":\"Technofluid\"},\"image\":{\"@id\":\"https:\/\/technofluid.it\/#\/schema\/logo\/image\/\"},\"description\":\"La Technofluid S.r.l. nasce nel 1999 a Barcellona Pozzo di Gotto, in provincia di Messina, con l\u2019obiettivo di diventare un punto di riferimento nel settore dell\u2019impiantistica navale, idraulica, civile e industriale.\",\"email\":\"info@technofluid.it\",\"telephone\":\"0907386877\",\"legalName\":\"Technofluid S.R.L\",\"vatID\":\"IT03148240835\",\"taxID\":\"03148240835\",\"ownershipFundingInfo\":\"https:\/\/technofluid.it\/azienda\/\"}]}<\/script>\n<meta property=\"product:price:amount\" content=\"14.75\" \/>\n<meta property=\"product:price:currency\" content=\"EUR\" \/>\n<meta property=\"og:availability\" content=\"instock\" \/>\n<meta property=\"product:availability\" content=\"instock\" \/>\n<meta property=\"product:retailer_item_id\" content=\"OSCU00000457\" \/>\n<meta property=\"product:condition\" content=\"new\" \/>\n<!-- \/ Yoast SEO Premium plugin. -->","yoast_head_json":{"title":"Gilet de sauvetage \u00e0 \u00e9charpe Florida 7 150N pour Adultes - S\u00e9curit\u00e9 Garantie","description":"D\u00e9couvrez le gilet de sauvetage en \u00e9charpe Florida 7 150N pour adultes : s\u00e9curit\u00e9, confort et rangement optimal. Achetez d\u00e8s maintenant votre gilet de sauvetage en \u00e9charpe !","robots":{"index":"index","follow":"follow","max-snippet":"max-snippet:-1","max-image-preview":"max-image-preview:large","max-video-preview":"max-video-preview:-1"},"canonical":"https:\/\/technofluid.it\/fr\/produit\/gilet-de-sauvetage-a-echarpe-florida-7-150-n-adultes-code-22-451-15-osculati-2\/","og_locale":"fr_FR","og_type":"article","og_title":"Salvagente a stola florida 7 - 150 N adulti - codice: 22.451.15 - Osculati","og_description":"Scopri il salvagente a stola Florida 7 150N per adulti: sicurezza, comfort e stivaggio ottimale. Acquista ora il tuo salvagente a stola!","og_url":"https:\/\/technofluid.it\/fr\/produit\/gilet-de-sauvetage-a-echarpe-florida-7-150-n-adultes-code-22-451-15-osculati-2\/","og_site_name":"Technofluid","article_modified_time":"2026-04-15T11:17:41+00:00","og_image":[{"width":300,"height":300,"url":"https:\/\/technofluid.it\/wp-content\/uploads\/2026\/01\/2112-Salvagente-a-stola-florida-7-150-N-adulti-codice-22.451.15-Osculati.jpg","type":"image\/jpeg"}],"twitter_card":"summary_large_image","twitter_misc":{"Prix":"14,75&nbsp;&euro; Iva esclusa","Disponibilit\u00e9":"En stock"},"schema":{"@context":"https:\/\/schema.org","@graph":[{"@type":"WebPage","@id":"https:\/\/technofluid.it\/fr\/produit\/salvagente-a-stola-florida-7-150-n-adulti-codice-22-451-15-osculati\/","url":"https:\/\/technofluid.it\/fr\/produit\/salvagente-a-stola-florida-7-150-n-adulti-codice-22-451-15-osculati\/","name":"Gilet de sauvetage \u00e0 \u00e9charpe Florida 7 150N pour Adultes - S\u00e9curit\u00e9 Garantie","isPartOf":{"@id":"https:\/\/technofluid.it\/#website"},"primaryImageOfPage":{"@id":"https:\/\/technofluid.it\/fr\/produit\/salvagente-a-stola-florida-7-150-n-adulti-codice-22-451-15-osculati\/#primaryimage"},"image":{"@id":"https:\/\/technofluid.it\/fr\/produit\/salvagente-a-stola-florida-7-150-n-adulti-codice-22-451-15-osculati\/#primaryimage"},"thumbnailUrl":"https:\/\/technofluid.it\/wp-content\/uploads\/2026\/01\/2112-Salvagente-a-stola-florida-7-150-N-adulti-codice-22.451.15-Osculati.jpg","datePublished":"2025-10-25T00:04:09+00:00","dateModified":"2026-04-15T11:17:41+00:00","description":"D\u00e9couvrez le gilet de sauvetage en \u00e9charpe Florida 7 150N pour adultes : s\u00e9curit\u00e9, confort et rangement optimal. Achetez d\u00e8s maintenant votre gilet de sauvetage en \u00e9charpe !","breadcrumb":{"@id":"https:\/\/technofluid.it\/fr\/produit\/salvagente-a-stola-florida-7-150-n-adulti-codice-22-451-15-osculati\/#breadcrumb"},"inLanguage":"fr-FR","potentialAction":[{"@type":"ReadAction","target":["https:\/\/technofluid.it\/fr\/produit\/salvagente-a-stola-florida-7-150-n-adulti-codice-22-451-15-osculati\/"]}]},{"@type":"ImageObject","inLanguage":"fr-FR","@id":"https:\/\/technofluid.it\/fr\/produit\/salvagente-a-stola-florida-7-150-n-adulti-codice-22-451-15-osculati\/#primaryimage","url":"https:\/\/technofluid.it\/wp-content\/uploads\/2026\/01\/2112-Salvagente-a-stola-florida-7-150-N-adulti-codice-22.451.15-Osculati.jpg","contentUrl":"https:\/\/technofluid.it\/wp-content\/uploads\/2026\/01\/2112-Salvagente-a-stola-florida-7-150-N-adulti-codice-22.451.15-Osculati.jpg","width":300,"height":300,"caption":"Salvagente a stola florida 7 - 150 N, progettato per adulti, con design colorato e alta visibilit\u00e0, perfetto per emergenze nautiche."},{"@type":"BreadcrumbList","@id":"https:\/\/technofluid.it\/fr\/produit\/salvagente-a-stola-florida-7-150-n-adulti-codice-22-451-15-osculati\/#breadcrumb","itemListElement":[{"@type":"ListItem","position":1,"name":"Home","item":"https:\/\/technofluid.it\/"},{"@type":"ListItem","position":2,"name":"Shop","item":"https:\/\/technofluid.it\/shop\/"},{"@type":"ListItem","position":3,"name":"Salvagente a stola florida 7 &#8211; 150 N adulti &#8211; codice: 22.451.15 &#8211; Osculati"}]},{"@type":"WebSite","@id":"https:\/\/technofluid.it\/#website","url":"https:\/\/technofluid.it\/","name":"Technofluid S.R.L.","description":"Depuis 1999, nous sommes sp\u00e9cialis\u00e9s dans les installations marines, de plomberie, civiles et industrielles.","publisher":{"@id":"https:\/\/technofluid.it\/#organization"},"potentialAction":[{"@type":"SearchAction","target":{"@type":"EntryPoint","urlTemplate":"https:\/\/technofluid.it\/?s={search_term_string}"},"query-input":{"@type":"PropertyValueSpecification","valueRequired":true,"valueName":"search_term_string"}}],"inLanguage":"fr-FR"},{"@type":"Organization","@id":"https:\/\/technofluid.it\/#organization","name":"Technofluid","url":"https:\/\/technofluid.it\/","logo":{"@type":"ImageObject","inLanguage":"fr-FR","@id":"https:\/\/technofluid.it\/#\/schema\/logo\/image\/","url":"https:\/\/technofluid.it\/wp-content\/uploads\/2025\/12\/technofluid_bianco-logo.webp","contentUrl":"https:\/\/technofluid.it\/wp-content\/uploads\/2025\/12\/technofluid_bianco-logo.webp","width":350,"height":116,"caption":"Technofluid"},"image":{"@id":"https:\/\/technofluid.it\/#\/schema\/logo\/image\/"},"description":"La Technofluid S.r.l. est n\u00e9e en 1999 \u00e0 Barcellona Pozzo di Gotto, dans la province de Messine, avec l'objectif de devenir un point de r\u00e9f\u00e9rence dans le secteur de l'installation navale, hydraulique, civile et industrielle.","email":"info@technofluid.it","telephone":"0907386877","legalName":"Technofluid S.R.L","vatID":"IT03148240835","taxID":"03148240835","ownershipFundingInfo":"https:\/\/technofluid.it\/azienda\/"}]},"product_price_amount":"14.75","product_price_currency":"EUR","og_availability":"instock","product_availability":"instock","product_retailer_item_id":"OSCU00000457","product_condition":"new"},"_links":{"self":[{"href":"https:\/\/technofluid.it\/fr\/wp-json\/wp\/v2\/product\/31061","targetHints":{"allow":["GET"]}}],"collection":[{"href":"https:\/\/technofluid.it\/fr\/wp-json\/wp\/v2\/product"}],"about":[{"href":"https:\/\/technofluid.it\/fr\/wp-json\/wp\/v2\/types\/product"}],"replies":[{"embeddable":true,"href":"https:\/\/technofluid.it\/fr\/wp-json\/wp\/v2\/comments?post=31061"}],"version-history":[{"count":0,"href":"https:\/\/technofluid.it\/fr\/wp-json\/wp\/v2\/product\/31061\/revisions"}],"wp:featuredmedia":[{"embeddable":true,"href":"https:\/\/technofluid.it\/fr\/wp-json\/wp\/v2\/media\/41466"}],"wp:attachment":[{"href":"https:\/\/technofluid.it\/fr\/wp-json\/wp\/v2\/media?parent=31061"}],"wp:term":[{"taxonomy":"product_brand","embeddable":true,"href":"https:\/\/technofluid.it\/fr\/wp-json\/wp\/v2\/product_brand?post=31061"},{"taxonomy":"product_cat","embeddable":true,"href":"https:\/\/technofluid.it\/fr\/wp-json\/wp\/v2\/product_cat?post=31061"},{"taxonomy":"product_tag","embeddable":true,"href":"https:\/\/technofluid.it\/fr\/wp-json\/wp\/v2\/product_tag?post=31061"}],"curies":[{"name":"wp","href":"https:\/\/api.w.org\/{rel}","templated":true}]}}