{"id":30941,"date":"2025-10-25T00:03:56","date_gmt":"2025-10-25T00:03:56","guid":{"rendered":"https:\/\/technofluid.it\/prodotto\/raccordo-inox-t-60-gradi-25-mm-codice-41-134-23-osculati\/"},"modified":"2026-04-07T17:12:50","modified_gmt":"2026-04-07T16:12:50","slug":"raccordo-inox-t-60-25-mm-codice-41-134-23-osculati","status":"publish","type":"product","link":"https:\/\/technofluid.it\/fr\/produit\/raccord-inox-t-60-25-mm-code-41-134-23-osculati\/","title":{"rendered":"Raccord inox T 60\u00b0 25 mm \u2013 code : 41.134.23 \u2013 Osculati"},"content":{"rendered":"<p>Raccord inox T 60\u00b0 25 mm \u2013 code : 41.134.23 \u2013 Osculati<\/p>","protected":false},"excerpt":{"rendered":"<p class=\"MsoNormal\"><b>UM :<\/b>\u00a0PZ<\/p>\n<p class=\"MsoNormal\"><b>Hauteur :<\/b>\u00a05 cm<\/p>\n<p class=\"MsoNormal\"><b>Poids :<\/b>\u00a00,07 kg<\/p>\n<p class=\"MsoNormal\"><b>Largeur :<\/b>\u00a06 cm<\/p>\n<p class=\"MsoNormal\"><b>Volume :<\/b>\u00a090 cm\u00b3<\/p>\n<p class=\"MsoNormal\"><b>Longueur :<\/b>\u00a03 cm<\/p>","protected":false},"featured_media":41199,"comment_status":"open","ping_status":"closed","template":"","meta":{"_acf_changed":false,"_monsterinsights_skip_tracking":false,"_monsterinsights_sitenote_active":false,"_monsterinsights_sitenote_note":"","_monsterinsights_sitenote_category":0,"site-sidebar-layout":"default","site-content-layout":"","ast-site-content-layout":"default","site-content-style":"default","site-sidebar-style":"default","ast-global-header-display":"","ast-banner-title-visibility":"","ast-main-header-display":"","ast-hfb-above-header-display":"","ast-hfb-below-header-display":"","ast-hfb-mobile-header-display":"","site-post-title":"","ast-breadcrumbs-content":"","ast-featured-img":"","footer-sml-layout":"","ast-disable-related-posts":"","theme-transparent-header-meta":"","adv-header-id-meta":"","stick-header-meta":"","header-above-stick-meta":"","header-main-stick-meta":"","header-below-stick-meta":"","astra-migrate-meta-layouts":"default","ast-page-background-enabled":"default","ast-page-background-meta":{"desktop":{"background-color":"var(--ast-global-color-5)","background-image":"","background-repeat":"repeat","background-position":"center center","background-size":"auto","background-attachment":"scroll","background-type":"","background-media":"","overlay-type":"","overlay-color":"","overlay-opacity":"","overlay-gradient":""},"tablet":{"background-color":"","background-image":"","background-repeat":"repeat","background-position":"center center","background-size":"auto","background-attachment":"scroll","background-type":"","background-media":"","overlay-type":"","overlay-color":"","overlay-opacity":"","overlay-gradient":""},"mobile":{"background-color":"","background-image":"","background-repeat":"repeat","background-position":"center center","background-size":"auto","background-attachment":"scroll","background-type":"","background-media":"","overlay-type":"","overlay-color":"","overlay-opacity":"","overlay-gradient":""}},"ast-content-background-meta":{"desktop":{"background-color":"var(--ast-global-color-4)","background-image":"","background-repeat":"repeat","background-position":"center center","background-size":"auto","background-attachment":"scroll","background-type":"","background-media":"","overlay-type":"","overlay-color":"","overlay-opacity":"","overlay-gradient":""},"tablet":{"background-color":"var(--ast-global-color-4)","background-image":"","background-repeat":"repeat","background-position":"center center","background-size":"auto","background-attachment":"scroll","background-type":"","background-media":"","overlay-type":"","overlay-color":"","overlay-opacity":"","overlay-gradient":""},"mobile":{"background-color":"var(--ast-global-color-4)","background-image":"","background-repeat":"repeat","background-position":"center center","background-size":"auto","background-attachment":"scroll","background-type":"","background-media":"","overlay-type":"","overlay-color":"","overlay-opacity":"","overlay-gradient":""}}},"product_brand":[],"product_cat":[176,177],"product_tag":[3196,7243,3556,3132,3053,5093,7244,7220],"class_list":{"0":"post-30941","1":"product","2":"type-product","3":"status-publish","4":"has-post-thumbnail","6":"product_cat-attrezzatura-di-coperta","7":"product_cat-tendalini-e-accessori","8":"product_tag-25mm","9":"product_tag-41-134-23","10":"product_tag-3556","11":"product_tag-inox","12":"product_tag-osculati","13":"product_tag-raccordo","14":"product_tag-raccordo-inox-t-60-gradi-25-mm","15":"product_tag-t","16":"pa_supplier-osculati-s-r-l","17":"desktop-align-left","18":"tablet-align-left","19":"mobile-align-left","21":"first","22":"instock","23":"taxable","24":"shipping-taxable","25":"purchasable","26":"product-type-simple"},"acf":[],"yoast_head":"<!-- This site is optimized with the Yoast SEO Premium plugin v26.7 (Yoast SEO v26.9) - https:\/\/yoast.com\/product\/yoast-seo-premium-wordpress\/ -->\n<title>Raccordo Inox 60\u00b0 25 mm | Alta Qualit\u00e0 e Resistenza<\/title>\n<meta name=\"description\" content=\"Scopri il raccordo inox 60\u00b0 da 25 mm in acciaio AISI 316, lucidato a mano. Perfetto per tubi, resistente e di alta qualit\u00e0. Acquista ora!\" \/>\n<meta name=\"robots\" content=\"index, follow, max-snippet:-1, max-image-preview:large, max-video-preview:-1\" \/>\n<link rel=\"canonical\" href=\"https:\/\/technofluid.it\/fr\/produit\/raccord-inox-t-60-25-mm-code-41-134-23-osculati\/\" \/>\n<meta property=\"og:locale\" content=\"fr_FR\" \/>\n<meta property=\"og:type\" content=\"article\" \/>\n<meta property=\"og:title\" content=\"Raccordo inox T 60&deg; 25 mm - codice: 41.134.23 - Osculati\" \/>\n<meta property=\"og:description\" content=\"Scopri il raccordo inox 60\u00b0 da 25 mm in acciaio AISI 316, lucidato a mano. Perfetto per tubi, resistente e di alta qualit\u00e0. Acquista ora!\" \/>\n<meta property=\"og:url\" content=\"https:\/\/technofluid.it\/fr\/produit\/raccord-inox-t-60-25-mm-code-41-134-23-osculati\/\" \/>\n<meta property=\"og:site_name\" content=\"Technofluid\" \/>\n<meta property=\"article:modified_time\" content=\"2026-04-07T16:12:50+00:00\" \/>\n<meta property=\"og:image\" content=\"https:\/\/technofluid.it\/wp-content\/uploads\/2026\/01\/2150-Raccordo-inox-T-60\u00b0-25-mm-codice-41.134.23-Osculati.jpg\" \/>\n\t<meta property=\"og:image:width\" content=\"300\" \/>\n\t<meta property=\"og:image:height\" content=\"300\" \/>\n\t<meta property=\"og:image:type\" content=\"image\/jpeg\" \/>\n<meta name=\"twitter:card\" content=\"summary_large_image\" \/>\n<meta name=\"twitter:label1\" content=\"Prix\" \/>\n\t<meta name=\"twitter:data1\" content=\"3,52&nbsp;&euro; Iva esclusa\" \/>\n\t<meta name=\"twitter:label2\" content=\"Disponibilit\u00e9\" \/>\n\t<meta name=\"twitter:data2\" content=\"En stock\" \/>\n<script type=\"application\/ld+json\" class=\"yoast-schema-graph\">{\"@context\":\"https:\/\/schema.org\",\"@graph\":[{\"@type\":\"WebPage\",\"@id\":\"https:\/\/technofluid.it\/prodotto\/raccordo-inox-t-60-25-mm-codice-41-134-23-osculati\/\",\"url\":\"https:\/\/technofluid.it\/prodotto\/raccordo-inox-t-60-25-mm-codice-41-134-23-osculati\/\",\"name\":\"Raccordo Inox 60\u00b0 25 mm | Alta Qualit\u00e0 e Resistenza\",\"isPartOf\":{\"@id\":\"https:\/\/technofluid.it\/#website\"},\"primaryImageOfPage\":{\"@id\":\"https:\/\/technofluid.it\/prodotto\/raccordo-inox-t-60-25-mm-codice-41-134-23-osculati\/#primaryimage\"},\"image\":{\"@id\":\"https:\/\/technofluid.it\/prodotto\/raccordo-inox-t-60-25-mm-codice-41-134-23-osculati\/#primaryimage\"},\"thumbnailUrl\":\"https:\/\/technofluid.it\/wp-content\/uploads\/2026\/01\/2150-Raccordo-inox-T-60\u00b0-25-mm-codice-41.134.23-Osculati.jpg\",\"datePublished\":\"2025-10-25T00:03:56+00:00\",\"dateModified\":\"2026-04-07T16:12:50+00:00\",\"description\":\"Scopri il raccordo inox 60\u00b0 da 25 mm in acciaio AISI 316, lucidato a mano. Perfetto per tubi, resistente e di alta qualit\u00e0. Acquista ora!\",\"breadcrumb\":{\"@id\":\"https:\/\/technofluid.it\/prodotto\/raccordo-inox-t-60-25-mm-codice-41-134-23-osculati\/#breadcrumb\"},\"inLanguage\":\"fr-FR\",\"potentialAction\":[{\"@type\":\"ReadAction\",\"target\":[\"https:\/\/technofluid.it\/prodotto\/raccordo-inox-t-60-25-mm-codice-41-134-23-osculati\/\"]}]},{\"@type\":\"ImageObject\",\"inLanguage\":\"fr-FR\",\"@id\":\"https:\/\/technofluid.it\/prodotto\/raccordo-inox-t-60-25-mm-codice-41-134-23-osculati\/#primaryimage\",\"url\":\"https:\/\/technofluid.it\/wp-content\/uploads\/2026\/01\/2150-Raccordo-inox-T-60\u00b0-25-mm-codice-41.134.23-Osculati.jpg\",\"contentUrl\":\"https:\/\/technofluid.it\/wp-content\/uploads\/2026\/01\/2150-Raccordo-inox-T-60\u00b0-25-mm-codice-41.134.23-Osculati.jpg\",\"width\":300,\"height\":300,\"caption\":\"Raccordo inox T 60\u00b0 25 mm - codice: 41.134.23 - Osculati\"},{\"@type\":\"BreadcrumbList\",\"@id\":\"https:\/\/technofluid.it\/prodotto\/raccordo-inox-t-60-25-mm-codice-41-134-23-osculati\/#breadcrumb\",\"itemListElement\":[{\"@type\":\"ListItem\",\"position\":1,\"name\":\"Home\",\"item\":\"https:\/\/technofluid.it\/\"},{\"@type\":\"ListItem\",\"position\":2,\"name\":\"Shop\",\"item\":\"https:\/\/technofluid.it\/shop\/\"},{\"@type\":\"ListItem\",\"position\":3,\"name\":\"Raccordo inox T 60&deg; 25 mm &#8211; codice: 41.134.23 &#8211; Osculati\"}]},{\"@type\":\"WebSite\",\"@id\":\"https:\/\/technofluid.it\/#website\",\"url\":\"https:\/\/technofluid.it\/\",\"name\":\"Technofluid S.R.L.\",\"description\":\"Dal 1999 siamo specializzati nell&#039;impiantistica navale, idraulica, civile e industriale\",\"publisher\":{\"@id\":\"https:\/\/technofluid.it\/#organization\"},\"potentialAction\":[{\"@type\":\"SearchAction\",\"target\":{\"@type\":\"EntryPoint\",\"urlTemplate\":\"https:\/\/technofluid.it\/?s={search_term_string}\"},\"query-input\":{\"@type\":\"PropertyValueSpecification\",\"valueRequired\":true,\"valueName\":\"search_term_string\"}}],\"inLanguage\":\"fr-FR\"},{\"@type\":\"Organization\",\"@id\":\"https:\/\/technofluid.it\/#organization\",\"name\":\"Technofluid\",\"url\":\"https:\/\/technofluid.it\/\",\"logo\":{\"@type\":\"ImageObject\",\"inLanguage\":\"fr-FR\",\"@id\":\"https:\/\/technofluid.it\/#\/schema\/logo\/image\/\",\"url\":\"https:\/\/technofluid.it\/wp-content\/uploads\/2025\/12\/technofluid_bianco-logo.webp\",\"contentUrl\":\"https:\/\/technofluid.it\/wp-content\/uploads\/2025\/12\/technofluid_bianco-logo.webp\",\"width\":350,\"height\":116,\"caption\":\"Technofluid\"},\"image\":{\"@id\":\"https:\/\/technofluid.it\/#\/schema\/logo\/image\/\"},\"description\":\"La Technofluid S.r.l. nasce nel 1999 a Barcellona Pozzo di Gotto, in provincia di Messina, con l\u2019obiettivo di diventare un punto di riferimento nel settore dell\u2019impiantistica navale, idraulica, civile e industriale.\",\"email\":\"info@technofluid.it\",\"telephone\":\"0907386877\",\"legalName\":\"Technofluid S.R.L\",\"vatID\":\"IT03148240835\",\"taxID\":\"03148240835\",\"ownershipFundingInfo\":\"https:\/\/technofluid.it\/azienda\/\"}]}<\/script>\n<meta property=\"product:price:amount\" content=\"3.52\" \/>\n<meta property=\"product:price:currency\" content=\"EUR\" \/>\n<meta property=\"og:availability\" content=\"instock\" \/>\n<meta property=\"product:availability\" content=\"instock\" \/>\n<meta property=\"product:retailer_item_id\" content=\"OSCU00000957\" \/>\n<meta property=\"product:condition\" content=\"new\" \/>\n<!-- \/ Yoast SEO Premium plugin. -->","yoast_head_json":{"title":"Raccord inox 60\u00b0 25 mm | Haute Qualit\u00e9 et R\u00e9sistance","description":"D\u00e9couvrez le raccord inox 60\u00b0 de 25 mm en acier AISI 316, poli \u00e0 la main. Parfait pour les tuyaux, r\u00e9sistant et de haute qualit\u00e9. Achetez maintenant !","robots":{"index":"index","follow":"follow","max-snippet":"max-snippet:-1","max-image-preview":"max-image-preview:large","max-video-preview":"max-video-preview:-1"},"canonical":"https:\/\/technofluid.it\/fr\/produit\/raccord-inox-t-60-25-mm-code-41-134-23-osculati\/","og_locale":"fr_FR","og_type":"article","og_title":"Raccordo inox T 60&deg; 25 mm - codice: 41.134.23 - Osculati","og_description":"Scopri il raccordo inox 60\u00b0 da 25 mm in acciaio AISI 316, lucidato a mano. Perfetto per tubi, resistente e di alta qualit\u00e0. Acquista ora!","og_url":"https:\/\/technofluid.it\/fr\/produit\/raccord-inox-t-60-25-mm-code-41-134-23-osculati\/","og_site_name":"Technofluid","article_modified_time":"2026-04-07T16:12:50+00:00","og_image":[{"width":300,"height":300,"url":"https:\/\/technofluid.it\/wp-content\/uploads\/2026\/01\/2150-Raccordo-inox-T-60\u00b0-25-mm-codice-41.134.23-Osculati.jpg","type":"image\/jpeg"}],"twitter_card":"summary_large_image","twitter_misc":{"Prix":"3,52&nbsp;&euro; Iva esclusa","Disponibilit\u00e9":"En stock"},"schema":{"@context":"https:\/\/schema.org","@graph":[{"@type":"WebPage","@id":"https:\/\/technofluid.it\/prodotto\/raccordo-inox-t-60-25-mm-codice-41-134-23-osculati\/","url":"https:\/\/technofluid.it\/prodotto\/raccordo-inox-t-60-25-mm-codice-41-134-23-osculati\/","name":"Raccord inox 60\u00b0 25 mm | Haute Qualit\u00e9 et R\u00e9sistance","isPartOf":{"@id":"https:\/\/technofluid.it\/#website"},"primaryImageOfPage":{"@id":"https:\/\/technofluid.it\/prodotto\/raccordo-inox-t-60-25-mm-codice-41-134-23-osculati\/#primaryimage"},"image":{"@id":"https:\/\/technofluid.it\/prodotto\/raccordo-inox-t-60-25-mm-codice-41-134-23-osculati\/#primaryimage"},"thumbnailUrl":"https:\/\/technofluid.it\/wp-content\/uploads\/2026\/01\/2150-Raccordo-inox-T-60\u00b0-25-mm-codice-41.134.23-Osculati.jpg","datePublished":"2025-10-25T00:03:56+00:00","dateModified":"2026-04-07T16:12:50+00:00","description":"D\u00e9couvrez le raccord inox 60\u00b0 de 25 mm en acier AISI 316, poli \u00e0 la main. Parfait pour les tuyaux, r\u00e9sistant et de haute qualit\u00e9. Achetez maintenant !","breadcrumb":{"@id":"https:\/\/technofluid.it\/prodotto\/raccordo-inox-t-60-25-mm-codice-41-134-23-osculati\/#breadcrumb"},"inLanguage":"fr-FR","potentialAction":[{"@type":"ReadAction","target":["https:\/\/technofluid.it\/prodotto\/raccordo-inox-t-60-25-mm-codice-41-134-23-osculati\/"]}]},{"@type":"ImageObject","inLanguage":"fr-FR","@id":"https:\/\/technofluid.it\/prodotto\/raccordo-inox-t-60-25-mm-codice-41-134-23-osculati\/#primaryimage","url":"https:\/\/technofluid.it\/wp-content\/uploads\/2026\/01\/2150-Raccordo-inox-T-60\u00b0-25-mm-codice-41.134.23-Osculati.jpg","contentUrl":"https:\/\/technofluid.it\/wp-content\/uploads\/2026\/01\/2150-Raccordo-inox-T-60\u00b0-25-mm-codice-41.134.23-Osculati.jpg","width":300,"height":300,"caption":"Raccordo inox T 60\u00b0 25 mm - codice: 41.134.23 - Osculati"},{"@type":"BreadcrumbList","@id":"https:\/\/technofluid.it\/prodotto\/raccordo-inox-t-60-25-mm-codice-41-134-23-osculati\/#breadcrumb","itemListElement":[{"@type":"ListItem","position":1,"name":"Home","item":"https:\/\/technofluid.it\/"},{"@type":"ListItem","position":2,"name":"Shop","item":"https:\/\/technofluid.it\/shop\/"},{"@type":"ListItem","position":3,"name":"Raccordo inox T 60&deg; 25 mm &#8211; codice: 41.134.23 &#8211; Osculati"}]},{"@type":"WebSite","@id":"https:\/\/technofluid.it\/#website","url":"https:\/\/technofluid.it\/","name":"Technofluid S.R.L.","description":"Depuis 1999, nous sommes sp\u00e9cialis\u00e9s dans les installations marines, de plomberie, civiles et industrielles.","publisher":{"@id":"https:\/\/technofluid.it\/#organization"},"potentialAction":[{"@type":"SearchAction","target":{"@type":"EntryPoint","urlTemplate":"https:\/\/technofluid.it\/?s={search_term_string}"},"query-input":{"@type":"PropertyValueSpecification","valueRequired":true,"valueName":"search_term_string"}}],"inLanguage":"fr-FR"},{"@type":"Organization","@id":"https:\/\/technofluid.it\/#organization","name":"Technofluid","url":"https:\/\/technofluid.it\/","logo":{"@type":"ImageObject","inLanguage":"fr-FR","@id":"https:\/\/technofluid.it\/#\/schema\/logo\/image\/","url":"https:\/\/technofluid.it\/wp-content\/uploads\/2025\/12\/technofluid_bianco-logo.webp","contentUrl":"https:\/\/technofluid.it\/wp-content\/uploads\/2025\/12\/technofluid_bianco-logo.webp","width":350,"height":116,"caption":"Technofluid"},"image":{"@id":"https:\/\/technofluid.it\/#\/schema\/logo\/image\/"},"description":"La Technofluid S.r.l. est n\u00e9e en 1999 \u00e0 Barcellona Pozzo di Gotto, dans la province de Messine, avec l'objectif de devenir un point de r\u00e9f\u00e9rence dans le secteur de l'installation navale, hydraulique, civile et industrielle.","email":"info@technofluid.it","telephone":"0907386877","legalName":"Technofluid S.R.L","vatID":"IT03148240835","taxID":"03148240835","ownershipFundingInfo":"https:\/\/technofluid.it\/azienda\/"}]},"product_price_amount":"3.52","product_price_currency":"EUR","og_availability":"instock","product_availability":"instock","product_retailer_item_id":"OSCU00000957","product_condition":"new"},"_links":{"self":[{"href":"https:\/\/technofluid.it\/fr\/wp-json\/wp\/v2\/product\/30941","targetHints":{"allow":["GET"]}}],"collection":[{"href":"https:\/\/technofluid.it\/fr\/wp-json\/wp\/v2\/product"}],"about":[{"href":"https:\/\/technofluid.it\/fr\/wp-json\/wp\/v2\/types\/product"}],"replies":[{"embeddable":true,"href":"https:\/\/technofluid.it\/fr\/wp-json\/wp\/v2\/comments?post=30941"}],"version-history":[{"count":0,"href":"https:\/\/technofluid.it\/fr\/wp-json\/wp\/v2\/product\/30941\/revisions"}],"wp:featuredmedia":[{"embeddable":true,"href":"https:\/\/technofluid.it\/fr\/wp-json\/wp\/v2\/media\/41199"}],"wp:attachment":[{"href":"https:\/\/technofluid.it\/fr\/wp-json\/wp\/v2\/media?parent=30941"}],"wp:term":[{"taxonomy":"product_brand","embeddable":true,"href":"https:\/\/technofluid.it\/fr\/wp-json\/wp\/v2\/product_brand?post=30941"},{"taxonomy":"product_cat","embeddable":true,"href":"https:\/\/technofluid.it\/fr\/wp-json\/wp\/v2\/product_cat?post=30941"},{"taxonomy":"product_tag","embeddable":true,"href":"https:\/\/technofluid.it\/fr\/wp-json\/wp\/v2\/product_tag?post=30941"}],"curies":[{"name":"wp","href":"https:\/\/api.w.org\/{rel}","templated":true}]}}