{"id":30931,"date":"2025-10-25T00:03:54","date_gmt":"2025-10-25T00:03:54","guid":{"rendered":"https:\/\/technofluid.it\/prodotto\/raccordo-a-t-f-f-f-da-1-2-ottone-anticorrosione-codice-7130d-maestrini\/"},"modified":"2026-01-16T13:57:18","modified_gmt":"2026-01-16T13:57:18","slug":"raccordo-a-t-f-f-f-da-12-in-ottone-anticorrosione-cr-codice-7130d-maestrini","status":"publish","type":"product","link":"https:\/\/technofluid.it\/fr\/produit\/raccord-en-t-f-f-f-de-12-en-laiton-anticorrosion-cr-code-7130d-maestrini\/","title":{"rendered":"Raccord en \u201cT\u201d F.F.F. de 1\/2\" en laiton anticorrosion CR \u2013 code : 7130D \u2013 Maestrini"},"content":{"rendered":"<p>Raccord en \u201cT\u201d F.F.F. de 1\/2\" en laiton anticorrosion CR \u2013 code : 7130D \u2013 Maestrini<\/p>","protected":false},"excerpt":{"rendered":"<p>RACCORDO A \u201cT\u201d F.F.F. DA 1\/2&#8243; OTTONE ANTICORROSIONE &#8211; CODICE: 7130D &#8211; MAESTRINI<\/p>","protected":false},"featured_media":41179,"comment_status":"open","ping_status":"closed","template":"","meta":{"_acf_changed":false,"_monsterinsights_skip_tracking":false,"_monsterinsights_sitenote_active":false,"_monsterinsights_sitenote_note":"","_monsterinsights_sitenote_category":0,"site-sidebar-layout":"default","site-content-layout":"","ast-site-content-layout":"default","site-content-style":"default","site-sidebar-style":"default","ast-global-header-display":"","ast-banner-title-visibility":"","ast-main-header-display":"","ast-hfb-above-header-display":"","ast-hfb-below-header-display":"","ast-hfb-mobile-header-display":"","site-post-title":"","ast-breadcrumbs-content":"","ast-featured-img":"","footer-sml-layout":"","ast-disable-related-posts":"","theme-transparent-header-meta":"","adv-header-id-meta":"","stick-header-meta":"","header-above-stick-meta":"","header-main-stick-meta":"","header-below-stick-meta":"","astra-migrate-meta-layouts":"default","ast-page-background-enabled":"default","ast-page-background-meta":{"desktop":{"background-color":"var(--ast-global-color-5)","background-image":"","background-repeat":"repeat","background-position":"center center","background-size":"auto","background-attachment":"scroll","background-type":"","background-media":"","overlay-type":"","overlay-color":"","overlay-opacity":"","overlay-gradient":""},"tablet":{"background-color":"","background-image":"","background-repeat":"repeat","background-position":"center center","background-size":"auto","background-attachment":"scroll","background-type":"","background-media":"","overlay-type":"","overlay-color":"","overlay-opacity":"","overlay-gradient":""},"mobile":{"background-color":"","background-image":"","background-repeat":"repeat","background-position":"center center","background-size":"auto","background-attachment":"scroll","background-type":"","background-media":"","overlay-type":"","overlay-color":"","overlay-opacity":"","overlay-gradient":""}},"ast-content-background-meta":{"desktop":{"background-color":"var(--ast-global-color-4)","background-image":"","background-repeat":"repeat","background-position":"center center","background-size":"auto","background-attachment":"scroll","background-type":"","background-media":"","overlay-type":"","overlay-color":"","overlay-opacity":"","overlay-gradient":""},"tablet":{"background-color":"var(--ast-global-color-4)","background-image":"","background-repeat":"repeat","background-position":"center center","background-size":"auto","background-attachment":"scroll","background-type":"","background-media":"","overlay-type":"","overlay-color":"","overlay-opacity":"","overlay-gradient":""},"mobile":{"background-color":"var(--ast-global-color-4)","background-image":"","background-repeat":"repeat","background-position":"center center","background-size":"auto","background-attachment":"scroll","background-type":"","background-media":"","overlay-type":"","overlay-color":"","overlay-opacity":"","overlay-gradient":""}}},"product_brand":[],"product_cat":[84,93],"product_tag":[7226,3655,7199,7227],"class_list":{"0":"post-30931","1":"product","2":"type-product","3":"status-publish","4":"has-post-thumbnail","6":"product_cat-idraulica-e-ferramenta","7":"product_cat-idraulica-e-raccordi","8":"product_tag-7130d","9":"product_tag-maestrini","10":"product_tag-raccordo-a-t","11":"product_tag-raccordo-a-t-f-f-f-da-1-2-o","12":"pa_supplier-maestrini-s-r-l-societa-unipersonale","13":"desktop-align-left","14":"tablet-align-left","15":"mobile-align-left","17":"first","18":"instock","19":"taxable","20":"shipping-taxable","21":"purchasable","22":"product-type-simple"},"acf":[],"yoast_head":"<!-- This site is optimized with the Yoast SEO Premium plugin v26.7 (Yoast SEO v26.9) - https:\/\/yoast.com\/product\/yoast-seo-premium-wordpress\/ -->\n<title>Raccordo a T F.F.F. da 1\/2&quot; in Ottone Anticorrosione<\/title>\n<meta name=\"description\" content=\"Scopri il raccordo a T F.F.F. da 1\/2&quot; in ottone anticorrosione Maestrini. Qualit\u00e0 e durata garantite. Acquista ora!\" \/>\n<meta name=\"robots\" content=\"index, follow, max-snippet:-1, max-image-preview:large, max-video-preview:-1\" \/>\n<link rel=\"canonical\" href=\"https:\/\/technofluid.it\/fr\/produit\/raccord-en-t-f-f-f-de-12-en-laiton-anticorrosion-cr-code-7130d-maestrini\/\" \/>\n<meta property=\"og:locale\" content=\"fr_FR\" \/>\n<meta property=\"og:type\" content=\"article\" \/>\n<meta property=\"og:title\" content=\"Raccordo a &ldquo;T&rdquo; F.F.F. da 1\/2&quot; in ottone anticorrosione CR &ndash; codice: 7130D &ndash; Maestrini\" \/>\n<meta property=\"og:description\" content=\"Scopri il raccordo a T F.F.F. da 1\/2&quot; in ottone anticorrosione Maestrini. Qualit\u00e0 e durata garantite. Acquista ora!\" \/>\n<meta property=\"og:url\" content=\"https:\/\/technofluid.it\/fr\/produit\/raccord-en-t-f-f-f-de-12-en-laiton-anticorrosion-cr-code-7130d-maestrini\/\" \/>\n<meta property=\"og:site_name\" content=\"Technofluid\" \/>\n<meta property=\"article:modified_time\" content=\"2026-01-16T13:57:18+00:00\" \/>\n<meta property=\"og:image\" content=\"https:\/\/technofluid.it\/wp-content\/uploads\/2026\/01\/4221-Raccordo-a-T-F.F.F.-da-12-in-ottone-anticorrosione-CR-codice-7130D-Maestrini.jpg\" \/>\n\t<meta property=\"og:image:width\" content=\"130\" \/>\n\t<meta property=\"og:image:height\" content=\"130\" \/>\n\t<meta property=\"og:image:type\" content=\"image\/png\" \/>\n<meta name=\"twitter:card\" content=\"summary_large_image\" \/>\n<meta name=\"twitter:label1\" content=\"Prix\" \/>\n\t<meta name=\"twitter:data1\" content=\"6,20&nbsp;&euro; Iva esclusa\" \/>\n\t<meta name=\"twitter:label2\" content=\"Disponibilit\u00e9\" \/>\n\t<meta name=\"twitter:data2\" content=\"En stock\" \/>\n<script type=\"application\/ld+json\" class=\"yoast-schema-graph\">{\"@context\":\"https:\/\/schema.org\",\"@graph\":[{\"@type\":\"WebPage\",\"@id\":\"https:\/\/technofluid.it\/prodotto\/raccordo-a-t-f-f-f-da-12-in-ottone-anticorrosione-cr-codice-7130d-maestrini\/\",\"url\":\"https:\/\/technofluid.it\/prodotto\/raccordo-a-t-f-f-f-da-12-in-ottone-anticorrosione-cr-codice-7130d-maestrini\/\",\"name\":\"Raccordo a T F.F.F. da 1\/2\\\" in Ottone Anticorrosione\",\"isPartOf\":{\"@id\":\"https:\/\/technofluid.it\/#website\"},\"primaryImageOfPage\":{\"@id\":\"https:\/\/technofluid.it\/prodotto\/raccordo-a-t-f-f-f-da-12-in-ottone-anticorrosione-cr-codice-7130d-maestrini\/#primaryimage\"},\"image\":{\"@id\":\"https:\/\/technofluid.it\/prodotto\/raccordo-a-t-f-f-f-da-12-in-ottone-anticorrosione-cr-codice-7130d-maestrini\/#primaryimage\"},\"thumbnailUrl\":\"https:\/\/technofluid.it\/wp-content\/uploads\/2026\/01\/4221-Raccordo-a-T-F.F.F.-da-12-in-ottone-anticorrosione-CR-codice-7130D-Maestrini.jpg\",\"datePublished\":\"2025-10-25T00:03:54+00:00\",\"dateModified\":\"2026-01-16T13:57:18+00:00\",\"description\":\"Scopri il raccordo a T F.F.F. da 1\/2\\\" in ottone anticorrosione Maestrini. Qualit\u00e0 e durata garantite. Acquista ora!\",\"breadcrumb\":{\"@id\":\"https:\/\/technofluid.it\/prodotto\/raccordo-a-t-f-f-f-da-12-in-ottone-anticorrosione-cr-codice-7130d-maestrini\/#breadcrumb\"},\"inLanguage\":\"fr-FR\",\"potentialAction\":[{\"@type\":\"ReadAction\",\"target\":[\"https:\/\/technofluid.it\/prodotto\/raccordo-a-t-f-f-f-da-12-in-ottone-anticorrosione-cr-codice-7130d-maestrini\/\"]}]},{\"@type\":\"ImageObject\",\"inLanguage\":\"fr-FR\",\"@id\":\"https:\/\/technofluid.it\/prodotto\/raccordo-a-t-f-f-f-da-12-in-ottone-anticorrosione-cr-codice-7130d-maestrini\/#primaryimage\",\"url\":\"https:\/\/technofluid.it\/wp-content\/uploads\/2026\/01\/4221-Raccordo-a-T-F.F.F.-da-12-in-ottone-anticorrosione-CR-codice-7130D-Maestrini.jpg\",\"contentUrl\":\"https:\/\/technofluid.it\/wp-content\/uploads\/2026\/01\/4221-Raccordo-a-T-F.F.F.-da-12-in-ottone-anticorrosione-CR-codice-7130D-Maestrini.jpg\",\"width\":130,\"height\":130,\"caption\":\"Raccordo a \u201cT\u201d in ottone anticorrosione da 1\/2\\\" per impianti idraulici, codice 7130D, ideale per connessioni sicure e durature.\"},{\"@type\":\"BreadcrumbList\",\"@id\":\"https:\/\/technofluid.it\/prodotto\/raccordo-a-t-f-f-f-da-12-in-ottone-anticorrosione-cr-codice-7130d-maestrini\/#breadcrumb\",\"itemListElement\":[{\"@type\":\"ListItem\",\"position\":1,\"name\":\"Home\",\"item\":\"https:\/\/technofluid.it\/\"},{\"@type\":\"ListItem\",\"position\":2,\"name\":\"Shop\",\"item\":\"https:\/\/technofluid.it\/shop\/\"},{\"@type\":\"ListItem\",\"position\":3,\"name\":\"Raccordo a &ldquo;T&rdquo; F.F.F. da 1\/2&quot; in ottone anticorrosione CR &ndash; codice: 7130D &ndash; Maestrini\"}]},{\"@type\":\"WebSite\",\"@id\":\"https:\/\/technofluid.it\/#website\",\"url\":\"https:\/\/technofluid.it\/\",\"name\":\"Technofluid S.R.L.\",\"description\":\"Dal 1999 siamo specializzati nell&#039;impiantistica navale, idraulica, civile e industriale\",\"publisher\":{\"@id\":\"https:\/\/technofluid.it\/#organization\"},\"potentialAction\":[{\"@type\":\"SearchAction\",\"target\":{\"@type\":\"EntryPoint\",\"urlTemplate\":\"https:\/\/technofluid.it\/?s={search_term_string}\"},\"query-input\":{\"@type\":\"PropertyValueSpecification\",\"valueRequired\":true,\"valueName\":\"search_term_string\"}}],\"inLanguage\":\"fr-FR\"},{\"@type\":\"Organization\",\"@id\":\"https:\/\/technofluid.it\/#organization\",\"name\":\"Technofluid\",\"url\":\"https:\/\/technofluid.it\/\",\"logo\":{\"@type\":\"ImageObject\",\"inLanguage\":\"fr-FR\",\"@id\":\"https:\/\/technofluid.it\/#\/schema\/logo\/image\/\",\"url\":\"https:\/\/technofluid.it\/wp-content\/uploads\/2025\/12\/technofluid_bianco-logo.webp\",\"contentUrl\":\"https:\/\/technofluid.it\/wp-content\/uploads\/2025\/12\/technofluid_bianco-logo.webp\",\"width\":350,\"height\":116,\"caption\":\"Technofluid\"},\"image\":{\"@id\":\"https:\/\/technofluid.it\/#\/schema\/logo\/image\/\"},\"description\":\"La Technofluid S.r.l. nasce nel 1999 a Barcellona Pozzo di Gotto, in provincia di Messina, con l\u2019obiettivo di diventare un punto di riferimento nel settore dell\u2019impiantistica navale, idraulica, civile e industriale.\",\"email\":\"info@technofluid.it\",\"telephone\":\"0907386877\",\"legalName\":\"Technofluid S.R.L\",\"vatID\":\"IT03148240835\",\"taxID\":\"03148240835\",\"ownershipFundingInfo\":\"https:\/\/technofluid.it\/azienda\/\"}]}<\/script>\n<meta property=\"product:price:amount\" content=\"6.20\" \/>\n<meta property=\"product:price:currency\" content=\"EUR\" \/>\n<meta property=\"og:availability\" content=\"instock\" \/>\n<meta property=\"product:availability\" content=\"instock\" \/>\n<meta property=\"product:retailer_item_id\" content=\"MAES000000213\" \/>\n<meta property=\"product:condition\" content=\"new\" \/>\n<!-- \/ Yoast SEO Premium plugin. -->","yoast_head_json":{"title":"Raccord en T F.F.F. de 1\/2\" en laiton anticorrosion","description":"D\u00e9couvrez le raccord en T F.F.F. de 1\/2\" en laiton anticorrosion Maestrini. Qualit\u00e9 et durabilit\u00e9 garanties. Achetez maintenant !","robots":{"index":"index","follow":"follow","max-snippet":"max-snippet:-1","max-image-preview":"max-image-preview:large","max-video-preview":"max-video-preview:-1"},"canonical":"https:\/\/technofluid.it\/fr\/produit\/raccord-en-t-f-f-f-de-12-en-laiton-anticorrosion-cr-code-7130d-maestrini\/","og_locale":"fr_FR","og_type":"article","og_title":"Raccordo a &ldquo;T&rdquo; F.F.F. da 1\/2&quot; in ottone anticorrosione CR &ndash; codice: 7130D &ndash; Maestrini","og_description":"Scopri il raccordo a T F.F.F. da 1\/2\" in ottone anticorrosione Maestrini. Qualit\u00e0 e durata garantite. Acquista ora!","og_url":"https:\/\/technofluid.it\/fr\/produit\/raccord-en-t-f-f-f-de-12-en-laiton-anticorrosion-cr-code-7130d-maestrini\/","og_site_name":"Technofluid","article_modified_time":"2026-01-16T13:57:18+00:00","og_image":[{"width":130,"height":130,"url":"https:\/\/technofluid.it\/wp-content\/uploads\/2026\/01\/4221-Raccordo-a-T-F.F.F.-da-12-in-ottone-anticorrosione-CR-codice-7130D-Maestrini.jpg","type":"image\/png"}],"twitter_card":"summary_large_image","twitter_misc":{"Prix":"6,20&nbsp;&euro; Iva esclusa","Disponibilit\u00e9":"En stock"},"schema":{"@context":"https:\/\/schema.org","@graph":[{"@type":"WebPage","@id":"https:\/\/technofluid.it\/prodotto\/raccordo-a-t-f-f-f-da-12-in-ottone-anticorrosione-cr-codice-7130d-maestrini\/","url":"https:\/\/technofluid.it\/prodotto\/raccordo-a-t-f-f-f-da-12-in-ottone-anticorrosione-cr-codice-7130d-maestrini\/","name":"Raccord en T F.F.F. de 1\/2\" en laiton anticorrosion","isPartOf":{"@id":"https:\/\/technofluid.it\/#website"},"primaryImageOfPage":{"@id":"https:\/\/technofluid.it\/prodotto\/raccordo-a-t-f-f-f-da-12-in-ottone-anticorrosione-cr-codice-7130d-maestrini\/#primaryimage"},"image":{"@id":"https:\/\/technofluid.it\/prodotto\/raccordo-a-t-f-f-f-da-12-in-ottone-anticorrosione-cr-codice-7130d-maestrini\/#primaryimage"},"thumbnailUrl":"https:\/\/technofluid.it\/wp-content\/uploads\/2026\/01\/4221-Raccordo-a-T-F.F.F.-da-12-in-ottone-anticorrosione-CR-codice-7130D-Maestrini.jpg","datePublished":"2025-10-25T00:03:54+00:00","dateModified":"2026-01-16T13:57:18+00:00","description":"D\u00e9couvrez le raccord en T F.F.F. de 1\/2\" en laiton anticorrosion Maestrini. Qualit\u00e9 et durabilit\u00e9 garanties. Achetez maintenant !","breadcrumb":{"@id":"https:\/\/technofluid.it\/prodotto\/raccordo-a-t-f-f-f-da-12-in-ottone-anticorrosione-cr-codice-7130d-maestrini\/#breadcrumb"},"inLanguage":"fr-FR","potentialAction":[{"@type":"ReadAction","target":["https:\/\/technofluid.it\/prodotto\/raccordo-a-t-f-f-f-da-12-in-ottone-anticorrosione-cr-codice-7130d-maestrini\/"]}]},{"@type":"ImageObject","inLanguage":"fr-FR","@id":"https:\/\/technofluid.it\/prodotto\/raccordo-a-t-f-f-f-da-12-in-ottone-anticorrosione-cr-codice-7130d-maestrini\/#primaryimage","url":"https:\/\/technofluid.it\/wp-content\/uploads\/2026\/01\/4221-Raccordo-a-T-F.F.F.-da-12-in-ottone-anticorrosione-CR-codice-7130D-Maestrini.jpg","contentUrl":"https:\/\/technofluid.it\/wp-content\/uploads\/2026\/01\/4221-Raccordo-a-T-F.F.F.-da-12-in-ottone-anticorrosione-CR-codice-7130D-Maestrini.jpg","width":130,"height":130,"caption":"Raccordo a \u201cT\u201d in ottone anticorrosione da 1\/2\" per impianti idraulici, codice 7130D, ideale per connessioni sicure e durature."},{"@type":"BreadcrumbList","@id":"https:\/\/technofluid.it\/prodotto\/raccordo-a-t-f-f-f-da-12-in-ottone-anticorrosione-cr-codice-7130d-maestrini\/#breadcrumb","itemListElement":[{"@type":"ListItem","position":1,"name":"Home","item":"https:\/\/technofluid.it\/"},{"@type":"ListItem","position":2,"name":"Shop","item":"https:\/\/technofluid.it\/shop\/"},{"@type":"ListItem","position":3,"name":"Raccordo a &ldquo;T&rdquo; F.F.F. da 1\/2&quot; in ottone anticorrosione CR &ndash; codice: 7130D &ndash; Maestrini"}]},{"@type":"WebSite","@id":"https:\/\/technofluid.it\/#website","url":"https:\/\/technofluid.it\/","name":"Technofluid S.R.L.","description":"Depuis 1999, nous sommes sp\u00e9cialis\u00e9s dans les installations marines, de plomberie, civiles et industrielles.","publisher":{"@id":"https:\/\/technofluid.it\/#organization"},"potentialAction":[{"@type":"SearchAction","target":{"@type":"EntryPoint","urlTemplate":"https:\/\/technofluid.it\/?s={search_term_string}"},"query-input":{"@type":"PropertyValueSpecification","valueRequired":true,"valueName":"search_term_string"}}],"inLanguage":"fr-FR"},{"@type":"Organization","@id":"https:\/\/technofluid.it\/#organization","name":"Technofluid","url":"https:\/\/technofluid.it\/","logo":{"@type":"ImageObject","inLanguage":"fr-FR","@id":"https:\/\/technofluid.it\/#\/schema\/logo\/image\/","url":"https:\/\/technofluid.it\/wp-content\/uploads\/2025\/12\/technofluid_bianco-logo.webp","contentUrl":"https:\/\/technofluid.it\/wp-content\/uploads\/2025\/12\/technofluid_bianco-logo.webp","width":350,"height":116,"caption":"Technofluid"},"image":{"@id":"https:\/\/technofluid.it\/#\/schema\/logo\/image\/"},"description":"La Technofluid S.r.l. est n\u00e9e en 1999 \u00e0 Barcellona Pozzo di Gotto, dans la province de Messine, avec l'objectif de devenir un point de r\u00e9f\u00e9rence dans le secteur de l'installation navale, hydraulique, civile et industrielle.","email":"info@technofluid.it","telephone":"0907386877","legalName":"Technofluid S.R.L","vatID":"IT03148240835","taxID":"03148240835","ownershipFundingInfo":"https:\/\/technofluid.it\/azienda\/"}]},"product_price_amount":"6.20","product_price_currency":"EUR","og_availability":"instock","product_availability":"instock","product_retailer_item_id":"MAES000000213","product_condition":"new"},"_links":{"self":[{"href":"https:\/\/technofluid.it\/fr\/wp-json\/wp\/v2\/product\/30931","targetHints":{"allow":["GET"]}}],"collection":[{"href":"https:\/\/technofluid.it\/fr\/wp-json\/wp\/v2\/product"}],"about":[{"href":"https:\/\/technofluid.it\/fr\/wp-json\/wp\/v2\/types\/product"}],"replies":[{"embeddable":true,"href":"https:\/\/technofluid.it\/fr\/wp-json\/wp\/v2\/comments?post=30931"}],"version-history":[{"count":0,"href":"https:\/\/technofluid.it\/fr\/wp-json\/wp\/v2\/product\/30931\/revisions"}],"wp:featuredmedia":[{"embeddable":true,"href":"https:\/\/technofluid.it\/fr\/wp-json\/wp\/v2\/media\/41179"}],"wp:attachment":[{"href":"https:\/\/technofluid.it\/fr\/wp-json\/wp\/v2\/media?parent=30931"}],"wp:term":[{"taxonomy":"product_brand","embeddable":true,"href":"https:\/\/technofluid.it\/fr\/wp-json\/wp\/v2\/product_brand?post=30931"},{"taxonomy":"product_cat","embeddable":true,"href":"https:\/\/technofluid.it\/fr\/wp-json\/wp\/v2\/product_cat?post=30931"},{"taxonomy":"product_tag","embeddable":true,"href":"https:\/\/technofluid.it\/fr\/wp-json\/wp\/v2\/product_tag?post=30931"}],"curies":[{"name":"wp","href":"https:\/\/api.w.org\/{rel}","templated":true}]}}