{"id":30910,"date":"2025-10-25T00:03:47","date_gmt":"2025-10-25T00:03:47","guid":{"rendered":"https:\/\/technofluid.it\/prodotto\/pulsante-nero-stagno-in-ottone-codice-14-910-00ne-osculati\/"},"modified":"2026-04-15T10:50:04","modified_gmt":"2026-04-15T09:50:04","slug":"pulsante-nero-stagno-in-ottone-codice-14-910-00ne-osculati","status":"publish","type":"product","link":"https:\/\/technofluid.it\/fr\/produit\/bouton-noir-etain-en-laiton-code-14-910-00ne-osculati-2\/","title":{"rendered":"Bouton poussoir en \u00e9tain noir - Code : 14.910.00NE - Osculati"},"content":{"rendered":"<p>Bouton poussoir en \u00e9tain noir - Code : 14.910.00NE - Osculati<\/p>","protected":false},"excerpt":{"rendered":"<p class=\"MsoNormal\"><b>UM :<\/b>\u00a0PZ<\/p>\n<p class=\"MsoNormal\"><b>Hauteur :<\/b>\u00a04 cm<\/p>\n<p class=\"MsoNormal\"><b>Poids :<\/b>\u00a00,06 kg<\/p>\n<p class=\"MsoNormal\"><b>Largeur :<\/b>\u00a010 cm<\/p>\n<p class=\"MsoNormal\"><b>Volume :<\/b>\u00a0160 cm\u00b3<\/p>\n<p class=\"MsoNormal\"><b>Longueur :<\/b> 4 cm<\/p>","protected":false},"featured_media":41132,"comment_status":"open","ping_status":"closed","template":"","meta":{"_acf_changed":false,"_monsterinsights_skip_tracking":false,"_monsterinsights_sitenote_active":false,"_monsterinsights_sitenote_note":"","_monsterinsights_sitenote_category":0,"site-sidebar-layout":"default","site-content-layout":"","ast-site-content-layout":"default","site-content-style":"default","site-sidebar-style":"default","ast-global-header-display":"","ast-banner-title-visibility":"","ast-main-header-display":"","ast-hfb-above-header-display":"","ast-hfb-below-header-display":"","ast-hfb-mobile-header-display":"","site-post-title":"","ast-breadcrumbs-content":"","ast-featured-img":"","footer-sml-layout":"","ast-disable-related-posts":"","theme-transparent-header-meta":"","adv-header-id-meta":"","stick-header-meta":"","header-above-stick-meta":"","header-main-stick-meta":"","header-below-stick-meta":"","astra-migrate-meta-layouts":"default","ast-page-background-enabled":"default","ast-page-background-meta":{"desktop":{"background-color":"var(--ast-global-color-5)","background-image":"","background-repeat":"repeat","background-position":"center center","background-size":"auto","background-attachment":"scroll","background-type":"","background-media":"","overlay-type":"","overlay-color":"","overlay-opacity":"","overlay-gradient":""},"tablet":{"background-color":"","background-image":"","background-repeat":"repeat","background-position":"center center","background-size":"auto","background-attachment":"scroll","background-type":"","background-media":"","overlay-type":"","overlay-color":"","overlay-opacity":"","overlay-gradient":""},"mobile":{"background-color":"","background-image":"","background-repeat":"repeat","background-position":"center center","background-size":"auto","background-attachment":"scroll","background-type":"","background-media":"","overlay-type":"","overlay-color":"","overlay-opacity":"","overlay-gradient":""}},"ast-content-background-meta":{"desktop":{"background-color":"var(--ast-global-color-4)","background-image":"","background-repeat":"repeat","background-position":"center center","background-size":"auto","background-attachment":"scroll","background-type":"","background-media":"","overlay-type":"","overlay-color":"","overlay-opacity":"","overlay-gradient":""},"tablet":{"background-color":"var(--ast-global-color-4)","background-image":"","background-repeat":"repeat","background-position":"center center","background-size":"auto","background-attachment":"scroll","background-type":"","background-media":"","overlay-type":"","overlay-color":"","overlay-opacity":"","overlay-gradient":""},"mobile":{"background-color":"var(--ast-global-color-4)","background-image":"","background-repeat":"repeat","background-position":"center center","background-size":"auto","background-attachment":"scroll","background-type":"","background-media":"","overlay-type":"","overlay-color":"","overlay-opacity":"","overlay-gradient":""}}},"product_brand":[],"product_cat":[74,106],"product_tag":[7177,7178,4157,3053,7179,7180,5711],"class_list":{"0":"post-30910","1":"product","2":"type-product","3":"status-publish","4":"has-post-thumbnail","6":"product_cat-elettricita-strumentazione","7":"product_cat-spine-e-prese","8":"product_tag-14-910-00ne","9":"product_tag-in-ottone","10":"product_tag-nero","11":"product_tag-osculati","12":"product_tag-pulsante","13":"product_tag-pulsante-nero-stagno-in-ottone","14":"product_tag-stagno","15":"pa_supplier-osculati-s-r-l","16":"desktop-align-left","17":"tablet-align-left","18":"mobile-align-left","20":"first","21":"instock","22":"taxable","23":"shipping-taxable","24":"purchasable","25":"product-type-simple"},"acf":[],"yoast_head":"<!-- This site is optimized with the Yoast SEO Premium plugin v26.7 (Yoast SEO v26.9) - https:\/\/yoast.com\/product\/yoast-seo-premium-wordpress\/ -->\n<title>Pulsante Nero Stagno in Ottone - Alta Qualit\u00e0 e Resistenza<\/title>\n<meta name=\"description\" content=\"Scopri il pulsante nero stagno in ottone con protezione in gomma, ideale per carico 30A a 12V. Acquista ora per massima durata e affidabilit\u00e0.\" \/>\n<meta name=\"robots\" content=\"index, follow, max-snippet:-1, max-image-preview:large, max-video-preview:-1\" \/>\n<link rel=\"canonical\" href=\"https:\/\/technofluid.it\/fr\/produit\/bouton-noir-etain-en-laiton-code-14-910-00ne-osculati-2\/\" \/>\n<meta property=\"og:locale\" content=\"fr_FR\" \/>\n<meta property=\"og:type\" content=\"article\" \/>\n<meta property=\"og:title\" content=\"Pulsante nero stagno in ottone &ndash; codice: 14.910.00NE &ndash; Osculati\" \/>\n<meta property=\"og:description\" content=\"Scopri il pulsante nero stagno in ottone con protezione in gomma, ideale per carico 30A a 12V. Acquista ora per massima durata e affidabilit\u00e0.\" \/>\n<meta property=\"og:url\" content=\"https:\/\/technofluid.it\/fr\/produit\/bouton-noir-etain-en-laiton-code-14-910-00ne-osculati-2\/\" \/>\n<meta property=\"og:site_name\" content=\"Technofluid\" \/>\n<meta property=\"article:modified_time\" content=\"2026-04-15T09:50:04+00:00\" \/>\n<meta property=\"og:image\" content=\"https:\/\/technofluid.it\/wp-content\/uploads\/2026\/01\/2155-PULSANTE-NERO-STAGNO-IN-OTTONE-CODICE-14.910.00NE-OSCULATI.jpg\" \/>\n\t<meta property=\"og:image:width\" content=\"90\" \/>\n\t<meta property=\"og:image:height\" content=\"90\" \/>\n\t<meta property=\"og:image:type\" content=\"image\/jpeg\" \/>\n<meta name=\"twitter:card\" content=\"summary_large_image\" \/>\n<meta name=\"twitter:label1\" content=\"Prix\" \/>\n\t<meta name=\"twitter:data1\" content=\"9,84&nbsp;&euro; Iva esclusa\" \/>\n\t<meta name=\"twitter:label2\" content=\"Disponibilit\u00e9\" \/>\n\t<meta name=\"twitter:data2\" content=\"En stock\" \/>\n<script type=\"application\/ld+json\" class=\"yoast-schema-graph\">{\"@context\":\"https:\/\/schema.org\",\"@graph\":[{\"@type\":\"WebPage\",\"@id\":\"https:\/\/technofluid.it\/prodotto\/pulsante-nero-stagno-in-ottone-codice-14-910-00ne-osculati\/\",\"url\":\"https:\/\/technofluid.it\/prodotto\/pulsante-nero-stagno-in-ottone-codice-14-910-00ne-osculati\/\",\"name\":\"Pulsante Nero Stagno in Ottone - Alta Qualit\u00e0 e Resistenza\",\"isPartOf\":{\"@id\":\"https:\/\/technofluid.it\/#website\"},\"primaryImageOfPage\":{\"@id\":\"https:\/\/technofluid.it\/prodotto\/pulsante-nero-stagno-in-ottone-codice-14-910-00ne-osculati\/#primaryimage\"},\"image\":{\"@id\":\"https:\/\/technofluid.it\/prodotto\/pulsante-nero-stagno-in-ottone-codice-14-910-00ne-osculati\/#primaryimage\"},\"thumbnailUrl\":\"https:\/\/technofluid.it\/wp-content\/uploads\/2026\/01\/2155-PULSANTE-NERO-STAGNO-IN-OTTONE-CODICE-14.910.00NE-OSCULATI.jpg\",\"datePublished\":\"2025-10-25T00:03:47+00:00\",\"dateModified\":\"2026-04-15T09:50:04+00:00\",\"description\":\"Scopri il pulsante nero stagno in ottone con protezione in gomma, ideale per carico 30A a 12V. Acquista ora per massima durata e affidabilit\u00e0.\",\"breadcrumb\":{\"@id\":\"https:\/\/technofluid.it\/prodotto\/pulsante-nero-stagno-in-ottone-codice-14-910-00ne-osculati\/#breadcrumb\"},\"inLanguage\":\"fr-FR\",\"potentialAction\":[{\"@type\":\"ReadAction\",\"target\":[\"https:\/\/technofluid.it\/prodotto\/pulsante-nero-stagno-in-ottone-codice-14-910-00ne-osculati\/\"]}]},{\"@type\":\"ImageObject\",\"inLanguage\":\"fr-FR\",\"@id\":\"https:\/\/technofluid.it\/prodotto\/pulsante-nero-stagno-in-ottone-codice-14-910-00ne-osculati\/#primaryimage\",\"url\":\"https:\/\/technofluid.it\/wp-content\/uploads\/2026\/01\/2155-PULSANTE-NERO-STAGNO-IN-OTTONE-CODICE-14.910.00NE-OSCULATI.jpg\",\"contentUrl\":\"https:\/\/technofluid.it\/wp-content\/uploads\/2026\/01\/2155-PULSANTE-NERO-STAGNO-IN-OTTONE-CODICE-14.910.00NE-OSCULATI.jpg\",\"width\":90,\"height\":90,\"caption\":\"Pulsante nero stagno in ottone, ideale per applicazioni marine, con design resistente e duraturo.\"},{\"@type\":\"BreadcrumbList\",\"@id\":\"https:\/\/technofluid.it\/prodotto\/pulsante-nero-stagno-in-ottone-codice-14-910-00ne-osculati\/#breadcrumb\",\"itemListElement\":[{\"@type\":\"ListItem\",\"position\":1,\"name\":\"Home\",\"item\":\"https:\/\/technofluid.it\/\"},{\"@type\":\"ListItem\",\"position\":2,\"name\":\"Shop\",\"item\":\"https:\/\/technofluid.it\/shop\/\"},{\"@type\":\"ListItem\",\"position\":3,\"name\":\"Pulsante nero stagno in ottone &ndash; codice: 14.910.00NE &ndash; Osculati\"}]},{\"@type\":\"WebSite\",\"@id\":\"https:\/\/technofluid.it\/#website\",\"url\":\"https:\/\/technofluid.it\/\",\"name\":\"Technofluid S.R.L.\",\"description\":\"Dal 1999 siamo specializzati nell&#039;impiantistica navale, idraulica, civile e industriale\",\"publisher\":{\"@id\":\"https:\/\/technofluid.it\/#organization\"},\"potentialAction\":[{\"@type\":\"SearchAction\",\"target\":{\"@type\":\"EntryPoint\",\"urlTemplate\":\"https:\/\/technofluid.it\/?s={search_term_string}\"},\"query-input\":{\"@type\":\"PropertyValueSpecification\",\"valueRequired\":true,\"valueName\":\"search_term_string\"}}],\"inLanguage\":\"fr-FR\"},{\"@type\":\"Organization\",\"@id\":\"https:\/\/technofluid.it\/#organization\",\"name\":\"Technofluid\",\"url\":\"https:\/\/technofluid.it\/\",\"logo\":{\"@type\":\"ImageObject\",\"inLanguage\":\"fr-FR\",\"@id\":\"https:\/\/technofluid.it\/#\/schema\/logo\/image\/\",\"url\":\"https:\/\/technofluid.it\/wp-content\/uploads\/2025\/12\/technofluid_bianco-logo.webp\",\"contentUrl\":\"https:\/\/technofluid.it\/wp-content\/uploads\/2025\/12\/technofluid_bianco-logo.webp\",\"width\":350,\"height\":116,\"caption\":\"Technofluid\"},\"image\":{\"@id\":\"https:\/\/technofluid.it\/#\/schema\/logo\/image\/\"},\"description\":\"La Technofluid S.r.l. nasce nel 1999 a Barcellona Pozzo di Gotto, in provincia di Messina, con l\u2019obiettivo di diventare un punto di riferimento nel settore dell\u2019impiantistica navale, idraulica, civile e industriale.\",\"email\":\"info@technofluid.it\",\"telephone\":\"0907386877\",\"legalName\":\"Technofluid S.R.L\",\"vatID\":\"IT03148240835\",\"taxID\":\"03148240835\",\"ownershipFundingInfo\":\"https:\/\/technofluid.it\/azienda\/\"}]}<\/script>\n<meta property=\"product:price:amount\" content=\"9.84\" \/>\n<meta property=\"product:price:currency\" content=\"EUR\" \/>\n<meta property=\"og:availability\" content=\"instock\" \/>\n<meta property=\"product:availability\" content=\"instock\" \/>\n<meta property=\"product:retailer_item_id\" content=\"OSCU00000297\" \/>\n<meta property=\"product:condition\" content=\"new\" \/>\n<!-- \/ Yoast SEO Premium plugin. -->","yoast_head_json":{"title":"Bouton Noir \u00c9tain en Laiton - Haute Qualit\u00e9 et R\u00e9sistance","description":"D\u00e9couvrez le bouton noir en laiton \u00e9tam\u00e9 avec protection en caoutchouc, id\u00e9al pour une charge de 30A \u00e0 12V. Achetez maintenant pour une durabilit\u00e9 et une fiabilit\u00e9 maximales.","robots":{"index":"index","follow":"follow","max-snippet":"max-snippet:-1","max-image-preview":"max-image-preview:large","max-video-preview":"max-video-preview:-1"},"canonical":"https:\/\/technofluid.it\/fr\/produit\/bouton-noir-etain-en-laiton-code-14-910-00ne-osculati-2\/","og_locale":"fr_FR","og_type":"article","og_title":"Pulsante nero stagno in ottone &ndash; codice: 14.910.00NE &ndash; Osculati","og_description":"Scopri il pulsante nero stagno in ottone con protezione in gomma, ideale per carico 30A a 12V. Acquista ora per massima durata e affidabilit\u00e0.","og_url":"https:\/\/technofluid.it\/fr\/produit\/bouton-noir-etain-en-laiton-code-14-910-00ne-osculati-2\/","og_site_name":"Technofluid","article_modified_time":"2026-04-15T09:50:04+00:00","og_image":[{"width":90,"height":90,"url":"https:\/\/technofluid.it\/wp-content\/uploads\/2026\/01\/2155-PULSANTE-NERO-STAGNO-IN-OTTONE-CODICE-14.910.00NE-OSCULATI.jpg","type":"image\/jpeg"}],"twitter_card":"summary_large_image","twitter_misc":{"Prix":"9,84&nbsp;&euro; Iva esclusa","Disponibilit\u00e9":"En stock"},"schema":{"@context":"https:\/\/schema.org","@graph":[{"@type":"WebPage","@id":"https:\/\/technofluid.it\/prodotto\/pulsante-nero-stagno-in-ottone-codice-14-910-00ne-osculati\/","url":"https:\/\/technofluid.it\/prodotto\/pulsante-nero-stagno-in-ottone-codice-14-910-00ne-osculati\/","name":"Bouton Noir \u00c9tain en Laiton - Haute Qualit\u00e9 et R\u00e9sistance","isPartOf":{"@id":"https:\/\/technofluid.it\/#website"},"primaryImageOfPage":{"@id":"https:\/\/technofluid.it\/prodotto\/pulsante-nero-stagno-in-ottone-codice-14-910-00ne-osculati\/#primaryimage"},"image":{"@id":"https:\/\/technofluid.it\/prodotto\/pulsante-nero-stagno-in-ottone-codice-14-910-00ne-osculati\/#primaryimage"},"thumbnailUrl":"https:\/\/technofluid.it\/wp-content\/uploads\/2026\/01\/2155-PULSANTE-NERO-STAGNO-IN-OTTONE-CODICE-14.910.00NE-OSCULATI.jpg","datePublished":"2025-10-25T00:03:47+00:00","dateModified":"2026-04-15T09:50:04+00:00","description":"D\u00e9couvrez le bouton noir en laiton \u00e9tam\u00e9 avec protection en caoutchouc, id\u00e9al pour une charge de 30A \u00e0 12V. Achetez maintenant pour une durabilit\u00e9 et une fiabilit\u00e9 maximales.","breadcrumb":{"@id":"https:\/\/technofluid.it\/prodotto\/pulsante-nero-stagno-in-ottone-codice-14-910-00ne-osculati\/#breadcrumb"},"inLanguage":"fr-FR","potentialAction":[{"@type":"ReadAction","target":["https:\/\/technofluid.it\/prodotto\/pulsante-nero-stagno-in-ottone-codice-14-910-00ne-osculati\/"]}]},{"@type":"ImageObject","inLanguage":"fr-FR","@id":"https:\/\/technofluid.it\/prodotto\/pulsante-nero-stagno-in-ottone-codice-14-910-00ne-osculati\/#primaryimage","url":"https:\/\/technofluid.it\/wp-content\/uploads\/2026\/01\/2155-PULSANTE-NERO-STAGNO-IN-OTTONE-CODICE-14.910.00NE-OSCULATI.jpg","contentUrl":"https:\/\/technofluid.it\/wp-content\/uploads\/2026\/01\/2155-PULSANTE-NERO-STAGNO-IN-OTTONE-CODICE-14.910.00NE-OSCULATI.jpg","width":90,"height":90,"caption":"Pulsante nero stagno in ottone, ideale per applicazioni marine, con design resistente e duraturo."},{"@type":"BreadcrumbList","@id":"https:\/\/technofluid.it\/prodotto\/pulsante-nero-stagno-in-ottone-codice-14-910-00ne-osculati\/#breadcrumb","itemListElement":[{"@type":"ListItem","position":1,"name":"Home","item":"https:\/\/technofluid.it\/"},{"@type":"ListItem","position":2,"name":"Shop","item":"https:\/\/technofluid.it\/shop\/"},{"@type":"ListItem","position":3,"name":"Pulsante nero stagno in ottone &ndash; codice: 14.910.00NE &ndash; Osculati"}]},{"@type":"WebSite","@id":"https:\/\/technofluid.it\/#website","url":"https:\/\/technofluid.it\/","name":"Technofluid S.R.L.","description":"Depuis 1999, nous sommes sp\u00e9cialis\u00e9s dans les installations marines, de plomberie, civiles et industrielles.","publisher":{"@id":"https:\/\/technofluid.it\/#organization"},"potentialAction":[{"@type":"SearchAction","target":{"@type":"EntryPoint","urlTemplate":"https:\/\/technofluid.it\/?s={search_term_string}"},"query-input":{"@type":"PropertyValueSpecification","valueRequired":true,"valueName":"search_term_string"}}],"inLanguage":"fr-FR"},{"@type":"Organization","@id":"https:\/\/technofluid.it\/#organization","name":"Technofluid","url":"https:\/\/technofluid.it\/","logo":{"@type":"ImageObject","inLanguage":"fr-FR","@id":"https:\/\/technofluid.it\/#\/schema\/logo\/image\/","url":"https:\/\/technofluid.it\/wp-content\/uploads\/2025\/12\/technofluid_bianco-logo.webp","contentUrl":"https:\/\/technofluid.it\/wp-content\/uploads\/2025\/12\/technofluid_bianco-logo.webp","width":350,"height":116,"caption":"Technofluid"},"image":{"@id":"https:\/\/technofluid.it\/#\/schema\/logo\/image\/"},"description":"La Technofluid S.r.l. est n\u00e9e en 1999 \u00e0 Barcellona Pozzo di Gotto, dans la province de Messine, avec l'objectif de devenir un point de r\u00e9f\u00e9rence dans le secteur de l'installation navale, hydraulique, civile et industrielle.","email":"info@technofluid.it","telephone":"0907386877","legalName":"Technofluid S.R.L","vatID":"IT03148240835","taxID":"03148240835","ownershipFundingInfo":"https:\/\/technofluid.it\/azienda\/"}]},"product_price_amount":"9.84","product_price_currency":"EUR","og_availability":"instock","product_availability":"instock","product_retailer_item_id":"OSCU00000297","product_condition":"new"},"_links":{"self":[{"href":"https:\/\/technofluid.it\/fr\/wp-json\/wp\/v2\/product\/30910","targetHints":{"allow":["GET"]}}],"collection":[{"href":"https:\/\/technofluid.it\/fr\/wp-json\/wp\/v2\/product"}],"about":[{"href":"https:\/\/technofluid.it\/fr\/wp-json\/wp\/v2\/types\/product"}],"replies":[{"embeddable":true,"href":"https:\/\/technofluid.it\/fr\/wp-json\/wp\/v2\/comments?post=30910"}],"version-history":[{"count":0,"href":"https:\/\/technofluid.it\/fr\/wp-json\/wp\/v2\/product\/30910\/revisions"}],"wp:featuredmedia":[{"embeddable":true,"href":"https:\/\/technofluid.it\/fr\/wp-json\/wp\/v2\/media\/41132"}],"wp:attachment":[{"href":"https:\/\/technofluid.it\/fr\/wp-json\/wp\/v2\/media?parent=30910"}],"wp:term":[{"taxonomy":"product_brand","embeddable":true,"href":"https:\/\/technofluid.it\/fr\/wp-json\/wp\/v2\/product_brand?post=30910"},{"taxonomy":"product_cat","embeddable":true,"href":"https:\/\/technofluid.it\/fr\/wp-json\/wp\/v2\/product_cat?post=30910"},{"taxonomy":"product_tag","embeddable":true,"href":"https:\/\/technofluid.it\/fr\/wp-json\/wp\/v2\/product_tag?post=30910"}],"curies":[{"name":"wp","href":"https:\/\/api.w.org\/{rel}","templated":true}]}}