{"id":30861,"date":"2025-10-25T00:03:41","date_gmt":"2025-10-25T00:03:41","guid":{"rendered":"https:\/\/technofluid.it\/prodotto\/portina-evaporatore-per-frigo-cr42-49-cr65-cr85-cr130-c-elegance-codice-sgc00294aa-isotherm\/"},"modified":"2026-04-15T11:01:37","modified_gmt":"2026-04-15T10:01:37","slug":"portina-evaporatore-per-frigo-cr4249cr65cr85cr130-c-elegance-codice-sgc00294aa-isotherm","status":"publish","type":"product","link":"https:\/\/technofluid.it\/fr\/produit\/porte-evaporateur-pour-refrigerateur-cr4249cr65cr85cr130-c-elegance-code-sgc00294aa-isotherm\/","title":{"rendered":"Porte \u00e9vaporateur pour r\u00e9frig\u00e9rateur : CR42\/49\/CR65\/CR85\/CR130 C. &amp; \u00e9l\u00e9gance - code : SGC00294AA - Isotherm"},"content":{"rendered":"<p>PORTE \u00c9VAPORATEUR POUR R\u00c9FRIG\u00c9RATEUR :<\/p>\n<p>\n<b>CR42\/49\/CR65\/CR85\/CR130 C.&amp; ELEGANCE TOUCH<\/b>\n<\/p>\n<p>COD.SGC00294AA<\/p>\n<p>DIMENSIONS : 21,5 X 12<\/p>","protected":false},"excerpt":{"rendered":"<p>PORTE D'\u00c9VAPORATEUR POUR R\u00c9FRIG\u00c9RATEUR<\/p>","protected":false},"featured_media":41005,"comment_status":"open","ping_status":"closed","template":"","meta":{"_acf_changed":false,"_monsterinsights_skip_tracking":false,"_monsterinsights_sitenote_active":false,"_monsterinsights_sitenote_note":"","_monsterinsights_sitenote_category":0,"site-sidebar-layout":"default","site-content-layout":"","ast-site-content-layout":"default","site-content-style":"default","site-sidebar-style":"default","ast-global-header-display":"","ast-banner-title-visibility":"","ast-main-header-display":"","ast-hfb-above-header-display":"","ast-hfb-below-header-display":"","ast-hfb-mobile-header-display":"","site-post-title":"","ast-breadcrumbs-content":"","ast-featured-img":"","footer-sml-layout":"","ast-disable-related-posts":"","theme-transparent-header-meta":"","adv-header-id-meta":"","stick-header-meta":"","header-above-stick-meta":"","header-main-stick-meta":"","header-below-stick-meta":"","astra-migrate-meta-layouts":"default","ast-page-background-enabled":"default","ast-page-background-meta":{"desktop":{"background-color":"var(--ast-global-color-5)","background-image":"","background-repeat":"repeat","background-position":"center center","background-size":"auto","background-attachment":"scroll","background-type":"","background-media":"","overlay-type":"","overlay-color":"","overlay-opacity":"","overlay-gradient":""},"tablet":{"background-color":"","background-image":"","background-repeat":"repeat","background-position":"center center","background-size":"auto","background-attachment":"scroll","background-type":"","background-media":"","overlay-type":"","overlay-color":"","overlay-opacity":"","overlay-gradient":""},"mobile":{"background-color":"","background-image":"","background-repeat":"repeat","background-position":"center center","background-size":"auto","background-attachment":"scroll","background-type":"","background-media":"","overlay-type":"","overlay-color":"","overlay-opacity":"","overlay-gradient":""}},"ast-content-background-meta":{"desktop":{"background-color":"var(--ast-global-color-4)","background-image":"","background-repeat":"repeat","background-position":"center center","background-size":"auto","background-attachment":"scroll","background-type":"","background-media":"","overlay-type":"","overlay-color":"","overlay-opacity":"","overlay-gradient":""},"tablet":{"background-color":"var(--ast-global-color-4)","background-image":"","background-repeat":"repeat","background-position":"center center","background-size":"auto","background-attachment":"scroll","background-type":"","background-media":"","overlay-type":"","overlay-color":"","overlay-opacity":"","overlay-gradient":""},"mobile":{"background-color":"var(--ast-global-color-4)","background-image":"","background-repeat":"repeat","background-position":"center center","background-size":"auto","background-attachment":"scroll","background-type":"","background-media":"","overlay-type":"","overlay-color":"","overlay-opacity":"","overlay-gradient":""}}},"product_brand":[],"product_cat":[133,2109],"product_tag":[4843,7074],"class_list":{"0":"post-30861","1":"product","2":"type-product","3":"status-publish","4":"has-post-thumbnail","6":"product_cat-ricambistica","7":"product_cat-indel-webasto-portina-evaporatore","8":"product_tag-evaporatore","9":"product_tag-portina","10":"pa_supplier-bcool-engineering-srl","11":"desktop-align-left","12":"tablet-align-left","13":"mobile-align-left","15":"first","16":"instock","17":"taxable","18":"shipping-taxable","19":"purchasable","20":"product-type-simple"},"acf":[],"yoast_head":"<!-- This site is optimized with the Yoast SEO Premium plugin v26.7 (Yoast SEO v26.9) - https:\/\/yoast.com\/product\/yoast-seo-premium-wordpress\/ -->\n<title>Portina evaporatore frigo CR42\/49\/CR65\/CR85\/CR130 - Isotherm<\/title>\n<meta name=\"description\" content=\"Scopri la portina evaporatore frigo CR42\/49\/CR65\/CR85\/CR130 Isotherm, codice SGC00294AA. Misure precise e qualit\u00e0 garantita. Acquista ora!\" \/>\n<meta name=\"robots\" content=\"index, follow, max-snippet:-1, max-image-preview:large, max-video-preview:-1\" \/>\n<link rel=\"canonical\" href=\"https:\/\/technofluid.it\/fr\/produit\/porte-evaporateur-pour-refrigerateur-cr4249cr65cr85cr130-c-elegance-code-sgc00294aa-isotherm\/\" \/>\n<meta property=\"og:locale\" content=\"fr_FR\" \/>\n<meta property=\"og:type\" content=\"article\" \/>\n<meta property=\"og:title\" content=\"Portina evaporatore per frigo: CR42\/49\/CR65\/CR85\/CR130 C. &amp; elegance - codice: SGC00294AA - Isotherm\" \/>\n<meta property=\"og:description\" content=\"Scopri la portina evaporatore frigo CR42\/49\/CR65\/CR85\/CR130 Isotherm, codice SGC00294AA. Misure precise e qualit\u00e0 garantita. Acquista ora!\" \/>\n<meta property=\"og:url\" content=\"https:\/\/technofluid.it\/fr\/produit\/porte-evaporateur-pour-refrigerateur-cr4249cr65cr85cr130-c-elegance-code-sgc00294aa-isotherm\/\" \/>\n<meta property=\"og:site_name\" content=\"Technofluid\" \/>\n<meta property=\"article:modified_time\" content=\"2026-04-15T10:01:37+00:00\" \/>\n<meta property=\"og:image\" content=\"https:\/\/technofluid.it\/wp-content\/uploads\/2026\/01\/270-Portina-evaporatore-per-frigo-CR4249CR65CR85CR130-C.-elegance-codice-SGC00294AA-Isotherm.jpg\" \/>\n\t<meta property=\"og:image:width\" content=\"800\" \/>\n\t<meta property=\"og:image:height\" content=\"800\" \/>\n\t<meta property=\"og:image:type\" content=\"image\/jpeg\" \/>\n<meta name=\"twitter:card\" content=\"summary_large_image\" \/>\n<meta name=\"twitter:label1\" content=\"Prix\" \/>\n\t<meta name=\"twitter:data1\" content=\"30,00&nbsp;&euro; Iva esclusa\" \/>\n\t<meta name=\"twitter:label2\" content=\"Disponibilit\u00e9\" \/>\n\t<meta name=\"twitter:data2\" content=\"En stock\" \/>\n<script type=\"application\/ld+json\" class=\"yoast-schema-graph\">{\"@context\":\"https:\/\/schema.org\",\"@graph\":[{\"@type\":\"WebPage\",\"@id\":\"https:\/\/technofluid.it\/prodotto\/portina-evaporatore-per-frigo-cr4249cr65cr85cr130-c-elegance-codice-sgc00294aa-isotherm\/\",\"url\":\"https:\/\/technofluid.it\/prodotto\/portina-evaporatore-per-frigo-cr4249cr65cr85cr130-c-elegance-codice-sgc00294aa-isotherm\/\",\"name\":\"Portina evaporatore frigo CR42\/49\/CR65\/CR85\/CR130 - Isotherm\",\"isPartOf\":{\"@id\":\"https:\/\/technofluid.it\/#website\"},\"primaryImageOfPage\":{\"@id\":\"https:\/\/technofluid.it\/prodotto\/portina-evaporatore-per-frigo-cr4249cr65cr85cr130-c-elegance-codice-sgc00294aa-isotherm\/#primaryimage\"},\"image\":{\"@id\":\"https:\/\/technofluid.it\/prodotto\/portina-evaporatore-per-frigo-cr4249cr65cr85cr130-c-elegance-codice-sgc00294aa-isotherm\/#primaryimage\"},\"thumbnailUrl\":\"https:\/\/technofluid.it\/wp-content\/uploads\/2026\/01\/270-Portina-evaporatore-per-frigo-CR4249CR65CR85CR130-C.-elegance-codice-SGC00294AA-Isotherm.jpg\",\"datePublished\":\"2025-10-25T00:03:41+00:00\",\"dateModified\":\"2026-04-15T10:01:37+00:00\",\"description\":\"Scopri la portina evaporatore frigo CR42\/49\/CR65\/CR85\/CR130 Isotherm, codice SGC00294AA. Misure precise e qualit\u00e0 garantita. Acquista ora!\",\"breadcrumb\":{\"@id\":\"https:\/\/technofluid.it\/prodotto\/portina-evaporatore-per-frigo-cr4249cr65cr85cr130-c-elegance-codice-sgc00294aa-isotherm\/#breadcrumb\"},\"inLanguage\":\"fr-FR\",\"potentialAction\":[{\"@type\":\"ReadAction\",\"target\":[\"https:\/\/technofluid.it\/prodotto\/portina-evaporatore-per-frigo-cr4249cr65cr85cr130-c-elegance-codice-sgc00294aa-isotherm\/\"]}]},{\"@type\":\"ImageObject\",\"inLanguage\":\"fr-FR\",\"@id\":\"https:\/\/technofluid.it\/prodotto\/portina-evaporatore-per-frigo-cr4249cr65cr85cr130-c-elegance-codice-sgc00294aa-isotherm\/#primaryimage\",\"url\":\"https:\/\/technofluid.it\/wp-content\/uploads\/2026\/01\/270-Portina-evaporatore-per-frigo-CR4249CR65CR85CR130-C.-elegance-codice-SGC00294AA-Isotherm.jpg\",\"contentUrl\":\"https:\/\/technofluid.it\/wp-content\/uploads\/2026\/01\/270-Portina-evaporatore-per-frigo-CR4249CR65CR85CR130-C.-elegance-codice-SGC00294AA-Isotherm.jpg\",\"width\":800,\"height\":800,\"caption\":\"Portina evaporatore per frigorifero, modello CR42\/49\/CR65\/CR85\/CR130, codice SGC00294AA, ideale per sostituzioni e riparazioni.\"},{\"@type\":\"BreadcrumbList\",\"@id\":\"https:\/\/technofluid.it\/prodotto\/portina-evaporatore-per-frigo-cr4249cr65cr85cr130-c-elegance-codice-sgc00294aa-isotherm\/#breadcrumb\",\"itemListElement\":[{\"@type\":\"ListItem\",\"position\":1,\"name\":\"Home\",\"item\":\"https:\/\/technofluid.it\/\"},{\"@type\":\"ListItem\",\"position\":2,\"name\":\"Shop\",\"item\":\"https:\/\/technofluid.it\/shop\/\"},{\"@type\":\"ListItem\",\"position\":3,\"name\":\"Portina evaporatore per frigo: CR42\/49\/CR65\/CR85\/CR130 C. &amp; elegance &#8211; codice: SGC00294AA &#8211; Isotherm\"}]},{\"@type\":\"WebSite\",\"@id\":\"https:\/\/technofluid.it\/#website\",\"url\":\"https:\/\/technofluid.it\/\",\"name\":\"Technofluid S.R.L.\",\"description\":\"Dal 1999 siamo specializzati nell&#039;impiantistica navale, idraulica, civile e industriale\",\"publisher\":{\"@id\":\"https:\/\/technofluid.it\/#organization\"},\"potentialAction\":[{\"@type\":\"SearchAction\",\"target\":{\"@type\":\"EntryPoint\",\"urlTemplate\":\"https:\/\/technofluid.it\/?s={search_term_string}\"},\"query-input\":{\"@type\":\"PropertyValueSpecification\",\"valueRequired\":true,\"valueName\":\"search_term_string\"}}],\"inLanguage\":\"fr-FR\"},{\"@type\":\"Organization\",\"@id\":\"https:\/\/technofluid.it\/#organization\",\"name\":\"Technofluid\",\"url\":\"https:\/\/technofluid.it\/\",\"logo\":{\"@type\":\"ImageObject\",\"inLanguage\":\"fr-FR\",\"@id\":\"https:\/\/technofluid.it\/#\/schema\/logo\/image\/\",\"url\":\"https:\/\/technofluid.it\/wp-content\/uploads\/2025\/12\/technofluid_bianco-logo.webp\",\"contentUrl\":\"https:\/\/technofluid.it\/wp-content\/uploads\/2025\/12\/technofluid_bianco-logo.webp\",\"width\":350,\"height\":116,\"caption\":\"Technofluid\"},\"image\":{\"@id\":\"https:\/\/technofluid.it\/#\/schema\/logo\/image\/\"},\"description\":\"La Technofluid S.r.l. nasce nel 1999 a Barcellona Pozzo di Gotto, in provincia di Messina, con l\u2019obiettivo di diventare un punto di riferimento nel settore dell\u2019impiantistica navale, idraulica, civile e industriale.\",\"email\":\"info@technofluid.it\",\"telephone\":\"0907386877\",\"legalName\":\"Technofluid S.R.L\",\"vatID\":\"IT03148240835\",\"taxID\":\"03148240835\",\"ownershipFundingInfo\":\"https:\/\/technofluid.it\/azienda\/\"}]}<\/script>\n<meta property=\"product:price:amount\" content=\"30.00\" \/>\n<meta property=\"product:price:currency\" content=\"EUR\" \/>\n<meta property=\"og:availability\" content=\"instock\" \/>\n<meta property=\"product:availability\" content=\"instock\" \/>\n<meta property=\"product:retailer_item_id\" content=\"IND0000000004\" \/>\n<meta property=\"product:condition\" content=\"new\" \/>\n<!-- \/ Yoast SEO Premium plugin. -->","yoast_head_json":{"title":"Porte \u00e9vaporateur r\u00e9frig\u00e9rateur CR42\/49\/CR65\/CR85\/CR130 - Isotherm","description":"D\u00e9couvrez la porte d'\u00e9vaporateur r\u00e9frig\u00e9rateur CR42\/49\/CR65\/CR85\/CR130 Isotherm, code SGC00294AA. Dimensions pr\u00e9cises et qualit\u00e9 garantie. Achetez maintenant !","robots":{"index":"index","follow":"follow","max-snippet":"max-snippet:-1","max-image-preview":"max-image-preview:large","max-video-preview":"max-video-preview:-1"},"canonical":"https:\/\/technofluid.it\/fr\/produit\/porte-evaporateur-pour-refrigerateur-cr4249cr65cr85cr130-c-elegance-code-sgc00294aa-isotherm\/","og_locale":"fr_FR","og_type":"article","og_title":"Portina evaporatore per frigo: CR42\/49\/CR65\/CR85\/CR130 C. &amp; elegance - codice: SGC00294AA - Isotherm","og_description":"Scopri la portina evaporatore frigo CR42\/49\/CR65\/CR85\/CR130 Isotherm, codice SGC00294AA. Misure precise e qualit\u00e0 garantita. Acquista ora!","og_url":"https:\/\/technofluid.it\/fr\/produit\/porte-evaporateur-pour-refrigerateur-cr4249cr65cr85cr130-c-elegance-code-sgc00294aa-isotherm\/","og_site_name":"Technofluid","article_modified_time":"2026-04-15T10:01:37+00:00","og_image":[{"width":800,"height":800,"url":"https:\/\/technofluid.it\/wp-content\/uploads\/2026\/01\/270-Portina-evaporatore-per-frigo-CR4249CR65CR85CR130-C.-elegance-codice-SGC00294AA-Isotherm.jpg","type":"image\/jpeg"}],"twitter_card":"summary_large_image","twitter_misc":{"Prix":"30,00&nbsp;&euro; Iva esclusa","Disponibilit\u00e9":"En stock"},"schema":{"@context":"https:\/\/schema.org","@graph":[{"@type":"WebPage","@id":"https:\/\/technofluid.it\/prodotto\/portina-evaporatore-per-frigo-cr4249cr65cr85cr130-c-elegance-codice-sgc00294aa-isotherm\/","url":"https:\/\/technofluid.it\/prodotto\/portina-evaporatore-per-frigo-cr4249cr65cr85cr130-c-elegance-codice-sgc00294aa-isotherm\/","name":"Porte \u00e9vaporateur r\u00e9frig\u00e9rateur CR42\/49\/CR65\/CR85\/CR130 - Isotherm","isPartOf":{"@id":"https:\/\/technofluid.it\/#website"},"primaryImageOfPage":{"@id":"https:\/\/technofluid.it\/prodotto\/portina-evaporatore-per-frigo-cr4249cr65cr85cr130-c-elegance-codice-sgc00294aa-isotherm\/#primaryimage"},"image":{"@id":"https:\/\/technofluid.it\/prodotto\/portina-evaporatore-per-frigo-cr4249cr65cr85cr130-c-elegance-codice-sgc00294aa-isotherm\/#primaryimage"},"thumbnailUrl":"https:\/\/technofluid.it\/wp-content\/uploads\/2026\/01\/270-Portina-evaporatore-per-frigo-CR4249CR65CR85CR130-C.-elegance-codice-SGC00294AA-Isotherm.jpg","datePublished":"2025-10-25T00:03:41+00:00","dateModified":"2026-04-15T10:01:37+00:00","description":"D\u00e9couvrez la porte d'\u00e9vaporateur r\u00e9frig\u00e9rateur CR42\/49\/CR65\/CR85\/CR130 Isotherm, code SGC00294AA. Dimensions pr\u00e9cises et qualit\u00e9 garantie. Achetez maintenant !","breadcrumb":{"@id":"https:\/\/technofluid.it\/prodotto\/portina-evaporatore-per-frigo-cr4249cr65cr85cr130-c-elegance-codice-sgc00294aa-isotherm\/#breadcrumb"},"inLanguage":"fr-FR","potentialAction":[{"@type":"ReadAction","target":["https:\/\/technofluid.it\/prodotto\/portina-evaporatore-per-frigo-cr4249cr65cr85cr130-c-elegance-codice-sgc00294aa-isotherm\/"]}]},{"@type":"ImageObject","inLanguage":"fr-FR","@id":"https:\/\/technofluid.it\/prodotto\/portina-evaporatore-per-frigo-cr4249cr65cr85cr130-c-elegance-codice-sgc00294aa-isotherm\/#primaryimage","url":"https:\/\/technofluid.it\/wp-content\/uploads\/2026\/01\/270-Portina-evaporatore-per-frigo-CR4249CR65CR85CR130-C.-elegance-codice-SGC00294AA-Isotherm.jpg","contentUrl":"https:\/\/technofluid.it\/wp-content\/uploads\/2026\/01\/270-Portina-evaporatore-per-frigo-CR4249CR65CR85CR130-C.-elegance-codice-SGC00294AA-Isotherm.jpg","width":800,"height":800,"caption":"Portina evaporatore per frigorifero, modello CR42\/49\/CR65\/CR85\/CR130, codice SGC00294AA, ideale per sostituzioni e riparazioni."},{"@type":"BreadcrumbList","@id":"https:\/\/technofluid.it\/prodotto\/portina-evaporatore-per-frigo-cr4249cr65cr85cr130-c-elegance-codice-sgc00294aa-isotherm\/#breadcrumb","itemListElement":[{"@type":"ListItem","position":1,"name":"Home","item":"https:\/\/technofluid.it\/"},{"@type":"ListItem","position":2,"name":"Shop","item":"https:\/\/technofluid.it\/shop\/"},{"@type":"ListItem","position":3,"name":"Portina evaporatore per frigo: CR42\/49\/CR65\/CR85\/CR130 C. &amp; elegance &#8211; codice: SGC00294AA &#8211; Isotherm"}]},{"@type":"WebSite","@id":"https:\/\/technofluid.it\/#website","url":"https:\/\/technofluid.it\/","name":"Technofluid S.R.L.","description":"Depuis 1999, nous sommes sp\u00e9cialis\u00e9s dans les installations marines, de plomberie, civiles et industrielles.","publisher":{"@id":"https:\/\/technofluid.it\/#organization"},"potentialAction":[{"@type":"SearchAction","target":{"@type":"EntryPoint","urlTemplate":"https:\/\/technofluid.it\/?s={search_term_string}"},"query-input":{"@type":"PropertyValueSpecification","valueRequired":true,"valueName":"search_term_string"}}],"inLanguage":"fr-FR"},{"@type":"Organization","@id":"https:\/\/technofluid.it\/#organization","name":"Technofluid","url":"https:\/\/technofluid.it\/","logo":{"@type":"ImageObject","inLanguage":"fr-FR","@id":"https:\/\/technofluid.it\/#\/schema\/logo\/image\/","url":"https:\/\/technofluid.it\/wp-content\/uploads\/2025\/12\/technofluid_bianco-logo.webp","contentUrl":"https:\/\/technofluid.it\/wp-content\/uploads\/2025\/12\/technofluid_bianco-logo.webp","width":350,"height":116,"caption":"Technofluid"},"image":{"@id":"https:\/\/technofluid.it\/#\/schema\/logo\/image\/"},"description":"La Technofluid S.r.l. est n\u00e9e en 1999 \u00e0 Barcellona Pozzo di Gotto, dans la province de Messine, avec l'objectif de devenir un point de r\u00e9f\u00e9rence dans le secteur de l'installation navale, hydraulique, civile et industrielle.","email":"info@technofluid.it","telephone":"0907386877","legalName":"Technofluid S.R.L","vatID":"IT03148240835","taxID":"03148240835","ownershipFundingInfo":"https:\/\/technofluid.it\/azienda\/"}]},"product_price_amount":"30.00","product_price_currency":"EUR","og_availability":"instock","product_availability":"instock","product_retailer_item_id":"IND0000000004","product_condition":"new"},"_links":{"self":[{"href":"https:\/\/technofluid.it\/fr\/wp-json\/wp\/v2\/product\/30861","targetHints":{"allow":["GET"]}}],"collection":[{"href":"https:\/\/technofluid.it\/fr\/wp-json\/wp\/v2\/product"}],"about":[{"href":"https:\/\/technofluid.it\/fr\/wp-json\/wp\/v2\/types\/product"}],"replies":[{"embeddable":true,"href":"https:\/\/technofluid.it\/fr\/wp-json\/wp\/v2\/comments?post=30861"}],"version-history":[{"count":1,"href":"https:\/\/technofluid.it\/fr\/wp-json\/wp\/v2\/product\/30861\/revisions"}],"predecessor-version":[{"id":52787,"href":"https:\/\/technofluid.it\/fr\/wp-json\/wp\/v2\/product\/30861\/revisions\/52787"}],"wp:featuredmedia":[{"embeddable":true,"href":"https:\/\/technofluid.it\/fr\/wp-json\/wp\/v2\/media\/41005"}],"wp:attachment":[{"href":"https:\/\/technofluid.it\/fr\/wp-json\/wp\/v2\/media?parent=30861"}],"wp:term":[{"taxonomy":"product_brand","embeddable":true,"href":"https:\/\/technofluid.it\/fr\/wp-json\/wp\/v2\/product_brand?post=30861"},{"taxonomy":"product_cat","embeddable":true,"href":"https:\/\/technofluid.it\/fr\/wp-json\/wp\/v2\/product_cat?post=30861"},{"taxonomy":"product_tag","embeddable":true,"href":"https:\/\/technofluid.it\/fr\/wp-json\/wp\/v2\/product_tag?post=30861"}],"curies":[{"name":"wp","href":"https:\/\/api.w.org\/{rel}","templated":true}]}}