{"id":30800,"date":"2025-10-25T00:03:34","date_gmt":"2025-10-25T00:03:34","guid":{"rendered":"https:\/\/technofluid.it\/prodotto\/portagomma-femmina-da-1-8x8-giallo-codice-1055a8-maestrini\/"},"modified":"2026-01-16T13:57:10","modified_gmt":"2026-01-16T13:57:10","slug":"portagomma-femmina-da-18x8-in-ottone-giallo-dvgw-codice-1055a8-maestrini","status":"publish","type":"product","link":"https:\/\/technofluid.it\/fr\/produit\/porte-tuyau-femelle-de-18x8-en-laiton-jaune-dvgw-code-1055a8-maestrini-2\/","title":{"rendered":"Raccord femelle 1\/8\"x8 en laiton jaune \u2013 DVGW \u2013 code : 1055A*8 \u2013 Maestrini"},"content":{"rendered":"<p>Raccord femelle 1\/8\"x8 en laiton jaune \u2013 DVGW \u2013 code : 1055A*8 \u2013 Maestrini<\/p>","protected":false},"excerpt":{"rendered":"<p>PORTAGOMMA FEMMINA DA 1\/8&#8243;X8 GIALLO &#8211; CODICE: 1055A*8 &#8211; MAESTRINI<\/p>","protected":false},"featured_media":40860,"comment_status":"open","ping_status":"closed","template":"","meta":{"_acf_changed":false,"_monsterinsights_skip_tracking":false,"_monsterinsights_sitenote_active":false,"_monsterinsights_sitenote_note":"","_monsterinsights_sitenote_category":0,"site-sidebar-layout":"default","site-content-layout":"","ast-site-content-layout":"default","site-content-style":"default","site-sidebar-style":"default","ast-global-header-display":"","ast-banner-title-visibility":"","ast-main-header-display":"","ast-hfb-above-header-display":"","ast-hfb-below-header-display":"","ast-hfb-mobile-header-display":"","site-post-title":"","ast-breadcrumbs-content":"","ast-featured-img":"","footer-sml-layout":"","ast-disable-related-posts":"","theme-transparent-header-meta":"","adv-header-id-meta":"","stick-header-meta":"","header-above-stick-meta":"","header-main-stick-meta":"","header-below-stick-meta":"","astra-migrate-meta-layouts":"default","ast-page-background-enabled":"default","ast-page-background-meta":{"desktop":{"background-color":"var(--ast-global-color-5)","background-image":"","background-repeat":"repeat","background-position":"center center","background-size":"auto","background-attachment":"scroll","background-type":"","background-media":"","overlay-type":"","overlay-color":"","overlay-opacity":"","overlay-gradient":""},"tablet":{"background-color":"","background-image":"","background-repeat":"repeat","background-position":"center center","background-size":"auto","background-attachment":"scroll","background-type":"","background-media":"","overlay-type":"","overlay-color":"","overlay-opacity":"","overlay-gradient":""},"mobile":{"background-color":"","background-image":"","background-repeat":"repeat","background-position":"center center","background-size":"auto","background-attachment":"scroll","background-type":"","background-media":"","overlay-type":"","overlay-color":"","overlay-opacity":"","overlay-gradient":""}},"ast-content-background-meta":{"desktop":{"background-color":"var(--ast-global-color-4)","background-image":"","background-repeat":"repeat","background-position":"center center","background-size":"auto","background-attachment":"scroll","background-type":"","background-media":"","overlay-type":"","overlay-color":"","overlay-opacity":"","overlay-gradient":""},"tablet":{"background-color":"var(--ast-global-color-4)","background-image":"","background-repeat":"repeat","background-position":"center center","background-size":"auto","background-attachment":"scroll","background-type":"","background-media":"","overlay-type":"","overlay-color":"","overlay-opacity":"","overlay-gradient":""},"mobile":{"background-color":"var(--ast-global-color-4)","background-image":"","background-repeat":"repeat","background-position":"center center","background-size":"auto","background-attachment":"scroll","background-type":"","background-media":"","overlay-type":"","overlay-color":"","overlay-opacity":"","overlay-gradient":""}}},"product_brand":[],"product_cat":[84,93],"product_tag":[6946,3655,6947],"class_list":{"0":"post-30800","1":"product","2":"type-product","3":"status-publish","4":"has-post-thumbnail","6":"product_cat-idraulica-e-ferramenta","7":"product_cat-idraulica-e-raccordi","8":"product_tag-1-8x8-giallo-codice-1055a8","9":"product_tag-maestrini","10":"product_tag-portagomma-femmina-da-1-8x8-gia","11":"pa_supplier-maestrini-s-r-l-societa-unipersonale","12":"desktop-align-left","13":"tablet-align-left","14":"mobile-align-left","16":"first","17":"instock","18":"taxable","19":"shipping-taxable","20":"purchasable","21":"product-type-simple"},"acf":[],"yoast_head":"<!-- This site is optimized with the Yoast SEO Premium plugin v26.7 (Yoast SEO v26.9) - https:\/\/yoast.com\/product\/yoast-seo-premium-wordpress\/ -->\n<title>Portagomma Femmina 1\/8&quot;x8 Giallo - Maestrini Codice 1055A*8<\/title>\n<meta name=\"description\" content=\"Scopri il portagomma femmina 1\/8&quot;x8 giallo Maestrini, codice 1055A*8. Qualit\u00e0 e affidabilit\u00e0 per le tue esigenze. Acquista ora!\" \/>\n<meta name=\"robots\" content=\"index, follow, max-snippet:-1, max-image-preview:large, max-video-preview:-1\" \/>\n<link rel=\"canonical\" href=\"https:\/\/technofluid.it\/fr\/produit\/porte-tuyau-femelle-de-18x8-en-laiton-jaune-dvgw-code-1055a8-maestrini-2\/\" \/>\n<meta property=\"og:locale\" content=\"fr_FR\" \/>\n<meta property=\"og:type\" content=\"article\" \/>\n<meta property=\"og:title\" content=\"Portagomma femmina da 1\/8&quot;x8 in ottone giallo &ndash; DVGW &ndash; codice: 1055A*8 &ndash; Maestrini\" \/>\n<meta property=\"og:description\" content=\"Scopri il portagomma femmina 1\/8&quot;x8 giallo Maestrini, codice 1055A*8. Qualit\u00e0 e affidabilit\u00e0 per le tue esigenze. Acquista ora!\" \/>\n<meta property=\"og:url\" content=\"https:\/\/technofluid.it\/fr\/produit\/porte-tuyau-femelle-de-18x8-en-laiton-jaune-dvgw-code-1055a8-maestrini-2\/\" \/>\n<meta property=\"og:site_name\" content=\"Technofluid\" \/>\n<meta property=\"article:modified_time\" content=\"2026-01-16T13:57:10+00:00\" \/>\n<meta property=\"og:image\" content=\"https:\/\/technofluid.it\/wp-content\/uploads\/2026\/01\/1244-Portagomma-femmina-da-18x8-in-ottone-giallo-DVGW-codice-1055A8-Maestrini.jpg\" \/>\n\t<meta property=\"og:image:width\" content=\"300\" \/>\n\t<meta property=\"og:image:height\" content=\"300\" \/>\n\t<meta property=\"og:image:type\" content=\"image\/jpeg\" \/>\n<meta name=\"twitter:card\" content=\"summary_large_image\" \/>\n<meta name=\"twitter:label1\" content=\"Prix\" \/>\n\t<meta name=\"twitter:data1\" content=\"2,62&nbsp;&euro; Iva esclusa\" \/>\n\t<meta name=\"twitter:label2\" content=\"Disponibilit\u00e9\" \/>\n\t<meta name=\"twitter:data2\" content=\"En stock\" \/>\n<script type=\"application\/ld+json\" class=\"yoast-schema-graph\">{\"@context\":\"https:\/\/schema.org\",\"@graph\":[{\"@type\":\"WebPage\",\"@id\":\"https:\/\/technofluid.it\/prodotto\/portagomma-femmina-da-18x8-in-ottone-giallo-dvgw-codice-1055a8-maestrini\/\",\"url\":\"https:\/\/technofluid.it\/prodotto\/portagomma-femmina-da-18x8-in-ottone-giallo-dvgw-codice-1055a8-maestrini\/\",\"name\":\"Portagomma Femmina 1\/8\\\"x8 Giallo - Maestrini Codice 1055A*8\",\"isPartOf\":{\"@id\":\"https:\/\/technofluid.it\/#website\"},\"primaryImageOfPage\":{\"@id\":\"https:\/\/technofluid.it\/prodotto\/portagomma-femmina-da-18x8-in-ottone-giallo-dvgw-codice-1055a8-maestrini\/#primaryimage\"},\"image\":{\"@id\":\"https:\/\/technofluid.it\/prodotto\/portagomma-femmina-da-18x8-in-ottone-giallo-dvgw-codice-1055a8-maestrini\/#primaryimage\"},\"thumbnailUrl\":\"https:\/\/technofluid.it\/wp-content\/uploads\/2026\/01\/1244-Portagomma-femmina-da-18x8-in-ottone-giallo-DVGW-codice-1055A8-Maestrini.jpg\",\"datePublished\":\"2025-10-25T00:03:34+00:00\",\"dateModified\":\"2026-01-16T13:57:10+00:00\",\"description\":\"Scopri il portagomma femmina 1\/8\\\"x8 giallo Maestrini, codice 1055A*8. Qualit\u00e0 e affidabilit\u00e0 per le tue esigenze. Acquista ora!\",\"breadcrumb\":{\"@id\":\"https:\/\/technofluid.it\/prodotto\/portagomma-femmina-da-18x8-in-ottone-giallo-dvgw-codice-1055a8-maestrini\/#breadcrumb\"},\"inLanguage\":\"fr-FR\",\"potentialAction\":[{\"@type\":\"ReadAction\",\"target\":[\"https:\/\/technofluid.it\/prodotto\/portagomma-femmina-da-18x8-in-ottone-giallo-dvgw-codice-1055a8-maestrini\/\"]}]},{\"@type\":\"ImageObject\",\"inLanguage\":\"fr-FR\",\"@id\":\"https:\/\/technofluid.it\/prodotto\/portagomma-femmina-da-18x8-in-ottone-giallo-dvgw-codice-1055a8-maestrini\/#primaryimage\",\"url\":\"https:\/\/technofluid.it\/wp-content\/uploads\/2026\/01\/1244-Portagomma-femmina-da-18x8-in-ottone-giallo-DVGW-codice-1055A8-Maestrini.jpg\",\"contentUrl\":\"https:\/\/technofluid.it\/wp-content\/uploads\/2026\/01\/1244-Portagomma-femmina-da-18x8-in-ottone-giallo-DVGW-codice-1055A8-Maestrini.jpg\",\"width\":300,\"height\":300,\"caption\":\"Immagine di un portagomma femmina in ottone giallo da 1\/8\\\" x 8, conforme alle norme DVGW, usato in impianti idraulici.\"},{\"@type\":\"BreadcrumbList\",\"@id\":\"https:\/\/technofluid.it\/prodotto\/portagomma-femmina-da-18x8-in-ottone-giallo-dvgw-codice-1055a8-maestrini\/#breadcrumb\",\"itemListElement\":[{\"@type\":\"ListItem\",\"position\":1,\"name\":\"Home\",\"item\":\"https:\/\/technofluid.it\/\"},{\"@type\":\"ListItem\",\"position\":2,\"name\":\"Shop\",\"item\":\"https:\/\/technofluid.it\/shop\/\"},{\"@type\":\"ListItem\",\"position\":3,\"name\":\"Portagomma femmina da 1\/8&quot;x8 in ottone giallo &ndash; DVGW &ndash; codice: 1055A*8 &ndash; Maestrini\"}]},{\"@type\":\"WebSite\",\"@id\":\"https:\/\/technofluid.it\/#website\",\"url\":\"https:\/\/technofluid.it\/\",\"name\":\"Technofluid S.R.L.\",\"description\":\"Dal 1999 siamo specializzati nell&#039;impiantistica navale, idraulica, civile e industriale\",\"publisher\":{\"@id\":\"https:\/\/technofluid.it\/#organization\"},\"potentialAction\":[{\"@type\":\"SearchAction\",\"target\":{\"@type\":\"EntryPoint\",\"urlTemplate\":\"https:\/\/technofluid.it\/?s={search_term_string}\"},\"query-input\":{\"@type\":\"PropertyValueSpecification\",\"valueRequired\":true,\"valueName\":\"search_term_string\"}}],\"inLanguage\":\"fr-FR\"},{\"@type\":\"Organization\",\"@id\":\"https:\/\/technofluid.it\/#organization\",\"name\":\"Technofluid\",\"url\":\"https:\/\/technofluid.it\/\",\"logo\":{\"@type\":\"ImageObject\",\"inLanguage\":\"fr-FR\",\"@id\":\"https:\/\/technofluid.it\/#\/schema\/logo\/image\/\",\"url\":\"https:\/\/technofluid.it\/wp-content\/uploads\/2025\/12\/technofluid_bianco-logo.webp\",\"contentUrl\":\"https:\/\/technofluid.it\/wp-content\/uploads\/2025\/12\/technofluid_bianco-logo.webp\",\"width\":350,\"height\":116,\"caption\":\"Technofluid\"},\"image\":{\"@id\":\"https:\/\/technofluid.it\/#\/schema\/logo\/image\/\"},\"description\":\"La Technofluid S.r.l. nasce nel 1999 a Barcellona Pozzo di Gotto, in provincia di Messina, con l\u2019obiettivo di diventare un punto di riferimento nel settore dell\u2019impiantistica navale, idraulica, civile e industriale.\",\"email\":\"info@technofluid.it\",\"telephone\":\"0907386877\",\"legalName\":\"Technofluid S.R.L\",\"vatID\":\"IT03148240835\",\"taxID\":\"03148240835\",\"ownershipFundingInfo\":\"https:\/\/technofluid.it\/azienda\/\"}]}<\/script>\n<meta property=\"product:price:amount\" content=\"2.62\" \/>\n<meta property=\"product:price:currency\" content=\"EUR\" \/>\n<meta property=\"og:availability\" content=\"instock\" \/>\n<meta property=\"product:availability\" content=\"instock\" \/>\n<meta property=\"product:retailer_item_id\" content=\"MAES00000079\" \/>\n<meta property=\"product:condition\" content=\"new\" \/>\n<!-- \/ Yoast SEO Premium plugin. -->","yoast_head_json":{"title":"Porte-tuyau Femelle 1\/8\"x8 Jaune - Maestrini Code 1055A*8","description":"D\u00e9couvrez le porte-tuyau femelle 1\/8\"x8 jaune Maestrini, code 1055A*8. Qualit\u00e9 et fiabilit\u00e9 pour vos besoins. Achetez maintenant !","robots":{"index":"index","follow":"follow","max-snippet":"max-snippet:-1","max-image-preview":"max-image-preview:large","max-video-preview":"max-video-preview:-1"},"canonical":"https:\/\/technofluid.it\/fr\/produit\/porte-tuyau-femelle-de-18x8-en-laiton-jaune-dvgw-code-1055a8-maestrini-2\/","og_locale":"fr_FR","og_type":"article","og_title":"Portagomma femmina da 1\/8&quot;x8 in ottone giallo &ndash; DVGW &ndash; codice: 1055A*8 &ndash; Maestrini","og_description":"Scopri il portagomma femmina 1\/8\"x8 giallo Maestrini, codice 1055A*8. Qualit\u00e0 e affidabilit\u00e0 per le tue esigenze. Acquista ora!","og_url":"https:\/\/technofluid.it\/fr\/produit\/porte-tuyau-femelle-de-18x8-en-laiton-jaune-dvgw-code-1055a8-maestrini-2\/","og_site_name":"Technofluid","article_modified_time":"2026-01-16T13:57:10+00:00","og_image":[{"width":300,"height":300,"url":"https:\/\/technofluid.it\/wp-content\/uploads\/2026\/01\/1244-Portagomma-femmina-da-18x8-in-ottone-giallo-DVGW-codice-1055A8-Maestrini.jpg","type":"image\/jpeg"}],"twitter_card":"summary_large_image","twitter_misc":{"Prix":"2,62&nbsp;&euro; Iva esclusa","Disponibilit\u00e9":"En stock"},"schema":{"@context":"https:\/\/schema.org","@graph":[{"@type":"WebPage","@id":"https:\/\/technofluid.it\/prodotto\/portagomma-femmina-da-18x8-in-ottone-giallo-dvgw-codice-1055a8-maestrini\/","url":"https:\/\/technofluid.it\/prodotto\/portagomma-femmina-da-18x8-in-ottone-giallo-dvgw-codice-1055a8-maestrini\/","name":"Porte-tuyau Femelle 1\/8\"x8 Jaune - Maestrini Code 1055A*8","isPartOf":{"@id":"https:\/\/technofluid.it\/#website"},"primaryImageOfPage":{"@id":"https:\/\/technofluid.it\/prodotto\/portagomma-femmina-da-18x8-in-ottone-giallo-dvgw-codice-1055a8-maestrini\/#primaryimage"},"image":{"@id":"https:\/\/technofluid.it\/prodotto\/portagomma-femmina-da-18x8-in-ottone-giallo-dvgw-codice-1055a8-maestrini\/#primaryimage"},"thumbnailUrl":"https:\/\/technofluid.it\/wp-content\/uploads\/2026\/01\/1244-Portagomma-femmina-da-18x8-in-ottone-giallo-DVGW-codice-1055A8-Maestrini.jpg","datePublished":"2025-10-25T00:03:34+00:00","dateModified":"2026-01-16T13:57:10+00:00","description":"D\u00e9couvrez le porte-tuyau femelle 1\/8\"x8 jaune Maestrini, code 1055A*8. Qualit\u00e9 et fiabilit\u00e9 pour vos besoins. Achetez maintenant !","breadcrumb":{"@id":"https:\/\/technofluid.it\/prodotto\/portagomma-femmina-da-18x8-in-ottone-giallo-dvgw-codice-1055a8-maestrini\/#breadcrumb"},"inLanguage":"fr-FR","potentialAction":[{"@type":"ReadAction","target":["https:\/\/technofluid.it\/prodotto\/portagomma-femmina-da-18x8-in-ottone-giallo-dvgw-codice-1055a8-maestrini\/"]}]},{"@type":"ImageObject","inLanguage":"fr-FR","@id":"https:\/\/technofluid.it\/prodotto\/portagomma-femmina-da-18x8-in-ottone-giallo-dvgw-codice-1055a8-maestrini\/#primaryimage","url":"https:\/\/technofluid.it\/wp-content\/uploads\/2026\/01\/1244-Portagomma-femmina-da-18x8-in-ottone-giallo-DVGW-codice-1055A8-Maestrini.jpg","contentUrl":"https:\/\/technofluid.it\/wp-content\/uploads\/2026\/01\/1244-Portagomma-femmina-da-18x8-in-ottone-giallo-DVGW-codice-1055A8-Maestrini.jpg","width":300,"height":300,"caption":"Immagine di un portagomma femmina in ottone giallo da 1\/8\" x 8, conforme alle norme DVGW, usato in impianti idraulici."},{"@type":"BreadcrumbList","@id":"https:\/\/technofluid.it\/prodotto\/portagomma-femmina-da-18x8-in-ottone-giallo-dvgw-codice-1055a8-maestrini\/#breadcrumb","itemListElement":[{"@type":"ListItem","position":1,"name":"Home","item":"https:\/\/technofluid.it\/"},{"@type":"ListItem","position":2,"name":"Shop","item":"https:\/\/technofluid.it\/shop\/"},{"@type":"ListItem","position":3,"name":"Portagomma femmina da 1\/8&quot;x8 in ottone giallo &ndash; DVGW &ndash; codice: 1055A*8 &ndash; Maestrini"}]},{"@type":"WebSite","@id":"https:\/\/technofluid.it\/#website","url":"https:\/\/technofluid.it\/","name":"Technofluid S.R.L.","description":"Depuis 1999, nous sommes sp\u00e9cialis\u00e9s dans les installations marines, de plomberie, civiles et industrielles.","publisher":{"@id":"https:\/\/technofluid.it\/#organization"},"potentialAction":[{"@type":"SearchAction","target":{"@type":"EntryPoint","urlTemplate":"https:\/\/technofluid.it\/?s={search_term_string}"},"query-input":{"@type":"PropertyValueSpecification","valueRequired":true,"valueName":"search_term_string"}}],"inLanguage":"fr-FR"},{"@type":"Organization","@id":"https:\/\/technofluid.it\/#organization","name":"Technofluid","url":"https:\/\/technofluid.it\/","logo":{"@type":"ImageObject","inLanguage":"fr-FR","@id":"https:\/\/technofluid.it\/#\/schema\/logo\/image\/","url":"https:\/\/technofluid.it\/wp-content\/uploads\/2025\/12\/technofluid_bianco-logo.webp","contentUrl":"https:\/\/technofluid.it\/wp-content\/uploads\/2025\/12\/technofluid_bianco-logo.webp","width":350,"height":116,"caption":"Technofluid"},"image":{"@id":"https:\/\/technofluid.it\/#\/schema\/logo\/image\/"},"description":"La Technofluid S.r.l. est n\u00e9e en 1999 \u00e0 Barcellona Pozzo di Gotto, dans la province de Messine, avec l'objectif de devenir un point de r\u00e9f\u00e9rence dans le secteur de l'installation navale, hydraulique, civile et industrielle.","email":"info@technofluid.it","telephone":"0907386877","legalName":"Technofluid S.R.L","vatID":"IT03148240835","taxID":"03148240835","ownershipFundingInfo":"https:\/\/technofluid.it\/azienda\/"}]},"product_price_amount":"2.62","product_price_currency":"EUR","og_availability":"instock","product_availability":"instock","product_retailer_item_id":"MAES00000079","product_condition":"new"},"_links":{"self":[{"href":"https:\/\/technofluid.it\/fr\/wp-json\/wp\/v2\/product\/30800","targetHints":{"allow":["GET"]}}],"collection":[{"href":"https:\/\/technofluid.it\/fr\/wp-json\/wp\/v2\/product"}],"about":[{"href":"https:\/\/technofluid.it\/fr\/wp-json\/wp\/v2\/types\/product"}],"replies":[{"embeddable":true,"href":"https:\/\/technofluid.it\/fr\/wp-json\/wp\/v2\/comments?post=30800"}],"version-history":[{"count":0,"href":"https:\/\/technofluid.it\/fr\/wp-json\/wp\/v2\/product\/30800\/revisions"}],"wp:featuredmedia":[{"embeddable":true,"href":"https:\/\/technofluid.it\/fr\/wp-json\/wp\/v2\/media\/40860"}],"wp:attachment":[{"href":"https:\/\/technofluid.it\/fr\/wp-json\/wp\/v2\/media?parent=30800"}],"wp:term":[{"taxonomy":"product_brand","embeddable":true,"href":"https:\/\/technofluid.it\/fr\/wp-json\/wp\/v2\/product_brand?post=30800"},{"taxonomy":"product_cat","embeddable":true,"href":"https:\/\/technofluid.it\/fr\/wp-json\/wp\/v2\/product_cat?post=30800"},{"taxonomy":"product_tag","embeddable":true,"href":"https:\/\/technofluid.it\/fr\/wp-json\/wp\/v2\/product_tag?post=30800"}],"curies":[{"name":"wp","href":"https:\/\/api.w.org\/{rel}","templated":true}]}}