{"id":30753,"date":"2025-10-25T00:03:29","date_gmt":"2025-10-25T00:03:29","guid":{"rendered":"https:\/\/technofluid.it\/prodotto\/pompa-tecma-maceratore-24-v-codice-t-pf-p01b-tecma\/"},"modified":"2026-04-15T09:47:42","modified_gmt":"2026-04-15T08:47:42","slug":"pompa-tecma-maceratore-24v-codice-t-pf-p01b-tecma","status":"publish","type":"product","link":"https:\/\/technofluid.it\/fr\/produit\/pompe-tecma-macerateur-24v-code-t-pf-p01b-tecma-2\/","title":{"rendered":"Pompe de dilution Tecma 24 V - code : T-PF.P01B - Tecma"},"content":{"rendered":"<p>POMPE TECMA MAC\u00c9RATEUR<\/p>\n<p>POMPE DE VIDANGE WC 24 V TECMA<\/p>\n<p>T-PF.P01B<\/p>","protected":false},"excerpt":{"rendered":"<p>POMPA TECMA MACERATORE 24 V &#8211; CODICE:T-PF.P01B<\/p>","protected":false},"featured_media":40739,"comment_status":"open","ping_status":"closed","template":"","meta":{"_acf_changed":false,"_monsterinsights_skip_tracking":false,"_monsterinsights_sitenote_active":false,"_monsterinsights_sitenote_note":"","_monsterinsights_sitenote_category":0,"site-sidebar-layout":"default","site-content-layout":"","ast-site-content-layout":"default","site-content-style":"default","site-sidebar-style":"default","ast-global-header-display":"","ast-banner-title-visibility":"","ast-main-header-display":"","ast-hfb-above-header-display":"","ast-hfb-below-header-display":"","ast-hfb-mobile-header-display":"","site-post-title":"","ast-breadcrumbs-content":"","ast-featured-img":"","footer-sml-layout":"","ast-disable-related-posts":"","theme-transparent-header-meta":"","adv-header-id-meta":"","stick-header-meta":"","header-above-stick-meta":"","header-main-stick-meta":"","header-below-stick-meta":"","astra-migrate-meta-layouts":"default","ast-page-background-enabled":"default","ast-page-background-meta":{"desktop":{"background-color":"var(--ast-global-color-5)","background-image":"","background-repeat":"repeat","background-position":"center center","background-size":"auto","background-attachment":"scroll","background-type":"","background-media":"","overlay-type":"","overlay-color":"","overlay-opacity":"","overlay-gradient":""},"tablet":{"background-color":"","background-image":"","background-repeat":"repeat","background-position":"center center","background-size":"auto","background-attachment":"scroll","background-type":"","background-media":"","overlay-type":"","overlay-color":"","overlay-opacity":"","overlay-gradient":""},"mobile":{"background-color":"","background-image":"","background-repeat":"repeat","background-position":"center center","background-size":"auto","background-attachment":"scroll","background-type":"","background-media":"","overlay-type":"","overlay-color":"","overlay-opacity":"","overlay-gradient":""}},"ast-content-background-meta":{"desktop":{"background-color":"var(--ast-global-color-4)","background-image":"","background-repeat":"repeat","background-position":"center center","background-size":"auto","background-attachment":"scroll","background-type":"","background-media":"","overlay-type":"","overlay-color":"","overlay-opacity":"","overlay-gradient":""},"tablet":{"background-color":"var(--ast-global-color-4)","background-image":"","background-repeat":"repeat","background-position":"center center","background-size":"auto","background-attachment":"scroll","background-type":"","background-media":"","overlay-type":"","overlay-color":"","overlay-opacity":"","overlay-gradient":""},"mobile":{"background-color":"var(--ast-global-color-4)","background-image":"","background-repeat":"repeat","background-position":"center center","background-size":"auto","background-attachment":"scroll","background-type":"","background-media":"","overlay-type":"","overlay-color":"","overlay-opacity":"","overlay-gradient":""}}},"product_brand":[],"product_cat":[133,768],"product_tag":[3471,6838,6839,6840,4569],"class_list":{"0":"post-30753","1":"product","2":"type-product","3":"status-publish","4":"has-post-thumbnail","6":"product_cat-ricambistica","7":"product_cat-tecma","8":"product_tag-maceratore","9":"product_tag-maceratore-24-v","10":"product_tag-t-pf-p01b","11":"product_tag-tecma-pompa-tecma-maceratore-2","12":"product_tag-wc","13":"pa_supplier-tecma-srl","14":"desktop-align-left","15":"tablet-align-left","16":"mobile-align-left","18":"first","19":"instock","20":"taxable","21":"shipping-taxable","22":"purchasable","23":"product-type-simple"},"acf":[],"yoast_head":"<!-- This site is optimized with the Yoast SEO Premium plugin v26.7 (Yoast SEO v26.9) - https:\/\/yoast.com\/product\/yoast-seo-premium-wordpress\/ -->\n<title>Pompa Maceratore Tecma 24V - Codice T-PF.P01B<\/title>\n<meta name=\"description\" content=\"Scopri la pompa maceratore Tecma 24V T-PF.P01B per scarico WC efficiente. Acquista ora e migliora il tuo impianto idraulico!\" \/>\n<meta name=\"robots\" content=\"index, follow, max-snippet:-1, max-image-preview:large, max-video-preview:-1\" \/>\n<link rel=\"canonical\" href=\"https:\/\/technofluid.it\/fr\/produit\/pompe-tecma-macerateur-24v-code-t-pf-p01b-tecma-2\/\" \/>\n<meta property=\"og:locale\" content=\"fr_FR\" \/>\n<meta property=\"og:type\" content=\"article\" \/>\n<meta property=\"og:title\" content=\"Pompa Tecma maceratore 24&nbsp;V &ndash; codice: T-PF.P01B &ndash; Tecma\" \/>\n<meta property=\"og:description\" content=\"Scopri la pompa maceratore Tecma 24V T-PF.P01B per scarico WC efficiente. Acquista ora e migliora il tuo impianto idraulico!\" \/>\n<meta property=\"og:url\" content=\"https:\/\/technofluid.it\/fr\/produit\/pompe-tecma-macerateur-24v-code-t-pf-p01b-tecma-2\/\" \/>\n<meta property=\"og:site_name\" content=\"Technofluid\" \/>\n<meta property=\"article:modified_time\" content=\"2026-04-15T08:47:42+00:00\" \/>\n<meta property=\"og:image\" content=\"https:\/\/technofluid.it\/wp-content\/uploads\/2026\/01\/111-POMPA-TECMA-MACERATORE-24-V-CODICE-T-PF.P01B-TECMA.jpg\" \/>\n\t<meta property=\"og:image:width\" content=\"800\" \/>\n\t<meta property=\"og:image:height\" content=\"800\" \/>\n\t<meta property=\"og:image:type\" content=\"image\/jpeg\" \/>\n<meta name=\"twitter:card\" content=\"summary_large_image\" \/>\n<meta name=\"twitter:label1\" content=\"Prix\" \/>\n\t<meta name=\"twitter:data1\" content=\"236,00&nbsp;&euro; Iva esclusa\" \/>\n\t<meta name=\"twitter:label2\" content=\"Disponibilit\u00e9\" \/>\n\t<meta name=\"twitter:data2\" content=\"En stock\" \/>\n<script type=\"application\/ld+json\" class=\"yoast-schema-graph\">{\"@context\":\"https:\/\/schema.org\",\"@graph\":[{\"@type\":\"WebPage\",\"@id\":\"https:\/\/technofluid.it\/prodotto\/pompa-tecma-maceratore-24v-codice-t-pf-p01b-tecma\/\",\"url\":\"https:\/\/technofluid.it\/prodotto\/pompa-tecma-maceratore-24v-codice-t-pf-p01b-tecma\/\",\"name\":\"Pompa Maceratore Tecma 24V - Codice T-PF.P01B\",\"isPartOf\":{\"@id\":\"https:\/\/technofluid.it\/#website\"},\"primaryImageOfPage\":{\"@id\":\"https:\/\/technofluid.it\/prodotto\/pompa-tecma-maceratore-24v-codice-t-pf-p01b-tecma\/#primaryimage\"},\"image\":{\"@id\":\"https:\/\/technofluid.it\/prodotto\/pompa-tecma-maceratore-24v-codice-t-pf-p01b-tecma\/#primaryimage\"},\"thumbnailUrl\":\"https:\/\/technofluid.it\/wp-content\/uploads\/2026\/01\/111-POMPA-TECMA-MACERATORE-24-V-CODICE-T-PF.P01B-TECMA.jpg\",\"datePublished\":\"2025-10-25T00:03:29+00:00\",\"dateModified\":\"2026-04-15T08:47:42+00:00\",\"description\":\"Scopri la pompa maceratore Tecma 24V T-PF.P01B per scarico WC efficiente. Acquista ora e migliora il tuo impianto idraulico!\",\"breadcrumb\":{\"@id\":\"https:\/\/technofluid.it\/prodotto\/pompa-tecma-maceratore-24v-codice-t-pf-p01b-tecma\/#breadcrumb\"},\"inLanguage\":\"fr-FR\",\"potentialAction\":[{\"@type\":\"ReadAction\",\"target\":[\"https:\/\/technofluid.it\/prodotto\/pompa-tecma-maceratore-24v-codice-t-pf-p01b-tecma\/\"]}]},{\"@type\":\"ImageObject\",\"inLanguage\":\"fr-FR\",\"@id\":\"https:\/\/technofluid.it\/prodotto\/pompa-tecma-maceratore-24v-codice-t-pf-p01b-tecma\/#primaryimage\",\"url\":\"https:\/\/technofluid.it\/wp-content\/uploads\/2026\/01\/111-POMPA-TECMA-MACERATORE-24-V-CODICE-T-PF.P01B-TECMA.jpg\",\"contentUrl\":\"https:\/\/technofluid.it\/wp-content\/uploads\/2026\/01\/111-POMPA-TECMA-MACERATORE-24-V-CODICE-T-PF.P01B-TECMA.jpg\",\"width\":800,\"height\":800,\"caption\":\"Pompa Tecma maceratore 24V, codice T-PF.P01B, ideale per impianti idraulici, compatibile con sistemi di scarico.\"},{\"@type\":\"BreadcrumbList\",\"@id\":\"https:\/\/technofluid.it\/prodotto\/pompa-tecma-maceratore-24v-codice-t-pf-p01b-tecma\/#breadcrumb\",\"itemListElement\":[{\"@type\":\"ListItem\",\"position\":1,\"name\":\"Home\",\"item\":\"https:\/\/technofluid.it\/\"},{\"@type\":\"ListItem\",\"position\":2,\"name\":\"Shop\",\"item\":\"https:\/\/technofluid.it\/shop\/\"},{\"@type\":\"ListItem\",\"position\":3,\"name\":\"Pompa Tecma maceratore 24&nbsp;V &ndash; codice: T-PF.P01B &ndash; Tecma\"}]},{\"@type\":\"WebSite\",\"@id\":\"https:\/\/technofluid.it\/#website\",\"url\":\"https:\/\/technofluid.it\/\",\"name\":\"Technofluid S.R.L.\",\"description\":\"Dal 1999 siamo specializzati nell&#039;impiantistica navale, idraulica, civile e industriale\",\"publisher\":{\"@id\":\"https:\/\/technofluid.it\/#organization\"},\"potentialAction\":[{\"@type\":\"SearchAction\",\"target\":{\"@type\":\"EntryPoint\",\"urlTemplate\":\"https:\/\/technofluid.it\/?s={search_term_string}\"},\"query-input\":{\"@type\":\"PropertyValueSpecification\",\"valueRequired\":true,\"valueName\":\"search_term_string\"}}],\"inLanguage\":\"fr-FR\"},{\"@type\":\"Organization\",\"@id\":\"https:\/\/technofluid.it\/#organization\",\"name\":\"Technofluid\",\"url\":\"https:\/\/technofluid.it\/\",\"logo\":{\"@type\":\"ImageObject\",\"inLanguage\":\"fr-FR\",\"@id\":\"https:\/\/technofluid.it\/#\/schema\/logo\/image\/\",\"url\":\"https:\/\/technofluid.it\/wp-content\/uploads\/2025\/12\/technofluid_bianco-logo.webp\",\"contentUrl\":\"https:\/\/technofluid.it\/wp-content\/uploads\/2025\/12\/technofluid_bianco-logo.webp\",\"width\":350,\"height\":116,\"caption\":\"Technofluid\"},\"image\":{\"@id\":\"https:\/\/technofluid.it\/#\/schema\/logo\/image\/\"},\"description\":\"La Technofluid S.r.l. nasce nel 1999 a Barcellona Pozzo di Gotto, in provincia di Messina, con l\u2019obiettivo di diventare un punto di riferimento nel settore dell\u2019impiantistica navale, idraulica, civile e industriale.\",\"email\":\"info@technofluid.it\",\"telephone\":\"0907386877\",\"legalName\":\"Technofluid S.R.L\",\"vatID\":\"IT03148240835\",\"taxID\":\"03148240835\",\"ownershipFundingInfo\":\"https:\/\/technofluid.it\/azienda\/\"}]}<\/script>\n<meta property=\"product:price:amount\" content=\"236.00\" \/>\n<meta property=\"product:price:currency\" content=\"EUR\" \/>\n<meta property=\"og:availability\" content=\"instock\" \/>\n<meta property=\"product:availability\" content=\"instock\" \/>\n<meta property=\"product:retailer_item_id\" content=\"TEC000000006\" \/>\n<meta property=\"product:condition\" content=\"new\" \/>\n<!-- \/ Yoast SEO Premium plugin. -->","yoast_head_json":{"title":"Pompe Mac\u00e9rateur Tecma 24V - Code T-PF.P01B","description":"D\u00e9couvrez la pompe mac\u00e9ratrice Tecma 24V T-PF.P01B pour une \u00e9vacuation WC efficace. Achetez maintenant et am\u00e9liorez votre installation hydraulique !","robots":{"index":"index","follow":"follow","max-snippet":"max-snippet:-1","max-image-preview":"max-image-preview:large","max-video-preview":"max-video-preview:-1"},"canonical":"https:\/\/technofluid.it\/fr\/produit\/pompe-tecma-macerateur-24v-code-t-pf-p01b-tecma-2\/","og_locale":"fr_FR","og_type":"article","og_title":"Pompa Tecma maceratore 24&nbsp;V &ndash; codice: T-PF.P01B &ndash; Tecma","og_description":"Scopri la pompa maceratore Tecma 24V T-PF.P01B per scarico WC efficiente. Acquista ora e migliora il tuo impianto idraulico!","og_url":"https:\/\/technofluid.it\/fr\/produit\/pompe-tecma-macerateur-24v-code-t-pf-p01b-tecma-2\/","og_site_name":"Technofluid","article_modified_time":"2026-04-15T08:47:42+00:00","og_image":[{"width":800,"height":800,"url":"https:\/\/technofluid.it\/wp-content\/uploads\/2026\/01\/111-POMPA-TECMA-MACERATORE-24-V-CODICE-T-PF.P01B-TECMA.jpg","type":"image\/jpeg"}],"twitter_card":"summary_large_image","twitter_misc":{"Prix":"236,00&nbsp;&euro; Iva esclusa","Disponibilit\u00e9":"En stock"},"schema":{"@context":"https:\/\/schema.org","@graph":[{"@type":"WebPage","@id":"https:\/\/technofluid.it\/prodotto\/pompa-tecma-maceratore-24v-codice-t-pf-p01b-tecma\/","url":"https:\/\/technofluid.it\/prodotto\/pompa-tecma-maceratore-24v-codice-t-pf-p01b-tecma\/","name":"Pompe Mac\u00e9rateur Tecma 24V - Code T-PF.P01B","isPartOf":{"@id":"https:\/\/technofluid.it\/#website"},"primaryImageOfPage":{"@id":"https:\/\/technofluid.it\/prodotto\/pompa-tecma-maceratore-24v-codice-t-pf-p01b-tecma\/#primaryimage"},"image":{"@id":"https:\/\/technofluid.it\/prodotto\/pompa-tecma-maceratore-24v-codice-t-pf-p01b-tecma\/#primaryimage"},"thumbnailUrl":"https:\/\/technofluid.it\/wp-content\/uploads\/2026\/01\/111-POMPA-TECMA-MACERATORE-24-V-CODICE-T-PF.P01B-TECMA.jpg","datePublished":"2025-10-25T00:03:29+00:00","dateModified":"2026-04-15T08:47:42+00:00","description":"D\u00e9couvrez la pompe mac\u00e9ratrice Tecma 24V T-PF.P01B pour une \u00e9vacuation WC efficace. Achetez maintenant et am\u00e9liorez votre installation hydraulique !","breadcrumb":{"@id":"https:\/\/technofluid.it\/prodotto\/pompa-tecma-maceratore-24v-codice-t-pf-p01b-tecma\/#breadcrumb"},"inLanguage":"fr-FR","potentialAction":[{"@type":"ReadAction","target":["https:\/\/technofluid.it\/prodotto\/pompa-tecma-maceratore-24v-codice-t-pf-p01b-tecma\/"]}]},{"@type":"ImageObject","inLanguage":"fr-FR","@id":"https:\/\/technofluid.it\/prodotto\/pompa-tecma-maceratore-24v-codice-t-pf-p01b-tecma\/#primaryimage","url":"https:\/\/technofluid.it\/wp-content\/uploads\/2026\/01\/111-POMPA-TECMA-MACERATORE-24-V-CODICE-T-PF.P01B-TECMA.jpg","contentUrl":"https:\/\/technofluid.it\/wp-content\/uploads\/2026\/01\/111-POMPA-TECMA-MACERATORE-24-V-CODICE-T-PF.P01B-TECMA.jpg","width":800,"height":800,"caption":"Pompa Tecma maceratore 24V, codice T-PF.P01B, ideale per impianti idraulici, compatibile con sistemi di scarico."},{"@type":"BreadcrumbList","@id":"https:\/\/technofluid.it\/prodotto\/pompa-tecma-maceratore-24v-codice-t-pf-p01b-tecma\/#breadcrumb","itemListElement":[{"@type":"ListItem","position":1,"name":"Home","item":"https:\/\/technofluid.it\/"},{"@type":"ListItem","position":2,"name":"Shop","item":"https:\/\/technofluid.it\/shop\/"},{"@type":"ListItem","position":3,"name":"Pompa Tecma maceratore 24&nbsp;V &ndash; codice: T-PF.P01B &ndash; Tecma"}]},{"@type":"WebSite","@id":"https:\/\/technofluid.it\/#website","url":"https:\/\/technofluid.it\/","name":"Technofluid S.R.L.","description":"Depuis 1999, nous sommes sp\u00e9cialis\u00e9s dans les installations marines, de plomberie, civiles et industrielles.","publisher":{"@id":"https:\/\/technofluid.it\/#organization"},"potentialAction":[{"@type":"SearchAction","target":{"@type":"EntryPoint","urlTemplate":"https:\/\/technofluid.it\/?s={search_term_string}"},"query-input":{"@type":"PropertyValueSpecification","valueRequired":true,"valueName":"search_term_string"}}],"inLanguage":"fr-FR"},{"@type":"Organization","@id":"https:\/\/technofluid.it\/#organization","name":"Technofluid","url":"https:\/\/technofluid.it\/","logo":{"@type":"ImageObject","inLanguage":"fr-FR","@id":"https:\/\/technofluid.it\/#\/schema\/logo\/image\/","url":"https:\/\/technofluid.it\/wp-content\/uploads\/2025\/12\/technofluid_bianco-logo.webp","contentUrl":"https:\/\/technofluid.it\/wp-content\/uploads\/2025\/12\/technofluid_bianco-logo.webp","width":350,"height":116,"caption":"Technofluid"},"image":{"@id":"https:\/\/technofluid.it\/#\/schema\/logo\/image\/"},"description":"La Technofluid S.r.l. est n\u00e9e en 1999 \u00e0 Barcellona Pozzo di Gotto, dans la province de Messine, avec l'objectif de devenir un point de r\u00e9f\u00e9rence dans le secteur de l'installation navale, hydraulique, civile et industrielle.","email":"info@technofluid.it","telephone":"0907386877","legalName":"Technofluid S.R.L","vatID":"IT03148240835","taxID":"03148240835","ownershipFundingInfo":"https:\/\/technofluid.it\/azienda\/"}]},"product_price_amount":"236.00","product_price_currency":"EUR","og_availability":"instock","product_availability":"instock","product_retailer_item_id":"TEC000000006","product_condition":"new"},"_links":{"self":[{"href":"https:\/\/technofluid.it\/fr\/wp-json\/wp\/v2\/product\/30753","targetHints":{"allow":["GET"]}}],"collection":[{"href":"https:\/\/technofluid.it\/fr\/wp-json\/wp\/v2\/product"}],"about":[{"href":"https:\/\/technofluid.it\/fr\/wp-json\/wp\/v2\/types\/product"}],"replies":[{"embeddable":true,"href":"https:\/\/technofluid.it\/fr\/wp-json\/wp\/v2\/comments?post=30753"}],"version-history":[{"count":1,"href":"https:\/\/technofluid.it\/fr\/wp-json\/wp\/v2\/product\/30753\/revisions"}],"predecessor-version":[{"id":52833,"href":"https:\/\/technofluid.it\/fr\/wp-json\/wp\/v2\/product\/30753\/revisions\/52833"}],"wp:featuredmedia":[{"embeddable":true,"href":"https:\/\/technofluid.it\/fr\/wp-json\/wp\/v2\/media\/40739"}],"wp:attachment":[{"href":"https:\/\/technofluid.it\/fr\/wp-json\/wp\/v2\/media?parent=30753"}],"wp:term":[{"taxonomy":"product_brand","embeddable":true,"href":"https:\/\/technofluid.it\/fr\/wp-json\/wp\/v2\/product_brand?post=30753"},{"taxonomy":"product_cat","embeddable":true,"href":"https:\/\/technofluid.it\/fr\/wp-json\/wp\/v2\/product_cat?post=30753"},{"taxonomy":"product_tag","embeddable":true,"href":"https:\/\/technofluid.it\/fr\/wp-json\/wp\/v2\/product_tag?post=30753"}],"curies":[{"name":"wp","href":"https:\/\/api.w.org\/{rel}","templated":true}]}}