{"id":30748,"date":"2025-10-25T00:03:28","date_gmt":"2025-10-25T00:03:28","guid":{"rendered":"https:\/\/technofluid.it\/prodotto\/pompa-sentina-4-membrane-24v-17-l-codice-16-525-24-osculati\/"},"modified":"2026-04-15T11:10:40","modified_gmt":"2026-04-15T10:10:40","slug":"pompa-sentina-4-membrane-24v-17-l-codice-16-525-24-osculati","status":"publish","type":"product","link":"https:\/\/technofluid.it\/fr\/produit\/pompe-de-cale-4-membranes-24v-17-l-code-16-525-24-osculati-2\/","title":{"rendered":"Pompe de cale 4 membranes 24V 17 L \u2013 code : 16.525.24 \u2013 Osculati"},"content":{"rendered":"<p>Pompe de cale 4 membranes 24V 17 L \u2013 code : 16.525.24 \u2013 Osculati<\/p>","protected":false},"excerpt":{"rendered":"<p>POMPA SENTINA 4 MEMBRANE 24V 17 L &#8211; CODICE 16.525.24 &#8211; OSCULATI<\/p>","protected":false},"featured_media":40718,"comment_status":"open","ping_status":"closed","template":"","meta":{"_acf_changed":false,"_monsterinsights_skip_tracking":false,"_monsterinsights_sitenote_active":false,"_monsterinsights_sitenote_note":"","_monsterinsights_sitenote_category":0,"site-sidebar-layout":"default","site-content-layout":"","ast-site-content-layout":"default","site-content-style":"default","site-sidebar-style":"default","ast-global-header-display":"","ast-banner-title-visibility":"","ast-main-header-display":"","ast-hfb-above-header-display":"","ast-hfb-below-header-display":"","ast-hfb-mobile-header-display":"","site-post-title":"","ast-breadcrumbs-content":"","ast-featured-img":"","footer-sml-layout":"","ast-disable-related-posts":"","theme-transparent-header-meta":"","adv-header-id-meta":"","stick-header-meta":"","header-above-stick-meta":"","header-main-stick-meta":"","header-below-stick-meta":"","astra-migrate-meta-layouts":"default","ast-page-background-enabled":"default","ast-page-background-meta":{"desktop":{"background-color":"var(--ast-global-color-5)","background-image":"","background-repeat":"repeat","background-position":"center center","background-size":"auto","background-attachment":"scroll","background-type":"","background-media":"","overlay-type":"","overlay-color":"","overlay-opacity":"","overlay-gradient":""},"tablet":{"background-color":"","background-image":"","background-repeat":"repeat","background-position":"center center","background-size":"auto","background-attachment":"scroll","background-type":"","background-media":"","overlay-type":"","overlay-color":"","overlay-opacity":"","overlay-gradient":""},"mobile":{"background-color":"","background-image":"","background-repeat":"repeat","background-position":"center center","background-size":"auto","background-attachment":"scroll","background-type":"","background-media":"","overlay-type":"","overlay-color":"","overlay-opacity":"","overlay-gradient":""}},"ast-content-background-meta":{"desktop":{"background-color":"var(--ast-global-color-4)","background-image":"","background-repeat":"repeat","background-position":"center center","background-size":"auto","background-attachment":"scroll","background-type":"","background-media":"","overlay-type":"","overlay-color":"","overlay-opacity":"","overlay-gradient":""},"tablet":{"background-color":"var(--ast-global-color-4)","background-image":"","background-repeat":"repeat","background-position":"center center","background-size":"auto","background-attachment":"scroll","background-type":"","background-media":"","overlay-type":"","overlay-color":"","overlay-opacity":"","overlay-gradient":""},"mobile":{"background-color":"var(--ast-global-color-4)","background-image":"","background-repeat":"repeat","background-position":"center center","background-size":"auto","background-attachment":"scroll","background-type":"","background-media":"","overlay-type":"","overlay-color":"","overlay-opacity":"","overlay-gradient":""}}},"product_brand":[],"product_cat":[84,8155],"product_tag":[6826,6827],"class_list":{"0":"post-30748","1":"product","2":"type-product","3":"status-publish","4":"has-post-thumbnail","6":"product_cat-idraulica-e-ferramenta","7":"product_cat-pompe-sentina","8":"product_tag-16-525-24-osculati","9":"product_tag-pompa-sentina-4-membrane-24v-17","10":"pa_supplier-osculati-s-r-l","11":"desktop-align-left","12":"tablet-align-left","13":"mobile-align-left","15":"first","16":"instock","17":"taxable","18":"shipping-taxable","19":"purchasable","20":"product-type-simple"},"acf":[],"yoast_head":"<!-- This site is optimized with the Yoast SEO Premium plugin v26.7 (Yoast SEO v26.9) - https:\/\/yoast.com\/product\/yoast-seo-premium-wordpress\/ -->\n<title>Pompa sentina 24V 4 membrane 17L - Osculati codice 16.525.24<\/title>\n<meta name=\"description\" content=\"Scopri la pompa sentina 24V 4 membrane da 17L Osculati, codice 16.525.24. Affidabilit\u00e0 e prestazioni per la tua barca. Acquista ora!\" \/>\n<meta name=\"robots\" content=\"index, follow, max-snippet:-1, max-image-preview:large, max-video-preview:-1\" \/>\n<link rel=\"canonical\" href=\"https:\/\/technofluid.it\/fr\/produit\/pompe-de-cale-4-membranes-24v-17-l-code-16-525-24-osculati-2\/\" \/>\n<meta property=\"og:locale\" content=\"fr_FR\" \/>\n<meta property=\"og:type\" content=\"article\" \/>\n<meta property=\"og:title\" content=\"Pompa sentina 4 membrane 24V 17 L - codice: 16.525.24 - Osculati\" \/>\n<meta property=\"og:description\" content=\"Scopri la pompa sentina 24V 4 membrane da 17L Osculati, codice 16.525.24. Affidabilit\u00e0 e prestazioni per la tua barca. Acquista ora!\" \/>\n<meta property=\"og:url\" content=\"https:\/\/technofluid.it\/fr\/produit\/pompe-de-cale-4-membranes-24v-17-l-code-16-525-24-osculati-2\/\" \/>\n<meta property=\"og:site_name\" content=\"Technofluid\" \/>\n<meta property=\"article:modified_time\" content=\"2026-04-15T10:10:40+00:00\" \/>\n<meta property=\"og:image\" content=\"https:\/\/technofluid.it\/wp-content\/uploads\/2026\/01\/4283-Pompa-sentina-4-membrane-24V-17-L-codice-16.525.24-Osculati.jpg\" \/>\n\t<meta property=\"og:image:width\" content=\"800\" \/>\n\t<meta property=\"og:image:height\" content=\"627\" \/>\n\t<meta property=\"og:image:type\" content=\"image\/jpeg\" \/>\n<meta name=\"twitter:card\" content=\"summary_large_image\" \/>\n<meta name=\"twitter:label1\" content=\"Prix\" \/>\n\t<meta name=\"twitter:data1\" content=\"55,07&nbsp;&euro; Iva esclusa\" \/>\n\t<meta name=\"twitter:label2\" content=\"Disponibilit\u00e9\" \/>\n\t<meta name=\"twitter:data2\" content=\"En stock\" \/>\n<script type=\"application\/ld+json\" class=\"yoast-schema-graph\">{\"@context\":\"https:\/\/schema.org\",\"@graph\":[{\"@type\":\"WebPage\",\"@id\":\"https:\/\/technofluid.it\/prodotto\/pompa-sentina-4-membrane-24v-17-l-codice-16-525-24-osculati\/\",\"url\":\"https:\/\/technofluid.it\/prodotto\/pompa-sentina-4-membrane-24v-17-l-codice-16-525-24-osculati\/\",\"name\":\"Pompa sentina 24V 4 membrane 17L - Osculati codice 16.525.24\",\"isPartOf\":{\"@id\":\"https:\/\/technofluid.it\/#website\"},\"primaryImageOfPage\":{\"@id\":\"https:\/\/technofluid.it\/prodotto\/pompa-sentina-4-membrane-24v-17-l-codice-16-525-24-osculati\/#primaryimage\"},\"image\":{\"@id\":\"https:\/\/technofluid.it\/prodotto\/pompa-sentina-4-membrane-24v-17-l-codice-16-525-24-osculati\/#primaryimage\"},\"thumbnailUrl\":\"https:\/\/technofluid.it\/wp-content\/uploads\/2026\/01\/4283-Pompa-sentina-4-membrane-24V-17-L-codice-16.525.24-Osculati.jpg\",\"datePublished\":\"2025-10-25T00:03:28+00:00\",\"dateModified\":\"2026-04-15T10:10:40+00:00\",\"description\":\"Scopri la pompa sentina 24V 4 membrane da 17L Osculati, codice 16.525.24. Affidabilit\u00e0 e prestazioni per la tua barca. Acquista ora!\",\"breadcrumb\":{\"@id\":\"https:\/\/technofluid.it\/prodotto\/pompa-sentina-4-membrane-24v-17-l-codice-16-525-24-osculati\/#breadcrumb\"},\"inLanguage\":\"fr-FR\",\"potentialAction\":[{\"@type\":\"ReadAction\",\"target\":[\"https:\/\/technofluid.it\/prodotto\/pompa-sentina-4-membrane-24v-17-l-codice-16-525-24-osculati\/\"]}]},{\"@type\":\"ImageObject\",\"inLanguage\":\"fr-FR\",\"@id\":\"https:\/\/technofluid.it\/prodotto\/pompa-sentina-4-membrane-24v-17-l-codice-16-525-24-osculati\/#primaryimage\",\"url\":\"https:\/\/technofluid.it\/wp-content\/uploads\/2026\/01\/4283-Pompa-sentina-4-membrane-24V-17-L-codice-16.525.24-Osculati.jpg\",\"contentUrl\":\"https:\/\/technofluid.it\/wp-content\/uploads\/2026\/01\/4283-Pompa-sentina-4-membrane-24V-17-L-codice-16.525.24-Osculati.jpg\",\"width\":800,\"height\":627,\"caption\":\"Pompa sentina a 4 membrane, alimentazione 24V, perfetta per il sistema di scarico acqua a bordo.\"},{\"@type\":\"BreadcrumbList\",\"@id\":\"https:\/\/technofluid.it\/prodotto\/pompa-sentina-4-membrane-24v-17-l-codice-16-525-24-osculati\/#breadcrumb\",\"itemListElement\":[{\"@type\":\"ListItem\",\"position\":1,\"name\":\"Home\",\"item\":\"https:\/\/technofluid.it\/\"},{\"@type\":\"ListItem\",\"position\":2,\"name\":\"Shop\",\"item\":\"https:\/\/technofluid.it\/shop\/\"},{\"@type\":\"ListItem\",\"position\":3,\"name\":\"Pompa sentina 4 membrane 24V 17 L &#8211; codice: 16.525.24 &#8211; Osculati\"}]},{\"@type\":\"WebSite\",\"@id\":\"https:\/\/technofluid.it\/#website\",\"url\":\"https:\/\/technofluid.it\/\",\"name\":\"Technofluid S.R.L.\",\"description\":\"Dal 1999 siamo specializzati nell&#039;impiantistica navale, idraulica, civile e industriale\",\"publisher\":{\"@id\":\"https:\/\/technofluid.it\/#organization\"},\"potentialAction\":[{\"@type\":\"SearchAction\",\"target\":{\"@type\":\"EntryPoint\",\"urlTemplate\":\"https:\/\/technofluid.it\/?s={search_term_string}\"},\"query-input\":{\"@type\":\"PropertyValueSpecification\",\"valueRequired\":true,\"valueName\":\"search_term_string\"}}],\"inLanguage\":\"fr-FR\"},{\"@type\":\"Organization\",\"@id\":\"https:\/\/technofluid.it\/#organization\",\"name\":\"Technofluid\",\"url\":\"https:\/\/technofluid.it\/\",\"logo\":{\"@type\":\"ImageObject\",\"inLanguage\":\"fr-FR\",\"@id\":\"https:\/\/technofluid.it\/#\/schema\/logo\/image\/\",\"url\":\"https:\/\/technofluid.it\/wp-content\/uploads\/2025\/12\/technofluid_bianco-logo.webp\",\"contentUrl\":\"https:\/\/technofluid.it\/wp-content\/uploads\/2025\/12\/technofluid_bianco-logo.webp\",\"width\":350,\"height\":116,\"caption\":\"Technofluid\"},\"image\":{\"@id\":\"https:\/\/technofluid.it\/#\/schema\/logo\/image\/\"},\"description\":\"La Technofluid S.r.l. nasce nel 1999 a Barcellona Pozzo di Gotto, in provincia di Messina, con l\u2019obiettivo di diventare un punto di riferimento nel settore dell\u2019impiantistica navale, idraulica, civile e industriale.\",\"email\":\"info@technofluid.it\",\"telephone\":\"0907386877\",\"legalName\":\"Technofluid S.R.L\",\"vatID\":\"IT03148240835\",\"taxID\":\"03148240835\",\"ownershipFundingInfo\":\"https:\/\/technofluid.it\/azienda\/\"}]}<\/script>\n<meta property=\"product:price:amount\" content=\"55.07\" \/>\n<meta property=\"product:price:currency\" content=\"EUR\" \/>\n<meta property=\"og:availability\" content=\"instock\" \/>\n<meta property=\"product:availability\" content=\"instock\" \/>\n<meta property=\"product:retailer_item_id\" content=\"OSCU0000001212\" \/>\n<meta property=\"product:condition\" content=\"new\" \/>\n<!-- \/ Yoast SEO Premium plugin. -->","yoast_head_json":{"title":"Pompe de cale 24V 4 membranes 17L - Osculati code 16.525.24","description":"D\u00e9couvrez la pompe de cale 24V 4 membranes de 17L Osculati, code 16.525.24. Fiabilit\u00e9 et performances pour votre bateau. Achetez maintenant !","robots":{"index":"index","follow":"follow","max-snippet":"max-snippet:-1","max-image-preview":"max-image-preview:large","max-video-preview":"max-video-preview:-1"},"canonical":"https:\/\/technofluid.it\/fr\/produit\/pompe-de-cale-4-membranes-24v-17-l-code-16-525-24-osculati-2\/","og_locale":"fr_FR","og_type":"article","og_title":"Pompa sentina 4 membrane 24V 17 L - codice: 16.525.24 - Osculati","og_description":"Scopri la pompa sentina 24V 4 membrane da 17L Osculati, codice 16.525.24. Affidabilit\u00e0 e prestazioni per la tua barca. Acquista ora!","og_url":"https:\/\/technofluid.it\/fr\/produit\/pompe-de-cale-4-membranes-24v-17-l-code-16-525-24-osculati-2\/","og_site_name":"Technofluid","article_modified_time":"2026-04-15T10:10:40+00:00","og_image":[{"width":800,"height":627,"url":"https:\/\/technofluid.it\/wp-content\/uploads\/2026\/01\/4283-Pompa-sentina-4-membrane-24V-17-L-codice-16.525.24-Osculati.jpg","type":"image\/jpeg"}],"twitter_card":"summary_large_image","twitter_misc":{"Prix":"55,07&nbsp;&euro; Iva esclusa","Disponibilit\u00e9":"En stock"},"schema":{"@context":"https:\/\/schema.org","@graph":[{"@type":"WebPage","@id":"https:\/\/technofluid.it\/prodotto\/pompa-sentina-4-membrane-24v-17-l-codice-16-525-24-osculati\/","url":"https:\/\/technofluid.it\/prodotto\/pompa-sentina-4-membrane-24v-17-l-codice-16-525-24-osculati\/","name":"Pompe de cale 24V 4 membranes 17L - Osculati code 16.525.24","isPartOf":{"@id":"https:\/\/technofluid.it\/#website"},"primaryImageOfPage":{"@id":"https:\/\/technofluid.it\/prodotto\/pompa-sentina-4-membrane-24v-17-l-codice-16-525-24-osculati\/#primaryimage"},"image":{"@id":"https:\/\/technofluid.it\/prodotto\/pompa-sentina-4-membrane-24v-17-l-codice-16-525-24-osculati\/#primaryimage"},"thumbnailUrl":"https:\/\/technofluid.it\/wp-content\/uploads\/2026\/01\/4283-Pompa-sentina-4-membrane-24V-17-L-codice-16.525.24-Osculati.jpg","datePublished":"2025-10-25T00:03:28+00:00","dateModified":"2026-04-15T10:10:40+00:00","description":"D\u00e9couvrez la pompe de cale 24V 4 membranes de 17L Osculati, code 16.525.24. Fiabilit\u00e9 et performances pour votre bateau. Achetez maintenant !","breadcrumb":{"@id":"https:\/\/technofluid.it\/prodotto\/pompa-sentina-4-membrane-24v-17-l-codice-16-525-24-osculati\/#breadcrumb"},"inLanguage":"fr-FR","potentialAction":[{"@type":"ReadAction","target":["https:\/\/technofluid.it\/prodotto\/pompa-sentina-4-membrane-24v-17-l-codice-16-525-24-osculati\/"]}]},{"@type":"ImageObject","inLanguage":"fr-FR","@id":"https:\/\/technofluid.it\/prodotto\/pompa-sentina-4-membrane-24v-17-l-codice-16-525-24-osculati\/#primaryimage","url":"https:\/\/technofluid.it\/wp-content\/uploads\/2026\/01\/4283-Pompa-sentina-4-membrane-24V-17-L-codice-16.525.24-Osculati.jpg","contentUrl":"https:\/\/technofluid.it\/wp-content\/uploads\/2026\/01\/4283-Pompa-sentina-4-membrane-24V-17-L-codice-16.525.24-Osculati.jpg","width":800,"height":627,"caption":"Pompa sentina a 4 membrane, alimentazione 24V, perfetta per il sistema di scarico acqua a bordo."},{"@type":"BreadcrumbList","@id":"https:\/\/technofluid.it\/prodotto\/pompa-sentina-4-membrane-24v-17-l-codice-16-525-24-osculati\/#breadcrumb","itemListElement":[{"@type":"ListItem","position":1,"name":"Home","item":"https:\/\/technofluid.it\/"},{"@type":"ListItem","position":2,"name":"Shop","item":"https:\/\/technofluid.it\/shop\/"},{"@type":"ListItem","position":3,"name":"Pompa sentina 4 membrane 24V 17 L &#8211; codice: 16.525.24 &#8211; Osculati"}]},{"@type":"WebSite","@id":"https:\/\/technofluid.it\/#website","url":"https:\/\/technofluid.it\/","name":"Technofluid S.R.L.","description":"Depuis 1999, nous sommes sp\u00e9cialis\u00e9s dans les installations marines, de plomberie, civiles et industrielles.","publisher":{"@id":"https:\/\/technofluid.it\/#organization"},"potentialAction":[{"@type":"SearchAction","target":{"@type":"EntryPoint","urlTemplate":"https:\/\/technofluid.it\/?s={search_term_string}"},"query-input":{"@type":"PropertyValueSpecification","valueRequired":true,"valueName":"search_term_string"}}],"inLanguage":"fr-FR"},{"@type":"Organization","@id":"https:\/\/technofluid.it\/#organization","name":"Technofluid","url":"https:\/\/technofluid.it\/","logo":{"@type":"ImageObject","inLanguage":"fr-FR","@id":"https:\/\/technofluid.it\/#\/schema\/logo\/image\/","url":"https:\/\/technofluid.it\/wp-content\/uploads\/2025\/12\/technofluid_bianco-logo.webp","contentUrl":"https:\/\/technofluid.it\/wp-content\/uploads\/2025\/12\/technofluid_bianco-logo.webp","width":350,"height":116,"caption":"Technofluid"},"image":{"@id":"https:\/\/technofluid.it\/#\/schema\/logo\/image\/"},"description":"La Technofluid S.r.l. est n\u00e9e en 1999 \u00e0 Barcellona Pozzo di Gotto, dans la province de Messine, avec l'objectif de devenir un point de r\u00e9f\u00e9rence dans le secteur de l'installation navale, hydraulique, civile et industrielle.","email":"info@technofluid.it","telephone":"0907386877","legalName":"Technofluid S.R.L","vatID":"IT03148240835","taxID":"03148240835","ownershipFundingInfo":"https:\/\/technofluid.it\/azienda\/"}]},"product_price_amount":"55.07","product_price_currency":"EUR","og_availability":"instock","product_availability":"instock","product_retailer_item_id":"OSCU0000001212","product_condition":"new"},"_links":{"self":[{"href":"https:\/\/technofluid.it\/fr\/wp-json\/wp\/v2\/product\/30748","targetHints":{"allow":["GET"]}}],"collection":[{"href":"https:\/\/technofluid.it\/fr\/wp-json\/wp\/v2\/product"}],"about":[{"href":"https:\/\/technofluid.it\/fr\/wp-json\/wp\/v2\/types\/product"}],"replies":[{"embeddable":true,"href":"https:\/\/technofluid.it\/fr\/wp-json\/wp\/v2\/comments?post=30748"}],"version-history":[{"count":0,"href":"https:\/\/technofluid.it\/fr\/wp-json\/wp\/v2\/product\/30748\/revisions"}],"wp:featuredmedia":[{"embeddable":true,"href":"https:\/\/technofluid.it\/fr\/wp-json\/wp\/v2\/media\/40718"}],"wp:attachment":[{"href":"https:\/\/technofluid.it\/fr\/wp-json\/wp\/v2\/media?parent=30748"}],"wp:term":[{"taxonomy":"product_brand","embeddable":true,"href":"https:\/\/technofluid.it\/fr\/wp-json\/wp\/v2\/product_brand?post=30748"},{"taxonomy":"product_cat","embeddable":true,"href":"https:\/\/technofluid.it\/fr\/wp-json\/wp\/v2\/product_cat?post=30748"},{"taxonomy":"product_tag","embeddable":true,"href":"https:\/\/technofluid.it\/fr\/wp-json\/wp\/v2\/product_tag?post=30748"}],"curies":[{"name":"wp","href":"https:\/\/api.w.org\/{rel}","templated":true}]}}