{"id":30707,"date":"2025-10-25T00:03:23","date_gmt":"2025-10-25T00:03:23","guid":{"rendered":"https:\/\/technofluid.it\/prodotto\/pompa-a-mano-925c-plastimo-codice-p55764-forniture-nautiche-italiane\/"},"modified":"2026-01-21T20:26:29","modified_gmt":"2026-01-21T20:26:29","slug":"pompa-a-mano-925c-plastimo-codice-p55764-forniture-nautiche-italiane","status":"publish","type":"product","link":"https:\/\/technofluid.it\/fr\/produit\/pompe-a-main-925c-plastimo-code-p55764-fournitures-nautiques-italiennes\/","title":{"rendered":"Pompe \u00e0 main 925C Plastimo \u2013 code : P55764 \u2013 Fournitures Nautiques Italiennes"},"content":{"rendered":"<p>Pompe \u00e0 main 925C Plastimo \u2013 code : P55764 \u2013 Fournitures Nautiques Italiennes<\/p>","protected":false},"excerpt":{"rendered":"<p>POMPA A MANO 925C PLASTIMO &#8211; CODICE: P55764 &#8211; FORNITURE NAUTICHE ITALIANE<\/p>","protected":false},"featured_media":40587,"comment_status":"open","ping_status":"closed","template":"","meta":{"_acf_changed":false,"_monsterinsights_skip_tracking":false,"_monsterinsights_sitenote_active":false,"_monsterinsights_sitenote_note":"","_monsterinsights_sitenote_category":0,"site-sidebar-layout":"default","site-content-layout":"","ast-site-content-layout":"default","site-content-style":"default","site-sidebar-style":"default","ast-global-header-display":"","ast-banner-title-visibility":"","ast-main-header-display":"","ast-hfb-above-header-display":"","ast-hfb-below-header-display":"","ast-hfb-mobile-header-display":"","site-post-title":"","ast-breadcrumbs-content":"","ast-featured-img":"","footer-sml-layout":"","ast-disable-related-posts":"","theme-transparent-header-meta":"","adv-header-id-meta":"","stick-header-meta":"","header-above-stick-meta":"","header-main-stick-meta":"","header-below-stick-meta":"","astra-migrate-meta-layouts":"default","ast-page-background-enabled":"default","ast-page-background-meta":{"desktop":{"background-color":"var(--ast-global-color-5)","background-image":"","background-repeat":"repeat","background-position":"center center","background-size":"auto","background-attachment":"scroll","background-type":"","background-media":"","overlay-type":"","overlay-color":"","overlay-opacity":"","overlay-gradient":""},"tablet":{"background-color":"","background-image":"","background-repeat":"repeat","background-position":"center center","background-size":"auto","background-attachment":"scroll","background-type":"","background-media":"","overlay-type":"","overlay-color":"","overlay-opacity":"","overlay-gradient":""},"mobile":{"background-color":"","background-image":"","background-repeat":"repeat","background-position":"center center","background-size":"auto","background-attachment":"scroll","background-type":"","background-media":"","overlay-type":"","overlay-color":"","overlay-opacity":"","overlay-gradient":""}},"ast-content-background-meta":{"desktop":{"background-color":"var(--ast-global-color-4)","background-image":"","background-repeat":"repeat","background-position":"center center","background-size":"auto","background-attachment":"scroll","background-type":"","background-media":"","overlay-type":"","overlay-color":"","overlay-opacity":"","overlay-gradient":""},"tablet":{"background-color":"var(--ast-global-color-4)","background-image":"","background-repeat":"repeat","background-position":"center center","background-size":"auto","background-attachment":"scroll","background-type":"","background-media":"","overlay-type":"","overlay-color":"","overlay-opacity":"","overlay-gradient":""},"mobile":{"background-color":"var(--ast-global-color-4)","background-image":"","background-repeat":"repeat","background-position":"center center","background-size":"auto","background-attachment":"scroll","background-type":"","background-media":"","overlay-type":"","overlay-color":"","overlay-opacity":"","overlay-gradient":""}}},"product_brand":[],"product_cat":[84,85,930],"product_tag":[6717,6718],"class_list":{"0":"post-30707","1":"product","2":"type-product","3":"status-publish","4":"has-post-thumbnail","6":"product_cat-idraulica-e-ferramenta","7":"product_cat-pompe","8":"product_cat-pompe-a-mano","9":"product_tag-p55764","10":"product_tag-forniture-nautiche-italiane-pomp","11":"pa_supplier-forniture-nautiche-italiane-srl","12":"desktop-align-left","13":"tablet-align-left","14":"mobile-align-left","16":"first","17":"instock","18":"taxable","19":"shipping-taxable","20":"purchasable","21":"product-type-simple"},"acf":[],"yoast_head":"<!-- This site is optimized with the Yoast SEO Premium plugin v26.7 (Yoast SEO v26.9) - https:\/\/yoast.com\/product\/yoast-seo-premium-wordpress\/ -->\n<title>Pompa a mano 925C Plastimo - Offerta Forniture Nautiche<\/title>\n<meta name=\"description\" content=\"Scopri la pompa a mano 925C Plastimo, ideale per la nautica. Acquista ora su Forniture Nautiche Italiane con codice P55764!\" \/>\n<meta name=\"robots\" content=\"index, follow, max-snippet:-1, max-image-preview:large, max-video-preview:-1\" \/>\n<link rel=\"canonical\" href=\"https:\/\/technofluid.it\/fr\/produit\/pompe-a-main-925c-plastimo-code-p55764-fournitures-nautiques-italiennes\/\" \/>\n<meta property=\"og:locale\" content=\"fr_FR\" \/>\n<meta property=\"og:type\" content=\"article\" \/>\n<meta property=\"og:title\" content=\"Pompa a mano 925C Plastimo &ndash; codice: P55764 &ndash; Forniture Nautiche Italiane\" \/>\n<meta property=\"og:description\" content=\"Scopri la pompa a mano 925C Plastimo, ideale per la nautica. Acquista ora su Forniture Nautiche Italiane con codice P55764!\" \/>\n<meta property=\"og:url\" content=\"https:\/\/technofluid.it\/fr\/produit\/pompe-a-main-925c-plastimo-code-p55764-fournitures-nautiques-italiennes\/\" \/>\n<meta property=\"og:site_name\" content=\"Technofluid\" \/>\n<meta property=\"article:modified_time\" content=\"2026-01-21T20:26:29+00:00\" \/>\n<meta property=\"og:image\" content=\"https:\/\/technofluid.it\/wp-content\/uploads\/2026\/01\/3826-Pompa-a-mano-925C-Plastimo-codice-P55764-Forniture-Nautiche-Italiane.jpg\" \/>\n\t<meta property=\"og:image:width\" content=\"800\" \/>\n\t<meta property=\"og:image:height\" content=\"800\" \/>\n\t<meta property=\"og:image:type\" content=\"image\/png\" \/>\n<meta name=\"twitter:card\" content=\"summary_large_image\" \/>\n<meta name=\"twitter:label1\" content=\"Prix\" \/>\n\t<meta name=\"twitter:data1\" content=\"143,61&nbsp;&euro; Iva esclusa\" \/>\n\t<meta name=\"twitter:label2\" content=\"Disponibilit\u00e9\" \/>\n\t<meta name=\"twitter:data2\" content=\"En stock\" \/>\n<script type=\"application\/ld+json\" class=\"yoast-schema-graph\">{\"@context\":\"https:\/\/schema.org\",\"@graph\":[{\"@type\":\"WebPage\",\"@id\":\"https:\/\/technofluid.it\/prodotto\/pompa-a-mano-925c-plastimo-codice-p55764-forniture-nautiche-italiane\/\",\"url\":\"https:\/\/technofluid.it\/prodotto\/pompa-a-mano-925c-plastimo-codice-p55764-forniture-nautiche-italiane\/\",\"name\":\"Pompa a mano 925C Plastimo - Offerta Forniture Nautiche\",\"isPartOf\":{\"@id\":\"https:\/\/technofluid.it\/#website\"},\"primaryImageOfPage\":{\"@id\":\"https:\/\/technofluid.it\/prodotto\/pompa-a-mano-925c-plastimo-codice-p55764-forniture-nautiche-italiane\/#primaryimage\"},\"image\":{\"@id\":\"https:\/\/technofluid.it\/prodotto\/pompa-a-mano-925c-plastimo-codice-p55764-forniture-nautiche-italiane\/#primaryimage\"},\"thumbnailUrl\":\"https:\/\/technofluid.it\/wp-content\/uploads\/2026\/01\/3826-Pompa-a-mano-925C-Plastimo-codice-P55764-Forniture-Nautiche-Italiane.jpg\",\"datePublished\":\"2025-10-25T00:03:23+00:00\",\"dateModified\":\"2026-01-21T20:26:29+00:00\",\"description\":\"Scopri la pompa a mano 925C Plastimo, ideale per la nautica. Acquista ora su Forniture Nautiche Italiane con codice P55764!\",\"breadcrumb\":{\"@id\":\"https:\/\/technofluid.it\/prodotto\/pompa-a-mano-925c-plastimo-codice-p55764-forniture-nautiche-italiane\/#breadcrumb\"},\"inLanguage\":\"fr-FR\",\"potentialAction\":[{\"@type\":\"ReadAction\",\"target\":[\"https:\/\/technofluid.it\/prodotto\/pompa-a-mano-925c-plastimo-codice-p55764-forniture-nautiche-italiane\/\"]}]},{\"@type\":\"ImageObject\",\"inLanguage\":\"fr-FR\",\"@id\":\"https:\/\/technofluid.it\/prodotto\/pompa-a-mano-925c-plastimo-codice-p55764-forniture-nautiche-italiane\/#primaryimage\",\"url\":\"https:\/\/technofluid.it\/wp-content\/uploads\/2026\/01\/3826-Pompa-a-mano-925C-Plastimo-codice-P55764-Forniture-Nautiche-Italiane.jpg\",\"contentUrl\":\"https:\/\/technofluid.it\/wp-content\/uploads\/2026\/01\/3826-Pompa-a-mano-925C-Plastimo-codice-P55764-Forniture-Nautiche-Italiane.jpg\",\"width\":800,\"height\":800,\"caption\":\"Pompa manuale 925C Plastimo, ideale per applicazioni nautiche, codice P55764, su pagina di forniture nautiche italiane.\"},{\"@type\":\"BreadcrumbList\",\"@id\":\"https:\/\/technofluid.it\/prodotto\/pompa-a-mano-925c-plastimo-codice-p55764-forniture-nautiche-italiane\/#breadcrumb\",\"itemListElement\":[{\"@type\":\"ListItem\",\"position\":1,\"name\":\"Home\",\"item\":\"https:\/\/technofluid.it\/\"},{\"@type\":\"ListItem\",\"position\":2,\"name\":\"Shop\",\"item\":\"https:\/\/technofluid.it\/shop\/\"},{\"@type\":\"ListItem\",\"position\":3,\"name\":\"Pompa a mano 925C Plastimo &ndash; codice: P55764 &ndash; Forniture Nautiche Italiane\"}]},{\"@type\":\"WebSite\",\"@id\":\"https:\/\/technofluid.it\/#website\",\"url\":\"https:\/\/technofluid.it\/\",\"name\":\"Technofluid S.R.L.\",\"description\":\"Dal 1999 siamo specializzati nell&#039;impiantistica navale, idraulica, civile e industriale\",\"publisher\":{\"@id\":\"https:\/\/technofluid.it\/#organization\"},\"potentialAction\":[{\"@type\":\"SearchAction\",\"target\":{\"@type\":\"EntryPoint\",\"urlTemplate\":\"https:\/\/technofluid.it\/?s={search_term_string}\"},\"query-input\":{\"@type\":\"PropertyValueSpecification\",\"valueRequired\":true,\"valueName\":\"search_term_string\"}}],\"inLanguage\":\"fr-FR\"},{\"@type\":\"Organization\",\"@id\":\"https:\/\/technofluid.it\/#organization\",\"name\":\"Technofluid\",\"url\":\"https:\/\/technofluid.it\/\",\"logo\":{\"@type\":\"ImageObject\",\"inLanguage\":\"fr-FR\",\"@id\":\"https:\/\/technofluid.it\/#\/schema\/logo\/image\/\",\"url\":\"https:\/\/technofluid.it\/wp-content\/uploads\/2025\/12\/technofluid_bianco-logo.webp\",\"contentUrl\":\"https:\/\/technofluid.it\/wp-content\/uploads\/2025\/12\/technofluid_bianco-logo.webp\",\"width\":350,\"height\":116,\"caption\":\"Technofluid\"},\"image\":{\"@id\":\"https:\/\/technofluid.it\/#\/schema\/logo\/image\/\"},\"description\":\"La Technofluid S.r.l. nasce nel 1999 a Barcellona Pozzo di Gotto, in provincia di Messina, con l\u2019obiettivo di diventare un punto di riferimento nel settore dell\u2019impiantistica navale, idraulica, civile e industriale.\",\"email\":\"info@technofluid.it\",\"telephone\":\"0907386877\",\"legalName\":\"Technofluid S.R.L\",\"vatID\":\"IT03148240835\",\"taxID\":\"03148240835\",\"ownershipFundingInfo\":\"https:\/\/technofluid.it\/azienda\/\"}]}<\/script>\n<meta property=\"product:price:amount\" content=\"143.61\" \/>\n<meta property=\"product:price:currency\" content=\"EUR\" \/>\n<meta property=\"og:availability\" content=\"instock\" \/>\n<meta property=\"product:availability\" content=\"instock\" \/>\n<meta property=\"product:retailer_item_id\" content=\"FNI000000231\" \/>\n<meta property=\"product:condition\" content=\"new\" \/>\n<!-- \/ Yoast SEO Premium plugin. -->","yoast_head_json":{"title":"Pompe \u00e0 main 925C Plastimo - Offre Fournitures Nautiques","description":"D\u00e9couvrez la pompe \u00e0 main 925C Plastimo, id\u00e9ale pour la navigation de plaisance. Achetez maintenant sur Forniture Nautiche Italiane avec le code P55764 !","robots":{"index":"index","follow":"follow","max-snippet":"max-snippet:-1","max-image-preview":"max-image-preview:large","max-video-preview":"max-video-preview:-1"},"canonical":"https:\/\/technofluid.it\/fr\/produit\/pompe-a-main-925c-plastimo-code-p55764-fournitures-nautiques-italiennes\/","og_locale":"fr_FR","og_type":"article","og_title":"Pompa a mano 925C Plastimo &ndash; codice: P55764 &ndash; Forniture Nautiche Italiane","og_description":"Scopri la pompa a mano 925C Plastimo, ideale per la nautica. Acquista ora su Forniture Nautiche Italiane con codice P55764!","og_url":"https:\/\/technofluid.it\/fr\/produit\/pompe-a-main-925c-plastimo-code-p55764-fournitures-nautiques-italiennes\/","og_site_name":"Technofluid","article_modified_time":"2026-01-21T20:26:29+00:00","og_image":[{"width":800,"height":800,"url":"https:\/\/technofluid.it\/wp-content\/uploads\/2026\/01\/3826-Pompa-a-mano-925C-Plastimo-codice-P55764-Forniture-Nautiche-Italiane.jpg","type":"image\/png"}],"twitter_card":"summary_large_image","twitter_misc":{"Prix":"143,61&nbsp;&euro; Iva esclusa","Disponibilit\u00e9":"En stock"},"schema":{"@context":"https:\/\/schema.org","@graph":[{"@type":"WebPage","@id":"https:\/\/technofluid.it\/prodotto\/pompa-a-mano-925c-plastimo-codice-p55764-forniture-nautiche-italiane\/","url":"https:\/\/technofluid.it\/prodotto\/pompa-a-mano-925c-plastimo-codice-p55764-forniture-nautiche-italiane\/","name":"Pompe \u00e0 main 925C Plastimo - Offre Fournitures Nautiques","isPartOf":{"@id":"https:\/\/technofluid.it\/#website"},"primaryImageOfPage":{"@id":"https:\/\/technofluid.it\/prodotto\/pompa-a-mano-925c-plastimo-codice-p55764-forniture-nautiche-italiane\/#primaryimage"},"image":{"@id":"https:\/\/technofluid.it\/prodotto\/pompa-a-mano-925c-plastimo-codice-p55764-forniture-nautiche-italiane\/#primaryimage"},"thumbnailUrl":"https:\/\/technofluid.it\/wp-content\/uploads\/2026\/01\/3826-Pompa-a-mano-925C-Plastimo-codice-P55764-Forniture-Nautiche-Italiane.jpg","datePublished":"2025-10-25T00:03:23+00:00","dateModified":"2026-01-21T20:26:29+00:00","description":"D\u00e9couvrez la pompe \u00e0 main 925C Plastimo, id\u00e9ale pour la navigation de plaisance. Achetez maintenant sur Forniture Nautiche Italiane avec le code P55764 !","breadcrumb":{"@id":"https:\/\/technofluid.it\/prodotto\/pompa-a-mano-925c-plastimo-codice-p55764-forniture-nautiche-italiane\/#breadcrumb"},"inLanguage":"fr-FR","potentialAction":[{"@type":"ReadAction","target":["https:\/\/technofluid.it\/prodotto\/pompa-a-mano-925c-plastimo-codice-p55764-forniture-nautiche-italiane\/"]}]},{"@type":"ImageObject","inLanguage":"fr-FR","@id":"https:\/\/technofluid.it\/prodotto\/pompa-a-mano-925c-plastimo-codice-p55764-forniture-nautiche-italiane\/#primaryimage","url":"https:\/\/technofluid.it\/wp-content\/uploads\/2026\/01\/3826-Pompa-a-mano-925C-Plastimo-codice-P55764-Forniture-Nautiche-Italiane.jpg","contentUrl":"https:\/\/technofluid.it\/wp-content\/uploads\/2026\/01\/3826-Pompa-a-mano-925C-Plastimo-codice-P55764-Forniture-Nautiche-Italiane.jpg","width":800,"height":800,"caption":"Pompa manuale 925C Plastimo, ideale per applicazioni nautiche, codice P55764, su pagina di forniture nautiche italiane."},{"@type":"BreadcrumbList","@id":"https:\/\/technofluid.it\/prodotto\/pompa-a-mano-925c-plastimo-codice-p55764-forniture-nautiche-italiane\/#breadcrumb","itemListElement":[{"@type":"ListItem","position":1,"name":"Home","item":"https:\/\/technofluid.it\/"},{"@type":"ListItem","position":2,"name":"Shop","item":"https:\/\/technofluid.it\/shop\/"},{"@type":"ListItem","position":3,"name":"Pompa a mano 925C Plastimo &ndash; codice: P55764 &ndash; Forniture Nautiche Italiane"}]},{"@type":"WebSite","@id":"https:\/\/technofluid.it\/#website","url":"https:\/\/technofluid.it\/","name":"Technofluid S.R.L.","description":"Depuis 1999, nous sommes sp\u00e9cialis\u00e9s dans les installations marines, de plomberie, civiles et industrielles.","publisher":{"@id":"https:\/\/technofluid.it\/#organization"},"potentialAction":[{"@type":"SearchAction","target":{"@type":"EntryPoint","urlTemplate":"https:\/\/technofluid.it\/?s={search_term_string}"},"query-input":{"@type":"PropertyValueSpecification","valueRequired":true,"valueName":"search_term_string"}}],"inLanguage":"fr-FR"},{"@type":"Organization","@id":"https:\/\/technofluid.it\/#organization","name":"Technofluid","url":"https:\/\/technofluid.it\/","logo":{"@type":"ImageObject","inLanguage":"fr-FR","@id":"https:\/\/technofluid.it\/#\/schema\/logo\/image\/","url":"https:\/\/technofluid.it\/wp-content\/uploads\/2025\/12\/technofluid_bianco-logo.webp","contentUrl":"https:\/\/technofluid.it\/wp-content\/uploads\/2025\/12\/technofluid_bianco-logo.webp","width":350,"height":116,"caption":"Technofluid"},"image":{"@id":"https:\/\/technofluid.it\/#\/schema\/logo\/image\/"},"description":"La Technofluid S.r.l. est n\u00e9e en 1999 \u00e0 Barcellona Pozzo di Gotto, dans la province de Messine, avec l'objectif de devenir un point de r\u00e9f\u00e9rence dans le secteur de l'installation navale, hydraulique, civile et industrielle.","email":"info@technofluid.it","telephone":"0907386877","legalName":"Technofluid S.R.L","vatID":"IT03148240835","taxID":"03148240835","ownershipFundingInfo":"https:\/\/technofluid.it\/azienda\/"}]},"product_price_amount":"143.61","product_price_currency":"EUR","og_availability":"instock","product_availability":"instock","product_retailer_item_id":"FNI000000231","product_condition":"new"},"_links":{"self":[{"href":"https:\/\/technofluid.it\/fr\/wp-json\/wp\/v2\/product\/30707","targetHints":{"allow":["GET"]}}],"collection":[{"href":"https:\/\/technofluid.it\/fr\/wp-json\/wp\/v2\/product"}],"about":[{"href":"https:\/\/technofluid.it\/fr\/wp-json\/wp\/v2\/types\/product"}],"replies":[{"embeddable":true,"href":"https:\/\/technofluid.it\/fr\/wp-json\/wp\/v2\/comments?post=30707"}],"version-history":[{"count":0,"href":"https:\/\/technofluid.it\/fr\/wp-json\/wp\/v2\/product\/30707\/revisions"}],"wp:featuredmedia":[{"embeddable":true,"href":"https:\/\/technofluid.it\/fr\/wp-json\/wp\/v2\/media\/40587"}],"wp:attachment":[{"href":"https:\/\/technofluid.it\/fr\/wp-json\/wp\/v2\/media?parent=30707"}],"wp:term":[{"taxonomy":"product_brand","embeddable":true,"href":"https:\/\/technofluid.it\/fr\/wp-json\/wp\/v2\/product_brand?post=30707"},{"taxonomy":"product_cat","embeddable":true,"href":"https:\/\/technofluid.it\/fr\/wp-json\/wp\/v2\/product_cat?post=30707"},{"taxonomy":"product_tag","embeddable":true,"href":"https:\/\/technofluid.it\/fr\/wp-json\/wp\/v2\/product_tag?post=30707"}],"curies":[{"name":"wp","href":"https:\/\/api.w.org\/{rel}","templated":true}]}}