{"id":30696,"date":"2025-10-25T00:03:22","date_gmt":"2025-10-25T00:03:22","guid":{"rendered":"https:\/\/technofluid.it\/prodotto\/plafoniera-led-slim-250-mm-con-interruttore-codice-2145630-motomarine\/"},"modified":"2026-04-15T12:19:51","modified_gmt":"2026-04-15T11:19:51","slug":"plafoniera-led-slim-250-mm-con-interruttore-codice-2145630-motomarine","status":"publish","type":"product","link":"https:\/\/technofluid.it\/fr\/produit\/plafonnier-led-slim-250-mm-avec-interrupteur-code-2145630-motomarine-2\/","title":{"rendered":"Plafonnier Slim LED 250 mm avec interrupteur - R\u00e9f\u00e9rence : 2145630 - Motomarine"},"content":{"rendered":"<p>Plafonnier Slim LED 250 mm avec interrupteur - R\u00e9f\u00e9rence : 2145630 - Motomarine<\/p>","protected":false},"excerpt":{"rendered":"<p>Plafoniera LED 10-30V con corpo sottile in ABS, base in Alluminio Anodizzato e interruttore.<\/p>\n<p>Luce bianca naturale 5500\u00b0K, consumo 2.4W<\/p>","protected":false},"featured_media":40556,"comment_status":"open","ping_status":"closed","template":"","meta":{"_acf_changed":false,"_monsterinsights_skip_tracking":false,"_monsterinsights_sitenote_active":false,"_monsterinsights_sitenote_note":"","_monsterinsights_sitenote_category":0,"site-sidebar-layout":"default","site-content-layout":"","ast-site-content-layout":"default","site-content-style":"default","site-sidebar-style":"default","ast-global-header-display":"","ast-banner-title-visibility":"","ast-main-header-display":"","ast-hfb-above-header-display":"","ast-hfb-below-header-display":"","ast-hfb-mobile-header-display":"","site-post-title":"","ast-breadcrumbs-content":"","ast-featured-img":"","footer-sml-layout":"","ast-disable-related-posts":"","theme-transparent-header-meta":"","adv-header-id-meta":"","stick-header-meta":"","header-above-stick-meta":"","header-main-stick-meta":"","header-below-stick-meta":"","astra-migrate-meta-layouts":"default","ast-page-background-enabled":"default","ast-page-background-meta":{"desktop":{"background-color":"var(--ast-global-color-5)","background-image":"","background-repeat":"repeat","background-position":"center center","background-size":"auto","background-attachment":"scroll","background-type":"","background-media":"","overlay-type":"","overlay-color":"","overlay-opacity":"","overlay-gradient":""},"tablet":{"background-color":"","background-image":"","background-repeat":"repeat","background-position":"center center","background-size":"auto","background-attachment":"scroll","background-type":"","background-media":"","overlay-type":"","overlay-color":"","overlay-opacity":"","overlay-gradient":""},"mobile":{"background-color":"","background-image":"","background-repeat":"repeat","background-position":"center center","background-size":"auto","background-attachment":"scroll","background-type":"","background-media":"","overlay-type":"","overlay-color":"","overlay-opacity":"","overlay-gradient":""}},"ast-content-background-meta":{"desktop":{"background-color":"var(--ast-global-color-4)","background-image":"","background-repeat":"repeat","background-position":"center center","background-size":"auto","background-attachment":"scroll","background-type":"","background-media":"","overlay-type":"","overlay-color":"","overlay-opacity":"","overlay-gradient":""},"tablet":{"background-color":"var(--ast-global-color-4)","background-image":"","background-repeat":"repeat","background-position":"center center","background-size":"auto","background-attachment":"scroll","background-type":"","background-media":"","overlay-type":"","overlay-color":"","overlay-opacity":"","overlay-gradient":""},"mobile":{"background-color":"var(--ast-global-color-4)","background-image":"","background-repeat":"repeat","background-position":"center center","background-size":"auto","background-attachment":"scroll","background-type":"","background-media":"","overlay-type":"","overlay-color":"","overlay-opacity":"","overlay-gradient":""}}},"product_brand":[],"product_cat":[74,75],"product_tag":[6699],"class_list":{"0":"post-30696","1":"product","2":"type-product","3":"status-publish","4":"has-post-thumbnail","6":"product_cat-elettricita-strumentazione","7":"product_cat-luci-e-fanali","8":"product_tag-plafoniera-led-slim-250-mm-con-i","9":"pa_supplier-motomarine-s-r-l","10":"desktop-align-left","11":"tablet-align-left","12":"mobile-align-left","14":"first","15":"instock","16":"taxable","17":"shipping-taxable","18":"purchasable","19":"product-type-simple"},"acf":[],"yoast_head":"<!-- This site is optimized with the Yoast SEO Premium plugin v26.7 (Yoast SEO v26.9) - https:\/\/yoast.com\/product\/yoast-seo-premium-wordpress\/ -->\n<title>Plafoniera LED Slim 250 mm con Interruttore - Motomarine<\/title>\n<meta name=\"description\" content=\"Scopri la plafoniera LED slim 250 mm con interruttore, design compatto e funzionale. Acquista ora su Motomarine!\" \/>\n<meta name=\"robots\" content=\"index, follow, max-snippet:-1, max-image-preview:large, max-video-preview:-1\" \/>\n<link rel=\"canonical\" href=\"https:\/\/technofluid.it\/fr\/produit\/plafonnier-led-slim-250-mm-avec-interrupteur-code-2145630-motomarine-2\/\" \/>\n<meta property=\"og:locale\" content=\"fr_FR\" \/>\n<meta property=\"og:type\" content=\"article\" \/>\n<meta property=\"og:title\" content=\"Plafoniera LED Slim 250 mm con interruttore &ndash; codice: 2145630 &ndash; Motomarine\" \/>\n<meta property=\"og:description\" content=\"Scopri la plafoniera LED slim 250 mm con interruttore, design compatto e funzionale. Acquista ora su Motomarine!\" \/>\n<meta property=\"og:url\" content=\"https:\/\/technofluid.it\/fr\/produit\/plafonnier-led-slim-250-mm-avec-interrupteur-code-2145630-motomarine-2\/\" \/>\n<meta property=\"og:site_name\" content=\"Technofluid\" \/>\n<meta property=\"article:modified_time\" content=\"2026-04-15T11:19:51+00:00\" \/>\n<meta property=\"og:image\" content=\"https:\/\/technofluid.it\/wp-content\/uploads\/2026\/01\/1755-Plafoniera-LED-Slim-250-mm-con-interruttore-codice-2145630-Motomarine.jpg\" \/>\n\t<meta property=\"og:image:width\" content=\"200\" \/>\n\t<meta property=\"og:image:height\" content=\"144\" \/>\n\t<meta property=\"og:image:type\" content=\"image\/jpeg\" \/>\n<meta name=\"twitter:card\" content=\"summary_large_image\" \/>\n<meta name=\"twitter:label1\" content=\"Prix\" \/>\n\t<meta name=\"twitter:data1\" content=\"40,16&nbsp;&euro; Iva esclusa\" \/>\n\t<meta name=\"twitter:label2\" content=\"Disponibilit\u00e9\" \/>\n\t<meta name=\"twitter:data2\" content=\"En stock\" \/>\n<script type=\"application\/ld+json\" class=\"yoast-schema-graph\">{\"@context\":\"https:\/\/schema.org\",\"@graph\":[{\"@type\":\"WebPage\",\"@id\":\"https:\/\/technofluid.it\/prodotto\/plafoniera-led-slim-250-mm-con-interruttore-codice-2145630-motomarine\/\",\"url\":\"https:\/\/technofluid.it\/prodotto\/plafoniera-led-slim-250-mm-con-interruttore-codice-2145630-motomarine\/\",\"name\":\"Plafoniera LED Slim 250 mm con Interruttore - Motomarine\",\"isPartOf\":{\"@id\":\"https:\/\/technofluid.it\/#website\"},\"primaryImageOfPage\":{\"@id\":\"https:\/\/technofluid.it\/prodotto\/plafoniera-led-slim-250-mm-con-interruttore-codice-2145630-motomarine\/#primaryimage\"},\"image\":{\"@id\":\"https:\/\/technofluid.it\/prodotto\/plafoniera-led-slim-250-mm-con-interruttore-codice-2145630-motomarine\/#primaryimage\"},\"thumbnailUrl\":\"https:\/\/technofluid.it\/wp-content\/uploads\/2026\/01\/1755-Plafoniera-LED-Slim-250-mm-con-interruttore-codice-2145630-Motomarine.jpg\",\"datePublished\":\"2025-10-25T00:03:22+00:00\",\"dateModified\":\"2026-04-15T11:19:51+00:00\",\"description\":\"Scopri la plafoniera LED slim 250 mm con interruttore, design compatto e funzionale. Acquista ora su Motomarine!\",\"breadcrumb\":{\"@id\":\"https:\/\/technofluid.it\/prodotto\/plafoniera-led-slim-250-mm-con-interruttore-codice-2145630-motomarine\/#breadcrumb\"},\"inLanguage\":\"fr-FR\",\"potentialAction\":[{\"@type\":\"ReadAction\",\"target\":[\"https:\/\/technofluid.it\/prodotto\/plafoniera-led-slim-250-mm-con-interruttore-codice-2145630-motomarine\/\"]}]},{\"@type\":\"ImageObject\",\"inLanguage\":\"fr-FR\",\"@id\":\"https:\/\/technofluid.it\/prodotto\/plafoniera-led-slim-250-mm-con-interruttore-codice-2145630-motomarine\/#primaryimage\",\"url\":\"https:\/\/technofluid.it\/wp-content\/uploads\/2026\/01\/1755-Plafoniera-LED-Slim-250-mm-con-interruttore-codice-2145630-Motomarine.jpg\",\"contentUrl\":\"https:\/\/technofluid.it\/wp-content\/uploads\/2026\/01\/1755-Plafoniera-LED-Slim-250-mm-con-interruttore-codice-2145630-Motomarine.jpg\",\"width\":200,\"height\":144,\"caption\":\"Plafoniera LED Slim 250 mm con interruttore, codice: 2145630, perfetta per illuminazione efficiente.\"},{\"@type\":\"BreadcrumbList\",\"@id\":\"https:\/\/technofluid.it\/prodotto\/plafoniera-led-slim-250-mm-con-interruttore-codice-2145630-motomarine\/#breadcrumb\",\"itemListElement\":[{\"@type\":\"ListItem\",\"position\":1,\"name\":\"Home\",\"item\":\"https:\/\/technofluid.it\/\"},{\"@type\":\"ListItem\",\"position\":2,\"name\":\"Shop\",\"item\":\"https:\/\/technofluid.it\/shop\/\"},{\"@type\":\"ListItem\",\"position\":3,\"name\":\"Plafoniera LED Slim 250 mm con interruttore &ndash; codice: 2145630 &ndash; Motomarine\"}]},{\"@type\":\"WebSite\",\"@id\":\"https:\/\/technofluid.it\/#website\",\"url\":\"https:\/\/technofluid.it\/\",\"name\":\"Technofluid S.R.L.\",\"description\":\"Dal 1999 siamo specializzati nell&#039;impiantistica navale, idraulica, civile e industriale\",\"publisher\":{\"@id\":\"https:\/\/technofluid.it\/#organization\"},\"potentialAction\":[{\"@type\":\"SearchAction\",\"target\":{\"@type\":\"EntryPoint\",\"urlTemplate\":\"https:\/\/technofluid.it\/?s={search_term_string}\"},\"query-input\":{\"@type\":\"PropertyValueSpecification\",\"valueRequired\":true,\"valueName\":\"search_term_string\"}}],\"inLanguage\":\"fr-FR\"},{\"@type\":\"Organization\",\"@id\":\"https:\/\/technofluid.it\/#organization\",\"name\":\"Technofluid\",\"url\":\"https:\/\/technofluid.it\/\",\"logo\":{\"@type\":\"ImageObject\",\"inLanguage\":\"fr-FR\",\"@id\":\"https:\/\/technofluid.it\/#\/schema\/logo\/image\/\",\"url\":\"https:\/\/technofluid.it\/wp-content\/uploads\/2025\/12\/technofluid_bianco-logo.webp\",\"contentUrl\":\"https:\/\/technofluid.it\/wp-content\/uploads\/2025\/12\/technofluid_bianco-logo.webp\",\"width\":350,\"height\":116,\"caption\":\"Technofluid\"},\"image\":{\"@id\":\"https:\/\/technofluid.it\/#\/schema\/logo\/image\/\"},\"description\":\"La Technofluid S.r.l. nasce nel 1999 a Barcellona Pozzo di Gotto, in provincia di Messina, con l\u2019obiettivo di diventare un punto di riferimento nel settore dell\u2019impiantistica navale, idraulica, civile e industriale.\",\"email\":\"info@technofluid.it\",\"telephone\":\"0907386877\",\"legalName\":\"Technofluid S.R.L\",\"vatID\":\"IT03148240835\",\"taxID\":\"03148240835\",\"ownershipFundingInfo\":\"https:\/\/technofluid.it\/azienda\/\"}]}<\/script>\n<meta property=\"product:price:amount\" content=\"40.16\" \/>\n<meta property=\"product:price:currency\" content=\"EUR\" \/>\n<meta property=\"og:availability\" content=\"instock\" \/>\n<meta property=\"product:availability\" content=\"instock\" \/>\n<meta property=\"product:retailer_item_id\" content=\"MOTO00000071\" \/>\n<meta property=\"product:condition\" content=\"new\" \/>\n<!-- \/ Yoast SEO Premium plugin. -->","yoast_head_json":{"title":"Plafonnier LED Slim 250 mm avec Interrupteur - Motomarine","description":"D\u00e9couvrez le plafonnier LED slim 250 mm avec interrupteur, design compact et fonctionnel. Achetez maintenant sur Motomarine !","robots":{"index":"index","follow":"follow","max-snippet":"max-snippet:-1","max-image-preview":"max-image-preview:large","max-video-preview":"max-video-preview:-1"},"canonical":"https:\/\/technofluid.it\/fr\/produit\/plafonnier-led-slim-250-mm-avec-interrupteur-code-2145630-motomarine-2\/","og_locale":"fr_FR","og_type":"article","og_title":"Plafoniera LED Slim 250 mm con interruttore &ndash; codice: 2145630 &ndash; Motomarine","og_description":"Scopri la plafoniera LED slim 250 mm con interruttore, design compatto e funzionale. Acquista ora su Motomarine!","og_url":"https:\/\/technofluid.it\/fr\/produit\/plafonnier-led-slim-250-mm-avec-interrupteur-code-2145630-motomarine-2\/","og_site_name":"Technofluid","article_modified_time":"2026-04-15T11:19:51+00:00","og_image":[{"width":200,"height":144,"url":"https:\/\/technofluid.it\/wp-content\/uploads\/2026\/01\/1755-Plafoniera-LED-Slim-250-mm-con-interruttore-codice-2145630-Motomarine.jpg","type":"image\/jpeg"}],"twitter_card":"summary_large_image","twitter_misc":{"Prix":"40,16&nbsp;&euro; Iva esclusa","Disponibilit\u00e9":"En stock"},"schema":{"@context":"https:\/\/schema.org","@graph":[{"@type":"WebPage","@id":"https:\/\/technofluid.it\/prodotto\/plafoniera-led-slim-250-mm-con-interruttore-codice-2145630-motomarine\/","url":"https:\/\/technofluid.it\/prodotto\/plafoniera-led-slim-250-mm-con-interruttore-codice-2145630-motomarine\/","name":"Plafonnier LED Slim 250 mm avec Interrupteur - Motomarine","isPartOf":{"@id":"https:\/\/technofluid.it\/#website"},"primaryImageOfPage":{"@id":"https:\/\/technofluid.it\/prodotto\/plafoniera-led-slim-250-mm-con-interruttore-codice-2145630-motomarine\/#primaryimage"},"image":{"@id":"https:\/\/technofluid.it\/prodotto\/plafoniera-led-slim-250-mm-con-interruttore-codice-2145630-motomarine\/#primaryimage"},"thumbnailUrl":"https:\/\/technofluid.it\/wp-content\/uploads\/2026\/01\/1755-Plafoniera-LED-Slim-250-mm-con-interruttore-codice-2145630-Motomarine.jpg","datePublished":"2025-10-25T00:03:22+00:00","dateModified":"2026-04-15T11:19:51+00:00","description":"D\u00e9couvrez le plafonnier LED slim 250 mm avec interrupteur, design compact et fonctionnel. Achetez maintenant sur Motomarine !","breadcrumb":{"@id":"https:\/\/technofluid.it\/prodotto\/plafoniera-led-slim-250-mm-con-interruttore-codice-2145630-motomarine\/#breadcrumb"},"inLanguage":"fr-FR","potentialAction":[{"@type":"ReadAction","target":["https:\/\/technofluid.it\/prodotto\/plafoniera-led-slim-250-mm-con-interruttore-codice-2145630-motomarine\/"]}]},{"@type":"ImageObject","inLanguage":"fr-FR","@id":"https:\/\/technofluid.it\/prodotto\/plafoniera-led-slim-250-mm-con-interruttore-codice-2145630-motomarine\/#primaryimage","url":"https:\/\/technofluid.it\/wp-content\/uploads\/2026\/01\/1755-Plafoniera-LED-Slim-250-mm-con-interruttore-codice-2145630-Motomarine.jpg","contentUrl":"https:\/\/technofluid.it\/wp-content\/uploads\/2026\/01\/1755-Plafoniera-LED-Slim-250-mm-con-interruttore-codice-2145630-Motomarine.jpg","width":200,"height":144,"caption":"Plafoniera LED Slim 250 mm con interruttore, codice: 2145630, perfetta per illuminazione efficiente."},{"@type":"BreadcrumbList","@id":"https:\/\/technofluid.it\/prodotto\/plafoniera-led-slim-250-mm-con-interruttore-codice-2145630-motomarine\/#breadcrumb","itemListElement":[{"@type":"ListItem","position":1,"name":"Home","item":"https:\/\/technofluid.it\/"},{"@type":"ListItem","position":2,"name":"Shop","item":"https:\/\/technofluid.it\/shop\/"},{"@type":"ListItem","position":3,"name":"Plafoniera LED Slim 250 mm con interruttore &ndash; codice: 2145630 &ndash; Motomarine"}]},{"@type":"WebSite","@id":"https:\/\/technofluid.it\/#website","url":"https:\/\/technofluid.it\/","name":"Technofluid S.R.L.","description":"Depuis 1999, nous sommes sp\u00e9cialis\u00e9s dans les installations marines, de plomberie, civiles et industrielles.","publisher":{"@id":"https:\/\/technofluid.it\/#organization"},"potentialAction":[{"@type":"SearchAction","target":{"@type":"EntryPoint","urlTemplate":"https:\/\/technofluid.it\/?s={search_term_string}"},"query-input":{"@type":"PropertyValueSpecification","valueRequired":true,"valueName":"search_term_string"}}],"inLanguage":"fr-FR"},{"@type":"Organization","@id":"https:\/\/technofluid.it\/#organization","name":"Technofluid","url":"https:\/\/technofluid.it\/","logo":{"@type":"ImageObject","inLanguage":"fr-FR","@id":"https:\/\/technofluid.it\/#\/schema\/logo\/image\/","url":"https:\/\/technofluid.it\/wp-content\/uploads\/2025\/12\/technofluid_bianco-logo.webp","contentUrl":"https:\/\/technofluid.it\/wp-content\/uploads\/2025\/12\/technofluid_bianco-logo.webp","width":350,"height":116,"caption":"Technofluid"},"image":{"@id":"https:\/\/technofluid.it\/#\/schema\/logo\/image\/"},"description":"La Technofluid S.r.l. est n\u00e9e en 1999 \u00e0 Barcellona Pozzo di Gotto, dans la province de Messine, avec l'objectif de devenir un point de r\u00e9f\u00e9rence dans le secteur de l'installation navale, hydraulique, civile et industrielle.","email":"info@technofluid.it","telephone":"0907386877","legalName":"Technofluid S.R.L","vatID":"IT03148240835","taxID":"03148240835","ownershipFundingInfo":"https:\/\/technofluid.it\/azienda\/"}]},"product_price_amount":"40.16","product_price_currency":"EUR","og_availability":"instock","product_availability":"instock","product_retailer_item_id":"MOTO00000071","product_condition":"new"},"_links":{"self":[{"href":"https:\/\/technofluid.it\/fr\/wp-json\/wp\/v2\/product\/30696","targetHints":{"allow":["GET"]}}],"collection":[{"href":"https:\/\/technofluid.it\/fr\/wp-json\/wp\/v2\/product"}],"about":[{"href":"https:\/\/technofluid.it\/fr\/wp-json\/wp\/v2\/types\/product"}],"replies":[{"embeddable":true,"href":"https:\/\/technofluid.it\/fr\/wp-json\/wp\/v2\/comments?post=30696"}],"version-history":[{"count":0,"href":"https:\/\/technofluid.it\/fr\/wp-json\/wp\/v2\/product\/30696\/revisions"}],"wp:featuredmedia":[{"embeddable":true,"href":"https:\/\/technofluid.it\/fr\/wp-json\/wp\/v2\/media\/40556"}],"wp:attachment":[{"href":"https:\/\/technofluid.it\/fr\/wp-json\/wp\/v2\/media?parent=30696"}],"wp:term":[{"taxonomy":"product_brand","embeddable":true,"href":"https:\/\/technofluid.it\/fr\/wp-json\/wp\/v2\/product_brand?post=30696"},{"taxonomy":"product_cat","embeddable":true,"href":"https:\/\/technofluid.it\/fr\/wp-json\/wp\/v2\/product_cat?post=30696"},{"taxonomy":"product_tag","embeddable":true,"href":"https:\/\/technofluid.it\/fr\/wp-json\/wp\/v2\/product_tag?post=30696"}],"curies":[{"name":"wp","href":"https:\/\/api.w.org\/{rel}","templated":true}]}}