{"id":30670,"date":"2025-10-25T00:03:19","date_gmt":"2025-10-25T00:03:19","guid":{"rendered":"https:\/\/technofluid.it\/prodotto\/perno-inox-5x12-mm-codice-7878850-forniture-nautiche-italiane\/"},"modified":"2026-01-21T20:42:07","modified_gmt":"2026-01-21T20:42:07","slug":"perno-inox-5x12-mm-codice-7878850-forniture-nautiche-italiane","status":"publish","type":"product","link":"https:\/\/technofluid.it\/fr\/produit\/goupille-inox-5x12-mm-code-7878850-fournitures-nautiques-italiennes\/","title":{"rendered":"Goupille inox 5\u00d712 mm \u2013 code : 7878850 \u2013 Fournitures Nautiques Italiennes"},"content":{"rendered":"<p>Goupille inox 5\u00d712 mm \u2013 code : 7878850 \u2013 Fournitures Nautiques Italiennes<\/p>","protected":false},"excerpt":{"rendered":"<p>Goupilles en acier inoxydable AISI 316<\/p>","protected":false},"featured_media":40492,"comment_status":"open","ping_status":"closed","template":"","meta":{"_acf_changed":false,"_monsterinsights_skip_tracking":false,"_monsterinsights_sitenote_active":false,"_monsterinsights_sitenote_note":"","_monsterinsights_sitenote_category":0,"site-sidebar-layout":"default","site-content-layout":"","ast-site-content-layout":"default","site-content-style":"default","site-sidebar-style":"default","ast-global-header-display":"","ast-banner-title-visibility":"","ast-main-header-display":"","ast-hfb-above-header-display":"","ast-hfb-below-header-display":"","ast-hfb-mobile-header-display":"","site-post-title":"","ast-breadcrumbs-content":"","ast-featured-img":"","footer-sml-layout":"","ast-disable-related-posts":"","theme-transparent-header-meta":"","adv-header-id-meta":"","stick-header-meta":"","header-above-stick-meta":"","header-main-stick-meta":"","header-below-stick-meta":"","astra-migrate-meta-layouts":"default","ast-page-background-enabled":"default","ast-page-background-meta":{"desktop":{"background-color":"var(--ast-global-color-5)","background-image":"","background-repeat":"repeat","background-position":"center center","background-size":"auto","background-attachment":"scroll","background-type":"","background-media":"","overlay-type":"","overlay-color":"","overlay-opacity":"","overlay-gradient":""},"tablet":{"background-color":"","background-image":"","background-repeat":"repeat","background-position":"center center","background-size":"auto","background-attachment":"scroll","background-type":"","background-media":"","overlay-type":"","overlay-color":"","overlay-opacity":"","overlay-gradient":""},"mobile":{"background-color":"","background-image":"","background-repeat":"repeat","background-position":"center center","background-size":"auto","background-attachment":"scroll","background-type":"","background-media":"","overlay-type":"","overlay-color":"","overlay-opacity":"","overlay-gradient":""}},"ast-content-background-meta":{"desktop":{"background-color":"var(--ast-global-color-4)","background-image":"","background-repeat":"repeat","background-position":"center center","background-size":"auto","background-attachment":"scroll","background-type":"","background-media":"","overlay-type":"","overlay-color":"","overlay-opacity":"","overlay-gradient":""},"tablet":{"background-color":"var(--ast-global-color-4)","background-image":"","background-repeat":"repeat","background-position":"center center","background-size":"auto","background-attachment":"scroll","background-type":"","background-media":"","overlay-type":"","overlay-color":"","overlay-opacity":"","overlay-gradient":""},"mobile":{"background-color":"var(--ast-global-color-4)","background-image":"","background-repeat":"repeat","background-position":"center center","background-size":"auto","background-attachment":"scroll","background-type":"","background-media":"","overlay-type":"","overlay-color":"","overlay-opacity":"","overlay-gradient":""}}},"product_brand":[],"product_cat":[139,84],"product_tag":[3132,3164],"class_list":{"0":"post-30670","1":"product","2":"type-product","3":"status-publish","4":"has-post-thumbnail","6":"product_cat-ferramenta","7":"product_cat-idraulica-e-ferramenta","8":"product_tag-inox","9":"product_tag-perno","10":"pa_supplier-forniture-nautiche-italiane-srl","11":"desktop-align-left","12":"tablet-align-left","13":"mobile-align-left","15":"first","16":"instock","17":"taxable","18":"shipping-taxable","19":"purchasable","20":"product-type-simple"},"acf":[],"yoast_head":"<!-- This site is optimized with the Yoast SEO Premium plugin v26.7 (Yoast SEO v26.9) - https:\/\/yoast.com\/product\/yoast-seo-premium-wordpress\/ -->\n<title>Perno Inox 5x12 mm - Qualit\u00e0 Nautica Garantita<\/title>\n<meta name=\"description\" content=\"Scopri il perno inox 5x12 mm, ideale per forniture nautiche. Acquista ora con codice 7878850 e assicurati resistenza e durata.\" \/>\n<meta name=\"robots\" content=\"index, follow, max-snippet:-1, max-image-preview:large, max-video-preview:-1\" \/>\n<link rel=\"canonical\" href=\"https:\/\/technofluid.it\/fr\/produit\/goupille-inox-5x12-mm-code-7878850-fournitures-nautiques-italiennes\/\" \/>\n<meta property=\"og:locale\" content=\"fr_FR\" \/>\n<meta property=\"og:type\" content=\"article\" \/>\n<meta property=\"og:title\" content=\"Perno inox 5x12 mm &ndash; codice: 7878850 &ndash; Forniture Nautiche Italiane\" \/>\n<meta property=\"og:description\" content=\"Scopri il perno inox 5x12 mm, ideale per forniture nautiche. Acquista ora con codice 7878850 e assicurati resistenza e durata.\" \/>\n<meta property=\"og:url\" content=\"https:\/\/technofluid.it\/fr\/produit\/goupille-inox-5x12-mm-code-7878850-fournitures-nautiques-italiennes\/\" \/>\n<meta property=\"og:site_name\" content=\"Technofluid\" \/>\n<meta property=\"article:modified_time\" content=\"2026-01-21T20:42:07+00:00\" \/>\n<meta property=\"og:image\" content=\"https:\/\/technofluid.it\/wp-content\/uploads\/2026\/01\/1646-Perno-inox-5x12-mm-codice-7878850-Forniture-Nautiche-Italiane.jpg\" \/>\n\t<meta property=\"og:image:width\" content=\"540\" \/>\n\t<meta property=\"og:image:height\" content=\"540\" \/>\n\t<meta property=\"og:image:type\" content=\"image\/png\" \/>\n<meta name=\"twitter:card\" content=\"summary_large_image\" \/>\n<meta name=\"twitter:label1\" content=\"Prix\" \/>\n\t<meta name=\"twitter:data1\" content=\"1,23&nbsp;&euro; Iva esclusa\" \/>\n\t<meta name=\"twitter:label2\" content=\"Disponibilit\u00e9\" \/>\n\t<meta name=\"twitter:data2\" content=\"En stock\" \/>\n<script type=\"application\/ld+json\" class=\"yoast-schema-graph\">{\"@context\":\"https:\/\/schema.org\",\"@graph\":[{\"@type\":\"WebPage\",\"@id\":\"https:\/\/technofluid.it\/prodotto\/perno-inox-5x12-mm-codice-7878850-forniture-nautiche-italiane\/\",\"url\":\"https:\/\/technofluid.it\/prodotto\/perno-inox-5x12-mm-codice-7878850-forniture-nautiche-italiane\/\",\"name\":\"Perno Inox 5x12 mm - Qualit\u00e0 Nautica Garantita\",\"isPartOf\":{\"@id\":\"https:\/\/technofluid.it\/#website\"},\"primaryImageOfPage\":{\"@id\":\"https:\/\/technofluid.it\/prodotto\/perno-inox-5x12-mm-codice-7878850-forniture-nautiche-italiane\/#primaryimage\"},\"image\":{\"@id\":\"https:\/\/technofluid.it\/prodotto\/perno-inox-5x12-mm-codice-7878850-forniture-nautiche-italiane\/#primaryimage\"},\"thumbnailUrl\":\"https:\/\/technofluid.it\/wp-content\/uploads\/2026\/01\/1646-Perno-inox-5x12-mm-codice-7878850-Forniture-Nautiche-Italiane.jpg\",\"datePublished\":\"2025-10-25T00:03:19+00:00\",\"dateModified\":\"2026-01-21T20:42:07+00:00\",\"description\":\"Scopri il perno inox 5x12 mm, ideale per forniture nautiche. Acquista ora con codice 7878850 e assicurati resistenza e durata.\",\"breadcrumb\":{\"@id\":\"https:\/\/technofluid.it\/prodotto\/perno-inox-5x12-mm-codice-7878850-forniture-nautiche-italiane\/#breadcrumb\"},\"inLanguage\":\"fr-FR\",\"potentialAction\":[{\"@type\":\"ReadAction\",\"target\":[\"https:\/\/technofluid.it\/prodotto\/perno-inox-5x12-mm-codice-7878850-forniture-nautiche-italiane\/\"]}]},{\"@type\":\"ImageObject\",\"inLanguage\":\"fr-FR\",\"@id\":\"https:\/\/technofluid.it\/prodotto\/perno-inox-5x12-mm-codice-7878850-forniture-nautiche-italiane\/#primaryimage\",\"url\":\"https:\/\/technofluid.it\/wp-content\/uploads\/2026\/01\/1646-Perno-inox-5x12-mm-codice-7878850-Forniture-Nautiche-Italiane.jpg\",\"contentUrl\":\"https:\/\/technofluid.it\/wp-content\/uploads\/2026\/01\/1646-Perno-inox-5x12-mm-codice-7878850-Forniture-Nautiche-Italiane.jpg\",\"width\":540,\"height\":540,\"caption\":\"Perno inox 5x12 mm, ideale per fissaggi nautici, codice 7878850, in acciaio inossidabile di alta qualit\u00e0.\"},{\"@type\":\"BreadcrumbList\",\"@id\":\"https:\/\/technofluid.it\/prodotto\/perno-inox-5x12-mm-codice-7878850-forniture-nautiche-italiane\/#breadcrumb\",\"itemListElement\":[{\"@type\":\"ListItem\",\"position\":1,\"name\":\"Home\",\"item\":\"https:\/\/technofluid.it\/\"},{\"@type\":\"ListItem\",\"position\":2,\"name\":\"Shop\",\"item\":\"https:\/\/technofluid.it\/shop\/\"},{\"@type\":\"ListItem\",\"position\":3,\"name\":\"Perno inox 5&#215;12 mm &ndash; codice: 7878850 &ndash; Forniture Nautiche Italiane\"}]},{\"@type\":\"WebSite\",\"@id\":\"https:\/\/technofluid.it\/#website\",\"url\":\"https:\/\/technofluid.it\/\",\"name\":\"Technofluid S.R.L.\",\"description\":\"Dal 1999 siamo specializzati nell&#039;impiantistica navale, idraulica, civile e industriale\",\"publisher\":{\"@id\":\"https:\/\/technofluid.it\/#organization\"},\"potentialAction\":[{\"@type\":\"SearchAction\",\"target\":{\"@type\":\"EntryPoint\",\"urlTemplate\":\"https:\/\/technofluid.it\/?s={search_term_string}\"},\"query-input\":{\"@type\":\"PropertyValueSpecification\",\"valueRequired\":true,\"valueName\":\"search_term_string\"}}],\"inLanguage\":\"fr-FR\"},{\"@type\":\"Organization\",\"@id\":\"https:\/\/technofluid.it\/#organization\",\"name\":\"Technofluid\",\"url\":\"https:\/\/technofluid.it\/\",\"logo\":{\"@type\":\"ImageObject\",\"inLanguage\":\"fr-FR\",\"@id\":\"https:\/\/technofluid.it\/#\/schema\/logo\/image\/\",\"url\":\"https:\/\/technofluid.it\/wp-content\/uploads\/2025\/12\/technofluid_bianco-logo.webp\",\"contentUrl\":\"https:\/\/technofluid.it\/wp-content\/uploads\/2025\/12\/technofluid_bianco-logo.webp\",\"width\":350,\"height\":116,\"caption\":\"Technofluid\"},\"image\":{\"@id\":\"https:\/\/technofluid.it\/#\/schema\/logo\/image\/\"},\"description\":\"La Technofluid S.r.l. nasce nel 1999 a Barcellona Pozzo di Gotto, in provincia di Messina, con l\u2019obiettivo di diventare un punto di riferimento nel settore dell\u2019impiantistica navale, idraulica, civile e industriale.\",\"email\":\"info@technofluid.it\",\"telephone\":\"0907386877\",\"legalName\":\"Technofluid S.R.L\",\"vatID\":\"IT03148240835\",\"taxID\":\"03148240835\",\"ownershipFundingInfo\":\"https:\/\/technofluid.it\/azienda\/\"}]}<\/script>\n<meta property=\"product:price:amount\" content=\"1.23\" \/>\n<meta property=\"product:price:currency\" content=\"EUR\" \/>\n<meta property=\"og:availability\" content=\"instock\" \/>\n<meta property=\"product:availability\" content=\"instock\" \/>\n<meta property=\"product:retailer_item_id\" content=\"FNI00000146\" \/>\n<meta property=\"product:condition\" content=\"new\" \/>\n<!-- \/ Yoast SEO Premium plugin. -->","yoast_head_json":{"title":"Goupille Inox 5x12 mm - Qualit\u00e9 Nautique Garantie","description":"D\u00e9couvrez le pivot inox 5x12 mm, id\u00e9al pour les fournitures nautiques. Achetez maintenant avec le code 7878850 et assurez-vous r\u00e9sistance et durabilit\u00e9.","robots":{"index":"index","follow":"follow","max-snippet":"max-snippet:-1","max-image-preview":"max-image-preview:large","max-video-preview":"max-video-preview:-1"},"canonical":"https:\/\/technofluid.it\/fr\/produit\/goupille-inox-5x12-mm-code-7878850-fournitures-nautiques-italiennes\/","og_locale":"fr_FR","og_type":"article","og_title":"Perno inox 5x12 mm &ndash; codice: 7878850 &ndash; Forniture Nautiche Italiane","og_description":"Scopri il perno inox 5x12 mm, ideale per forniture nautiche. Acquista ora con codice 7878850 e assicurati resistenza e durata.","og_url":"https:\/\/technofluid.it\/fr\/produit\/goupille-inox-5x12-mm-code-7878850-fournitures-nautiques-italiennes\/","og_site_name":"Technofluid","article_modified_time":"2026-01-21T20:42:07+00:00","og_image":[{"width":540,"height":540,"url":"https:\/\/technofluid.it\/wp-content\/uploads\/2026\/01\/1646-Perno-inox-5x12-mm-codice-7878850-Forniture-Nautiche-Italiane.jpg","type":"image\/png"}],"twitter_card":"summary_large_image","twitter_misc":{"Prix":"1,23&nbsp;&euro; Iva esclusa","Disponibilit\u00e9":"En stock"},"schema":{"@context":"https:\/\/schema.org","@graph":[{"@type":"WebPage","@id":"https:\/\/technofluid.it\/prodotto\/perno-inox-5x12-mm-codice-7878850-forniture-nautiche-italiane\/","url":"https:\/\/technofluid.it\/prodotto\/perno-inox-5x12-mm-codice-7878850-forniture-nautiche-italiane\/","name":"Goupille Inox 5x12 mm - Qualit\u00e9 Nautique Garantie","isPartOf":{"@id":"https:\/\/technofluid.it\/#website"},"primaryImageOfPage":{"@id":"https:\/\/technofluid.it\/prodotto\/perno-inox-5x12-mm-codice-7878850-forniture-nautiche-italiane\/#primaryimage"},"image":{"@id":"https:\/\/technofluid.it\/prodotto\/perno-inox-5x12-mm-codice-7878850-forniture-nautiche-italiane\/#primaryimage"},"thumbnailUrl":"https:\/\/technofluid.it\/wp-content\/uploads\/2026\/01\/1646-Perno-inox-5x12-mm-codice-7878850-Forniture-Nautiche-Italiane.jpg","datePublished":"2025-10-25T00:03:19+00:00","dateModified":"2026-01-21T20:42:07+00:00","description":"D\u00e9couvrez le pivot inox 5x12 mm, id\u00e9al pour les fournitures nautiques. Achetez maintenant avec le code 7878850 et assurez-vous r\u00e9sistance et durabilit\u00e9.","breadcrumb":{"@id":"https:\/\/technofluid.it\/prodotto\/perno-inox-5x12-mm-codice-7878850-forniture-nautiche-italiane\/#breadcrumb"},"inLanguage":"fr-FR","potentialAction":[{"@type":"ReadAction","target":["https:\/\/technofluid.it\/prodotto\/perno-inox-5x12-mm-codice-7878850-forniture-nautiche-italiane\/"]}]},{"@type":"ImageObject","inLanguage":"fr-FR","@id":"https:\/\/technofluid.it\/prodotto\/perno-inox-5x12-mm-codice-7878850-forniture-nautiche-italiane\/#primaryimage","url":"https:\/\/technofluid.it\/wp-content\/uploads\/2026\/01\/1646-Perno-inox-5x12-mm-codice-7878850-Forniture-Nautiche-Italiane.jpg","contentUrl":"https:\/\/technofluid.it\/wp-content\/uploads\/2026\/01\/1646-Perno-inox-5x12-mm-codice-7878850-Forniture-Nautiche-Italiane.jpg","width":540,"height":540,"caption":"Perno inox 5x12 mm, ideale per fissaggi nautici, codice 7878850, in acciaio inossidabile di alta qualit\u00e0."},{"@type":"BreadcrumbList","@id":"https:\/\/technofluid.it\/prodotto\/perno-inox-5x12-mm-codice-7878850-forniture-nautiche-italiane\/#breadcrumb","itemListElement":[{"@type":"ListItem","position":1,"name":"Home","item":"https:\/\/technofluid.it\/"},{"@type":"ListItem","position":2,"name":"Shop","item":"https:\/\/technofluid.it\/shop\/"},{"@type":"ListItem","position":3,"name":"Perno inox 5&#215;12 mm &ndash; codice: 7878850 &ndash; Forniture Nautiche Italiane"}]},{"@type":"WebSite","@id":"https:\/\/technofluid.it\/#website","url":"https:\/\/technofluid.it\/","name":"Technofluid S.R.L.","description":"Depuis 1999, nous sommes sp\u00e9cialis\u00e9s dans les installations marines, de plomberie, civiles et industrielles.","publisher":{"@id":"https:\/\/technofluid.it\/#organization"},"potentialAction":[{"@type":"SearchAction","target":{"@type":"EntryPoint","urlTemplate":"https:\/\/technofluid.it\/?s={search_term_string}"},"query-input":{"@type":"PropertyValueSpecification","valueRequired":true,"valueName":"search_term_string"}}],"inLanguage":"fr-FR"},{"@type":"Organization","@id":"https:\/\/technofluid.it\/#organization","name":"Technofluid","url":"https:\/\/technofluid.it\/","logo":{"@type":"ImageObject","inLanguage":"fr-FR","@id":"https:\/\/technofluid.it\/#\/schema\/logo\/image\/","url":"https:\/\/technofluid.it\/wp-content\/uploads\/2025\/12\/technofluid_bianco-logo.webp","contentUrl":"https:\/\/technofluid.it\/wp-content\/uploads\/2025\/12\/technofluid_bianco-logo.webp","width":350,"height":116,"caption":"Technofluid"},"image":{"@id":"https:\/\/technofluid.it\/#\/schema\/logo\/image\/"},"description":"La Technofluid S.r.l. est n\u00e9e en 1999 \u00e0 Barcellona Pozzo di Gotto, dans la province de Messine, avec l'objectif de devenir un point de r\u00e9f\u00e9rence dans le secteur de l'installation navale, hydraulique, civile et industrielle.","email":"info@technofluid.it","telephone":"0907386877","legalName":"Technofluid S.R.L","vatID":"IT03148240835","taxID":"03148240835","ownershipFundingInfo":"https:\/\/technofluid.it\/azienda\/"}]},"product_price_amount":"1.23","product_price_currency":"EUR","og_availability":"instock","product_availability":"instock","product_retailer_item_id":"FNI00000146","product_condition":"new"},"_links":{"self":[{"href":"https:\/\/technofluid.it\/fr\/wp-json\/wp\/v2\/product\/30670","targetHints":{"allow":["GET"]}}],"collection":[{"href":"https:\/\/technofluid.it\/fr\/wp-json\/wp\/v2\/product"}],"about":[{"href":"https:\/\/technofluid.it\/fr\/wp-json\/wp\/v2\/types\/product"}],"replies":[{"embeddable":true,"href":"https:\/\/technofluid.it\/fr\/wp-json\/wp\/v2\/comments?post=30670"}],"version-history":[{"count":0,"href":"https:\/\/technofluid.it\/fr\/wp-json\/wp\/v2\/product\/30670\/revisions"}],"wp:featuredmedia":[{"embeddable":true,"href":"https:\/\/technofluid.it\/fr\/wp-json\/wp\/v2\/media\/40492"}],"wp:attachment":[{"href":"https:\/\/technofluid.it\/fr\/wp-json\/wp\/v2\/media?parent=30670"}],"wp:term":[{"taxonomy":"product_brand","embeddable":true,"href":"https:\/\/technofluid.it\/fr\/wp-json\/wp\/v2\/product_brand?post=30670"},{"taxonomy":"product_cat","embeddable":true,"href":"https:\/\/technofluid.it\/fr\/wp-json\/wp\/v2\/product_cat?post=30670"},{"taxonomy":"product_tag","embeddable":true,"href":"https:\/\/technofluid.it\/fr\/wp-json\/wp\/v2\/product_tag?post=30670"}],"curies":[{"name":"wp","href":"https:\/\/api.w.org\/{rel}","templated":true}]}}