{"id":30611,"date":"2025-10-25T00:03:08","date_gmt":"2025-10-25T00:03:08","guid":{"rendered":"https:\/\/technofluid.it\/prodotto\/pannello-di-controllo-tecma-all-in-one-1-bottone-codice-t-pf-p11b-tecma\/"},"modified":"2026-04-15T10:36:58","modified_gmt":"2026-04-15T09:36:58","slug":"pannello-di-controllo-all-in-one-a-1-pulsante-codice-t-pf-p11b-tecma","status":"publish","type":"product","link":"https:\/\/technofluid.it\/fr\/produit\/panneau-de-controle-tout-en-un-a-1-bouton-code-t-pf-p11b-tecma-2\/","title":{"rendered":"Panneau de contr\u00f4le tout-en-un \u00e0 1 bouton \u2013 code : T-PF.P11B \u2013 Tecma"},"content":{"rendered":"<p>PANNEAU DE CONTR\u00d4LE TECMA \u2013 TOUT EN UN 1 BOUTON \u2013 CODE T- PF. P11B<\/p>\n<p>Panneau de contr\u00f4le \u201c tout-en-un \u201d<br \/>\nPanneau et centrale r\u00e9alis\u00e9s en une seule pi\u00e8ce.<\/p>\n<p>Disponible en version un et deux boutons.<\/p>","protected":false},"excerpt":{"rendered":"<p>PANNELLO DI CONTROLLO TECMA &#8211;<strong> TOUT EN UN 1 BOUTON\u00a0<\/strong><\/p>","protected":false},"featured_media":40347,"comment_status":"open","ping_status":"closed","template":"","meta":{"_acf_changed":false,"_monsterinsights_skip_tracking":false,"_monsterinsights_sitenote_active":false,"_monsterinsights_sitenote_note":"","_monsterinsights_sitenote_category":0,"site-sidebar-layout":"default","site-content-layout":"","ast-site-content-layout":"default","site-content-style":"default","site-sidebar-style":"default","ast-global-header-display":"","ast-banner-title-visibility":"","ast-main-header-display":"","ast-hfb-above-header-display":"","ast-hfb-below-header-display":"","ast-hfb-mobile-header-display":"","site-post-title":"","ast-breadcrumbs-content":"","ast-featured-img":"","footer-sml-layout":"","ast-disable-related-posts":"","theme-transparent-header-meta":"","adv-header-id-meta":"","stick-header-meta":"","header-above-stick-meta":"","header-main-stick-meta":"","header-below-stick-meta":"","astra-migrate-meta-layouts":"default","ast-page-background-enabled":"default","ast-page-background-meta":{"desktop":{"background-color":"var(--ast-global-color-5)","background-image":"","background-repeat":"repeat","background-position":"center center","background-size":"auto","background-attachment":"scroll","background-type":"","background-media":"","overlay-type":"","overlay-color":"","overlay-opacity":"","overlay-gradient":""},"tablet":{"background-color":"","background-image":"","background-repeat":"repeat","background-position":"center center","background-size":"auto","background-attachment":"scroll","background-type":"","background-media":"","overlay-type":"","overlay-color":"","overlay-opacity":"","overlay-gradient":""},"mobile":{"background-color":"","background-image":"","background-repeat":"repeat","background-position":"center center","background-size":"auto","background-attachment":"scroll","background-type":"","background-media":"","overlay-type":"","overlay-color":"","overlay-opacity":"","overlay-gradient":""}},"ast-content-background-meta":{"desktop":{"background-color":"var(--ast-global-color-4)","background-image":"","background-repeat":"repeat","background-position":"center center","background-size":"auto","background-attachment":"scroll","background-type":"","background-media":"","overlay-type":"","overlay-color":"","overlay-opacity":"","overlay-gradient":""},"tablet":{"background-color":"var(--ast-global-color-4)","background-image":"","background-repeat":"repeat","background-position":"center center","background-size":"auto","background-attachment":"scroll","background-type":"","background-media":"","overlay-type":"","overlay-color":"","overlay-opacity":"","overlay-gradient":""},"mobile":{"background-color":"var(--ast-global-color-4)","background-image":"","background-repeat":"repeat","background-position":"center center","background-size":"auto","background-attachment":"scroll","background-type":"","background-media":"","overlay-type":"","overlay-color":"","overlay-opacity":"","overlay-gradient":""}}},"product_brand":[],"product_cat":[133,768],"product_tag":[4380,5820,6571,6572,6573],"class_list":{"0":"post-30611","1":"product","2":"type-product","3":"status-publish","4":"has-post-thumbnail","6":"product_cat-ricambistica","7":"product_cat-tecma","8":"product_tag-controllo","9":"product_tag-pannello","10":"product_tag-pannello-di-controllo-tecma","11":"product_tag-t-pf-p11b","12":"product_tag-tecma-pannello-di-controllo-te","13":"pa_supplier-tecma-srl","14":"desktop-align-left","15":"tablet-align-left","16":"mobile-align-left","18":"first","19":"instock","20":"taxable","21":"shipping-taxable","22":"purchasable","23":"product-type-simple"},"acf":[],"yoast_head":"<!-- This site is optimized with the Yoast SEO Premium plugin v26.7 (Yoast SEO v26.9) - https:\/\/yoast.com\/product\/yoast-seo-premium-wordpress\/ -->\n<title>Pannello controllo All-in-One 1 pulsante Tecma<\/title>\n<meta name=\"description\" content=\"Scopri il pannello controllo All-in-One a 1 pulsante Tecma, pratico e compatto. Acquista ora il modello T-PF.P11B!\" \/>\n<meta name=\"robots\" content=\"index, follow, max-snippet:-1, max-image-preview:large, max-video-preview:-1\" \/>\n<link rel=\"canonical\" href=\"https:\/\/technofluid.it\/fr\/produit\/panneau-de-controle-tout-en-un-a-1-bouton-code-t-pf-p11b-tecma-2\/\" \/>\n<meta property=\"og:locale\" content=\"fr_FR\" \/>\n<meta property=\"og:type\" content=\"article\" \/>\n<meta property=\"og:title\" content=\"Pannello di controllo All-in-One a 1 pulsante &ndash; codice: T-PF.P11B &ndash; Tecma\" \/>\n<meta property=\"og:description\" content=\"Scopri il pannello controllo All-in-One a 1 pulsante Tecma, pratico e compatto. Acquista ora il modello T-PF.P11B!\" \/>\n<meta property=\"og:url\" content=\"https:\/\/technofluid.it\/fr\/produit\/panneau-de-controle-tout-en-un-a-1-bouton-code-t-pf-p11b-tecma-2\/\" \/>\n<meta property=\"og:site_name\" content=\"Technofluid\" \/>\n<meta property=\"article:modified_time\" content=\"2026-04-15T09:36:58+00:00\" \/>\n<meta property=\"og:image\" content=\"https:\/\/technofluid.it\/wp-content\/uploads\/2026\/01\/109-PANNELLO-DI-CONTROLLO-TECMA-ALL-IN-ONE-1-BOTTONE-CODICE-T-PF.-P11B-TECMA.jpg\" \/>\n\t<meta property=\"og:image:width\" content=\"800\" \/>\n\t<meta property=\"og:image:height\" content=\"800\" \/>\n\t<meta property=\"og:image:type\" content=\"image\/jpeg\" \/>\n<meta name=\"twitter:card\" content=\"summary_large_image\" \/>\n<meta name=\"twitter:label1\" content=\"Prix\" \/>\n\t<meta name=\"twitter:data1\" content=\"186,70&nbsp;&euro; Iva esclusa\" \/>\n\t<meta name=\"twitter:label2\" content=\"Disponibilit\u00e9\" \/>\n\t<meta name=\"twitter:data2\" content=\"En stock\" \/>\n<script type=\"application\/ld+json\" class=\"yoast-schema-graph\">{\"@context\":\"https:\/\/schema.org\",\"@graph\":[{\"@type\":\"WebPage\",\"@id\":\"https:\/\/technofluid.it\/prodotto\/pannello-di-controllo-all-in-one-a-1-pulsante-codice-t-pf-p11b-tecma\/\",\"url\":\"https:\/\/technofluid.it\/prodotto\/pannello-di-controllo-all-in-one-a-1-pulsante-codice-t-pf-p11b-tecma\/\",\"name\":\"Pannello controllo All-in-One 1 pulsante Tecma\",\"isPartOf\":{\"@id\":\"https:\/\/technofluid.it\/#website\"},\"primaryImageOfPage\":{\"@id\":\"https:\/\/technofluid.it\/prodotto\/pannello-di-controllo-all-in-one-a-1-pulsante-codice-t-pf-p11b-tecma\/#primaryimage\"},\"image\":{\"@id\":\"https:\/\/technofluid.it\/prodotto\/pannello-di-controllo-all-in-one-a-1-pulsante-codice-t-pf-p11b-tecma\/#primaryimage\"},\"thumbnailUrl\":\"https:\/\/technofluid.it\/wp-content\/uploads\/2026\/01\/109-PANNELLO-DI-CONTROLLO-TECMA-ALL-IN-ONE-1-BOTTONE-CODICE-T-PF.-P11B-TECMA.jpg\",\"datePublished\":\"2025-10-25T00:03:08+00:00\",\"dateModified\":\"2026-04-15T09:36:58+00:00\",\"description\":\"Scopri il pannello controllo All-in-One a 1 pulsante Tecma, pratico e compatto. Acquista ora il modello T-PF.P11B!\",\"breadcrumb\":{\"@id\":\"https:\/\/technofluid.it\/prodotto\/pannello-di-controllo-all-in-one-a-1-pulsante-codice-t-pf-p11b-tecma\/#breadcrumb\"},\"inLanguage\":\"fr-FR\",\"potentialAction\":[{\"@type\":\"ReadAction\",\"target\":[\"https:\/\/technofluid.it\/prodotto\/pannello-di-controllo-all-in-one-a-1-pulsante-codice-t-pf-p11b-tecma\/\"]}]},{\"@type\":\"ImageObject\",\"inLanguage\":\"fr-FR\",\"@id\":\"https:\/\/technofluid.it\/prodotto\/pannello-di-controllo-all-in-one-a-1-pulsante-codice-t-pf-p11b-tecma\/#primaryimage\",\"url\":\"https:\/\/technofluid.it\/wp-content\/uploads\/2026\/01\/109-PANNELLO-DI-CONTROLLO-TECMA-ALL-IN-ONE-1-BOTTONE-CODICE-T-PF.-P11B-TECMA.jpg\",\"contentUrl\":\"https:\/\/technofluid.it\/wp-content\/uploads\/2026\/01\/109-PANNELLO-DI-CONTROLLO-TECMA-ALL-IN-ONE-1-BOTTONE-CODICE-T-PF.-P11B-TECMA.jpg\",\"width\":800,\"height\":800,\"caption\":\"Controllo compatto e semplice per sistemi Tecma, ideale per installazioni efficienti.\"},{\"@type\":\"BreadcrumbList\",\"@id\":\"https:\/\/technofluid.it\/prodotto\/pannello-di-controllo-all-in-one-a-1-pulsante-codice-t-pf-p11b-tecma\/#breadcrumb\",\"itemListElement\":[{\"@type\":\"ListItem\",\"position\":1,\"name\":\"Home\",\"item\":\"https:\/\/technofluid.it\/\"},{\"@type\":\"ListItem\",\"position\":2,\"name\":\"Shop\",\"item\":\"https:\/\/technofluid.it\/shop\/\"},{\"@type\":\"ListItem\",\"position\":3,\"name\":\"Pannello di controllo All-in-One a 1 pulsante &ndash; codice: T-PF.P11B &ndash; Tecma\"}]},{\"@type\":\"WebSite\",\"@id\":\"https:\/\/technofluid.it\/#website\",\"url\":\"https:\/\/technofluid.it\/\",\"name\":\"Technofluid S.R.L.\",\"description\":\"Dal 1999 siamo specializzati nell&#039;impiantistica navale, idraulica, civile e industriale\",\"publisher\":{\"@id\":\"https:\/\/technofluid.it\/#organization\"},\"potentialAction\":[{\"@type\":\"SearchAction\",\"target\":{\"@type\":\"EntryPoint\",\"urlTemplate\":\"https:\/\/technofluid.it\/?s={search_term_string}\"},\"query-input\":{\"@type\":\"PropertyValueSpecification\",\"valueRequired\":true,\"valueName\":\"search_term_string\"}}],\"inLanguage\":\"fr-FR\"},{\"@type\":\"Organization\",\"@id\":\"https:\/\/technofluid.it\/#organization\",\"name\":\"Technofluid\",\"url\":\"https:\/\/technofluid.it\/\",\"logo\":{\"@type\":\"ImageObject\",\"inLanguage\":\"fr-FR\",\"@id\":\"https:\/\/technofluid.it\/#\/schema\/logo\/image\/\",\"url\":\"https:\/\/technofluid.it\/wp-content\/uploads\/2025\/12\/technofluid_bianco-logo.webp\",\"contentUrl\":\"https:\/\/technofluid.it\/wp-content\/uploads\/2025\/12\/technofluid_bianco-logo.webp\",\"width\":350,\"height\":116,\"caption\":\"Technofluid\"},\"image\":{\"@id\":\"https:\/\/technofluid.it\/#\/schema\/logo\/image\/\"},\"description\":\"La Technofluid S.r.l. nasce nel 1999 a Barcellona Pozzo di Gotto, in provincia di Messina, con l\u2019obiettivo di diventare un punto di riferimento nel settore dell\u2019impiantistica navale, idraulica, civile e industriale.\",\"email\":\"info@technofluid.it\",\"telephone\":\"0907386877\",\"legalName\":\"Technofluid S.R.L\",\"vatID\":\"IT03148240835\",\"taxID\":\"03148240835\",\"ownershipFundingInfo\":\"https:\/\/technofluid.it\/azienda\/\"}]}<\/script>\n<meta property=\"product:price:amount\" content=\"186.70\" \/>\n<meta property=\"product:price:currency\" content=\"EUR\" \/>\n<meta property=\"og:availability\" content=\"instock\" \/>\n<meta property=\"product:availability\" content=\"instock\" \/>\n<meta property=\"product:retailer_item_id\" content=\"TEC000000007\" \/>\n<meta property=\"product:condition\" content=\"new\" \/>\n<!-- \/ Yoast SEO Premium plugin. -->","yoast_head_json":{"title":"Panneau de contr\u00f4le tout-en-un 1 bouton Tecma","description":"D\u00e9couvrez le panneau de contr\u00f4le tout-en-un \u00e0 1 bouton Tecma, pratique et compact. Achetez maintenant le mod\u00e8le T-PF.P11B !","robots":{"index":"index","follow":"follow","max-snippet":"max-snippet:-1","max-image-preview":"max-image-preview:large","max-video-preview":"max-video-preview:-1"},"canonical":"https:\/\/technofluid.it\/fr\/produit\/panneau-de-controle-tout-en-un-a-1-bouton-code-t-pf-p11b-tecma-2\/","og_locale":"fr_FR","og_type":"article","og_title":"Pannello di controllo All-in-One a 1 pulsante &ndash; codice: T-PF.P11B &ndash; Tecma","og_description":"Scopri il pannello controllo All-in-One a 1 pulsante Tecma, pratico e compatto. Acquista ora il modello T-PF.P11B!","og_url":"https:\/\/technofluid.it\/fr\/produit\/panneau-de-controle-tout-en-un-a-1-bouton-code-t-pf-p11b-tecma-2\/","og_site_name":"Technofluid","article_modified_time":"2026-04-15T09:36:58+00:00","og_image":[{"width":800,"height":800,"url":"https:\/\/technofluid.it\/wp-content\/uploads\/2026\/01\/109-PANNELLO-DI-CONTROLLO-TECMA-ALL-IN-ONE-1-BOTTONE-CODICE-T-PF.-P11B-TECMA.jpg","type":"image\/jpeg"}],"twitter_card":"summary_large_image","twitter_misc":{"Prix":"186,70&nbsp;&euro; Iva esclusa","Disponibilit\u00e9":"En stock"},"schema":{"@context":"https:\/\/schema.org","@graph":[{"@type":"WebPage","@id":"https:\/\/technofluid.it\/prodotto\/pannello-di-controllo-all-in-one-a-1-pulsante-codice-t-pf-p11b-tecma\/","url":"https:\/\/technofluid.it\/prodotto\/pannello-di-controllo-all-in-one-a-1-pulsante-codice-t-pf-p11b-tecma\/","name":"Panneau de contr\u00f4le tout-en-un 1 bouton Tecma","isPartOf":{"@id":"https:\/\/technofluid.it\/#website"},"primaryImageOfPage":{"@id":"https:\/\/technofluid.it\/prodotto\/pannello-di-controllo-all-in-one-a-1-pulsante-codice-t-pf-p11b-tecma\/#primaryimage"},"image":{"@id":"https:\/\/technofluid.it\/prodotto\/pannello-di-controllo-all-in-one-a-1-pulsante-codice-t-pf-p11b-tecma\/#primaryimage"},"thumbnailUrl":"https:\/\/technofluid.it\/wp-content\/uploads\/2026\/01\/109-PANNELLO-DI-CONTROLLO-TECMA-ALL-IN-ONE-1-BOTTONE-CODICE-T-PF.-P11B-TECMA.jpg","datePublished":"2025-10-25T00:03:08+00:00","dateModified":"2026-04-15T09:36:58+00:00","description":"D\u00e9couvrez le panneau de contr\u00f4le tout-en-un \u00e0 1 bouton Tecma, pratique et compact. Achetez maintenant le mod\u00e8le T-PF.P11B !","breadcrumb":{"@id":"https:\/\/technofluid.it\/prodotto\/pannello-di-controllo-all-in-one-a-1-pulsante-codice-t-pf-p11b-tecma\/#breadcrumb"},"inLanguage":"fr-FR","potentialAction":[{"@type":"ReadAction","target":["https:\/\/technofluid.it\/prodotto\/pannello-di-controllo-all-in-one-a-1-pulsante-codice-t-pf-p11b-tecma\/"]}]},{"@type":"ImageObject","inLanguage":"fr-FR","@id":"https:\/\/technofluid.it\/prodotto\/pannello-di-controllo-all-in-one-a-1-pulsante-codice-t-pf-p11b-tecma\/#primaryimage","url":"https:\/\/technofluid.it\/wp-content\/uploads\/2026\/01\/109-PANNELLO-DI-CONTROLLO-TECMA-ALL-IN-ONE-1-BOTTONE-CODICE-T-PF.-P11B-TECMA.jpg","contentUrl":"https:\/\/technofluid.it\/wp-content\/uploads\/2026\/01\/109-PANNELLO-DI-CONTROLLO-TECMA-ALL-IN-ONE-1-BOTTONE-CODICE-T-PF.-P11B-TECMA.jpg","width":800,"height":800,"caption":"Controllo compatto e semplice per sistemi Tecma, ideale per installazioni efficienti."},{"@type":"BreadcrumbList","@id":"https:\/\/technofluid.it\/prodotto\/pannello-di-controllo-all-in-one-a-1-pulsante-codice-t-pf-p11b-tecma\/#breadcrumb","itemListElement":[{"@type":"ListItem","position":1,"name":"Home","item":"https:\/\/technofluid.it\/"},{"@type":"ListItem","position":2,"name":"Shop","item":"https:\/\/technofluid.it\/shop\/"},{"@type":"ListItem","position":3,"name":"Pannello di controllo All-in-One a 1 pulsante &ndash; codice: T-PF.P11B &ndash; Tecma"}]},{"@type":"WebSite","@id":"https:\/\/technofluid.it\/#website","url":"https:\/\/technofluid.it\/","name":"Technofluid S.R.L.","description":"Depuis 1999, nous sommes sp\u00e9cialis\u00e9s dans les installations marines, de plomberie, civiles et industrielles.","publisher":{"@id":"https:\/\/technofluid.it\/#organization"},"potentialAction":[{"@type":"SearchAction","target":{"@type":"EntryPoint","urlTemplate":"https:\/\/technofluid.it\/?s={search_term_string}"},"query-input":{"@type":"PropertyValueSpecification","valueRequired":true,"valueName":"search_term_string"}}],"inLanguage":"fr-FR"},{"@type":"Organization","@id":"https:\/\/technofluid.it\/#organization","name":"Technofluid","url":"https:\/\/technofluid.it\/","logo":{"@type":"ImageObject","inLanguage":"fr-FR","@id":"https:\/\/technofluid.it\/#\/schema\/logo\/image\/","url":"https:\/\/technofluid.it\/wp-content\/uploads\/2025\/12\/technofluid_bianco-logo.webp","contentUrl":"https:\/\/technofluid.it\/wp-content\/uploads\/2025\/12\/technofluid_bianco-logo.webp","width":350,"height":116,"caption":"Technofluid"},"image":{"@id":"https:\/\/technofluid.it\/#\/schema\/logo\/image\/"},"description":"La Technofluid S.r.l. est n\u00e9e en 1999 \u00e0 Barcellona Pozzo di Gotto, dans la province de Messine, avec l'objectif de devenir un point de r\u00e9f\u00e9rence dans le secteur de l'installation navale, hydraulique, civile et industrielle.","email":"info@technofluid.it","telephone":"0907386877","legalName":"Technofluid S.R.L","vatID":"IT03148240835","taxID":"03148240835","ownershipFundingInfo":"https:\/\/technofluid.it\/azienda\/"}]},"product_price_amount":"186.70","product_price_currency":"EUR","og_availability":"instock","product_availability":"instock","product_retailer_item_id":"TEC000000007","product_condition":"new"},"_links":{"self":[{"href":"https:\/\/technofluid.it\/fr\/wp-json\/wp\/v2\/product\/30611","targetHints":{"allow":["GET"]}}],"collection":[{"href":"https:\/\/technofluid.it\/fr\/wp-json\/wp\/v2\/product"}],"about":[{"href":"https:\/\/technofluid.it\/fr\/wp-json\/wp\/v2\/types\/product"}],"replies":[{"embeddable":true,"href":"https:\/\/technofluid.it\/fr\/wp-json\/wp\/v2\/comments?post=30611"}],"version-history":[{"count":0,"href":"https:\/\/technofluid.it\/fr\/wp-json\/wp\/v2\/product\/30611\/revisions"}],"wp:featuredmedia":[{"embeddable":true,"href":"https:\/\/technofluid.it\/fr\/wp-json\/wp\/v2\/media\/40347"}],"wp:attachment":[{"href":"https:\/\/technofluid.it\/fr\/wp-json\/wp\/v2\/media?parent=30611"}],"wp:term":[{"taxonomy":"product_brand","embeddable":true,"href":"https:\/\/technofluid.it\/fr\/wp-json\/wp\/v2\/product_brand?post=30611"},{"taxonomy":"product_cat","embeddable":true,"href":"https:\/\/technofluid.it\/fr\/wp-json\/wp\/v2\/product_cat?post=30611"},{"taxonomy":"product_tag","embeddable":true,"href":"https:\/\/technofluid.it\/fr\/wp-json\/wp\/v2\/product_tag?post=30611"}],"curies":[{"name":"wp","href":"https:\/\/api.w.org\/{rel}","templated":true}]}}