{"id":30592,"date":"2025-10-25T00:03:06","date_gmt":"2025-10-25T00:03:06","guid":{"rendered":"https:\/\/technofluid.it\/prodotto\/ombrinale-grande-filettato-52-mm-codice-1425156-motomarine\/"},"modified":"2026-01-21T20:59:54","modified_gmt":"2026-01-21T20:59:54","slug":"ombrinale-grande-filettato-52-mm-codice-1425156-motomarine","status":"publish","type":"product","link":"https:\/\/technofluid.it\/fr\/produit\/dalot-grand-filete-52-mm-code-1425156-motomarine\/","title":{"rendered":"Grand filet ovale 52 mm - Code : 1425156 - Motomarine"},"content":{"rendered":"<p>Grand filet ovale 52 mm - Code : 1425156 - Motomarine<\/p>","protected":false},"excerpt":{"rendered":"<p>DALOT GRAND FILET\u00c9 52 MM<\/p>","protected":false},"featured_media":40293,"comment_status":"open","ping_status":"closed","template":"","meta":{"_acf_changed":false,"_monsterinsights_skip_tracking":false,"_monsterinsights_sitenote_active":false,"_monsterinsights_sitenote_note":"","_monsterinsights_sitenote_category":0,"site-sidebar-layout":"default","site-content-layout":"","ast-site-content-layout":"default","site-content-style":"default","site-sidebar-style":"default","ast-global-header-display":"","ast-banner-title-visibility":"","ast-main-header-display":"","ast-hfb-above-header-display":"","ast-hfb-below-header-display":"","ast-hfb-mobile-header-display":"","site-post-title":"","ast-breadcrumbs-content":"","ast-featured-img":"","footer-sml-layout":"","ast-disable-related-posts":"","theme-transparent-header-meta":"","adv-header-id-meta":"","stick-header-meta":"","header-above-stick-meta":"","header-main-stick-meta":"","header-below-stick-meta":"","astra-migrate-meta-layouts":"default","ast-page-background-enabled":"default","ast-page-background-meta":{"desktop":{"background-color":"var(--ast-global-color-5)","background-image":"","background-repeat":"repeat","background-position":"center center","background-size":"auto","background-attachment":"scroll","background-type":"","background-media":"","overlay-type":"","overlay-color":"","overlay-opacity":"","overlay-gradient":""},"tablet":{"background-color":"","background-image":"","background-repeat":"repeat","background-position":"center center","background-size":"auto","background-attachment":"scroll","background-type":"","background-media":"","overlay-type":"","overlay-color":"","overlay-opacity":"","overlay-gradient":""},"mobile":{"background-color":"","background-image":"","background-repeat":"repeat","background-position":"center center","background-size":"auto","background-attachment":"scroll","background-type":"","background-media":"","overlay-type":"","overlay-color":"","overlay-opacity":"","overlay-gradient":""}},"ast-content-background-meta":{"desktop":{"background-color":"var(--ast-global-color-4)","background-image":"","background-repeat":"repeat","background-position":"center center","background-size":"auto","background-attachment":"scroll","background-type":"","background-media":"","overlay-type":"","overlay-color":"","overlay-opacity":"","overlay-gradient":""},"tablet":{"background-color":"var(--ast-global-color-4)","background-image":"","background-repeat":"repeat","background-position":"center center","background-size":"auto","background-attachment":"scroll","background-type":"","background-media":"","overlay-type":"","overlay-color":"","overlay-opacity":"","overlay-gradient":""},"mobile":{"background-color":"var(--ast-global-color-4)","background-image":"","background-repeat":"repeat","background-position":"center center","background-size":"auto","background-attachment":"scroll","background-type":"","background-media":"","overlay-type":"","overlay-color":"","overlay-opacity":"","overlay-gradient":""}}},"product_brand":[],"product_cat":[84,93],"product_tag":[6534],"class_list":{"0":"post-30592","1":"product","2":"type-product","3":"status-publish","4":"has-post-thumbnail","6":"product_cat-idraulica-e-ferramenta","7":"product_cat-idraulica-e-raccordi","8":"product_tag-ombrinale-grande-filettato-52-mm","9":"pa_supplier-motomarine-s-r-l","10":"desktop-align-left","11":"tablet-align-left","12":"mobile-align-left","14":"first","15":"instock","16":"taxable","17":"shipping-taxable","18":"purchasable","19":"product-type-simple"},"acf":[],"yoast_head":"<!-- This site is optimized with the Yoast SEO Premium plugin v26.7 (Yoast SEO v26.9) - https:\/\/yoast.com\/product\/yoast-seo-premium-wordpress\/ -->\n<title>Ombrinale filettato 52mm grande \u2013 Codice 1425156 Motomarine<\/title>\n<meta name=\"description\" content=\"Scopri l&#039;ombrinale filettato 52mm grande, codice 1425156. Qualit\u00e0 Motomarine per la tua barca. Acquista ora!\" \/>\n<meta name=\"robots\" content=\"index, follow, max-snippet:-1, max-image-preview:large, max-video-preview:-1\" \/>\n<link rel=\"canonical\" href=\"https:\/\/technofluid.it\/fr\/produit\/dalot-grand-filete-52-mm-code-1425156-motomarine\/\" \/>\n<meta property=\"og:locale\" content=\"fr_FR\" \/>\n<meta property=\"og:type\" content=\"article\" \/>\n<meta property=\"og:title\" content=\"Ombrinale grande filettato 52 mm &ndash; codice: 1425156 &ndash; Motomarine\" \/>\n<meta property=\"og:description\" content=\"Scopri l&#039;ombrinale filettato 52mm grande, codice 1425156. Qualit\u00e0 Motomarine per la tua barca. Acquista ora!\" \/>\n<meta property=\"og:url\" content=\"https:\/\/technofluid.it\/fr\/produit\/dalot-grand-filete-52-mm-code-1425156-motomarine\/\" \/>\n<meta property=\"og:site_name\" content=\"Technofluid\" \/>\n<meta property=\"article:modified_time\" content=\"2026-01-21T20:59:54+00:00\" \/>\n<meta property=\"og:image\" content=\"https:\/\/technofluid.it\/wp-content\/uploads\/2026\/01\/1763-Ombrinale-grande-filettato-52-mm-codice-1425156-Motomarine.jpg\" \/>\n\t<meta property=\"og:image:width\" content=\"200\" \/>\n\t<meta property=\"og:image:height\" content=\"144\" \/>\n\t<meta property=\"og:image:type\" content=\"image\/jpeg\" \/>\n<meta name=\"twitter:card\" content=\"summary_large_image\" \/>\n<meta name=\"twitter:label1\" content=\"Prix\" \/>\n\t<meta name=\"twitter:data1\" content=\"9,43&nbsp;&euro; Iva esclusa\" \/>\n\t<meta name=\"twitter:label2\" content=\"Disponibilit\u00e9\" \/>\n\t<meta name=\"twitter:data2\" content=\"En stock\" \/>\n<script type=\"application\/ld+json\" class=\"yoast-schema-graph\">{\"@context\":\"https:\/\/schema.org\",\"@graph\":[{\"@type\":\"WebPage\",\"@id\":\"https:\/\/technofluid.it\/prodotto\/ombrinale-grande-filettato-52-mm-codice-1425156-motomarine\/\",\"url\":\"https:\/\/technofluid.it\/prodotto\/ombrinale-grande-filettato-52-mm-codice-1425156-motomarine\/\",\"name\":\"Ombrinale filettato 52mm grande \u2013 Codice 1425156 Motomarine\",\"isPartOf\":{\"@id\":\"https:\/\/technofluid.it\/#website\"},\"primaryImageOfPage\":{\"@id\":\"https:\/\/technofluid.it\/prodotto\/ombrinale-grande-filettato-52-mm-codice-1425156-motomarine\/#primaryimage\"},\"image\":{\"@id\":\"https:\/\/technofluid.it\/prodotto\/ombrinale-grande-filettato-52-mm-codice-1425156-motomarine\/#primaryimage\"},\"thumbnailUrl\":\"https:\/\/technofluid.it\/wp-content\/uploads\/2026\/01\/1763-Ombrinale-grande-filettato-52-mm-codice-1425156-Motomarine.jpg\",\"datePublished\":\"2025-10-25T00:03:06+00:00\",\"dateModified\":\"2026-01-21T20:59:54+00:00\",\"description\":\"Scopri l'ombrinale filettato 52mm grande, codice 1425156. Qualit\u00e0 Motomarine per la tua barca. Acquista ora!\",\"breadcrumb\":{\"@id\":\"https:\/\/technofluid.it\/prodotto\/ombrinale-grande-filettato-52-mm-codice-1425156-motomarine\/#breadcrumb\"},\"inLanguage\":\"fr-FR\",\"potentialAction\":[{\"@type\":\"ReadAction\",\"target\":[\"https:\/\/technofluid.it\/prodotto\/ombrinale-grande-filettato-52-mm-codice-1425156-motomarine\/\"]}]},{\"@type\":\"ImageObject\",\"inLanguage\":\"fr-FR\",\"@id\":\"https:\/\/technofluid.it\/prodotto\/ombrinale-grande-filettato-52-mm-codice-1425156-motomarine\/#primaryimage\",\"url\":\"https:\/\/technofluid.it\/wp-content\/uploads\/2026\/01\/1763-Ombrinale-grande-filettato-52-mm-codice-1425156-Motomarine.jpg\",\"contentUrl\":\"https:\/\/technofluid.it\/wp-content\/uploads\/2026\/01\/1763-Ombrinale-grande-filettato-52-mm-codice-1425156-Motomarine.jpg\",\"width\":200,\"height\":144,\"caption\":\"Dettaglio dell'ombrinale grande filettato da 52 mm, codice 1425156, ideale per applicazioni marine.\"},{\"@type\":\"BreadcrumbList\",\"@id\":\"https:\/\/technofluid.it\/prodotto\/ombrinale-grande-filettato-52-mm-codice-1425156-motomarine\/#breadcrumb\",\"itemListElement\":[{\"@type\":\"ListItem\",\"position\":1,\"name\":\"Home\",\"item\":\"https:\/\/technofluid.it\/\"},{\"@type\":\"ListItem\",\"position\":2,\"name\":\"Shop\",\"item\":\"https:\/\/technofluid.it\/shop\/\"},{\"@type\":\"ListItem\",\"position\":3,\"name\":\"Ombrinale grande filettato 52 mm &ndash; codice: 1425156 &ndash; Motomarine\"}]},{\"@type\":\"WebSite\",\"@id\":\"https:\/\/technofluid.it\/#website\",\"url\":\"https:\/\/technofluid.it\/\",\"name\":\"Technofluid S.R.L.\",\"description\":\"Dal 1999 siamo specializzati nell&#039;impiantistica navale, idraulica, civile e industriale\",\"publisher\":{\"@id\":\"https:\/\/technofluid.it\/#organization\"},\"potentialAction\":[{\"@type\":\"SearchAction\",\"target\":{\"@type\":\"EntryPoint\",\"urlTemplate\":\"https:\/\/technofluid.it\/?s={search_term_string}\"},\"query-input\":{\"@type\":\"PropertyValueSpecification\",\"valueRequired\":true,\"valueName\":\"search_term_string\"}}],\"inLanguage\":\"fr-FR\"},{\"@type\":\"Organization\",\"@id\":\"https:\/\/technofluid.it\/#organization\",\"name\":\"Technofluid\",\"url\":\"https:\/\/technofluid.it\/\",\"logo\":{\"@type\":\"ImageObject\",\"inLanguage\":\"fr-FR\",\"@id\":\"https:\/\/technofluid.it\/#\/schema\/logo\/image\/\",\"url\":\"https:\/\/technofluid.it\/wp-content\/uploads\/2025\/12\/technofluid_bianco-logo.webp\",\"contentUrl\":\"https:\/\/technofluid.it\/wp-content\/uploads\/2025\/12\/technofluid_bianco-logo.webp\",\"width\":350,\"height\":116,\"caption\":\"Technofluid\"},\"image\":{\"@id\":\"https:\/\/technofluid.it\/#\/schema\/logo\/image\/\"},\"description\":\"La Technofluid S.r.l. nasce nel 1999 a Barcellona Pozzo di Gotto, in provincia di Messina, con l\u2019obiettivo di diventare un punto di riferimento nel settore dell\u2019impiantistica navale, idraulica, civile e industriale.\",\"email\":\"info@technofluid.it\",\"telephone\":\"0907386877\",\"legalName\":\"Technofluid S.R.L\",\"vatID\":\"IT03148240835\",\"taxID\":\"03148240835\",\"ownershipFundingInfo\":\"https:\/\/technofluid.it\/azienda\/\"}]}<\/script>\n<meta property=\"product:price:amount\" content=\"9.43\" \/>\n<meta property=\"product:price:currency\" content=\"EUR\" \/>\n<meta property=\"og:availability\" content=\"instock\" \/>\n<meta property=\"product:availability\" content=\"instock\" \/>\n<meta property=\"product:retailer_item_id\" content=\"MOTO00000047\" \/>\n<meta property=\"product:condition\" content=\"new\" \/>\n<!-- \/ Yoast SEO Premium plugin. -->","yoast_head_json":{"title":"Ombrin filet\u00e9 52mm large - Part No. 1425156 Motomarine","description":"D\u00e9couvrez le grand dalot filet\u00e9 de 52mm, r\u00e9f\u00e9rence 1425156. La qualit\u00e9 Motomarine pour votre bateau. Achetez maintenant !","robots":{"index":"index","follow":"follow","max-snippet":"max-snippet:-1","max-image-preview":"max-image-preview:large","max-video-preview":"max-video-preview:-1"},"canonical":"https:\/\/technofluid.it\/fr\/produit\/dalot-grand-filete-52-mm-code-1425156-motomarine\/","og_locale":"fr_FR","og_type":"article","og_title":"Ombrinale grande filettato 52 mm &ndash; codice: 1425156 &ndash; Motomarine","og_description":"Scopri l'ombrinale filettato 52mm grande, codice 1425156. Qualit\u00e0 Motomarine per la tua barca. Acquista ora!","og_url":"https:\/\/technofluid.it\/fr\/produit\/dalot-grand-filete-52-mm-code-1425156-motomarine\/","og_site_name":"Technofluid","article_modified_time":"2026-01-21T20:59:54+00:00","og_image":[{"width":200,"height":144,"url":"https:\/\/technofluid.it\/wp-content\/uploads\/2026\/01\/1763-Ombrinale-grande-filettato-52-mm-codice-1425156-Motomarine.jpg","type":"image\/jpeg"}],"twitter_card":"summary_large_image","twitter_misc":{"Prix":"9,43&nbsp;&euro; Iva esclusa","Disponibilit\u00e9":"En stock"},"schema":{"@context":"https:\/\/schema.org","@graph":[{"@type":"WebPage","@id":"https:\/\/technofluid.it\/prodotto\/ombrinale-grande-filettato-52-mm-codice-1425156-motomarine\/","url":"https:\/\/technofluid.it\/prodotto\/ombrinale-grande-filettato-52-mm-codice-1425156-motomarine\/","name":"Ombrin filet\u00e9 52mm large - Part No. 1425156 Motomarine","isPartOf":{"@id":"https:\/\/technofluid.it\/#website"},"primaryImageOfPage":{"@id":"https:\/\/technofluid.it\/prodotto\/ombrinale-grande-filettato-52-mm-codice-1425156-motomarine\/#primaryimage"},"image":{"@id":"https:\/\/technofluid.it\/prodotto\/ombrinale-grande-filettato-52-mm-codice-1425156-motomarine\/#primaryimage"},"thumbnailUrl":"https:\/\/technofluid.it\/wp-content\/uploads\/2026\/01\/1763-Ombrinale-grande-filettato-52-mm-codice-1425156-Motomarine.jpg","datePublished":"2025-10-25T00:03:06+00:00","dateModified":"2026-01-21T20:59:54+00:00","description":"D\u00e9couvrez le grand dalot filet\u00e9 de 52mm, r\u00e9f\u00e9rence 1425156. La qualit\u00e9 Motomarine pour votre bateau. Achetez maintenant !","breadcrumb":{"@id":"https:\/\/technofluid.it\/prodotto\/ombrinale-grande-filettato-52-mm-codice-1425156-motomarine\/#breadcrumb"},"inLanguage":"fr-FR","potentialAction":[{"@type":"ReadAction","target":["https:\/\/technofluid.it\/prodotto\/ombrinale-grande-filettato-52-mm-codice-1425156-motomarine\/"]}]},{"@type":"ImageObject","inLanguage":"fr-FR","@id":"https:\/\/technofluid.it\/prodotto\/ombrinale-grande-filettato-52-mm-codice-1425156-motomarine\/#primaryimage","url":"https:\/\/technofluid.it\/wp-content\/uploads\/2026\/01\/1763-Ombrinale-grande-filettato-52-mm-codice-1425156-Motomarine.jpg","contentUrl":"https:\/\/technofluid.it\/wp-content\/uploads\/2026\/01\/1763-Ombrinale-grande-filettato-52-mm-codice-1425156-Motomarine.jpg","width":200,"height":144,"caption":"Dettaglio dell'ombrinale grande filettato da 52 mm, codice 1425156, ideale per applicazioni marine."},{"@type":"BreadcrumbList","@id":"https:\/\/technofluid.it\/prodotto\/ombrinale-grande-filettato-52-mm-codice-1425156-motomarine\/#breadcrumb","itemListElement":[{"@type":"ListItem","position":1,"name":"Home","item":"https:\/\/technofluid.it\/"},{"@type":"ListItem","position":2,"name":"Shop","item":"https:\/\/technofluid.it\/shop\/"},{"@type":"ListItem","position":3,"name":"Ombrinale grande filettato 52 mm &ndash; codice: 1425156 &ndash; Motomarine"}]},{"@type":"WebSite","@id":"https:\/\/technofluid.it\/#website","url":"https:\/\/technofluid.it\/","name":"Technofluid S.R.L.","description":"Depuis 1999, nous sommes sp\u00e9cialis\u00e9s dans les installations marines, de plomberie, civiles et industrielles.","publisher":{"@id":"https:\/\/technofluid.it\/#organization"},"potentialAction":[{"@type":"SearchAction","target":{"@type":"EntryPoint","urlTemplate":"https:\/\/technofluid.it\/?s={search_term_string}"},"query-input":{"@type":"PropertyValueSpecification","valueRequired":true,"valueName":"search_term_string"}}],"inLanguage":"fr-FR"},{"@type":"Organization","@id":"https:\/\/technofluid.it\/#organization","name":"Technofluid","url":"https:\/\/technofluid.it\/","logo":{"@type":"ImageObject","inLanguage":"fr-FR","@id":"https:\/\/technofluid.it\/#\/schema\/logo\/image\/","url":"https:\/\/technofluid.it\/wp-content\/uploads\/2025\/12\/technofluid_bianco-logo.webp","contentUrl":"https:\/\/technofluid.it\/wp-content\/uploads\/2025\/12\/technofluid_bianco-logo.webp","width":350,"height":116,"caption":"Technofluid"},"image":{"@id":"https:\/\/technofluid.it\/#\/schema\/logo\/image\/"},"description":"La Technofluid S.r.l. est n\u00e9e en 1999 \u00e0 Barcellona Pozzo di Gotto, dans la province de Messine, avec l'objectif de devenir un point de r\u00e9f\u00e9rence dans le secteur de l'installation navale, hydraulique, civile et industrielle.","email":"info@technofluid.it","telephone":"0907386877","legalName":"Technofluid S.R.L","vatID":"IT03148240835","taxID":"03148240835","ownershipFundingInfo":"https:\/\/technofluid.it\/azienda\/"}]},"product_price_amount":"9.43","product_price_currency":"EUR","og_availability":"instock","product_availability":"instock","product_retailer_item_id":"MOTO00000047","product_condition":"new"},"_links":{"self":[{"href":"https:\/\/technofluid.it\/fr\/wp-json\/wp\/v2\/product\/30592","targetHints":{"allow":["GET"]}}],"collection":[{"href":"https:\/\/technofluid.it\/fr\/wp-json\/wp\/v2\/product"}],"about":[{"href":"https:\/\/technofluid.it\/fr\/wp-json\/wp\/v2\/types\/product"}],"replies":[{"embeddable":true,"href":"https:\/\/technofluid.it\/fr\/wp-json\/wp\/v2\/comments?post=30592"}],"version-history":[{"count":0,"href":"https:\/\/technofluid.it\/fr\/wp-json\/wp\/v2\/product\/30592\/revisions"}],"wp:featuredmedia":[{"embeddable":true,"href":"https:\/\/technofluid.it\/fr\/wp-json\/wp\/v2\/media\/40293"}],"wp:attachment":[{"href":"https:\/\/technofluid.it\/fr\/wp-json\/wp\/v2\/media?parent=30592"}],"wp:term":[{"taxonomy":"product_brand","embeddable":true,"href":"https:\/\/technofluid.it\/fr\/wp-json\/wp\/v2\/product_brand?post=30592"},{"taxonomy":"product_cat","embeddable":true,"href":"https:\/\/technofluid.it\/fr\/wp-json\/wp\/v2\/product_cat?post=30592"},{"taxonomy":"product_tag","embeddable":true,"href":"https:\/\/technofluid.it\/fr\/wp-json\/wp\/v2\/product_tag?post=30592"}],"curies":[{"name":"wp","href":"https:\/\/api.w.org\/{rel}","templated":true}]}}