{"id":30586,"date":"2025-10-25T00:03:05","date_gmt":"2025-10-25T00:03:05","guid":{"rendered":"https:\/\/technofluid.it\/prodotto\/olio-nautical-protech-15w40-5l-codice-v103715w40-5l\/"},"modified":"2026-04-15T10:29:57","modified_gmt":"2026-04-15T09:29:57","slug":"olio-nautical-protech-15w40-5l-codice-v103715w40-5l","status":"publish","type":"product","link":"https:\/\/technofluid.it\/fr\/produit\/huile-de-protection-nautique-15w40-5l-code-v103715w40-5l\/","title":{"rendered":"Huile Nautical Protech 15W40 5L - Code : V103715W40 5L"},"content":{"rendered":"<p>Huile Nautical Protech 15W40 5L - Code : V103715W40 5L<\/p>","protected":false},"excerpt":{"rendered":"<p>HUILE NAUTIQUE PROTECH 15W40 5L<\/p>","protected":false},"featured_media":40277,"comment_status":"open","ping_status":"closed","template":"","meta":{"_acf_changed":false,"_monsterinsights_skip_tracking":false,"_monsterinsights_sitenote_active":false,"_monsterinsights_sitenote_note":"","_monsterinsights_sitenote_category":0,"site-sidebar-layout":"default","site-content-layout":"","ast-site-content-layout":"default","site-content-style":"default","site-sidebar-style":"default","ast-global-header-display":"","ast-banner-title-visibility":"","ast-main-header-display":"","ast-hfb-above-header-display":"","ast-hfb-below-header-display":"","ast-hfb-mobile-header-display":"","site-post-title":"","ast-breadcrumbs-content":"","ast-featured-img":"","footer-sml-layout":"","ast-disable-related-posts":"","theme-transparent-header-meta":"","adv-header-id-meta":"","stick-header-meta":"","header-above-stick-meta":"","header-main-stick-meta":"","header-below-stick-meta":"","astra-migrate-meta-layouts":"default","ast-page-background-enabled":"default","ast-page-background-meta":{"desktop":{"background-color":"var(--ast-global-color-5)","background-image":"","background-repeat":"repeat","background-position":"center center","background-size":"auto","background-attachment":"scroll","background-type":"","background-media":"","overlay-type":"","overlay-color":"","overlay-opacity":"","overlay-gradient":""},"tablet":{"background-color":"","background-image":"","background-repeat":"repeat","background-position":"center center","background-size":"auto","background-attachment":"scroll","background-type":"","background-media":"","overlay-type":"","overlay-color":"","overlay-opacity":"","overlay-gradient":""},"mobile":{"background-color":"","background-image":"","background-repeat":"repeat","background-position":"center center","background-size":"auto","background-attachment":"scroll","background-type":"","background-media":"","overlay-type":"","overlay-color":"","overlay-opacity":"","overlay-gradient":""}},"ast-content-background-meta":{"desktop":{"background-color":"var(--ast-global-color-4)","background-image":"","background-repeat":"repeat","background-position":"center center","background-size":"auto","background-attachment":"scroll","background-type":"","background-media":"","overlay-type":"","overlay-color":"","overlay-opacity":"","overlay-gradient":""},"tablet":{"background-color":"var(--ast-global-color-4)","background-image":"","background-repeat":"repeat","background-position":"center center","background-size":"auto","background-attachment":"scroll","background-type":"","background-media":"","overlay-type":"","overlay-color":"","overlay-opacity":"","overlay-gradient":""},"mobile":{"background-color":"var(--ast-global-color-4)","background-image":"","background-repeat":"repeat","background-position":"center center","background-size":"auto","background-attachment":"scroll","background-type":"","background-media":"","overlay-type":"","overlay-color":"","overlay-opacity":"","overlay-gradient":""}}},"product_brand":[],"product_cat":[179,453],"product_tag":[6517,6518],"class_list":{"0":"post-30586","1":"product","2":"type-product","3":"status-publish","4":"has-post-thumbnail","6":"product_cat-motori-e-ricambi","7":"product_cat-ricambi-motori-e-oli","8":"product_tag-nautical","9":"product_tag-protech","10":"pa_supplier-br-ricambi-srls","11":"desktop-align-left","12":"tablet-align-left","13":"mobile-align-left","15":"first","16":"instock","17":"taxable","18":"shipping-taxable","19":"purchasable","20":"product-type-simple"},"acf":[],"yoast_head":"<!-- This site is optimized with the Yoast SEO Premium plugin v26.7 (Yoast SEO v26.9) - https:\/\/yoast.com\/product\/yoast-seo-premium-wordpress\/ -->\n<title>Olio Nautical Protech 15W40 5L - Qualit\u00e0 e Protezione<\/title>\n<meta name=\"description\" content=\"Scopri l&#039;olio Nautical Protech 15W40 5L, perfetto per motori nautici. Acquista ora per massima protezione e prestazioni ottimali.\" \/>\n<meta name=\"robots\" content=\"index, follow, max-snippet:-1, max-image-preview:large, max-video-preview:-1\" \/>\n<link rel=\"canonical\" href=\"https:\/\/technofluid.it\/fr\/produit\/huile-de-protection-nautique-15w40-5l-code-v103715w40-5l\/\" \/>\n<meta property=\"og:locale\" content=\"fr_FR\" \/>\n<meta property=\"og:type\" content=\"article\" \/>\n<meta property=\"og:title\" content=\"Olio nautical protech 15W40 5L - codice: V103715W40 5L\" \/>\n<meta property=\"og:description\" content=\"Scopri l&#039;olio Nautical Protech 15W40 5L, perfetto per motori nautici. Acquista ora per massima protezione e prestazioni ottimali.\" \/>\n<meta property=\"og:url\" content=\"https:\/\/technofluid.it\/fr\/produit\/huile-de-protection-nautique-15w40-5l-code-v103715w40-5l\/\" \/>\n<meta property=\"og:site_name\" content=\"Technofluid\" \/>\n<meta property=\"article:modified_time\" content=\"2026-04-15T09:29:57+00:00\" \/>\n<meta property=\"og:image\" content=\"https:\/\/technofluid.it\/wp-content\/uploads\/2026\/01\/3768-Olio-nautical-protech-15W40-5L-codice-V103715W40-5L.jpg\" \/>\n\t<meta property=\"og:image:width\" content=\"700\" \/>\n\t<meta property=\"og:image:height\" content=\"700\" \/>\n\t<meta property=\"og:image:type\" content=\"image\/png\" \/>\n<meta name=\"twitter:card\" content=\"summary_large_image\" \/>\n<meta name=\"twitter:label1\" content=\"Prix\" \/>\n\t<meta name=\"twitter:data1\" content=\"37,87&nbsp;&euro; Iva esclusa\" \/>\n\t<meta name=\"twitter:label2\" content=\"Disponibilit\u00e9\" \/>\n\t<meta name=\"twitter:data2\" content=\"En stock\" \/>\n<script type=\"application\/ld+json\" class=\"yoast-schema-graph\">{\"@context\":\"https:\/\/schema.org\",\"@graph\":[{\"@type\":\"WebPage\",\"@id\":\"https:\/\/technofluid.it\/prodotto\/olio-nautical-protech-15w40-5l-codice-v103715w40-5l\/\",\"url\":\"https:\/\/technofluid.it\/prodotto\/olio-nautical-protech-15w40-5l-codice-v103715w40-5l\/\",\"name\":\"Olio Nautical Protech 15W40 5L - Qualit\u00e0 e Protezione\",\"isPartOf\":{\"@id\":\"https:\/\/technofluid.it\/#website\"},\"primaryImageOfPage\":{\"@id\":\"https:\/\/technofluid.it\/prodotto\/olio-nautical-protech-15w40-5l-codice-v103715w40-5l\/#primaryimage\"},\"image\":{\"@id\":\"https:\/\/technofluid.it\/prodotto\/olio-nautical-protech-15w40-5l-codice-v103715w40-5l\/#primaryimage\"},\"thumbnailUrl\":\"https:\/\/technofluid.it\/wp-content\/uploads\/2026\/01\/3768-Olio-nautical-protech-15W40-5L-codice-V103715W40-5L.jpg\",\"datePublished\":\"2025-10-25T00:03:05+00:00\",\"dateModified\":\"2026-04-15T09:29:57+00:00\",\"description\":\"Scopri l'olio Nautical Protech 15W40 5L, perfetto per motori nautici. Acquista ora per massima protezione e prestazioni ottimali.\",\"breadcrumb\":{\"@id\":\"https:\/\/technofluid.it\/prodotto\/olio-nautical-protech-15w40-5l-codice-v103715w40-5l\/#breadcrumb\"},\"inLanguage\":\"fr-FR\",\"potentialAction\":[{\"@type\":\"ReadAction\",\"target\":[\"https:\/\/technofluid.it\/prodotto\/olio-nautical-protech-15w40-5l-codice-v103715w40-5l\/\"]}]},{\"@type\":\"ImageObject\",\"inLanguage\":\"fr-FR\",\"@id\":\"https:\/\/technofluid.it\/prodotto\/olio-nautical-protech-15w40-5l-codice-v103715w40-5l\/#primaryimage\",\"url\":\"https:\/\/technofluid.it\/wp-content\/uploads\/2026\/01\/3768-Olio-nautical-protech-15W40-5L-codice-V103715W40-5L.jpg\",\"contentUrl\":\"https:\/\/technofluid.it\/wp-content\/uploads\/2026\/01\/3768-Olio-nautical-protech-15W40-5L-codice-V103715W40-5L.jpg\",\"width\":700,\"height\":700,\"caption\":\"Bottiglia di olio nautico Protec 15W40 da 5 litri, ideale per motori marini, garantisce protezione e lubrificazione efficiente.\"},{\"@type\":\"BreadcrumbList\",\"@id\":\"https:\/\/technofluid.it\/prodotto\/olio-nautical-protech-15w40-5l-codice-v103715w40-5l\/#breadcrumb\",\"itemListElement\":[{\"@type\":\"ListItem\",\"position\":1,\"name\":\"Home\",\"item\":\"https:\/\/technofluid.it\/\"},{\"@type\":\"ListItem\",\"position\":2,\"name\":\"Shop\",\"item\":\"https:\/\/technofluid.it\/shop\/\"},{\"@type\":\"ListItem\",\"position\":3,\"name\":\"Olio nautical protech 15W40 5L &#8211; codice: V103715W40 5L\"}]},{\"@type\":\"WebSite\",\"@id\":\"https:\/\/technofluid.it\/#website\",\"url\":\"https:\/\/technofluid.it\/\",\"name\":\"Technofluid S.R.L.\",\"description\":\"Dal 1999 siamo specializzati nell&#039;impiantistica navale, idraulica, civile e industriale\",\"publisher\":{\"@id\":\"https:\/\/technofluid.it\/#organization\"},\"potentialAction\":[{\"@type\":\"SearchAction\",\"target\":{\"@type\":\"EntryPoint\",\"urlTemplate\":\"https:\/\/technofluid.it\/?s={search_term_string}\"},\"query-input\":{\"@type\":\"PropertyValueSpecification\",\"valueRequired\":true,\"valueName\":\"search_term_string\"}}],\"inLanguage\":\"fr-FR\"},{\"@type\":\"Organization\",\"@id\":\"https:\/\/technofluid.it\/#organization\",\"name\":\"Technofluid\",\"url\":\"https:\/\/technofluid.it\/\",\"logo\":{\"@type\":\"ImageObject\",\"inLanguage\":\"fr-FR\",\"@id\":\"https:\/\/technofluid.it\/#\/schema\/logo\/image\/\",\"url\":\"https:\/\/technofluid.it\/wp-content\/uploads\/2025\/12\/technofluid_bianco-logo.webp\",\"contentUrl\":\"https:\/\/technofluid.it\/wp-content\/uploads\/2025\/12\/technofluid_bianco-logo.webp\",\"width\":350,\"height\":116,\"caption\":\"Technofluid\"},\"image\":{\"@id\":\"https:\/\/technofluid.it\/#\/schema\/logo\/image\/\"},\"description\":\"La Technofluid S.r.l. nasce nel 1999 a Barcellona Pozzo di Gotto, in provincia di Messina, con l\u2019obiettivo di diventare un punto di riferimento nel settore dell\u2019impiantistica navale, idraulica, civile e industriale.\",\"email\":\"info@technofluid.it\",\"telephone\":\"0907386877\",\"legalName\":\"Technofluid S.R.L\",\"vatID\":\"IT03148240835\",\"taxID\":\"03148240835\",\"ownershipFundingInfo\":\"https:\/\/technofluid.it\/azienda\/\"}]}<\/script>\n<meta property=\"product:price:amount\" content=\"37.87\" \/>\n<meta property=\"product:price:currency\" content=\"EUR\" \/>\n<meta property=\"og:availability\" content=\"instock\" \/>\n<meta property=\"product:availability\" content=\"instock\" \/>\n<meta property=\"product:retailer_item_id\" content=\"VANG000001\" \/>\n<meta property=\"product:condition\" content=\"new\" \/>\n<!-- \/ Yoast SEO Premium plugin. -->","yoast_head_json":{"title":"Huile nautique Protech 15W40 5L - Qualit\u00e9 et protection","description":"D\u00e9couvrez l'huile Nautical Protech 15W40 5L, parfaite pour les moteurs marins. Achetez-la d\u00e8s maintenant pour une protection maximale et des performances optimales.","robots":{"index":"index","follow":"follow","max-snippet":"max-snippet:-1","max-image-preview":"max-image-preview:large","max-video-preview":"max-video-preview:-1"},"canonical":"https:\/\/technofluid.it\/fr\/produit\/huile-de-protection-nautique-15w40-5l-code-v103715w40-5l\/","og_locale":"fr_FR","og_type":"article","og_title":"Olio nautical protech 15W40 5L - codice: V103715W40 5L","og_description":"Scopri l'olio Nautical Protech 15W40 5L, perfetto per motori nautici. Acquista ora per massima protezione e prestazioni ottimali.","og_url":"https:\/\/technofluid.it\/fr\/produit\/huile-de-protection-nautique-15w40-5l-code-v103715w40-5l\/","og_site_name":"Technofluid","article_modified_time":"2026-04-15T09:29:57+00:00","og_image":[{"width":700,"height":700,"url":"https:\/\/technofluid.it\/wp-content\/uploads\/2026\/01\/3768-Olio-nautical-protech-15W40-5L-codice-V103715W40-5L.jpg","type":"image\/png"}],"twitter_card":"summary_large_image","twitter_misc":{"Prix":"37,87&nbsp;&euro; Iva esclusa","Disponibilit\u00e9":"En stock"},"schema":{"@context":"https:\/\/schema.org","@graph":[{"@type":"WebPage","@id":"https:\/\/technofluid.it\/prodotto\/olio-nautical-protech-15w40-5l-codice-v103715w40-5l\/","url":"https:\/\/technofluid.it\/prodotto\/olio-nautical-protech-15w40-5l-codice-v103715w40-5l\/","name":"Huile nautique Protech 15W40 5L - Qualit\u00e9 et protection","isPartOf":{"@id":"https:\/\/technofluid.it\/#website"},"primaryImageOfPage":{"@id":"https:\/\/technofluid.it\/prodotto\/olio-nautical-protech-15w40-5l-codice-v103715w40-5l\/#primaryimage"},"image":{"@id":"https:\/\/technofluid.it\/prodotto\/olio-nautical-protech-15w40-5l-codice-v103715w40-5l\/#primaryimage"},"thumbnailUrl":"https:\/\/technofluid.it\/wp-content\/uploads\/2026\/01\/3768-Olio-nautical-protech-15W40-5L-codice-V103715W40-5L.jpg","datePublished":"2025-10-25T00:03:05+00:00","dateModified":"2026-04-15T09:29:57+00:00","description":"D\u00e9couvrez l'huile Nautical Protech 15W40 5L, parfaite pour les moteurs marins. Achetez-la d\u00e8s maintenant pour une protection maximale et des performances optimales.","breadcrumb":{"@id":"https:\/\/technofluid.it\/prodotto\/olio-nautical-protech-15w40-5l-codice-v103715w40-5l\/#breadcrumb"},"inLanguage":"fr-FR","potentialAction":[{"@type":"ReadAction","target":["https:\/\/technofluid.it\/prodotto\/olio-nautical-protech-15w40-5l-codice-v103715w40-5l\/"]}]},{"@type":"ImageObject","inLanguage":"fr-FR","@id":"https:\/\/technofluid.it\/prodotto\/olio-nautical-protech-15w40-5l-codice-v103715w40-5l\/#primaryimage","url":"https:\/\/technofluid.it\/wp-content\/uploads\/2026\/01\/3768-Olio-nautical-protech-15W40-5L-codice-V103715W40-5L.jpg","contentUrl":"https:\/\/technofluid.it\/wp-content\/uploads\/2026\/01\/3768-Olio-nautical-protech-15W40-5L-codice-V103715W40-5L.jpg","width":700,"height":700,"caption":"Bottiglia di olio nautico Protec 15W40 da 5 litri, ideale per motori marini, garantisce protezione e lubrificazione efficiente."},{"@type":"BreadcrumbList","@id":"https:\/\/technofluid.it\/prodotto\/olio-nautical-protech-15w40-5l-codice-v103715w40-5l\/#breadcrumb","itemListElement":[{"@type":"ListItem","position":1,"name":"Home","item":"https:\/\/technofluid.it\/"},{"@type":"ListItem","position":2,"name":"Shop","item":"https:\/\/technofluid.it\/shop\/"},{"@type":"ListItem","position":3,"name":"Olio nautical protech 15W40 5L &#8211; codice: V103715W40 5L"}]},{"@type":"WebSite","@id":"https:\/\/technofluid.it\/#website","url":"https:\/\/technofluid.it\/","name":"Technofluid S.R.L.","description":"Depuis 1999, nous sommes sp\u00e9cialis\u00e9s dans les installations marines, de plomberie, civiles et industrielles.","publisher":{"@id":"https:\/\/technofluid.it\/#organization"},"potentialAction":[{"@type":"SearchAction","target":{"@type":"EntryPoint","urlTemplate":"https:\/\/technofluid.it\/?s={search_term_string}"},"query-input":{"@type":"PropertyValueSpecification","valueRequired":true,"valueName":"search_term_string"}}],"inLanguage":"fr-FR"},{"@type":"Organization","@id":"https:\/\/technofluid.it\/#organization","name":"Technofluid","url":"https:\/\/technofluid.it\/","logo":{"@type":"ImageObject","inLanguage":"fr-FR","@id":"https:\/\/technofluid.it\/#\/schema\/logo\/image\/","url":"https:\/\/technofluid.it\/wp-content\/uploads\/2025\/12\/technofluid_bianco-logo.webp","contentUrl":"https:\/\/technofluid.it\/wp-content\/uploads\/2025\/12\/technofluid_bianco-logo.webp","width":350,"height":116,"caption":"Technofluid"},"image":{"@id":"https:\/\/technofluid.it\/#\/schema\/logo\/image\/"},"description":"La Technofluid S.r.l. est n\u00e9e en 1999 \u00e0 Barcellona Pozzo di Gotto, dans la province de Messine, avec l'objectif de devenir un point de r\u00e9f\u00e9rence dans le secteur de l'installation navale, hydraulique, civile et industrielle.","email":"info@technofluid.it","telephone":"0907386877","legalName":"Technofluid S.R.L","vatID":"IT03148240835","taxID":"03148240835","ownershipFundingInfo":"https:\/\/technofluid.it\/azienda\/"}]},"product_price_amount":"37.87","product_price_currency":"EUR","og_availability":"instock","product_availability":"instock","product_retailer_item_id":"VANG000001","product_condition":"new"},"_links":{"self":[{"href":"https:\/\/technofluid.it\/fr\/wp-json\/wp\/v2\/product\/30586","targetHints":{"allow":["GET"]}}],"collection":[{"href":"https:\/\/technofluid.it\/fr\/wp-json\/wp\/v2\/product"}],"about":[{"href":"https:\/\/technofluid.it\/fr\/wp-json\/wp\/v2\/types\/product"}],"replies":[{"embeddable":true,"href":"https:\/\/technofluid.it\/fr\/wp-json\/wp\/v2\/comments?post=30586"}],"version-history":[{"count":0,"href":"https:\/\/technofluid.it\/fr\/wp-json\/wp\/v2\/product\/30586\/revisions"}],"wp:featuredmedia":[{"embeddable":true,"href":"https:\/\/technofluid.it\/fr\/wp-json\/wp\/v2\/media\/40277"}],"wp:attachment":[{"href":"https:\/\/technofluid.it\/fr\/wp-json\/wp\/v2\/media?parent=30586"}],"wp:term":[{"taxonomy":"product_brand","embeddable":true,"href":"https:\/\/technofluid.it\/fr\/wp-json\/wp\/v2\/product_brand?post=30586"},{"taxonomy":"product_cat","embeddable":true,"href":"https:\/\/technofluid.it\/fr\/wp-json\/wp\/v2\/product_cat?post=30586"},{"taxonomy":"product_tag","embeddable":true,"href":"https:\/\/technofluid.it\/fr\/wp-json\/wp\/v2\/product_tag?post=30586"}],"curies":[{"name":"wp","href":"https:\/\/api.w.org\/{rel}","templated":true}]}}