{"id":30584,"date":"2025-10-25T00:03:05","date_gmt":"2025-10-25T00:03:05","guid":{"rendered":"https:\/\/technofluid.it\/prodotto\/olio-nautical-ep-80w90-1l-codice-v3090-1l-vanguard\/"},"modified":"2026-04-15T09:41:22","modified_gmt":"2026-04-15T08:41:22","slug":"olio-nautical-ep-80w90-1l-codice-v3090-1l-vanguard","status":"publish","type":"product","link":"https:\/\/technofluid.it\/fr\/produit\/huile-nautical-ep-80w90-1l-code-v3090-1l-vanguard-2\/","title":{"rendered":"Huile nautique EP 80W90 1L \u2013 code V3090 1L \u2013 Vanguard"},"content":{"rendered":"<p>Huile nautique EP 80W90 1L \u2013 code V3090 1L \u2013 Vanguard<\/p>","protected":false},"excerpt":{"rendered":"<p>OLIO NAUTICAL EP 80W90 1L &#8211; CODICE V3090 1L &#8211; VANGUARD<\/p>","protected":false},"featured_media":40273,"comment_status":"open","ping_status":"closed","template":"","meta":{"_acf_changed":false,"_monsterinsights_skip_tracking":false,"_monsterinsights_sitenote_active":false,"_monsterinsights_sitenote_note":"","_monsterinsights_sitenote_category":0,"site-sidebar-layout":"default","site-content-layout":"","ast-site-content-layout":"default","site-content-style":"default","site-sidebar-style":"default","ast-global-header-display":"","ast-banner-title-visibility":"","ast-main-header-display":"","ast-hfb-above-header-display":"","ast-hfb-below-header-display":"","ast-hfb-mobile-header-display":"","site-post-title":"","ast-breadcrumbs-content":"","ast-featured-img":"","footer-sml-layout":"","ast-disable-related-posts":"","theme-transparent-header-meta":"","adv-header-id-meta":"","stick-header-meta":"","header-above-stick-meta":"","header-main-stick-meta":"","header-below-stick-meta":"","astra-migrate-meta-layouts":"default","ast-page-background-enabled":"default","ast-page-background-meta":{"desktop":{"background-color":"var(--ast-global-color-5)","background-image":"","background-repeat":"repeat","background-position":"center center","background-size":"auto","background-attachment":"scroll","background-type":"","background-media":"","overlay-type":"","overlay-color":"","overlay-opacity":"","overlay-gradient":""},"tablet":{"background-color":"","background-image":"","background-repeat":"repeat","background-position":"center center","background-size":"auto","background-attachment":"scroll","background-type":"","background-media":"","overlay-type":"","overlay-color":"","overlay-opacity":"","overlay-gradient":""},"mobile":{"background-color":"","background-image":"","background-repeat":"repeat","background-position":"center center","background-size":"auto","background-attachment":"scroll","background-type":"","background-media":"","overlay-type":"","overlay-color":"","overlay-opacity":"","overlay-gradient":""}},"ast-content-background-meta":{"desktop":{"background-color":"var(--ast-global-color-4)","background-image":"","background-repeat":"repeat","background-position":"center center","background-size":"auto","background-attachment":"scroll","background-type":"","background-media":"","overlay-type":"","overlay-color":"","overlay-opacity":"","overlay-gradient":""},"tablet":{"background-color":"var(--ast-global-color-4)","background-image":"","background-repeat":"repeat","background-position":"center center","background-size":"auto","background-attachment":"scroll","background-type":"","background-media":"","overlay-type":"","overlay-color":"","overlay-opacity":"","overlay-gradient":""},"mobile":{"background-color":"var(--ast-global-color-4)","background-image":"","background-repeat":"repeat","background-position":"center center","background-size":"auto","background-attachment":"scroll","background-type":"","background-media":"","overlay-type":"","overlay-color":"","overlay-opacity":"","overlay-gradient":""}}},"product_brand":[],"product_cat":[179,453],"product_tag":[6517,3758,5146],"class_list":{"0":"post-30584","1":"product","2":"type-product","3":"status-publish","4":"has-post-thumbnail","6":"product_cat-motori-e-ricambi","7":"product_cat-ricambi-motori-e-oli","8":"product_tag-nautical","9":"product_tag-olio","10":"product_tag-vanguard","11":"pa_supplier-br-ricambi-srls","12":"desktop-align-left","13":"tablet-align-left","14":"mobile-align-left","16":"first","17":"instock","18":"taxable","19":"shipping-taxable","20":"purchasable","21":"product-type-simple"},"acf":[],"yoast_head":"<!-- This site is optimized with the Yoast SEO Premium plugin v26.7 (Yoast SEO v26.9) - https:\/\/yoast.com\/product\/yoast-seo-premium-wordpress\/ -->\n<title>Olio Nautical 80W90 1L Vanguard - Qualit\u00e0 e Protezione<\/title>\n<meta name=\"description\" content=\"Scopri l&#039;olio nautical 80W90 Vanguard da 1L, ideale per la protezione del motore. Acquista ora e garantisci prestazioni ottimali!\" \/>\n<meta name=\"robots\" content=\"index, follow, max-snippet:-1, max-image-preview:large, max-video-preview:-1\" \/>\n<link rel=\"canonical\" href=\"https:\/\/technofluid.it\/fr\/produit\/huile-nautical-ep-80w90-1l-code-v3090-1l-vanguard-2\/\" \/>\n<meta property=\"og:locale\" content=\"fr_FR\" \/>\n<meta property=\"og:type\" content=\"article\" \/>\n<meta property=\"og:title\" content=\"Olio nautical EP 80W90 1L - codice V3090 1L - Vanguard\" \/>\n<meta property=\"og:description\" content=\"Scopri l&#039;olio nautical 80W90 Vanguard da 1L, ideale per la protezione del motore. Acquista ora e garantisci prestazioni ottimali!\" \/>\n<meta property=\"og:url\" content=\"https:\/\/technofluid.it\/fr\/produit\/huile-nautical-ep-80w90-1l-code-v3090-1l-vanguard-2\/\" \/>\n<meta property=\"og:site_name\" content=\"Technofluid\" \/>\n<meta property=\"article:modified_time\" content=\"2026-04-15T08:41:22+00:00\" \/>\n<meta property=\"og:image\" content=\"https:\/\/technofluid.it\/wp-content\/uploads\/2026\/01\/2848-Olio-nautical-EP-80W90-1L-codice-V3090-1L-Vanguard.jpg\" \/>\n\t<meta property=\"og:image:width\" content=\"1080\" \/>\n\t<meta property=\"og:image:height\" content=\"1080\" \/>\n\t<meta property=\"og:image:type\" content=\"image\/png\" \/>\n<meta name=\"twitter:card\" content=\"summary_large_image\" \/>\n<meta name=\"twitter:label1\" content=\"Prix\" \/>\n\t<meta name=\"twitter:data1\" content=\"8,28&nbsp;&euro; Iva esclusa\" \/>\n\t<meta name=\"twitter:label2\" content=\"Disponibilit\u00e9\" \/>\n\t<meta name=\"twitter:data2\" content=\"En stock\" \/>\n<script type=\"application\/ld+json\" class=\"yoast-schema-graph\">{\"@context\":\"https:\/\/schema.org\",\"@graph\":[{\"@type\":\"WebPage\",\"@id\":\"https:\/\/technofluid.it\/prodotto\/olio-nautical-ep-80w90-1l-codice-v3090-1l-vanguard\/\",\"url\":\"https:\/\/technofluid.it\/prodotto\/olio-nautical-ep-80w90-1l-codice-v3090-1l-vanguard\/\",\"name\":\"Olio Nautical 80W90 1L Vanguard - Qualit\u00e0 e Protezione\",\"isPartOf\":{\"@id\":\"https:\/\/technofluid.it\/#website\"},\"primaryImageOfPage\":{\"@id\":\"https:\/\/technofluid.it\/prodotto\/olio-nautical-ep-80w90-1l-codice-v3090-1l-vanguard\/#primaryimage\"},\"image\":{\"@id\":\"https:\/\/technofluid.it\/prodotto\/olio-nautical-ep-80w90-1l-codice-v3090-1l-vanguard\/#primaryimage\"},\"thumbnailUrl\":\"https:\/\/technofluid.it\/wp-content\/uploads\/2026\/01\/2848-Olio-nautical-EP-80W90-1L-codice-V3090-1L-Vanguard.jpg\",\"datePublished\":\"2025-10-25T00:03:05+00:00\",\"dateModified\":\"2026-04-15T08:41:22+00:00\",\"description\":\"Scopri l'olio nautical 80W90 Vanguard da 1L, ideale per la protezione del motore. Acquista ora e garantisci prestazioni ottimali!\",\"breadcrumb\":{\"@id\":\"https:\/\/technofluid.it\/prodotto\/olio-nautical-ep-80w90-1l-codice-v3090-1l-vanguard\/#breadcrumb\"},\"inLanguage\":\"fr-FR\",\"potentialAction\":[{\"@type\":\"ReadAction\",\"target\":[\"https:\/\/technofluid.it\/prodotto\/olio-nautical-ep-80w90-1l-codice-v3090-1l-vanguard\/\"]}]},{\"@type\":\"ImageObject\",\"inLanguage\":\"fr-FR\",\"@id\":\"https:\/\/technofluid.it\/prodotto\/olio-nautical-ep-80w90-1l-codice-v3090-1l-vanguard\/#primaryimage\",\"url\":\"https:\/\/technofluid.it\/wp-content\/uploads\/2026\/01\/2848-Olio-nautical-EP-80W90-1L-codice-V3090-1L-Vanguard.jpg\",\"contentUrl\":\"https:\/\/technofluid.it\/wp-content\/uploads\/2026\/01\/2848-Olio-nautical-EP-80W90-1L-codice-V3090-1L-Vanguard.jpg\",\"width\":1080,\"height\":1080,\"caption\":\"Bottiglia di olio nautico EP 80W90 Vanguard, ideale per trasmissioni marine, confezione da 1 litro, codice V3090.\"},{\"@type\":\"BreadcrumbList\",\"@id\":\"https:\/\/technofluid.it\/prodotto\/olio-nautical-ep-80w90-1l-codice-v3090-1l-vanguard\/#breadcrumb\",\"itemListElement\":[{\"@type\":\"ListItem\",\"position\":1,\"name\":\"Home\",\"item\":\"https:\/\/technofluid.it\/\"},{\"@type\":\"ListItem\",\"position\":2,\"name\":\"Shop\",\"item\":\"https:\/\/technofluid.it\/shop\/\"},{\"@type\":\"ListItem\",\"position\":3,\"name\":\"Olio nautical EP 80W90 1L &#8211; codice V3090 1L &#8211; Vanguard\"}]},{\"@type\":\"WebSite\",\"@id\":\"https:\/\/technofluid.it\/#website\",\"url\":\"https:\/\/technofluid.it\/\",\"name\":\"Technofluid S.R.L.\",\"description\":\"Dal 1999 siamo specializzati nell&#039;impiantistica navale, idraulica, civile e industriale\",\"publisher\":{\"@id\":\"https:\/\/technofluid.it\/#organization\"},\"potentialAction\":[{\"@type\":\"SearchAction\",\"target\":{\"@type\":\"EntryPoint\",\"urlTemplate\":\"https:\/\/technofluid.it\/?s={search_term_string}\"},\"query-input\":{\"@type\":\"PropertyValueSpecification\",\"valueRequired\":true,\"valueName\":\"search_term_string\"}}],\"inLanguage\":\"fr-FR\"},{\"@type\":\"Organization\",\"@id\":\"https:\/\/technofluid.it\/#organization\",\"name\":\"Technofluid\",\"url\":\"https:\/\/technofluid.it\/\",\"logo\":{\"@type\":\"ImageObject\",\"inLanguage\":\"fr-FR\",\"@id\":\"https:\/\/technofluid.it\/#\/schema\/logo\/image\/\",\"url\":\"https:\/\/technofluid.it\/wp-content\/uploads\/2025\/12\/technofluid_bianco-logo.webp\",\"contentUrl\":\"https:\/\/technofluid.it\/wp-content\/uploads\/2025\/12\/technofluid_bianco-logo.webp\",\"width\":350,\"height\":116,\"caption\":\"Technofluid\"},\"image\":{\"@id\":\"https:\/\/technofluid.it\/#\/schema\/logo\/image\/\"},\"description\":\"La Technofluid S.r.l. nasce nel 1999 a Barcellona Pozzo di Gotto, in provincia di Messina, con l\u2019obiettivo di diventare un punto di riferimento nel settore dell\u2019impiantistica navale, idraulica, civile e industriale.\",\"email\":\"info@technofluid.it\",\"telephone\":\"0907386877\",\"legalName\":\"Technofluid S.R.L\",\"vatID\":\"IT03148240835\",\"taxID\":\"03148240835\",\"ownershipFundingInfo\":\"https:\/\/technofluid.it\/azienda\/\"}]}<\/script>\n<meta property=\"product:price:amount\" content=\"8.28\" \/>\n<meta property=\"product:price:currency\" content=\"EUR\" \/>\n<meta property=\"og:availability\" content=\"instock\" \/>\n<meta property=\"product:availability\" content=\"instock\" \/>\n<meta property=\"product:retailer_item_id\" content=\"VANG000008\" \/>\n<meta property=\"product:condition\" content=\"new\" \/>\n<!-- \/ Yoast SEO Premium plugin. -->","yoast_head_json":{"title":"Huile Nautical 80W90 1L Vanguard - Qualit\u00e9 et Protection","description":"D\u00e9couvrez l'huile nautical 80W90 Vanguard de 1L, id\u00e9ale pour la protection du moteur. Achetez maintenant et garantissez des performances optimales !","robots":{"index":"index","follow":"follow","max-snippet":"max-snippet:-1","max-image-preview":"max-image-preview:large","max-video-preview":"max-video-preview:-1"},"canonical":"https:\/\/technofluid.it\/fr\/produit\/huile-nautical-ep-80w90-1l-code-v3090-1l-vanguard-2\/","og_locale":"fr_FR","og_type":"article","og_title":"Olio nautical EP 80W90 1L - codice V3090 1L - Vanguard","og_description":"Scopri l'olio nautical 80W90 Vanguard da 1L, ideale per la protezione del motore. Acquista ora e garantisci prestazioni ottimali!","og_url":"https:\/\/technofluid.it\/fr\/produit\/huile-nautical-ep-80w90-1l-code-v3090-1l-vanguard-2\/","og_site_name":"Technofluid","article_modified_time":"2026-04-15T08:41:22+00:00","og_image":[{"width":1080,"height":1080,"url":"https:\/\/technofluid.it\/wp-content\/uploads\/2026\/01\/2848-Olio-nautical-EP-80W90-1L-codice-V3090-1L-Vanguard.jpg","type":"image\/png"}],"twitter_card":"summary_large_image","twitter_misc":{"Prix":"8,28&nbsp;&euro; Iva esclusa","Disponibilit\u00e9":"En stock"},"schema":{"@context":"https:\/\/schema.org","@graph":[{"@type":"WebPage","@id":"https:\/\/technofluid.it\/prodotto\/olio-nautical-ep-80w90-1l-codice-v3090-1l-vanguard\/","url":"https:\/\/technofluid.it\/prodotto\/olio-nautical-ep-80w90-1l-codice-v3090-1l-vanguard\/","name":"Huile Nautical 80W90 1L Vanguard - Qualit\u00e9 et Protection","isPartOf":{"@id":"https:\/\/technofluid.it\/#website"},"primaryImageOfPage":{"@id":"https:\/\/technofluid.it\/prodotto\/olio-nautical-ep-80w90-1l-codice-v3090-1l-vanguard\/#primaryimage"},"image":{"@id":"https:\/\/technofluid.it\/prodotto\/olio-nautical-ep-80w90-1l-codice-v3090-1l-vanguard\/#primaryimage"},"thumbnailUrl":"https:\/\/technofluid.it\/wp-content\/uploads\/2026\/01\/2848-Olio-nautical-EP-80W90-1L-codice-V3090-1L-Vanguard.jpg","datePublished":"2025-10-25T00:03:05+00:00","dateModified":"2026-04-15T08:41:22+00:00","description":"D\u00e9couvrez l'huile nautical 80W90 Vanguard de 1L, id\u00e9ale pour la protection du moteur. Achetez maintenant et garantissez des performances optimales !","breadcrumb":{"@id":"https:\/\/technofluid.it\/prodotto\/olio-nautical-ep-80w90-1l-codice-v3090-1l-vanguard\/#breadcrumb"},"inLanguage":"fr-FR","potentialAction":[{"@type":"ReadAction","target":["https:\/\/technofluid.it\/prodotto\/olio-nautical-ep-80w90-1l-codice-v3090-1l-vanguard\/"]}]},{"@type":"ImageObject","inLanguage":"fr-FR","@id":"https:\/\/technofluid.it\/prodotto\/olio-nautical-ep-80w90-1l-codice-v3090-1l-vanguard\/#primaryimage","url":"https:\/\/technofluid.it\/wp-content\/uploads\/2026\/01\/2848-Olio-nautical-EP-80W90-1L-codice-V3090-1L-Vanguard.jpg","contentUrl":"https:\/\/technofluid.it\/wp-content\/uploads\/2026\/01\/2848-Olio-nautical-EP-80W90-1L-codice-V3090-1L-Vanguard.jpg","width":1080,"height":1080,"caption":"Bottiglia di olio nautico EP 80W90 Vanguard, ideale per trasmissioni marine, confezione da 1 litro, codice V3090."},{"@type":"BreadcrumbList","@id":"https:\/\/technofluid.it\/prodotto\/olio-nautical-ep-80w90-1l-codice-v3090-1l-vanguard\/#breadcrumb","itemListElement":[{"@type":"ListItem","position":1,"name":"Home","item":"https:\/\/technofluid.it\/"},{"@type":"ListItem","position":2,"name":"Shop","item":"https:\/\/technofluid.it\/shop\/"},{"@type":"ListItem","position":3,"name":"Olio nautical EP 80W90 1L &#8211; codice V3090 1L &#8211; Vanguard"}]},{"@type":"WebSite","@id":"https:\/\/technofluid.it\/#website","url":"https:\/\/technofluid.it\/","name":"Technofluid S.R.L.","description":"Depuis 1999, nous sommes sp\u00e9cialis\u00e9s dans les installations marines, de plomberie, civiles et industrielles.","publisher":{"@id":"https:\/\/technofluid.it\/#organization"},"potentialAction":[{"@type":"SearchAction","target":{"@type":"EntryPoint","urlTemplate":"https:\/\/technofluid.it\/?s={search_term_string}"},"query-input":{"@type":"PropertyValueSpecification","valueRequired":true,"valueName":"search_term_string"}}],"inLanguage":"fr-FR"},{"@type":"Organization","@id":"https:\/\/technofluid.it\/#organization","name":"Technofluid","url":"https:\/\/technofluid.it\/","logo":{"@type":"ImageObject","inLanguage":"fr-FR","@id":"https:\/\/technofluid.it\/#\/schema\/logo\/image\/","url":"https:\/\/technofluid.it\/wp-content\/uploads\/2025\/12\/technofluid_bianco-logo.webp","contentUrl":"https:\/\/technofluid.it\/wp-content\/uploads\/2025\/12\/technofluid_bianco-logo.webp","width":350,"height":116,"caption":"Technofluid"},"image":{"@id":"https:\/\/technofluid.it\/#\/schema\/logo\/image\/"},"description":"La Technofluid S.r.l. est n\u00e9e en 1999 \u00e0 Barcellona Pozzo di Gotto, dans la province de Messine, avec l'objectif de devenir un point de r\u00e9f\u00e9rence dans le secteur de l'installation navale, hydraulique, civile et industrielle.","email":"info@technofluid.it","telephone":"0907386877","legalName":"Technofluid S.R.L","vatID":"IT03148240835","taxID":"03148240835","ownershipFundingInfo":"https:\/\/technofluid.it\/azienda\/"}]},"product_price_amount":"8.28","product_price_currency":"EUR","og_availability":"instock","product_availability":"instock","product_retailer_item_id":"VANG000008","product_condition":"new"},"_links":{"self":[{"href":"https:\/\/technofluid.it\/fr\/wp-json\/wp\/v2\/product\/30584","targetHints":{"allow":["GET"]}}],"collection":[{"href":"https:\/\/technofluid.it\/fr\/wp-json\/wp\/v2\/product"}],"about":[{"href":"https:\/\/technofluid.it\/fr\/wp-json\/wp\/v2\/types\/product"}],"replies":[{"embeddable":true,"href":"https:\/\/technofluid.it\/fr\/wp-json\/wp\/v2\/comments?post=30584"}],"version-history":[{"count":0,"href":"https:\/\/technofluid.it\/fr\/wp-json\/wp\/v2\/product\/30584\/revisions"}],"wp:featuredmedia":[{"embeddable":true,"href":"https:\/\/technofluid.it\/fr\/wp-json\/wp\/v2\/media\/40273"}],"wp:attachment":[{"href":"https:\/\/technofluid.it\/fr\/wp-json\/wp\/v2\/media?parent=30584"}],"wp:term":[{"taxonomy":"product_brand","embeddable":true,"href":"https:\/\/technofluid.it\/fr\/wp-json\/wp\/v2\/product_brand?post=30584"},{"taxonomy":"product_cat","embeddable":true,"href":"https:\/\/technofluid.it\/fr\/wp-json\/wp\/v2\/product_cat?post=30584"},{"taxonomy":"product_tag","embeddable":true,"href":"https:\/\/technofluid.it\/fr\/wp-json\/wp\/v2\/product_tag?post=30584"}],"curies":[{"name":"wp","href":"https:\/\/api.w.org\/{rel}","templated":true}]}}