{"id":30536,"date":"2025-10-25T01:03:00","date_gmt":"2025-10-25T00:03:00","guid":{"rendered":"https:\/\/technofluid.it\/prodotto\/nastro-25x50-americano-pattex-codice-715051\/"},"modified":"2026-04-09T10:56:27","modified_gmt":"2026-04-09T09:56:27","slug":"nastro-americano-pattex-2550-codice-715051-sipafer","status":"publish","type":"product","link":"https:\/\/technofluid.it\/fr\/produit\/ruban-adhesif-pattex-2550-code-715051\/","title":{"rendered":"Ruban adh\u00e9sif Pattex 25\u00d750 \u2013 code : 715051 \u2013 Sipafer"},"content":{"rendered":"<p>Ruban adh\u00e9sif en poly\u00e9thyl\u00e8ne coextrud\u00e9 \u00e0 haute r\u00e9sistance. Universel pour toute r\u00e9paration, multiusage et multifonction, id\u00e9al pour le bricolage. Convient pour intervenir sur des fuites d\u2019eau (tuyauteries d\u2019\u00e9vier et \u00e9vacuation de machine \u00e0 laver) et d\u2019air des conduits (climatisation, tuyaux d\u2019aspirateur, etc.), r\u00e9parations et fixation de c\u00e2bles et panneaux dans les installations de foires. Utilisable pour des applications d\u00e9coratives ou r\u00e9parations sur casques, sacs \u00e0 dos, v\u00e9los et motos, raquettes de tennis. Caract\u00e9ris\u00e9 par une haute r\u00e9sistance et une imperm\u00e9abilit\u00e9 \u00e0 l\u2019air et \u00e0 l\u2019eau. Couleur gris, adh\u00e9rence d\u2019environ 700 g\/cm (sur acier<\/p>","protected":false},"excerpt":{"rendered":"<p>Nastro adesivo in polietilene coestruso ad elevata resistenza. Universale per ogni riparazione, multiuso e multifunzione, ideale per il fai da te. Adatto per intervento su perdite d&#8217;acqua (tubazioni lavandino e scarico lavatrice) e d&#8217;aria da condotti (impianti di condizionamento, tubi aspirapolvere, etc), riparazioni e fissaggio di cavi&#8230;<\/p>","protected":false},"featured_media":40171,"comment_status":"open","ping_status":"closed","template":"","meta":{"_acf_changed":false,"_monsterinsights_skip_tracking":false,"_monsterinsights_sitenote_active":false,"_monsterinsights_sitenote_note":"","_monsterinsights_sitenote_category":0,"site-sidebar-layout":"default","site-content-layout":"","ast-site-content-layout":"default","site-content-style":"default","site-sidebar-style":"default","ast-global-header-display":"","ast-banner-title-visibility":"","ast-main-header-display":"","ast-hfb-above-header-display":"","ast-hfb-below-header-display":"","ast-hfb-mobile-header-display":"","site-post-title":"","ast-breadcrumbs-content":"","ast-featured-img":"","footer-sml-layout":"","ast-disable-related-posts":"","theme-transparent-header-meta":"","adv-header-id-meta":"","stick-header-meta":"","header-above-stick-meta":"","header-main-stick-meta":"","header-below-stick-meta":"","astra-migrate-meta-layouts":"default","ast-page-background-enabled":"default","ast-page-background-meta":{"desktop":{"background-color":"var(--ast-global-color-5)","background-image":"","background-repeat":"repeat","background-position":"center center","background-size":"auto","background-attachment":"scroll","background-type":"","background-media":"","overlay-type":"","overlay-color":"","overlay-opacity":"","overlay-gradient":""},"tablet":{"background-color":"","background-image":"","background-repeat":"repeat","background-position":"center center","background-size":"auto","background-attachment":"scroll","background-type":"","background-media":"","overlay-type":"","overlay-color":"","overlay-opacity":"","overlay-gradient":""},"mobile":{"background-color":"","background-image":"","background-repeat":"repeat","background-position":"center center","background-size":"auto","background-attachment":"scroll","background-type":"","background-media":"","overlay-type":"","overlay-color":"","overlay-opacity":"","overlay-gradient":""}},"ast-content-background-meta":{"desktop":{"background-color":"var(--ast-global-color-4)","background-image":"","background-repeat":"repeat","background-position":"center center","background-size":"auto","background-attachment":"scroll","background-type":"","background-media":"","overlay-type":"","overlay-color":"","overlay-opacity":"","overlay-gradient":""},"tablet":{"background-color":"var(--ast-global-color-4)","background-image":"","background-repeat":"repeat","background-position":"center center","background-size":"auto","background-attachment":"scroll","background-type":"","background-media":"","overlay-type":"","overlay-color":"","overlay-opacity":"","overlay-gradient":""},"mobile":{"background-color":"var(--ast-global-color-4)","background-image":"","background-repeat":"repeat","background-position":"center center","background-size":"auto","background-attachment":"scroll","background-type":"","background-media":"","overlay-type":"","overlay-color":"","overlay-opacity":"","overlay-gradient":""}}},"product_brand":[],"product_cat":[139,84],"product_tag":[],"class_list":{"0":"post-30536","1":"product","2":"type-product","3":"status-publish","4":"has-post-thumbnail","6":"product_cat-ferramenta","7":"product_cat-idraulica-e-ferramenta","8":"pa_supplier-sipafer-s-p-a","9":"desktop-align-left","10":"tablet-align-left","11":"mobile-align-left","13":"first","14":"instock","15":"taxable","16":"shipping-taxable","17":"purchasable","18":"product-type-simple"},"acf":[],"yoast_head":"<!-- This site is optimized with the Yoast SEO Premium plugin v26.7 (Yoast SEO v26.9) - https:\/\/yoast.com\/product\/yoast-seo-premium-wordpress\/ -->\n<title>Nastro americano Pattex 25x50: resistenza e versatilit\u00e0<\/title>\n<meta name=\"description\" content=\"Scopri il nastro americano Pattex 25x50, resistente e impermeabile, ideale per riparazioni fai da te. Acquista ora per soluzioni rapide e durature!\" \/>\n<meta name=\"robots\" content=\"index, follow, max-snippet:-1, max-image-preview:large, max-video-preview:-1\" \/>\n<link rel=\"canonical\" href=\"https:\/\/technofluid.it\/fr\/produit\/ruban-adhesif-pattex-2550-code-715051\/\" \/>\n<meta property=\"og:locale\" content=\"fr_FR\" \/>\n<meta property=\"og:type\" content=\"article\" \/>\n<meta property=\"og:title\" content=\"Nastro americano Pattex 25&times;50 &ndash; codice: 715051 - Sipafer\" \/>\n<meta property=\"og:description\" content=\"Scopri il nastro americano Pattex 25x50, resistente e impermeabile, ideale per riparazioni fai da te. Acquista ora per soluzioni rapide e durature!\" \/>\n<meta property=\"og:url\" content=\"https:\/\/technofluid.it\/fr\/produit\/ruban-adhesif-pattex-2550-code-715051\/\" \/>\n<meta property=\"og:site_name\" content=\"Technofluid\" \/>\n<meta property=\"article:modified_time\" content=\"2026-04-09T09:56:27+00:00\" \/>\n<meta property=\"og:image\" content=\"https:\/\/technofluid.it\/wp-content\/uploads\/2026\/01\/219-NASTRO-25X50-AMERICANO-PATTEX-CODICE-715051.jpg\" \/>\n\t<meta property=\"og:image:width\" content=\"600\" \/>\n\t<meta property=\"og:image:height\" content=\"600\" \/>\n\t<meta property=\"og:image:type\" content=\"image\/jpeg\" \/>\n<meta name=\"twitter:card\" content=\"summary_large_image\" \/>\n<meta name=\"twitter:label1\" content=\"Prix\" \/>\n\t<meta name=\"twitter:data1\" content=\"7,79&nbsp;&euro; Iva esclusa\" \/>\n\t<meta name=\"twitter:label2\" content=\"Disponibilit\u00e9\" \/>\n\t<meta name=\"twitter:data2\" content=\"En stock\" \/>\n<script type=\"application\/ld+json\" class=\"yoast-schema-graph\">{\"@context\":\"https:\/\/schema.org\",\"@graph\":[{\"@type\":\"WebPage\",\"@id\":\"https:\/\/technofluid.it\/prodotto\/nastro-americano-pattex-2550-codice-715051-sipafer\/\",\"url\":\"https:\/\/technofluid.it\/prodotto\/nastro-americano-pattex-2550-codice-715051-sipafer\/\",\"name\":\"Nastro americano Pattex 25x50: resistenza e versatilit\u00e0\",\"isPartOf\":{\"@id\":\"https:\/\/technofluid.it\/#website\"},\"primaryImageOfPage\":{\"@id\":\"https:\/\/technofluid.it\/prodotto\/nastro-americano-pattex-2550-codice-715051-sipafer\/#primaryimage\"},\"image\":{\"@id\":\"https:\/\/technofluid.it\/prodotto\/nastro-americano-pattex-2550-codice-715051-sipafer\/#primaryimage\"},\"thumbnailUrl\":\"https:\/\/technofluid.it\/wp-content\/uploads\/2026\/01\/219-NASTRO-25X50-AMERICANO-PATTEX-CODICE-715051.jpg\",\"datePublished\":\"2025-10-25T00:03:00+00:00\",\"dateModified\":\"2026-04-09T09:56:27+00:00\",\"description\":\"Scopri il nastro americano Pattex 25x50, resistente e impermeabile, ideale per riparazioni fai da te. Acquista ora per soluzioni rapide e durature!\",\"breadcrumb\":{\"@id\":\"https:\/\/technofluid.it\/prodotto\/nastro-americano-pattex-2550-codice-715051-sipafer\/#breadcrumb\"},\"inLanguage\":\"fr-FR\",\"potentialAction\":[{\"@type\":\"ReadAction\",\"target\":[\"https:\/\/technofluid.it\/prodotto\/nastro-americano-pattex-2550-codice-715051-sipafer\/\"]}]},{\"@type\":\"ImageObject\",\"inLanguage\":\"fr-FR\",\"@id\":\"https:\/\/technofluid.it\/prodotto\/nastro-americano-pattex-2550-codice-715051-sipafer\/#primaryimage\",\"url\":\"https:\/\/technofluid.it\/wp-content\/uploads\/2026\/01\/219-NASTRO-25X50-AMERICANO-PATTEX-CODICE-715051.jpg\",\"contentUrl\":\"https:\/\/technofluid.it\/wp-content\/uploads\/2026\/01\/219-NASTRO-25X50-AMERICANO-PATTEX-CODICE-715051.jpg\",\"width\":600,\"height\":600,\"caption\":\"Nastro adesivo Pattex americano, ideale per riparazioni e fissaggi resistenti, codice: 715051.\"},{\"@type\":\"BreadcrumbList\",\"@id\":\"https:\/\/technofluid.it\/prodotto\/nastro-americano-pattex-2550-codice-715051-sipafer\/#breadcrumb\",\"itemListElement\":[{\"@type\":\"ListItem\",\"position\":1,\"name\":\"Home\",\"item\":\"https:\/\/technofluid.it\/\"},{\"@type\":\"ListItem\",\"position\":2,\"name\":\"Shop\",\"item\":\"https:\/\/technofluid.it\/shop\/\"},{\"@type\":\"ListItem\",\"position\":3,\"name\":\"Nastro americano Pattex 25&times;50 &ndash; codice: 715051 &#8211; Sipafer\"}]},{\"@type\":\"WebSite\",\"@id\":\"https:\/\/technofluid.it\/#website\",\"url\":\"https:\/\/technofluid.it\/\",\"name\":\"Technofluid S.R.L.\",\"description\":\"Dal 1999 siamo specializzati nell&#039;impiantistica navale, idraulica, civile e industriale\",\"publisher\":{\"@id\":\"https:\/\/technofluid.it\/#organization\"},\"potentialAction\":[{\"@type\":\"SearchAction\",\"target\":{\"@type\":\"EntryPoint\",\"urlTemplate\":\"https:\/\/technofluid.it\/?s={search_term_string}\"},\"query-input\":{\"@type\":\"PropertyValueSpecification\",\"valueRequired\":true,\"valueName\":\"search_term_string\"}}],\"inLanguage\":\"fr-FR\"},{\"@type\":\"Organization\",\"@id\":\"https:\/\/technofluid.it\/#organization\",\"name\":\"Technofluid\",\"url\":\"https:\/\/technofluid.it\/\",\"logo\":{\"@type\":\"ImageObject\",\"inLanguage\":\"fr-FR\",\"@id\":\"https:\/\/technofluid.it\/#\/schema\/logo\/image\/\",\"url\":\"https:\/\/technofluid.it\/wp-content\/uploads\/2025\/12\/technofluid_bianco-logo.webp\",\"contentUrl\":\"https:\/\/technofluid.it\/wp-content\/uploads\/2025\/12\/technofluid_bianco-logo.webp\",\"width\":350,\"height\":116,\"caption\":\"Technofluid\"},\"image\":{\"@id\":\"https:\/\/technofluid.it\/#\/schema\/logo\/image\/\"},\"description\":\"La Technofluid S.r.l. nasce nel 1999 a Barcellona Pozzo di Gotto, in provincia di Messina, con l\u2019obiettivo di diventare un punto di riferimento nel settore dell\u2019impiantistica navale, idraulica, civile e industriale.\",\"email\":\"info@technofluid.it\",\"telephone\":\"0907386877\",\"legalName\":\"Technofluid S.R.L\",\"vatID\":\"IT03148240835\",\"taxID\":\"03148240835\",\"ownershipFundingInfo\":\"https:\/\/technofluid.it\/azienda\/\"}]}<\/script>\n<meta property=\"product:price:amount\" content=\"7.79\" \/>\n<meta property=\"product:price:currency\" content=\"EUR\" \/>\n<meta property=\"og:availability\" content=\"instock\" \/>\n<meta property=\"product:availability\" content=\"instock\" \/>\n<meta property=\"product:retailer_item_id\" content=\"SIPA0000050\" \/>\n<meta property=\"product:condition\" content=\"new\" \/>\n<!-- \/ Yoast SEO Premium plugin. -->","yoast_head_json":{"title":"Ruban adh\u00e9sif Pattex 25x50 : r\u00e9sistance et polyvalence","description":"D\u00e9couvrez le ruban adh\u00e9sif am\u00e9ricain Pattex 25x50, r\u00e9sistant et imperm\u00e9able, id\u00e9al pour les r\u00e9parations bricolage. Achetez maintenant pour des solutions rapides et durables !","robots":{"index":"index","follow":"follow","max-snippet":"max-snippet:-1","max-image-preview":"max-image-preview:large","max-video-preview":"max-video-preview:-1"},"canonical":"https:\/\/technofluid.it\/fr\/produit\/ruban-adhesif-pattex-2550-code-715051\/","og_locale":"fr_FR","og_type":"article","og_title":"Nastro americano Pattex 25&times;50 &ndash; codice: 715051 - Sipafer","og_description":"Scopri il nastro americano Pattex 25x50, resistente e impermeabile, ideale per riparazioni fai da te. Acquista ora per soluzioni rapide e durature!","og_url":"https:\/\/technofluid.it\/fr\/produit\/ruban-adhesif-pattex-2550-code-715051\/","og_site_name":"Technofluid","article_modified_time":"2026-04-09T09:56:27+00:00","og_image":[{"width":600,"height":600,"url":"https:\/\/technofluid.it\/wp-content\/uploads\/2026\/01\/219-NASTRO-25X50-AMERICANO-PATTEX-CODICE-715051.jpg","type":"image\/jpeg"}],"twitter_card":"summary_large_image","twitter_misc":{"Prix":"7,79&nbsp;&euro; Iva esclusa","Disponibilit\u00e9":"En stock"},"schema":{"@context":"https:\/\/schema.org","@graph":[{"@type":"WebPage","@id":"https:\/\/technofluid.it\/prodotto\/nastro-americano-pattex-2550-codice-715051-sipafer\/","url":"https:\/\/technofluid.it\/prodotto\/nastro-americano-pattex-2550-codice-715051-sipafer\/","name":"Ruban adh\u00e9sif Pattex 25x50 : r\u00e9sistance et polyvalence","isPartOf":{"@id":"https:\/\/technofluid.it\/#website"},"primaryImageOfPage":{"@id":"https:\/\/technofluid.it\/prodotto\/nastro-americano-pattex-2550-codice-715051-sipafer\/#primaryimage"},"image":{"@id":"https:\/\/technofluid.it\/prodotto\/nastro-americano-pattex-2550-codice-715051-sipafer\/#primaryimage"},"thumbnailUrl":"https:\/\/technofluid.it\/wp-content\/uploads\/2026\/01\/219-NASTRO-25X50-AMERICANO-PATTEX-CODICE-715051.jpg","datePublished":"2025-10-25T00:03:00+00:00","dateModified":"2026-04-09T09:56:27+00:00","description":"D\u00e9couvrez le ruban adh\u00e9sif am\u00e9ricain Pattex 25x50, r\u00e9sistant et imperm\u00e9able, id\u00e9al pour les r\u00e9parations bricolage. Achetez maintenant pour des solutions rapides et durables !","breadcrumb":{"@id":"https:\/\/technofluid.it\/prodotto\/nastro-americano-pattex-2550-codice-715051-sipafer\/#breadcrumb"},"inLanguage":"fr-FR","potentialAction":[{"@type":"ReadAction","target":["https:\/\/technofluid.it\/prodotto\/nastro-americano-pattex-2550-codice-715051-sipafer\/"]}]},{"@type":"ImageObject","inLanguage":"fr-FR","@id":"https:\/\/technofluid.it\/prodotto\/nastro-americano-pattex-2550-codice-715051-sipafer\/#primaryimage","url":"https:\/\/technofluid.it\/wp-content\/uploads\/2026\/01\/219-NASTRO-25X50-AMERICANO-PATTEX-CODICE-715051.jpg","contentUrl":"https:\/\/technofluid.it\/wp-content\/uploads\/2026\/01\/219-NASTRO-25X50-AMERICANO-PATTEX-CODICE-715051.jpg","width":600,"height":600,"caption":"Nastro adesivo Pattex americano, ideale per riparazioni e fissaggi resistenti, codice: 715051."},{"@type":"BreadcrumbList","@id":"https:\/\/technofluid.it\/prodotto\/nastro-americano-pattex-2550-codice-715051-sipafer\/#breadcrumb","itemListElement":[{"@type":"ListItem","position":1,"name":"Home","item":"https:\/\/technofluid.it\/"},{"@type":"ListItem","position":2,"name":"Shop","item":"https:\/\/technofluid.it\/shop\/"},{"@type":"ListItem","position":3,"name":"Nastro americano Pattex 25&times;50 &ndash; codice: 715051 &#8211; Sipafer"}]},{"@type":"WebSite","@id":"https:\/\/technofluid.it\/#website","url":"https:\/\/technofluid.it\/","name":"Technofluid S.R.L.","description":"Depuis 1999, nous sommes sp\u00e9cialis\u00e9s dans les installations marines, de plomberie, civiles et industrielles.","publisher":{"@id":"https:\/\/technofluid.it\/#organization"},"potentialAction":[{"@type":"SearchAction","target":{"@type":"EntryPoint","urlTemplate":"https:\/\/technofluid.it\/?s={search_term_string}"},"query-input":{"@type":"PropertyValueSpecification","valueRequired":true,"valueName":"search_term_string"}}],"inLanguage":"fr-FR"},{"@type":"Organization","@id":"https:\/\/technofluid.it\/#organization","name":"Technofluid","url":"https:\/\/technofluid.it\/","logo":{"@type":"ImageObject","inLanguage":"fr-FR","@id":"https:\/\/technofluid.it\/#\/schema\/logo\/image\/","url":"https:\/\/technofluid.it\/wp-content\/uploads\/2025\/12\/technofluid_bianco-logo.webp","contentUrl":"https:\/\/technofluid.it\/wp-content\/uploads\/2025\/12\/technofluid_bianco-logo.webp","width":350,"height":116,"caption":"Technofluid"},"image":{"@id":"https:\/\/technofluid.it\/#\/schema\/logo\/image\/"},"description":"La Technofluid S.r.l. est n\u00e9e en 1999 \u00e0 Barcellona Pozzo di Gotto, dans la province de Messine, avec l'objectif de devenir un point de r\u00e9f\u00e9rence dans le secteur de l'installation navale, hydraulique, civile et industrielle.","email":"info@technofluid.it","telephone":"0907386877","legalName":"Technofluid S.R.L","vatID":"IT03148240835","taxID":"03148240835","ownershipFundingInfo":"https:\/\/technofluid.it\/azienda\/"}]},"product_price_amount":"7.79","product_price_currency":"EUR","og_availability":"instock","product_availability":"instock","product_retailer_item_id":"SIPA0000050","product_condition":"new"},"_links":{"self":[{"href":"https:\/\/technofluid.it\/fr\/wp-json\/wp\/v2\/product\/30536","targetHints":{"allow":["GET"]}}],"collection":[{"href":"https:\/\/technofluid.it\/fr\/wp-json\/wp\/v2\/product"}],"about":[{"href":"https:\/\/technofluid.it\/fr\/wp-json\/wp\/v2\/types\/product"}],"replies":[{"embeddable":true,"href":"https:\/\/technofluid.it\/fr\/wp-json\/wp\/v2\/comments?post=30536"}],"version-history":[{"count":2,"href":"https:\/\/technofluid.it\/fr\/wp-json\/wp\/v2\/product\/30536\/revisions"}],"predecessor-version":[{"id":57800,"href":"https:\/\/technofluid.it\/fr\/wp-json\/wp\/v2\/product\/30536\/revisions\/57800"}],"wp:featuredmedia":[{"embeddable":true,"href":"https:\/\/technofluid.it\/fr\/wp-json\/wp\/v2\/media\/40171"}],"wp:attachment":[{"href":"https:\/\/technofluid.it\/fr\/wp-json\/wp\/v2\/media?parent=30536"}],"wp:term":[{"taxonomy":"product_brand","embeddable":true,"href":"https:\/\/technofluid.it\/fr\/wp-json\/wp\/v2\/product_brand?post=30536"},{"taxonomy":"product_cat","embeddable":true,"href":"https:\/\/technofluid.it\/fr\/wp-json\/wp\/v2\/product_cat?post=30536"},{"taxonomy":"product_tag","embeddable":true,"href":"https:\/\/technofluid.it\/fr\/wp-json\/wp\/v2\/product_tag?post=30536"}],"curies":[{"name":"wp","href":"https:\/\/api.w.org\/{rel}","templated":true}]}}