{"id":30525,"date":"2025-10-25T00:02:59","date_gmt":"2025-10-25T00:02:59","guid":{"rendered":"https:\/\/technofluid.it\/prodotto\/motore-monofase-tipo-90l-codice-motomonokw2-20-hp-watermakers\/"},"modified":"2026-04-15T10:44:09","modified_gmt":"2026-04-15T09:44:09","slug":"motore-monofase-tipo-90l-codice-motomonokw2-20-hp-watermakers","status":"publish","type":"product","link":"https:\/\/technofluid.it\/fr\/produit\/moteur-monophase-type-90l-code-motomonokw2-20-hp-watermakers-2\/","title":{"rendered":"Moteur monophas\u00e9 type 90L \u2013 code : MOTOMONOKW2.20 \u2013 HP Watermakers"},"content":{"rendered":"<p>MOTEUR MONOPHAS\u00c9 TYPE 90L T2 KW 2,20 B3 B14 V 230V 50 HZ 2 P\u00d4LES \u2013 CODE : MOTOMONOKW2.20<\/p>","protected":false},"excerpt":{"rendered":"<p>MOTEUR MONOPHAS\u00c9 TYPE 90L T2 KW 2,20 B3 B14 V 230V 50 HZ 2 P\u00d4LES \u2013 CODE : MOTOMONOKW2.20<\/p>","protected":false},"featured_media":40148,"comment_status":"open","ping_status":"closed","template":"","meta":{"_acf_changed":false,"_monsterinsights_skip_tracking":false,"_monsterinsights_sitenote_active":false,"_monsterinsights_sitenote_note":"","_monsterinsights_sitenote_category":0,"site-sidebar-layout":"default","site-content-layout":"","ast-site-content-layout":"default","site-content-style":"default","site-sidebar-style":"default","ast-global-header-display":"","ast-banner-title-visibility":"","ast-main-header-display":"","ast-hfb-above-header-display":"","ast-hfb-below-header-display":"","ast-hfb-mobile-header-display":"","site-post-title":"","ast-breadcrumbs-content":"","ast-featured-img":"","footer-sml-layout":"","ast-disable-related-posts":"","theme-transparent-header-meta":"","adv-header-id-meta":"","stick-header-meta":"","header-above-stick-meta":"","header-main-stick-meta":"","header-below-stick-meta":"","astra-migrate-meta-layouts":"default","ast-page-background-enabled":"default","ast-page-background-meta":{"desktop":{"background-color":"var(--ast-global-color-5)","background-image":"","background-repeat":"repeat","background-position":"center center","background-size":"auto","background-attachment":"scroll","background-type":"","background-media":"","overlay-type":"","overlay-color":"","overlay-opacity":"","overlay-gradient":""},"tablet":{"background-color":"","background-image":"","background-repeat":"repeat","background-position":"center center","background-size":"auto","background-attachment":"scroll","background-type":"","background-media":"","overlay-type":"","overlay-color":"","overlay-opacity":"","overlay-gradient":""},"mobile":{"background-color":"","background-image":"","background-repeat":"repeat","background-position":"center center","background-size":"auto","background-attachment":"scroll","background-type":"","background-media":"","overlay-type":"","overlay-color":"","overlay-opacity":"","overlay-gradient":""}},"ast-content-background-meta":{"desktop":{"background-color":"var(--ast-global-color-4)","background-image":"","background-repeat":"repeat","background-position":"center center","background-size":"auto","background-attachment":"scroll","background-type":"","background-media":"","overlay-type":"","overlay-color":"","overlay-opacity":"","overlay-gradient":""},"tablet":{"background-color":"var(--ast-global-color-4)","background-image":"","background-repeat":"repeat","background-position":"center center","background-size":"auto","background-attachment":"scroll","background-type":"","background-media":"","overlay-type":"","overlay-color":"","overlay-opacity":"","overlay-gradient":""},"mobile":{"background-color":"var(--ast-global-color-4)","background-image":"","background-repeat":"repeat","background-position":"center center","background-size":"auto","background-attachment":"scroll","background-type":"","background-media":"","overlay-type":"","overlay-color":"","overlay-opacity":"","overlay-gradient":""}}},"product_brand":[],"product_cat":[133,1766],"product_tag":[4915,6415,6416,6417,6418],"class_list":{"0":"post-30525","1":"product","2":"type-product","3":"status-publish","4":"has-post-thumbnail","6":"product_cat-ricambistica","7":"product_cat-hp-high-pressure-pompe-e-motori","8":"product_tag-4915","9":"product_tag-hp-watermakers-motore-monofase","10":"product_tag-motomonokw2","11":"product_tag-motomonokw220","12":"product_tag-motore-monofase-tipo-90l","13":"pa_supplier-hp-high-pressure-srl","14":"desktop-align-left","15":"tablet-align-left","16":"mobile-align-left","18":"first","19":"instock","20":"taxable","21":"shipping-taxable","22":"purchasable","23":"product-type-simple"},"acf":[],"yoast_head":"<!-- This site is optimized with the Yoast SEO Premium plugin v26.7 (Yoast SEO v26.9) - https:\/\/yoast.com\/product\/yoast-seo-premium-wordpress\/ -->\n<title>Motore Monofase 90L 2,20 KW - Acquista da HP Watermakers<\/title>\n<meta name=\"description\" content=\"Scopri il motore monofase 90L 2,20 KW 230V ideale per le tue esigenze. Acquista ora su HP Watermakers, qualit\u00e0 e prestazioni garantite.\" \/>\n<meta name=\"robots\" content=\"index, follow, max-snippet:-1, max-image-preview:large, max-video-preview:-1\" \/>\n<link rel=\"canonical\" href=\"https:\/\/technofluid.it\/fr\/produit\/moteur-monophase-type-90l-code-motomonokw2-20-hp-watermakers-2\/\" \/>\n<meta property=\"og:locale\" content=\"fr_FR\" \/>\n<meta property=\"og:type\" content=\"article\" \/>\n<meta property=\"og:title\" content=\"Motore monofase tipo 90L &ndash; codice: MOTOMONOKW2.20 &ndash; HP Watermakers\" \/>\n<meta property=\"og:description\" content=\"Scopri il motore monofase 90L 2,20 KW 230V ideale per le tue esigenze. Acquista ora su HP Watermakers, qualit\u00e0 e prestazioni garantite.\" \/>\n<meta property=\"og:url\" content=\"https:\/\/technofluid.it\/fr\/produit\/moteur-monophase-type-90l-code-motomonokw2-20-hp-watermakers-2\/\" \/>\n<meta property=\"og:site_name\" content=\"Technofluid\" \/>\n<meta property=\"article:modified_time\" content=\"2026-04-15T09:44:09+00:00\" \/>\n<meta property=\"og:image\" content=\"https:\/\/technofluid.it\/wp-content\/uploads\/2026\/01\/513-Motore-monofase-tipo-90L-codice-MOTOMONOKW2.20-HP-Watermakers.jpg\" \/>\n\t<meta property=\"og:image:width\" content=\"800\" \/>\n\t<meta property=\"og:image:height\" content=\"800\" \/>\n\t<meta property=\"og:image:type\" content=\"image\/jpeg\" \/>\n<meta name=\"twitter:card\" content=\"summary_large_image\" \/>\n<meta name=\"twitter:label1\" content=\"Prix\" \/>\n\t<meta name=\"twitter:data1\" content=\"668,03&nbsp;&euro; Iva esclusa\" \/>\n\t<meta name=\"twitter:label2\" content=\"Disponibilit\u00e9\" \/>\n\t<meta name=\"twitter:data2\" content=\"En stock\" \/>\n<script type=\"application\/ld+json\" class=\"yoast-schema-graph\">{\"@context\":\"https:\/\/schema.org\",\"@graph\":[{\"@type\":\"WebPage\",\"@id\":\"https:\/\/technofluid.it\/fr\/produit\/motore-monofase-tipo-90l-codice-motomonokw2-20-hp-watermakers\/\",\"url\":\"https:\/\/technofluid.it\/fr\/produit\/motore-monofase-tipo-90l-codice-motomonokw2-20-hp-watermakers\/\",\"name\":\"Motore Monofase 90L 2,20 KW - Acquista da HP Watermakers\",\"isPartOf\":{\"@id\":\"https:\/\/technofluid.it\/#website\"},\"primaryImageOfPage\":{\"@id\":\"https:\/\/technofluid.it\/fr\/produit\/motore-monofase-tipo-90l-codice-motomonokw2-20-hp-watermakers\/#primaryimage\"},\"image\":{\"@id\":\"https:\/\/technofluid.it\/fr\/produit\/motore-monofase-tipo-90l-codice-motomonokw2-20-hp-watermakers\/#primaryimage\"},\"thumbnailUrl\":\"https:\/\/technofluid.it\/wp-content\/uploads\/2026\/01\/513-Motore-monofase-tipo-90L-codice-MOTOMONOKW2.20-HP-Watermakers.jpg\",\"datePublished\":\"2025-10-25T00:02:59+00:00\",\"dateModified\":\"2026-04-15T09:44:09+00:00\",\"description\":\"Scopri il motore monofase 90L 2,20 KW 230V ideale per le tue esigenze. Acquista ora su HP Watermakers, qualit\u00e0 e prestazioni garantite.\",\"breadcrumb\":{\"@id\":\"https:\/\/technofluid.it\/fr\/produit\/motore-monofase-tipo-90l-codice-motomonokw2-20-hp-watermakers\/#breadcrumb\"},\"inLanguage\":\"fr-FR\",\"potentialAction\":[{\"@type\":\"ReadAction\",\"target\":[\"https:\/\/technofluid.it\/fr\/produit\/motore-monofase-tipo-90l-codice-motomonokw2-20-hp-watermakers\/\"]}]},{\"@type\":\"ImageObject\",\"inLanguage\":\"fr-FR\",\"@id\":\"https:\/\/technofluid.it\/fr\/produit\/motore-monofase-tipo-90l-codice-motomonokw2-20-hp-watermakers\/#primaryimage\",\"url\":\"https:\/\/technofluid.it\/wp-content\/uploads\/2026\/01\/513-Motore-monofase-tipo-90L-codice-MOTOMONOKW2.20-HP-Watermakers.jpg\",\"contentUrl\":\"https:\/\/technofluid.it\/wp-content\/uploads\/2026\/01\/513-Motore-monofase-tipo-90L-codice-MOTOMONOKW2.20-HP-Watermakers.jpg\",\"width\":800,\"height\":800,\"caption\":\"Motore monofase 90L per pompe d'acqua, codice MOTOMONOKW2.20, ideale per applicazioni di acqua potabile.\"},{\"@type\":\"BreadcrumbList\",\"@id\":\"https:\/\/technofluid.it\/fr\/produit\/motore-monofase-tipo-90l-codice-motomonokw2-20-hp-watermakers\/#breadcrumb\",\"itemListElement\":[{\"@type\":\"ListItem\",\"position\":1,\"name\":\"Home\",\"item\":\"https:\/\/technofluid.it\/\"},{\"@type\":\"ListItem\",\"position\":2,\"name\":\"Shop\",\"item\":\"https:\/\/technofluid.it\/shop\/\"},{\"@type\":\"ListItem\",\"position\":3,\"name\":\"Motore monofase tipo 90L &ndash; codice: MOTOMONOKW2.20 &ndash; HP Watermakers\"}]},{\"@type\":\"WebSite\",\"@id\":\"https:\/\/technofluid.it\/#website\",\"url\":\"https:\/\/technofluid.it\/\",\"name\":\"Technofluid S.R.L.\",\"description\":\"Dal 1999 siamo specializzati nell&#039;impiantistica navale, idraulica, civile e industriale\",\"publisher\":{\"@id\":\"https:\/\/technofluid.it\/#organization\"},\"potentialAction\":[{\"@type\":\"SearchAction\",\"target\":{\"@type\":\"EntryPoint\",\"urlTemplate\":\"https:\/\/technofluid.it\/?s={search_term_string}\"},\"query-input\":{\"@type\":\"PropertyValueSpecification\",\"valueRequired\":true,\"valueName\":\"search_term_string\"}}],\"inLanguage\":\"fr-FR\"},{\"@type\":\"Organization\",\"@id\":\"https:\/\/technofluid.it\/#organization\",\"name\":\"Technofluid\",\"url\":\"https:\/\/technofluid.it\/\",\"logo\":{\"@type\":\"ImageObject\",\"inLanguage\":\"fr-FR\",\"@id\":\"https:\/\/technofluid.it\/#\/schema\/logo\/image\/\",\"url\":\"https:\/\/technofluid.it\/wp-content\/uploads\/2025\/12\/technofluid_bianco-logo.webp\",\"contentUrl\":\"https:\/\/technofluid.it\/wp-content\/uploads\/2025\/12\/technofluid_bianco-logo.webp\",\"width\":350,\"height\":116,\"caption\":\"Technofluid\"},\"image\":{\"@id\":\"https:\/\/technofluid.it\/#\/schema\/logo\/image\/\"},\"description\":\"La Technofluid S.r.l. nasce nel 1999 a Barcellona Pozzo di Gotto, in provincia di Messina, con l\u2019obiettivo di diventare un punto di riferimento nel settore dell\u2019impiantistica navale, idraulica, civile e industriale.\",\"email\":\"info@technofluid.it\",\"telephone\":\"0907386877\",\"legalName\":\"Technofluid S.R.L\",\"vatID\":\"IT03148240835\",\"taxID\":\"03148240835\",\"ownershipFundingInfo\":\"https:\/\/technofluid.it\/azienda\/\"}]}<\/script>\n<meta property=\"product:price:amount\" content=\"668.03\" \/>\n<meta property=\"product:price:currency\" content=\"EUR\" \/>\n<meta property=\"og:availability\" content=\"instock\" \/>\n<meta property=\"product:availability\" content=\"instock\" \/>\n<meta property=\"product:retailer_item_id\" content=\"HP000000026\" \/>\n<meta property=\"product:condition\" content=\"new\" \/>\n<!-- \/ Yoast SEO Premium plugin. -->","yoast_head_json":{"title":"Moteur Monophas\u00e9 90L 2,20 KW - Achetez chez HP Watermakers","description":"D\u00e9couvrez le moteur monophas\u00e9 90L 2,20 KW 230V id\u00e9al pour vos besoins. Achetez maintenant sur HP Watermakers, qualit\u00e9 et performances garanties.","robots":{"index":"index","follow":"follow","max-snippet":"max-snippet:-1","max-image-preview":"max-image-preview:large","max-video-preview":"max-video-preview:-1"},"canonical":"https:\/\/technofluid.it\/fr\/produit\/moteur-monophase-type-90l-code-motomonokw2-20-hp-watermakers-2\/","og_locale":"fr_FR","og_type":"article","og_title":"Motore monofase tipo 90L &ndash; codice: MOTOMONOKW2.20 &ndash; HP Watermakers","og_description":"Scopri il motore monofase 90L 2,20 KW 230V ideale per le tue esigenze. Acquista ora su HP Watermakers, qualit\u00e0 e prestazioni garantite.","og_url":"https:\/\/technofluid.it\/fr\/produit\/moteur-monophase-type-90l-code-motomonokw2-20-hp-watermakers-2\/","og_site_name":"Technofluid","article_modified_time":"2026-04-15T09:44:09+00:00","og_image":[{"width":800,"height":800,"url":"https:\/\/technofluid.it\/wp-content\/uploads\/2026\/01\/513-Motore-monofase-tipo-90L-codice-MOTOMONOKW2.20-HP-Watermakers.jpg","type":"image\/jpeg"}],"twitter_card":"summary_large_image","twitter_misc":{"Prix":"668,03&nbsp;&euro; Iva esclusa","Disponibilit\u00e9":"En stock"},"schema":{"@context":"https:\/\/schema.org","@graph":[{"@type":"WebPage","@id":"https:\/\/technofluid.it\/fr\/produit\/motore-monofase-tipo-90l-codice-motomonokw2-20-hp-watermakers\/","url":"https:\/\/technofluid.it\/fr\/produit\/motore-monofase-tipo-90l-codice-motomonokw2-20-hp-watermakers\/","name":"Moteur Monophas\u00e9 90L 2,20 KW - Achetez chez HP Watermakers","isPartOf":{"@id":"https:\/\/technofluid.it\/#website"},"primaryImageOfPage":{"@id":"https:\/\/technofluid.it\/fr\/produit\/motore-monofase-tipo-90l-codice-motomonokw2-20-hp-watermakers\/#primaryimage"},"image":{"@id":"https:\/\/technofluid.it\/fr\/produit\/motore-monofase-tipo-90l-codice-motomonokw2-20-hp-watermakers\/#primaryimage"},"thumbnailUrl":"https:\/\/technofluid.it\/wp-content\/uploads\/2026\/01\/513-Motore-monofase-tipo-90L-codice-MOTOMONOKW2.20-HP-Watermakers.jpg","datePublished":"2025-10-25T00:02:59+00:00","dateModified":"2026-04-15T09:44:09+00:00","description":"D\u00e9couvrez le moteur monophas\u00e9 90L 2,20 KW 230V id\u00e9al pour vos besoins. Achetez maintenant sur HP Watermakers, qualit\u00e9 et performances garanties.","breadcrumb":{"@id":"https:\/\/technofluid.it\/fr\/produit\/motore-monofase-tipo-90l-codice-motomonokw2-20-hp-watermakers\/#breadcrumb"},"inLanguage":"fr-FR","potentialAction":[{"@type":"ReadAction","target":["https:\/\/technofluid.it\/fr\/produit\/motore-monofase-tipo-90l-codice-motomonokw2-20-hp-watermakers\/"]}]},{"@type":"ImageObject","inLanguage":"fr-FR","@id":"https:\/\/technofluid.it\/fr\/produit\/motore-monofase-tipo-90l-codice-motomonokw2-20-hp-watermakers\/#primaryimage","url":"https:\/\/technofluid.it\/wp-content\/uploads\/2026\/01\/513-Motore-monofase-tipo-90L-codice-MOTOMONOKW2.20-HP-Watermakers.jpg","contentUrl":"https:\/\/technofluid.it\/wp-content\/uploads\/2026\/01\/513-Motore-monofase-tipo-90L-codice-MOTOMONOKW2.20-HP-Watermakers.jpg","width":800,"height":800,"caption":"Motore monofase 90L per pompe d'acqua, codice MOTOMONOKW2.20, ideale per applicazioni di acqua potabile."},{"@type":"BreadcrumbList","@id":"https:\/\/technofluid.it\/fr\/produit\/motore-monofase-tipo-90l-codice-motomonokw2-20-hp-watermakers\/#breadcrumb","itemListElement":[{"@type":"ListItem","position":1,"name":"Home","item":"https:\/\/technofluid.it\/"},{"@type":"ListItem","position":2,"name":"Shop","item":"https:\/\/technofluid.it\/shop\/"},{"@type":"ListItem","position":3,"name":"Motore monofase tipo 90L &ndash; codice: MOTOMONOKW2.20 &ndash; HP Watermakers"}]},{"@type":"WebSite","@id":"https:\/\/technofluid.it\/#website","url":"https:\/\/technofluid.it\/","name":"Technofluid S.R.L.","description":"Depuis 1999, nous sommes sp\u00e9cialis\u00e9s dans les installations marines, de plomberie, civiles et industrielles.","publisher":{"@id":"https:\/\/technofluid.it\/#organization"},"potentialAction":[{"@type":"SearchAction","target":{"@type":"EntryPoint","urlTemplate":"https:\/\/technofluid.it\/?s={search_term_string}"},"query-input":{"@type":"PropertyValueSpecification","valueRequired":true,"valueName":"search_term_string"}}],"inLanguage":"fr-FR"},{"@type":"Organization","@id":"https:\/\/technofluid.it\/#organization","name":"Technofluid","url":"https:\/\/technofluid.it\/","logo":{"@type":"ImageObject","inLanguage":"fr-FR","@id":"https:\/\/technofluid.it\/#\/schema\/logo\/image\/","url":"https:\/\/technofluid.it\/wp-content\/uploads\/2025\/12\/technofluid_bianco-logo.webp","contentUrl":"https:\/\/technofluid.it\/wp-content\/uploads\/2025\/12\/technofluid_bianco-logo.webp","width":350,"height":116,"caption":"Technofluid"},"image":{"@id":"https:\/\/technofluid.it\/#\/schema\/logo\/image\/"},"description":"La Technofluid S.r.l. est n\u00e9e en 1999 \u00e0 Barcellona Pozzo di Gotto, dans la province de Messine, avec l'objectif de devenir un point de r\u00e9f\u00e9rence dans le secteur de l'installation navale, hydraulique, civile et industrielle.","email":"info@technofluid.it","telephone":"0907386877","legalName":"Technofluid S.R.L","vatID":"IT03148240835","taxID":"03148240835","ownershipFundingInfo":"https:\/\/technofluid.it\/azienda\/"}]},"product_price_amount":"668.03","product_price_currency":"EUR","og_availability":"instock","product_availability":"instock","product_retailer_item_id":"HP000000026","product_condition":"new"},"_links":{"self":[{"href":"https:\/\/technofluid.it\/fr\/wp-json\/wp\/v2\/product\/30525","targetHints":{"allow":["GET"]}}],"collection":[{"href":"https:\/\/technofluid.it\/fr\/wp-json\/wp\/v2\/product"}],"about":[{"href":"https:\/\/technofluid.it\/fr\/wp-json\/wp\/v2\/types\/product"}],"replies":[{"embeddable":true,"href":"https:\/\/technofluid.it\/fr\/wp-json\/wp\/v2\/comments?post=30525"}],"version-history":[{"count":0,"href":"https:\/\/technofluid.it\/fr\/wp-json\/wp\/v2\/product\/30525\/revisions"}],"wp:featuredmedia":[{"embeddable":true,"href":"https:\/\/technofluid.it\/fr\/wp-json\/wp\/v2\/media\/40148"}],"wp:attachment":[{"href":"https:\/\/technofluid.it\/fr\/wp-json\/wp\/v2\/media?parent=30525"}],"wp:term":[{"taxonomy":"product_brand","embeddable":true,"href":"https:\/\/technofluid.it\/fr\/wp-json\/wp\/v2\/product_brand?post=30525"},{"taxonomy":"product_cat","embeddable":true,"href":"https:\/\/technofluid.it\/fr\/wp-json\/wp\/v2\/product_cat?post=30525"},{"taxonomy":"product_tag","embeddable":true,"href":"https:\/\/technofluid.it\/fr\/wp-json\/wp\/v2\/product_tag?post=30525"}],"curies":[{"name":"wp","href":"https:\/\/api.w.org\/{rel}","templated":true}]}}