{"id":30483,"date":"2025-10-25T00:02:54","date_gmt":"2025-10-25T00:02:54","guid":{"rendered":"https:\/\/technofluid.it\/prodotto\/molla-motore-elettrico-codice-1040-frigomar\/"},"modified":"2026-04-15T08:25:34","modified_gmt":"2026-04-15T07:25:34","slug":"molla-motore-elettrico-codice-1040-frigomar","status":"publish","type":"product","link":"https:\/\/technofluid.it\/fr\/produit\/ressort-moteur-electrique-code-1040-frigomar\/","title":{"rendered":"Ressort moteur \u00e9lectrique \u2013 code : 1040 \u2013 Frigomar"},"content":{"rendered":"<p>RESSORT POUR FIXATION MOTEUR \u00c9LECTRIQUE,<br \/>\nCODE 1040<\/p>","protected":false},"excerpt":{"rendered":"<p>RESSORT POUR FIXATION MOTEUR \u00c9LECTRIQUE,<br \/>\nCODE 1040<\/p>","protected":false},"featured_media":40049,"comment_status":"open","ping_status":"closed","template":"","meta":{"_acf_changed":false,"_monsterinsights_skip_tracking":false,"_monsterinsights_sitenote_active":false,"_monsterinsights_sitenote_note":"","_monsterinsights_sitenote_category":0,"site-sidebar-layout":"default","site-content-layout":"","ast-site-content-layout":"default","site-content-style":"default","site-sidebar-style":"default","ast-global-header-display":"","ast-banner-title-visibility":"","ast-main-header-display":"","ast-hfb-above-header-display":"","ast-hfb-below-header-display":"","ast-hfb-mobile-header-display":"","site-post-title":"","ast-breadcrumbs-content":"","ast-featured-img":"","footer-sml-layout":"","ast-disable-related-posts":"","theme-transparent-header-meta":"","adv-header-id-meta":"","stick-header-meta":"","header-above-stick-meta":"","header-main-stick-meta":"","header-below-stick-meta":"","astra-migrate-meta-layouts":"default","ast-page-background-enabled":"default","ast-page-background-meta":{"desktop":{"background-color":"var(--ast-global-color-5)","background-image":"","background-repeat":"repeat","background-position":"center center","background-size":"auto","background-attachment":"scroll","background-type":"","background-media":"","overlay-type":"","overlay-color":"","overlay-opacity":"","overlay-gradient":""},"tablet":{"background-color":"","background-image":"","background-repeat":"repeat","background-position":"center center","background-size":"auto","background-attachment":"scroll","background-type":"","background-media":"","overlay-type":"","overlay-color":"","overlay-opacity":"","overlay-gradient":""},"mobile":{"background-color":"","background-image":"","background-repeat":"repeat","background-position":"center center","background-size":"auto","background-attachment":"scroll","background-type":"","background-media":"","overlay-type":"","overlay-color":"","overlay-opacity":"","overlay-gradient":""}},"ast-content-background-meta":{"desktop":{"background-color":"var(--ast-global-color-4)","background-image":"","background-repeat":"repeat","background-position":"center center","background-size":"auto","background-attachment":"scroll","background-type":"","background-media":"","overlay-type":"","overlay-color":"","overlay-opacity":"","overlay-gradient":""},"tablet":{"background-color":"var(--ast-global-color-4)","background-image":"","background-repeat":"repeat","background-position":"center center","background-size":"auto","background-attachment":"scroll","background-type":"","background-media":"","overlay-type":"","overlay-color":"","overlay-opacity":"","overlay-gradient":""},"mobile":{"background-color":"var(--ast-global-color-4)","background-image":"","background-repeat":"repeat","background-position":"center center","background-size":"auto","background-attachment":"scroll","background-type":"","background-media":"","overlay-type":"","overlay-color":"","overlay-opacity":"","overlay-gradient":""}}},"product_brand":[],"product_cat":[458,133],"product_tag":[6320,6321,6322,6323],"class_list":{"0":"post-30483","1":"product","2":"type-product","3":"status-publish","4":"has-post-thumbnail","6":"product_cat-frigomar","7":"product_cat-ricambistica","8":"product_tag-6320","9":"product_tag-codice-1040","10":"product_tag-frigomar-molla-motore-elettric","11":"product_tag-molla-motore-elettrico","12":"pa_supplier-frigomar-srl","13":"desktop-align-left","14":"tablet-align-left","15":"mobile-align-left","17":"first","18":"instock","19":"taxable","20":"shipping-taxable","21":"purchasable","22":"product-type-simple"},"acf":[],"yoast_head":"<!-- This site is optimized with the Yoast SEO Premium plugin v26.7 (Yoast SEO v26.9) - https:\/\/yoast.com\/product\/yoast-seo-premium-wordpress\/ -->\n<title>Molla motore elettrico cod. 1040 | Frigomar<\/title>\n<meta name=\"description\" content=\"Scopri la molla motore elettrico cod. 1040 di Frigomar. Alta qualit\u00e0 e resistenza garantite. Acquista ora per un fissaggio perfetto!\" \/>\n<meta name=\"robots\" content=\"index, follow, max-snippet:-1, max-image-preview:large, max-video-preview:-1\" \/>\n<link rel=\"canonical\" href=\"https:\/\/technofluid.it\/fr\/produit\/ressort-moteur-electrique-code-1040-frigomar\/\" \/>\n<meta property=\"og:locale\" content=\"fr_FR\" \/>\n<meta property=\"og:type\" content=\"article\" \/>\n<meta property=\"og:title\" content=\"Molla motore elettrico &ndash; codice: 1040 &ndash; Frigomar\" \/>\n<meta property=\"og:description\" content=\"Scopri la molla motore elettrico cod. 1040 di Frigomar. Alta qualit\u00e0 e resistenza garantite. Acquista ora per un fissaggio perfetto!\" \/>\n<meta property=\"og:url\" content=\"https:\/\/technofluid.it\/fr\/produit\/ressort-moteur-electrique-code-1040-frigomar\/\" \/>\n<meta property=\"og:site_name\" content=\"Technofluid\" \/>\n<meta property=\"article:modified_time\" content=\"2026-04-15T07:25:34+00:00\" \/>\n<meta property=\"og:image\" content=\"https:\/\/technofluid.it\/wp-content\/uploads\/2026\/01\/67-Molla-motore-elettrico-codice-1040-Frigomar.jpg\" \/>\n\t<meta property=\"og:image:width\" content=\"800\" \/>\n\t<meta property=\"og:image:height\" content=\"800\" \/>\n\t<meta property=\"og:image:type\" content=\"image\/jpeg\" \/>\n<meta name=\"twitter:card\" content=\"summary_large_image\" \/>\n<meta name=\"twitter:label1\" content=\"Prix\" \/>\n\t<meta name=\"twitter:data1\" content=\"17,00&nbsp;&euro; Iva esclusa\" \/>\n\t<meta name=\"twitter:label2\" content=\"Disponibilit\u00e9\" \/>\n\t<meta name=\"twitter:data2\" content=\"En stock\" \/>\n<script type=\"application\/ld+json\" class=\"yoast-schema-graph\">{\"@context\":\"https:\/\/schema.org\",\"@graph\":[{\"@type\":\"WebPage\",\"@id\":\"https:\/\/technofluid.it\/prodotto\/molla-motore-elettrico-codice-1040-frigomar\/\",\"url\":\"https:\/\/technofluid.it\/prodotto\/molla-motore-elettrico-codice-1040-frigomar\/\",\"name\":\"Molla motore elettrico cod. 1040 | Frigomar\",\"isPartOf\":{\"@id\":\"https:\/\/technofluid.it\/#website\"},\"primaryImageOfPage\":{\"@id\":\"https:\/\/technofluid.it\/prodotto\/molla-motore-elettrico-codice-1040-frigomar\/#primaryimage\"},\"image\":{\"@id\":\"https:\/\/technofluid.it\/prodotto\/molla-motore-elettrico-codice-1040-frigomar\/#primaryimage\"},\"thumbnailUrl\":\"https:\/\/technofluid.it\/wp-content\/uploads\/2026\/01\/67-Molla-motore-elettrico-codice-1040-Frigomar.jpg\",\"datePublished\":\"2025-10-25T00:02:54+00:00\",\"dateModified\":\"2026-04-15T07:25:34+00:00\",\"description\":\"Scopri la molla motore elettrico cod. 1040 di Frigomar. Alta qualit\u00e0 e resistenza garantite. Acquista ora per un fissaggio perfetto!\",\"breadcrumb\":{\"@id\":\"https:\/\/technofluid.it\/prodotto\/molla-motore-elettrico-codice-1040-frigomar\/#breadcrumb\"},\"inLanguage\":\"fr-FR\",\"potentialAction\":[{\"@type\":\"ReadAction\",\"target\":[\"https:\/\/technofluid.it\/prodotto\/molla-motore-elettrico-codice-1040-frigomar\/\"]}]},{\"@type\":\"ImageObject\",\"inLanguage\":\"fr-FR\",\"@id\":\"https:\/\/technofluid.it\/prodotto\/molla-motore-elettrico-codice-1040-frigomar\/#primaryimage\",\"url\":\"https:\/\/technofluid.it\/wp-content\/uploads\/2026\/01\/67-Molla-motore-elettrico-codice-1040-Frigomar.jpg\",\"contentUrl\":\"https:\/\/technofluid.it\/wp-content\/uploads\/2026\/01\/67-Molla-motore-elettrico-codice-1040-Frigomar.jpg\",\"width\":800,\"height\":800,\"caption\":\"Molla motore elettrico usata per riparazioni e manutenzione di motori elettrici Frigomar, codice: 1040.\"},{\"@type\":\"BreadcrumbList\",\"@id\":\"https:\/\/technofluid.it\/prodotto\/molla-motore-elettrico-codice-1040-frigomar\/#breadcrumb\",\"itemListElement\":[{\"@type\":\"ListItem\",\"position\":1,\"name\":\"Home\",\"item\":\"https:\/\/technofluid.it\/\"},{\"@type\":\"ListItem\",\"position\":2,\"name\":\"Shop\",\"item\":\"https:\/\/technofluid.it\/shop\/\"},{\"@type\":\"ListItem\",\"position\":3,\"name\":\"Molla motore elettrico &ndash; codice: 1040 &ndash; Frigomar\"}]},{\"@type\":\"WebSite\",\"@id\":\"https:\/\/technofluid.it\/#website\",\"url\":\"https:\/\/technofluid.it\/\",\"name\":\"Technofluid S.R.L.\",\"description\":\"Dal 1999 siamo specializzati nell&#039;impiantistica navale, idraulica, civile e industriale\",\"publisher\":{\"@id\":\"https:\/\/technofluid.it\/#organization\"},\"potentialAction\":[{\"@type\":\"SearchAction\",\"target\":{\"@type\":\"EntryPoint\",\"urlTemplate\":\"https:\/\/technofluid.it\/?s={search_term_string}\"},\"query-input\":{\"@type\":\"PropertyValueSpecification\",\"valueRequired\":true,\"valueName\":\"search_term_string\"}}],\"inLanguage\":\"fr-FR\"},{\"@type\":\"Organization\",\"@id\":\"https:\/\/technofluid.it\/#organization\",\"name\":\"Technofluid\",\"url\":\"https:\/\/technofluid.it\/\",\"logo\":{\"@type\":\"ImageObject\",\"inLanguage\":\"fr-FR\",\"@id\":\"https:\/\/technofluid.it\/#\/schema\/logo\/image\/\",\"url\":\"https:\/\/technofluid.it\/wp-content\/uploads\/2025\/12\/technofluid_bianco-logo.webp\",\"contentUrl\":\"https:\/\/technofluid.it\/wp-content\/uploads\/2025\/12\/technofluid_bianco-logo.webp\",\"width\":350,\"height\":116,\"caption\":\"Technofluid\"},\"image\":{\"@id\":\"https:\/\/technofluid.it\/#\/schema\/logo\/image\/\"},\"description\":\"La Technofluid S.r.l. nasce nel 1999 a Barcellona Pozzo di Gotto, in provincia di Messina, con l\u2019obiettivo di diventare un punto di riferimento nel settore dell\u2019impiantistica navale, idraulica, civile e industriale.\",\"email\":\"info@technofluid.it\",\"telephone\":\"0907386877\",\"legalName\":\"Technofluid S.R.L\",\"vatID\":\"IT03148240835\",\"taxID\":\"03148240835\",\"ownershipFundingInfo\":\"https:\/\/technofluid.it\/azienda\/\"}]}<\/script>\n<meta property=\"product:price:amount\" content=\"17.00\" \/>\n<meta property=\"product:price:currency\" content=\"EUR\" \/>\n<meta property=\"og:availability\" content=\"instock\" \/>\n<meta property=\"product:availability\" content=\"instock\" \/>\n<meta property=\"product:retailer_item_id\" content=\"FRI000000001\" \/>\n<meta property=\"product:condition\" content=\"new\" \/>\n<!-- \/ Yoast SEO Premium plugin. -->","yoast_head_json":{"title":"Ressort moteur \u00e9lectrique r\u00e9f. 1040 | Frigomar","description":"D\u00e9couvrez le ressort moteur \u00e9lectrique r\u00e9f. 1040 de Frigomar. Haute qualit\u00e9 et r\u00e9sistance garanties. Achetez maintenant pour une fixation parfaite !","robots":{"index":"index","follow":"follow","max-snippet":"max-snippet:-1","max-image-preview":"max-image-preview:large","max-video-preview":"max-video-preview:-1"},"canonical":"https:\/\/technofluid.it\/fr\/produit\/ressort-moteur-electrique-code-1040-frigomar\/","og_locale":"fr_FR","og_type":"article","og_title":"Molla motore elettrico &ndash; codice: 1040 &ndash; Frigomar","og_description":"Scopri la molla motore elettrico cod. 1040 di Frigomar. Alta qualit\u00e0 e resistenza garantite. Acquista ora per un fissaggio perfetto!","og_url":"https:\/\/technofluid.it\/fr\/produit\/ressort-moteur-electrique-code-1040-frigomar\/","og_site_name":"Technofluid","article_modified_time":"2026-04-15T07:25:34+00:00","og_image":[{"width":800,"height":800,"url":"https:\/\/technofluid.it\/wp-content\/uploads\/2026\/01\/67-Molla-motore-elettrico-codice-1040-Frigomar.jpg","type":"image\/jpeg"}],"twitter_card":"summary_large_image","twitter_misc":{"Prix":"17,00&nbsp;&euro; Iva esclusa","Disponibilit\u00e9":"En stock"},"schema":{"@context":"https:\/\/schema.org","@graph":[{"@type":"WebPage","@id":"https:\/\/technofluid.it\/prodotto\/molla-motore-elettrico-codice-1040-frigomar\/","url":"https:\/\/technofluid.it\/prodotto\/molla-motore-elettrico-codice-1040-frigomar\/","name":"Ressort moteur \u00e9lectrique r\u00e9f. 1040 | Frigomar","isPartOf":{"@id":"https:\/\/technofluid.it\/#website"},"primaryImageOfPage":{"@id":"https:\/\/technofluid.it\/prodotto\/molla-motore-elettrico-codice-1040-frigomar\/#primaryimage"},"image":{"@id":"https:\/\/technofluid.it\/prodotto\/molla-motore-elettrico-codice-1040-frigomar\/#primaryimage"},"thumbnailUrl":"https:\/\/technofluid.it\/wp-content\/uploads\/2026\/01\/67-Molla-motore-elettrico-codice-1040-Frigomar.jpg","datePublished":"2025-10-25T00:02:54+00:00","dateModified":"2026-04-15T07:25:34+00:00","description":"D\u00e9couvrez le ressort moteur \u00e9lectrique r\u00e9f. 1040 de Frigomar. Haute qualit\u00e9 et r\u00e9sistance garanties. Achetez maintenant pour une fixation parfaite !","breadcrumb":{"@id":"https:\/\/technofluid.it\/prodotto\/molla-motore-elettrico-codice-1040-frigomar\/#breadcrumb"},"inLanguage":"fr-FR","potentialAction":[{"@type":"ReadAction","target":["https:\/\/technofluid.it\/prodotto\/molla-motore-elettrico-codice-1040-frigomar\/"]}]},{"@type":"ImageObject","inLanguage":"fr-FR","@id":"https:\/\/technofluid.it\/prodotto\/molla-motore-elettrico-codice-1040-frigomar\/#primaryimage","url":"https:\/\/technofluid.it\/wp-content\/uploads\/2026\/01\/67-Molla-motore-elettrico-codice-1040-Frigomar.jpg","contentUrl":"https:\/\/technofluid.it\/wp-content\/uploads\/2026\/01\/67-Molla-motore-elettrico-codice-1040-Frigomar.jpg","width":800,"height":800,"caption":"Molla motore elettrico usata per riparazioni e manutenzione di motori elettrici Frigomar, codice: 1040."},{"@type":"BreadcrumbList","@id":"https:\/\/technofluid.it\/prodotto\/molla-motore-elettrico-codice-1040-frigomar\/#breadcrumb","itemListElement":[{"@type":"ListItem","position":1,"name":"Home","item":"https:\/\/technofluid.it\/"},{"@type":"ListItem","position":2,"name":"Shop","item":"https:\/\/technofluid.it\/shop\/"},{"@type":"ListItem","position":3,"name":"Molla motore elettrico &ndash; codice: 1040 &ndash; Frigomar"}]},{"@type":"WebSite","@id":"https:\/\/technofluid.it\/#website","url":"https:\/\/technofluid.it\/","name":"Technofluid S.R.L.","description":"Depuis 1999, nous sommes sp\u00e9cialis\u00e9s dans les installations marines, de plomberie, civiles et industrielles.","publisher":{"@id":"https:\/\/technofluid.it\/#organization"},"potentialAction":[{"@type":"SearchAction","target":{"@type":"EntryPoint","urlTemplate":"https:\/\/technofluid.it\/?s={search_term_string}"},"query-input":{"@type":"PropertyValueSpecification","valueRequired":true,"valueName":"search_term_string"}}],"inLanguage":"fr-FR"},{"@type":"Organization","@id":"https:\/\/technofluid.it\/#organization","name":"Technofluid","url":"https:\/\/technofluid.it\/","logo":{"@type":"ImageObject","inLanguage":"fr-FR","@id":"https:\/\/technofluid.it\/#\/schema\/logo\/image\/","url":"https:\/\/technofluid.it\/wp-content\/uploads\/2025\/12\/technofluid_bianco-logo.webp","contentUrl":"https:\/\/technofluid.it\/wp-content\/uploads\/2025\/12\/technofluid_bianco-logo.webp","width":350,"height":116,"caption":"Technofluid"},"image":{"@id":"https:\/\/technofluid.it\/#\/schema\/logo\/image\/"},"description":"La Technofluid S.r.l. est n\u00e9e en 1999 \u00e0 Barcellona Pozzo di Gotto, dans la province de Messine, avec l'objectif de devenir un point de r\u00e9f\u00e9rence dans le secteur de l'installation navale, hydraulique, civile et industrielle.","email":"info@technofluid.it","telephone":"0907386877","legalName":"Technofluid S.R.L","vatID":"IT03148240835","taxID":"03148240835","ownershipFundingInfo":"https:\/\/technofluid.it\/azienda\/"}]},"product_price_amount":"17.00","product_price_currency":"EUR","og_availability":"instock","product_availability":"instock","product_retailer_item_id":"FRI000000001","product_condition":"new"},"_links":{"self":[{"href":"https:\/\/technofluid.it\/fr\/wp-json\/wp\/v2\/product\/30483","targetHints":{"allow":["GET"]}}],"collection":[{"href":"https:\/\/technofluid.it\/fr\/wp-json\/wp\/v2\/product"}],"about":[{"href":"https:\/\/technofluid.it\/fr\/wp-json\/wp\/v2\/types\/product"}],"replies":[{"embeddable":true,"href":"https:\/\/technofluid.it\/fr\/wp-json\/wp\/v2\/comments?post=30483"}],"version-history":[{"count":1,"href":"https:\/\/technofluid.it\/fr\/wp-json\/wp\/v2\/product\/30483\/revisions"}],"predecessor-version":[{"id":52749,"href":"https:\/\/technofluid.it\/fr\/wp-json\/wp\/v2\/product\/30483\/revisions\/52749"}],"wp:featuredmedia":[{"embeddable":true,"href":"https:\/\/technofluid.it\/fr\/wp-json\/wp\/v2\/media\/40049"}],"wp:attachment":[{"href":"https:\/\/technofluid.it\/fr\/wp-json\/wp\/v2\/media?parent=30483"}],"wp:term":[{"taxonomy":"product_brand","embeddable":true,"href":"https:\/\/technofluid.it\/fr\/wp-json\/wp\/v2\/product_brand?post=30483"},{"taxonomy":"product_cat","embeddable":true,"href":"https:\/\/technofluid.it\/fr\/wp-json\/wp\/v2\/product_cat?post=30483"},{"taxonomy":"product_tag","embeddable":true,"href":"https:\/\/technofluid.it\/fr\/wp-json\/wp\/v2\/product_tag?post=30483"}],"curies":[{"name":"wp","href":"https:\/\/api.w.org\/{rel}","templated":true}]}}