{"id":30479,"date":"2025-10-25T00:02:54","date_gmt":"2025-10-25T00:02:54","guid":{"rendered":"https:\/\/technofluid.it\/prodotto\/molla-gas-telescopica-400-mm-25-kg-codice-m3525400-trem\/"},"modified":"2026-01-21T22:06:02","modified_gmt":"2026-01-21T22:06:02","slug":"molla-gas-telescopica-400mm-25kg-codice-m3525400-trem","status":"publish","type":"product","link":"https:\/\/technofluid.it\/fr\/produit\/ressort-a-gaz-telescopique-400mm-25kg-code-m3525400-trem\/","title":{"rendered":"Ressort \u00e0 gaz t\u00e9lescopique 400 mm 25 kg \u2013 code : M3525400 \u2013 Trem"},"content":{"rendered":"<p>Ressort \u00e0 gaz t\u00e9lescopique 400 mm 25 kg \u2013 code : M3525400 \u2013 Trem<\/p>","protected":false},"excerpt":{"rendered":"<p>Realizzate con stelo in acciaio cromato a spessore e corpo rivestito con polveri epossidiche.<\/p>\n<p>Resistenti all&#8217;ambiente marino.<\/p>\n<p>Foro occhio 8 mm.<\/p>","protected":false},"featured_media":40041,"comment_status":"open","ping_status":"closed","template":"","meta":{"_acf_changed":false,"_monsterinsights_skip_tracking":false,"_monsterinsights_sitenote_active":false,"_monsterinsights_sitenote_note":"","_monsterinsights_sitenote_category":0,"site-sidebar-layout":"default","site-content-layout":"","ast-site-content-layout":"default","site-content-style":"default","site-sidebar-style":"default","ast-global-header-display":"","ast-banner-title-visibility":"","ast-main-header-display":"","ast-hfb-above-header-display":"","ast-hfb-below-header-display":"","ast-hfb-mobile-header-display":"","site-post-title":"","ast-breadcrumbs-content":"","ast-featured-img":"","footer-sml-layout":"","ast-disable-related-posts":"","theme-transparent-header-meta":"","adv-header-id-meta":"","stick-header-meta":"","header-above-stick-meta":"","header-main-stick-meta":"","header-below-stick-meta":"","astra-migrate-meta-layouts":"default","ast-page-background-enabled":"default","ast-page-background-meta":{"desktop":{"background-color":"var(--ast-global-color-5)","background-image":"","background-repeat":"repeat","background-position":"center center","background-size":"auto","background-attachment":"scroll","background-type":"","background-media":"","overlay-type":"","overlay-color":"","overlay-opacity":"","overlay-gradient":""},"tablet":{"background-color":"","background-image":"","background-repeat":"repeat","background-position":"center center","background-size":"auto","background-attachment":"scroll","background-type":"","background-media":"","overlay-type":"","overlay-color":"","overlay-opacity":"","overlay-gradient":""},"mobile":{"background-color":"","background-image":"","background-repeat":"repeat","background-position":"center center","background-size":"auto","background-attachment":"scroll","background-type":"","background-media":"","overlay-type":"","overlay-color":"","overlay-opacity":"","overlay-gradient":""}},"ast-content-background-meta":{"desktop":{"background-color":"var(--ast-global-color-4)","background-image":"","background-repeat":"repeat","background-position":"center center","background-size":"auto","background-attachment":"scroll","background-type":"","background-media":"","overlay-type":"","overlay-color":"","overlay-opacity":"","overlay-gradient":""},"tablet":{"background-color":"var(--ast-global-color-4)","background-image":"","background-repeat":"repeat","background-position":"center center","background-size":"auto","background-attachment":"scroll","background-type":"","background-media":"","overlay-type":"","overlay-color":"","overlay-opacity":"","overlay-gradient":""},"mobile":{"background-color":"var(--ast-global-color-4)","background-image":"","background-repeat":"repeat","background-position":"center center","background-size":"auto","background-attachment":"scroll","background-type":"","background-media":"","overlay-type":"","overlay-color":"","overlay-opacity":"","overlay-gradient":""}}},"product_brand":[],"product_cat":[139,84],"product_tag":[6303],"class_list":{"0":"post-30479","1":"product","2":"type-product","3":"status-publish","4":"has-post-thumbnail","6":"product_cat-ferramenta","7":"product_cat-idraulica-e-ferramenta","8":"product_tag-molla-gas","9":"pa_supplier-tr-em-s-r-l-trecciatura-emiliana","10":"desktop-align-left","11":"tablet-align-left","12":"mobile-align-left","14":"first","15":"instock","16":"taxable","17":"shipping-taxable","18":"purchasable","19":"product-type-simple"},"acf":[],"yoast_head":"<!-- This site is optimized with the Yoast SEO Premium plugin v26.7 (Yoast SEO v26.9) - https:\/\/yoast.com\/product\/yoast-seo-premium-wordpress\/ -->\n<title>Molla gas telescopica 400 mm 25 kg \u2013 Codice M3525400<\/title>\n<meta name=\"description\" content=\"Scopri la molla gas telescopica 400 mm 25 kg, codice M3525400. Alta qualit\u00e0 e resistenza per le tue esigenze. Acquista ora!\" \/>\n<meta name=\"robots\" content=\"index, follow, max-snippet:-1, max-image-preview:large, max-video-preview:-1\" \/>\n<link rel=\"canonical\" href=\"https:\/\/technofluid.it\/fr\/produit\/ressort-a-gaz-telescopique-400mm-25kg-code-m3525400-trem\/\" \/>\n<meta property=\"og:locale\" content=\"fr_FR\" \/>\n<meta property=\"og:type\" content=\"article\" \/>\n<meta property=\"og:title\" content=\"Molla gas telescopica 400&nbsp;mm 25&nbsp;kg &ndash; codice: M3525400 &ndash; Trem\" \/>\n<meta property=\"og:description\" content=\"Scopri la molla gas telescopica 400 mm 25 kg, codice M3525400. Alta qualit\u00e0 e resistenza per le tue esigenze. Acquista ora!\" \/>\n<meta property=\"og:url\" content=\"https:\/\/technofluid.it\/fr\/produit\/ressort-a-gaz-telescopique-400mm-25kg-code-m3525400-trem\/\" \/>\n<meta property=\"og:site_name\" content=\"Technofluid\" \/>\n<meta property=\"article:modified_time\" content=\"2026-01-21T22:06:02+00:00\" \/>\n<meta property=\"og:image\" content=\"https:\/\/technofluid.it\/wp-content\/uploads\/2026\/01\/1493-MOLLA-GAS-TELESCOPICA-400-mm-25-Kg-CODICE-M3525400-TREM.jpg\" \/>\n\t<meta property=\"og:image:width\" content=\"1200\" \/>\n\t<meta property=\"og:image:height\" content=\"1200\" \/>\n\t<meta property=\"og:image:type\" content=\"image\/jpeg\" \/>\n<meta name=\"twitter:card\" content=\"summary_large_image\" \/>\n<meta name=\"twitter:label1\" content=\"Prix\" \/>\n\t<meta name=\"twitter:data1\" content=\"9,02&nbsp;&euro; Iva esclusa\" \/>\n\t<meta name=\"twitter:label2\" content=\"Disponibilit\u00e9\" \/>\n\t<meta name=\"twitter:data2\" content=\"En stock\" \/>\n<script type=\"application\/ld+json\" class=\"yoast-schema-graph\">{\"@context\":\"https:\/\/schema.org\",\"@graph\":[{\"@type\":\"WebPage\",\"@id\":\"https:\/\/technofluid.it\/prodotto\/molla-gas-telescopica-400mm-25kg-codice-m3525400-trem\/\",\"url\":\"https:\/\/technofluid.it\/prodotto\/molla-gas-telescopica-400mm-25kg-codice-m3525400-trem\/\",\"name\":\"Molla gas telescopica 400 mm 25 kg \u2013 Codice M3525400\",\"isPartOf\":{\"@id\":\"https:\/\/technofluid.it\/#website\"},\"primaryImageOfPage\":{\"@id\":\"https:\/\/technofluid.it\/prodotto\/molla-gas-telescopica-400mm-25kg-codice-m3525400-trem\/#primaryimage\"},\"image\":{\"@id\":\"https:\/\/technofluid.it\/prodotto\/molla-gas-telescopica-400mm-25kg-codice-m3525400-trem\/#primaryimage\"},\"thumbnailUrl\":\"https:\/\/technofluid.it\/wp-content\/uploads\/2026\/01\/1493-MOLLA-GAS-TELESCOPICA-400-mm-25-Kg-CODICE-M3525400-TREM.jpg\",\"datePublished\":\"2025-10-25T00:02:54+00:00\",\"dateModified\":\"2026-01-21T22:06:02+00:00\",\"description\":\"Scopri la molla gas telescopica 400 mm 25 kg, codice M3525400. Alta qualit\u00e0 e resistenza per le tue esigenze. Acquista ora!\",\"breadcrumb\":{\"@id\":\"https:\/\/technofluid.it\/prodotto\/molla-gas-telescopica-400mm-25kg-codice-m3525400-trem\/#breadcrumb\"},\"inLanguage\":\"fr-FR\",\"potentialAction\":[{\"@type\":\"ReadAction\",\"target\":[\"https:\/\/technofluid.it\/prodotto\/molla-gas-telescopica-400mm-25kg-codice-m3525400-trem\/\"]}]},{\"@type\":\"ImageObject\",\"inLanguage\":\"fr-FR\",\"@id\":\"https:\/\/technofluid.it\/prodotto\/molla-gas-telescopica-400mm-25kg-codice-m3525400-trem\/#primaryimage\",\"url\":\"https:\/\/technofluid.it\/wp-content\/uploads\/2026\/01\/1493-MOLLA-GAS-TELESCOPICA-400-mm-25-Kg-CODICE-M3525400-TREM.jpg\",\"contentUrl\":\"https:\/\/technofluid.it\/wp-content\/uploads\/2026\/01\/1493-MOLLA-GAS-TELESCOPICA-400-mm-25-Kg-CODICE-M3525400-TREM.jpg\",\"width\":1200,\"height\":1200,\"caption\":\"Molla gas telescopica lunga 400 mm, ideale per sistemi di sollevamento e ammortizzamento.\"},{\"@type\":\"BreadcrumbList\",\"@id\":\"https:\/\/technofluid.it\/prodotto\/molla-gas-telescopica-400mm-25kg-codice-m3525400-trem\/#breadcrumb\",\"itemListElement\":[{\"@type\":\"ListItem\",\"position\":1,\"name\":\"Home\",\"item\":\"https:\/\/technofluid.it\/\"},{\"@type\":\"ListItem\",\"position\":2,\"name\":\"Shop\",\"item\":\"https:\/\/technofluid.it\/shop\/\"},{\"@type\":\"ListItem\",\"position\":3,\"name\":\"Molla gas telescopica 400&nbsp;mm 25&nbsp;kg &ndash; codice: M3525400 &ndash; Trem\"}]},{\"@type\":\"WebSite\",\"@id\":\"https:\/\/technofluid.it\/#website\",\"url\":\"https:\/\/technofluid.it\/\",\"name\":\"Technofluid S.R.L.\",\"description\":\"Dal 1999 siamo specializzati nell&#039;impiantistica navale, idraulica, civile e industriale\",\"publisher\":{\"@id\":\"https:\/\/technofluid.it\/#organization\"},\"potentialAction\":[{\"@type\":\"SearchAction\",\"target\":{\"@type\":\"EntryPoint\",\"urlTemplate\":\"https:\/\/technofluid.it\/?s={search_term_string}\"},\"query-input\":{\"@type\":\"PropertyValueSpecification\",\"valueRequired\":true,\"valueName\":\"search_term_string\"}}],\"inLanguage\":\"fr-FR\"},{\"@type\":\"Organization\",\"@id\":\"https:\/\/technofluid.it\/#organization\",\"name\":\"Technofluid\",\"url\":\"https:\/\/technofluid.it\/\",\"logo\":{\"@type\":\"ImageObject\",\"inLanguage\":\"fr-FR\",\"@id\":\"https:\/\/technofluid.it\/#\/schema\/logo\/image\/\",\"url\":\"https:\/\/technofluid.it\/wp-content\/uploads\/2025\/12\/technofluid_bianco-logo.webp\",\"contentUrl\":\"https:\/\/technofluid.it\/wp-content\/uploads\/2025\/12\/technofluid_bianco-logo.webp\",\"width\":350,\"height\":116,\"caption\":\"Technofluid\"},\"image\":{\"@id\":\"https:\/\/technofluid.it\/#\/schema\/logo\/image\/\"},\"description\":\"La Technofluid S.r.l. nasce nel 1999 a Barcellona Pozzo di Gotto, in provincia di Messina, con l\u2019obiettivo di diventare un punto di riferimento nel settore dell\u2019impiantistica navale, idraulica, civile e industriale.\",\"email\":\"info@technofluid.it\",\"telephone\":\"0907386877\",\"legalName\":\"Technofluid S.R.L\",\"vatID\":\"IT03148240835\",\"taxID\":\"03148240835\",\"ownershipFundingInfo\":\"https:\/\/technofluid.it\/azienda\/\"}]}<\/script>\n<meta property=\"product:price:amount\" content=\"9.02\" \/>\n<meta property=\"product:price:currency\" content=\"EUR\" \/>\n<meta property=\"og:availability\" content=\"instock\" \/>\n<meta property=\"product:availability\" content=\"instock\" \/>\n<meta property=\"product:retailer_item_id\" content=\"TREM0000071\" \/>\n<meta property=\"product:condition\" content=\"new\" \/>\n<!-- \/ Yoast SEO Premium plugin. -->","yoast_head_json":{"title":"Ressort \u00e0 gaz t\u00e9lescopique 400 mm 25 kg \u2013 Code M3525400","description":"D\u00e9couvrez le v\u00e9rin \u00e0 gaz t\u00e9lescopique 400 mm 25 kg, code M3525400. Haute qualit\u00e9 et r\u00e9sistance pour vos besoins. Achetez maintenant !","robots":{"index":"index","follow":"follow","max-snippet":"max-snippet:-1","max-image-preview":"max-image-preview:large","max-video-preview":"max-video-preview:-1"},"canonical":"https:\/\/technofluid.it\/fr\/produit\/ressort-a-gaz-telescopique-400mm-25kg-code-m3525400-trem\/","og_locale":"fr_FR","og_type":"article","og_title":"Molla gas telescopica 400&nbsp;mm 25&nbsp;kg &ndash; codice: M3525400 &ndash; Trem","og_description":"Scopri la molla gas telescopica 400 mm 25 kg, codice M3525400. Alta qualit\u00e0 e resistenza per le tue esigenze. Acquista ora!","og_url":"https:\/\/technofluid.it\/fr\/produit\/ressort-a-gaz-telescopique-400mm-25kg-code-m3525400-trem\/","og_site_name":"Technofluid","article_modified_time":"2026-01-21T22:06:02+00:00","og_image":[{"width":1200,"height":1200,"url":"https:\/\/technofluid.it\/wp-content\/uploads\/2026\/01\/1493-MOLLA-GAS-TELESCOPICA-400-mm-25-Kg-CODICE-M3525400-TREM.jpg","type":"image\/jpeg"}],"twitter_card":"summary_large_image","twitter_misc":{"Prix":"9,02&nbsp;&euro; Iva esclusa","Disponibilit\u00e9":"En stock"},"schema":{"@context":"https:\/\/schema.org","@graph":[{"@type":"WebPage","@id":"https:\/\/technofluid.it\/prodotto\/molla-gas-telescopica-400mm-25kg-codice-m3525400-trem\/","url":"https:\/\/technofluid.it\/prodotto\/molla-gas-telescopica-400mm-25kg-codice-m3525400-trem\/","name":"Ressort \u00e0 gaz t\u00e9lescopique 400 mm 25 kg \u2013 Code M3525400","isPartOf":{"@id":"https:\/\/technofluid.it\/#website"},"primaryImageOfPage":{"@id":"https:\/\/technofluid.it\/prodotto\/molla-gas-telescopica-400mm-25kg-codice-m3525400-trem\/#primaryimage"},"image":{"@id":"https:\/\/technofluid.it\/prodotto\/molla-gas-telescopica-400mm-25kg-codice-m3525400-trem\/#primaryimage"},"thumbnailUrl":"https:\/\/technofluid.it\/wp-content\/uploads\/2026\/01\/1493-MOLLA-GAS-TELESCOPICA-400-mm-25-Kg-CODICE-M3525400-TREM.jpg","datePublished":"2025-10-25T00:02:54+00:00","dateModified":"2026-01-21T22:06:02+00:00","description":"D\u00e9couvrez le v\u00e9rin \u00e0 gaz t\u00e9lescopique 400 mm 25 kg, code M3525400. Haute qualit\u00e9 et r\u00e9sistance pour vos besoins. Achetez maintenant !","breadcrumb":{"@id":"https:\/\/technofluid.it\/prodotto\/molla-gas-telescopica-400mm-25kg-codice-m3525400-trem\/#breadcrumb"},"inLanguage":"fr-FR","potentialAction":[{"@type":"ReadAction","target":["https:\/\/technofluid.it\/prodotto\/molla-gas-telescopica-400mm-25kg-codice-m3525400-trem\/"]}]},{"@type":"ImageObject","inLanguage":"fr-FR","@id":"https:\/\/technofluid.it\/prodotto\/molla-gas-telescopica-400mm-25kg-codice-m3525400-trem\/#primaryimage","url":"https:\/\/technofluid.it\/wp-content\/uploads\/2026\/01\/1493-MOLLA-GAS-TELESCOPICA-400-mm-25-Kg-CODICE-M3525400-TREM.jpg","contentUrl":"https:\/\/technofluid.it\/wp-content\/uploads\/2026\/01\/1493-MOLLA-GAS-TELESCOPICA-400-mm-25-Kg-CODICE-M3525400-TREM.jpg","width":1200,"height":1200,"caption":"Molla gas telescopica lunga 400 mm, ideale per sistemi di sollevamento e ammortizzamento."},{"@type":"BreadcrumbList","@id":"https:\/\/technofluid.it\/prodotto\/molla-gas-telescopica-400mm-25kg-codice-m3525400-trem\/#breadcrumb","itemListElement":[{"@type":"ListItem","position":1,"name":"Home","item":"https:\/\/technofluid.it\/"},{"@type":"ListItem","position":2,"name":"Shop","item":"https:\/\/technofluid.it\/shop\/"},{"@type":"ListItem","position":3,"name":"Molla gas telescopica 400&nbsp;mm 25&nbsp;kg &ndash; codice: M3525400 &ndash; Trem"}]},{"@type":"WebSite","@id":"https:\/\/technofluid.it\/#website","url":"https:\/\/technofluid.it\/","name":"Technofluid S.R.L.","description":"Depuis 1999, nous sommes sp\u00e9cialis\u00e9s dans les installations marines, de plomberie, civiles et industrielles.","publisher":{"@id":"https:\/\/technofluid.it\/#organization"},"potentialAction":[{"@type":"SearchAction","target":{"@type":"EntryPoint","urlTemplate":"https:\/\/technofluid.it\/?s={search_term_string}"},"query-input":{"@type":"PropertyValueSpecification","valueRequired":true,"valueName":"search_term_string"}}],"inLanguage":"fr-FR"},{"@type":"Organization","@id":"https:\/\/technofluid.it\/#organization","name":"Technofluid","url":"https:\/\/technofluid.it\/","logo":{"@type":"ImageObject","inLanguage":"fr-FR","@id":"https:\/\/technofluid.it\/#\/schema\/logo\/image\/","url":"https:\/\/technofluid.it\/wp-content\/uploads\/2025\/12\/technofluid_bianco-logo.webp","contentUrl":"https:\/\/technofluid.it\/wp-content\/uploads\/2025\/12\/technofluid_bianco-logo.webp","width":350,"height":116,"caption":"Technofluid"},"image":{"@id":"https:\/\/technofluid.it\/#\/schema\/logo\/image\/"},"description":"La Technofluid S.r.l. est n\u00e9e en 1999 \u00e0 Barcellona Pozzo di Gotto, dans la province de Messine, avec l'objectif de devenir un point de r\u00e9f\u00e9rence dans le secteur de l'installation navale, hydraulique, civile et industrielle.","email":"info@technofluid.it","telephone":"0907386877","legalName":"Technofluid S.R.L","vatID":"IT03148240835","taxID":"03148240835","ownershipFundingInfo":"https:\/\/technofluid.it\/azienda\/"}]},"product_price_amount":"9.02","product_price_currency":"EUR","og_availability":"instock","product_availability":"instock","product_retailer_item_id":"TREM0000071","product_condition":"new"},"_links":{"self":[{"href":"https:\/\/technofluid.it\/fr\/wp-json\/wp\/v2\/product\/30479","targetHints":{"allow":["GET"]}}],"collection":[{"href":"https:\/\/technofluid.it\/fr\/wp-json\/wp\/v2\/product"}],"about":[{"href":"https:\/\/technofluid.it\/fr\/wp-json\/wp\/v2\/types\/product"}],"replies":[{"embeddable":true,"href":"https:\/\/technofluid.it\/fr\/wp-json\/wp\/v2\/comments?post=30479"}],"version-history":[{"count":0,"href":"https:\/\/technofluid.it\/fr\/wp-json\/wp\/v2\/product\/30479\/revisions"}],"wp:featuredmedia":[{"embeddable":true,"href":"https:\/\/technofluid.it\/fr\/wp-json\/wp\/v2\/media\/40041"}],"wp:attachment":[{"href":"https:\/\/technofluid.it\/fr\/wp-json\/wp\/v2\/media?parent=30479"}],"wp:term":[{"taxonomy":"product_brand","embeddable":true,"href":"https:\/\/technofluid.it\/fr\/wp-json\/wp\/v2\/product_brand?post=30479"},{"taxonomy":"product_cat","embeddable":true,"href":"https:\/\/technofluid.it\/fr\/wp-json\/wp\/v2\/product_cat?post=30479"},{"taxonomy":"product_tag","embeddable":true,"href":"https:\/\/technofluid.it\/fr\/wp-json\/wp\/v2\/product_tag?post=30479"}],"curies":[{"name":"wp","href":"https:\/\/api.w.org\/{rel}","templated":true}]}}