{"id":30469,"date":"2025-10-25T01:02:53","date_gmt":"2025-10-25T00:02:53","guid":{"rendered":"https:\/\/technofluid.it\/prodotto\/modulo-per-cambio-filtri-water-i-codice-kitsb3-rg-italia\/"},"modified":"2026-03-25T12:56:58","modified_gmt":"2026-03-25T11:56:58","slug":"modulo-per-cambio-filtri-water-i-codice-kitsb3-rg-italia","status":"publish","type":"product","link":"https:\/\/technofluid.it\/fr\/produit\/module-pour-changement-de-filtres-water-i-code-kitsb3-rg-italia\/","title":{"rendered":"Module de changement de filtres Water I \u2013 code : KITSB3 \u2013 RG Italia"},"content":{"rendered":"<p>MODULE POUR CHANGEMENT DE FILTRES WATERI, COMPLET<br \/>\nKITSB3<\/p>\n<p>\n<b>Premier stade<\/b> (pr\u00e9filtration)\t1 filtre \u00e0 s\u00e9diments autonomie 9.500 lt\n<\/p>\n<p>\n<b>Deuxi\u00e8me stade<\/b> (pr\u00e9filtration\t1 filtre \u00e0 charbon actif CBB autonomie 9.500 lt\n<\/p>\n<p>\n<b>Troisi\u00e8me stade<\/b> (filtration)\t1 filtre \u00e0 ultrafiltration \u00e0 fibres creuses autonomie 9.500 lt \u2013 filtration de 0,01 micron<\/p>","protected":false},"excerpt":{"rendered":"<p>Module de remplacement complet pour le changement des filtres du syst\u00e8me Water I. Le kit RG Italia code KITSB3 comprend les trois \u00e9tapes pr\u00e9vues : filtre \u00e0 s\u00e9diments pour la pr\u00e9filtration, filtre \u00e0 charbon actif CBB comme deuxi\u00e8me \u00e9tape et filtre \u00e0 ultrafiltration \u00e0 fibres creuses comme troisi\u00e8me \u00e9tape (filtration \u00e0 0,01 micron). Chaque \u00e9l\u00e9ment indique une autonomie de 9 500 lt. Solution pratique pour la maintenance et la gestion des pi\u00e8ces de rechange dans le domaine des installations et \u00e0 bord, utile lorsque l'on souhaite remplacer toute la cha\u00eene de filtration en conservant la s\u00e9quence du syst\u00e8me.<\/p>","protected":false},"featured_media":40020,"comment_status":"open","ping_status":"closed","template":"","meta":{"_acf_changed":false,"_monsterinsights_skip_tracking":false,"_monsterinsights_sitenote_active":false,"_monsterinsights_sitenote_note":"","_monsterinsights_sitenote_category":0,"site-sidebar-layout":"default","site-content-layout":"","ast-site-content-layout":"default","site-content-style":"default","site-sidebar-style":"default","ast-global-header-display":"","ast-banner-title-visibility":"","ast-main-header-display":"","ast-hfb-above-header-display":"","ast-hfb-below-header-display":"","ast-hfb-mobile-header-display":"","site-post-title":"","ast-breadcrumbs-content":"","ast-featured-img":"","footer-sml-layout":"","ast-disable-related-posts":"","theme-transparent-header-meta":"default","adv-header-id-meta":"","stick-header-meta":"","header-above-stick-meta":"","header-main-stick-meta":"","header-below-stick-meta":"","astra-migrate-meta-layouts":"set","ast-page-background-enabled":"default","ast-page-background-meta":{"desktop":{"background-color":"var(--ast-global-color-5)","background-image":"","background-repeat":"repeat","background-position":"center center","background-size":"auto","background-attachment":"scroll","background-type":"","background-media":"","overlay-type":"","overlay-color":"","overlay-opacity":"","overlay-gradient":""},"tablet":{"background-color":"","background-image":"","background-repeat":"repeat","background-position":"center center","background-size":"auto","background-attachment":"scroll","background-type":"","background-media":"","overlay-type":"","overlay-color":"","overlay-opacity":"","overlay-gradient":""},"mobile":{"background-color":"","background-image":"","background-repeat":"repeat","background-position":"center center","background-size":"auto","background-attachment":"scroll","background-type":"","background-media":"","overlay-type":"","overlay-color":"","overlay-opacity":"","overlay-gradient":""}},"ast-content-background-meta":{"desktop":{"background-color":"var(--ast-global-color-4)","background-image":"","background-repeat":"repeat","background-position":"center center","background-size":"auto","background-attachment":"scroll","background-type":"","background-media":"","overlay-type":"","overlay-color":"","overlay-opacity":"","overlay-gradient":""},"tablet":{"background-color":"var(--ast-global-color-4)","background-image":"","background-repeat":"repeat","background-position":"center center","background-size":"auto","background-attachment":"scroll","background-type":"","background-media":"","overlay-type":"","overlay-color":"","overlay-opacity":"","overlay-gradient":""},"mobile":{"background-color":"var(--ast-global-color-4)","background-image":"","background-repeat":"repeat","background-position":"center center","background-size":"auto","background-attachment":"scroll","background-type":"","background-media":"","overlay-type":"","overlay-color":"","overlay-opacity":"","overlay-gradient":""}}},"product_brand":[],"product_cat":[95,1155],"product_tag":[5112,6301,6302],"class_list":{"0":"post-30469","1":"product","2":"type-product","3":"status-publish","4":"has-post-thumbnail","6":"product_cat-trattamento-acqua","7":"product_cat-filtri-per-water-i","8":"product_tag-cambio-filtro","9":"product_tag-modulo-completo","10":"product_tag-warter-i","11":"pa_supplier-rg-italia-production-srl","12":"desktop-align-left","13":"tablet-align-left","14":"mobile-align-left","16":"first","17":"instock","18":"taxable","19":"shipping-taxable","20":"purchasable","21":"product-type-simple"},"acf":[],"yoast_head":"<!-- This site is optimized with the Yoast SEO Premium plugin v26.7 (Yoast SEO v26.9) - https:\/\/yoast.com\/product\/yoast-seo-premium-wordpress\/ -->\n<title>Modulo cambio filtri Water I KITSB3 | RG Italia<\/title>\n<meta name=\"description\" content=\"Kit completo KITSB3 per cambio filtri Water I: sedimenti, carboni attivi CBB e ultrafiltrazione a fibre cave. Ricambio RG Italia.\" \/>\n<meta name=\"robots\" content=\"index, follow, max-snippet:-1, max-image-preview:large, max-video-preview:-1\" \/>\n<link rel=\"canonical\" href=\"https:\/\/technofluid.it\/fr\/produit\/module-pour-changement-de-filtres-water-i-code-kitsb3-rg-italia\/\" \/>\n<meta property=\"og:locale\" content=\"fr_FR\" \/>\n<meta property=\"og:type\" content=\"article\" \/>\n<meta property=\"og:title\" content=\"Modulo per cambio filtri Water I &ndash; codice: KITSB3 &ndash; RG Italia\" \/>\n<meta property=\"og:description\" content=\"Kit completo KITSB3 per cambio filtri Water I: sedimenti, carboni attivi CBB e ultrafiltrazione a fibre cave. Ricambio RG Italia.\" \/>\n<meta property=\"og:url\" content=\"https:\/\/technofluid.it\/fr\/produit\/module-pour-changement-de-filtres-water-i-code-kitsb3-rg-italia\/\" \/>\n<meta property=\"og:site_name\" content=\"Technofluid\" \/>\n<meta property=\"article:modified_time\" content=\"2026-03-25T11:56:58+00:00\" \/>\n<meta property=\"og:image\" content=\"https:\/\/technofluid.it\/wp-content\/uploads\/2026\/01\/739-MODULO-PER-CAMBIO-FILTRI-WATER-I-CODICE-KITSB3-RG-ITALIA.jpg\" \/>\n\t<meta property=\"og:image:width\" content=\"800\" \/>\n\t<meta property=\"og:image:height\" content=\"600\" \/>\n\t<meta property=\"og:image:type\" content=\"image\/jpeg\" \/>\n<meta name=\"twitter:card\" content=\"summary_large_image\" \/>\n<meta name=\"twitter:label1\" content=\"Prix\" \/>\n\t<meta name=\"twitter:data1\" content=\"161,76&nbsp;&euro; Iva esclusa\" \/>\n\t<meta name=\"twitter:label2\" content=\"Disponibilit\u00e9\" \/>\n\t<meta name=\"twitter:data2\" content=\"En stock\" \/>\n<script type=\"application\/ld+json\" class=\"yoast-schema-graph\">{\"@context\":\"https:\/\/schema.org\",\"@graph\":[{\"@type\":\"WebPage\",\"@id\":\"https:\/\/technofluid.it\/prodotto\/modulo-per-cambio-filtri-water-i-codice-kitsb3-rg-italia\/\",\"url\":\"https:\/\/technofluid.it\/prodotto\/modulo-per-cambio-filtri-water-i-codice-kitsb3-rg-italia\/\",\"name\":\"Modulo cambio filtri Water I KITSB3 | RG Italia\",\"isPartOf\":{\"@id\":\"https:\/\/technofluid.it\/#website\"},\"primaryImageOfPage\":{\"@id\":\"https:\/\/technofluid.it\/prodotto\/modulo-per-cambio-filtri-water-i-codice-kitsb3-rg-italia\/#primaryimage\"},\"image\":{\"@id\":\"https:\/\/technofluid.it\/prodotto\/modulo-per-cambio-filtri-water-i-codice-kitsb3-rg-italia\/#primaryimage\"},\"thumbnailUrl\":\"https:\/\/technofluid.it\/wp-content\/uploads\/2026\/01\/739-MODULO-PER-CAMBIO-FILTRI-WATER-I-CODICE-KITSB3-RG-ITALIA.jpg\",\"datePublished\":\"2025-10-25T00:02:53+00:00\",\"dateModified\":\"2026-03-25T11:56:58+00:00\",\"description\":\"Kit completo KITSB3 per cambio filtri Water I: sedimenti, carboni attivi CBB e ultrafiltrazione a fibre cave. Ricambio RG Italia.\",\"breadcrumb\":{\"@id\":\"https:\/\/technofluid.it\/prodotto\/modulo-per-cambio-filtri-water-i-codice-kitsb3-rg-italia\/#breadcrumb\"},\"inLanguage\":\"fr-FR\",\"potentialAction\":[{\"@type\":\"ReadAction\",\"target\":[\"https:\/\/technofluid.it\/prodotto\/modulo-per-cambio-filtri-water-i-codice-kitsb3-rg-italia\/\"]}]},{\"@type\":\"ImageObject\",\"inLanguage\":\"fr-FR\",\"@id\":\"https:\/\/technofluid.it\/prodotto\/modulo-per-cambio-filtri-water-i-codice-kitsb3-rg-italia\/#primaryimage\",\"url\":\"https:\/\/technofluid.it\/wp-content\/uploads\/2026\/01\/739-MODULO-PER-CAMBIO-FILTRI-WATER-I-CODICE-KITSB3-RG-ITALIA.jpg\",\"contentUrl\":\"https:\/\/technofluid.it\/wp-content\/uploads\/2026\/01\/739-MODULO-PER-CAMBIO-FILTRI-WATER-I-CODICE-KITSB3-RG-ITALIA.jpg\",\"width\":800,\"height\":600,\"caption\":\"Modulo per cambio filtri Water I, componente del sistema di filtrazione.\"},{\"@type\":\"BreadcrumbList\",\"@id\":\"https:\/\/technofluid.it\/prodotto\/modulo-per-cambio-filtri-water-i-codice-kitsb3-rg-italia\/#breadcrumb\",\"itemListElement\":[{\"@type\":\"ListItem\",\"position\":1,\"name\":\"Home\",\"item\":\"https:\/\/technofluid.it\/\"},{\"@type\":\"ListItem\",\"position\":2,\"name\":\"Shop\",\"item\":\"https:\/\/technofluid.it\/shop\/\"},{\"@type\":\"ListItem\",\"position\":3,\"name\":\"Modulo per cambio filtri Water I &ndash; codice: KITSB3 &ndash; RG Italia\"}]},{\"@type\":\"WebSite\",\"@id\":\"https:\/\/technofluid.it\/#website\",\"url\":\"https:\/\/technofluid.it\/\",\"name\":\"Technofluid S.R.L.\",\"description\":\"Dal 1999 siamo specializzati nell&#039;impiantistica navale, idraulica, civile e industriale\",\"publisher\":{\"@id\":\"https:\/\/technofluid.it\/#organization\"},\"potentialAction\":[{\"@type\":\"SearchAction\",\"target\":{\"@type\":\"EntryPoint\",\"urlTemplate\":\"https:\/\/technofluid.it\/?s={search_term_string}\"},\"query-input\":{\"@type\":\"PropertyValueSpecification\",\"valueRequired\":true,\"valueName\":\"search_term_string\"}}],\"inLanguage\":\"fr-FR\"},{\"@type\":\"Organization\",\"@id\":\"https:\/\/technofluid.it\/#organization\",\"name\":\"Technofluid\",\"url\":\"https:\/\/technofluid.it\/\",\"logo\":{\"@type\":\"ImageObject\",\"inLanguage\":\"fr-FR\",\"@id\":\"https:\/\/technofluid.it\/#\/schema\/logo\/image\/\",\"url\":\"https:\/\/technofluid.it\/wp-content\/uploads\/2025\/12\/technofluid_bianco-logo.webp\",\"contentUrl\":\"https:\/\/technofluid.it\/wp-content\/uploads\/2025\/12\/technofluid_bianco-logo.webp\",\"width\":350,\"height\":116,\"caption\":\"Technofluid\"},\"image\":{\"@id\":\"https:\/\/technofluid.it\/#\/schema\/logo\/image\/\"},\"description\":\"La Technofluid S.r.l. nasce nel 1999 a Barcellona Pozzo di Gotto, in provincia di Messina, con l\u2019obiettivo di diventare un punto di riferimento nel settore dell\u2019impiantistica navale, idraulica, civile e industriale.\",\"email\":\"info@technofluid.it\",\"telephone\":\"0907386877\",\"legalName\":\"Technofluid S.R.L\",\"vatID\":\"IT03148240835\",\"taxID\":\"03148240835\",\"ownershipFundingInfo\":\"https:\/\/technofluid.it\/azienda\/\"}]}<\/script>\n<meta property=\"product:price:amount\" content=\"161.76\" \/>\n<meta property=\"product:price:currency\" content=\"EUR\" \/>\n<meta property=\"og:availability\" content=\"instock\" \/>\n<meta property=\"product:availability\" content=\"instock\" \/>\n<meta property=\"product:retailer_item_id\" content=\"RG000000002\" \/>\n<meta property=\"product:condition\" content=\"new\" \/>\n<!-- \/ Yoast SEO Premium plugin. -->","yoast_head_json":{"title":"Module de changement de filtres Water I KITSB3 | RG Italia","description":"Kit complet KITSB3 pour changement de filtres Water I : s\u00e9diments, charbons actifs CBB et ultrafiltration \u00e0 fibres creuses. Pi\u00e8ce de rechange RG Italia.","robots":{"index":"index","follow":"follow","max-snippet":"max-snippet:-1","max-image-preview":"max-image-preview:large","max-video-preview":"max-video-preview:-1"},"canonical":"https:\/\/technofluid.it\/fr\/produit\/module-pour-changement-de-filtres-water-i-code-kitsb3-rg-italia\/","og_locale":"fr_FR","og_type":"article","og_title":"Modulo per cambio filtri Water I &ndash; codice: KITSB3 &ndash; RG Italia","og_description":"Kit completo KITSB3 per cambio filtri Water I: sedimenti, carboni attivi CBB e ultrafiltrazione a fibre cave. Ricambio RG Italia.","og_url":"https:\/\/technofluid.it\/fr\/produit\/module-pour-changement-de-filtres-water-i-code-kitsb3-rg-italia\/","og_site_name":"Technofluid","article_modified_time":"2026-03-25T11:56:58+00:00","og_image":[{"width":800,"height":600,"url":"https:\/\/technofluid.it\/wp-content\/uploads\/2026\/01\/739-MODULO-PER-CAMBIO-FILTRI-WATER-I-CODICE-KITSB3-RG-ITALIA.jpg","type":"image\/jpeg"}],"twitter_card":"summary_large_image","twitter_misc":{"Prix":"161,76&nbsp;&euro; Iva esclusa","Disponibilit\u00e9":"En stock"},"schema":{"@context":"https:\/\/schema.org","@graph":[{"@type":"WebPage","@id":"https:\/\/technofluid.it\/prodotto\/modulo-per-cambio-filtri-water-i-codice-kitsb3-rg-italia\/","url":"https:\/\/technofluid.it\/prodotto\/modulo-per-cambio-filtri-water-i-codice-kitsb3-rg-italia\/","name":"Module de changement de filtres Water I KITSB3 | RG Italia","isPartOf":{"@id":"https:\/\/technofluid.it\/#website"},"primaryImageOfPage":{"@id":"https:\/\/technofluid.it\/prodotto\/modulo-per-cambio-filtri-water-i-codice-kitsb3-rg-italia\/#primaryimage"},"image":{"@id":"https:\/\/technofluid.it\/prodotto\/modulo-per-cambio-filtri-water-i-codice-kitsb3-rg-italia\/#primaryimage"},"thumbnailUrl":"https:\/\/technofluid.it\/wp-content\/uploads\/2026\/01\/739-MODULO-PER-CAMBIO-FILTRI-WATER-I-CODICE-KITSB3-RG-ITALIA.jpg","datePublished":"2025-10-25T00:02:53+00:00","dateModified":"2026-03-25T11:56:58+00:00","description":"Kit complet KITSB3 pour changement de filtres Water I : s\u00e9diments, charbons actifs CBB et ultrafiltration \u00e0 fibres creuses. Pi\u00e8ce de rechange RG Italia.","breadcrumb":{"@id":"https:\/\/technofluid.it\/prodotto\/modulo-per-cambio-filtri-water-i-codice-kitsb3-rg-italia\/#breadcrumb"},"inLanguage":"fr-FR","potentialAction":[{"@type":"ReadAction","target":["https:\/\/technofluid.it\/prodotto\/modulo-per-cambio-filtri-water-i-codice-kitsb3-rg-italia\/"]}]},{"@type":"ImageObject","inLanguage":"fr-FR","@id":"https:\/\/technofluid.it\/prodotto\/modulo-per-cambio-filtri-water-i-codice-kitsb3-rg-italia\/#primaryimage","url":"https:\/\/technofluid.it\/wp-content\/uploads\/2026\/01\/739-MODULO-PER-CAMBIO-FILTRI-WATER-I-CODICE-KITSB3-RG-ITALIA.jpg","contentUrl":"https:\/\/technofluid.it\/wp-content\/uploads\/2026\/01\/739-MODULO-PER-CAMBIO-FILTRI-WATER-I-CODICE-KITSB3-RG-ITALIA.jpg","width":800,"height":600,"caption":"Modulo per cambio filtri Water I, componente del sistema di filtrazione."},{"@type":"BreadcrumbList","@id":"https:\/\/technofluid.it\/prodotto\/modulo-per-cambio-filtri-water-i-codice-kitsb3-rg-italia\/#breadcrumb","itemListElement":[{"@type":"ListItem","position":1,"name":"Home","item":"https:\/\/technofluid.it\/"},{"@type":"ListItem","position":2,"name":"Shop","item":"https:\/\/technofluid.it\/shop\/"},{"@type":"ListItem","position":3,"name":"Modulo per cambio filtri Water I &ndash; codice: KITSB3 &ndash; RG Italia"}]},{"@type":"WebSite","@id":"https:\/\/technofluid.it\/#website","url":"https:\/\/technofluid.it\/","name":"Technofluid S.R.L.","description":"Depuis 1999, nous sommes sp\u00e9cialis\u00e9s dans les installations marines, de plomberie, civiles et industrielles.","publisher":{"@id":"https:\/\/technofluid.it\/#organization"},"potentialAction":[{"@type":"SearchAction","target":{"@type":"EntryPoint","urlTemplate":"https:\/\/technofluid.it\/?s={search_term_string}"},"query-input":{"@type":"PropertyValueSpecification","valueRequired":true,"valueName":"search_term_string"}}],"inLanguage":"fr-FR"},{"@type":"Organization","@id":"https:\/\/technofluid.it\/#organization","name":"Technofluid","url":"https:\/\/technofluid.it\/","logo":{"@type":"ImageObject","inLanguage":"fr-FR","@id":"https:\/\/technofluid.it\/#\/schema\/logo\/image\/","url":"https:\/\/technofluid.it\/wp-content\/uploads\/2025\/12\/technofluid_bianco-logo.webp","contentUrl":"https:\/\/technofluid.it\/wp-content\/uploads\/2025\/12\/technofluid_bianco-logo.webp","width":350,"height":116,"caption":"Technofluid"},"image":{"@id":"https:\/\/technofluid.it\/#\/schema\/logo\/image\/"},"description":"La Technofluid S.r.l. est n\u00e9e en 1999 \u00e0 Barcellona Pozzo di Gotto, dans la province de Messine, avec l'objectif de devenir un point de r\u00e9f\u00e9rence dans le secteur de l'installation navale, hydraulique, civile et industrielle.","email":"info@technofluid.it","telephone":"0907386877","legalName":"Technofluid S.R.L","vatID":"IT03148240835","taxID":"03148240835","ownershipFundingInfo":"https:\/\/technofluid.it\/azienda\/"}]},"product_price_amount":"161.76","product_price_currency":"EUR","og_availability":"instock","product_availability":"instock","product_retailer_item_id":"RG000000002","product_condition":"new"},"_links":{"self":[{"href":"https:\/\/technofluid.it\/fr\/wp-json\/wp\/v2\/product\/30469","targetHints":{"allow":["GET"]}}],"collection":[{"href":"https:\/\/technofluid.it\/fr\/wp-json\/wp\/v2\/product"}],"about":[{"href":"https:\/\/technofluid.it\/fr\/wp-json\/wp\/v2\/types\/product"}],"replies":[{"embeddable":true,"href":"https:\/\/technofluid.it\/fr\/wp-json\/wp\/v2\/comments?post=30469"}],"version-history":[{"count":5,"href":"https:\/\/technofluid.it\/fr\/wp-json\/wp\/v2\/product\/30469\/revisions"}],"predecessor-version":[{"id":56481,"href":"https:\/\/technofluid.it\/fr\/wp-json\/wp\/v2\/product\/30469\/revisions\/56481"}],"wp:featuredmedia":[{"embeddable":true,"href":"https:\/\/technofluid.it\/fr\/wp-json\/wp\/v2\/media\/40020"}],"wp:attachment":[{"href":"https:\/\/technofluid.it\/fr\/wp-json\/wp\/v2\/media?parent=30469"}],"wp:term":[{"taxonomy":"product_brand","embeddable":true,"href":"https:\/\/technofluid.it\/fr\/wp-json\/wp\/v2\/product_brand?post=30469"},{"taxonomy":"product_cat","embeddable":true,"href":"https:\/\/technofluid.it\/fr\/wp-json\/wp\/v2\/product_cat?post=30469"},{"taxonomy":"product_tag","embeddable":true,"href":"https:\/\/technofluid.it\/fr\/wp-json\/wp\/v2\/product_tag?post=30469"}],"curies":[{"name":"wp","href":"https:\/\/api.w.org\/{rel}","templated":true}]}}