{"id":30432,"date":"2025-10-25T00:02:49","date_gmt":"2025-10-25T00:02:49","guid":{"rendered":"https:\/\/technofluid.it\/prodotto\/manicotto-f-da-11-2-giallo-dvgw-codice-0270h-maestrini\/"},"modified":"2026-01-21T22:20:05","modified_gmt":"2026-01-21T22:20:05","slug":"manicotto-f-da-112-giallo-dvgw-codice-0270h-maestrini","status":"publish","type":"product","link":"https:\/\/technofluid.it\/fr\/produit\/manchon-f-de-112-jaune-dvgw-code-0270h-maestrini\/","title":{"rendered":"F. manche 1\"1\/2 jaune - DVGW - code : 0270H - Maestrini"},"content":{"rendered":"<p>Manchon F. de 1\u20331\/2 jaune \u2013 DVGW \u2013 code : 0270H \u2013 Maestrini<\/p>","protected":false},"excerpt":{"rendered":"<p>MANICOTTO F.DA 1&#8243;1\/2 GIALLO &#8211; DVGW &#8211; CODICE: 0270H &#8211; MAESTRINI<\/p>","protected":false},"featured_media":39920,"comment_status":"open","ping_status":"closed","template":"","meta":{"_acf_changed":false,"_monsterinsights_skip_tracking":false,"_monsterinsights_sitenote_active":false,"_monsterinsights_sitenote_note":"","_monsterinsights_sitenote_category":0,"site-sidebar-layout":"default","site-content-layout":"","ast-site-content-layout":"default","site-content-style":"default","site-sidebar-style":"default","ast-global-header-display":"","ast-banner-title-visibility":"","ast-main-header-display":"","ast-hfb-above-header-display":"","ast-hfb-below-header-display":"","ast-hfb-mobile-header-display":"","site-post-title":"","ast-breadcrumbs-content":"","ast-featured-img":"","footer-sml-layout":"","ast-disable-related-posts":"","theme-transparent-header-meta":"","adv-header-id-meta":"","stick-header-meta":"","header-above-stick-meta":"","header-main-stick-meta":"","header-below-stick-meta":"","astra-migrate-meta-layouts":"default","ast-page-background-enabled":"default","ast-page-background-meta":{"desktop":{"background-color":"var(--ast-global-color-5)","background-image":"","background-repeat":"repeat","background-position":"center center","background-size":"auto","background-attachment":"scroll","background-type":"","background-media":"","overlay-type":"","overlay-color":"","overlay-opacity":"","overlay-gradient":""},"tablet":{"background-color":"","background-image":"","background-repeat":"repeat","background-position":"center center","background-size":"auto","background-attachment":"scroll","background-type":"","background-media":"","overlay-type":"","overlay-color":"","overlay-opacity":"","overlay-gradient":""},"mobile":{"background-color":"","background-image":"","background-repeat":"repeat","background-position":"center center","background-size":"auto","background-attachment":"scroll","background-type":"","background-media":"","overlay-type":"","overlay-color":"","overlay-opacity":"","overlay-gradient":""}},"ast-content-background-meta":{"desktop":{"background-color":"var(--ast-global-color-4)","background-image":"","background-repeat":"repeat","background-position":"center center","background-size":"auto","background-attachment":"scroll","background-type":"","background-media":"","overlay-type":"","overlay-color":"","overlay-opacity":"","overlay-gradient":""},"tablet":{"background-color":"var(--ast-global-color-4)","background-image":"","background-repeat":"repeat","background-position":"center center","background-size":"auto","background-attachment":"scroll","background-type":"","background-media":"","overlay-type":"","overlay-color":"","overlay-opacity":"","overlay-gradient":""},"mobile":{"background-color":"var(--ast-global-color-4)","background-image":"","background-repeat":"repeat","background-position":"center center","background-size":"auto","background-attachment":"scroll","background-type":"","background-media":"","overlay-type":"","overlay-color":"","overlay-opacity":"","overlay-gradient":""}}},"product_brand":[],"product_cat":[84,93],"product_tag":[6211,4393,6199,3793,3655,6196,6212],"class_list":{"0":"post-30432","1":"product","2":"type-product","3":"status-publish","4":"has-post-thumbnail","6":"product_cat-idraulica-e-ferramenta","7":"product_cat-idraulica-e-raccordi","8":"product_tag-0270h","9":"product_tag-11-2","10":"product_tag-f","11":"product_tag-giallo","12":"product_tag-maestrini","13":"product_tag-manicotto","14":"product_tag-manicotto-f-da-11-2-giallo-dv","15":"pa_supplier-maestrini-s-r-l-societa-unipersonale","16":"desktop-align-left","17":"tablet-align-left","18":"mobile-align-left","20":"first","21":"instock","22":"taxable","23":"shipping-taxable","24":"purchasable","25":"product-type-simple"},"acf":[],"yoast_head":"<!-- This site is optimized with the Yoast SEO Premium plugin v26.7 (Yoast SEO v26.9) - https:\/\/yoast.com\/product\/yoast-seo-premium-wordpress\/ -->\n<title>Manicotto Giallo 1&quot;1\/2 DVGW - Codice 0270H Maestrini<\/title>\n<meta name=\"description\" content=\"Scopri il manicotto giallo 1&quot;1\/2 DVGW Maestrini, codice 0270H. Qualit\u00e0 e affidabilit\u00e0 garantite. Acquista ora!\" \/>\n<meta name=\"robots\" content=\"index, follow, max-snippet:-1, max-image-preview:large, max-video-preview:-1\" \/>\n<link rel=\"canonical\" href=\"https:\/\/technofluid.it\/fr\/produit\/manchon-f-de-112-jaune-dvgw-code-0270h-maestrini\/\" \/>\n<meta property=\"og:locale\" content=\"fr_FR\" \/>\n<meta property=\"og:type\" content=\"article\" \/>\n<meta property=\"og:title\" content=\"Manicotto F. da 1&quot;1\/2 giallo - DVGW - codice: 0270H - Maestrini\" \/>\n<meta property=\"og:description\" content=\"Scopri il manicotto giallo 1&quot;1\/2 DVGW Maestrini, codice 0270H. Qualit\u00e0 e affidabilit\u00e0 garantite. Acquista ora!\" \/>\n<meta property=\"og:url\" content=\"https:\/\/technofluid.it\/fr\/produit\/manchon-f-de-112-jaune-dvgw-code-0270h-maestrini\/\" \/>\n<meta property=\"og:site_name\" content=\"Technofluid\" \/>\n<meta property=\"article:modified_time\" content=\"2026-01-21T22:20:05+00:00\" \/>\n<meta property=\"og:image\" content=\"https:\/\/technofluid.it\/wp-content\/uploads\/2026\/01\/1980-Manicotto-F.-da-112-giallo-DVGW-codice-0270H-Maestrini.jpg\" \/>\n\t<meta property=\"og:image:width\" content=\"300\" \/>\n\t<meta property=\"og:image:height\" content=\"300\" \/>\n\t<meta property=\"og:image:type\" content=\"image\/jpeg\" \/>\n<meta name=\"twitter:card\" content=\"summary_large_image\" \/>\n<meta name=\"twitter:label1\" content=\"Prix\" \/>\n\t<meta name=\"twitter:data1\" content=\"12,51&nbsp;&euro; Iva esclusa\" \/>\n\t<meta name=\"twitter:label2\" content=\"Disponibilit\u00e9\" \/>\n\t<meta name=\"twitter:data2\" content=\"En stock\" \/>\n<script type=\"application\/ld+json\" class=\"yoast-schema-graph\">{\"@context\":\"https:\/\/schema.org\",\"@graph\":[{\"@type\":\"WebPage\",\"@id\":\"https:\/\/technofluid.it\/prodotto\/manicotto-f-da-112-giallo-dvgw-codice-0270h-maestrini\/\",\"url\":\"https:\/\/technofluid.it\/prodotto\/manicotto-f-da-112-giallo-dvgw-codice-0270h-maestrini\/\",\"name\":\"Manicotto Giallo 1\\\"1\/2 DVGW - Codice 0270H Maestrini\",\"isPartOf\":{\"@id\":\"https:\/\/technofluid.it\/#website\"},\"primaryImageOfPage\":{\"@id\":\"https:\/\/technofluid.it\/prodotto\/manicotto-f-da-112-giallo-dvgw-codice-0270h-maestrini\/#primaryimage\"},\"image\":{\"@id\":\"https:\/\/technofluid.it\/prodotto\/manicotto-f-da-112-giallo-dvgw-codice-0270h-maestrini\/#primaryimage\"},\"thumbnailUrl\":\"https:\/\/technofluid.it\/wp-content\/uploads\/2026\/01\/1980-Manicotto-F.-da-112-giallo-DVGW-codice-0270H-Maestrini.jpg\",\"datePublished\":\"2025-10-25T00:02:49+00:00\",\"dateModified\":\"2026-01-21T22:20:05+00:00\",\"description\":\"Scopri il manicotto giallo 1\\\"1\/2 DVGW Maestrini, codice 0270H. Qualit\u00e0 e affidabilit\u00e0 garantite. Acquista ora!\",\"breadcrumb\":{\"@id\":\"https:\/\/technofluid.it\/prodotto\/manicotto-f-da-112-giallo-dvgw-codice-0270h-maestrini\/#breadcrumb\"},\"inLanguage\":\"fr-FR\",\"potentialAction\":[{\"@type\":\"ReadAction\",\"target\":[\"https:\/\/technofluid.it\/prodotto\/manicotto-f-da-112-giallo-dvgw-codice-0270h-maestrini\/\"]}]},{\"@type\":\"ImageObject\",\"inLanguage\":\"fr-FR\",\"@id\":\"https:\/\/technofluid.it\/prodotto\/manicotto-f-da-112-giallo-dvgw-codice-0270h-maestrini\/#primaryimage\",\"url\":\"https:\/\/technofluid.it\/wp-content\/uploads\/2026\/01\/1980-Manicotto-F.-da-112-giallo-DVGW-codice-0270H-Maestrini.jpg\",\"contentUrl\":\"https:\/\/technofluid.it\/wp-content\/uploads\/2026\/01\/1980-Manicotto-F.-da-112-giallo-DVGW-codice-0270H-Maestrini.jpg\",\"width\":300,\"height\":300,\"caption\":\"DVGW certificato, manicotto giallo da 1\\\"1\/2, codice 0270H, ideale per impianti idraulici, marchio Maestrini.\"},{\"@type\":\"BreadcrumbList\",\"@id\":\"https:\/\/technofluid.it\/prodotto\/manicotto-f-da-112-giallo-dvgw-codice-0270h-maestrini\/#breadcrumb\",\"itemListElement\":[{\"@type\":\"ListItem\",\"position\":1,\"name\":\"Home\",\"item\":\"https:\/\/technofluid.it\/\"},{\"@type\":\"ListItem\",\"position\":2,\"name\":\"Shop\",\"item\":\"https:\/\/technofluid.it\/shop\/\"},{\"@type\":\"ListItem\",\"position\":3,\"name\":\"Manicotto F. da 1&quot;1\/2 giallo &#8211; DVGW &#8211; codice: 0270H &#8211; Maestrini\"}]},{\"@type\":\"WebSite\",\"@id\":\"https:\/\/technofluid.it\/#website\",\"url\":\"https:\/\/technofluid.it\/\",\"name\":\"Technofluid S.R.L.\",\"description\":\"Dal 1999 siamo specializzati nell&#039;impiantistica navale, idraulica, civile e industriale\",\"publisher\":{\"@id\":\"https:\/\/technofluid.it\/#organization\"},\"potentialAction\":[{\"@type\":\"SearchAction\",\"target\":{\"@type\":\"EntryPoint\",\"urlTemplate\":\"https:\/\/technofluid.it\/?s={search_term_string}\"},\"query-input\":{\"@type\":\"PropertyValueSpecification\",\"valueRequired\":true,\"valueName\":\"search_term_string\"}}],\"inLanguage\":\"fr-FR\"},{\"@type\":\"Organization\",\"@id\":\"https:\/\/technofluid.it\/#organization\",\"name\":\"Technofluid\",\"url\":\"https:\/\/technofluid.it\/\",\"logo\":{\"@type\":\"ImageObject\",\"inLanguage\":\"fr-FR\",\"@id\":\"https:\/\/technofluid.it\/#\/schema\/logo\/image\/\",\"url\":\"https:\/\/technofluid.it\/wp-content\/uploads\/2025\/12\/technofluid_bianco-logo.webp\",\"contentUrl\":\"https:\/\/technofluid.it\/wp-content\/uploads\/2025\/12\/technofluid_bianco-logo.webp\",\"width\":350,\"height\":116,\"caption\":\"Technofluid\"},\"image\":{\"@id\":\"https:\/\/technofluid.it\/#\/schema\/logo\/image\/\"},\"description\":\"La Technofluid S.r.l. nasce nel 1999 a Barcellona Pozzo di Gotto, in provincia di Messina, con l\u2019obiettivo di diventare un punto di riferimento nel settore dell\u2019impiantistica navale, idraulica, civile e industriale.\",\"email\":\"info@technofluid.it\",\"telephone\":\"0907386877\",\"legalName\":\"Technofluid S.R.L\",\"vatID\":\"IT03148240835\",\"taxID\":\"03148240835\",\"ownershipFundingInfo\":\"https:\/\/technofluid.it\/azienda\/\"}]}<\/script>\n<meta property=\"product:price:amount\" content=\"12.51\" \/>\n<meta property=\"product:price:currency\" content=\"EUR\" \/>\n<meta property=\"og:availability\" content=\"instock\" \/>\n<meta property=\"product:availability\" content=\"instock\" \/>\n<meta property=\"product:retailer_item_id\" content=\"MAES00000101\" \/>\n<meta property=\"product:condition\" content=\"new\" \/>\n<!-- \/ Yoast SEO Premium plugin. -->","yoast_head_json":{"title":"Manchon Jaune 1\"1\/2 DVGW - Code 0270H Maestrini","description":"D\u00e9couvrez le manchon jaune 1\"1\/2 DVGW Maestrini, code 0270H. Qualit\u00e9 et fiabilit\u00e9 garanties. Achetez maintenant !","robots":{"index":"index","follow":"follow","max-snippet":"max-snippet:-1","max-image-preview":"max-image-preview:large","max-video-preview":"max-video-preview:-1"},"canonical":"https:\/\/technofluid.it\/fr\/produit\/manchon-f-de-112-jaune-dvgw-code-0270h-maestrini\/","og_locale":"fr_FR","og_type":"article","og_title":"Manicotto F. da 1&quot;1\/2 giallo - DVGW - codice: 0270H - Maestrini","og_description":"Scopri il manicotto giallo 1\"1\/2 DVGW Maestrini, codice 0270H. Qualit\u00e0 e affidabilit\u00e0 garantite. Acquista ora!","og_url":"https:\/\/technofluid.it\/fr\/produit\/manchon-f-de-112-jaune-dvgw-code-0270h-maestrini\/","og_site_name":"Technofluid","article_modified_time":"2026-01-21T22:20:05+00:00","og_image":[{"width":300,"height":300,"url":"https:\/\/technofluid.it\/wp-content\/uploads\/2026\/01\/1980-Manicotto-F.-da-112-giallo-DVGW-codice-0270H-Maestrini.jpg","type":"image\/jpeg"}],"twitter_card":"summary_large_image","twitter_misc":{"Prix":"12,51&nbsp;&euro; Iva esclusa","Disponibilit\u00e9":"En stock"},"schema":{"@context":"https:\/\/schema.org","@graph":[{"@type":"WebPage","@id":"https:\/\/technofluid.it\/prodotto\/manicotto-f-da-112-giallo-dvgw-codice-0270h-maestrini\/","url":"https:\/\/technofluid.it\/prodotto\/manicotto-f-da-112-giallo-dvgw-codice-0270h-maestrini\/","name":"Manchon Jaune 1\"1\/2 DVGW - Code 0270H Maestrini","isPartOf":{"@id":"https:\/\/technofluid.it\/#website"},"primaryImageOfPage":{"@id":"https:\/\/technofluid.it\/prodotto\/manicotto-f-da-112-giallo-dvgw-codice-0270h-maestrini\/#primaryimage"},"image":{"@id":"https:\/\/technofluid.it\/prodotto\/manicotto-f-da-112-giallo-dvgw-codice-0270h-maestrini\/#primaryimage"},"thumbnailUrl":"https:\/\/technofluid.it\/wp-content\/uploads\/2026\/01\/1980-Manicotto-F.-da-112-giallo-DVGW-codice-0270H-Maestrini.jpg","datePublished":"2025-10-25T00:02:49+00:00","dateModified":"2026-01-21T22:20:05+00:00","description":"D\u00e9couvrez le manchon jaune 1\"1\/2 DVGW Maestrini, code 0270H. Qualit\u00e9 et fiabilit\u00e9 garanties. Achetez maintenant !","breadcrumb":{"@id":"https:\/\/technofluid.it\/prodotto\/manicotto-f-da-112-giallo-dvgw-codice-0270h-maestrini\/#breadcrumb"},"inLanguage":"fr-FR","potentialAction":[{"@type":"ReadAction","target":["https:\/\/technofluid.it\/prodotto\/manicotto-f-da-112-giallo-dvgw-codice-0270h-maestrini\/"]}]},{"@type":"ImageObject","inLanguage":"fr-FR","@id":"https:\/\/technofluid.it\/prodotto\/manicotto-f-da-112-giallo-dvgw-codice-0270h-maestrini\/#primaryimage","url":"https:\/\/technofluid.it\/wp-content\/uploads\/2026\/01\/1980-Manicotto-F.-da-112-giallo-DVGW-codice-0270H-Maestrini.jpg","contentUrl":"https:\/\/technofluid.it\/wp-content\/uploads\/2026\/01\/1980-Manicotto-F.-da-112-giallo-DVGW-codice-0270H-Maestrini.jpg","width":300,"height":300,"caption":"DVGW certificato, manicotto giallo da 1\"1\/2, codice 0270H, ideale per impianti idraulici, marchio Maestrini."},{"@type":"BreadcrumbList","@id":"https:\/\/technofluid.it\/prodotto\/manicotto-f-da-112-giallo-dvgw-codice-0270h-maestrini\/#breadcrumb","itemListElement":[{"@type":"ListItem","position":1,"name":"Home","item":"https:\/\/technofluid.it\/"},{"@type":"ListItem","position":2,"name":"Shop","item":"https:\/\/technofluid.it\/shop\/"},{"@type":"ListItem","position":3,"name":"Manicotto F. da 1&quot;1\/2 giallo &#8211; DVGW &#8211; codice: 0270H &#8211; Maestrini"}]},{"@type":"WebSite","@id":"https:\/\/technofluid.it\/#website","url":"https:\/\/technofluid.it\/","name":"Technofluid S.R.L.","description":"Depuis 1999, nous sommes sp\u00e9cialis\u00e9s dans les installations marines, de plomberie, civiles et industrielles.","publisher":{"@id":"https:\/\/technofluid.it\/#organization"},"potentialAction":[{"@type":"SearchAction","target":{"@type":"EntryPoint","urlTemplate":"https:\/\/technofluid.it\/?s={search_term_string}"},"query-input":{"@type":"PropertyValueSpecification","valueRequired":true,"valueName":"search_term_string"}}],"inLanguage":"fr-FR"},{"@type":"Organization","@id":"https:\/\/technofluid.it\/#organization","name":"Technofluid","url":"https:\/\/technofluid.it\/","logo":{"@type":"ImageObject","inLanguage":"fr-FR","@id":"https:\/\/technofluid.it\/#\/schema\/logo\/image\/","url":"https:\/\/technofluid.it\/wp-content\/uploads\/2025\/12\/technofluid_bianco-logo.webp","contentUrl":"https:\/\/technofluid.it\/wp-content\/uploads\/2025\/12\/technofluid_bianco-logo.webp","width":350,"height":116,"caption":"Technofluid"},"image":{"@id":"https:\/\/technofluid.it\/#\/schema\/logo\/image\/"},"description":"La Technofluid S.r.l. est n\u00e9e en 1999 \u00e0 Barcellona Pozzo di Gotto, dans la province de Messine, avec l'objectif de devenir un point de r\u00e9f\u00e9rence dans le secteur de l'installation navale, hydraulique, civile et industrielle.","email":"info@technofluid.it","telephone":"0907386877","legalName":"Technofluid S.R.L","vatID":"IT03148240835","taxID":"03148240835","ownershipFundingInfo":"https:\/\/technofluid.it\/azienda\/"}]},"product_price_amount":"12.51","product_price_currency":"EUR","og_availability":"instock","product_availability":"instock","product_retailer_item_id":"MAES00000101","product_condition":"new"},"_links":{"self":[{"href":"https:\/\/technofluid.it\/fr\/wp-json\/wp\/v2\/product\/30432","targetHints":{"allow":["GET"]}}],"collection":[{"href":"https:\/\/technofluid.it\/fr\/wp-json\/wp\/v2\/product"}],"about":[{"href":"https:\/\/technofluid.it\/fr\/wp-json\/wp\/v2\/types\/product"}],"replies":[{"embeddable":true,"href":"https:\/\/technofluid.it\/fr\/wp-json\/wp\/v2\/comments?post=30432"}],"version-history":[{"count":0,"href":"https:\/\/technofluid.it\/fr\/wp-json\/wp\/v2\/product\/30432\/revisions"}],"wp:featuredmedia":[{"embeddable":true,"href":"https:\/\/technofluid.it\/fr\/wp-json\/wp\/v2\/media\/39920"}],"wp:attachment":[{"href":"https:\/\/technofluid.it\/fr\/wp-json\/wp\/v2\/media?parent=30432"}],"wp:term":[{"taxonomy":"product_brand","embeddable":true,"href":"https:\/\/technofluid.it\/fr\/wp-json\/wp\/v2\/product_brand?post=30432"},{"taxonomy":"product_cat","embeddable":true,"href":"https:\/\/technofluid.it\/fr\/wp-json\/wp\/v2\/product_cat?post=30432"},{"taxonomy":"product_tag","embeddable":true,"href":"https:\/\/technofluid.it\/fr\/wp-json\/wp\/v2\/product_tag?post=30432"}],"curies":[{"name":"wp","href":"https:\/\/api.w.org\/{rel}","templated":true}]}}