{"id":30412,"date":"2025-10-25T00:02:47","date_gmt":"2025-10-25T00:02:47","guid":{"rendered":"https:\/\/technofluid.it\/prodotto\/luce-x4-bianca-subacquea-9-32-vdc-codice-ol-012301w-indemar\/"},"modified":"2026-04-15T11:12:03","modified_gmt":"2026-04-15T10:12:03","slug":"luce-x4-bianca-subacquea-932-vdc-codice-ol-012301w-indemar","status":"publish","type":"product","link":"https:\/\/technofluid.it\/fr\/produit\/lumiere-x4-blanche-sous-marine-932-vdc-code-ol-012301w-indemar-2\/","title":{"rendered":"Lumi\u00e8re X4 blanche sous-marine 9\u201332 VDC \u2013 code : OL-012301W \u2013 Indemar"},"content":{"rendered":"<p>Lumi\u00e8re X4 blanche sous-marine 9\u201332 VDC \u2013 code : OL-012301W \u2013 Indemar<\/p>","protected":false},"excerpt":{"rendered":"<p>LUMI\u00c8RE X4 BLANCHE SOUS-MARINE 9-32 VDC CODE : OL-012301W- INDEMAR<\/p>","protected":false},"featured_media":39869,"comment_status":"open","ping_status":"closed","template":"","meta":{"_acf_changed":false,"_monsterinsights_skip_tracking":false,"_monsterinsights_sitenote_active":false,"_monsterinsights_sitenote_note":"","_monsterinsights_sitenote_category":0,"site-sidebar-layout":"default","site-content-layout":"","ast-site-content-layout":"default","site-content-style":"default","site-sidebar-style":"default","ast-global-header-display":"","ast-banner-title-visibility":"","ast-main-header-display":"","ast-hfb-above-header-display":"","ast-hfb-below-header-display":"","ast-hfb-mobile-header-display":"","site-post-title":"","ast-breadcrumbs-content":"","ast-featured-img":"","footer-sml-layout":"","ast-disable-related-posts":"","theme-transparent-header-meta":"","adv-header-id-meta":"","stick-header-meta":"","header-above-stick-meta":"","header-main-stick-meta":"","header-below-stick-meta":"","astra-migrate-meta-layouts":"default","ast-page-background-enabled":"default","ast-page-background-meta":{"desktop":{"background-color":"var(--ast-global-color-5)","background-image":"","background-repeat":"repeat","background-position":"center center","background-size":"auto","background-attachment":"scroll","background-type":"","background-media":"","overlay-type":"","overlay-color":"","overlay-opacity":"","overlay-gradient":""},"tablet":{"background-color":"","background-image":"","background-repeat":"repeat","background-position":"center center","background-size":"auto","background-attachment":"scroll","background-type":"","background-media":"","overlay-type":"","overlay-color":"","overlay-opacity":"","overlay-gradient":""},"mobile":{"background-color":"","background-image":"","background-repeat":"repeat","background-position":"center center","background-size":"auto","background-attachment":"scroll","background-type":"","background-media":"","overlay-type":"","overlay-color":"","overlay-opacity":"","overlay-gradient":""}},"ast-content-background-meta":{"desktop":{"background-color":"var(--ast-global-color-4)","background-image":"","background-repeat":"repeat","background-position":"center center","background-size":"auto","background-attachment":"scroll","background-type":"","background-media":"","overlay-type":"","overlay-color":"","overlay-opacity":"","overlay-gradient":""},"tablet":{"background-color":"var(--ast-global-color-4)","background-image":"","background-repeat":"repeat","background-position":"center center","background-size":"auto","background-attachment":"scroll","background-type":"","background-media":"","overlay-type":"","overlay-color":"","overlay-opacity":"","overlay-gradient":""},"mobile":{"background-color":"var(--ast-global-color-4)","background-image":"","background-repeat":"repeat","background-position":"center center","background-size":"auto","background-attachment":"scroll","background-type":"","background-media":"","overlay-type":"","overlay-color":"","overlay-opacity":"","overlay-gradient":""}}},"product_brand":[],"product_cat":[74,75],"product_tag":[6167,6168],"class_list":{"0":"post-30412","1":"product","2":"type-product","3":"status-publish","4":"has-post-thumbnail","6":"product_cat-elettricita-strumentazione","7":"product_cat-luci-e-fanali","8":"product_tag-luce-x4-bianca-subacquea-9-32-v","9":"product_tag-ol-012301w-indemar","10":"pa_supplier-indemar-s-p-a-2","11":"desktop-align-left","12":"tablet-align-left","13":"mobile-align-left","15":"first","16":"instock","17":"taxable","18":"shipping-taxable","19":"purchasable","20":"product-type-simple"},"acf":[],"yoast_head":"<!-- This site is optimized with the Yoast SEO Premium plugin v26.7 (Yoast SEO v26.9) - https:\/\/yoast.com\/product\/yoast-seo-premium-wordpress\/ -->\n<title>Luce Subacquea Bianca X4 9-32 VDC - Indemar<\/title>\n<meta name=\"description\" content=\"Scopri la luce subacquea bianca X4 9-32 VDC di Indemar, perfetta per immersioni. Acquista ora la qualit\u00e0 garantita!\" \/>\n<meta name=\"robots\" content=\"index, follow, max-snippet:-1, max-image-preview:large, max-video-preview:-1\" \/>\n<link rel=\"canonical\" href=\"https:\/\/technofluid.it\/fr\/produit\/lumiere-x4-blanche-sous-marine-932-vdc-code-ol-012301w-indemar-2\/\" \/>\n<meta property=\"og:locale\" content=\"fr_FR\" \/>\n<meta property=\"og:type\" content=\"article\" \/>\n<meta property=\"og:title\" content=\"Luce X4 bianca subacquea 9&ndash;32 VDC &ndash; codice: OL-012301W &ndash; Indemar\" \/>\n<meta property=\"og:description\" content=\"Scopri la luce subacquea bianca X4 9-32 VDC di Indemar, perfetta per immersioni. Acquista ora la qualit\u00e0 garantita!\" \/>\n<meta property=\"og:url\" content=\"https:\/\/technofluid.it\/fr\/produit\/lumiere-x4-blanche-sous-marine-932-vdc-code-ol-012301w-indemar-2\/\" \/>\n<meta property=\"og:site_name\" content=\"Technofluid\" \/>\n<meta property=\"article:modified_time\" content=\"2026-04-15T10:12:03+00:00\" \/>\n<meta property=\"og:image\" content=\"https:\/\/technofluid.it\/wp-content\/uploads\/2026\/01\/4652-Luce-X4-bianca-subacquea-9-32-VDC-codice-OL-012301W-Indemar.jpg\" \/>\n\t<meta property=\"og:image:width\" content=\"787\" \/>\n\t<meta property=\"og:image:height\" content=\"1237\" \/>\n\t<meta property=\"og:image:type\" content=\"image\/png\" \/>\n<meta name=\"twitter:card\" content=\"summary_large_image\" \/>\n<meta name=\"twitter:label1\" content=\"Prix\" \/>\n\t<meta name=\"twitter:data1\" content=\"208,00&nbsp;&euro; Iva esclusa\" \/>\n\t<meta name=\"twitter:label2\" content=\"Disponibilit\u00e9\" \/>\n\t<meta name=\"twitter:data2\" content=\"En stock\" \/>\n<script type=\"application\/ld+json\" class=\"yoast-schema-graph\">{\"@context\":\"https:\/\/schema.org\",\"@graph\":[{\"@type\":\"WebPage\",\"@id\":\"https:\/\/technofluid.it\/prodotto\/luce-x4-bianca-subacquea-932-vdc-codice-ol-012301w-indemar\/\",\"url\":\"https:\/\/technofluid.it\/prodotto\/luce-x4-bianca-subacquea-932-vdc-codice-ol-012301w-indemar\/\",\"name\":\"Luce Subacquea Bianca X4 9-32 VDC - Indemar\",\"isPartOf\":{\"@id\":\"https:\/\/technofluid.it\/#website\"},\"primaryImageOfPage\":{\"@id\":\"https:\/\/technofluid.it\/prodotto\/luce-x4-bianca-subacquea-932-vdc-codice-ol-012301w-indemar\/#primaryimage\"},\"image\":{\"@id\":\"https:\/\/technofluid.it\/prodotto\/luce-x4-bianca-subacquea-932-vdc-codice-ol-012301w-indemar\/#primaryimage\"},\"thumbnailUrl\":\"https:\/\/technofluid.it\/wp-content\/uploads\/2026\/01\/4652-Luce-X4-bianca-subacquea-9-32-VDC-codice-OL-012301W-Indemar.jpg\",\"datePublished\":\"2025-10-25T00:02:47+00:00\",\"dateModified\":\"2026-04-15T10:12:03+00:00\",\"description\":\"Scopri la luce subacquea bianca X4 9-32 VDC di Indemar, perfetta per immersioni. Acquista ora la qualit\u00e0 garantita!\",\"breadcrumb\":{\"@id\":\"https:\/\/technofluid.it\/prodotto\/luce-x4-bianca-subacquea-932-vdc-codice-ol-012301w-indemar\/#breadcrumb\"},\"inLanguage\":\"fr-FR\",\"potentialAction\":[{\"@type\":\"ReadAction\",\"target\":[\"https:\/\/technofluid.it\/prodotto\/luce-x4-bianca-subacquea-932-vdc-codice-ol-012301w-indemar\/\"]}]},{\"@type\":\"ImageObject\",\"inLanguage\":\"fr-FR\",\"@id\":\"https:\/\/technofluid.it\/prodotto\/luce-x4-bianca-subacquea-932-vdc-codice-ol-012301w-indemar\/#primaryimage\",\"url\":\"https:\/\/technofluid.it\/wp-content\/uploads\/2026\/01\/4652-Luce-X4-bianca-subacquea-9-32-VDC-codice-OL-012301W-Indemar.jpg\",\"contentUrl\":\"https:\/\/technofluid.it\/wp-content\/uploads\/2026\/01\/4652-Luce-X4-bianca-subacquea-9-32-VDC-codice-OL-012301W-Indemar.jpg\",\"width\":787,\"height\":1237,\"caption\":\"Luce X4 bianca per applicazioni subacquee, con alimentazione 9-32 VDC, ideale per ambienti marini.\"},{\"@type\":\"BreadcrumbList\",\"@id\":\"https:\/\/technofluid.it\/prodotto\/luce-x4-bianca-subacquea-932-vdc-codice-ol-012301w-indemar\/#breadcrumb\",\"itemListElement\":[{\"@type\":\"ListItem\",\"position\":1,\"name\":\"Home\",\"item\":\"https:\/\/technofluid.it\/\"},{\"@type\":\"ListItem\",\"position\":2,\"name\":\"Shop\",\"item\":\"https:\/\/technofluid.it\/shop\/\"},{\"@type\":\"ListItem\",\"position\":3,\"name\":\"Luce X4 bianca subacquea 9&ndash;32 VDC &ndash; codice: OL-012301W &ndash; Indemar\"}]},{\"@type\":\"WebSite\",\"@id\":\"https:\/\/technofluid.it\/#website\",\"url\":\"https:\/\/technofluid.it\/\",\"name\":\"Technofluid S.R.L.\",\"description\":\"Dal 1999 siamo specializzati nell&#039;impiantistica navale, idraulica, civile e industriale\",\"publisher\":{\"@id\":\"https:\/\/technofluid.it\/#organization\"},\"potentialAction\":[{\"@type\":\"SearchAction\",\"target\":{\"@type\":\"EntryPoint\",\"urlTemplate\":\"https:\/\/technofluid.it\/?s={search_term_string}\"},\"query-input\":{\"@type\":\"PropertyValueSpecification\",\"valueRequired\":true,\"valueName\":\"search_term_string\"}}],\"inLanguage\":\"fr-FR\"},{\"@type\":\"Organization\",\"@id\":\"https:\/\/technofluid.it\/#organization\",\"name\":\"Technofluid\",\"url\":\"https:\/\/technofluid.it\/\",\"logo\":{\"@type\":\"ImageObject\",\"inLanguage\":\"fr-FR\",\"@id\":\"https:\/\/technofluid.it\/#\/schema\/logo\/image\/\",\"url\":\"https:\/\/technofluid.it\/wp-content\/uploads\/2025\/12\/technofluid_bianco-logo.webp\",\"contentUrl\":\"https:\/\/technofluid.it\/wp-content\/uploads\/2025\/12\/technofluid_bianco-logo.webp\",\"width\":350,\"height\":116,\"caption\":\"Technofluid\"},\"image\":{\"@id\":\"https:\/\/technofluid.it\/#\/schema\/logo\/image\/\"},\"description\":\"La Technofluid S.r.l. nasce nel 1999 a Barcellona Pozzo di Gotto, in provincia di Messina, con l\u2019obiettivo di diventare un punto di riferimento nel settore dell\u2019impiantistica navale, idraulica, civile e industriale.\",\"email\":\"info@technofluid.it\",\"telephone\":\"0907386877\",\"legalName\":\"Technofluid S.R.L\",\"vatID\":\"IT03148240835\",\"taxID\":\"03148240835\",\"ownershipFundingInfo\":\"https:\/\/technofluid.it\/azienda\/\"}]}<\/script>\n<meta property=\"product:price:amount\" content=\"208.00\" \/>\n<meta property=\"product:price:currency\" content=\"EUR\" \/>\n<meta property=\"og:availability\" content=\"instock\" \/>\n<meta property=\"product:availability\" content=\"instock\" \/>\n<meta property=\"product:retailer_item_id\" content=\"INDE0000001\" \/>\n<meta property=\"product:condition\" content=\"new\" \/>\n<!-- \/ Yoast SEO Premium plugin. -->","yoast_head_json":{"title":"Lumi\u00e8re Sous-marine Blanche X4 9-32 VDC - Indemar","description":"D\u00e9couvrez la lumi\u00e8re sous-marine blanche X4 9-32 VDC d'Indemar, parfaite pour la plong\u00e9e. Achetez maintenant la qualit\u00e9 garantie !","robots":{"index":"index","follow":"follow","max-snippet":"max-snippet:-1","max-image-preview":"max-image-preview:large","max-video-preview":"max-video-preview:-1"},"canonical":"https:\/\/technofluid.it\/fr\/produit\/lumiere-x4-blanche-sous-marine-932-vdc-code-ol-012301w-indemar-2\/","og_locale":"fr_FR","og_type":"article","og_title":"Luce X4 bianca subacquea 9&ndash;32 VDC &ndash; codice: OL-012301W &ndash; Indemar","og_description":"Scopri la luce subacquea bianca X4 9-32 VDC di Indemar, perfetta per immersioni. Acquista ora la qualit\u00e0 garantita!","og_url":"https:\/\/technofluid.it\/fr\/produit\/lumiere-x4-blanche-sous-marine-932-vdc-code-ol-012301w-indemar-2\/","og_site_name":"Technofluid","article_modified_time":"2026-04-15T10:12:03+00:00","og_image":[{"width":787,"height":1237,"url":"https:\/\/technofluid.it\/wp-content\/uploads\/2026\/01\/4652-Luce-X4-bianca-subacquea-9-32-VDC-codice-OL-012301W-Indemar.jpg","type":"image\/png"}],"twitter_card":"summary_large_image","twitter_misc":{"Prix":"208,00&nbsp;&euro; Iva esclusa","Disponibilit\u00e9":"En stock"},"schema":{"@context":"https:\/\/schema.org","@graph":[{"@type":"WebPage","@id":"https:\/\/technofluid.it\/prodotto\/luce-x4-bianca-subacquea-932-vdc-codice-ol-012301w-indemar\/","url":"https:\/\/technofluid.it\/prodotto\/luce-x4-bianca-subacquea-932-vdc-codice-ol-012301w-indemar\/","name":"Lumi\u00e8re Sous-marine Blanche X4 9-32 VDC - Indemar","isPartOf":{"@id":"https:\/\/technofluid.it\/#website"},"primaryImageOfPage":{"@id":"https:\/\/technofluid.it\/prodotto\/luce-x4-bianca-subacquea-932-vdc-codice-ol-012301w-indemar\/#primaryimage"},"image":{"@id":"https:\/\/technofluid.it\/prodotto\/luce-x4-bianca-subacquea-932-vdc-codice-ol-012301w-indemar\/#primaryimage"},"thumbnailUrl":"https:\/\/technofluid.it\/wp-content\/uploads\/2026\/01\/4652-Luce-X4-bianca-subacquea-9-32-VDC-codice-OL-012301W-Indemar.jpg","datePublished":"2025-10-25T00:02:47+00:00","dateModified":"2026-04-15T10:12:03+00:00","description":"D\u00e9couvrez la lumi\u00e8re sous-marine blanche X4 9-32 VDC d'Indemar, parfaite pour la plong\u00e9e. Achetez maintenant la qualit\u00e9 garantie !","breadcrumb":{"@id":"https:\/\/technofluid.it\/prodotto\/luce-x4-bianca-subacquea-932-vdc-codice-ol-012301w-indemar\/#breadcrumb"},"inLanguage":"fr-FR","potentialAction":[{"@type":"ReadAction","target":["https:\/\/technofluid.it\/prodotto\/luce-x4-bianca-subacquea-932-vdc-codice-ol-012301w-indemar\/"]}]},{"@type":"ImageObject","inLanguage":"fr-FR","@id":"https:\/\/technofluid.it\/prodotto\/luce-x4-bianca-subacquea-932-vdc-codice-ol-012301w-indemar\/#primaryimage","url":"https:\/\/technofluid.it\/wp-content\/uploads\/2026\/01\/4652-Luce-X4-bianca-subacquea-9-32-VDC-codice-OL-012301W-Indemar.jpg","contentUrl":"https:\/\/technofluid.it\/wp-content\/uploads\/2026\/01\/4652-Luce-X4-bianca-subacquea-9-32-VDC-codice-OL-012301W-Indemar.jpg","width":787,"height":1237,"caption":"Luce X4 bianca per applicazioni subacquee, con alimentazione 9-32 VDC, ideale per ambienti marini."},{"@type":"BreadcrumbList","@id":"https:\/\/technofluid.it\/prodotto\/luce-x4-bianca-subacquea-932-vdc-codice-ol-012301w-indemar\/#breadcrumb","itemListElement":[{"@type":"ListItem","position":1,"name":"Home","item":"https:\/\/technofluid.it\/"},{"@type":"ListItem","position":2,"name":"Shop","item":"https:\/\/technofluid.it\/shop\/"},{"@type":"ListItem","position":3,"name":"Luce X4 bianca subacquea 9&ndash;32 VDC &ndash; codice: OL-012301W &ndash; Indemar"}]},{"@type":"WebSite","@id":"https:\/\/technofluid.it\/#website","url":"https:\/\/technofluid.it\/","name":"Technofluid S.R.L.","description":"Depuis 1999, nous sommes sp\u00e9cialis\u00e9s dans les installations marines, de plomberie, civiles et industrielles.","publisher":{"@id":"https:\/\/technofluid.it\/#organization"},"potentialAction":[{"@type":"SearchAction","target":{"@type":"EntryPoint","urlTemplate":"https:\/\/technofluid.it\/?s={search_term_string}"},"query-input":{"@type":"PropertyValueSpecification","valueRequired":true,"valueName":"search_term_string"}}],"inLanguage":"fr-FR"},{"@type":"Organization","@id":"https:\/\/technofluid.it\/#organization","name":"Technofluid","url":"https:\/\/technofluid.it\/","logo":{"@type":"ImageObject","inLanguage":"fr-FR","@id":"https:\/\/technofluid.it\/#\/schema\/logo\/image\/","url":"https:\/\/technofluid.it\/wp-content\/uploads\/2025\/12\/technofluid_bianco-logo.webp","contentUrl":"https:\/\/technofluid.it\/wp-content\/uploads\/2025\/12\/technofluid_bianco-logo.webp","width":350,"height":116,"caption":"Technofluid"},"image":{"@id":"https:\/\/technofluid.it\/#\/schema\/logo\/image\/"},"description":"La Technofluid S.r.l. est n\u00e9e en 1999 \u00e0 Barcellona Pozzo di Gotto, dans la province de Messine, avec l'objectif de devenir un point de r\u00e9f\u00e9rence dans le secteur de l'installation navale, hydraulique, civile et industrielle.","email":"info@technofluid.it","telephone":"0907386877","legalName":"Technofluid S.R.L","vatID":"IT03148240835","taxID":"03148240835","ownershipFundingInfo":"https:\/\/technofluid.it\/azienda\/"}]},"product_price_amount":"208.00","product_price_currency":"EUR","og_availability":"instock","product_availability":"instock","product_retailer_item_id":"INDE0000001","product_condition":"new"},"_links":{"self":[{"href":"https:\/\/technofluid.it\/fr\/wp-json\/wp\/v2\/product\/30412","targetHints":{"allow":["GET"]}}],"collection":[{"href":"https:\/\/technofluid.it\/fr\/wp-json\/wp\/v2\/product"}],"about":[{"href":"https:\/\/technofluid.it\/fr\/wp-json\/wp\/v2\/types\/product"}],"replies":[{"embeddable":true,"href":"https:\/\/technofluid.it\/fr\/wp-json\/wp\/v2\/comments?post=30412"}],"version-history":[{"count":1,"href":"https:\/\/technofluid.it\/fr\/wp-json\/wp\/v2\/product\/30412\/revisions"}],"predecessor-version":[{"id":50925,"href":"https:\/\/technofluid.it\/fr\/wp-json\/wp\/v2\/product\/30412\/revisions\/50925"}],"wp:featuredmedia":[{"embeddable":true,"href":"https:\/\/technofluid.it\/fr\/wp-json\/wp\/v2\/media\/39869"}],"wp:attachment":[{"href":"https:\/\/technofluid.it\/fr\/wp-json\/wp\/v2\/media?parent=30412"}],"wp:term":[{"taxonomy":"product_brand","embeddable":true,"href":"https:\/\/technofluid.it\/fr\/wp-json\/wp\/v2\/product_brand?post=30412"},{"taxonomy":"product_cat","embeddable":true,"href":"https:\/\/technofluid.it\/fr\/wp-json\/wp\/v2\/product_cat?post=30412"},{"taxonomy":"product_tag","embeddable":true,"href":"https:\/\/technofluid.it\/fr\/wp-json\/wp\/v2\/product_tag?post=30412"}],"curies":[{"name":"wp","href":"https:\/\/api.w.org\/{rel}","templated":true}]}}