{"id":30352,"date":"2025-10-25T00:02:35","date_gmt":"2025-10-25T00:02:35","guid":{"rendered":"https:\/\/technofluid.it\/prodotto\/kit-ricambi-ridotto-per-acb-331-1-0-9kw-24v-cc-codice-kacb33101-gianneschi-pumps-and-blowers\/"},"modified":"2026-04-15T10:21:47","modified_gmt":"2026-04-15T09:21:47","slug":"kit-ricambi-ridotto-per-acb-3311-0-9-kw-24v-cc-codice-kacb33101-gianneschi-pumps-and-blowers","status":"publish","type":"product","link":"https:\/\/technofluid.it\/fr\/produit\/kit-de-rechange-reduit-pour-acb-3311-0-9-kw-24v-cc-code-kacb33101-gianneschi-pumps-and-blowers\/","title":{"rendered":"Kit de pi\u00e8ces d\u00e9tach\u00e9es r\u00e9duit pour ACB 331\/1, 0,9 kW, 24V CC \u2013 code : KACB33101 \u2013 Gianneschi Pumps and Blowers"},"content":{"rendered":"<p>KIT DE PI\u00c8CES D\u00c9TACH\u00c9ES R\u00c9DUIT ACB331\/1 0,9KW 24V CC, COD KACB33101<\/p>\n<p>COMPOS\u00c9 DE : JOINTS, \u00c9TANCH\u00c9IT\u00c9S M\u00c9CANIQUES, BROSSSES, CONDENSATEURS<\/p>","protected":false},"excerpt":{"rendered":"<p>KIT RICAMBI RIDOTTO PER: ACB 331\/1 0.9KW 24V CC &#8211; CODICE: KACB33101<\/p>","protected":false},"featured_media":39705,"comment_status":"open","ping_status":"closed","template":"","meta":{"_acf_changed":false,"_monsterinsights_skip_tracking":false,"_monsterinsights_sitenote_active":false,"_monsterinsights_sitenote_note":"","_monsterinsights_sitenote_category":0,"site-sidebar-layout":"default","site-content-layout":"","ast-site-content-layout":"default","site-content-style":"default","site-sidebar-style":"default","ast-global-header-display":"","ast-banner-title-visibility":"","ast-main-header-display":"","ast-hfb-above-header-display":"","ast-hfb-below-header-display":"","ast-hfb-mobile-header-display":"","site-post-title":"","ast-breadcrumbs-content":"","ast-featured-img":"","footer-sml-layout":"","ast-disable-related-posts":"","theme-transparent-header-meta":"default","adv-header-id-meta":"","stick-header-meta":"","header-above-stick-meta":"","header-main-stick-meta":"","header-below-stick-meta":"","astra-migrate-meta-layouts":"set","ast-page-background-enabled":"default","ast-page-background-meta":{"desktop":{"background-color":"var(--ast-global-color-5)","background-image":"","background-repeat":"repeat","background-position":"center center","background-size":"auto","background-attachment":"scroll","background-type":"","background-media":"","overlay-type":"","overlay-color":"","overlay-opacity":"","overlay-gradient":""},"tablet":{"background-color":"","background-image":"","background-repeat":"repeat","background-position":"center center","background-size":"auto","background-attachment":"scroll","background-type":"","background-media":"","overlay-type":"","overlay-color":"","overlay-opacity":"","overlay-gradient":""},"mobile":{"background-color":"","background-image":"","background-repeat":"repeat","background-position":"center center","background-size":"auto","background-attachment":"scroll","background-type":"","background-media":"","overlay-type":"","overlay-color":"","overlay-opacity":"","overlay-gradient":""}},"ast-content-background-meta":{"desktop":{"background-color":"var(--ast-global-color-4)","background-image":"","background-repeat":"repeat","background-position":"center center","background-size":"auto","background-attachment":"scroll","background-type":"","background-media":"","overlay-type":"","overlay-color":"","overlay-opacity":"","overlay-gradient":""},"tablet":{"background-color":"var(--ast-global-color-4)","background-image":"","background-repeat":"repeat","background-position":"center center","background-size":"auto","background-attachment":"scroll","background-type":"","background-media":"","overlay-type":"","overlay-color":"","overlay-opacity":"","overlay-gradient":""},"mobile":{"background-color":"var(--ast-global-color-4)","background-image":"","background-repeat":"repeat","background-position":"center center","background-size":"auto","background-attachment":"scroll","background-type":"","background-media":"","overlay-type":"","overlay-color":"","overlay-opacity":"","overlay-gradient":""}}},"product_brand":[],"product_cat":[806,133,1527],"product_tag":[4759,5991,5992,5993,5994],"class_list":{"0":"post-30352","1":"product","2":"type-product","3":"status-publish","4":"has-post-thumbnail","6":"product_cat-gianneschi","7":"product_cat-ricambistica","8":"product_cat-kit-per-acb","9":"product_tag-24v-cc","10":"product_tag-acb-331-1-0-9kw","11":"product_tag-gianneschi-kit-ricambi-ridotto","12":"product_tag-kacb33101","13":"product_tag-kit-ricambi-ridotto-per-acb-331","14":"pa_supplier-gianneschi-pumps-and-blowers-s-r-l","15":"desktop-align-left","16":"tablet-align-left","17":"mobile-align-left","19":"first","20":"instock","21":"sale","22":"taxable","23":"shipping-taxable","24":"purchasable","25":"product-type-simple"},"acf":[],"yoast_head":"<!-- This site is optimized with the Yoast SEO Premium plugin v26.7 (Yoast SEO v26.9) - https:\/\/yoast.com\/product\/yoast-seo-premium-wordpress\/ -->\n<title>Kit ricambi ACB331\/1 0.9kW 24V CC \u2013 Ricambi originali<\/title>\n<meta name=\"description\" content=\"Acquista il kit ricambi ACB331\/1 0.9kW 24V CC con guarnizioni, tenute, spazzole e condensatori. Qualit\u00e0 garantita, ordina ora!\" \/>\n<meta name=\"robots\" content=\"index, follow, max-snippet:-1, max-image-preview:large, max-video-preview:-1\" \/>\n<link rel=\"canonical\" href=\"https:\/\/technofluid.it\/fr\/produit\/kit-de-rechange-reduit-pour-acb-3311-0-9-kw-24v-cc-code-kacb33101-gianneschi-pumps-and-blowers\/\" \/>\n<meta property=\"og:locale\" content=\"fr_FR\" \/>\n<meta property=\"og:type\" content=\"article\" \/>\n<meta property=\"og:title\" content=\"Kit ricambi ridotto per ACB 331\/1, 0.9 kW, 24V CC &ndash; codice: KACB33101 &ndash; Gianneschi Pumps and Blowers\" \/>\n<meta property=\"og:description\" content=\"Acquista il kit ricambi ACB331\/1 0.9kW 24V CC con guarnizioni, tenute, spazzole e condensatori. Qualit\u00e0 garantita, ordina ora!\" \/>\n<meta property=\"og:url\" content=\"https:\/\/technofluid.it\/fr\/produit\/kit-de-rechange-reduit-pour-acb-3311-0-9-kw-24v-cc-code-kacb33101-gianneschi-pumps-and-blowers\/\" \/>\n<meta property=\"og:site_name\" content=\"Technofluid\" \/>\n<meta property=\"article:modified_time\" content=\"2026-04-15T09:21:47+00:00\" \/>\n<meta property=\"og:image\" content=\"https:\/\/technofluid.it\/wp-content\/uploads\/2026\/01\/626-Kit-ricambi-ridotto-per-ACB-3311-0.9-kW-24V-CC-codice-KACB33101-Gianneschi-Pumps-and-Blowers.jpg\" \/>\n\t<meta property=\"og:image:width\" content=\"800\" \/>\n\t<meta property=\"og:image:height\" content=\"800\" \/>\n\t<meta property=\"og:image:type\" content=\"image\/jpeg\" \/>\n<meta name=\"twitter:card\" content=\"summary_large_image\" \/>\n<meta name=\"twitter:label1\" content=\"Prix\" \/>\n\t<meta name=\"twitter:data1\" content=\"285,25&nbsp;&euro; Iva esclusa\" \/>\n\t<meta name=\"twitter:label2\" content=\"Disponibilit\u00e9\" \/>\n\t<meta name=\"twitter:data2\" content=\"En stock\" \/>\n<script type=\"application\/ld+json\" class=\"yoast-schema-graph\">{\"@context\":\"https:\/\/schema.org\",\"@graph\":[{\"@type\":\"WebPage\",\"@id\":\"https:\/\/technofluid.it\/prodotto\/kit-ricambi-ridotto-per-acb-3311-0-9-kw-24v-cc-codice-kacb33101-gianneschi-pumps-and-blowers\/\",\"url\":\"https:\/\/technofluid.it\/prodotto\/kit-ricambi-ridotto-per-acb-3311-0-9-kw-24v-cc-codice-kacb33101-gianneschi-pumps-and-blowers\/\",\"name\":\"Kit ricambi ACB331\/1 0.9kW 24V CC \u2013 Ricambi originali\",\"isPartOf\":{\"@id\":\"https:\/\/technofluid.it\/#website\"},\"primaryImageOfPage\":{\"@id\":\"https:\/\/technofluid.it\/prodotto\/kit-ricambi-ridotto-per-acb-3311-0-9-kw-24v-cc-codice-kacb33101-gianneschi-pumps-and-blowers\/#primaryimage\"},\"image\":{\"@id\":\"https:\/\/technofluid.it\/prodotto\/kit-ricambi-ridotto-per-acb-3311-0-9-kw-24v-cc-codice-kacb33101-gianneschi-pumps-and-blowers\/#primaryimage\"},\"thumbnailUrl\":\"https:\/\/technofluid.it\/wp-content\/uploads\/2026\/01\/626-Kit-ricambi-ridotto-per-ACB-3311-0.9-kW-24V-CC-codice-KACB33101-Gianneschi-Pumps-and-Blowers.jpg\",\"datePublished\":\"2025-10-25T00:02:35+00:00\",\"dateModified\":\"2026-04-15T09:21:47+00:00\",\"description\":\"Acquista il kit ricambi ACB331\/1 0.9kW 24V CC con guarnizioni, tenute, spazzole e condensatori. Qualit\u00e0 garantita, ordina ora!\",\"breadcrumb\":{\"@id\":\"https:\/\/technofluid.it\/prodotto\/kit-ricambi-ridotto-per-acb-3311-0-9-kw-24v-cc-codice-kacb33101-gianneschi-pumps-and-blowers\/#breadcrumb\"},\"inLanguage\":\"fr-FR\",\"potentialAction\":[{\"@type\":\"ReadAction\",\"target\":[\"https:\/\/technofluid.it\/prodotto\/kit-ricambi-ridotto-per-acb-3311-0-9-kw-24v-cc-codice-kacb33101-gianneschi-pumps-and-blowers\/\"]}]},{\"@type\":\"ImageObject\",\"inLanguage\":\"fr-FR\",\"@id\":\"https:\/\/technofluid.it\/prodotto\/kit-ricambi-ridotto-per-acb-3311-0-9-kw-24v-cc-codice-kacb33101-gianneschi-pumps-and-blowers\/#primaryimage\",\"url\":\"https:\/\/technofluid.it\/wp-content\/uploads\/2026\/01\/626-Kit-ricambi-ridotto-per-ACB-3311-0.9-kW-24V-CC-codice-KACB33101-Gianneschi-Pumps-and-Blowers.jpg\",\"contentUrl\":\"https:\/\/technofluid.it\/wp-content\/uploads\/2026\/01\/626-Kit-ricambi-ridotto-per-ACB-3311-0.9-kW-24V-CC-codice-KACB33101-Gianneschi-Pumps-and-Blowers.jpg\",\"width\":800,\"height\":800,\"caption\":\"Kit ricambi ridotto per ACB 331\/1, 0.9 kW, 24V CC, con guarnizione interna e altri componenti.\"},{\"@type\":\"BreadcrumbList\",\"@id\":\"https:\/\/technofluid.it\/prodotto\/kit-ricambi-ridotto-per-acb-3311-0-9-kw-24v-cc-codice-kacb33101-gianneschi-pumps-and-blowers\/#breadcrumb\",\"itemListElement\":[{\"@type\":\"ListItem\",\"position\":1,\"name\":\"Home\",\"item\":\"https:\/\/technofluid.it\/\"},{\"@type\":\"ListItem\",\"position\":2,\"name\":\"Shop\",\"item\":\"https:\/\/technofluid.it\/shop\/\"},{\"@type\":\"ListItem\",\"position\":3,\"name\":\"Kit ricambi ridotto per ACB 331\/1, 0.9 kW, 24V CC &ndash; codice: KACB33101 &ndash; Gianneschi Pumps and Blowers\"}]},{\"@type\":\"WebSite\",\"@id\":\"https:\/\/technofluid.it\/#website\",\"url\":\"https:\/\/technofluid.it\/\",\"name\":\"Technofluid S.R.L.\",\"description\":\"Dal 1999 siamo specializzati nell&#039;impiantistica navale, idraulica, civile e industriale\",\"publisher\":{\"@id\":\"https:\/\/technofluid.it\/#organization\"},\"potentialAction\":[{\"@type\":\"SearchAction\",\"target\":{\"@type\":\"EntryPoint\",\"urlTemplate\":\"https:\/\/technofluid.it\/?s={search_term_string}\"},\"query-input\":{\"@type\":\"PropertyValueSpecification\",\"valueRequired\":true,\"valueName\":\"search_term_string\"}}],\"inLanguage\":\"fr-FR\"},{\"@type\":\"Organization\",\"@id\":\"https:\/\/technofluid.it\/#organization\",\"name\":\"Technofluid\",\"url\":\"https:\/\/technofluid.it\/\",\"logo\":{\"@type\":\"ImageObject\",\"inLanguage\":\"fr-FR\",\"@id\":\"https:\/\/technofluid.it\/#\/schema\/logo\/image\/\",\"url\":\"https:\/\/technofluid.it\/wp-content\/uploads\/2025\/12\/technofluid_bianco-logo.webp\",\"contentUrl\":\"https:\/\/technofluid.it\/wp-content\/uploads\/2025\/12\/technofluid_bianco-logo.webp\",\"width\":350,\"height\":116,\"caption\":\"Technofluid\"},\"image\":{\"@id\":\"https:\/\/technofluid.it\/#\/schema\/logo\/image\/\"},\"description\":\"La Technofluid S.r.l. nasce nel 1999 a Barcellona Pozzo di Gotto, in provincia di Messina, con l\u2019obiettivo di diventare un punto di riferimento nel settore dell\u2019impiantistica navale, idraulica, civile e industriale.\",\"email\":\"info@technofluid.it\",\"telephone\":\"0907386877\",\"legalName\":\"Technofluid S.R.L\",\"vatID\":\"IT03148240835\",\"taxID\":\"03148240835\",\"ownershipFundingInfo\":\"https:\/\/technofluid.it\/azienda\/\"}]}<\/script>\n<meta property=\"product:price:amount\" content=\"285.25\" \/>\n<meta property=\"product:price:currency\" content=\"EUR\" \/>\n<meta property=\"og:availability\" content=\"instock\" \/>\n<meta property=\"product:availability\" content=\"instock\" \/>\n<meta property=\"product:retailer_item_id\" content=\"GIA000000472\" \/>\n<meta property=\"product:condition\" content=\"new\" \/>\n<!-- \/ Yoast SEO Premium plugin. -->","yoast_head_json":{"title":"Kit de rechange ACB331\/1 0.9kW 24V CC \u2013 Pi\u00e8ces d'origine","description":"Achetez le kit de pi\u00e8ces d\u00e9tach\u00e9es ACB331\/1 0,9 kW 24V CC avec joints, \u00e9tanch\u00e9it\u00e9s, balais et condensateurs. Qualit\u00e9 garantie, commandez maintenant !","robots":{"index":"index","follow":"follow","max-snippet":"max-snippet:-1","max-image-preview":"max-image-preview:large","max-video-preview":"max-video-preview:-1"},"canonical":"https:\/\/technofluid.it\/fr\/produit\/kit-de-rechange-reduit-pour-acb-3311-0-9-kw-24v-cc-code-kacb33101-gianneschi-pumps-and-blowers\/","og_locale":"fr_FR","og_type":"article","og_title":"Kit ricambi ridotto per ACB 331\/1, 0.9 kW, 24V CC &ndash; codice: KACB33101 &ndash; Gianneschi Pumps and Blowers","og_description":"Acquista il kit ricambi ACB331\/1 0.9kW 24V CC con guarnizioni, tenute, spazzole e condensatori. Qualit\u00e0 garantita, ordina ora!","og_url":"https:\/\/technofluid.it\/fr\/produit\/kit-de-rechange-reduit-pour-acb-3311-0-9-kw-24v-cc-code-kacb33101-gianneschi-pumps-and-blowers\/","og_site_name":"Technofluid","article_modified_time":"2026-04-15T09:21:47+00:00","og_image":[{"width":800,"height":800,"url":"https:\/\/technofluid.it\/wp-content\/uploads\/2026\/01\/626-Kit-ricambi-ridotto-per-ACB-3311-0.9-kW-24V-CC-codice-KACB33101-Gianneschi-Pumps-and-Blowers.jpg","type":"image\/jpeg"}],"twitter_card":"summary_large_image","twitter_misc":{"Prix":"285,25&nbsp;&euro; Iva esclusa","Disponibilit\u00e9":"En stock"},"schema":{"@context":"https:\/\/schema.org","@graph":[{"@type":"WebPage","@id":"https:\/\/technofluid.it\/prodotto\/kit-ricambi-ridotto-per-acb-3311-0-9-kw-24v-cc-codice-kacb33101-gianneschi-pumps-and-blowers\/","url":"https:\/\/technofluid.it\/prodotto\/kit-ricambi-ridotto-per-acb-3311-0-9-kw-24v-cc-codice-kacb33101-gianneschi-pumps-and-blowers\/","name":"Kit de rechange ACB331\/1 0.9kW 24V CC \u2013 Pi\u00e8ces d'origine","isPartOf":{"@id":"https:\/\/technofluid.it\/#website"},"primaryImageOfPage":{"@id":"https:\/\/technofluid.it\/prodotto\/kit-ricambi-ridotto-per-acb-3311-0-9-kw-24v-cc-codice-kacb33101-gianneschi-pumps-and-blowers\/#primaryimage"},"image":{"@id":"https:\/\/technofluid.it\/prodotto\/kit-ricambi-ridotto-per-acb-3311-0-9-kw-24v-cc-codice-kacb33101-gianneschi-pumps-and-blowers\/#primaryimage"},"thumbnailUrl":"https:\/\/technofluid.it\/wp-content\/uploads\/2026\/01\/626-Kit-ricambi-ridotto-per-ACB-3311-0.9-kW-24V-CC-codice-KACB33101-Gianneschi-Pumps-and-Blowers.jpg","datePublished":"2025-10-25T00:02:35+00:00","dateModified":"2026-04-15T09:21:47+00:00","description":"Achetez le kit de pi\u00e8ces d\u00e9tach\u00e9es ACB331\/1 0,9 kW 24V CC avec joints, \u00e9tanch\u00e9it\u00e9s, balais et condensateurs. Qualit\u00e9 garantie, commandez maintenant !","breadcrumb":{"@id":"https:\/\/technofluid.it\/prodotto\/kit-ricambi-ridotto-per-acb-3311-0-9-kw-24v-cc-codice-kacb33101-gianneschi-pumps-and-blowers\/#breadcrumb"},"inLanguage":"fr-FR","potentialAction":[{"@type":"ReadAction","target":["https:\/\/technofluid.it\/prodotto\/kit-ricambi-ridotto-per-acb-3311-0-9-kw-24v-cc-codice-kacb33101-gianneschi-pumps-and-blowers\/"]}]},{"@type":"ImageObject","inLanguage":"fr-FR","@id":"https:\/\/technofluid.it\/prodotto\/kit-ricambi-ridotto-per-acb-3311-0-9-kw-24v-cc-codice-kacb33101-gianneschi-pumps-and-blowers\/#primaryimage","url":"https:\/\/technofluid.it\/wp-content\/uploads\/2026\/01\/626-Kit-ricambi-ridotto-per-ACB-3311-0.9-kW-24V-CC-codice-KACB33101-Gianneschi-Pumps-and-Blowers.jpg","contentUrl":"https:\/\/technofluid.it\/wp-content\/uploads\/2026\/01\/626-Kit-ricambi-ridotto-per-ACB-3311-0.9-kW-24V-CC-codice-KACB33101-Gianneschi-Pumps-and-Blowers.jpg","width":800,"height":800,"caption":"Kit ricambi ridotto per ACB 331\/1, 0.9 kW, 24V CC, con guarnizione interna e altri componenti."},{"@type":"BreadcrumbList","@id":"https:\/\/technofluid.it\/prodotto\/kit-ricambi-ridotto-per-acb-3311-0-9-kw-24v-cc-codice-kacb33101-gianneschi-pumps-and-blowers\/#breadcrumb","itemListElement":[{"@type":"ListItem","position":1,"name":"Home","item":"https:\/\/technofluid.it\/"},{"@type":"ListItem","position":2,"name":"Shop","item":"https:\/\/technofluid.it\/shop\/"},{"@type":"ListItem","position":3,"name":"Kit ricambi ridotto per ACB 331\/1, 0.9 kW, 24V CC &ndash; codice: KACB33101 &ndash; Gianneschi Pumps and Blowers"}]},{"@type":"WebSite","@id":"https:\/\/technofluid.it\/#website","url":"https:\/\/technofluid.it\/","name":"Technofluid S.R.L.","description":"Depuis 1999, nous sommes sp\u00e9cialis\u00e9s dans les installations marines, de plomberie, civiles et industrielles.","publisher":{"@id":"https:\/\/technofluid.it\/#organization"},"potentialAction":[{"@type":"SearchAction","target":{"@type":"EntryPoint","urlTemplate":"https:\/\/technofluid.it\/?s={search_term_string}"},"query-input":{"@type":"PropertyValueSpecification","valueRequired":true,"valueName":"search_term_string"}}],"inLanguage":"fr-FR"},{"@type":"Organization","@id":"https:\/\/technofluid.it\/#organization","name":"Technofluid","url":"https:\/\/technofluid.it\/","logo":{"@type":"ImageObject","inLanguage":"fr-FR","@id":"https:\/\/technofluid.it\/#\/schema\/logo\/image\/","url":"https:\/\/technofluid.it\/wp-content\/uploads\/2025\/12\/technofluid_bianco-logo.webp","contentUrl":"https:\/\/technofluid.it\/wp-content\/uploads\/2025\/12\/technofluid_bianco-logo.webp","width":350,"height":116,"caption":"Technofluid"},"image":{"@id":"https:\/\/technofluid.it\/#\/schema\/logo\/image\/"},"description":"La Technofluid S.r.l. est n\u00e9e en 1999 \u00e0 Barcellona Pozzo di Gotto, dans la province de Messine, avec l'objectif de devenir un point de r\u00e9f\u00e9rence dans le secteur de l'installation navale, hydraulique, civile et industrielle.","email":"info@technofluid.it","telephone":"0907386877","legalName":"Technofluid S.R.L","vatID":"IT03148240835","taxID":"03148240835","ownershipFundingInfo":"https:\/\/technofluid.it\/azienda\/"}]},"product_price_amount":"285.25","product_price_currency":"EUR","og_availability":"instock","product_availability":"instock","product_retailer_item_id":"GIA000000472","product_condition":"new"},"_links":{"self":[{"href":"https:\/\/technofluid.it\/fr\/wp-json\/wp\/v2\/product\/30352","targetHints":{"allow":["GET"]}}],"collection":[{"href":"https:\/\/technofluid.it\/fr\/wp-json\/wp\/v2\/product"}],"about":[{"href":"https:\/\/technofluid.it\/fr\/wp-json\/wp\/v2\/types\/product"}],"replies":[{"embeddable":true,"href":"https:\/\/technofluid.it\/fr\/wp-json\/wp\/v2\/comments?post=30352"}],"version-history":[{"count":2,"href":"https:\/\/technofluid.it\/fr\/wp-json\/wp\/v2\/product\/30352\/revisions"}],"predecessor-version":[{"id":57366,"href":"https:\/\/technofluid.it\/fr\/wp-json\/wp\/v2\/product\/30352\/revisions\/57366"}],"wp:featuredmedia":[{"embeddable":true,"href":"https:\/\/technofluid.it\/fr\/wp-json\/wp\/v2\/media\/39705"}],"wp:attachment":[{"href":"https:\/\/technofluid.it\/fr\/wp-json\/wp\/v2\/media?parent=30352"}],"wp:term":[{"taxonomy":"product_brand","embeddable":true,"href":"https:\/\/technofluid.it\/fr\/wp-json\/wp\/v2\/product_brand?post=30352"},{"taxonomy":"product_cat","embeddable":true,"href":"https:\/\/technofluid.it\/fr\/wp-json\/wp\/v2\/product_cat?post=30352"},{"taxonomy":"product_tag","embeddable":true,"href":"https:\/\/technofluid.it\/fr\/wp-json\/wp\/v2\/product_tag?post=30352"}],"curies":[{"name":"wp","href":"https:\/\/api.w.org\/{rel}","templated":true}]}}