{"id":30302,"date":"2025-10-25T00:02:29","date_gmt":"2025-10-25T00:02:29","guid":{"rendered":"https:\/\/technofluid.it\/prodotto\/kit-ricambi-acb-61-g-24v-cc-codice-kacb6101g-gianneschi-pumps-and-blowers\/"},"modified":"2026-04-15T10:26:43","modified_gmt":"2026-04-15T09:26:43","slug":"kit-ricambi-acb-61-g-24-v-cc-codice-kacb6101g-gianneschi-pumps-and-blowers","status":"publish","type":"product","link":"https:\/\/technofluid.it\/fr\/produit\/kit-de-rechange-acb-61-g-24-v-cc-code-kacb6101g-gianneschi-pumps-and-blowers\/","title":{"rendered":"Kit de pi\u00e8ces d\u00e9tach\u00e9es ACB 61 G, 24 V CC \u2013 code : KACB6101G \u2013 Gianneschi Pumps and Blowers"},"content":{"rendered":"<p>Kit de pi\u00e8ces d\u00e9tach\u00e9es ACB 61 G, 24 V CC \u2013 code : KACB6101G \u2013 Gianneschi Pumps and Blowers<\/p>","protected":false},"excerpt":{"rendered":"<p>KIT RICAMBI ACB: 61 G 24V CC &#8211; CODICE: KACB6101G &#8211; GIANNESCHI PUMPS AND BLOWERS<\/p>","protected":false},"featured_media":39603,"comment_status":"open","ping_status":"closed","template":"","meta":{"_acf_changed":false,"_monsterinsights_skip_tracking":false,"_monsterinsights_sitenote_active":false,"_monsterinsights_sitenote_note":"","_monsterinsights_sitenote_category":0,"site-sidebar-layout":"default","site-content-layout":"","ast-site-content-layout":"default","site-content-style":"default","site-sidebar-style":"default","ast-global-header-display":"","ast-banner-title-visibility":"","ast-main-header-display":"","ast-hfb-above-header-display":"","ast-hfb-below-header-display":"","ast-hfb-mobile-header-display":"","site-post-title":"","ast-breadcrumbs-content":"","ast-featured-img":"","footer-sml-layout":"","ast-disable-related-posts":"","theme-transparent-header-meta":"","adv-header-id-meta":"","stick-header-meta":"","header-above-stick-meta":"","header-main-stick-meta":"","header-below-stick-meta":"","astra-migrate-meta-layouts":"default","ast-page-background-enabled":"default","ast-page-background-meta":{"desktop":{"background-color":"var(--ast-global-color-5)","background-image":"","background-repeat":"repeat","background-position":"center center","background-size":"auto","background-attachment":"scroll","background-type":"","background-media":"","overlay-type":"","overlay-color":"","overlay-opacity":"","overlay-gradient":""},"tablet":{"background-color":"","background-image":"","background-repeat":"repeat","background-position":"center center","background-size":"auto","background-attachment":"scroll","background-type":"","background-media":"","overlay-type":"","overlay-color":"","overlay-opacity":"","overlay-gradient":""},"mobile":{"background-color":"","background-image":"","background-repeat":"repeat","background-position":"center center","background-size":"auto","background-attachment":"scroll","background-type":"","background-media":"","overlay-type":"","overlay-color":"","overlay-opacity":"","overlay-gradient":""}},"ast-content-background-meta":{"desktop":{"background-color":"var(--ast-global-color-4)","background-image":"","background-repeat":"repeat","background-position":"center center","background-size":"auto","background-attachment":"scroll","background-type":"","background-media":"","overlay-type":"","overlay-color":"","overlay-opacity":"","overlay-gradient":""},"tablet":{"background-color":"var(--ast-global-color-4)","background-image":"","background-repeat":"repeat","background-position":"center center","background-size":"auto","background-attachment":"scroll","background-type":"","background-media":"","overlay-type":"","overlay-color":"","overlay-opacity":"","overlay-gradient":""},"mobile":{"background-color":"var(--ast-global-color-4)","background-image":"","background-repeat":"repeat","background-position":"center center","background-size":"auto","background-attachment":"scroll","background-type":"","background-media":"","overlay-type":"","overlay-color":"","overlay-opacity":"","overlay-gradient":""}}},"product_brand":[],"product_cat":[806,133,1527],"product_tag":[5834,5835],"class_list":{"0":"post-30302","1":"product","2":"type-product","3":"status-publish","4":"has-post-thumbnail","6":"product_cat-gianneschi","7":"product_cat-ricambistica","8":"product_cat-kit-per-acb","9":"product_tag-kacb6101g","10":"product_tag-ricambi-acb-61-g-24v-cc","11":"pa_supplier-gianneschi-pumps-and-blowers-s-r-l","12":"desktop-align-left","13":"tablet-align-left","14":"mobile-align-left","16":"first","17":"instock","18":"taxable","19":"shipping-taxable","20":"purchasable","21":"product-type-simple"},"acf":[],"yoast_head":"<!-- This site is optimized with the Yoast SEO Premium plugin v26.7 (Yoast SEO v26.9) - https:\/\/yoast.com\/product\/yoast-seo-premium-wordpress\/ -->\n<title>Kit ricambi ACB 61 G 24V CC \u2013 Ricambi originali Gianneschi<\/title>\n<meta name=\"description\" content=\"Acquista il kit ricambi ACB 61 G 24 V CC originale Gianneschi. Qualit\u00e0 garantita per le tue pompe e soffianti. Scopri di pi\u00f9 ora!\" \/>\n<meta name=\"robots\" content=\"index, follow, max-snippet:-1, max-image-preview:large, max-video-preview:-1\" \/>\n<link rel=\"canonical\" href=\"https:\/\/technofluid.it\/fr\/produit\/kit-de-rechange-acb-61-g-24-v-cc-code-kacb6101g-gianneschi-pumps-and-blowers\/\" \/>\n<meta property=\"og:locale\" content=\"fr_FR\" \/>\n<meta property=\"og:type\" content=\"article\" \/>\n<meta property=\"og:title\" content=\"Kit ricambi ACB 61 G, 24 V CC &ndash; codice: KACB6101G &ndash; Gianneschi Pumps and Blowers\" \/>\n<meta property=\"og:description\" content=\"Acquista il kit ricambi ACB 61 G 24 V CC originale Gianneschi. Qualit\u00e0 garantita per le tue pompe e soffianti. Scopri di pi\u00f9 ora!\" \/>\n<meta property=\"og:url\" content=\"https:\/\/technofluid.it\/fr\/produit\/kit-de-rechange-acb-61-g-24-v-cc-code-kacb6101g-gianneschi-pumps-and-blowers\/\" \/>\n<meta property=\"og:site_name\" content=\"Technofluid\" \/>\n<meta property=\"article:modified_time\" content=\"2026-04-15T09:26:43+00:00\" \/>\n<meta property=\"og:image\" content=\"https:\/\/technofluid.it\/wp-content\/uploads\/2026\/01\/1300-Kit-ricambi-ACB-61-G-24-V-CC-codice-KACB6101G-Gianneschi-Pumps-and-Blowers.jpg\" \/>\n\t<meta property=\"og:image:width\" content=\"700\" \/>\n\t<meta property=\"og:image:height\" content=\"892\" \/>\n\t<meta property=\"og:image:type\" content=\"image\/png\" \/>\n<meta name=\"twitter:card\" content=\"summary_large_image\" \/>\n<meta name=\"twitter:label1\" content=\"Prix\" \/>\n\t<meta name=\"twitter:data1\" content=\"162,01&nbsp;&euro; Iva esclusa\" \/>\n\t<meta name=\"twitter:label2\" content=\"Disponibilit\u00e9\" \/>\n\t<meta name=\"twitter:data2\" content=\"En stock\" \/>\n<script type=\"application\/ld+json\" class=\"yoast-schema-graph\">{\"@context\":\"https:\/\/schema.org\",\"@graph\":[{\"@type\":\"WebPage\",\"@id\":\"https:\/\/technofluid.it\/prodotto\/kit-ricambi-acb-61-g-24-v-cc-codice-kacb6101g-gianneschi-pumps-and-blowers\/\",\"url\":\"https:\/\/technofluid.it\/prodotto\/kit-ricambi-acb-61-g-24-v-cc-codice-kacb6101g-gianneschi-pumps-and-blowers\/\",\"name\":\"Kit ricambi ACB 61 G 24V CC \u2013 Ricambi originali Gianneschi\",\"isPartOf\":{\"@id\":\"https:\/\/technofluid.it\/#website\"},\"primaryImageOfPage\":{\"@id\":\"https:\/\/technofluid.it\/prodotto\/kit-ricambi-acb-61-g-24-v-cc-codice-kacb6101g-gianneschi-pumps-and-blowers\/#primaryimage\"},\"image\":{\"@id\":\"https:\/\/technofluid.it\/prodotto\/kit-ricambi-acb-61-g-24-v-cc-codice-kacb6101g-gianneschi-pumps-and-blowers\/#primaryimage\"},\"thumbnailUrl\":\"https:\/\/technofluid.it\/wp-content\/uploads\/2026\/01\/1300-Kit-ricambi-ACB-61-G-24-V-CC-codice-KACB6101G-Gianneschi-Pumps-and-Blowers.jpg\",\"datePublished\":\"2025-10-25T00:02:29+00:00\",\"dateModified\":\"2026-04-15T09:26:43+00:00\",\"description\":\"Acquista il kit ricambi ACB 61 G 24 V CC originale Gianneschi. Qualit\u00e0 garantita per le tue pompe e soffianti. Scopri di pi\u00f9 ora!\",\"breadcrumb\":{\"@id\":\"https:\/\/technofluid.it\/prodotto\/kit-ricambi-acb-61-g-24-v-cc-codice-kacb6101g-gianneschi-pumps-and-blowers\/#breadcrumb\"},\"inLanguage\":\"fr-FR\",\"potentialAction\":[{\"@type\":\"ReadAction\",\"target\":[\"https:\/\/technofluid.it\/prodotto\/kit-ricambi-acb-61-g-24-v-cc-codice-kacb6101g-gianneschi-pumps-and-blowers\/\"]}]},{\"@type\":\"ImageObject\",\"inLanguage\":\"fr-FR\",\"@id\":\"https:\/\/technofluid.it\/prodotto\/kit-ricambi-acb-61-g-24-v-cc-codice-kacb6101g-gianneschi-pumps-and-blowers\/#primaryimage\",\"url\":\"https:\/\/technofluid.it\/wp-content\/uploads\/2026\/01\/1300-Kit-ricambi-ACB-61-G-24-V-CC-codice-KACB6101G-Gianneschi-Pumps-and-Blowers.jpg\",\"contentUrl\":\"https:\/\/technofluid.it\/wp-content\/uploads\/2026\/01\/1300-Kit-ricambi-ACB-61-G-24-V-CC-codice-KACB6101G-Gianneschi-Pumps-and-Blowers.jpg\",\"width\":700,\"height\":892,\"caption\":\"Particolare del kit ricambi ACB 61 G, 24 V CC, utilizzato in pompe e soffianti industriali.\"},{\"@type\":\"BreadcrumbList\",\"@id\":\"https:\/\/technofluid.it\/prodotto\/kit-ricambi-acb-61-g-24-v-cc-codice-kacb6101g-gianneschi-pumps-and-blowers\/#breadcrumb\",\"itemListElement\":[{\"@type\":\"ListItem\",\"position\":1,\"name\":\"Home\",\"item\":\"https:\/\/technofluid.it\/\"},{\"@type\":\"ListItem\",\"position\":2,\"name\":\"Shop\",\"item\":\"https:\/\/technofluid.it\/shop\/\"},{\"@type\":\"ListItem\",\"position\":3,\"name\":\"Kit ricambi ACB 61 G, 24 V CC &ndash; codice: KACB6101G &ndash; Gianneschi Pumps and Blowers\"}]},{\"@type\":\"WebSite\",\"@id\":\"https:\/\/technofluid.it\/#website\",\"url\":\"https:\/\/technofluid.it\/\",\"name\":\"Technofluid S.R.L.\",\"description\":\"Dal 1999 siamo specializzati nell&#039;impiantistica navale, idraulica, civile e industriale\",\"publisher\":{\"@id\":\"https:\/\/technofluid.it\/#organization\"},\"potentialAction\":[{\"@type\":\"SearchAction\",\"target\":{\"@type\":\"EntryPoint\",\"urlTemplate\":\"https:\/\/technofluid.it\/?s={search_term_string}\"},\"query-input\":{\"@type\":\"PropertyValueSpecification\",\"valueRequired\":true,\"valueName\":\"search_term_string\"}}],\"inLanguage\":\"fr-FR\"},{\"@type\":\"Organization\",\"@id\":\"https:\/\/technofluid.it\/#organization\",\"name\":\"Technofluid\",\"url\":\"https:\/\/technofluid.it\/\",\"logo\":{\"@type\":\"ImageObject\",\"inLanguage\":\"fr-FR\",\"@id\":\"https:\/\/technofluid.it\/#\/schema\/logo\/image\/\",\"url\":\"https:\/\/technofluid.it\/wp-content\/uploads\/2025\/12\/technofluid_bianco-logo.webp\",\"contentUrl\":\"https:\/\/technofluid.it\/wp-content\/uploads\/2025\/12\/technofluid_bianco-logo.webp\",\"width\":350,\"height\":116,\"caption\":\"Technofluid\"},\"image\":{\"@id\":\"https:\/\/technofluid.it\/#\/schema\/logo\/image\/\"},\"description\":\"La Technofluid S.r.l. nasce nel 1999 a Barcellona Pozzo di Gotto, in provincia di Messina, con l\u2019obiettivo di diventare un punto di riferimento nel settore dell\u2019impiantistica navale, idraulica, civile e industriale.\",\"email\":\"info@technofluid.it\",\"telephone\":\"0907386877\",\"legalName\":\"Technofluid S.R.L\",\"vatID\":\"IT03148240835\",\"taxID\":\"03148240835\",\"ownershipFundingInfo\":\"https:\/\/technofluid.it\/azienda\/\"}]}<\/script>\n<meta property=\"product:price:amount\" content=\"162.01\" \/>\n<meta property=\"product:price:currency\" content=\"EUR\" \/>\n<meta property=\"og:availability\" content=\"instock\" \/>\n<meta property=\"product:availability\" content=\"instock\" \/>\n<meta property=\"product:retailer_item_id\" content=\"GIA000000501\" \/>\n<meta property=\"product:condition\" content=\"new\" \/>\n<!-- \/ Yoast SEO Premium plugin. -->","yoast_head_json":{"title":"Kit de rechange ACB 61 G 24V CC \u2013 Pi\u00e8ces d'origine Gianneschi","description":"Achetez le kit de pi\u00e8ces d\u00e9tach\u00e9es ACB 61 G 24 V CC original Gianneschi. Qualit\u00e9 garantie pour vos pompes et soufflantes. D\u00e9couvrez-en plus maintenant !","robots":{"index":"index","follow":"follow","max-snippet":"max-snippet:-1","max-image-preview":"max-image-preview:large","max-video-preview":"max-video-preview:-1"},"canonical":"https:\/\/technofluid.it\/fr\/produit\/kit-de-rechange-acb-61-g-24-v-cc-code-kacb6101g-gianneschi-pumps-and-blowers\/","og_locale":"fr_FR","og_type":"article","og_title":"Kit ricambi ACB 61 G, 24 V CC &ndash; codice: KACB6101G &ndash; Gianneschi Pumps and Blowers","og_description":"Acquista il kit ricambi ACB 61 G 24 V CC originale Gianneschi. Qualit\u00e0 garantita per le tue pompe e soffianti. Scopri di pi\u00f9 ora!","og_url":"https:\/\/technofluid.it\/fr\/produit\/kit-de-rechange-acb-61-g-24-v-cc-code-kacb6101g-gianneschi-pumps-and-blowers\/","og_site_name":"Technofluid","article_modified_time":"2026-04-15T09:26:43+00:00","og_image":[{"width":700,"height":892,"url":"https:\/\/technofluid.it\/wp-content\/uploads\/2026\/01\/1300-Kit-ricambi-ACB-61-G-24-V-CC-codice-KACB6101G-Gianneschi-Pumps-and-Blowers.jpg","type":"image\/png"}],"twitter_card":"summary_large_image","twitter_misc":{"Prix":"162,01&nbsp;&euro; Iva esclusa","Disponibilit\u00e9":"En stock"},"schema":{"@context":"https:\/\/schema.org","@graph":[{"@type":"WebPage","@id":"https:\/\/technofluid.it\/prodotto\/kit-ricambi-acb-61-g-24-v-cc-codice-kacb6101g-gianneschi-pumps-and-blowers\/","url":"https:\/\/technofluid.it\/prodotto\/kit-ricambi-acb-61-g-24-v-cc-codice-kacb6101g-gianneschi-pumps-and-blowers\/","name":"Kit de rechange ACB 61 G 24V CC \u2013 Pi\u00e8ces d'origine Gianneschi","isPartOf":{"@id":"https:\/\/technofluid.it\/#website"},"primaryImageOfPage":{"@id":"https:\/\/technofluid.it\/prodotto\/kit-ricambi-acb-61-g-24-v-cc-codice-kacb6101g-gianneschi-pumps-and-blowers\/#primaryimage"},"image":{"@id":"https:\/\/technofluid.it\/prodotto\/kit-ricambi-acb-61-g-24-v-cc-codice-kacb6101g-gianneschi-pumps-and-blowers\/#primaryimage"},"thumbnailUrl":"https:\/\/technofluid.it\/wp-content\/uploads\/2026\/01\/1300-Kit-ricambi-ACB-61-G-24-V-CC-codice-KACB6101G-Gianneschi-Pumps-and-Blowers.jpg","datePublished":"2025-10-25T00:02:29+00:00","dateModified":"2026-04-15T09:26:43+00:00","description":"Achetez le kit de pi\u00e8ces d\u00e9tach\u00e9es ACB 61 G 24 V CC original Gianneschi. Qualit\u00e9 garantie pour vos pompes et soufflantes. D\u00e9couvrez-en plus maintenant !","breadcrumb":{"@id":"https:\/\/technofluid.it\/prodotto\/kit-ricambi-acb-61-g-24-v-cc-codice-kacb6101g-gianneschi-pumps-and-blowers\/#breadcrumb"},"inLanguage":"fr-FR","potentialAction":[{"@type":"ReadAction","target":["https:\/\/technofluid.it\/prodotto\/kit-ricambi-acb-61-g-24-v-cc-codice-kacb6101g-gianneschi-pumps-and-blowers\/"]}]},{"@type":"ImageObject","inLanguage":"fr-FR","@id":"https:\/\/technofluid.it\/prodotto\/kit-ricambi-acb-61-g-24-v-cc-codice-kacb6101g-gianneschi-pumps-and-blowers\/#primaryimage","url":"https:\/\/technofluid.it\/wp-content\/uploads\/2026\/01\/1300-Kit-ricambi-ACB-61-G-24-V-CC-codice-KACB6101G-Gianneschi-Pumps-and-Blowers.jpg","contentUrl":"https:\/\/technofluid.it\/wp-content\/uploads\/2026\/01\/1300-Kit-ricambi-ACB-61-G-24-V-CC-codice-KACB6101G-Gianneschi-Pumps-and-Blowers.jpg","width":700,"height":892,"caption":"Particolare del kit ricambi ACB 61 G, 24 V CC, utilizzato in pompe e soffianti industriali."},{"@type":"BreadcrumbList","@id":"https:\/\/technofluid.it\/prodotto\/kit-ricambi-acb-61-g-24-v-cc-codice-kacb6101g-gianneschi-pumps-and-blowers\/#breadcrumb","itemListElement":[{"@type":"ListItem","position":1,"name":"Home","item":"https:\/\/technofluid.it\/"},{"@type":"ListItem","position":2,"name":"Shop","item":"https:\/\/technofluid.it\/shop\/"},{"@type":"ListItem","position":3,"name":"Kit ricambi ACB 61 G, 24 V CC &ndash; codice: KACB6101G &ndash; Gianneschi Pumps and Blowers"}]},{"@type":"WebSite","@id":"https:\/\/technofluid.it\/#website","url":"https:\/\/technofluid.it\/","name":"Technofluid S.R.L.","description":"Depuis 1999, nous sommes sp\u00e9cialis\u00e9s dans les installations marines, de plomberie, civiles et industrielles.","publisher":{"@id":"https:\/\/technofluid.it\/#organization"},"potentialAction":[{"@type":"SearchAction","target":{"@type":"EntryPoint","urlTemplate":"https:\/\/technofluid.it\/?s={search_term_string}"},"query-input":{"@type":"PropertyValueSpecification","valueRequired":true,"valueName":"search_term_string"}}],"inLanguage":"fr-FR"},{"@type":"Organization","@id":"https:\/\/technofluid.it\/#organization","name":"Technofluid","url":"https:\/\/technofluid.it\/","logo":{"@type":"ImageObject","inLanguage":"fr-FR","@id":"https:\/\/technofluid.it\/#\/schema\/logo\/image\/","url":"https:\/\/technofluid.it\/wp-content\/uploads\/2025\/12\/technofluid_bianco-logo.webp","contentUrl":"https:\/\/technofluid.it\/wp-content\/uploads\/2025\/12\/technofluid_bianco-logo.webp","width":350,"height":116,"caption":"Technofluid"},"image":{"@id":"https:\/\/technofluid.it\/#\/schema\/logo\/image\/"},"description":"La Technofluid S.r.l. est n\u00e9e en 1999 \u00e0 Barcellona Pozzo di Gotto, dans la province de Messine, avec l'objectif de devenir un point de r\u00e9f\u00e9rence dans le secteur de l'installation navale, hydraulique, civile et industrielle.","email":"info@technofluid.it","telephone":"0907386877","legalName":"Technofluid S.R.L","vatID":"IT03148240835","taxID":"03148240835","ownershipFundingInfo":"https:\/\/technofluid.it\/azienda\/"}]},"product_price_amount":"162.01","product_price_currency":"EUR","og_availability":"instock","product_availability":"instock","product_retailer_item_id":"GIA000000501","product_condition":"new"},"_links":{"self":[{"href":"https:\/\/technofluid.it\/fr\/wp-json\/wp\/v2\/product\/30302","targetHints":{"allow":["GET"]}}],"collection":[{"href":"https:\/\/technofluid.it\/fr\/wp-json\/wp\/v2\/product"}],"about":[{"href":"https:\/\/technofluid.it\/fr\/wp-json\/wp\/v2\/types\/product"}],"replies":[{"embeddable":true,"href":"https:\/\/technofluid.it\/fr\/wp-json\/wp\/v2\/comments?post=30302"}],"version-history":[{"count":1,"href":"https:\/\/technofluid.it\/fr\/wp-json\/wp\/v2\/product\/30302\/revisions"}],"predecessor-version":[{"id":51771,"href":"https:\/\/technofluid.it\/fr\/wp-json\/wp\/v2\/product\/30302\/revisions\/51771"}],"wp:featuredmedia":[{"embeddable":true,"href":"https:\/\/technofluid.it\/fr\/wp-json\/wp\/v2\/media\/39603"}],"wp:attachment":[{"href":"https:\/\/technofluid.it\/fr\/wp-json\/wp\/v2\/media?parent=30302"}],"wp:term":[{"taxonomy":"product_brand","embeddable":true,"href":"https:\/\/technofluid.it\/fr\/wp-json\/wp\/v2\/product_brand?post=30302"},{"taxonomy":"product_cat","embeddable":true,"href":"https:\/\/technofluid.it\/fr\/wp-json\/wp\/v2\/product_cat?post=30302"},{"taxonomy":"product_tag","embeddable":true,"href":"https:\/\/technofluid.it\/fr\/wp-json\/wp\/v2\/product_tag?post=30302"}],"curies":[{"name":"wp","href":"https:\/\/api.w.org\/{rel}","templated":true}]}}