{"id":30295,"date":"2025-10-25T00:02:28","date_gmt":"2025-10-25T00:02:28","guid":{"rendered":"https:\/\/technofluid.it\/prodotto\/kit-pannello-porta-cr65-elegance-teak-codice-sga00137aa-isotherm\/"},"modified":"2026-01-22T15:35:03","modified_gmt":"2026-01-22T15:35:03","slug":"kit-pannello-porta-cr65-elegance-teak-codice-sga00137aa-isotherm","status":"publish","type":"product","link":"https:\/\/technofluid.it\/fr\/produit\/kit-panneau-porte-cr65-elegance-teck-code-sga00137aa-isotherm\/","title":{"rendered":"Kit panneau de porte CR65 \u00e9l\u00e9gance teck \u2013 code : SGA00137AA \u2013 Isotherm"},"content":{"rendered":"<p>KIT PANNEAU PORTE CR65 \u00c9L\u00c9GANCE TECK 500X435 MM<\/p>\n<p>CODE SGA00137AA<\/p>","protected":false},"excerpt":{"rendered":"<p><b><span style=\"vertical-align: inherit;\"><span style=\"vertical-align: inherit;\">Sp\u00e9cifications<\/span><\/span><\/b><\/p>\n<ul>\n<li><span style=\"vertical-align: inherit;\"><span style=\"vertical-align: inherit;\">Num\u00e9ro de mod\u00e8le : SGA00137AA<\/span><\/span><\/li>\n<li><span style=\"vertical-align: inherit;\"><span style=\"vertical-align: inherit;\">Couleur : Teck<\/span><\/span><\/li>\n<li><span style=\"vertical-align: inherit;\"><span style=\"vertical-align: inherit;\">Mat\u00e9riau : Mat\u00e9riaux de haute qualit\u00e9<\/span><\/span><\/li>\n<li><span style=\"vertical-align: inherit;\"><span style=\"vertical-align: inherit;\">Compatibilit\u00e9 : Cruise 65 Elegance version C<\/span><\/span><\/li>\n<\/ul>","protected":false},"featured_media":39588,"comment_status":"open","ping_status":"closed","template":"","meta":{"_acf_changed":false,"_monsterinsights_skip_tracking":false,"_monsterinsights_sitenote_active":false,"_monsterinsights_sitenote_note":"","_monsterinsights_sitenote_category":0,"site-sidebar-layout":"default","site-content-layout":"","ast-site-content-layout":"default","site-content-style":"default","site-sidebar-style":"default","ast-global-header-display":"","ast-banner-title-visibility":"","ast-main-header-display":"","ast-hfb-above-header-display":"","ast-hfb-below-header-display":"","ast-hfb-mobile-header-display":"","site-post-title":"","ast-breadcrumbs-content":"","ast-featured-img":"","footer-sml-layout":"","ast-disable-related-posts":"","theme-transparent-header-meta":"","adv-header-id-meta":"","stick-header-meta":"","header-above-stick-meta":"","header-main-stick-meta":"","header-below-stick-meta":"","astra-migrate-meta-layouts":"default","ast-page-background-enabled":"default","ast-page-background-meta":{"desktop":{"background-color":"var(--ast-global-color-5)","background-image":"","background-repeat":"repeat","background-position":"center center","background-size":"auto","background-attachment":"scroll","background-type":"","background-media":"","overlay-type":"","overlay-color":"","overlay-opacity":"","overlay-gradient":""},"tablet":{"background-color":"","background-image":"","background-repeat":"repeat","background-position":"center center","background-size":"auto","background-attachment":"scroll","background-type":"","background-media":"","overlay-type":"","overlay-color":"","overlay-opacity":"","overlay-gradient":""},"mobile":{"background-color":"","background-image":"","background-repeat":"repeat","background-position":"center center","background-size":"auto","background-attachment":"scroll","background-type":"","background-media":"","overlay-type":"","overlay-color":"","overlay-opacity":"","overlay-gradient":""}},"ast-content-background-meta":{"desktop":{"background-color":"var(--ast-global-color-4)","background-image":"","background-repeat":"repeat","background-position":"center center","background-size":"auto","background-attachment":"scroll","background-type":"","background-media":"","overlay-type":"","overlay-color":"","overlay-opacity":"","overlay-gradient":""},"tablet":{"background-color":"var(--ast-global-color-4)","background-image":"","background-repeat":"repeat","background-position":"center center","background-size":"auto","background-attachment":"scroll","background-type":"","background-media":"","overlay-type":"","overlay-color":"","overlay-opacity":"","overlay-gradient":""},"mobile":{"background-color":"var(--ast-global-color-4)","background-image":"","background-repeat":"repeat","background-position":"center center","background-size":"auto","background-attachment":"scroll","background-type":"","background-media":"","overlay-type":"","overlay-color":"","overlay-opacity":"","overlay-gradient":""}}},"product_brand":[],"product_cat":[133,1519],"product_tag":[5817,5818,5819,5820,5821,5822],"class_list":{"0":"post-30295","1":"product","2":"type-product","3":"status-publish","4":"has-post-thumbnail","6":"product_cat-ricambistica","7":"product_cat-indel-webasto-pannello-porta","8":"product_tag-codice-sga00137aa","9":"product_tag-isotherm-kit-pannello-porta-cr","10":"product_tag-kit-pannello-porta-cr65-elegance","11":"product_tag-pannello","12":"product_tag-porta","13":"product_tag-sga00137aa","14":"pa_supplier-bcool-engineering-srl","15":"desktop-align-left","16":"tablet-align-left","17":"mobile-align-left","19":"first","20":"instock","21":"taxable","22":"shipping-taxable","23":"purchasable","24":"product-type-simple"},"acf":[],"yoast_head":"<!-- This site is optimized with the Yoast SEO Premium plugin v26.7 (Yoast SEO v26.9) - https:\/\/yoast.com\/product\/yoast-seo-premium-wordpress\/ -->\n<title>Kit Pannello Porta CR65 Elegance Teak - Isotherm SGA00137AA<\/title>\n<meta name=\"description\" content=\"Scopri il kit pannello porta CR65 Elegance Teak Isotherm, perfetto per il tuo progetto. Acquista ora il codice SGA00137AA!\" \/>\n<meta name=\"robots\" content=\"index, follow, max-snippet:-1, max-image-preview:large, max-video-preview:-1\" \/>\n<link rel=\"canonical\" href=\"https:\/\/technofluid.it\/fr\/produit\/kit-panneau-porte-cr65-elegance-teck-code-sga00137aa-isotherm\/\" \/>\n<meta property=\"og:locale\" content=\"fr_FR\" \/>\n<meta property=\"og:type\" content=\"article\" \/>\n<meta property=\"og:title\" content=\"Kit pannello porta CR65 elegance teak - codice: SGA00137AA - Isotherm\" \/>\n<meta property=\"og:description\" content=\"Scopri il kit pannello porta CR65 Elegance Teak Isotherm, perfetto per il tuo progetto. Acquista ora il codice SGA00137AA!\" \/>\n<meta property=\"og:url\" content=\"https:\/\/technofluid.it\/fr\/produit\/kit-panneau-porte-cr65-elegance-teck-code-sga00137aa-isotherm\/\" \/>\n<meta property=\"og:site_name\" content=\"Technofluid\" \/>\n<meta property=\"article:modified_time\" content=\"2026-01-22T15:35:03+00:00\" \/>\n<meta property=\"og:image\" content=\"https:\/\/technofluid.it\/wp-content\/uploads\/2026\/01\/459-Kit-pannello-porta-CR65-elegance-teak-codice-SGA00137AA-Isotherm.jpg\" \/>\n\t<meta property=\"og:image:width\" content=\"800\" \/>\n\t<meta property=\"og:image:height\" content=\"800\" \/>\n\t<meta property=\"og:image:type\" content=\"image\/jpeg\" \/>\n<meta name=\"twitter:card\" content=\"summary_large_image\" \/>\n<meta name=\"twitter:label1\" content=\"Prix\" \/>\n\t<meta name=\"twitter:data1\" content=\"60,66&nbsp;&euro; Iva esclusa\" \/>\n\t<meta name=\"twitter:label2\" content=\"Disponibilit\u00e9\" \/>\n\t<meta name=\"twitter:data2\" content=\"En stock\" \/>\n<script type=\"application\/ld+json\" class=\"yoast-schema-graph\">{\"@context\":\"https:\/\/schema.org\",\"@graph\":[{\"@type\":\"WebPage\",\"@id\":\"https:\/\/technofluid.it\/prodotto\/kit-pannello-porta-cr65-elegance-teak-codice-sga00137aa-isotherm\/\",\"url\":\"https:\/\/technofluid.it\/prodotto\/kit-pannello-porta-cr65-elegance-teak-codice-sga00137aa-isotherm\/\",\"name\":\"Kit Pannello Porta CR65 Elegance Teak - Isotherm SGA00137AA\",\"isPartOf\":{\"@id\":\"https:\/\/technofluid.it\/#website\"},\"primaryImageOfPage\":{\"@id\":\"https:\/\/technofluid.it\/prodotto\/kit-pannello-porta-cr65-elegance-teak-codice-sga00137aa-isotherm\/#primaryimage\"},\"image\":{\"@id\":\"https:\/\/technofluid.it\/prodotto\/kit-pannello-porta-cr65-elegance-teak-codice-sga00137aa-isotherm\/#primaryimage\"},\"thumbnailUrl\":\"https:\/\/technofluid.it\/wp-content\/uploads\/2026\/01\/459-Kit-pannello-porta-CR65-elegance-teak-codice-SGA00137AA-Isotherm.jpg\",\"datePublished\":\"2025-10-25T00:02:28+00:00\",\"dateModified\":\"2026-01-22T15:35:03+00:00\",\"description\":\"Scopri il kit pannello porta CR65 Elegance Teak Isotherm, perfetto per il tuo progetto. Acquista ora il codice SGA00137AA!\",\"breadcrumb\":{\"@id\":\"https:\/\/technofluid.it\/prodotto\/kit-pannello-porta-cr65-elegance-teak-codice-sga00137aa-isotherm\/#breadcrumb\"},\"inLanguage\":\"fr-FR\",\"potentialAction\":[{\"@type\":\"ReadAction\",\"target\":[\"https:\/\/technofluid.it\/prodotto\/kit-pannello-porta-cr65-elegance-teak-codice-sga00137aa-isotherm\/\"]}]},{\"@type\":\"ImageObject\",\"inLanguage\":\"fr-FR\",\"@id\":\"https:\/\/technofluid.it\/prodotto\/kit-pannello-porta-cr65-elegance-teak-codice-sga00137aa-isotherm\/#primaryimage\",\"url\":\"https:\/\/technofluid.it\/wp-content\/uploads\/2026\/01\/459-Kit-pannello-porta-CR65-elegance-teak-codice-SGA00137AA-Isotherm.jpg\",\"contentUrl\":\"https:\/\/technofluid.it\/wp-content\/uploads\/2026\/01\/459-Kit-pannello-porta-CR65-elegance-teak-codice-SGA00137AA-Isotherm.jpg\",\"width\":800,\"height\":800,\"caption\":\"Pannello porta in teak CR65 con finitura elegante, ideale per porte di alta qualit\u00e0. Perfetto per ambienti residenziali e commerciali.\"},{\"@type\":\"BreadcrumbList\",\"@id\":\"https:\/\/technofluid.it\/prodotto\/kit-pannello-porta-cr65-elegance-teak-codice-sga00137aa-isotherm\/#breadcrumb\",\"itemListElement\":[{\"@type\":\"ListItem\",\"position\":1,\"name\":\"Home\",\"item\":\"https:\/\/technofluid.it\/\"},{\"@type\":\"ListItem\",\"position\":2,\"name\":\"Shop\",\"item\":\"https:\/\/technofluid.it\/shop\/\"},{\"@type\":\"ListItem\",\"position\":3,\"name\":\"Kit pannello porta CR65 elegance teak &#8211; codice: SGA00137AA &#8211; Isotherm\"}]},{\"@type\":\"WebSite\",\"@id\":\"https:\/\/technofluid.it\/#website\",\"url\":\"https:\/\/technofluid.it\/\",\"name\":\"Technofluid S.R.L.\",\"description\":\"Dal 1999 siamo specializzati nell&#039;impiantistica navale, idraulica, civile e industriale\",\"publisher\":{\"@id\":\"https:\/\/technofluid.it\/#organization\"},\"potentialAction\":[{\"@type\":\"SearchAction\",\"target\":{\"@type\":\"EntryPoint\",\"urlTemplate\":\"https:\/\/technofluid.it\/?s={search_term_string}\"},\"query-input\":{\"@type\":\"PropertyValueSpecification\",\"valueRequired\":true,\"valueName\":\"search_term_string\"}}],\"inLanguage\":\"fr-FR\"},{\"@type\":\"Organization\",\"@id\":\"https:\/\/technofluid.it\/#organization\",\"name\":\"Technofluid\",\"url\":\"https:\/\/technofluid.it\/\",\"logo\":{\"@type\":\"ImageObject\",\"inLanguage\":\"fr-FR\",\"@id\":\"https:\/\/technofluid.it\/#\/schema\/logo\/image\/\",\"url\":\"https:\/\/technofluid.it\/wp-content\/uploads\/2025\/12\/technofluid_bianco-logo.webp\",\"contentUrl\":\"https:\/\/technofluid.it\/wp-content\/uploads\/2025\/12\/technofluid_bianco-logo.webp\",\"width\":350,\"height\":116,\"caption\":\"Technofluid\"},\"image\":{\"@id\":\"https:\/\/technofluid.it\/#\/schema\/logo\/image\/\"},\"description\":\"La Technofluid S.r.l. nasce nel 1999 a Barcellona Pozzo di Gotto, in provincia di Messina, con l\u2019obiettivo di diventare un punto di riferimento nel settore dell\u2019impiantistica navale, idraulica, civile e industriale.\",\"email\":\"info@technofluid.it\",\"telephone\":\"0907386877\",\"legalName\":\"Technofluid S.R.L\",\"vatID\":\"IT03148240835\",\"taxID\":\"03148240835\",\"ownershipFundingInfo\":\"https:\/\/technofluid.it\/azienda\/\"}]}<\/script>\n<meta property=\"product:price:amount\" content=\"60.66\" \/>\n<meta property=\"product:price:currency\" content=\"EUR\" \/>\n<meta property=\"og:availability\" content=\"instock\" \/>\n<meta property=\"product:availability\" content=\"instock\" \/>\n<meta property=\"product:retailer_item_id\" content=\"IND0000000025\" \/>\n<meta property=\"product:condition\" content=\"new\" \/>\n<!-- \/ Yoast SEO Premium plugin. -->","yoast_head_json":{"title":"Kit Panneau Porte CR65 Elegance Teck - Isotherm SGA00137AA","description":"D\u00e9couvrez le kit panneau porte CR65 Elegance Teak Isotherm, parfait pour votre projet. Achetez maintenant le code SGA00137AA !","robots":{"index":"index","follow":"follow","max-snippet":"max-snippet:-1","max-image-preview":"max-image-preview:large","max-video-preview":"max-video-preview:-1"},"canonical":"https:\/\/technofluid.it\/fr\/produit\/kit-panneau-porte-cr65-elegance-teck-code-sga00137aa-isotherm\/","og_locale":"fr_FR","og_type":"article","og_title":"Kit pannello porta CR65 elegance teak - codice: SGA00137AA - Isotherm","og_description":"Scopri il kit pannello porta CR65 Elegance Teak Isotherm, perfetto per il tuo progetto. Acquista ora il codice SGA00137AA!","og_url":"https:\/\/technofluid.it\/fr\/produit\/kit-panneau-porte-cr65-elegance-teck-code-sga00137aa-isotherm\/","og_site_name":"Technofluid","article_modified_time":"2026-01-22T15:35:03+00:00","og_image":[{"width":800,"height":800,"url":"https:\/\/technofluid.it\/wp-content\/uploads\/2026\/01\/459-Kit-pannello-porta-CR65-elegance-teak-codice-SGA00137AA-Isotherm.jpg","type":"image\/jpeg"}],"twitter_card":"summary_large_image","twitter_misc":{"Prix":"60,66&nbsp;&euro; Iva esclusa","Disponibilit\u00e9":"En stock"},"schema":{"@context":"https:\/\/schema.org","@graph":[{"@type":"WebPage","@id":"https:\/\/technofluid.it\/prodotto\/kit-pannello-porta-cr65-elegance-teak-codice-sga00137aa-isotherm\/","url":"https:\/\/technofluid.it\/prodotto\/kit-pannello-porta-cr65-elegance-teak-codice-sga00137aa-isotherm\/","name":"Kit Panneau Porte CR65 Elegance Teck - Isotherm SGA00137AA","isPartOf":{"@id":"https:\/\/technofluid.it\/#website"},"primaryImageOfPage":{"@id":"https:\/\/technofluid.it\/prodotto\/kit-pannello-porta-cr65-elegance-teak-codice-sga00137aa-isotherm\/#primaryimage"},"image":{"@id":"https:\/\/technofluid.it\/prodotto\/kit-pannello-porta-cr65-elegance-teak-codice-sga00137aa-isotherm\/#primaryimage"},"thumbnailUrl":"https:\/\/technofluid.it\/wp-content\/uploads\/2026\/01\/459-Kit-pannello-porta-CR65-elegance-teak-codice-SGA00137AA-Isotherm.jpg","datePublished":"2025-10-25T00:02:28+00:00","dateModified":"2026-01-22T15:35:03+00:00","description":"D\u00e9couvrez le kit panneau porte CR65 Elegance Teak Isotherm, parfait pour votre projet. Achetez maintenant le code SGA00137AA !","breadcrumb":{"@id":"https:\/\/technofluid.it\/prodotto\/kit-pannello-porta-cr65-elegance-teak-codice-sga00137aa-isotherm\/#breadcrumb"},"inLanguage":"fr-FR","potentialAction":[{"@type":"ReadAction","target":["https:\/\/technofluid.it\/prodotto\/kit-pannello-porta-cr65-elegance-teak-codice-sga00137aa-isotherm\/"]}]},{"@type":"ImageObject","inLanguage":"fr-FR","@id":"https:\/\/technofluid.it\/prodotto\/kit-pannello-porta-cr65-elegance-teak-codice-sga00137aa-isotherm\/#primaryimage","url":"https:\/\/technofluid.it\/wp-content\/uploads\/2026\/01\/459-Kit-pannello-porta-CR65-elegance-teak-codice-SGA00137AA-Isotherm.jpg","contentUrl":"https:\/\/technofluid.it\/wp-content\/uploads\/2026\/01\/459-Kit-pannello-porta-CR65-elegance-teak-codice-SGA00137AA-Isotherm.jpg","width":800,"height":800,"caption":"Pannello porta in teak CR65 con finitura elegante, ideale per porte di alta qualit\u00e0. Perfetto per ambienti residenziali e commerciali."},{"@type":"BreadcrumbList","@id":"https:\/\/technofluid.it\/prodotto\/kit-pannello-porta-cr65-elegance-teak-codice-sga00137aa-isotherm\/#breadcrumb","itemListElement":[{"@type":"ListItem","position":1,"name":"Home","item":"https:\/\/technofluid.it\/"},{"@type":"ListItem","position":2,"name":"Shop","item":"https:\/\/technofluid.it\/shop\/"},{"@type":"ListItem","position":3,"name":"Kit pannello porta CR65 elegance teak &#8211; codice: SGA00137AA &#8211; Isotherm"}]},{"@type":"WebSite","@id":"https:\/\/technofluid.it\/#website","url":"https:\/\/technofluid.it\/","name":"Technofluid S.R.L.","description":"Depuis 1999, nous sommes sp\u00e9cialis\u00e9s dans les installations marines, de plomberie, civiles et industrielles.","publisher":{"@id":"https:\/\/technofluid.it\/#organization"},"potentialAction":[{"@type":"SearchAction","target":{"@type":"EntryPoint","urlTemplate":"https:\/\/technofluid.it\/?s={search_term_string}"},"query-input":{"@type":"PropertyValueSpecification","valueRequired":true,"valueName":"search_term_string"}}],"inLanguage":"fr-FR"},{"@type":"Organization","@id":"https:\/\/technofluid.it\/#organization","name":"Technofluid","url":"https:\/\/technofluid.it\/","logo":{"@type":"ImageObject","inLanguage":"fr-FR","@id":"https:\/\/technofluid.it\/#\/schema\/logo\/image\/","url":"https:\/\/technofluid.it\/wp-content\/uploads\/2025\/12\/technofluid_bianco-logo.webp","contentUrl":"https:\/\/technofluid.it\/wp-content\/uploads\/2025\/12\/technofluid_bianco-logo.webp","width":350,"height":116,"caption":"Technofluid"},"image":{"@id":"https:\/\/technofluid.it\/#\/schema\/logo\/image\/"},"description":"La Technofluid S.r.l. est n\u00e9e en 1999 \u00e0 Barcellona Pozzo di Gotto, dans la province de Messine, avec l'objectif de devenir un point de r\u00e9f\u00e9rence dans le secteur de l'installation navale, hydraulique, civile et industrielle.","email":"info@technofluid.it","telephone":"0907386877","legalName":"Technofluid S.R.L","vatID":"IT03148240835","taxID":"03148240835","ownershipFundingInfo":"https:\/\/technofluid.it\/azienda\/"}]},"product_price_amount":"60.66","product_price_currency":"EUR","og_availability":"instock","product_availability":"instock","product_retailer_item_id":"IND0000000025","product_condition":"new"},"_links":{"self":[{"href":"https:\/\/technofluid.it\/fr\/wp-json\/wp\/v2\/product\/30295","targetHints":{"allow":["GET"]}}],"collection":[{"href":"https:\/\/technofluid.it\/fr\/wp-json\/wp\/v2\/product"}],"about":[{"href":"https:\/\/technofluid.it\/fr\/wp-json\/wp\/v2\/types\/product"}],"replies":[{"embeddable":true,"href":"https:\/\/technofluid.it\/fr\/wp-json\/wp\/v2\/comments?post=30295"}],"version-history":[{"count":0,"href":"https:\/\/technofluid.it\/fr\/wp-json\/wp\/v2\/product\/30295\/revisions"}],"wp:featuredmedia":[{"embeddable":true,"href":"https:\/\/technofluid.it\/fr\/wp-json\/wp\/v2\/media\/39588"}],"wp:attachment":[{"href":"https:\/\/technofluid.it\/fr\/wp-json\/wp\/v2\/media?parent=30295"}],"wp:term":[{"taxonomy":"product_brand","embeddable":true,"href":"https:\/\/technofluid.it\/fr\/wp-json\/wp\/v2\/product_brand?post=30295"},{"taxonomy":"product_cat","embeddable":true,"href":"https:\/\/technofluid.it\/fr\/wp-json\/wp\/v2\/product_cat?post=30295"},{"taxonomy":"product_tag","embeddable":true,"href":"https:\/\/technofluid.it\/fr\/wp-json\/wp\/v2\/product_tag?post=30295"}],"curies":[{"name":"wp","href":"https:\/\/api.w.org\/{rel}","templated":true}]}}