{"id":30255,"date":"2025-10-25T00:02:24","date_gmt":"2025-10-25T00:02:24","guid":{"rendered":"https:\/\/technofluid.it\/prodotto\/inverter-12-500-230v-50-hz-codice-02-80-10502-mastervolt\/"},"modified":"2026-04-15T11:04:35","modified_gmt":"2026-04-15T10:04:35","slug":"inverter-12500-230v-50hz-codice-02-80-10502-mastervolt","status":"publish","type":"product","link":"https:\/\/technofluid.it\/fr\/produit\/onduleur-12500-230v-50hz-code-02-80-10502-mastervolt-2\/","title":{"rendered":"Onduleur 12\/500 \u2013 230 V 50 Hz \u2013 code : 02-80-10502 \u2013 Mastervolt"},"content":{"rendered":"<p><b>Sp\u00e9cifications g\u00e9n\u00e9rales<br \/>\n<\/b><\/p>\n<p>&nbsp;<\/p>\n<p>Tension de sortie 230 V \u2013 50 Hz (\u00b1 0,1%)<\/p>\n<p>Forme d\u2019onde de sortie sinuso\u00efdale pure<\/p>\n<p>Tension nominale batterie 12 V<\/p>\n<p>Capacit\u00e9 de batterie recommand\u00e9e = 100 Ah<\/p>\n<p>Puissance continue \u00e0 25 \u00b0C \/ 77 \u00b0F, cos phi 1 500 W<\/p>\n<p>Puissance continue \u00e0 40 \u00b0C \/ 104 \u00b0F, cos phi 1 400 W<\/p>\n<p>Puissance de cr\u00eate (5 s) 800 W<\/p>\n<p>Connexion AC universelle<br \/>\nIsolation galvanique oui<\/p>\n<p>Efficacit\u00e9 90 %<\/p>\n<p>Affichage\/lecture d\u2019affichage \u00e0 LED<br \/>\nAlarmes 4 modes d\u2019alarme<\/p>\n<p>&nbsp;<\/p>\n<p><b>Dimensions<\/b>210 x 130 x 60 mm 8,3 x 5,1 x 2,4 pouces<\/p>\n<p><b>Poids<\/b> 1,22 kg 2,7 livres<\/p>\n<p><b>Certifications <\/b>CE, E-mark, ABYC A-31<\/p>","protected":false},"excerpt":{"rendered":"<p>Onduleur 12\/500<\/p>","protected":false},"featured_media":39487,"comment_status":"open","ping_status":"closed","template":"","meta":{"_acf_changed":false,"_monsterinsights_skip_tracking":false,"_monsterinsights_sitenote_active":false,"_monsterinsights_sitenote_note":"","_monsterinsights_sitenote_category":0,"site-sidebar-layout":"default","site-content-layout":"","ast-site-content-layout":"default","site-content-style":"default","site-sidebar-style":"default","ast-global-header-display":"","ast-banner-title-visibility":"","ast-main-header-display":"","ast-hfb-above-header-display":"","ast-hfb-below-header-display":"","ast-hfb-mobile-header-display":"","site-post-title":"","ast-breadcrumbs-content":"","ast-featured-img":"","footer-sml-layout":"","ast-disable-related-posts":"","theme-transparent-header-meta":"","adv-header-id-meta":"","stick-header-meta":"","header-above-stick-meta":"","header-main-stick-meta":"","header-below-stick-meta":"","astra-migrate-meta-layouts":"default","ast-page-background-enabled":"default","ast-page-background-meta":{"desktop":{"background-color":"var(--ast-global-color-5)","background-image":"","background-repeat":"repeat","background-position":"center center","background-size":"auto","background-attachment":"scroll","background-type":"","background-media":"","overlay-type":"","overlay-color":"","overlay-opacity":"","overlay-gradient":""},"tablet":{"background-color":"","background-image":"","background-repeat":"repeat","background-position":"center center","background-size":"auto","background-attachment":"scroll","background-type":"","background-media":"","overlay-type":"","overlay-color":"","overlay-opacity":"","overlay-gradient":""},"mobile":{"background-color":"","background-image":"","background-repeat":"repeat","background-position":"center center","background-size":"auto","background-attachment":"scroll","background-type":"","background-media":"","overlay-type":"","overlay-color":"","overlay-opacity":"","overlay-gradient":""}},"ast-content-background-meta":{"desktop":{"background-color":"var(--ast-global-color-4)","background-image":"","background-repeat":"repeat","background-position":"center center","background-size":"auto","background-attachment":"scroll","background-type":"","background-media":"","overlay-type":"","overlay-color":"","overlay-opacity":"","overlay-gradient":""},"tablet":{"background-color":"var(--ast-global-color-4)","background-image":"","background-repeat":"repeat","background-position":"center center","background-size":"auto","background-attachment":"scroll","background-type":"","background-media":"","overlay-type":"","overlay-color":"","overlay-opacity":"","overlay-gradient":""},"mobile":{"background-color":"var(--ast-global-color-4)","background-image":"","background-repeat":"repeat","background-position":"center center","background-size":"auto","background-attachment":"scroll","background-type":"","background-media":"","overlay-type":"","overlay-color":"","overlay-opacity":"","overlay-gradient":""}}},"product_brand":[],"product_cat":[74,351],"product_tag":[5735],"class_list":{"0":"post-30255","1":"product","2":"type-product","3":"status-publish","4":"has-post-thumbnail","6":"product_cat-elettricita-strumentazione","7":"product_cat-inverter-e-caricabatteria","8":"product_tag-inverter-barca","9":"pa_supplier-power-group-srl","10":"desktop-align-left","11":"tablet-align-left","12":"mobile-align-left","14":"first","15":"instock","16":"taxable","17":"shipping-taxable","18":"purchasable","19":"product-type-simple"},"acf":[],"yoast_head":"<!-- This site is optimized with the Yoast SEO Premium plugin v26.7 (Yoast SEO v26.9) - https:\/\/yoast.com\/product\/yoast-seo-premium-wordpress\/ -->\n<title>Inverter 12V 500W Mastervolt: Potenza e Efficienza Garantita<\/title>\n<meta name=\"description\" content=\"Scopri l&#039;inverter 12V 500W Mastervolt con onda sinusoidale pura, alta efficienza e display LED. Acquista ora per performance affidabili!\" \/>\n<meta name=\"robots\" content=\"index, follow, max-snippet:-1, max-image-preview:large, max-video-preview:-1\" \/>\n<link rel=\"canonical\" href=\"https:\/\/technofluid.it\/fr\/produit\/onduleur-12500-230v-50hz-code-02-80-10502-mastervolt-2\/\" \/>\n<meta property=\"og:locale\" content=\"fr_FR\" \/>\n<meta property=\"og:type\" content=\"article\" \/>\n<meta property=\"og:title\" content=\"Inverter 12\/500 &ndash; 230&nbsp;V 50&nbsp;Hz &ndash; codice: 02-80-10502 &ndash; Mastervolt\" \/>\n<meta property=\"og:description\" content=\"Scopri l&#039;inverter 12V 500W Mastervolt con onda sinusoidale pura, alta efficienza e display LED. Acquista ora per performance affidabili!\" \/>\n<meta property=\"og:url\" content=\"https:\/\/technofluid.it\/fr\/produit\/onduleur-12500-230v-50hz-code-02-80-10502-mastervolt-2\/\" \/>\n<meta property=\"og:site_name\" content=\"Technofluid\" \/>\n<meta property=\"article:modified_time\" content=\"2026-04-15T10:04:35+00:00\" \/>\n<meta property=\"og:image\" content=\"https:\/\/technofluid.it\/wp-content\/uploads\/2026\/01\/120-INVERTER-12500-230V-50-HZ-CODICE-02-80-10502-MASTERVOLT.jpg\" \/>\n\t<meta property=\"og:image:width\" content=\"800\" \/>\n\t<meta property=\"og:image:height\" content=\"800\" \/>\n\t<meta property=\"og:image:type\" content=\"image\/jpeg\" \/>\n<meta name=\"twitter:card\" content=\"summary_large_image\" \/>\n<meta name=\"twitter:label1\" content=\"Prix\" \/>\n\t<meta name=\"twitter:data1\" content=\"445,00&nbsp;&euro; Iva esclusa\" \/>\n\t<meta name=\"twitter:label2\" content=\"Disponibilit\u00e9\" \/>\n\t<meta name=\"twitter:data2\" content=\"En stock\" \/>\n<script type=\"application\/ld+json\" class=\"yoast-schema-graph\">{\"@context\":\"https:\/\/schema.org\",\"@graph\":[{\"@type\":\"WebPage\",\"@id\":\"https:\/\/technofluid.it\/prodotto\/inverter-12500-230v-50hz-codice-02-80-10502-mastervolt\/\",\"url\":\"https:\/\/technofluid.it\/prodotto\/inverter-12500-230v-50hz-codice-02-80-10502-mastervolt\/\",\"name\":\"Inverter 12V 500W Mastervolt: Potenza e Efficienza Garantita\",\"isPartOf\":{\"@id\":\"https:\/\/technofluid.it\/#website\"},\"primaryImageOfPage\":{\"@id\":\"https:\/\/technofluid.it\/prodotto\/inverter-12500-230v-50hz-codice-02-80-10502-mastervolt\/#primaryimage\"},\"image\":{\"@id\":\"https:\/\/technofluid.it\/prodotto\/inverter-12500-230v-50hz-codice-02-80-10502-mastervolt\/#primaryimage\"},\"thumbnailUrl\":\"https:\/\/technofluid.it\/wp-content\/uploads\/2026\/01\/120-INVERTER-12500-230V-50-HZ-CODICE-02-80-10502-MASTERVOLT.jpg\",\"datePublished\":\"2025-10-25T00:02:24+00:00\",\"dateModified\":\"2026-04-15T10:04:35+00:00\",\"description\":\"Scopri l'inverter 12V 500W Mastervolt con onda sinusoidale pura, alta efficienza e display LED. Acquista ora per performance affidabili!\",\"breadcrumb\":{\"@id\":\"https:\/\/technofluid.it\/prodotto\/inverter-12500-230v-50hz-codice-02-80-10502-mastervolt\/#breadcrumb\"},\"inLanguage\":\"fr-FR\",\"potentialAction\":[{\"@type\":\"ReadAction\",\"target\":[\"https:\/\/technofluid.it\/prodotto\/inverter-12500-230v-50hz-codice-02-80-10502-mastervolt\/\"]}]},{\"@type\":\"ImageObject\",\"inLanguage\":\"fr-FR\",\"@id\":\"https:\/\/technofluid.it\/prodotto\/inverter-12500-230v-50hz-codice-02-80-10502-mastervolt\/#primaryimage\",\"url\":\"https:\/\/technofluid.it\/wp-content\/uploads\/2026\/01\/120-INVERTER-12500-230V-50-HZ-CODICE-02-80-10502-MASTERVOLT.jpg\",\"contentUrl\":\"https:\/\/technofluid.it\/wp-content\/uploads\/2026\/01\/120-INVERTER-12500-230V-50-HZ-CODICE-02-80-10502-MASTERVOLT.jpg\",\"width\":800,\"height\":800,\"caption\":\"Inverter 12\/500 Mastervolt, codice: 02-80-10502, ideale per sistemi di energia 230V 50Hz.\"},{\"@type\":\"BreadcrumbList\",\"@id\":\"https:\/\/technofluid.it\/prodotto\/inverter-12500-230v-50hz-codice-02-80-10502-mastervolt\/#breadcrumb\",\"itemListElement\":[{\"@type\":\"ListItem\",\"position\":1,\"name\":\"Home\",\"item\":\"https:\/\/technofluid.it\/\"},{\"@type\":\"ListItem\",\"position\":2,\"name\":\"Shop\",\"item\":\"https:\/\/technofluid.it\/shop\/\"},{\"@type\":\"ListItem\",\"position\":3,\"name\":\"Inverter 12\/500 &ndash; 230&nbsp;V 50&nbsp;Hz &ndash; codice: 02-80-10502 &ndash; Mastervolt\"}]},{\"@type\":\"WebSite\",\"@id\":\"https:\/\/technofluid.it\/#website\",\"url\":\"https:\/\/technofluid.it\/\",\"name\":\"Technofluid S.R.L.\",\"description\":\"Dal 1999 siamo specializzati nell&#039;impiantistica navale, idraulica, civile e industriale\",\"publisher\":{\"@id\":\"https:\/\/technofluid.it\/#organization\"},\"potentialAction\":[{\"@type\":\"SearchAction\",\"target\":{\"@type\":\"EntryPoint\",\"urlTemplate\":\"https:\/\/technofluid.it\/?s={search_term_string}\"},\"query-input\":{\"@type\":\"PropertyValueSpecification\",\"valueRequired\":true,\"valueName\":\"search_term_string\"}}],\"inLanguage\":\"fr-FR\"},{\"@type\":\"Organization\",\"@id\":\"https:\/\/technofluid.it\/#organization\",\"name\":\"Technofluid\",\"url\":\"https:\/\/technofluid.it\/\",\"logo\":{\"@type\":\"ImageObject\",\"inLanguage\":\"fr-FR\",\"@id\":\"https:\/\/technofluid.it\/#\/schema\/logo\/image\/\",\"url\":\"https:\/\/technofluid.it\/wp-content\/uploads\/2025\/12\/technofluid_bianco-logo.webp\",\"contentUrl\":\"https:\/\/technofluid.it\/wp-content\/uploads\/2025\/12\/technofluid_bianco-logo.webp\",\"width\":350,\"height\":116,\"caption\":\"Technofluid\"},\"image\":{\"@id\":\"https:\/\/technofluid.it\/#\/schema\/logo\/image\/\"},\"description\":\"La Technofluid S.r.l. nasce nel 1999 a Barcellona Pozzo di Gotto, in provincia di Messina, con l\u2019obiettivo di diventare un punto di riferimento nel settore dell\u2019impiantistica navale, idraulica, civile e industriale.\",\"email\":\"info@technofluid.it\",\"telephone\":\"0907386877\",\"legalName\":\"Technofluid S.R.L\",\"vatID\":\"IT03148240835\",\"taxID\":\"03148240835\",\"ownershipFundingInfo\":\"https:\/\/technofluid.it\/azienda\/\"}]}<\/script>\n<meta property=\"product:price:amount\" content=\"445.00\" \/>\n<meta property=\"product:price:currency\" content=\"EUR\" \/>\n<meta property=\"og:availability\" content=\"instock\" \/>\n<meta property=\"product:availability\" content=\"instock\" \/>\n<meta property=\"product:retailer_item_id\" content=\"MAST00000002\" \/>\n<meta property=\"product:condition\" content=\"new\" \/>\n<!-- \/ Yoast SEO Premium plugin. -->","yoast_head_json":{"title":"Onduleur 12V 500W Mastervolt : Puissance et Efficacit\u00e9 Garantie","description":"D\u00e9couvrez l'onduleur 12V 500W Mastervolt avec onde sinuso\u00efdale pure, haute efficacit\u00e9 et \u00e9cran LED. Achetez maintenant pour des performances fiables !","robots":{"index":"index","follow":"follow","max-snippet":"max-snippet:-1","max-image-preview":"max-image-preview:large","max-video-preview":"max-video-preview:-1"},"canonical":"https:\/\/technofluid.it\/fr\/produit\/onduleur-12500-230v-50hz-code-02-80-10502-mastervolt-2\/","og_locale":"fr_FR","og_type":"article","og_title":"Inverter 12\/500 &ndash; 230&nbsp;V 50&nbsp;Hz &ndash; codice: 02-80-10502 &ndash; Mastervolt","og_description":"Scopri l'inverter 12V 500W Mastervolt con onda sinusoidale pura, alta efficienza e display LED. Acquista ora per performance affidabili!","og_url":"https:\/\/technofluid.it\/fr\/produit\/onduleur-12500-230v-50hz-code-02-80-10502-mastervolt-2\/","og_site_name":"Technofluid","article_modified_time":"2026-04-15T10:04:35+00:00","og_image":[{"width":800,"height":800,"url":"https:\/\/technofluid.it\/wp-content\/uploads\/2026\/01\/120-INVERTER-12500-230V-50-HZ-CODICE-02-80-10502-MASTERVOLT.jpg","type":"image\/jpeg"}],"twitter_card":"summary_large_image","twitter_misc":{"Prix":"445,00&nbsp;&euro; Iva esclusa","Disponibilit\u00e9":"En stock"},"schema":{"@context":"https:\/\/schema.org","@graph":[{"@type":"WebPage","@id":"https:\/\/technofluid.it\/prodotto\/inverter-12500-230v-50hz-codice-02-80-10502-mastervolt\/","url":"https:\/\/technofluid.it\/prodotto\/inverter-12500-230v-50hz-codice-02-80-10502-mastervolt\/","name":"Onduleur 12V 500W Mastervolt : Puissance et Efficacit\u00e9 Garantie","isPartOf":{"@id":"https:\/\/technofluid.it\/#website"},"primaryImageOfPage":{"@id":"https:\/\/technofluid.it\/prodotto\/inverter-12500-230v-50hz-codice-02-80-10502-mastervolt\/#primaryimage"},"image":{"@id":"https:\/\/technofluid.it\/prodotto\/inverter-12500-230v-50hz-codice-02-80-10502-mastervolt\/#primaryimage"},"thumbnailUrl":"https:\/\/technofluid.it\/wp-content\/uploads\/2026\/01\/120-INVERTER-12500-230V-50-HZ-CODICE-02-80-10502-MASTERVOLT.jpg","datePublished":"2025-10-25T00:02:24+00:00","dateModified":"2026-04-15T10:04:35+00:00","description":"D\u00e9couvrez l'onduleur 12V 500W Mastervolt avec onde sinuso\u00efdale pure, haute efficacit\u00e9 et \u00e9cran LED. Achetez maintenant pour des performances fiables !","breadcrumb":{"@id":"https:\/\/technofluid.it\/prodotto\/inverter-12500-230v-50hz-codice-02-80-10502-mastervolt\/#breadcrumb"},"inLanguage":"fr-FR","potentialAction":[{"@type":"ReadAction","target":["https:\/\/technofluid.it\/prodotto\/inverter-12500-230v-50hz-codice-02-80-10502-mastervolt\/"]}]},{"@type":"ImageObject","inLanguage":"fr-FR","@id":"https:\/\/technofluid.it\/prodotto\/inverter-12500-230v-50hz-codice-02-80-10502-mastervolt\/#primaryimage","url":"https:\/\/technofluid.it\/wp-content\/uploads\/2026\/01\/120-INVERTER-12500-230V-50-HZ-CODICE-02-80-10502-MASTERVOLT.jpg","contentUrl":"https:\/\/technofluid.it\/wp-content\/uploads\/2026\/01\/120-INVERTER-12500-230V-50-HZ-CODICE-02-80-10502-MASTERVOLT.jpg","width":800,"height":800,"caption":"Inverter 12\/500 Mastervolt, codice: 02-80-10502, ideale per sistemi di energia 230V 50Hz."},{"@type":"BreadcrumbList","@id":"https:\/\/technofluid.it\/prodotto\/inverter-12500-230v-50hz-codice-02-80-10502-mastervolt\/#breadcrumb","itemListElement":[{"@type":"ListItem","position":1,"name":"Home","item":"https:\/\/technofluid.it\/"},{"@type":"ListItem","position":2,"name":"Shop","item":"https:\/\/technofluid.it\/shop\/"},{"@type":"ListItem","position":3,"name":"Inverter 12\/500 &ndash; 230&nbsp;V 50&nbsp;Hz &ndash; codice: 02-80-10502 &ndash; Mastervolt"}]},{"@type":"WebSite","@id":"https:\/\/technofluid.it\/#website","url":"https:\/\/technofluid.it\/","name":"Technofluid S.R.L.","description":"Depuis 1999, nous sommes sp\u00e9cialis\u00e9s dans les installations marines, de plomberie, civiles et industrielles.","publisher":{"@id":"https:\/\/technofluid.it\/#organization"},"potentialAction":[{"@type":"SearchAction","target":{"@type":"EntryPoint","urlTemplate":"https:\/\/technofluid.it\/?s={search_term_string}"},"query-input":{"@type":"PropertyValueSpecification","valueRequired":true,"valueName":"search_term_string"}}],"inLanguage":"fr-FR"},{"@type":"Organization","@id":"https:\/\/technofluid.it\/#organization","name":"Technofluid","url":"https:\/\/technofluid.it\/","logo":{"@type":"ImageObject","inLanguage":"fr-FR","@id":"https:\/\/technofluid.it\/#\/schema\/logo\/image\/","url":"https:\/\/technofluid.it\/wp-content\/uploads\/2025\/12\/technofluid_bianco-logo.webp","contentUrl":"https:\/\/technofluid.it\/wp-content\/uploads\/2025\/12\/technofluid_bianco-logo.webp","width":350,"height":116,"caption":"Technofluid"},"image":{"@id":"https:\/\/technofluid.it\/#\/schema\/logo\/image\/"},"description":"La Technofluid S.r.l. est n\u00e9e en 1999 \u00e0 Barcellona Pozzo di Gotto, dans la province de Messine, avec l'objectif de devenir un point de r\u00e9f\u00e9rence dans le secteur de l'installation navale, hydraulique, civile et industrielle.","email":"info@technofluid.it","telephone":"0907386877","legalName":"Technofluid S.R.L","vatID":"IT03148240835","taxID":"03148240835","ownershipFundingInfo":"https:\/\/technofluid.it\/azienda\/"}]},"product_price_amount":"445.00","product_price_currency":"EUR","og_availability":"instock","product_availability":"instock","product_retailer_item_id":"MAST00000002","product_condition":"new"},"_links":{"self":[{"href":"https:\/\/technofluid.it\/fr\/wp-json\/wp\/v2\/product\/30255","targetHints":{"allow":["GET"]}}],"collection":[{"href":"https:\/\/technofluid.it\/fr\/wp-json\/wp\/v2\/product"}],"about":[{"href":"https:\/\/technofluid.it\/fr\/wp-json\/wp\/v2\/types\/product"}],"replies":[{"embeddable":true,"href":"https:\/\/technofluid.it\/fr\/wp-json\/wp\/v2\/comments?post=30255"}],"version-history":[{"count":0,"href":"https:\/\/technofluid.it\/fr\/wp-json\/wp\/v2\/product\/30255\/revisions"}],"wp:featuredmedia":[{"embeddable":true,"href":"https:\/\/technofluid.it\/fr\/wp-json\/wp\/v2\/media\/39487"}],"wp:attachment":[{"href":"https:\/\/technofluid.it\/fr\/wp-json\/wp\/v2\/media?parent=30255"}],"wp:term":[{"taxonomy":"product_brand","embeddable":true,"href":"https:\/\/technofluid.it\/fr\/wp-json\/wp\/v2\/product_brand?post=30255"},{"taxonomy":"product_cat","embeddable":true,"href":"https:\/\/technofluid.it\/fr\/wp-json\/wp\/v2\/product_cat?post=30255"},{"taxonomy":"product_tag","embeddable":true,"href":"https:\/\/technofluid.it\/fr\/wp-json\/wp\/v2\/product_tag?post=30255"}],"curies":[{"name":"wp","href":"https:\/\/api.w.org\/{rel}","templated":true}]}}