{"id":30209,"date":"2025-10-25T00:02:19","date_gmt":"2025-10-25T00:02:19","guid":{"rendered":"https:\/\/technofluid.it\/prodotto\/hrc1002-pulsantiera-stagna-2-vie-codice-fphrc1002000c00-quick\/"},"modified":"2026-04-15T09:38:07","modified_gmt":"2026-04-15T08:38:07","slug":"pulsantiera-stagna-2-vie-hrc-1002-codice-fphrc1002000c00-quick","status":"publish","type":"product","link":"https:\/\/technofluid.it\/fr\/produit\/pupitre-etanche-2-voies-hrc-1002-code-fphrc1002000c00-rapide-2\/","title":{"rendered":"Bo\u00eetier \u00e9tanche 2 voies HRC 1002 \u2013 code : FPHRC1002000C00 \u2013 Quick"},"content":{"rendered":"<p>Bo\u00eetier \u00e9tanche 2 voies HRC 1002 \u2013 code : FPHRC1002000C00 \u2013 Quick<\/p>","protected":false},"excerpt":{"rendered":"<p>HRC1002 PULSANTIERA STAGNA 2 VIE &#8211; CODICE: FPHRC1002000C00 &#8211; QUICK<\/p>","protected":false},"featured_media":39362,"comment_status":"open","ping_status":"closed","template":"","meta":{"_acf_changed":false,"_monsterinsights_skip_tracking":false,"_monsterinsights_sitenote_active":false,"_monsterinsights_sitenote_note":"","_monsterinsights_sitenote_category":0,"site-sidebar-layout":"default","site-content-layout":"","ast-site-content-layout":"default","site-content-style":"default","site-sidebar-style":"default","ast-global-header-display":"","ast-banner-title-visibility":"","ast-main-header-display":"","ast-hfb-above-header-display":"","ast-hfb-below-header-display":"","ast-hfb-mobile-header-display":"","site-post-title":"","ast-breadcrumbs-content":"","ast-featured-img":"","footer-sml-layout":"","ast-disable-related-posts":"","theme-transparent-header-meta":"","adv-header-id-meta":"","stick-header-meta":"","header-above-stick-meta":"","header-main-stick-meta":"","header-below-stick-meta":"","astra-migrate-meta-layouts":"default","ast-page-background-enabled":"default","ast-page-background-meta":{"desktop":{"background-color":"var(--ast-global-color-5)","background-image":"","background-repeat":"repeat","background-position":"center center","background-size":"auto","background-attachment":"scroll","background-type":"","background-media":"","overlay-type":"","overlay-color":"","overlay-opacity":"","overlay-gradient":""},"tablet":{"background-color":"","background-image":"","background-repeat":"repeat","background-position":"center center","background-size":"auto","background-attachment":"scroll","background-type":"","background-media":"","overlay-type":"","overlay-color":"","overlay-opacity":"","overlay-gradient":""},"mobile":{"background-color":"","background-image":"","background-repeat":"repeat","background-position":"center center","background-size":"auto","background-attachment":"scroll","background-type":"","background-media":"","overlay-type":"","overlay-color":"","overlay-opacity":"","overlay-gradient":""}},"ast-content-background-meta":{"desktop":{"background-color":"var(--ast-global-color-4)","background-image":"","background-repeat":"repeat","background-position":"center center","background-size":"auto","background-attachment":"scroll","background-type":"","background-media":"","overlay-type":"","overlay-color":"","overlay-opacity":"","overlay-gradient":""},"tablet":{"background-color":"var(--ast-global-color-4)","background-image":"","background-repeat":"repeat","background-position":"center center","background-size":"auto","background-attachment":"scroll","background-type":"","background-media":"","overlay-type":"","overlay-color":"","overlay-opacity":"","overlay-gradient":""},"mobile":{"background-color":"var(--ast-global-color-4)","background-image":"","background-repeat":"repeat","background-position":"center center","background-size":"auto","background-attachment":"scroll","background-type":"","background-media":"","overlay-type":"","overlay-color":"","overlay-opacity":"","overlay-gradient":""}}},"product_brand":[],"product_cat":[133,1425],"product_tag":[5630,5631,3823],"class_list":{"0":"post-30209","1":"product","2":"type-product","3":"status-publish","4":"has-post-thumbnail","6":"product_cat-ricambistica","7":"product_cat-quick","8":"product_tag-fphrc1002000c00","9":"product_tag-hrc1002-pulsantiera-stagna-2-vie","10":"product_tag-quick","11":"pa_supplier-quick-s-p-a","12":"desktop-align-left","13":"tablet-align-left","14":"mobile-align-left","16":"first","17":"instock","18":"taxable","19":"shipping-taxable","20":"purchasable","21":"product-type-simple"},"acf":[],"yoast_head":"<!-- This site is optimized with the Yoast SEO Premium plugin v26.7 (Yoast SEO v26.9) - https:\/\/yoast.com\/product\/yoast-seo-premium-wordpress\/ -->\n<title>Pulsantiera stagna 2 vie HRC 1002 - Quick codice FPHRC1002000C00<\/title>\n<meta name=\"description\" content=\"Scopri la pulsantiera stagna 2 vie HRC 1002 Quick, codice FPHRC1002000C00. Affidabilit\u00e0 e qualit\u00e0 per il tuo impianto. Acquista ora!\" \/>\n<meta name=\"robots\" content=\"index, follow, max-snippet:-1, max-image-preview:large, max-video-preview:-1\" \/>\n<link rel=\"canonical\" href=\"https:\/\/technofluid.it\/fr\/produit\/pupitre-etanche-2-voies-hrc-1002-code-fphrc1002000c00-rapide-2\/\" \/>\n<meta property=\"og:locale\" content=\"fr_FR\" \/>\n<meta property=\"og:type\" content=\"article\" \/>\n<meta property=\"og:title\" content=\"Pulsantiera stagna 2 vie HRC 1002 - codice: FPHRC1002000C00 - Quick\" \/>\n<meta property=\"og:description\" content=\"Scopri la pulsantiera stagna 2 vie HRC 1002 Quick, codice FPHRC1002000C00. Affidabilit\u00e0 e qualit\u00e0 per il tuo impianto. Acquista ora!\" \/>\n<meta property=\"og:url\" content=\"https:\/\/technofluid.it\/fr\/produit\/pupitre-etanche-2-voies-hrc-1002-code-fphrc1002000c00-rapide-2\/\" \/>\n<meta property=\"og:site_name\" content=\"Technofluid\" \/>\n<meta property=\"article:modified_time\" content=\"2026-04-15T08:38:07+00:00\" \/>\n<meta property=\"og:image\" content=\"https:\/\/technofluid.it\/wp-content\/uploads\/2026\/01\/4030-HRC1002-PULSANTIERA-STAGNA-2-VIE-CODICE-FPHRC1002000C00-QUICK.jpg\" \/>\n\t<meta property=\"og:image:width\" content=\"900\" \/>\n\t<meta property=\"og:image:height\" content=\"900\" \/>\n\t<meta property=\"og:image:type\" content=\"image\/png\" \/>\n<meta name=\"twitter:card\" content=\"summary_large_image\" \/>\n<meta name=\"twitter:label1\" content=\"Prix\" \/>\n\t<meta name=\"twitter:data1\" content=\"63,27&nbsp;&euro; Iva esclusa\" \/>\n\t<meta name=\"twitter:label2\" content=\"Disponibilit\u00e9\" \/>\n\t<meta name=\"twitter:data2\" content=\"En stock\" \/>\n<script type=\"application\/ld+json\" class=\"yoast-schema-graph\">{\"@context\":\"https:\/\/schema.org\",\"@graph\":[{\"@type\":\"WebPage\",\"@id\":\"https:\/\/technofluid.it\/prodotto\/pulsantiera-stagna-2-vie-hrc-1002-codice-fphrc1002000c00-quick\/\",\"url\":\"https:\/\/technofluid.it\/prodotto\/pulsantiera-stagna-2-vie-hrc-1002-codice-fphrc1002000c00-quick\/\",\"name\":\"Pulsantiera stagna 2 vie HRC 1002 - Quick codice FPHRC1002000C00\",\"isPartOf\":{\"@id\":\"https:\/\/technofluid.it\/#website\"},\"primaryImageOfPage\":{\"@id\":\"https:\/\/technofluid.it\/prodotto\/pulsantiera-stagna-2-vie-hrc-1002-codice-fphrc1002000c00-quick\/#primaryimage\"},\"image\":{\"@id\":\"https:\/\/technofluid.it\/prodotto\/pulsantiera-stagna-2-vie-hrc-1002-codice-fphrc1002000c00-quick\/#primaryimage\"},\"thumbnailUrl\":\"https:\/\/technofluid.it\/wp-content\/uploads\/2026\/01\/4030-HRC1002-PULSANTIERA-STAGNA-2-VIE-CODICE-FPHRC1002000C00-QUICK.jpg\",\"datePublished\":\"2025-10-25T00:02:19+00:00\",\"dateModified\":\"2026-04-15T08:38:07+00:00\",\"description\":\"Scopri la pulsantiera stagna 2 vie HRC 1002 Quick, codice FPHRC1002000C00. Affidabilit\u00e0 e qualit\u00e0 per il tuo impianto. Acquista ora!\",\"breadcrumb\":{\"@id\":\"https:\/\/technofluid.it\/prodotto\/pulsantiera-stagna-2-vie-hrc-1002-codice-fphrc1002000c00-quick\/#breadcrumb\"},\"inLanguage\":\"fr-FR\",\"potentialAction\":[{\"@type\":\"ReadAction\",\"target\":[\"https:\/\/technofluid.it\/prodotto\/pulsantiera-stagna-2-vie-hrc-1002-codice-fphrc1002000c00-quick\/\"]}]},{\"@type\":\"ImageObject\",\"inLanguage\":\"fr-FR\",\"@id\":\"https:\/\/technofluid.it\/prodotto\/pulsantiera-stagna-2-vie-hrc-1002-codice-fphrc1002000c00-quick\/#primaryimage\",\"url\":\"https:\/\/technofluid.it\/wp-content\/uploads\/2026\/01\/4030-HRC1002-PULSANTIERA-STAGNA-2-VIE-CODICE-FPHRC1002000C00-QUICK.jpg\",\"contentUrl\":\"https:\/\/technofluid.it\/wp-content\/uploads\/2026\/01\/4030-HRC1002-PULSANTIERA-STAGNA-2-VIE-CODICE-FPHRC1002000C00-QUICK.jpg\",\"width\":900,\"height\":900,\"caption\":\"Pulsantiera stagna a 2 vie HRC 1002, codice FPHRC1002000C00, ideale per ambienti umidi e industriali, con design resistente e facile da usare.\"},{\"@type\":\"BreadcrumbList\",\"@id\":\"https:\/\/technofluid.it\/prodotto\/pulsantiera-stagna-2-vie-hrc-1002-codice-fphrc1002000c00-quick\/#breadcrumb\",\"itemListElement\":[{\"@type\":\"ListItem\",\"position\":1,\"name\":\"Home\",\"item\":\"https:\/\/technofluid.it\/\"},{\"@type\":\"ListItem\",\"position\":2,\"name\":\"Shop\",\"item\":\"https:\/\/technofluid.it\/shop\/\"},{\"@type\":\"ListItem\",\"position\":3,\"name\":\"Pulsantiera stagna 2 vie HRC 1002 &#8211; codice: FPHRC1002000C00 &#8211; Quick\"}]},{\"@type\":\"WebSite\",\"@id\":\"https:\/\/technofluid.it\/#website\",\"url\":\"https:\/\/technofluid.it\/\",\"name\":\"Technofluid S.R.L.\",\"description\":\"Dal 1999 siamo specializzati nell&#039;impiantistica navale, idraulica, civile e industriale\",\"publisher\":{\"@id\":\"https:\/\/technofluid.it\/#organization\"},\"potentialAction\":[{\"@type\":\"SearchAction\",\"target\":{\"@type\":\"EntryPoint\",\"urlTemplate\":\"https:\/\/technofluid.it\/?s={search_term_string}\"},\"query-input\":{\"@type\":\"PropertyValueSpecification\",\"valueRequired\":true,\"valueName\":\"search_term_string\"}}],\"inLanguage\":\"fr-FR\"},{\"@type\":\"Organization\",\"@id\":\"https:\/\/technofluid.it\/#organization\",\"name\":\"Technofluid\",\"url\":\"https:\/\/technofluid.it\/\",\"logo\":{\"@type\":\"ImageObject\",\"inLanguage\":\"fr-FR\",\"@id\":\"https:\/\/technofluid.it\/#\/schema\/logo\/image\/\",\"url\":\"https:\/\/technofluid.it\/wp-content\/uploads\/2025\/12\/technofluid_bianco-logo.webp\",\"contentUrl\":\"https:\/\/technofluid.it\/wp-content\/uploads\/2025\/12\/technofluid_bianco-logo.webp\",\"width\":350,\"height\":116,\"caption\":\"Technofluid\"},\"image\":{\"@id\":\"https:\/\/technofluid.it\/#\/schema\/logo\/image\/\"},\"description\":\"La Technofluid S.r.l. nasce nel 1999 a Barcellona Pozzo di Gotto, in provincia di Messina, con l\u2019obiettivo di diventare un punto di riferimento nel settore dell\u2019impiantistica navale, idraulica, civile e industriale.\",\"email\":\"info@technofluid.it\",\"telephone\":\"0907386877\",\"legalName\":\"Technofluid S.R.L\",\"vatID\":\"IT03148240835\",\"taxID\":\"03148240835\",\"ownershipFundingInfo\":\"https:\/\/technofluid.it\/azienda\/\"}]}<\/script>\n<meta property=\"product:price:amount\" content=\"63.27\" \/>\n<meta property=\"product:price:currency\" content=\"EUR\" \/>\n<meta property=\"og:availability\" content=\"instock\" \/>\n<meta property=\"product:availability\" content=\"instock\" \/>\n<meta property=\"product:retailer_item_id\" content=\"QUIC00000007\" \/>\n<meta property=\"product:condition\" content=\"new\" \/>\n<!-- \/ Yoast SEO Premium plugin. -->","yoast_head_json":{"title":"Pupitre \u00e9tanche 2 voies HRC 1002 - Code rapide FPHRC1002000C00","description":"D\u00e9couvrez la commande \u00e9tanche 2 voies HRC 1002 Quick, code FPHRC1002000C00. Fiabilit\u00e9 et qualit\u00e9 pour votre installation. Achetez maintenant\u00a0!","robots":{"index":"index","follow":"follow","max-snippet":"max-snippet:-1","max-image-preview":"max-image-preview:large","max-video-preview":"max-video-preview:-1"},"canonical":"https:\/\/technofluid.it\/fr\/produit\/pupitre-etanche-2-voies-hrc-1002-code-fphrc1002000c00-rapide-2\/","og_locale":"fr_FR","og_type":"article","og_title":"Pulsantiera stagna 2 vie HRC 1002 - codice: FPHRC1002000C00 - Quick","og_description":"Scopri la pulsantiera stagna 2 vie HRC 1002 Quick, codice FPHRC1002000C00. Affidabilit\u00e0 e qualit\u00e0 per il tuo impianto. Acquista ora!","og_url":"https:\/\/technofluid.it\/fr\/produit\/pupitre-etanche-2-voies-hrc-1002-code-fphrc1002000c00-rapide-2\/","og_site_name":"Technofluid","article_modified_time":"2026-04-15T08:38:07+00:00","og_image":[{"width":900,"height":900,"url":"https:\/\/technofluid.it\/wp-content\/uploads\/2026\/01\/4030-HRC1002-PULSANTIERA-STAGNA-2-VIE-CODICE-FPHRC1002000C00-QUICK.jpg","type":"image\/png"}],"twitter_card":"summary_large_image","twitter_misc":{"Prix":"63,27&nbsp;&euro; Iva esclusa","Disponibilit\u00e9":"En stock"},"schema":{"@context":"https:\/\/schema.org","@graph":[{"@type":"WebPage","@id":"https:\/\/technofluid.it\/prodotto\/pulsantiera-stagna-2-vie-hrc-1002-codice-fphrc1002000c00-quick\/","url":"https:\/\/technofluid.it\/prodotto\/pulsantiera-stagna-2-vie-hrc-1002-codice-fphrc1002000c00-quick\/","name":"Pupitre \u00e9tanche 2 voies HRC 1002 - Code rapide FPHRC1002000C00","isPartOf":{"@id":"https:\/\/technofluid.it\/#website"},"primaryImageOfPage":{"@id":"https:\/\/technofluid.it\/prodotto\/pulsantiera-stagna-2-vie-hrc-1002-codice-fphrc1002000c00-quick\/#primaryimage"},"image":{"@id":"https:\/\/technofluid.it\/prodotto\/pulsantiera-stagna-2-vie-hrc-1002-codice-fphrc1002000c00-quick\/#primaryimage"},"thumbnailUrl":"https:\/\/technofluid.it\/wp-content\/uploads\/2026\/01\/4030-HRC1002-PULSANTIERA-STAGNA-2-VIE-CODICE-FPHRC1002000C00-QUICK.jpg","datePublished":"2025-10-25T00:02:19+00:00","dateModified":"2026-04-15T08:38:07+00:00","description":"D\u00e9couvrez la commande \u00e9tanche 2 voies HRC 1002 Quick, code FPHRC1002000C00. Fiabilit\u00e9 et qualit\u00e9 pour votre installation. Achetez maintenant\u00a0!","breadcrumb":{"@id":"https:\/\/technofluid.it\/prodotto\/pulsantiera-stagna-2-vie-hrc-1002-codice-fphrc1002000c00-quick\/#breadcrumb"},"inLanguage":"fr-FR","potentialAction":[{"@type":"ReadAction","target":["https:\/\/technofluid.it\/prodotto\/pulsantiera-stagna-2-vie-hrc-1002-codice-fphrc1002000c00-quick\/"]}]},{"@type":"ImageObject","inLanguage":"fr-FR","@id":"https:\/\/technofluid.it\/prodotto\/pulsantiera-stagna-2-vie-hrc-1002-codice-fphrc1002000c00-quick\/#primaryimage","url":"https:\/\/technofluid.it\/wp-content\/uploads\/2026\/01\/4030-HRC1002-PULSANTIERA-STAGNA-2-VIE-CODICE-FPHRC1002000C00-QUICK.jpg","contentUrl":"https:\/\/technofluid.it\/wp-content\/uploads\/2026\/01\/4030-HRC1002-PULSANTIERA-STAGNA-2-VIE-CODICE-FPHRC1002000C00-QUICK.jpg","width":900,"height":900,"caption":"Pulsantiera stagna a 2 vie HRC 1002, codice FPHRC1002000C00, ideale per ambienti umidi e industriali, con design resistente e facile da usare."},{"@type":"BreadcrumbList","@id":"https:\/\/technofluid.it\/prodotto\/pulsantiera-stagna-2-vie-hrc-1002-codice-fphrc1002000c00-quick\/#breadcrumb","itemListElement":[{"@type":"ListItem","position":1,"name":"Home","item":"https:\/\/technofluid.it\/"},{"@type":"ListItem","position":2,"name":"Shop","item":"https:\/\/technofluid.it\/shop\/"},{"@type":"ListItem","position":3,"name":"Pulsantiera stagna 2 vie HRC 1002 &#8211; codice: FPHRC1002000C00 &#8211; Quick"}]},{"@type":"WebSite","@id":"https:\/\/technofluid.it\/#website","url":"https:\/\/technofluid.it\/","name":"Technofluid S.R.L.","description":"Depuis 1999, nous sommes sp\u00e9cialis\u00e9s dans les installations marines, de plomberie, civiles et industrielles.","publisher":{"@id":"https:\/\/technofluid.it\/#organization"},"potentialAction":[{"@type":"SearchAction","target":{"@type":"EntryPoint","urlTemplate":"https:\/\/technofluid.it\/?s={search_term_string}"},"query-input":{"@type":"PropertyValueSpecification","valueRequired":true,"valueName":"search_term_string"}}],"inLanguage":"fr-FR"},{"@type":"Organization","@id":"https:\/\/technofluid.it\/#organization","name":"Technofluid","url":"https:\/\/technofluid.it\/","logo":{"@type":"ImageObject","inLanguage":"fr-FR","@id":"https:\/\/technofluid.it\/#\/schema\/logo\/image\/","url":"https:\/\/technofluid.it\/wp-content\/uploads\/2025\/12\/technofluid_bianco-logo.webp","contentUrl":"https:\/\/technofluid.it\/wp-content\/uploads\/2025\/12\/technofluid_bianco-logo.webp","width":350,"height":116,"caption":"Technofluid"},"image":{"@id":"https:\/\/technofluid.it\/#\/schema\/logo\/image\/"},"description":"La Technofluid S.r.l. est n\u00e9e en 1999 \u00e0 Barcellona Pozzo di Gotto, dans la province de Messine, avec l'objectif de devenir un point de r\u00e9f\u00e9rence dans le secteur de l'installation navale, hydraulique, civile et industrielle.","email":"info@technofluid.it","telephone":"0907386877","legalName":"Technofluid S.R.L","vatID":"IT03148240835","taxID":"03148240835","ownershipFundingInfo":"https:\/\/technofluid.it\/azienda\/"}]},"product_price_amount":"63.27","product_price_currency":"EUR","og_availability":"instock","product_availability":"instock","product_retailer_item_id":"QUIC00000007","product_condition":"new"},"_links":{"self":[{"href":"https:\/\/technofluid.it\/fr\/wp-json\/wp\/v2\/product\/30209","targetHints":{"allow":["GET"]}}],"collection":[{"href":"https:\/\/technofluid.it\/fr\/wp-json\/wp\/v2\/product"}],"about":[{"href":"https:\/\/technofluid.it\/fr\/wp-json\/wp\/v2\/types\/product"}],"replies":[{"embeddable":true,"href":"https:\/\/technofluid.it\/fr\/wp-json\/wp\/v2\/comments?post=30209"}],"version-history":[{"count":0,"href":"https:\/\/technofluid.it\/fr\/wp-json\/wp\/v2\/product\/30209\/revisions"}],"wp:featuredmedia":[{"embeddable":true,"href":"https:\/\/technofluid.it\/fr\/wp-json\/wp\/v2\/media\/39362"}],"wp:attachment":[{"href":"https:\/\/technofluid.it\/fr\/wp-json\/wp\/v2\/media?parent=30209"}],"wp:term":[{"taxonomy":"product_brand","embeddable":true,"href":"https:\/\/technofluid.it\/fr\/wp-json\/wp\/v2\/product_brand?post=30209"},{"taxonomy":"product_cat","embeddable":true,"href":"https:\/\/technofluid.it\/fr\/wp-json\/wp\/v2\/product_cat?post=30209"},{"taxonomy":"product_tag","embeddable":true,"href":"https:\/\/technofluid.it\/fr\/wp-json\/wp\/v2\/product_tag?post=30209"}],"curies":[{"name":"wp","href":"https:\/\/api.w.org\/{rel}","templated":true}]}}