{"id":30162,"date":"2025-10-25T00:02:14","date_gmt":"2025-10-25T00:02:14","guid":{"rendered":"https:\/\/technofluid.it\/prodotto\/grillo-inox-a-scatto-con-fermo-mm-5-codice-08-764-05-osculati\/"},"modified":"2026-01-22T16:43:17","modified_gmt":"2026-01-22T16:43:17","slug":"grillo-inox-a-scatto-con-fermo-5-mm-codice-08-764-05-osculati","status":"publish","type":"product","link":"https:\/\/technofluid.it\/fr\/produit\/mousqueton-en-acier-inoxydable-avec-butee-5-mm-code-08-764-05-osculati\/","title":{"rendered":"Manille en acier inoxydable avec but\u00e9e 5 mm - Code : 08.764.05 - Osculati"},"content":{"rendered":"<p>Manille en acier inoxydable avec but\u00e9e 5 mm - Code : 08.764.05 - Osculati<\/p>","protected":false},"excerpt":{"rendered":"<p>GRILLO INOX A SCATTO CON FERMO mm 5 &#8211; CODICE: 08.764.05 &#8211; OSCULATI<\/p>","protected":false},"featured_media":39227,"comment_status":"open","ping_status":"closed","template":"","meta":{"_acf_changed":false,"_monsterinsights_skip_tracking":false,"_monsterinsights_sitenote_active":false,"_monsterinsights_sitenote_note":"","_monsterinsights_sitenote_category":0,"site-sidebar-layout":"default","site-content-layout":"","ast-site-content-layout":"default","site-content-style":"default","site-sidebar-style":"default","ast-global-header-display":"","ast-banner-title-visibility":"","ast-main-header-display":"","ast-hfb-above-header-display":"","ast-hfb-below-header-display":"","ast-hfb-mobile-header-display":"","site-post-title":"","ast-breadcrumbs-content":"","ast-featured-img":"","footer-sml-layout":"","ast-disable-related-posts":"","theme-transparent-header-meta":"","adv-header-id-meta":"","stick-header-meta":"","header-above-stick-meta":"","header-main-stick-meta":"","header-below-stick-meta":"","astra-migrate-meta-layouts":"default","ast-page-background-enabled":"default","ast-page-background-meta":{"desktop":{"background-color":"var(--ast-global-color-5)","background-image":"","background-repeat":"repeat","background-position":"center center","background-size":"auto","background-attachment":"scroll","background-type":"","background-media":"","overlay-type":"","overlay-color":"","overlay-opacity":"","overlay-gradient":""},"tablet":{"background-color":"","background-image":"","background-repeat":"repeat","background-position":"center center","background-size":"auto","background-attachment":"scroll","background-type":"","background-media":"","overlay-type":"","overlay-color":"","overlay-opacity":"","overlay-gradient":""},"mobile":{"background-color":"","background-image":"","background-repeat":"repeat","background-position":"center center","background-size":"auto","background-attachment":"scroll","background-type":"","background-media":"","overlay-type":"","overlay-color":"","overlay-opacity":"","overlay-gradient":""}},"ast-content-background-meta":{"desktop":{"background-color":"var(--ast-global-color-4)","background-image":"","background-repeat":"repeat","background-position":"center center","background-size":"auto","background-attachment":"scroll","background-type":"","background-media":"","overlay-type":"","overlay-color":"","overlay-opacity":"","overlay-gradient":""},"tablet":{"background-color":"var(--ast-global-color-4)","background-image":"","background-repeat":"repeat","background-position":"center center","background-size":"auto","background-attachment":"scroll","background-type":"","background-media":"","overlay-type":"","overlay-color":"","overlay-opacity":"","overlay-gradient":""},"mobile":{"background-color":"var(--ast-global-color-4)","background-image":"","background-repeat":"repeat","background-position":"center center","background-size":"auto","background-attachment":"scroll","background-type":"","background-media":"","overlay-type":"","overlay-color":"","overlay-opacity":"","overlay-gradient":""}}},"product_brand":[],"product_cat":[139,84,1263],"product_tag":[5536,4139,4892,5537,5338,5538,3132,3053],"class_list":{"0":"post-30162","1":"product","2":"type-product","3":"status-publish","4":"has-post-thumbnail","6":"product_cat-ferramenta","7":"product_cat-idraulica-e-ferramenta","8":"product_cat-moschettoni-grilli-girelle","9":"product_tag-08-764-05","10":"product_tag-5mm","11":"product_tag-a-scatto","12":"product_tag-con-fermo","13":"product_tag-grillo","14":"product_tag-grillo-inox-a-scatto-con-fermo-5","15":"product_tag-inox","16":"product_tag-osculati","17":"pa_supplier-osculati-s-r-l","18":"desktop-align-left","19":"tablet-align-left","20":"mobile-align-left","22":"first","23":"instock","24":"taxable","25":"shipping-taxable","26":"purchasable","27":"product-type-simple"},"acf":[],"yoast_head":"<!-- This site is optimized with the Yoast SEO Premium plugin v26.7 (Yoast SEO v26.9) - https:\/\/yoast.com\/product\/yoast-seo-premium-wordpress\/ -->\n<title>Grillo inox a scatto 5 mm con fermo - Osculati<\/title>\n<meta name=\"description\" content=\"Scopri il grillo inox a scatto con fermo 5 mm, codice 08.764.05. Qualit\u00e0 Osculati garantita, perfetto per le tue esigenze nautiche.\" \/>\n<meta name=\"robots\" content=\"index, follow, max-snippet:-1, max-image-preview:large, max-video-preview:-1\" \/>\n<link rel=\"canonical\" href=\"https:\/\/technofluid.it\/fr\/produit\/mousqueton-en-acier-inoxydable-avec-butee-5-mm-code-08-764-05-osculati\/\" \/>\n<meta property=\"og:locale\" content=\"fr_FR\" \/>\n<meta property=\"og:type\" content=\"article\" \/>\n<meta property=\"og:title\" content=\"Grillo inox a scatto con fermo 5 mm - codice: 08.764.05 - Osculati\" \/>\n<meta property=\"og:description\" content=\"Scopri il grillo inox a scatto con fermo 5 mm, codice 08.764.05. Qualit\u00e0 Osculati garantita, perfetto per le tue esigenze nautiche.\" \/>\n<meta property=\"og:url\" content=\"https:\/\/technofluid.it\/fr\/produit\/mousqueton-en-acier-inoxydable-avec-butee-5-mm-code-08-764-05-osculati\/\" \/>\n<meta property=\"og:site_name\" content=\"Technofluid\" \/>\n<meta property=\"article:modified_time\" content=\"2026-01-22T16:43:17+00:00\" \/>\n<meta property=\"og:image\" content=\"https:\/\/technofluid.it\/wp-content\/uploads\/2026\/01\/2386-Grillo-inox-a-scatto-con-fermo-5-mm-codice-08.764.05-Osculati.jpg\" \/>\n\t<meta property=\"og:image:width\" content=\"300\" \/>\n\t<meta property=\"og:image:height\" content=\"300\" \/>\n\t<meta property=\"og:image:type\" content=\"image\/jpeg\" \/>\n<meta name=\"twitter:card\" content=\"summary_large_image\" \/>\n<meta name=\"twitter:label1\" content=\"Prix\" \/>\n\t<meta name=\"twitter:data1\" content=\"2,21&nbsp;&euro; Iva esclusa\" \/>\n\t<meta name=\"twitter:label2\" content=\"Disponibilit\u00e9\" \/>\n\t<meta name=\"twitter:data2\" content=\"En stock\" \/>\n<script type=\"application\/ld+json\" class=\"yoast-schema-graph\">{\"@context\":\"https:\/\/schema.org\",\"@graph\":[{\"@type\":\"WebPage\",\"@id\":\"https:\/\/technofluid.it\/prodotto\/grillo-inox-a-scatto-con-fermo-5-mm-codice-08-764-05-osculati\/\",\"url\":\"https:\/\/technofluid.it\/prodotto\/grillo-inox-a-scatto-con-fermo-5-mm-codice-08-764-05-osculati\/\",\"name\":\"Grillo inox a scatto 5 mm con fermo - Osculati\",\"isPartOf\":{\"@id\":\"https:\/\/technofluid.it\/#website\"},\"primaryImageOfPage\":{\"@id\":\"https:\/\/technofluid.it\/prodotto\/grillo-inox-a-scatto-con-fermo-5-mm-codice-08-764-05-osculati\/#primaryimage\"},\"image\":{\"@id\":\"https:\/\/technofluid.it\/prodotto\/grillo-inox-a-scatto-con-fermo-5-mm-codice-08-764-05-osculati\/#primaryimage\"},\"thumbnailUrl\":\"https:\/\/technofluid.it\/wp-content\/uploads\/2026\/01\/2386-Grillo-inox-a-scatto-con-fermo-5-mm-codice-08.764.05-Osculati.jpg\",\"datePublished\":\"2025-10-25T00:02:14+00:00\",\"dateModified\":\"2026-01-22T16:43:17+00:00\",\"description\":\"Scopri il grillo inox a scatto con fermo 5 mm, codice 08.764.05. Qualit\u00e0 Osculati garantita, perfetto per le tue esigenze nautiche.\",\"breadcrumb\":{\"@id\":\"https:\/\/technofluid.it\/prodotto\/grillo-inox-a-scatto-con-fermo-5-mm-codice-08-764-05-osculati\/#breadcrumb\"},\"inLanguage\":\"fr-FR\",\"potentialAction\":[{\"@type\":\"ReadAction\",\"target\":[\"https:\/\/technofluid.it\/prodotto\/grillo-inox-a-scatto-con-fermo-5-mm-codice-08-764-05-osculati\/\"]}]},{\"@type\":\"ImageObject\",\"inLanguage\":\"fr-FR\",\"@id\":\"https:\/\/technofluid.it\/prodotto\/grillo-inox-a-scatto-con-fermo-5-mm-codice-08-764-05-osculati\/#primaryimage\",\"url\":\"https:\/\/technofluid.it\/wp-content\/uploads\/2026\/01\/2386-Grillo-inox-a-scatto-con-fermo-5-mm-codice-08.764.05-Osculati.jpg\",\"contentUrl\":\"https:\/\/technofluid.it\/wp-content\/uploads\/2026\/01\/2386-Grillo-inox-a-scatto-con-fermo-5-mm-codice-08.764.05-Osculati.jpg\",\"width\":300,\"height\":300,\"caption\":\"Grillo inox a scatto con fermo 5 mm, codice 08.764.05, ideale per applicazioni marine e nautiche.\"},{\"@type\":\"BreadcrumbList\",\"@id\":\"https:\/\/technofluid.it\/prodotto\/grillo-inox-a-scatto-con-fermo-5-mm-codice-08-764-05-osculati\/#breadcrumb\",\"itemListElement\":[{\"@type\":\"ListItem\",\"position\":1,\"name\":\"Home\",\"item\":\"https:\/\/technofluid.it\/\"},{\"@type\":\"ListItem\",\"position\":2,\"name\":\"Shop\",\"item\":\"https:\/\/technofluid.it\/shop\/\"},{\"@type\":\"ListItem\",\"position\":3,\"name\":\"Grillo inox a scatto con fermo 5 mm &#8211; codice: 08.764.05 &#8211; Osculati\"}]},{\"@type\":\"WebSite\",\"@id\":\"https:\/\/technofluid.it\/#website\",\"url\":\"https:\/\/technofluid.it\/\",\"name\":\"Technofluid S.R.L.\",\"description\":\"Dal 1999 siamo specializzati nell&#039;impiantistica navale, idraulica, civile e industriale\",\"publisher\":{\"@id\":\"https:\/\/technofluid.it\/#organization\"},\"potentialAction\":[{\"@type\":\"SearchAction\",\"target\":{\"@type\":\"EntryPoint\",\"urlTemplate\":\"https:\/\/technofluid.it\/?s={search_term_string}\"},\"query-input\":{\"@type\":\"PropertyValueSpecification\",\"valueRequired\":true,\"valueName\":\"search_term_string\"}}],\"inLanguage\":\"fr-FR\"},{\"@type\":\"Organization\",\"@id\":\"https:\/\/technofluid.it\/#organization\",\"name\":\"Technofluid\",\"url\":\"https:\/\/technofluid.it\/\",\"logo\":{\"@type\":\"ImageObject\",\"inLanguage\":\"fr-FR\",\"@id\":\"https:\/\/technofluid.it\/#\/schema\/logo\/image\/\",\"url\":\"https:\/\/technofluid.it\/wp-content\/uploads\/2025\/12\/technofluid_bianco-logo.webp\",\"contentUrl\":\"https:\/\/technofluid.it\/wp-content\/uploads\/2025\/12\/technofluid_bianco-logo.webp\",\"width\":350,\"height\":116,\"caption\":\"Technofluid\"},\"image\":{\"@id\":\"https:\/\/technofluid.it\/#\/schema\/logo\/image\/\"},\"description\":\"La Technofluid S.r.l. nasce nel 1999 a Barcellona Pozzo di Gotto, in provincia di Messina, con l\u2019obiettivo di diventare un punto di riferimento nel settore dell\u2019impiantistica navale, idraulica, civile e industriale.\",\"email\":\"info@technofluid.it\",\"telephone\":\"0907386877\",\"legalName\":\"Technofluid S.R.L\",\"vatID\":\"IT03148240835\",\"taxID\":\"03148240835\",\"ownershipFundingInfo\":\"https:\/\/technofluid.it\/azienda\/\"}]}<\/script>\n<meta property=\"product:price:amount\" content=\"2.21\" \/>\n<meta property=\"product:price:currency\" content=\"EUR\" \/>\n<meta property=\"og:availability\" content=\"instock\" \/>\n<meta property=\"product:availability\" content=\"instock\" \/>\n<meta property=\"product:retailer_item_id\" content=\"OSCU00000186\" \/>\n<meta property=\"product:condition\" content=\"new\" \/>\n<!-- \/ Yoast SEO Premium plugin. -->","yoast_head_json":{"title":"Mousqueton en acier inoxydable 5 mm avec but\u00e9e - Osculati","description":"D\u00e9couvrez le mousqueton en acier inoxydable avec prise de 5 mm, r\u00e9f\u00e9rence 08.764.05. Qualit\u00e9 Osculati garantie, parfait pour vos besoins nautiques.","robots":{"index":"index","follow":"follow","max-snippet":"max-snippet:-1","max-image-preview":"max-image-preview:large","max-video-preview":"max-video-preview:-1"},"canonical":"https:\/\/technofluid.it\/fr\/produit\/mousqueton-en-acier-inoxydable-avec-butee-5-mm-code-08-764-05-osculati\/","og_locale":"fr_FR","og_type":"article","og_title":"Grillo inox a scatto con fermo 5 mm - codice: 08.764.05 - Osculati","og_description":"Scopri il grillo inox a scatto con fermo 5 mm, codice 08.764.05. Qualit\u00e0 Osculati garantita, perfetto per le tue esigenze nautiche.","og_url":"https:\/\/technofluid.it\/fr\/produit\/mousqueton-en-acier-inoxydable-avec-butee-5-mm-code-08-764-05-osculati\/","og_site_name":"Technofluid","article_modified_time":"2026-01-22T16:43:17+00:00","og_image":[{"width":300,"height":300,"url":"https:\/\/technofluid.it\/wp-content\/uploads\/2026\/01\/2386-Grillo-inox-a-scatto-con-fermo-5-mm-codice-08.764.05-Osculati.jpg","type":"image\/jpeg"}],"twitter_card":"summary_large_image","twitter_misc":{"Prix":"2,21&nbsp;&euro; Iva esclusa","Disponibilit\u00e9":"En stock"},"schema":{"@context":"https:\/\/schema.org","@graph":[{"@type":"WebPage","@id":"https:\/\/technofluid.it\/prodotto\/grillo-inox-a-scatto-con-fermo-5-mm-codice-08-764-05-osculati\/","url":"https:\/\/technofluid.it\/prodotto\/grillo-inox-a-scatto-con-fermo-5-mm-codice-08-764-05-osculati\/","name":"Mousqueton en acier inoxydable 5 mm avec but\u00e9e - Osculati","isPartOf":{"@id":"https:\/\/technofluid.it\/#website"},"primaryImageOfPage":{"@id":"https:\/\/technofluid.it\/prodotto\/grillo-inox-a-scatto-con-fermo-5-mm-codice-08-764-05-osculati\/#primaryimage"},"image":{"@id":"https:\/\/technofluid.it\/prodotto\/grillo-inox-a-scatto-con-fermo-5-mm-codice-08-764-05-osculati\/#primaryimage"},"thumbnailUrl":"https:\/\/technofluid.it\/wp-content\/uploads\/2026\/01\/2386-Grillo-inox-a-scatto-con-fermo-5-mm-codice-08.764.05-Osculati.jpg","datePublished":"2025-10-25T00:02:14+00:00","dateModified":"2026-01-22T16:43:17+00:00","description":"D\u00e9couvrez le mousqueton en acier inoxydable avec prise de 5 mm, r\u00e9f\u00e9rence 08.764.05. Qualit\u00e9 Osculati garantie, parfait pour vos besoins nautiques.","breadcrumb":{"@id":"https:\/\/technofluid.it\/prodotto\/grillo-inox-a-scatto-con-fermo-5-mm-codice-08-764-05-osculati\/#breadcrumb"},"inLanguage":"fr-FR","potentialAction":[{"@type":"ReadAction","target":["https:\/\/technofluid.it\/prodotto\/grillo-inox-a-scatto-con-fermo-5-mm-codice-08-764-05-osculati\/"]}]},{"@type":"ImageObject","inLanguage":"fr-FR","@id":"https:\/\/technofluid.it\/prodotto\/grillo-inox-a-scatto-con-fermo-5-mm-codice-08-764-05-osculati\/#primaryimage","url":"https:\/\/technofluid.it\/wp-content\/uploads\/2026\/01\/2386-Grillo-inox-a-scatto-con-fermo-5-mm-codice-08.764.05-Osculati.jpg","contentUrl":"https:\/\/technofluid.it\/wp-content\/uploads\/2026\/01\/2386-Grillo-inox-a-scatto-con-fermo-5-mm-codice-08.764.05-Osculati.jpg","width":300,"height":300,"caption":"Grillo inox a scatto con fermo 5 mm, codice 08.764.05, ideale per applicazioni marine e nautiche."},{"@type":"BreadcrumbList","@id":"https:\/\/technofluid.it\/prodotto\/grillo-inox-a-scatto-con-fermo-5-mm-codice-08-764-05-osculati\/#breadcrumb","itemListElement":[{"@type":"ListItem","position":1,"name":"Home","item":"https:\/\/technofluid.it\/"},{"@type":"ListItem","position":2,"name":"Shop","item":"https:\/\/technofluid.it\/shop\/"},{"@type":"ListItem","position":3,"name":"Grillo inox a scatto con fermo 5 mm &#8211; codice: 08.764.05 &#8211; Osculati"}]},{"@type":"WebSite","@id":"https:\/\/technofluid.it\/#website","url":"https:\/\/technofluid.it\/","name":"Technofluid S.R.L.","description":"Depuis 1999, nous sommes sp\u00e9cialis\u00e9s dans les installations marines, de plomberie, civiles et industrielles.","publisher":{"@id":"https:\/\/technofluid.it\/#organization"},"potentialAction":[{"@type":"SearchAction","target":{"@type":"EntryPoint","urlTemplate":"https:\/\/technofluid.it\/?s={search_term_string}"},"query-input":{"@type":"PropertyValueSpecification","valueRequired":true,"valueName":"search_term_string"}}],"inLanguage":"fr-FR"},{"@type":"Organization","@id":"https:\/\/technofluid.it\/#organization","name":"Technofluid","url":"https:\/\/technofluid.it\/","logo":{"@type":"ImageObject","inLanguage":"fr-FR","@id":"https:\/\/technofluid.it\/#\/schema\/logo\/image\/","url":"https:\/\/technofluid.it\/wp-content\/uploads\/2025\/12\/technofluid_bianco-logo.webp","contentUrl":"https:\/\/technofluid.it\/wp-content\/uploads\/2025\/12\/technofluid_bianco-logo.webp","width":350,"height":116,"caption":"Technofluid"},"image":{"@id":"https:\/\/technofluid.it\/#\/schema\/logo\/image\/"},"description":"La Technofluid S.r.l. est n\u00e9e en 1999 \u00e0 Barcellona Pozzo di Gotto, dans la province de Messine, avec l'objectif de devenir un point de r\u00e9f\u00e9rence dans le secteur de l'installation navale, hydraulique, civile et industrielle.","email":"info@technofluid.it","telephone":"0907386877","legalName":"Technofluid S.R.L","vatID":"IT03148240835","taxID":"03148240835","ownershipFundingInfo":"https:\/\/technofluid.it\/azienda\/"}]},"product_price_amount":"2.21","product_price_currency":"EUR","og_availability":"instock","product_availability":"instock","product_retailer_item_id":"OSCU00000186","product_condition":"new"},"_links":{"self":[{"href":"https:\/\/technofluid.it\/fr\/wp-json\/wp\/v2\/product\/30162","targetHints":{"allow":["GET"]}}],"collection":[{"href":"https:\/\/technofluid.it\/fr\/wp-json\/wp\/v2\/product"}],"about":[{"href":"https:\/\/technofluid.it\/fr\/wp-json\/wp\/v2\/types\/product"}],"replies":[{"embeddable":true,"href":"https:\/\/technofluid.it\/fr\/wp-json\/wp\/v2\/comments?post=30162"}],"version-history":[{"count":0,"href":"https:\/\/technofluid.it\/fr\/wp-json\/wp\/v2\/product\/30162\/revisions"}],"wp:featuredmedia":[{"embeddable":true,"href":"https:\/\/technofluid.it\/fr\/wp-json\/wp\/v2\/media\/39227"}],"wp:attachment":[{"href":"https:\/\/technofluid.it\/fr\/wp-json\/wp\/v2\/media?parent=30162"}],"wp:term":[{"taxonomy":"product_brand","embeddable":true,"href":"https:\/\/technofluid.it\/fr\/wp-json\/wp\/v2\/product_brand?post=30162"},{"taxonomy":"product_cat","embeddable":true,"href":"https:\/\/technofluid.it\/fr\/wp-json\/wp\/v2\/product_cat?post=30162"},{"taxonomy":"product_tag","embeddable":true,"href":"https:\/\/technofluid.it\/fr\/wp-json\/wp\/v2\/product_tag?post=30162"}],"curies":[{"name":"wp","href":"https:\/\/api.w.org\/{rel}","templated":true}]}}