{"id":30097,"date":"2025-10-25T00:02:01","date_gmt":"2025-10-25T00:02:01","guid":{"rendered":"https:\/\/technofluid.it\/prodotto\/gomito-90-f-f-da-2-giallo-codice-0090i-maestrini\/"},"modified":"2026-01-22T17:36:01","modified_gmt":"2026-01-22T17:36:01","slug":"gomito-90-f-f-da-2-in-ottone-giallo-codice-0090i-maestrini","status":"publish","type":"product","link":"https:\/\/technofluid.it\/fr\/produit\/coude-90-f-f-de-2-pouces-en-laiton-jaune-code-0090i-maestrini-2\/","title":{"rendered":"Coude 90\u00b0 F.F. de 2\" en laiton jaune \u2013 code : 0090I \u2013 Maestrini"},"content":{"rendered":"<p>Coude 90\u00b0 F.F. de 2\u2033 en laiton jaune \u2013 code : 0090I \u2013 Maestrini<\/p>","protected":false},"excerpt":{"rendered":"<p>GOMITO 90\u00b0 F.F. DA 2&#8243; GIALLO &#8211; CODICE: 0090I &#8211; MAESTRINI<\/p>","protected":false},"featured_media":39058,"comment_status":"open","ping_status":"closed","template":"","meta":{"_acf_changed":false,"_monsterinsights_skip_tracking":false,"_monsterinsights_sitenote_active":false,"_monsterinsights_sitenote_note":"","_monsterinsights_sitenote_category":0,"site-sidebar-layout":"default","site-content-layout":"","ast-site-content-layout":"default","site-content-style":"default","site-sidebar-style":"default","ast-global-header-display":"","ast-banner-title-visibility":"","ast-main-header-display":"","ast-hfb-above-header-display":"","ast-hfb-below-header-display":"","ast-hfb-mobile-header-display":"","site-post-title":"","ast-breadcrumbs-content":"","ast-featured-img":"","footer-sml-layout":"","ast-disable-related-posts":"","theme-transparent-header-meta":"","adv-header-id-meta":"","stick-header-meta":"","header-above-stick-meta":"","header-main-stick-meta":"","header-below-stick-meta":"","astra-migrate-meta-layouts":"default","ast-page-background-enabled":"default","ast-page-background-meta":{"desktop":{"background-color":"var(--ast-global-color-5)","background-image":"","background-repeat":"repeat","background-position":"center center","background-size":"auto","background-attachment":"scroll","background-type":"","background-media":"","overlay-type":"","overlay-color":"","overlay-opacity":"","overlay-gradient":""},"tablet":{"background-color":"","background-image":"","background-repeat":"repeat","background-position":"center center","background-size":"auto","background-attachment":"scroll","background-type":"","background-media":"","overlay-type":"","overlay-color":"","overlay-opacity":"","overlay-gradient":""},"mobile":{"background-color":"","background-image":"","background-repeat":"repeat","background-position":"center center","background-size":"auto","background-attachment":"scroll","background-type":"","background-media":"","overlay-type":"","overlay-color":"","overlay-opacity":"","overlay-gradient":""}},"ast-content-background-meta":{"desktop":{"background-color":"var(--ast-global-color-4)","background-image":"","background-repeat":"repeat","background-position":"center center","background-size":"auto","background-attachment":"scroll","background-type":"","background-media":"","overlay-type":"","overlay-color":"","overlay-opacity":"","overlay-gradient":""},"tablet":{"background-color":"var(--ast-global-color-4)","background-image":"","background-repeat":"repeat","background-position":"center center","background-size":"auto","background-attachment":"scroll","background-type":"","background-media":"","overlay-type":"","overlay-color":"","overlay-opacity":"","overlay-gradient":""},"mobile":{"background-color":"var(--ast-global-color-4)","background-image":"","background-repeat":"repeat","background-position":"center center","background-size":"auto","background-attachment":"scroll","background-type":"","background-media":"","overlay-type":"","overlay-color":"","overlay-opacity":"","overlay-gradient":""}}},"product_brand":[],"product_cat":[84,93],"product_tag":[],"class_list":{"0":"post-30097","1":"product","2":"type-product","3":"status-publish","4":"has-post-thumbnail","6":"product_cat-idraulica-e-ferramenta","7":"product_cat-idraulica-e-raccordi","8":"pa_supplier-maestrini-s-r-l-societa-unipersonale","9":"desktop-align-left","10":"tablet-align-left","11":"mobile-align-left","13":"first","14":"instock","15":"taxable","16":"shipping-taxable","17":"purchasable","18":"product-type-simple"},"acf":[],"yoast_head":"<!-- This site is optimized with the Yoast SEO Premium plugin v26.7 (Yoast SEO v26.9) - https:\/\/yoast.com\/product\/yoast-seo-premium-wordpress\/ -->\n<title>Gomito 90 Ottone 2&quot; F.F. - Qualit\u00e0 Maestrini 0090I<\/title>\n<meta name=\"description\" content=\"Scopri il gomito 90\u00b0 in ottone giallo 2&quot; F.F. Maestrini, codice 0090I. Affidabilit\u00e0 e resistenza per i tuoi impianti. Acquista ora!\" \/>\n<meta name=\"robots\" content=\"index, follow, max-snippet:-1, max-image-preview:large, max-video-preview:-1\" \/>\n<link rel=\"canonical\" href=\"https:\/\/technofluid.it\/fr\/produit\/coude-90-f-f-de-2-pouces-en-laiton-jaune-code-0090i-maestrini-2\/\" \/>\n<meta property=\"og:locale\" content=\"fr_FR\" \/>\n<meta property=\"og:type\" content=\"article\" \/>\n<meta property=\"og:title\" content=\"Gomito 90&deg; F.F. da 2&quot; in ottone giallo &ndash; codice: 0090I &ndash; Maestrini\" \/>\n<meta property=\"og:description\" content=\"Scopri il gomito 90\u00b0 in ottone giallo 2&quot; F.F. Maestrini, codice 0090I. Affidabilit\u00e0 e resistenza per i tuoi impianti. Acquista ora!\" \/>\n<meta property=\"og:url\" content=\"https:\/\/technofluid.it\/fr\/produit\/coude-90-f-f-de-2-pouces-en-laiton-jaune-code-0090i-maestrini-2\/\" \/>\n<meta property=\"og:site_name\" content=\"Technofluid\" \/>\n<meta property=\"article:modified_time\" content=\"2026-01-22T17:36:01+00:00\" \/>\n<meta property=\"og:image\" content=\"https:\/\/technofluid.it\/wp-content\/uploads\/2026\/01\/4385-Gomito-90\u00b0-F.F.-da-2-in-ottone-giallo-codice-0090I-Maestrini.jpg\" \/>\n\t<meta property=\"og:image:width\" content=\"300\" \/>\n\t<meta property=\"og:image:height\" content=\"300\" \/>\n\t<meta property=\"og:image:type\" content=\"image\/jpeg\" \/>\n<meta name=\"twitter:card\" content=\"summary_large_image\" \/>\n<meta name=\"twitter:label1\" content=\"Prix\" \/>\n\t<meta name=\"twitter:data1\" content=\"24,61&nbsp;&euro; Iva esclusa\" \/>\n\t<meta name=\"twitter:label2\" content=\"Disponibilit\u00e9\" \/>\n\t<meta name=\"twitter:data2\" content=\"En stock\" \/>\n<script type=\"application\/ld+json\" class=\"yoast-schema-graph\">{\"@context\":\"https:\/\/schema.org\",\"@graph\":[{\"@type\":\"WebPage\",\"@id\":\"https:\/\/technofluid.it\/prodotto\/gomito-90-f-f-da-2-in-ottone-giallo-codice-0090i-maestrini\/\",\"url\":\"https:\/\/technofluid.it\/prodotto\/gomito-90-f-f-da-2-in-ottone-giallo-codice-0090i-maestrini\/\",\"name\":\"Gomito 90 Ottone 2\\\" F.F. - Qualit\u00e0 Maestrini 0090I\",\"isPartOf\":{\"@id\":\"https:\/\/technofluid.it\/#website\"},\"primaryImageOfPage\":{\"@id\":\"https:\/\/technofluid.it\/prodotto\/gomito-90-f-f-da-2-in-ottone-giallo-codice-0090i-maestrini\/#primaryimage\"},\"image\":{\"@id\":\"https:\/\/technofluid.it\/prodotto\/gomito-90-f-f-da-2-in-ottone-giallo-codice-0090i-maestrini\/#primaryimage\"},\"thumbnailUrl\":\"https:\/\/technofluid.it\/wp-content\/uploads\/2026\/01\/4385-Gomito-90\u00b0-F.F.-da-2-in-ottone-giallo-codice-0090I-Maestrini.jpg\",\"datePublished\":\"2025-10-25T00:02:01+00:00\",\"dateModified\":\"2026-01-22T17:36:01+00:00\",\"description\":\"Scopri il gomito 90\u00b0 in ottone giallo 2\\\" F.F. Maestrini, codice 0090I. Affidabilit\u00e0 e resistenza per i tuoi impianti. Acquista ora!\",\"breadcrumb\":{\"@id\":\"https:\/\/technofluid.it\/prodotto\/gomito-90-f-f-da-2-in-ottone-giallo-codice-0090i-maestrini\/#breadcrumb\"},\"inLanguage\":\"fr-FR\",\"potentialAction\":[{\"@type\":\"ReadAction\",\"target\":[\"https:\/\/technofluid.it\/prodotto\/gomito-90-f-f-da-2-in-ottone-giallo-codice-0090i-maestrini\/\"]}]},{\"@type\":\"ImageObject\",\"inLanguage\":\"fr-FR\",\"@id\":\"https:\/\/technofluid.it\/prodotto\/gomito-90-f-f-da-2-in-ottone-giallo-codice-0090i-maestrini\/#primaryimage\",\"url\":\"https:\/\/technofluid.it\/wp-content\/uploads\/2026\/01\/4385-Gomito-90\u00b0-F.F.-da-2-in-ottone-giallo-codice-0090I-Maestrini.jpg\",\"contentUrl\":\"https:\/\/technofluid.it\/wp-content\/uploads\/2026\/01\/4385-Gomito-90\u00b0-F.F.-da-2-in-ottone-giallo-codice-0090I-Maestrini.jpg\",\"width\":300,\"height\":300,\"caption\":\"Gomito 90\u00b0 F.F. da 2\\\" in ottone giallo \u2013 codice: 0090I \u2013 Maestrini\"},{\"@type\":\"BreadcrumbList\",\"@id\":\"https:\/\/technofluid.it\/prodotto\/gomito-90-f-f-da-2-in-ottone-giallo-codice-0090i-maestrini\/#breadcrumb\",\"itemListElement\":[{\"@type\":\"ListItem\",\"position\":1,\"name\":\"Home\",\"item\":\"https:\/\/technofluid.it\/\"},{\"@type\":\"ListItem\",\"position\":2,\"name\":\"Shop\",\"item\":\"https:\/\/technofluid.it\/shop\/\"},{\"@type\":\"ListItem\",\"position\":3,\"name\":\"Gomito 90&deg; F.F. da 2&quot; in ottone giallo &ndash; codice: 0090I &ndash; Maestrini\"}]},{\"@type\":\"WebSite\",\"@id\":\"https:\/\/technofluid.it\/#website\",\"url\":\"https:\/\/technofluid.it\/\",\"name\":\"Technofluid S.R.L.\",\"description\":\"Dal 1999 siamo specializzati nell&#039;impiantistica navale, idraulica, civile e industriale\",\"publisher\":{\"@id\":\"https:\/\/technofluid.it\/#organization\"},\"potentialAction\":[{\"@type\":\"SearchAction\",\"target\":{\"@type\":\"EntryPoint\",\"urlTemplate\":\"https:\/\/technofluid.it\/?s={search_term_string}\"},\"query-input\":{\"@type\":\"PropertyValueSpecification\",\"valueRequired\":true,\"valueName\":\"search_term_string\"}}],\"inLanguage\":\"fr-FR\"},{\"@type\":\"Organization\",\"@id\":\"https:\/\/technofluid.it\/#organization\",\"name\":\"Technofluid\",\"url\":\"https:\/\/technofluid.it\/\",\"logo\":{\"@type\":\"ImageObject\",\"inLanguage\":\"fr-FR\",\"@id\":\"https:\/\/technofluid.it\/#\/schema\/logo\/image\/\",\"url\":\"https:\/\/technofluid.it\/wp-content\/uploads\/2025\/12\/technofluid_bianco-logo.webp\",\"contentUrl\":\"https:\/\/technofluid.it\/wp-content\/uploads\/2025\/12\/technofluid_bianco-logo.webp\",\"width\":350,\"height\":116,\"caption\":\"Technofluid\"},\"image\":{\"@id\":\"https:\/\/technofluid.it\/#\/schema\/logo\/image\/\"},\"description\":\"La Technofluid S.r.l. nasce nel 1999 a Barcellona Pozzo di Gotto, in provincia di Messina, con l\u2019obiettivo di diventare un punto di riferimento nel settore dell\u2019impiantistica navale, idraulica, civile e industriale.\",\"email\":\"info@technofluid.it\",\"telephone\":\"0907386877\",\"legalName\":\"Technofluid S.R.L\",\"vatID\":\"IT03148240835\",\"taxID\":\"03148240835\",\"ownershipFundingInfo\":\"https:\/\/technofluid.it\/azienda\/\"}]}<\/script>\n<meta property=\"product:price:amount\" content=\"24.61\" \/>\n<meta property=\"product:price:currency\" content=\"EUR\" \/>\n<meta property=\"og:availability\" content=\"instock\" \/>\n<meta property=\"product:availability\" content=\"instock\" \/>\n<meta property=\"product:retailer_item_id\" content=\"MAE000001234\" \/>\n<meta property=\"product:condition\" content=\"new\" \/>\n<!-- \/ Yoast SEO Premium plugin. -->","yoast_head_json":{"title":"Coude 90 Laiton 2\" F.F. - Qualit\u00e9 Maestrini 0090I","description":"D\u00e9couvrez le coude 90\u00b0 en laiton jaune 2\" F.F. Maestrini, code 0090I. Fiabilit\u00e9 et r\u00e9sistance pour vos installations. Achetez maintenant !","robots":{"index":"index","follow":"follow","max-snippet":"max-snippet:-1","max-image-preview":"max-image-preview:large","max-video-preview":"max-video-preview:-1"},"canonical":"https:\/\/technofluid.it\/fr\/produit\/coude-90-f-f-de-2-pouces-en-laiton-jaune-code-0090i-maestrini-2\/","og_locale":"fr_FR","og_type":"article","og_title":"Gomito 90&deg; F.F. da 2&quot; in ottone giallo &ndash; codice: 0090I &ndash; Maestrini","og_description":"Scopri il gomito 90\u00b0 in ottone giallo 2\" F.F. Maestrini, codice 0090I. Affidabilit\u00e0 e resistenza per i tuoi impianti. Acquista ora!","og_url":"https:\/\/technofluid.it\/fr\/produit\/coude-90-f-f-de-2-pouces-en-laiton-jaune-code-0090i-maestrini-2\/","og_site_name":"Technofluid","article_modified_time":"2026-01-22T17:36:01+00:00","og_image":[{"width":300,"height":300,"url":"https:\/\/technofluid.it\/wp-content\/uploads\/2026\/01\/4385-Gomito-90\u00b0-F.F.-da-2-in-ottone-giallo-codice-0090I-Maestrini.jpg","type":"image\/jpeg"}],"twitter_card":"summary_large_image","twitter_misc":{"Prix":"24,61&nbsp;&euro; Iva esclusa","Disponibilit\u00e9":"En stock"},"schema":{"@context":"https:\/\/schema.org","@graph":[{"@type":"WebPage","@id":"https:\/\/technofluid.it\/prodotto\/gomito-90-f-f-da-2-in-ottone-giallo-codice-0090i-maestrini\/","url":"https:\/\/technofluid.it\/prodotto\/gomito-90-f-f-da-2-in-ottone-giallo-codice-0090i-maestrini\/","name":"Coude 90 Laiton 2\" F.F. - Qualit\u00e9 Maestrini 0090I","isPartOf":{"@id":"https:\/\/technofluid.it\/#website"},"primaryImageOfPage":{"@id":"https:\/\/technofluid.it\/prodotto\/gomito-90-f-f-da-2-in-ottone-giallo-codice-0090i-maestrini\/#primaryimage"},"image":{"@id":"https:\/\/technofluid.it\/prodotto\/gomito-90-f-f-da-2-in-ottone-giallo-codice-0090i-maestrini\/#primaryimage"},"thumbnailUrl":"https:\/\/technofluid.it\/wp-content\/uploads\/2026\/01\/4385-Gomito-90\u00b0-F.F.-da-2-in-ottone-giallo-codice-0090I-Maestrini.jpg","datePublished":"2025-10-25T00:02:01+00:00","dateModified":"2026-01-22T17:36:01+00:00","description":"D\u00e9couvrez le coude 90\u00b0 en laiton jaune 2\" F.F. Maestrini, code 0090I. Fiabilit\u00e9 et r\u00e9sistance pour vos installations. Achetez maintenant !","breadcrumb":{"@id":"https:\/\/technofluid.it\/prodotto\/gomito-90-f-f-da-2-in-ottone-giallo-codice-0090i-maestrini\/#breadcrumb"},"inLanguage":"fr-FR","potentialAction":[{"@type":"ReadAction","target":["https:\/\/technofluid.it\/prodotto\/gomito-90-f-f-da-2-in-ottone-giallo-codice-0090i-maestrini\/"]}]},{"@type":"ImageObject","inLanguage":"fr-FR","@id":"https:\/\/technofluid.it\/prodotto\/gomito-90-f-f-da-2-in-ottone-giallo-codice-0090i-maestrini\/#primaryimage","url":"https:\/\/technofluid.it\/wp-content\/uploads\/2026\/01\/4385-Gomito-90\u00b0-F.F.-da-2-in-ottone-giallo-codice-0090I-Maestrini.jpg","contentUrl":"https:\/\/technofluid.it\/wp-content\/uploads\/2026\/01\/4385-Gomito-90\u00b0-F.F.-da-2-in-ottone-giallo-codice-0090I-Maestrini.jpg","width":300,"height":300,"caption":"Gomito 90\u00b0 F.F. da 2\" in ottone giallo \u2013 codice: 0090I \u2013 Maestrini"},{"@type":"BreadcrumbList","@id":"https:\/\/technofluid.it\/prodotto\/gomito-90-f-f-da-2-in-ottone-giallo-codice-0090i-maestrini\/#breadcrumb","itemListElement":[{"@type":"ListItem","position":1,"name":"Home","item":"https:\/\/technofluid.it\/"},{"@type":"ListItem","position":2,"name":"Shop","item":"https:\/\/technofluid.it\/shop\/"},{"@type":"ListItem","position":3,"name":"Gomito 90&deg; F.F. da 2&quot; in ottone giallo &ndash; codice: 0090I &ndash; Maestrini"}]},{"@type":"WebSite","@id":"https:\/\/technofluid.it\/#website","url":"https:\/\/technofluid.it\/","name":"Technofluid S.R.L.","description":"Depuis 1999, nous sommes sp\u00e9cialis\u00e9s dans les installations marines, de plomberie, civiles et industrielles.","publisher":{"@id":"https:\/\/technofluid.it\/#organization"},"potentialAction":[{"@type":"SearchAction","target":{"@type":"EntryPoint","urlTemplate":"https:\/\/technofluid.it\/?s={search_term_string}"},"query-input":{"@type":"PropertyValueSpecification","valueRequired":true,"valueName":"search_term_string"}}],"inLanguage":"fr-FR"},{"@type":"Organization","@id":"https:\/\/technofluid.it\/#organization","name":"Technofluid","url":"https:\/\/technofluid.it\/","logo":{"@type":"ImageObject","inLanguage":"fr-FR","@id":"https:\/\/technofluid.it\/#\/schema\/logo\/image\/","url":"https:\/\/technofluid.it\/wp-content\/uploads\/2025\/12\/technofluid_bianco-logo.webp","contentUrl":"https:\/\/technofluid.it\/wp-content\/uploads\/2025\/12\/technofluid_bianco-logo.webp","width":350,"height":116,"caption":"Technofluid"},"image":{"@id":"https:\/\/technofluid.it\/#\/schema\/logo\/image\/"},"description":"La Technofluid S.r.l. est n\u00e9e en 1999 \u00e0 Barcellona Pozzo di Gotto, dans la province de Messine, avec l'objectif de devenir un point de r\u00e9f\u00e9rence dans le secteur de l'installation navale, hydraulique, civile et industrielle.","email":"info@technofluid.it","telephone":"0907386877","legalName":"Technofluid S.R.L","vatID":"IT03148240835","taxID":"03148240835","ownershipFundingInfo":"https:\/\/technofluid.it\/azienda\/"}]},"product_price_amount":"24.61","product_price_currency":"EUR","og_availability":"instock","product_availability":"instock","product_retailer_item_id":"MAE000001234","product_condition":"new"},"_links":{"self":[{"href":"https:\/\/technofluid.it\/fr\/wp-json\/wp\/v2\/product\/30097","targetHints":{"allow":["GET"]}}],"collection":[{"href":"https:\/\/technofluid.it\/fr\/wp-json\/wp\/v2\/product"}],"about":[{"href":"https:\/\/technofluid.it\/fr\/wp-json\/wp\/v2\/types\/product"}],"replies":[{"embeddable":true,"href":"https:\/\/technofluid.it\/fr\/wp-json\/wp\/v2\/comments?post=30097"}],"version-history":[{"count":0,"href":"https:\/\/technofluid.it\/fr\/wp-json\/wp\/v2\/product\/30097\/revisions"}],"wp:featuredmedia":[{"embeddable":true,"href":"https:\/\/technofluid.it\/fr\/wp-json\/wp\/v2\/media\/39058"}],"wp:attachment":[{"href":"https:\/\/technofluid.it\/fr\/wp-json\/wp\/v2\/media?parent=30097"}],"wp:term":[{"taxonomy":"product_brand","embeddable":true,"href":"https:\/\/technofluid.it\/fr\/wp-json\/wp\/v2\/product_brand?post=30097"},{"taxonomy":"product_cat","embeddable":true,"href":"https:\/\/technofluid.it\/fr\/wp-json\/wp\/v2\/product_cat?post=30097"},{"taxonomy":"product_tag","embeddable":true,"href":"https:\/\/technofluid.it\/fr\/wp-json\/wp\/v2\/product_tag?post=30097"}],"curies":[{"name":"wp","href":"https:\/\/api.w.org\/{rel}","templated":true}]}}