{"id":30038,"date":"2025-10-25T00:01:55","date_gmt":"2025-10-25T00:01:55","guid":{"rendered":"https:\/\/technofluid.it\/prodotto\/girante-50378-rifmercury-47-19453t-codice-1814305-motomarine\/"},"modified":"2026-01-22T17:51:49","modified_gmt":"2026-01-22T17:51:49","slug":"girante-50378-rif-mercury-47-19453t-codice-1814305-motomarine","status":"publish","type":"product","link":"https:\/\/technofluid.it\/fr\/produit\/turbine-50378-ref-mercury-47-19453t-code-1814305-motomarine-2\/","title":{"rendered":"Turbine 50378 r\u00e9f. (Mercury 47-19453T) \u2013 code : 1814305 \u2013 Motomarine"},"content":{"rendered":"<p>Impeller 50378 r\u00e9f. (Mercury 47-19453T) \u2013 code : 1814305 \u2013 Motomarine<\/p>","protected":false},"excerpt":{"rendered":"<p>GIRANTE 50378 RIF(MERCURY 47-19453T) &#8211; CODICE: 1814305 &#8211; MOTOMARINE<\/p>","protected":false},"featured_media":38920,"comment_status":"open","ping_status":"closed","template":"","meta":{"_acf_changed":false,"_monsterinsights_skip_tracking":false,"_monsterinsights_sitenote_active":false,"_monsterinsights_sitenote_note":"","_monsterinsights_sitenote_category":0,"site-sidebar-layout":"default","site-content-layout":"","ast-site-content-layout":"default","site-content-style":"default","site-sidebar-style":"default","ast-global-header-display":"","ast-banner-title-visibility":"","ast-main-header-display":"","ast-hfb-above-header-display":"","ast-hfb-below-header-display":"","ast-hfb-mobile-header-display":"","site-post-title":"","ast-breadcrumbs-content":"","ast-featured-img":"","footer-sml-layout":"","ast-disable-related-posts":"","theme-transparent-header-meta":"","adv-header-id-meta":"","stick-header-meta":"","header-above-stick-meta":"","header-main-stick-meta":"","header-below-stick-meta":"","astra-migrate-meta-layouts":"default","ast-page-background-enabled":"default","ast-page-background-meta":{"desktop":{"background-color":"var(--ast-global-color-5)","background-image":"","background-repeat":"repeat","background-position":"center center","background-size":"auto","background-attachment":"scroll","background-type":"","background-media":"","overlay-type":"","overlay-color":"","overlay-opacity":"","overlay-gradient":""},"tablet":{"background-color":"","background-image":"","background-repeat":"repeat","background-position":"center center","background-size":"auto","background-attachment":"scroll","background-type":"","background-media":"","overlay-type":"","overlay-color":"","overlay-opacity":"","overlay-gradient":""},"mobile":{"background-color":"","background-image":"","background-repeat":"repeat","background-position":"center center","background-size":"auto","background-attachment":"scroll","background-type":"","background-media":"","overlay-type":"","overlay-color":"","overlay-opacity":"","overlay-gradient":""}},"ast-content-background-meta":{"desktop":{"background-color":"var(--ast-global-color-4)","background-image":"","background-repeat":"repeat","background-position":"center center","background-size":"auto","background-attachment":"scroll","background-type":"","background-media":"","overlay-type":"","overlay-color":"","overlay-opacity":"","overlay-gradient":""},"tablet":{"background-color":"var(--ast-global-color-4)","background-image":"","background-repeat":"repeat","background-position":"center center","background-size":"auto","background-attachment":"scroll","background-type":"","background-media":"","overlay-type":"","overlay-color":"","overlay-opacity":"","overlay-gradient":""},"mobile":{"background-color":"var(--ast-global-color-4)","background-image":"","background-repeat":"repeat","background-position":"center center","background-size":"auto","background-attachment":"scroll","background-type":"","background-media":"","overlay-type":"","overlay-color":"","overlay-opacity":"","overlay-gradient":""}}},"product_brand":[],"product_cat":[179,180],"product_tag":[5295],"class_list":{"0":"post-30038","1":"product","2":"type-product","3":"status-publish","4":"has-post-thumbnail","6":"product_cat-motori-e-ricambi","7":"product_cat-ricambi-fuori-bordo-e-motori","8":"product_tag-girante-50378-rifmercury-47-194","9":"pa_supplier-motomarine-s-r-l","10":"desktop-align-left","11":"tablet-align-left","12":"mobile-align-left","14":"first","15":"instock","16":"taxable","17":"shipping-taxable","18":"purchasable","19":"product-type-simple"},"acf":[],"yoast_head":"<!-- This site is optimized with the Yoast SEO Premium plugin v26.7 (Yoast SEO v26.9) - https:\/\/yoast.com\/product\/yoast-seo-premium-wordpress\/ -->\n<title>Girante Mercury 50378 - Ricambio Originale Motomarine<\/title>\n<meta name=\"description\" content=\"Acquista la girante Mercury 50378 originale su Motomarine. Qualit\u00e0 garantita e codice 1814305. Scopri di pi\u00f9 e ordina subito!\" \/>\n<meta name=\"robots\" content=\"index, follow, max-snippet:-1, max-image-preview:large, max-video-preview:-1\" \/>\n<link rel=\"canonical\" href=\"https:\/\/technofluid.it\/fr\/produit\/turbine-50378-ref-mercury-47-19453t-code-1814305-motomarine-2\/\" \/>\n<meta property=\"og:locale\" content=\"fr_FR\" \/>\n<meta property=\"og:type\" content=\"article\" \/>\n<meta property=\"og:title\" content=\"Girante 50378 rif. (Mercury 47-19453T) &ndash; codice: 1814305 &ndash; Motomarine\" \/>\n<meta property=\"og:description\" content=\"Acquista la girante Mercury 50378 originale su Motomarine. Qualit\u00e0 garantita e codice 1814305. Scopri di pi\u00f9 e ordina subito!\" \/>\n<meta property=\"og:url\" content=\"https:\/\/technofluid.it\/fr\/produit\/turbine-50378-ref-mercury-47-19453t-code-1814305-motomarine-2\/\" \/>\n<meta property=\"og:site_name\" content=\"Technofluid\" \/>\n<meta property=\"article:modified_time\" content=\"2026-01-22T17:51:49+00:00\" \/>\n<meta property=\"og:image\" content=\"https:\/\/technofluid.it\/wp-content\/uploads\/2026\/01\/1774-Girante-50378-rif.-Mercury-47-19453T-codice-1814305-Motomarine.jpg\" \/>\n\t<meta property=\"og:image:width\" content=\"900\" \/>\n\t<meta property=\"og:image:height\" content=\"648\" \/>\n\t<meta property=\"og:image:type\" content=\"image\/jpeg\" \/>\n<meta name=\"twitter:card\" content=\"summary_large_image\" \/>\n<meta name=\"twitter:label1\" content=\"Prix\" \/>\n\t<meta name=\"twitter:data1\" content=\"13,93&nbsp;&euro; Iva esclusa\" \/>\n\t<meta name=\"twitter:label2\" content=\"Disponibilit\u00e9\" \/>\n\t<meta name=\"twitter:data2\" content=\"En stock\" \/>\n<script type=\"application\/ld+json\" class=\"yoast-schema-graph\">{\"@context\":\"https:\/\/schema.org\",\"@graph\":[{\"@type\":\"WebPage\",\"@id\":\"https:\/\/technofluid.it\/prodotto\/girante-50378-rif-mercury-47-19453t-codice-1814305-motomarine\/\",\"url\":\"https:\/\/technofluid.it\/prodotto\/girante-50378-rif-mercury-47-19453t-codice-1814305-motomarine\/\",\"name\":\"Girante Mercury 50378 - Ricambio Originale Motomarine\",\"isPartOf\":{\"@id\":\"https:\/\/technofluid.it\/#website\"},\"primaryImageOfPage\":{\"@id\":\"https:\/\/technofluid.it\/prodotto\/girante-50378-rif-mercury-47-19453t-codice-1814305-motomarine\/#primaryimage\"},\"image\":{\"@id\":\"https:\/\/technofluid.it\/prodotto\/girante-50378-rif-mercury-47-19453t-codice-1814305-motomarine\/#primaryimage\"},\"thumbnailUrl\":\"https:\/\/technofluid.it\/wp-content\/uploads\/2026\/01\/1774-Girante-50378-rif.-Mercury-47-19453T-codice-1814305-Motomarine.jpg\",\"datePublished\":\"2025-10-25T00:01:55+00:00\",\"dateModified\":\"2026-01-22T17:51:49+00:00\",\"description\":\"Acquista la girante Mercury 50378 originale su Motomarine. Qualit\u00e0 garantita e codice 1814305. Scopri di pi\u00f9 e ordina subito!\",\"breadcrumb\":{\"@id\":\"https:\/\/technofluid.it\/prodotto\/girante-50378-rif-mercury-47-19453t-codice-1814305-motomarine\/#breadcrumb\"},\"inLanguage\":\"fr-FR\",\"potentialAction\":[{\"@type\":\"ReadAction\",\"target\":[\"https:\/\/technofluid.it\/prodotto\/girante-50378-rif-mercury-47-19453t-codice-1814305-motomarine\/\"]}]},{\"@type\":\"ImageObject\",\"inLanguage\":\"fr-FR\",\"@id\":\"https:\/\/technofluid.it\/prodotto\/girante-50378-rif-mercury-47-19453t-codice-1814305-motomarine\/#primaryimage\",\"url\":\"https:\/\/technofluid.it\/wp-content\/uploads\/2026\/01\/1774-Girante-50378-rif.-Mercury-47-19453T-codice-1814305-Motomarine.jpg\",\"contentUrl\":\"https:\/\/technofluid.it\/wp-content\/uploads\/2026\/01\/1774-Girante-50378-rif.-Mercury-47-19453T-codice-1814305-Motomarine.jpg\",\"width\":900,\"height\":648,\"caption\":\"Puleggia girante Mercury 47-19453T, sostituisce Sierra 18-8900, ideale per motori Mercury 2T.\"},{\"@type\":\"BreadcrumbList\",\"@id\":\"https:\/\/technofluid.it\/prodotto\/girante-50378-rif-mercury-47-19453t-codice-1814305-motomarine\/#breadcrumb\",\"itemListElement\":[{\"@type\":\"ListItem\",\"position\":1,\"name\":\"Home\",\"item\":\"https:\/\/technofluid.it\/\"},{\"@type\":\"ListItem\",\"position\":2,\"name\":\"Shop\",\"item\":\"https:\/\/technofluid.it\/shop\/\"},{\"@type\":\"ListItem\",\"position\":3,\"name\":\"Girante 50378 rif. (Mercury 47-19453T) &ndash; codice: 1814305 &ndash; Motomarine\"}]},{\"@type\":\"WebSite\",\"@id\":\"https:\/\/technofluid.it\/#website\",\"url\":\"https:\/\/technofluid.it\/\",\"name\":\"Technofluid S.R.L.\",\"description\":\"Dal 1999 siamo specializzati nell&#039;impiantistica navale, idraulica, civile e industriale\",\"publisher\":{\"@id\":\"https:\/\/technofluid.it\/#organization\"},\"potentialAction\":[{\"@type\":\"SearchAction\",\"target\":{\"@type\":\"EntryPoint\",\"urlTemplate\":\"https:\/\/technofluid.it\/?s={search_term_string}\"},\"query-input\":{\"@type\":\"PropertyValueSpecification\",\"valueRequired\":true,\"valueName\":\"search_term_string\"}}],\"inLanguage\":\"fr-FR\"},{\"@type\":\"Organization\",\"@id\":\"https:\/\/technofluid.it\/#organization\",\"name\":\"Technofluid\",\"url\":\"https:\/\/technofluid.it\/\",\"logo\":{\"@type\":\"ImageObject\",\"inLanguage\":\"fr-FR\",\"@id\":\"https:\/\/technofluid.it\/#\/schema\/logo\/image\/\",\"url\":\"https:\/\/technofluid.it\/wp-content\/uploads\/2025\/12\/technofluid_bianco-logo.webp\",\"contentUrl\":\"https:\/\/technofluid.it\/wp-content\/uploads\/2025\/12\/technofluid_bianco-logo.webp\",\"width\":350,\"height\":116,\"caption\":\"Technofluid\"},\"image\":{\"@id\":\"https:\/\/technofluid.it\/#\/schema\/logo\/image\/\"},\"description\":\"La Technofluid S.r.l. nasce nel 1999 a Barcellona Pozzo di Gotto, in provincia di Messina, con l\u2019obiettivo di diventare un punto di riferimento nel settore dell\u2019impiantistica navale, idraulica, civile e industriale.\",\"email\":\"info@technofluid.it\",\"telephone\":\"0907386877\",\"legalName\":\"Technofluid S.R.L\",\"vatID\":\"IT03148240835\",\"taxID\":\"03148240835\",\"ownershipFundingInfo\":\"https:\/\/technofluid.it\/azienda\/\"}]}<\/script>\n<meta property=\"product:price:amount\" content=\"13.93\" \/>\n<meta property=\"product:price:currency\" content=\"EUR\" \/>\n<meta property=\"og:availability\" content=\"instock\" \/>\n<meta property=\"product:availability\" content=\"instock\" \/>\n<meta property=\"product:retailer_item_id\" content=\"MOTO00000057\" \/>\n<meta property=\"product:condition\" content=\"new\" \/>\n<!-- \/ Yoast SEO Premium plugin. -->","yoast_head_json":{"title":"Turbine Mercury 50378 - Pi\u00e8ce d'origine Motomarine","description":"Achetez l'h\u00e9lice Mercury 50378 originale sur Motomarine. Qualit\u00e9 garantie et code 1814305. D\u00e9couvrez-en plus et commandez d\u00e8s maintenant !","robots":{"index":"index","follow":"follow","max-snippet":"max-snippet:-1","max-image-preview":"max-image-preview:large","max-video-preview":"max-video-preview:-1"},"canonical":"https:\/\/technofluid.it\/fr\/produit\/turbine-50378-ref-mercury-47-19453t-code-1814305-motomarine-2\/","og_locale":"fr_FR","og_type":"article","og_title":"Girante 50378 rif. (Mercury 47-19453T) &ndash; codice: 1814305 &ndash; Motomarine","og_description":"Acquista la girante Mercury 50378 originale su Motomarine. Qualit\u00e0 garantita e codice 1814305. Scopri di pi\u00f9 e ordina subito!","og_url":"https:\/\/technofluid.it\/fr\/produit\/turbine-50378-ref-mercury-47-19453t-code-1814305-motomarine-2\/","og_site_name":"Technofluid","article_modified_time":"2026-01-22T17:51:49+00:00","og_image":[{"width":900,"height":648,"url":"https:\/\/technofluid.it\/wp-content\/uploads\/2026\/01\/1774-Girante-50378-rif.-Mercury-47-19453T-codice-1814305-Motomarine.jpg","type":"image\/jpeg"}],"twitter_card":"summary_large_image","twitter_misc":{"Prix":"13,93&nbsp;&euro; Iva esclusa","Disponibilit\u00e9":"En stock"},"schema":{"@context":"https:\/\/schema.org","@graph":[{"@type":"WebPage","@id":"https:\/\/technofluid.it\/prodotto\/girante-50378-rif-mercury-47-19453t-codice-1814305-motomarine\/","url":"https:\/\/technofluid.it\/prodotto\/girante-50378-rif-mercury-47-19453t-codice-1814305-motomarine\/","name":"Turbine Mercury 50378 - Pi\u00e8ce d'origine Motomarine","isPartOf":{"@id":"https:\/\/technofluid.it\/#website"},"primaryImageOfPage":{"@id":"https:\/\/technofluid.it\/prodotto\/girante-50378-rif-mercury-47-19453t-codice-1814305-motomarine\/#primaryimage"},"image":{"@id":"https:\/\/technofluid.it\/prodotto\/girante-50378-rif-mercury-47-19453t-codice-1814305-motomarine\/#primaryimage"},"thumbnailUrl":"https:\/\/technofluid.it\/wp-content\/uploads\/2026\/01\/1774-Girante-50378-rif.-Mercury-47-19453T-codice-1814305-Motomarine.jpg","datePublished":"2025-10-25T00:01:55+00:00","dateModified":"2026-01-22T17:51:49+00:00","description":"Achetez l'h\u00e9lice Mercury 50378 originale sur Motomarine. Qualit\u00e9 garantie et code 1814305. D\u00e9couvrez-en plus et commandez d\u00e8s maintenant !","breadcrumb":{"@id":"https:\/\/technofluid.it\/prodotto\/girante-50378-rif-mercury-47-19453t-codice-1814305-motomarine\/#breadcrumb"},"inLanguage":"fr-FR","potentialAction":[{"@type":"ReadAction","target":["https:\/\/technofluid.it\/prodotto\/girante-50378-rif-mercury-47-19453t-codice-1814305-motomarine\/"]}]},{"@type":"ImageObject","inLanguage":"fr-FR","@id":"https:\/\/technofluid.it\/prodotto\/girante-50378-rif-mercury-47-19453t-codice-1814305-motomarine\/#primaryimage","url":"https:\/\/technofluid.it\/wp-content\/uploads\/2026\/01\/1774-Girante-50378-rif.-Mercury-47-19453T-codice-1814305-Motomarine.jpg","contentUrl":"https:\/\/technofluid.it\/wp-content\/uploads\/2026\/01\/1774-Girante-50378-rif.-Mercury-47-19453T-codice-1814305-Motomarine.jpg","width":900,"height":648,"caption":"Puleggia girante Mercury 47-19453T, sostituisce Sierra 18-8900, ideale per motori Mercury 2T."},{"@type":"BreadcrumbList","@id":"https:\/\/technofluid.it\/prodotto\/girante-50378-rif-mercury-47-19453t-codice-1814305-motomarine\/#breadcrumb","itemListElement":[{"@type":"ListItem","position":1,"name":"Home","item":"https:\/\/technofluid.it\/"},{"@type":"ListItem","position":2,"name":"Shop","item":"https:\/\/technofluid.it\/shop\/"},{"@type":"ListItem","position":3,"name":"Girante 50378 rif. (Mercury 47-19453T) &ndash; codice: 1814305 &ndash; Motomarine"}]},{"@type":"WebSite","@id":"https:\/\/technofluid.it\/#website","url":"https:\/\/technofluid.it\/","name":"Technofluid S.R.L.","description":"Depuis 1999, nous sommes sp\u00e9cialis\u00e9s dans les installations marines, de plomberie, civiles et industrielles.","publisher":{"@id":"https:\/\/technofluid.it\/#organization"},"potentialAction":[{"@type":"SearchAction","target":{"@type":"EntryPoint","urlTemplate":"https:\/\/technofluid.it\/?s={search_term_string}"},"query-input":{"@type":"PropertyValueSpecification","valueRequired":true,"valueName":"search_term_string"}}],"inLanguage":"fr-FR"},{"@type":"Organization","@id":"https:\/\/technofluid.it\/#organization","name":"Technofluid","url":"https:\/\/technofluid.it\/","logo":{"@type":"ImageObject","inLanguage":"fr-FR","@id":"https:\/\/technofluid.it\/#\/schema\/logo\/image\/","url":"https:\/\/technofluid.it\/wp-content\/uploads\/2025\/12\/technofluid_bianco-logo.webp","contentUrl":"https:\/\/technofluid.it\/wp-content\/uploads\/2025\/12\/technofluid_bianco-logo.webp","width":350,"height":116,"caption":"Technofluid"},"image":{"@id":"https:\/\/technofluid.it\/#\/schema\/logo\/image\/"},"description":"La Technofluid S.r.l. est n\u00e9e en 1999 \u00e0 Barcellona Pozzo di Gotto, dans la province de Messine, avec l'objectif de devenir un point de r\u00e9f\u00e9rence dans le secteur de l'installation navale, hydraulique, civile et industrielle.","email":"info@technofluid.it","telephone":"0907386877","legalName":"Technofluid S.R.L","vatID":"IT03148240835","taxID":"03148240835","ownershipFundingInfo":"https:\/\/technofluid.it\/azienda\/"}]},"product_price_amount":"13.93","product_price_currency":"EUR","og_availability":"instock","product_availability":"instock","product_retailer_item_id":"MOTO00000057","product_condition":"new"},"_links":{"self":[{"href":"https:\/\/technofluid.it\/fr\/wp-json\/wp\/v2\/product\/30038","targetHints":{"allow":["GET"]}}],"collection":[{"href":"https:\/\/technofluid.it\/fr\/wp-json\/wp\/v2\/product"}],"about":[{"href":"https:\/\/technofluid.it\/fr\/wp-json\/wp\/v2\/types\/product"}],"replies":[{"embeddable":true,"href":"https:\/\/technofluid.it\/fr\/wp-json\/wp\/v2\/comments?post=30038"}],"version-history":[{"count":0,"href":"https:\/\/technofluid.it\/fr\/wp-json\/wp\/v2\/product\/30038\/revisions"}],"wp:featuredmedia":[{"embeddable":true,"href":"https:\/\/technofluid.it\/fr\/wp-json\/wp\/v2\/media\/38920"}],"wp:attachment":[{"href":"https:\/\/technofluid.it\/fr\/wp-json\/wp\/v2\/media?parent=30038"}],"wp:term":[{"taxonomy":"product_brand","embeddable":true,"href":"https:\/\/technofluid.it\/fr\/wp-json\/wp\/v2\/product_brand?post=30038"},{"taxonomy":"product_cat","embeddable":true,"href":"https:\/\/technofluid.it\/fr\/wp-json\/wp\/v2\/product_cat?post=30038"},{"taxonomy":"product_tag","embeddable":true,"href":"https:\/\/technofluid.it\/fr\/wp-json\/wp\/v2\/product_tag?post=30038"}],"curies":[{"name":"wp","href":"https:\/\/api.w.org\/{rel}","templated":true}]}}